{"id":104445,"date":"2026-02-09T06:13:33","date_gmt":"2026-02-09T05:13:33","guid":{"rendered":"https:\/\/truusk.store\/product\/papperskorg-30l-trampkorg-med-lock-fotpedal-inre-hink-mjukstangningsfunktion-36-x-30-x-635-cm-svart\/"},"modified":"2026-03-12T08:53:26","modified_gmt":"2026-03-12T07:53:26","slug":"truusk-papperskorg-30l-trampkorg-med-lock-fotpedal-inre-hink-mjukstangningsfunktion-36-x-30-x-635-cm-svart","status":"publish","type":"product","link":"https:\/\/truusk.store\/sv\/produkt\/truusk-papperskorg-30l-trampkorg-med-lock-fotpedal-inre-hink-mjukstangningsfunktion-36-x-30-x-635-cm-svart\/","title":{"rendered":"TRUUSK Papperskorg 30L &#8211; Trampkorg med lock &#8211; Fotpedal &#8211; Inre hink &#8211; Mjukst\u00e4ngningsfunktion &#8211; 36 x 30 x 63,5 cm &#8211; Svart"},"content":{"rendered":"<p>Uppt\u00e4ck [BRAND NAME] soptunna: kompakt, 30 liter volym, perfekt f\u00f6r alla rum. Tyst anv\u00e4ndning tack vare mjukt st\u00e4ngande lock, handsfree anv\u00e4ndning genom pedal. Avtagbar innerbeh\u00e5llare och \u00f6ppet lock underl\u00e4ttar reng\u00f6ring och byte av sopp\u00e5sar. Fingeravtrycksresistent yta h\u00e5ller pedalsoptunnan ren och elegant. Idealisk f\u00f6r k\u00f6k, kontor eller badrum.<\/p>\n<p>Beskrivning:<\/p>\n<ul>\n<li> 30-liters kapacitet, kompakt f\u00f6r k\u00f6k, kontor, studierum, sovrum och mer<\/li>\n<li> Mjukt st\u00e4ngande och stopp-\u00f6ppet lock, praktiskt i bruk<\/li>\n<li> Praktisk pedal f\u00f6r handsfree anv\u00e4ndning<\/li>\n<li> Inga permanenta fingeravtryck p\u00e5 metall ytan<\/li>\n<li> Avtagbar innerbeh\u00e5llare f\u00f6r enkel reng\u00f6ring<\/li>\n<li> Beh\u00e5llaren med ett h\u00e5l f\u00f6r att f\u00e4sta sopp\u00e5sen<\/li>\n<li> Stilfull design som kompletterar alla heminredningar<\/li>\n<li> Ingen montering kr\u00e4vs<\/li>\n<\/ul>\n<p> Tekniska specifikationer:<\/p>\n<ul>\n<li> F\u00e4rg: Svart<\/li>\n<li> Material: Metall, plast<\/li>\n<li> Totala dimensioner: 36L x 30B x 63,5H cm<\/li>\n<li> Volym: 30 L<\/li>\n<\/ul>\n<p>Leverans inneh\u00e5ller:<\/p>\n<ul>\n<li> 1 x K\u00f6kssopkorg<\/li>\n<li> 1 x Bruksanvisning<\/li>\n<\/ul>\n","protected":false},"excerpt":{"rendered":"<p>Uppt\u00e4ck [BRAND NAME] soptunna: kompakt, 30 liter volym, perfekt f\u00f6r alla rum. Tyst anv\u00e4ndning tack vare mjukt st\u00e4ngande lock, handsfree&#8230;<\/p>\n","protected":false},"featured_media":104436,"template":"","meta":[],"product_brand":[],"product_cat":[867,686,869],"product_tag":[],"class_list":{"0":"post-104445","1":"product","2":"type-product","3":"status-publish","4":"has-post-thumbnail","6":"product_cat-byggmarknad","7":"product_cat-papperskorg","8":"product_cat-rengoring-ordning","10":"first","11":"instock","12":"sale","13":"taxable","14":"shipping-taxable","15":"purchasable","16":"product-type-simple"},"yoast_head":"<!-- This site is optimized with the Yoast SEO plugin v25.4 - https:\/\/yoast.com\/wordpress\/plugins\/seo\/ -->\n<title>TRUUSK Papperskorg 30L - Trampkorg med lock - Fotpedal - Inre hink - Mjukst\u00e4ngningsfunktion - 36 x 30 x 63,5 cm - Svart - TRUUSK - Hem, Tr\u00e4dg\u00e5rd &amp; Fritid<\/title>\n<meta name=\"robots\" content=\"index, follow, max-snippet:-1, max-image-preview:large, max-video-preview:-1\" \/>\n<link rel=\"canonical\" href=\"https:\/\/truusk.store\/sv\/produkt\/truusk-papperskorg-30l-trampkorg-med-lock-fotpedal-inre-hink-mjukstangningsfunktion-36-x-30-x-635-cm-svart\/\" \/>\n<meta property=\"og:locale\" content=\"sv_SE\" \/>\n<meta property=\"og:type\" content=\"article\" \/>\n<meta property=\"og:title\" content=\"TRUUSK Papperskorg 30L - Trampkorg med lock - Fotpedal - Inre hink - Mjukst\u00e4ngningsfunktion - 36 x 30 x 63,5 cm - Svart - TRUUSK - Hem, Tr\u00e4dg\u00e5rd &amp; Fritid\" \/>\n<meta property=\"og:description\" content=\"Uppt\u00e4ck [BRAND NAME] soptunna: kompakt, 30 liter volym, perfekt f\u00f6r alla rum. Tyst anv\u00e4ndning tack vare mjukt st\u00e4ngande lock, handsfree...\" \/>\n<meta property=\"og:url\" content=\"https:\/\/truusk.store\/sv\/produkt\/truusk-papperskorg-30l-trampkorg-med-lock-fotpedal-inre-hink-mjukstangningsfunktion-36-x-30-x-635-cm-svart\/\" \/>\n<meta property=\"og:site_name\" content=\"TRUUSK - Hem, Tr\u00e4dg\u00e5rd &amp; Fritid\" \/>\n<meta property=\"article:modified_time\" content=\"2026-03-12T07:53:26+00:00\" \/>\n<meta property=\"og:image\" content=\"https:\/\/i0.wp.com\/truusk.se\/wp-content\/uploads\/2026\/02\/papperskorg-30l-trampkorg-med-lock-fotpedal-inre-hink-mjukstangningsfunktion-36-x-30-x-635-cm-svart-1.webp?fit=2000%2C2000&ssl=1\" \/>\n\t<meta property=\"og:image:width\" content=\"2000\" \/>\n\t<meta property=\"og:image:height\" content=\"2000\" \/>\n\t<meta property=\"og:image:type\" content=\"image\/webp\" \/>\n<meta name=\"twitter:card\" content=\"summary_large_image\" \/>\n<meta name=\"twitter:label1\" content=\"Ber\u00e4knad l\u00e4stid\" \/>\n\t<meta name=\"twitter:data1\" content=\"1 minut\" \/>\n<!-- \/ Yoast SEO plugin. -->","yoast_head_json":{"title":"TRUUSK Papperskorg 30L - Trampkorg med lock - Fotpedal - Inre hink - Mjukst\u00e4ngningsfunktion - 36 x 30 x 63,5 cm - Svart - TRUUSK - Hem, Tr\u00e4dg\u00e5rd &amp; Fritid","robots":{"index":"index","follow":"follow","max-snippet":"max-snippet:-1","max-image-preview":"max-image-preview:large","max-video-preview":"max-video-preview:-1"},"canonical":"https:\/\/truusk.store\/sv\/produkt\/truusk-papperskorg-30l-trampkorg-med-lock-fotpedal-inre-hink-mjukstangningsfunktion-36-x-30-x-635-cm-svart\/","og_locale":"sv_SE","og_type":"article","og_title":"TRUUSK Papperskorg 30L - Trampkorg med lock - Fotpedal - Inre hink - Mjukst\u00e4ngningsfunktion - 36 x 30 x 63,5 cm - Svart - TRUUSK - Hem, Tr\u00e4dg\u00e5rd &amp; Fritid","og_description":"Uppt\u00e4ck [BRAND NAME] soptunna: kompakt, 30 liter volym, perfekt f\u00f6r alla rum. Tyst anv\u00e4ndning tack vare mjukt st\u00e4ngande lock, handsfree...","og_url":"https:\/\/truusk.store\/sv\/produkt\/truusk-papperskorg-30l-trampkorg-med-lock-fotpedal-inre-hink-mjukstangningsfunktion-36-x-30-x-635-cm-svart\/","og_site_name":"TRUUSK - Hem, Tr\u00e4dg\u00e5rd &amp; Fritid","article_modified_time":"2026-03-12T07:53:26+00:00","og_image":[{"width":2000,"height":2000,"url":"https:\/\/i0.wp.com\/truusk.se\/wp-content\/uploads\/2026\/02\/papperskorg-30l-trampkorg-med-lock-fotpedal-inre-hink-mjukstangningsfunktion-36-x-30-x-635-cm-svart-1.webp?fit=2000%2C2000&ssl=1","type":"image\/webp"}],"twitter_card":"summary_large_image","twitter_misc":{"Ber\u00e4knad l\u00e4stid":"1 minut"},"schema":{"@context":"https:\/\/schema.org","@graph":[{"@type":"WebPage","@id":"https:\/\/truusk.store\/sv\/produkt\/truusk-papperskorg-30l-trampkorg-med-lock-fotpedal-inre-hink-mjukstangningsfunktion-36-x-30-x-635-cm-svart\/","url":"https:\/\/truusk.store\/sv\/produkt\/truusk-papperskorg-30l-trampkorg-med-lock-fotpedal-inre-hink-mjukstangningsfunktion-36-x-30-x-635-cm-svart\/","name":"TRUUSK Papperskorg 30L - Trampkorg med lock - Fotpedal - Inre hink - Mjukst\u00e4ngningsfunktion - 36 x 30 x 63,5 cm - Svart - TRUUSK - Hem, Tr\u00e4dg\u00e5rd &amp; Fritid","isPartOf":{"@id":"https:\/\/truusk.store\/sv\/#website"},"primaryImageOfPage":{"@id":"https:\/\/truusk.store\/sv\/produkt\/truusk-papperskorg-30l-trampkorg-med-lock-fotpedal-inre-hink-mjukstangningsfunktion-36-x-30-x-635-cm-svart\/#primaryimage"},"image":{"@id":"https:\/\/truusk.store\/sv\/produkt\/truusk-papperskorg-30l-trampkorg-med-lock-fotpedal-inre-hink-mjukstangningsfunktion-36-x-30-x-635-cm-svart\/#primaryimage"},"thumbnailUrl":"https:\/\/i0.wp.com\/truusk.store\/wp-content\/uploads\/2026\/02\/papperskorg-30l-trampkorg-med-lock-fotpedal-inre-hink-mjukstangningsfunktion-36-x-30-x-635-cm-svart-1.webp?fit=2000%2C2000&ssl=1","datePublished":"2026-02-09T05:13:33+00:00","dateModified":"2026-03-12T07:53:26+00:00","breadcrumb":{"@id":"https:\/\/truusk.store\/sv\/produkt\/truusk-papperskorg-30l-trampkorg-med-lock-fotpedal-inre-hink-mjukstangningsfunktion-36-x-30-x-635-cm-svart\/#breadcrumb"},"inLanguage":"sv-SE","potentialAction":[{"@type":"ReadAction","target":["https:\/\/truusk.store\/sv\/produkt\/truusk-papperskorg-30l-trampkorg-med-lock-fotpedal-inre-hink-mjukstangningsfunktion-36-x-30-x-635-cm-svart\/"]}]},{"@type":"ImageObject","inLanguage":"sv-SE","@id":"https:\/\/truusk.store\/sv\/produkt\/truusk-papperskorg-30l-trampkorg-med-lock-fotpedal-inre-hink-mjukstangningsfunktion-36-x-30-x-635-cm-svart\/#primaryimage","url":"https:\/\/i0.wp.com\/truusk.store\/wp-content\/uploads\/2026\/02\/papperskorg-30l-trampkorg-med-lock-fotpedal-inre-hink-mjukstangningsfunktion-36-x-30-x-635-cm-svart-1.webp?fit=2000%2C2000&ssl=1","contentUrl":"https:\/\/i0.wp.com\/truusk.store\/wp-content\/uploads\/2026\/02\/papperskorg-30l-trampkorg-med-lock-fotpedal-inre-hink-mjukstangningsfunktion-36-x-30-x-635-cm-svart-1.webp?fit=2000%2C2000&ssl=1","width":2000,"height":2000},{"@type":"BreadcrumbList","@id":"https:\/\/truusk.store\/sv\/produkt\/truusk-papperskorg-30l-trampkorg-med-lock-fotpedal-inre-hink-mjukstangningsfunktion-36-x-30-x-635-cm-svart\/#breadcrumb","itemListElement":[{"@type":"ListItem","position":1,"name":"Home","item":"https:\/\/truusk.store\/sv\/"},{"@type":"ListItem","position":2,"name":"Shop","item":"https:\/\/truusk.store\/shop\/"},{"@type":"ListItem","position":3,"name":"TRUUSK Papperskorg 30L &#8211; Trampkorg med lock &#8211; Fotpedal &#8211; Inre hink &#8211; Mjukst\u00e4ngningsfunktion &#8211; 36 x 30 x 63,5 cm &#8211; Svart"}]},{"@type":"WebSite","@id":"https:\/\/truusk.store\/sv\/#website","url":"https:\/\/truusk.store\/sv\/","name":"TRUUSK - Hem, Tr\u00e4dg\u00e5rd & Fritid","description":"","publisher":{"@id":"https:\/\/truusk.store\/sv\/#organization"},"potentialAction":[{"@type":"SearchAction","target":{"@type":"EntryPoint","urlTemplate":"https:\/\/truusk.store\/sv\/?s={search_term_string}"},"query-input":{"@type":"PropertyValueSpecification","valueRequired":true,"valueName":"search_term_string"}}],"inLanguage":"sv-SE"},{"@type":"Organization","@id":"https:\/\/truusk.store\/sv\/#organization","name":"TRUUSK - Hem, Tr\u00e4dg\u00e5rd & Fritid","url":"https:\/\/truusk.store\/sv\/","logo":{"@type":"ImageObject","inLanguage":"sv-SE","@id":"https:\/\/truusk.store\/sv\/#\/schema\/logo\/image\/","url":"https:\/\/i0.wp.com\/truusk.store\/wp-content\/uploads\/2026\/03\/cropped-TRUUSK.png?fit=2032%2C917&ssl=1","contentUrl":"https:\/\/i0.wp.com\/truusk.store\/wp-content\/uploads\/2026\/03\/cropped-TRUUSK.png?fit=2032%2C917&ssl=1","width":2032,"height":917,"caption":"TRUUSK - Hem, Tr\u00e4dg\u00e5rd & Fritid"},"image":{"@id":"https:\/\/truusk.store\/sv\/#\/schema\/logo\/image\/"}}]}},"jetpack_sharing_enabled":true,"_links":{"self":[{"href":"https:\/\/truusk.store\/sv\/wp-json\/wp\/v2\/product\/104445","targetHints":{"allow":["GET"]}}],"collection":[{"href":"https:\/\/truusk.store\/sv\/wp-json\/wp\/v2\/product"}],"about":[{"href":"https:\/\/truusk.store\/sv\/wp-json\/wp\/v2\/types\/product"}],"wp:featuredmedia":[{"embeddable":true,"href":"https:\/\/truusk.store\/sv\/wp-json\/wp\/v2\/media\/104436"}],"wp:attachment":[{"href":"https:\/\/truusk.store\/sv\/wp-json\/wp\/v2\/media?parent=104445"}],"wp:term":[{"taxonomy":"product_brand","embeddable":true,"href":"https:\/\/truusk.store\/sv\/wp-json\/wp\/v2\/product_brand?post=104445"},{"taxonomy":"product_cat","embeddable":true,"href":"https:\/\/truusk.store\/sv\/wp-json\/wp\/v2\/product_cat?post=104445"},{"taxonomy":"product_tag","embeddable":true,"href":"https:\/\/truusk.store\/sv\/wp-json\/wp\/v2\/product_tag?post=104445"}],"curies":[{"name":"wp","href":"https:\/\/api.w.org\/{rel}","templated":true}]}}