{"id":104456,"date":"2026-02-09T06:14:44","date_gmt":"2026-02-09T05:14:44","guid":{"rendered":"https:\/\/truusk.store\/product\/krabbmatta-for-baby-lekmatta-200x150x05cm-halkfri-krabbfilt-med-halkfri-undersida-med-stadsmotiv-for-barnrum\/"},"modified":"2026-03-12T08:53:31","modified_gmt":"2026-03-12T07:53:31","slug":"truusk-krabbmatta-for-baby-lekmatta-200x150x05cm-halkfri-krabbfilt-med-stadsmotiv-halkfri-undersida-perfekt-for-barnrum","status":"publish","type":"product","link":"https:\/\/truusk.store\/sv\/produkt\/truusk-krabbmatta-for-baby-lekmatta-200x150x05cm-halkfri-krabbfilt-med-stadsmotiv-halkfri-undersida-perfekt-for-barnrum\/","title":{"rendered":"TRUUSK Krabbmatta f\u00f6r Baby &#8211; Lekmatta 200x150x0,5cm &#8211; Halkfri Krabbfilt med Stadsmotiv &#8211; Halkfri Undersida &#8211; Perfekt f\u00f6r Barnrum"},"content":{"rendered":"<p>Speltiden p\u00e5 babygolvmattan kan snabbt bli hal, vilket kan st\u00f6ra fantasin. [BRAND NAME] barnspelmatta l\u00f6ser problemet med dubbel halkskyddad design och erbjuder en stabil spelyta. Dess mjuka textur och det stilfulla gr\u00e5a stadslandskapet passar perfekt till inredningen och skapar ett s\u00e4kert, elegant utrymme f\u00f6r ditt barns kreativitet och din ro.<\/p>\n<p>Beskrivning:<\/p>\n<ul>\n<li> Med ett roligt stadstrafikmotiv f\u00f6r fantasifullt, l\u00e4rorikt spel<\/li>\n<li> Erbjuder en gener\u00f6s spelyta p\u00e5 3 m\u00b2 f\u00f6r aktivt dagligt spel<\/li>\n<li> Dubbelt halkskyddad design med s\u00e4ker yta och halkskyddad undersida f\u00f6r extra s\u00e4kerhet<\/li>\n<li> Tillverkad av h\u00e5llbart 100 % polyester, \u00e4r denna baby-spelmatta mjuk och bekv\u00e4m<\/li>\n<li> F\u00e4rgglad design fr\u00e4mjar kreativitet och tidig inl\u00e4rning<\/li>\n<li> L\u00e4tt att reng\u00f6ra med dammsugare, fl\u00e4ckar vid behov punktvis reng\u00f6ring<\/li>\n<li> Ingen montering kr\u00e4vs<\/li>\n<\/ul>\n<p> Tekniska data:<\/p>\n<ul>\n<li> F\u00e4rg: Gr\u00e5<\/li>\n<li> Material: 100 % Polyester<\/li>\n<li> Totala dimensioner: 200L x 150B x 0,5H cm<\/li>\n<li> T\u00e4ckningsomr\u00e5de: 3 m\u00b2<\/li>\n<\/ul>\n<p>Leveransinneh\u00e5ll:<\/p>\n<ul>\n<li> 1 x Baby-spelmatta<\/li>\n<li> 1 x Instruktioner<\/li>\n<\/ul>\n","protected":false},"excerpt":{"rendered":"<p>Speltiden p\u00e5 babygolvmattan kan snabbt bli hal, vilket kan st\u00f6ra fantasin. [BRAND NAME] barnspelmatta l\u00f6ser problemet med dubbel halkskyddad design&#8230;<\/p>\n","protected":false},"featured_media":104446,"template":"","meta":[],"product_brand":[],"product_cat":[880,918,627],"product_tag":[],"class_list":{"0":"post-104456","1":"product","2":"type-product","3":"status-publish","4":"has-post-thumbnail","6":"product_cat-baby-barn-2","7":"product_cat-leksaker","8":"product_cat-pusselmattor","10":"first","11":"instock","12":"sale","13":"taxable","14":"shipping-taxable","15":"purchasable","16":"product-type-simple"},"yoast_head":"<!-- This site is optimized with the Yoast SEO plugin v25.4 - https:\/\/yoast.com\/wordpress\/plugins\/seo\/ -->\n<title>TRUUSK Krabbmatta f\u00f6r Baby - Lekmatta 200x150x0,5cm - Halkfri Krabbfilt med Stadsmotiv - Halkfri Undersida - Perfekt f\u00f6r Barnrum - TRUUSK - Hem, Tr\u00e4dg\u00e5rd &amp; Fritid<\/title>\n<meta name=\"robots\" content=\"index, follow, max-snippet:-1, max-image-preview:large, max-video-preview:-1\" \/>\n<link rel=\"canonical\" href=\"https:\/\/truusk.store\/sv\/produkt\/truusk-krabbmatta-for-baby-lekmatta-200x150x05cm-halkfri-krabbfilt-med-stadsmotiv-halkfri-undersida-perfekt-for-barnrum\/\" \/>\n<meta property=\"og:locale\" content=\"sv_SE\" \/>\n<meta property=\"og:type\" content=\"article\" \/>\n<meta property=\"og:title\" content=\"TRUUSK Krabbmatta f\u00f6r Baby - Lekmatta 200x150x0,5cm - Halkfri Krabbfilt med Stadsmotiv - Halkfri Undersida - Perfekt f\u00f6r Barnrum - TRUUSK - Hem, Tr\u00e4dg\u00e5rd &amp; Fritid\" \/>\n<meta property=\"og:description\" content=\"Speltiden p\u00e5 babygolvmattan kan snabbt bli hal, vilket kan st\u00f6ra fantasin. [BRAND NAME] barnspelmatta l\u00f6ser problemet med dubbel halkskyddad design...\" \/>\n<meta property=\"og:url\" content=\"https:\/\/truusk.store\/sv\/produkt\/truusk-krabbmatta-for-baby-lekmatta-200x150x05cm-halkfri-krabbfilt-med-stadsmotiv-halkfri-undersida-perfekt-for-barnrum\/\" \/>\n<meta property=\"og:site_name\" content=\"TRUUSK - Hem, Tr\u00e4dg\u00e5rd &amp; Fritid\" \/>\n<meta property=\"article:modified_time\" content=\"2026-03-12T07:53:31+00:00\" \/>\n<meta property=\"og:image\" content=\"https:\/\/i0.wp.com\/truusk.se\/wp-content\/uploads\/2026\/02\/krabbmatta-for-baby-lekmatta-200x150x05cm-halkfri-krabbfilt-med-halkfri-undersida-med-stadsmotiv-for-barnrum-1.webp?fit=2000%2C2000&ssl=1\" \/>\n\t<meta property=\"og:image:width\" content=\"2000\" \/>\n\t<meta property=\"og:image:height\" content=\"2000\" \/>\n\t<meta property=\"og:image:type\" content=\"image\/webp\" \/>\n<meta name=\"twitter:card\" content=\"summary_large_image\" \/>\n<meta name=\"twitter:label1\" content=\"Ber\u00e4knad l\u00e4stid\" \/>\n\t<meta name=\"twitter:data1\" content=\"1 minut\" \/>\n<!-- \/ Yoast SEO plugin. -->","yoast_head_json":{"title":"TRUUSK Krabbmatta f\u00f6r Baby - Lekmatta 200x150x0,5cm - Halkfri Krabbfilt med Stadsmotiv - Halkfri Undersida - Perfekt f\u00f6r Barnrum - TRUUSK - Hem, Tr\u00e4dg\u00e5rd &amp; Fritid","robots":{"index":"index","follow":"follow","max-snippet":"max-snippet:-1","max-image-preview":"max-image-preview:large","max-video-preview":"max-video-preview:-1"},"canonical":"https:\/\/truusk.store\/sv\/produkt\/truusk-krabbmatta-for-baby-lekmatta-200x150x05cm-halkfri-krabbfilt-med-stadsmotiv-halkfri-undersida-perfekt-for-barnrum\/","og_locale":"sv_SE","og_type":"article","og_title":"TRUUSK Krabbmatta f\u00f6r Baby - Lekmatta 200x150x0,5cm - Halkfri Krabbfilt med Stadsmotiv - Halkfri Undersida - Perfekt f\u00f6r Barnrum - TRUUSK - Hem, Tr\u00e4dg\u00e5rd &amp; Fritid","og_description":"Speltiden p\u00e5 babygolvmattan kan snabbt bli hal, vilket kan st\u00f6ra fantasin. [BRAND NAME] barnspelmatta l\u00f6ser problemet med dubbel halkskyddad design...","og_url":"https:\/\/truusk.store\/sv\/produkt\/truusk-krabbmatta-for-baby-lekmatta-200x150x05cm-halkfri-krabbfilt-med-stadsmotiv-halkfri-undersida-perfekt-for-barnrum\/","og_site_name":"TRUUSK - Hem, Tr\u00e4dg\u00e5rd &amp; Fritid","article_modified_time":"2026-03-12T07:53:31+00:00","og_image":[{"width":2000,"height":2000,"url":"https:\/\/i0.wp.com\/truusk.se\/wp-content\/uploads\/2026\/02\/krabbmatta-for-baby-lekmatta-200x150x05cm-halkfri-krabbfilt-med-halkfri-undersida-med-stadsmotiv-for-barnrum-1.webp?fit=2000%2C2000&ssl=1","type":"image\/webp"}],"twitter_card":"summary_large_image","twitter_misc":{"Ber\u00e4knad l\u00e4stid":"1 minut"},"schema":{"@context":"https:\/\/schema.org","@graph":[{"@type":"WebPage","@id":"https:\/\/truusk.store\/sv\/produkt\/truusk-krabbmatta-for-baby-lekmatta-200x150x05cm-halkfri-krabbfilt-med-stadsmotiv-halkfri-undersida-perfekt-for-barnrum\/","url":"https:\/\/truusk.store\/sv\/produkt\/truusk-krabbmatta-for-baby-lekmatta-200x150x05cm-halkfri-krabbfilt-med-stadsmotiv-halkfri-undersida-perfekt-for-barnrum\/","name":"TRUUSK Krabbmatta f\u00f6r Baby - Lekmatta 200x150x0,5cm - Halkfri Krabbfilt med Stadsmotiv - Halkfri Undersida - Perfekt f\u00f6r Barnrum - TRUUSK - Hem, Tr\u00e4dg\u00e5rd &amp; Fritid","isPartOf":{"@id":"https:\/\/truusk.store\/sv\/#website"},"primaryImageOfPage":{"@id":"https:\/\/truusk.store\/sv\/produkt\/truusk-krabbmatta-for-baby-lekmatta-200x150x05cm-halkfri-krabbfilt-med-stadsmotiv-halkfri-undersida-perfekt-for-barnrum\/#primaryimage"},"image":{"@id":"https:\/\/truusk.store\/sv\/produkt\/truusk-krabbmatta-for-baby-lekmatta-200x150x05cm-halkfri-krabbfilt-med-stadsmotiv-halkfri-undersida-perfekt-for-barnrum\/#primaryimage"},"thumbnailUrl":"https:\/\/i0.wp.com\/truusk.store\/wp-content\/uploads\/2026\/02\/krabbmatta-for-baby-lekmatta-200x150x05cm-halkfri-krabbfilt-med-halkfri-undersida-med-stadsmotiv-for-barnrum-1.webp?fit=2000%2C2000&ssl=1","datePublished":"2026-02-09T05:14:44+00:00","dateModified":"2026-03-12T07:53:31+00:00","breadcrumb":{"@id":"https:\/\/truusk.store\/sv\/produkt\/truusk-krabbmatta-for-baby-lekmatta-200x150x05cm-halkfri-krabbfilt-med-stadsmotiv-halkfri-undersida-perfekt-for-barnrum\/#breadcrumb"},"inLanguage":"sv-SE","potentialAction":[{"@type":"ReadAction","target":["https:\/\/truusk.store\/sv\/produkt\/truusk-krabbmatta-for-baby-lekmatta-200x150x05cm-halkfri-krabbfilt-med-stadsmotiv-halkfri-undersida-perfekt-for-barnrum\/"]}]},{"@type":"ImageObject","inLanguage":"sv-SE","@id":"https:\/\/truusk.store\/sv\/produkt\/truusk-krabbmatta-for-baby-lekmatta-200x150x05cm-halkfri-krabbfilt-med-stadsmotiv-halkfri-undersida-perfekt-for-barnrum\/#primaryimage","url":"https:\/\/i0.wp.com\/truusk.store\/wp-content\/uploads\/2026\/02\/krabbmatta-for-baby-lekmatta-200x150x05cm-halkfri-krabbfilt-med-halkfri-undersida-med-stadsmotiv-for-barnrum-1.webp?fit=2000%2C2000&ssl=1","contentUrl":"https:\/\/i0.wp.com\/truusk.store\/wp-content\/uploads\/2026\/02\/krabbmatta-for-baby-lekmatta-200x150x05cm-halkfri-krabbfilt-med-halkfri-undersida-med-stadsmotiv-for-barnrum-1.webp?fit=2000%2C2000&ssl=1","width":2000,"height":2000},{"@type":"BreadcrumbList","@id":"https:\/\/truusk.store\/sv\/produkt\/truusk-krabbmatta-for-baby-lekmatta-200x150x05cm-halkfri-krabbfilt-med-stadsmotiv-halkfri-undersida-perfekt-for-barnrum\/#breadcrumb","itemListElement":[{"@type":"ListItem","position":1,"name":"Home","item":"https:\/\/truusk.store\/sv\/"},{"@type":"ListItem","position":2,"name":"Shop","item":"https:\/\/truusk.store\/shop\/"},{"@type":"ListItem","position":3,"name":"TRUUSK Krabbmatta f\u00f6r Baby &#8211; Lekmatta 200x150x0,5cm &#8211; Halkfri Krabbfilt med Stadsmotiv &#8211; Halkfri Undersida &#8211; Perfekt f\u00f6r Barnrum"}]},{"@type":"WebSite","@id":"https:\/\/truusk.store\/sv\/#website","url":"https:\/\/truusk.store\/sv\/","name":"TRUUSK - Hem, Tr\u00e4dg\u00e5rd & Fritid","description":"","publisher":{"@id":"https:\/\/truusk.store\/sv\/#organization"},"potentialAction":[{"@type":"SearchAction","target":{"@type":"EntryPoint","urlTemplate":"https:\/\/truusk.store\/sv\/?s={search_term_string}"},"query-input":{"@type":"PropertyValueSpecification","valueRequired":true,"valueName":"search_term_string"}}],"inLanguage":"sv-SE"},{"@type":"Organization","@id":"https:\/\/truusk.store\/sv\/#organization","name":"TRUUSK - Hem, Tr\u00e4dg\u00e5rd & Fritid","url":"https:\/\/truusk.store\/sv\/","logo":{"@type":"ImageObject","inLanguage":"sv-SE","@id":"https:\/\/truusk.store\/sv\/#\/schema\/logo\/image\/","url":"https:\/\/i0.wp.com\/truusk.store\/wp-content\/uploads\/2026\/03\/cropped-TRUUSK.png?fit=2032%2C917&ssl=1","contentUrl":"https:\/\/i0.wp.com\/truusk.store\/wp-content\/uploads\/2026\/03\/cropped-TRUUSK.png?fit=2032%2C917&ssl=1","width":2032,"height":917,"caption":"TRUUSK - Hem, Tr\u00e4dg\u00e5rd & Fritid"},"image":{"@id":"https:\/\/truusk.store\/sv\/#\/schema\/logo\/image\/"}}]}},"jetpack_sharing_enabled":true,"_links":{"self":[{"href":"https:\/\/truusk.store\/sv\/wp-json\/wp\/v2\/product\/104456","targetHints":{"allow":["GET"]}}],"collection":[{"href":"https:\/\/truusk.store\/sv\/wp-json\/wp\/v2\/product"}],"about":[{"href":"https:\/\/truusk.store\/sv\/wp-json\/wp\/v2\/types\/product"}],"wp:featuredmedia":[{"embeddable":true,"href":"https:\/\/truusk.store\/sv\/wp-json\/wp\/v2\/media\/104446"}],"wp:attachment":[{"href":"https:\/\/truusk.store\/sv\/wp-json\/wp\/v2\/media?parent=104456"}],"wp:term":[{"taxonomy":"product_brand","embeddable":true,"href":"https:\/\/truusk.store\/sv\/wp-json\/wp\/v2\/product_brand?post=104456"},{"taxonomy":"product_cat","embeddable":true,"href":"https:\/\/truusk.store\/sv\/wp-json\/wp\/v2\/product_cat?post=104456"},{"taxonomy":"product_tag","embeddable":true,"href":"https:\/\/truusk.store\/sv\/wp-json\/wp\/v2\/product_tag?post=104456"}],"curies":[{"name":"wp","href":"https:\/\/api.w.org\/{rel}","templated":true}]}}