{"id":104465,"date":"2026-02-09T06:15:39","date_gmt":"2026-02-09T05:15:39","guid":{"rendered":"https:\/\/truusk.store\/product\/globe-ljusslinga-rgbw-gardinljus-ip44-vattentat-for-inomhus-och-utomhusdekoration\/"},"modified":"2026-03-12T08:53:32","modified_gmt":"2026-03-12T07:53:32","slug":"truusk-rgbw-globe-ljusslinga-ip44-vattentat-for-inomhus-och-utomhusdekoration","status":"publish","type":"product","link":"https:\/\/truusk.store\/sv\/produkt\/truusk-rgbw-globe-ljusslinga-ip44-vattentat-for-inomhus-och-utomhusdekoration\/","title":{"rendered":"TRUUSK RGBW Globe Ljusslinga &#8211; IP44 Vattent\u00e4t &#8211; F\u00f6r Inomhus- Och Utomhusdekoration"},"content":{"rendered":"<p>K\u00e4nns din terrass livl\u00f6s p\u00e5 kv\u00e4llarna? Med [BRAND NAME] LED-ljusslinga skapar du 2700K varmt ljus f\u00f6r lugn eller livliga partyf\u00e4rger med fj\u00e4rrkontroll. Den 16,8 m l\u00e5nga ljusslingan r\u00e4cker till, men kan ocks\u00e5 kopplas samman f\u00f6r att belysa st\u00f6rre omr\u00e5den och skapa den perfekta atmosf\u00e4ren.<\/p>\n<p>Beskrivning:<\/p>\n<ul>\n<li> Njut av livliga RGB-f\u00e4rger och ett separat 2700K varmvitt ljus f\u00f6r varje st\u00e4mning<\/li>\n<li> Anpassa ljuseffekterna med den kraftfulla RF-fj\u00e4rrkontrollen och dess unika redigeringsl\u00e4ge<\/li>\n<li> Denna 16,8 m l\u00e5nga LED-ljusslinga inneh\u00e5ller 15 st\u00f6ts\u00e4kra PC-gl\u00f6dlampor f\u00f6r h\u00f6g h\u00e5llbarhet<\/li>\n<li> IP44-vattent\u00e4thetsklassen g\u00f6r den idealisk f\u00f6r tr\u00e4dg\u00e5rdar, terrasser och utomhusfester<\/li>\n<li> L\u00e4tt att ut\u00f6ka till upp till tv\u00e5 set f\u00f6r n\u00e4stan 30 m kontinuerlig dekoration<\/li>\n<li> St\u00e4ll in en 3- eller 6-timmars timer f\u00f6r partyljusslingan f\u00f6r automatisk avst\u00e4ngning och bekv\u00e4m anv\u00e4ndning<\/li>\n<li> Ingen montering kr\u00e4vs<\/li>\n<\/ul>\n<p> Tekniska data:<\/p>\n<ul>\n<li> F\u00e4rg: Svart+Transparent<\/li>\n<li> Ljusf\u00e4rg: RGB+Varmvit (2700K)<\/li>\n<li> Material: Plast+PC<\/li>\n<li> Totala dimensioner: 1680L x 4,5B x 9,1H cm<\/li>\n<li> Kontrollmetod: RF 433 fj\u00e4rrkontroll<\/li>\n<li> Sp\u00e4nning: 100-240V AC 50\/60Hz<\/li>\n<li> Maximal effekt: 15W<\/li>\n<li> Certifiering: F<\/li>\n<li> Batteri: 1 x CR2032\/CR2025 3V knappcell (ing\u00e5r ej)<\/li>\n<\/ul>\n<p>Leveransinneh\u00e5ll:<\/p>\n<ul>\n<li> 1 x Ljusslinga<\/li>\n<li> 1 x Fj\u00e4rrkontroll<\/li>\n<li> 1 x Bruksanvisning<\/li>\n<\/ul>\n","protected":false},"excerpt":{"rendered":"<p>K\u00e4nns din terrass livl\u00f6s p\u00e5 kv\u00e4llarna? Med [BRAND NAME] LED-ljusslinga skapar du 2700K varmt ljus f\u00f6r lugn eller livliga partyf\u00e4rger&#8230;<\/p>\n","protected":false},"featured_media":104455,"template":"","meta":[],"product_brand":[],"product_cat":[486,871],"product_tag":[],"class_list":{"0":"post-104465","1":"product","2":"type-product","3":"status-publish","4":"has-post-thumbnail","6":"product_cat-belysning","7":"product_cat-hus-hem","9":"first","10":"instock","11":"sale","12":"taxable","13":"shipping-taxable","14":"purchasable","15":"product-type-simple"},"yoast_head":"<!-- This site is optimized with the Yoast SEO plugin v25.4 - https:\/\/yoast.com\/wordpress\/plugins\/seo\/ -->\n<title>TRUUSK RGBW Globe Ljusslinga - IP44 Vattent\u00e4t - F\u00f6r Inomhus- Och Utomhusdekoration - TRUUSK - Hem, Tr\u00e4dg\u00e5rd &amp; Fritid<\/title>\n<meta name=\"robots\" content=\"index, follow, max-snippet:-1, max-image-preview:large, max-video-preview:-1\" \/>\n<link rel=\"canonical\" href=\"https:\/\/truusk.store\/sv\/produkt\/truusk-rgbw-globe-ljusslinga-ip44-vattentat-for-inomhus-och-utomhusdekoration\/\" \/>\n<meta property=\"og:locale\" content=\"sv_SE\" \/>\n<meta property=\"og:type\" content=\"article\" \/>\n<meta property=\"og:title\" content=\"TRUUSK RGBW Globe Ljusslinga - IP44 Vattent\u00e4t - F\u00f6r Inomhus- Och Utomhusdekoration - TRUUSK - Hem, Tr\u00e4dg\u00e5rd &amp; Fritid\" \/>\n<meta property=\"og:description\" content=\"K\u00e4nns din terrass livl\u00f6s p\u00e5 kv\u00e4llarna? Med [BRAND NAME] LED-ljusslinga skapar du 2700K varmt ljus f\u00f6r lugn eller livliga partyf\u00e4rger...\" \/>\n<meta property=\"og:url\" content=\"https:\/\/truusk.store\/sv\/produkt\/truusk-rgbw-globe-ljusslinga-ip44-vattentat-for-inomhus-och-utomhusdekoration\/\" \/>\n<meta property=\"og:site_name\" content=\"TRUUSK - Hem, Tr\u00e4dg\u00e5rd &amp; Fritid\" \/>\n<meta property=\"article:modified_time\" content=\"2026-03-12T07:53:32+00:00\" \/>\n<meta property=\"og:image\" content=\"https:\/\/i0.wp.com\/truusk.se\/wp-content\/uploads\/2026\/02\/globe-ljusslinga-rgbw-gardinljus-ip44-vattentat-for-inomhus-och-utomhusdekoration-1.webp?fit=2000%2C2000&ssl=1\" \/>\n\t<meta property=\"og:image:width\" content=\"2000\" \/>\n\t<meta property=\"og:image:height\" content=\"2000\" \/>\n\t<meta property=\"og:image:type\" content=\"image\/webp\" \/>\n<meta name=\"twitter:card\" content=\"summary_large_image\" \/>\n<meta name=\"twitter:label1\" content=\"Ber\u00e4knad l\u00e4stid\" \/>\n\t<meta name=\"twitter:data1\" content=\"1 minut\" \/>\n<!-- \/ Yoast SEO plugin. -->","yoast_head_json":{"title":"TRUUSK RGBW Globe Ljusslinga - IP44 Vattent\u00e4t - F\u00f6r Inomhus- Och Utomhusdekoration - TRUUSK - Hem, Tr\u00e4dg\u00e5rd &amp; Fritid","robots":{"index":"index","follow":"follow","max-snippet":"max-snippet:-1","max-image-preview":"max-image-preview:large","max-video-preview":"max-video-preview:-1"},"canonical":"https:\/\/truusk.store\/sv\/produkt\/truusk-rgbw-globe-ljusslinga-ip44-vattentat-for-inomhus-och-utomhusdekoration\/","og_locale":"sv_SE","og_type":"article","og_title":"TRUUSK RGBW Globe Ljusslinga - IP44 Vattent\u00e4t - F\u00f6r Inomhus- Och Utomhusdekoration - TRUUSK - Hem, Tr\u00e4dg\u00e5rd &amp; Fritid","og_description":"K\u00e4nns din terrass livl\u00f6s p\u00e5 kv\u00e4llarna? Med [BRAND NAME] LED-ljusslinga skapar du 2700K varmt ljus f\u00f6r lugn eller livliga partyf\u00e4rger...","og_url":"https:\/\/truusk.store\/sv\/produkt\/truusk-rgbw-globe-ljusslinga-ip44-vattentat-for-inomhus-och-utomhusdekoration\/","og_site_name":"TRUUSK - Hem, Tr\u00e4dg\u00e5rd &amp; Fritid","article_modified_time":"2026-03-12T07:53:32+00:00","og_image":[{"width":2000,"height":2000,"url":"https:\/\/i0.wp.com\/truusk.se\/wp-content\/uploads\/2026\/02\/globe-ljusslinga-rgbw-gardinljus-ip44-vattentat-for-inomhus-och-utomhusdekoration-1.webp?fit=2000%2C2000&ssl=1","type":"image\/webp"}],"twitter_card":"summary_large_image","twitter_misc":{"Ber\u00e4knad l\u00e4stid":"1 minut"},"schema":{"@context":"https:\/\/schema.org","@graph":[{"@type":"WebPage","@id":"https:\/\/truusk.store\/sv\/produkt\/truusk-rgbw-globe-ljusslinga-ip44-vattentat-for-inomhus-och-utomhusdekoration\/","url":"https:\/\/truusk.store\/sv\/produkt\/truusk-rgbw-globe-ljusslinga-ip44-vattentat-for-inomhus-och-utomhusdekoration\/","name":"TRUUSK RGBW Globe Ljusslinga - IP44 Vattent\u00e4t - F\u00f6r Inomhus- Och Utomhusdekoration - TRUUSK - Hem, Tr\u00e4dg\u00e5rd &amp; Fritid","isPartOf":{"@id":"https:\/\/truusk.store\/sv\/#website"},"primaryImageOfPage":{"@id":"https:\/\/truusk.store\/sv\/produkt\/truusk-rgbw-globe-ljusslinga-ip44-vattentat-for-inomhus-och-utomhusdekoration\/#primaryimage"},"image":{"@id":"https:\/\/truusk.store\/sv\/produkt\/truusk-rgbw-globe-ljusslinga-ip44-vattentat-for-inomhus-och-utomhusdekoration\/#primaryimage"},"thumbnailUrl":"https:\/\/i0.wp.com\/truusk.store\/wp-content\/uploads\/2026\/02\/globe-ljusslinga-rgbw-gardinljus-ip44-vattentat-for-inomhus-och-utomhusdekoration-1.webp?fit=2000%2C2000&ssl=1","datePublished":"2026-02-09T05:15:39+00:00","dateModified":"2026-03-12T07:53:32+00:00","breadcrumb":{"@id":"https:\/\/truusk.store\/sv\/produkt\/truusk-rgbw-globe-ljusslinga-ip44-vattentat-for-inomhus-och-utomhusdekoration\/#breadcrumb"},"inLanguage":"sv-SE","potentialAction":[{"@type":"ReadAction","target":["https:\/\/truusk.store\/sv\/produkt\/truusk-rgbw-globe-ljusslinga-ip44-vattentat-for-inomhus-och-utomhusdekoration\/"]}]},{"@type":"ImageObject","inLanguage":"sv-SE","@id":"https:\/\/truusk.store\/sv\/produkt\/truusk-rgbw-globe-ljusslinga-ip44-vattentat-for-inomhus-och-utomhusdekoration\/#primaryimage","url":"https:\/\/i0.wp.com\/truusk.store\/wp-content\/uploads\/2026\/02\/globe-ljusslinga-rgbw-gardinljus-ip44-vattentat-for-inomhus-och-utomhusdekoration-1.webp?fit=2000%2C2000&ssl=1","contentUrl":"https:\/\/i0.wp.com\/truusk.store\/wp-content\/uploads\/2026\/02\/globe-ljusslinga-rgbw-gardinljus-ip44-vattentat-for-inomhus-och-utomhusdekoration-1.webp?fit=2000%2C2000&ssl=1","width":2000,"height":2000},{"@type":"BreadcrumbList","@id":"https:\/\/truusk.store\/sv\/produkt\/truusk-rgbw-globe-ljusslinga-ip44-vattentat-for-inomhus-och-utomhusdekoration\/#breadcrumb","itemListElement":[{"@type":"ListItem","position":1,"name":"Home","item":"https:\/\/truusk.store\/sv\/"},{"@type":"ListItem","position":2,"name":"Shop","item":"https:\/\/truusk.store\/shop\/"},{"@type":"ListItem","position":3,"name":"TRUUSK RGBW Globe Ljusslinga &#8211; IP44 Vattent\u00e4t &#8211; F\u00f6r Inomhus- Och Utomhusdekoration"}]},{"@type":"WebSite","@id":"https:\/\/truusk.store\/sv\/#website","url":"https:\/\/truusk.store\/sv\/","name":"TRUUSK - Hem, Tr\u00e4dg\u00e5rd & Fritid","description":"","publisher":{"@id":"https:\/\/truusk.store\/sv\/#organization"},"potentialAction":[{"@type":"SearchAction","target":{"@type":"EntryPoint","urlTemplate":"https:\/\/truusk.store\/sv\/?s={search_term_string}"},"query-input":{"@type":"PropertyValueSpecification","valueRequired":true,"valueName":"search_term_string"}}],"inLanguage":"sv-SE"},{"@type":"Organization","@id":"https:\/\/truusk.store\/sv\/#organization","name":"TRUUSK - Hem, Tr\u00e4dg\u00e5rd & Fritid","url":"https:\/\/truusk.store\/sv\/","logo":{"@type":"ImageObject","inLanguage":"sv-SE","@id":"https:\/\/truusk.store\/sv\/#\/schema\/logo\/image\/","url":"https:\/\/i0.wp.com\/truusk.store\/wp-content\/uploads\/2026\/03\/cropped-TRUUSK.png?fit=2032%2C917&ssl=1","contentUrl":"https:\/\/i0.wp.com\/truusk.store\/wp-content\/uploads\/2026\/03\/cropped-TRUUSK.png?fit=2032%2C917&ssl=1","width":2032,"height":917,"caption":"TRUUSK - Hem, Tr\u00e4dg\u00e5rd & Fritid"},"image":{"@id":"https:\/\/truusk.store\/sv\/#\/schema\/logo\/image\/"}}]}},"jetpack_sharing_enabled":true,"_links":{"self":[{"href":"https:\/\/truusk.store\/sv\/wp-json\/wp\/v2\/product\/104465","targetHints":{"allow":["GET"]}}],"collection":[{"href":"https:\/\/truusk.store\/sv\/wp-json\/wp\/v2\/product"}],"about":[{"href":"https:\/\/truusk.store\/sv\/wp-json\/wp\/v2\/types\/product"}],"wp:featuredmedia":[{"embeddable":true,"href":"https:\/\/truusk.store\/sv\/wp-json\/wp\/v2\/media\/104455"}],"wp:attachment":[{"href":"https:\/\/truusk.store\/sv\/wp-json\/wp\/v2\/media?parent=104465"}],"wp:term":[{"taxonomy":"product_brand","embeddable":true,"href":"https:\/\/truusk.store\/sv\/wp-json\/wp\/v2\/product_brand?post=104465"},{"taxonomy":"product_cat","embeddable":true,"href":"https:\/\/truusk.store\/sv\/wp-json\/wp\/v2\/product_cat?post=104465"},{"taxonomy":"product_tag","embeddable":true,"href":"https:\/\/truusk.store\/sv\/wp-json\/wp\/v2\/product_tag?post=104465"}],"curies":[{"name":"wp","href":"https:\/\/api.w.org\/{rel}","templated":true}]}}