{"id":104475,"date":"2026-02-09T06:16:30","date_gmt":"2026-02-09T05:16:30","guid":{"rendered":"https:\/\/truusk.store\/product\/bambu-skobank-hallbank-med-vadderad-sittdyna-och-oppen-hylla-naturligt-trautseende\/"},"modified":"2026-03-12T08:53:35","modified_gmt":"2026-03-12T07:53:35","slug":"truusk-skohylla-och-hallbank-i-bambu-med-vadderad-sittdyna-oppen-hylla-naturligt-trautseende-halksakert-130-cm","status":"publish","type":"product","link":"https:\/\/truusk.store\/sv\/produkt\/truusk-skohylla-och-hallbank-i-bambu-med-vadderad-sittdyna-oppen-hylla-naturligt-trautseende-halksakert-130-cm\/","title":{"rendered":"TRUUSK Skohylla och Hallb\u00e4nk i Bambu &#8211; Med Vadderad Sittdyna &#8211; \u00d6ppen Hylla &#8211; Naturligt Tr\u00e4utseende &#8211; Halks\u00e4kert &#8211; 130 cm"},"content":{"rendered":"<p>Slut med kaotiska entr\u00e9er och instabila sittplatser! [BRAND NAME] skob\u00e4nken skapar ordning och stil. Tillverkad av robust bambu, kan den b\u00e4ra upp till 220 kg och erbjuder en stabil sittplats. Den mjukt vadderade ytan p\u00e5 b\u00e4nken inbjuder till att stanna kvar, medan f\u00f6rvaringsutrymmet h\u00e5ller skor och vardagsf\u00f6rem\u00e5l snyggt undanstoppade &#8211; f\u00f6r avslappnad komfort i vardagen.<\/p>\n<p>Beskrivning:<\/p>\n<ul>\n<li> Inneh\u00e5ller en extra tjock 5 cm skumdyna som ger f\u00f6rb\u00e4ttrad komfort och fast st\u00f6d<\/li>\n<li> Har ett stort \u00f6ppet f\u00f6rvaringsutrymme som h\u00e5ller din entr\u00e9 organiserad och fri fr\u00e5n oordning<\/li>\n<li> Tillverkad av naturlig bambu, kan skob\u00e4nken b\u00e4ra upp till 220 kg f\u00f6r familjens s\u00e4kerhet<\/li>\n<li> Dess eleganta och enkla design f\u00f6rsk\u00f6nar din hall, ditt sovrum eller ditt f\u00f6nsteromr\u00e5de<\/li>\n<li> \u00d6ppet lamelldesign av b\u00e4nken fr\u00e4mjar luftcirkulation f\u00f6r att undvika skolukter<\/li>\n<li> Levereras med filtgliders som skyddar dina golv fr\u00e5n repor och slitage<\/li>\n<li> Montering kr\u00e4vs<\/li>\n<\/ul>\n<p> Tekniska data:<\/p>\n<ul>\n<li> F\u00e4rg: Naturtr\u00e4<\/li>\n<li> Material: Bambu, polyester, skum<\/li>\n<li> Totala dimensioner: 102B x 33D x 45H cm<\/li>\n<li> Sitsstorlek: 102B x 32D x 40H cm<\/li>\n<li> F\u00f6rvaringsstorlek: 97B x 32D x 28,5H cm<\/li>\n<li> H\u00f6jd fr\u00e5n golvet: 6 cm<\/li>\n<li> Maximal belastning: 220 kg<\/li>\n<\/ul>\n<p>Leverans inneh\u00e5ller:<\/p>\n<ul>\n<li> 1 x Skob\u00e4nk<\/li>\n<li> 1 x Instruktioner<\/li>\n<\/ul>\n","protected":false},"excerpt":{"rendered":"<p>Slut med kaotiska entr\u00e9er och instabila sittplatser! [BRAND NAME] skob\u00e4nken skapar ordning och stil. Tillverkad av robust bambu, kan den&#8230;<\/p>\n","protected":false},"featured_media":104466,"template":"","meta":[],"product_brand":[],"product_cat":[893,871,539],"product_tag":[],"class_list":{"0":"post-104475","1":"product","2":"type-product","3":"status-publish","4":"has-post-thumbnail","6":"product_cat-garderob-hall","7":"product_cat-hus-hem","8":"product_cat-skobankar","10":"first","11":"instock","12":"sale","13":"taxable","14":"shipping-taxable","15":"purchasable","16":"product-type-simple"},"yoast_head":"<!-- This site is optimized with the Yoast SEO plugin v25.4 - https:\/\/yoast.com\/wordpress\/plugins\/seo\/ -->\n<title>TRUUSK Skohylla och Hallb\u00e4nk i Bambu - Med Vadderad Sittdyna - \u00d6ppen Hylla - Naturligt Tr\u00e4utseende - Halks\u00e4kert - 130 cm - TRUUSK - Hem, Tr\u00e4dg\u00e5rd &amp; Fritid<\/title>\n<meta name=\"robots\" content=\"index, follow, max-snippet:-1, max-image-preview:large, max-video-preview:-1\" \/>\n<link rel=\"canonical\" href=\"https:\/\/truusk.store\/sv\/produkt\/truusk-skohylla-och-hallbank-i-bambu-med-vadderad-sittdyna-oppen-hylla-naturligt-trautseende-halksakert-130-cm\/\" \/>\n<meta property=\"og:locale\" content=\"sv_SE\" \/>\n<meta property=\"og:type\" content=\"article\" \/>\n<meta property=\"og:title\" content=\"TRUUSK Skohylla och Hallb\u00e4nk i Bambu - Med Vadderad Sittdyna - \u00d6ppen Hylla - Naturligt Tr\u00e4utseende - Halks\u00e4kert - 130 cm - TRUUSK - Hem, Tr\u00e4dg\u00e5rd &amp; Fritid\" \/>\n<meta property=\"og:description\" content=\"Slut med kaotiska entr\u00e9er och instabila sittplatser! [BRAND NAME] skob\u00e4nken skapar ordning och stil. Tillverkad av robust bambu, kan den...\" \/>\n<meta property=\"og:url\" content=\"https:\/\/truusk.store\/sv\/produkt\/truusk-skohylla-och-hallbank-i-bambu-med-vadderad-sittdyna-oppen-hylla-naturligt-trautseende-halksakert-130-cm\/\" \/>\n<meta property=\"og:site_name\" content=\"TRUUSK - Hem, Tr\u00e4dg\u00e5rd &amp; Fritid\" \/>\n<meta property=\"article:modified_time\" content=\"2026-03-12T07:53:35+00:00\" \/>\n<meta property=\"og:image\" content=\"https:\/\/i0.wp.com\/truusk.se\/wp-content\/uploads\/2026\/02\/bambu-skobank-hallbank-med-vadderad-sittdyna-och-oppen-hylla-naturligt-trautseende-1.webp?fit=2000%2C2000&ssl=1\" \/>\n\t<meta property=\"og:image:width\" content=\"2000\" \/>\n\t<meta property=\"og:image:height\" content=\"2000\" \/>\n\t<meta property=\"og:image:type\" content=\"image\/webp\" \/>\n<meta name=\"twitter:card\" content=\"summary_large_image\" \/>\n<meta name=\"twitter:label1\" content=\"Ber\u00e4knad l\u00e4stid\" \/>\n\t<meta name=\"twitter:data1\" content=\"1 minut\" \/>\n<!-- \/ Yoast SEO plugin. -->","yoast_head_json":{"title":"TRUUSK Skohylla och Hallb\u00e4nk i Bambu - Med Vadderad Sittdyna - \u00d6ppen Hylla - Naturligt Tr\u00e4utseende - Halks\u00e4kert - 130 cm - TRUUSK - Hem, Tr\u00e4dg\u00e5rd &amp; Fritid","robots":{"index":"index","follow":"follow","max-snippet":"max-snippet:-1","max-image-preview":"max-image-preview:large","max-video-preview":"max-video-preview:-1"},"canonical":"https:\/\/truusk.store\/sv\/produkt\/truusk-skohylla-och-hallbank-i-bambu-med-vadderad-sittdyna-oppen-hylla-naturligt-trautseende-halksakert-130-cm\/","og_locale":"sv_SE","og_type":"article","og_title":"TRUUSK Skohylla och Hallb\u00e4nk i Bambu - Med Vadderad Sittdyna - \u00d6ppen Hylla - Naturligt Tr\u00e4utseende - Halks\u00e4kert - 130 cm - TRUUSK - Hem, Tr\u00e4dg\u00e5rd &amp; Fritid","og_description":"Slut med kaotiska entr\u00e9er och instabila sittplatser! [BRAND NAME] skob\u00e4nken skapar ordning och stil. Tillverkad av robust bambu, kan den...","og_url":"https:\/\/truusk.store\/sv\/produkt\/truusk-skohylla-och-hallbank-i-bambu-med-vadderad-sittdyna-oppen-hylla-naturligt-trautseende-halksakert-130-cm\/","og_site_name":"TRUUSK - Hem, Tr\u00e4dg\u00e5rd &amp; Fritid","article_modified_time":"2026-03-12T07:53:35+00:00","og_image":[{"width":2000,"height":2000,"url":"https:\/\/i0.wp.com\/truusk.se\/wp-content\/uploads\/2026\/02\/bambu-skobank-hallbank-med-vadderad-sittdyna-och-oppen-hylla-naturligt-trautseende-1.webp?fit=2000%2C2000&ssl=1","type":"image\/webp"}],"twitter_card":"summary_large_image","twitter_misc":{"Ber\u00e4knad l\u00e4stid":"1 minut"},"schema":{"@context":"https:\/\/schema.org","@graph":[{"@type":"WebPage","@id":"https:\/\/truusk.store\/sv\/produkt\/truusk-skohylla-och-hallbank-i-bambu-med-vadderad-sittdyna-oppen-hylla-naturligt-trautseende-halksakert-130-cm\/","url":"https:\/\/truusk.store\/sv\/produkt\/truusk-skohylla-och-hallbank-i-bambu-med-vadderad-sittdyna-oppen-hylla-naturligt-trautseende-halksakert-130-cm\/","name":"TRUUSK Skohylla och Hallb\u00e4nk i Bambu - Med Vadderad Sittdyna - \u00d6ppen Hylla - Naturligt Tr\u00e4utseende - Halks\u00e4kert - 130 cm - TRUUSK - Hem, Tr\u00e4dg\u00e5rd &amp; Fritid","isPartOf":{"@id":"https:\/\/truusk.store\/sv\/#website"},"primaryImageOfPage":{"@id":"https:\/\/truusk.store\/sv\/produkt\/truusk-skohylla-och-hallbank-i-bambu-med-vadderad-sittdyna-oppen-hylla-naturligt-trautseende-halksakert-130-cm\/#primaryimage"},"image":{"@id":"https:\/\/truusk.store\/sv\/produkt\/truusk-skohylla-och-hallbank-i-bambu-med-vadderad-sittdyna-oppen-hylla-naturligt-trautseende-halksakert-130-cm\/#primaryimage"},"thumbnailUrl":"https:\/\/i0.wp.com\/truusk.store\/wp-content\/uploads\/2026\/02\/bambu-skobank-hallbank-med-vadderad-sittdyna-och-oppen-hylla-naturligt-trautseende-1.webp?fit=2000%2C2000&ssl=1","datePublished":"2026-02-09T05:16:30+00:00","dateModified":"2026-03-12T07:53:35+00:00","breadcrumb":{"@id":"https:\/\/truusk.store\/sv\/produkt\/truusk-skohylla-och-hallbank-i-bambu-med-vadderad-sittdyna-oppen-hylla-naturligt-trautseende-halksakert-130-cm\/#breadcrumb"},"inLanguage":"sv-SE","potentialAction":[{"@type":"ReadAction","target":["https:\/\/truusk.store\/sv\/produkt\/truusk-skohylla-och-hallbank-i-bambu-med-vadderad-sittdyna-oppen-hylla-naturligt-trautseende-halksakert-130-cm\/"]}]},{"@type":"ImageObject","inLanguage":"sv-SE","@id":"https:\/\/truusk.store\/sv\/produkt\/truusk-skohylla-och-hallbank-i-bambu-med-vadderad-sittdyna-oppen-hylla-naturligt-trautseende-halksakert-130-cm\/#primaryimage","url":"https:\/\/i0.wp.com\/truusk.store\/wp-content\/uploads\/2026\/02\/bambu-skobank-hallbank-med-vadderad-sittdyna-och-oppen-hylla-naturligt-trautseende-1.webp?fit=2000%2C2000&ssl=1","contentUrl":"https:\/\/i0.wp.com\/truusk.store\/wp-content\/uploads\/2026\/02\/bambu-skobank-hallbank-med-vadderad-sittdyna-och-oppen-hylla-naturligt-trautseende-1.webp?fit=2000%2C2000&ssl=1","width":2000,"height":2000},{"@type":"BreadcrumbList","@id":"https:\/\/truusk.store\/sv\/produkt\/truusk-skohylla-och-hallbank-i-bambu-med-vadderad-sittdyna-oppen-hylla-naturligt-trautseende-halksakert-130-cm\/#breadcrumb","itemListElement":[{"@type":"ListItem","position":1,"name":"Home","item":"https:\/\/truusk.store\/sv\/"},{"@type":"ListItem","position":2,"name":"Shop","item":"https:\/\/truusk.store\/shop\/"},{"@type":"ListItem","position":3,"name":"TRUUSK Skohylla och Hallb\u00e4nk i Bambu &#8211; Med Vadderad Sittdyna &#8211; \u00d6ppen Hylla &#8211; Naturligt Tr\u00e4utseende &#8211; Halks\u00e4kert &#8211; 130 cm"}]},{"@type":"WebSite","@id":"https:\/\/truusk.store\/sv\/#website","url":"https:\/\/truusk.store\/sv\/","name":"TRUUSK - Hem, Tr\u00e4dg\u00e5rd & Fritid","description":"","publisher":{"@id":"https:\/\/truusk.store\/sv\/#organization"},"potentialAction":[{"@type":"SearchAction","target":{"@type":"EntryPoint","urlTemplate":"https:\/\/truusk.store\/sv\/?s={search_term_string}"},"query-input":{"@type":"PropertyValueSpecification","valueRequired":true,"valueName":"search_term_string"}}],"inLanguage":"sv-SE"},{"@type":"Organization","@id":"https:\/\/truusk.store\/sv\/#organization","name":"TRUUSK - Hem, Tr\u00e4dg\u00e5rd & Fritid","url":"https:\/\/truusk.store\/sv\/","logo":{"@type":"ImageObject","inLanguage":"sv-SE","@id":"https:\/\/truusk.store\/sv\/#\/schema\/logo\/image\/","url":"https:\/\/i0.wp.com\/truusk.store\/wp-content\/uploads\/2026\/03\/cropped-TRUUSK.png?fit=2032%2C917&ssl=1","contentUrl":"https:\/\/i0.wp.com\/truusk.store\/wp-content\/uploads\/2026\/03\/cropped-TRUUSK.png?fit=2032%2C917&ssl=1","width":2032,"height":917,"caption":"TRUUSK - Hem, Tr\u00e4dg\u00e5rd & Fritid"},"image":{"@id":"https:\/\/truusk.store\/sv\/#\/schema\/logo\/image\/"}}]}},"jetpack_sharing_enabled":true,"_links":{"self":[{"href":"https:\/\/truusk.store\/sv\/wp-json\/wp\/v2\/product\/104475","targetHints":{"allow":["GET"]}}],"collection":[{"href":"https:\/\/truusk.store\/sv\/wp-json\/wp\/v2\/product"}],"about":[{"href":"https:\/\/truusk.store\/sv\/wp-json\/wp\/v2\/types\/product"}],"wp:featuredmedia":[{"embeddable":true,"href":"https:\/\/truusk.store\/sv\/wp-json\/wp\/v2\/media\/104466"}],"wp:attachment":[{"href":"https:\/\/truusk.store\/sv\/wp-json\/wp\/v2\/media?parent=104475"}],"wp:term":[{"taxonomy":"product_brand","embeddable":true,"href":"https:\/\/truusk.store\/sv\/wp-json\/wp\/v2\/product_brand?post=104475"},{"taxonomy":"product_cat","embeddable":true,"href":"https:\/\/truusk.store\/sv\/wp-json\/wp\/v2\/product_cat?post=104475"},{"taxonomy":"product_tag","embeddable":true,"href":"https:\/\/truusk.store\/sv\/wp-json\/wp\/v2\/product_tag?post=104475"}],"curies":[{"name":"wp","href":"https:\/\/api.w.org\/{rel}","templated":true}]}}