{"id":104525,"date":"2026-02-10T20:42:30","date_gmt":"2026-02-10T19:42:30","guid":{"rendered":"https:\/\/truusk.store\/product\/sidobord-balkongbord-i-stal-rektangulart-kaffebord-vaderbestandigt-tradgardsbord-1015x61x46-cm-svart\/"},"modified":"2026-03-12T09:34:09","modified_gmt":"2026-03-12T08:34:09","slug":"truusk-sidobord-i-stal-rektangulart-vaderbestandigt-tradgardsbord-1015x61x46-cm-svart","status":"publish","type":"product","link":"https:\/\/truusk.store\/sv\/produkt\/truusk-sidobord-i-stal-rektangulart-vaderbestandigt-tradgardsbord-1015x61x46-cm-svart\/","title":{"rendered":"TRUUSK Sidobord i St\u00e5l &#8211; Rektangul\u00e4rt &#8211; V\u00e4derbest\u00e4ndigt &#8211; Tr\u00e4dg\u00e5rdsbord 101,5x61x46 cm &#8211; Svart"},"content":{"rendered":"<p>F\u00f6rsk\u00f6na din tr\u00e4dg\u00e5rdsdekoration med den attraktiva balkongbordet fr\u00e5n [BRAND NAME]. Den slitsade bordsskivan kombinerar design och funktionalitet, undviker vattenansamling och torkar snabbt, f\u00f6r en behaglig anv\u00e4ndning. Det pulverlackerade, galvaniserade st\u00e5lstommen till soffbordet lovar h\u00e5llbarhet och v\u00e4derbest\u00e4ndighet. Njut av avkopplande timmar med detta rektangul\u00e4ra soffbord.<\/p>\n<p>Beskrivning:<\/p>\n<ul>\n<li> Det stora soffbordet erbjuder plats f\u00f6r drycker och snacks<\/li>\n<li> Den slitsade bordsskivan f\u00f6rhindrar vattenansamling<\/li>\n<li> Det pulverlackerade, galvaniserade st\u00e5lstommen till soffbordet garanterar en stark bas<\/li>\n<li> Justerbara kuddar p\u00e5 balkongbordets nedre f\u00f6tter ger stabilitet<\/li>\n<li> L\u00e4mplig f\u00f6r terrass, balkong, uteplats, tr\u00e4dg\u00e5rd och s\u00e5 vidare<\/li>\n<li> Enkel montering kr\u00e4vs<\/li>\n<\/ul>\n<p> Tekniska data:<\/p>\n<ul>\n<li> F\u00e4rg: Svart<\/li>\n<li> Material: Galvaniserat st\u00e5l<\/li>\n<li> Totala dimensioner: 101,5L x 61B x 46H cm<\/li>\n<li> B\u00e4rkapacitet: 30 kg<\/li>\n<\/ul>\n<p>Leveransinneh\u00e5ll:<\/p>\n<ul>\n<li> 1 x Utomhuskaffebord<\/li>\n<li> 1 x Bruksanvisning<\/li>\n<\/ul>\n","protected":false},"excerpt":{"rendered":"<p>F\u00f6rsk\u00f6na din tr\u00e4dg\u00e5rdsdekoration med den attraktiva balkongbordet fr\u00e5n [BRAND NAME]. Den slitsade bordsskivan kombinerar design och funktionalitet, undviker vattenansamling och&#8230;<\/p>\n","protected":false},"featured_media":104516,"template":"","meta":[],"product_brand":[],"product_cat":[858,457,450],"product_tag":[],"class_list":{"0":"post-104525","1":"product","2":"type-product","3":"status-publish","4":"has-post-thumbnail","6":"product_cat-tradgard-terrass","7":"product_cat-tradgardsbord","8":"product_cat-tradgardsmobler","10":"first","11":"instock","12":"sale","13":"taxable","14":"shipping-taxable","15":"purchasable","16":"product-type-simple"},"yoast_head":"<!-- This site is optimized with the Yoast SEO plugin v25.4 - https:\/\/yoast.com\/wordpress\/plugins\/seo\/ -->\n<title>TRUUSK Sidobord i St\u00e5l - Rektangul\u00e4rt - V\u00e4derbest\u00e4ndigt - Tr\u00e4dg\u00e5rdsbord 101,5x61x46 cm - Svart - TRUUSK - Hem, Tr\u00e4dg\u00e5rd &amp; Fritid<\/title>\n<meta name=\"robots\" content=\"index, follow, max-snippet:-1, max-image-preview:large, max-video-preview:-1\" \/>\n<link rel=\"canonical\" href=\"https:\/\/truusk.store\/sv\/produkt\/truusk-sidobord-i-stal-rektangulart-vaderbestandigt-tradgardsbord-1015x61x46-cm-svart\/\" \/>\n<meta property=\"og:locale\" content=\"sv_SE\" \/>\n<meta property=\"og:type\" content=\"article\" \/>\n<meta property=\"og:title\" content=\"TRUUSK Sidobord i St\u00e5l - Rektangul\u00e4rt - V\u00e4derbest\u00e4ndigt - Tr\u00e4dg\u00e5rdsbord 101,5x61x46 cm - Svart - TRUUSK - Hem, Tr\u00e4dg\u00e5rd &amp; Fritid\" \/>\n<meta property=\"og:description\" content=\"F\u00f6rsk\u00f6na din tr\u00e4dg\u00e5rdsdekoration med den attraktiva balkongbordet fr\u00e5n [BRAND NAME]. Den slitsade bordsskivan kombinerar design och funktionalitet, undviker vattenansamling och...\" \/>\n<meta property=\"og:url\" content=\"https:\/\/truusk.store\/sv\/produkt\/truusk-sidobord-i-stal-rektangulart-vaderbestandigt-tradgardsbord-1015x61x46-cm-svart\/\" \/>\n<meta property=\"og:site_name\" content=\"TRUUSK - Hem, Tr\u00e4dg\u00e5rd &amp; Fritid\" \/>\n<meta property=\"article:modified_time\" content=\"2026-03-12T08:34:09+00:00\" \/>\n<meta property=\"og:image\" content=\"https:\/\/i0.wp.com\/truusk.se\/wp-content\/uploads\/2026\/02\/sidobord-balkongbord-i-stal-rektangulart-kaffebord-vaderbestandigt-tradgardsbord-1015x61x46-cm-svart-1.webp?fit=2000%2C2000&ssl=1\" \/>\n\t<meta property=\"og:image:width\" content=\"2000\" \/>\n\t<meta property=\"og:image:height\" content=\"2000\" \/>\n\t<meta property=\"og:image:type\" content=\"image\/webp\" \/>\n<meta name=\"twitter:card\" content=\"summary_large_image\" \/>\n<meta name=\"twitter:label1\" content=\"Ber\u00e4knad l\u00e4stid\" \/>\n\t<meta name=\"twitter:data1\" content=\"1 minut\" \/>\n<!-- \/ Yoast SEO plugin. -->","yoast_head_json":{"title":"TRUUSK Sidobord i St\u00e5l - Rektangul\u00e4rt - V\u00e4derbest\u00e4ndigt - Tr\u00e4dg\u00e5rdsbord 101,5x61x46 cm - Svart - TRUUSK - Hem, Tr\u00e4dg\u00e5rd &amp; Fritid","robots":{"index":"index","follow":"follow","max-snippet":"max-snippet:-1","max-image-preview":"max-image-preview:large","max-video-preview":"max-video-preview:-1"},"canonical":"https:\/\/truusk.store\/sv\/produkt\/truusk-sidobord-i-stal-rektangulart-vaderbestandigt-tradgardsbord-1015x61x46-cm-svart\/","og_locale":"sv_SE","og_type":"article","og_title":"TRUUSK Sidobord i St\u00e5l - Rektangul\u00e4rt - V\u00e4derbest\u00e4ndigt - Tr\u00e4dg\u00e5rdsbord 101,5x61x46 cm - Svart - TRUUSK - Hem, Tr\u00e4dg\u00e5rd &amp; Fritid","og_description":"F\u00f6rsk\u00f6na din tr\u00e4dg\u00e5rdsdekoration med den attraktiva balkongbordet fr\u00e5n [BRAND NAME]. Den slitsade bordsskivan kombinerar design och funktionalitet, undviker vattenansamling och...","og_url":"https:\/\/truusk.store\/sv\/produkt\/truusk-sidobord-i-stal-rektangulart-vaderbestandigt-tradgardsbord-1015x61x46-cm-svart\/","og_site_name":"TRUUSK - Hem, Tr\u00e4dg\u00e5rd &amp; Fritid","article_modified_time":"2026-03-12T08:34:09+00:00","og_image":[{"width":2000,"height":2000,"url":"https:\/\/i0.wp.com\/truusk.se\/wp-content\/uploads\/2026\/02\/sidobord-balkongbord-i-stal-rektangulart-kaffebord-vaderbestandigt-tradgardsbord-1015x61x46-cm-svart-1.webp?fit=2000%2C2000&ssl=1","type":"image\/webp"}],"twitter_card":"summary_large_image","twitter_misc":{"Ber\u00e4knad l\u00e4stid":"1 minut"},"schema":{"@context":"https:\/\/schema.org","@graph":[{"@type":"WebPage","@id":"https:\/\/truusk.store\/sv\/produkt\/truusk-sidobord-i-stal-rektangulart-vaderbestandigt-tradgardsbord-1015x61x46-cm-svart\/","url":"https:\/\/truusk.store\/sv\/produkt\/truusk-sidobord-i-stal-rektangulart-vaderbestandigt-tradgardsbord-1015x61x46-cm-svart\/","name":"TRUUSK Sidobord i St\u00e5l - Rektangul\u00e4rt - V\u00e4derbest\u00e4ndigt - Tr\u00e4dg\u00e5rdsbord 101,5x61x46 cm - Svart - TRUUSK - Hem, Tr\u00e4dg\u00e5rd &amp; Fritid","isPartOf":{"@id":"https:\/\/truusk.store\/sv\/#website"},"primaryImageOfPage":{"@id":"https:\/\/truusk.store\/sv\/produkt\/truusk-sidobord-i-stal-rektangulart-vaderbestandigt-tradgardsbord-1015x61x46-cm-svart\/#primaryimage"},"image":{"@id":"https:\/\/truusk.store\/sv\/produkt\/truusk-sidobord-i-stal-rektangulart-vaderbestandigt-tradgardsbord-1015x61x46-cm-svart\/#primaryimage"},"thumbnailUrl":"https:\/\/i0.wp.com\/truusk.store\/wp-content\/uploads\/2026\/02\/sidobord-balkongbord-i-stal-rektangulart-kaffebord-vaderbestandigt-tradgardsbord-1015x61x46-cm-svart-1.webp?fit=2000%2C2000&ssl=1","datePublished":"2026-02-10T19:42:30+00:00","dateModified":"2026-03-12T08:34:09+00:00","breadcrumb":{"@id":"https:\/\/truusk.store\/sv\/produkt\/truusk-sidobord-i-stal-rektangulart-vaderbestandigt-tradgardsbord-1015x61x46-cm-svart\/#breadcrumb"},"inLanguage":"sv-SE","potentialAction":[{"@type":"ReadAction","target":["https:\/\/truusk.store\/sv\/produkt\/truusk-sidobord-i-stal-rektangulart-vaderbestandigt-tradgardsbord-1015x61x46-cm-svart\/"]}]},{"@type":"ImageObject","inLanguage":"sv-SE","@id":"https:\/\/truusk.store\/sv\/produkt\/truusk-sidobord-i-stal-rektangulart-vaderbestandigt-tradgardsbord-1015x61x46-cm-svart\/#primaryimage","url":"https:\/\/i0.wp.com\/truusk.store\/wp-content\/uploads\/2026\/02\/sidobord-balkongbord-i-stal-rektangulart-kaffebord-vaderbestandigt-tradgardsbord-1015x61x46-cm-svart-1.webp?fit=2000%2C2000&ssl=1","contentUrl":"https:\/\/i0.wp.com\/truusk.store\/wp-content\/uploads\/2026\/02\/sidobord-balkongbord-i-stal-rektangulart-kaffebord-vaderbestandigt-tradgardsbord-1015x61x46-cm-svart-1.webp?fit=2000%2C2000&ssl=1","width":2000,"height":2000},{"@type":"BreadcrumbList","@id":"https:\/\/truusk.store\/sv\/produkt\/truusk-sidobord-i-stal-rektangulart-vaderbestandigt-tradgardsbord-1015x61x46-cm-svart\/#breadcrumb","itemListElement":[{"@type":"ListItem","position":1,"name":"Home","item":"https:\/\/truusk.store\/sv\/"},{"@type":"ListItem","position":2,"name":"Shop","item":"https:\/\/truusk.store\/shop\/"},{"@type":"ListItem","position":3,"name":"TRUUSK Sidobord i St\u00e5l &#8211; Rektangul\u00e4rt &#8211; V\u00e4derbest\u00e4ndigt &#8211; Tr\u00e4dg\u00e5rdsbord 101,5x61x46 cm &#8211; Svart"}]},{"@type":"WebSite","@id":"https:\/\/truusk.store\/sv\/#website","url":"https:\/\/truusk.store\/sv\/","name":"TRUUSK - Hem, Tr\u00e4dg\u00e5rd & Fritid","description":"","publisher":{"@id":"https:\/\/truusk.store\/sv\/#organization"},"potentialAction":[{"@type":"SearchAction","target":{"@type":"EntryPoint","urlTemplate":"https:\/\/truusk.store\/sv\/?s={search_term_string}"},"query-input":{"@type":"PropertyValueSpecification","valueRequired":true,"valueName":"search_term_string"}}],"inLanguage":"sv-SE"},{"@type":"Organization","@id":"https:\/\/truusk.store\/sv\/#organization","name":"TRUUSK - Hem, Tr\u00e4dg\u00e5rd & Fritid","url":"https:\/\/truusk.store\/sv\/","logo":{"@type":"ImageObject","inLanguage":"sv-SE","@id":"https:\/\/truusk.store\/sv\/#\/schema\/logo\/image\/","url":"https:\/\/i0.wp.com\/truusk.store\/wp-content\/uploads\/2026\/03\/cropped-TRUUSK.png?fit=2032%2C917&ssl=1","contentUrl":"https:\/\/i0.wp.com\/truusk.store\/wp-content\/uploads\/2026\/03\/cropped-TRUUSK.png?fit=2032%2C917&ssl=1","width":2032,"height":917,"caption":"TRUUSK - Hem, Tr\u00e4dg\u00e5rd & Fritid"},"image":{"@id":"https:\/\/truusk.store\/sv\/#\/schema\/logo\/image\/"}}]}},"jetpack_sharing_enabled":true,"_links":{"self":[{"href":"https:\/\/truusk.store\/sv\/wp-json\/wp\/v2\/product\/104525","targetHints":{"allow":["GET"]}}],"collection":[{"href":"https:\/\/truusk.store\/sv\/wp-json\/wp\/v2\/product"}],"about":[{"href":"https:\/\/truusk.store\/sv\/wp-json\/wp\/v2\/types\/product"}],"wp:featuredmedia":[{"embeddable":true,"href":"https:\/\/truusk.store\/sv\/wp-json\/wp\/v2\/media\/104516"}],"wp:attachment":[{"href":"https:\/\/truusk.store\/sv\/wp-json\/wp\/v2\/media?parent=104525"}],"wp:term":[{"taxonomy":"product_brand","embeddable":true,"href":"https:\/\/truusk.store\/sv\/wp-json\/wp\/v2\/product_brand?post=104525"},{"taxonomy":"product_cat","embeddable":true,"href":"https:\/\/truusk.store\/sv\/wp-json\/wp\/v2\/product_cat?post=104525"},{"taxonomy":"product_tag","embeddable":true,"href":"https:\/\/truusk.store\/sv\/wp-json\/wp\/v2\/product_tag?post=104525"}],"curies":[{"name":"wp","href":"https:\/\/api.w.org\/{rel}","templated":true}]}}