{"id":104565,"date":"2026-02-11T12:27:05","date_gmt":"2026-02-11T11:27:05","guid":{"rendered":"https:\/\/truusk.store\/?post_type=product&#038;p=104565"},"modified":"2026-03-12T09:33:16","modified_gmt":"2026-03-12T08:33:16","slug":"truusk-tradgardsbank-och-parkbank-latt-och-vaderbestandig-aluminium-123-x-67-x-79-cm-bla","status":"publish","type":"product","link":"https:\/\/truusk.store\/sv\/produkt\/truusk-tradgardsbank-och-parkbank-latt-och-vaderbestandig-aluminium-123-x-67-x-79-cm-bla\/","title":{"rendered":"TRUUSK Tr\u00e4dg\u00e5rdsb\u00e4nk och Parkb\u00e4nk &#8211; L\u00e4tt och V\u00e4derbest\u00e4ndig &#8211; Aluminium &#8211; 123 x 67 x 79 cm &#8211; Bl\u00e5"},"content":{"rendered":"<p>Vill du sitta stilfullt utomhus? Denna charmiga tr\u00e4dg\u00e5rdsb\u00e4nk erbjuder tr\u00e4dg\u00e5rdsgl\u00e4dje f\u00f6r par. Tillverkad av l\u00e4tt aluminium, inbjuder den till avkopplande tillbakadragande stunder med din partner. Varhelst i din tr\u00e4dg\u00e5rd b\u00e4nken st\u00e5r, blir den en oas utomhus d\u00e4r du kan prata bekv\u00e4mt i det gr\u00f6na. F\u00f6rb\u00e4ttra din tr\u00e4dg\u00e5rdsatmosf\u00e4r med denna balkongb\u00e4nk f\u00f6r sociala helger utomhus.<\/p>\n<p>Beskrivning:<\/p>\n<ul>\n<li> V\u00e4lkomna tv\u00e5 personer med en rymlig men kompakt frisisk b\u00e4nk<\/li>\n<li> Tillverkad av l\u00e4tt aluminium f\u00f6r att motst\u00e5 olika v\u00e4derf\u00f6rh\u00e5llanden<\/li>\n<li> Lamell-sits och ryggst\u00f6d p\u00e5 b\u00e4nken m\u00f6jligg\u00f6r behaglig luftcirkulation p\u00e5 varma dagar<\/li>\n<li> Ramkonstruktion utformad f\u00f6r l\u00e5ngvarig utomhusanv\u00e4ndning<\/li>\n<li> Blomstrar som ett frist\u00e5ende tr\u00e4dg\u00e5rdstillbeh\u00f6r eller fungerar som terrassm\u00f6bel<\/li>\n<li> Enkel montering<\/li>\n<\/ul>\n<p>Tekniska data:<\/p>\n<ul>\n<li> F\u00e4rg: Bl\u00e5<\/li>\n<li> Material: Aluminium<\/li>\n<li> Totala dimensioner: 123L x 67B x 79H cm<\/li>\n<li> Sitsdimensioner: 123B x 40T cm<\/li>\n<li> Sitth\u00f6jd: 43 cm<\/li>\n<li> Ryggst\u00f6dets dimensioner: 123B x 38,5H cm<\/li>\n<li> Viktkapacitet: 240 kg<\/li>\n<\/ul>\n<p>Leveransinneh\u00e5ll:<\/p>\n<ul>\n<li> 1 x Tr\u00e4dg\u00e5rdsb\u00e4nk<\/li>\n<li> 1 x Handbok<\/li>\n<\/ul>\n","protected":false},"excerpt":{"rendered":"<p>Vill du sitta stilfullt utomhus? Denna charmiga tr\u00e4dg\u00e5rdsb\u00e4nk erbjuder tr\u00e4dg\u00e5rdsgl\u00e4dje f\u00f6r par. Tillverkad av l\u00e4tt aluminium, inbjuder den till avkopplande&#8230;<\/p>\n","protected":false},"featured_media":104556,"template":"","meta":[],"product_brand":[],"product_cat":[858,454,450],"product_tag":[],"class_list":{"0":"post-104565","1":"product","2":"type-product","3":"status-publish","4":"has-post-thumbnail","6":"product_cat-tradgard-terrass","7":"product_cat-tradgardsbankar","8":"product_cat-tradgardsmobler","10":"first","11":"instock","12":"sale","13":"taxable","14":"shipping-taxable","15":"purchasable","16":"product-type-simple"},"yoast_head":"<!-- This site is optimized with the Yoast SEO plugin v25.4 - https:\/\/yoast.com\/wordpress\/plugins\/seo\/ -->\n<title>TRUUSK Tr\u00e4dg\u00e5rdsb\u00e4nk och Parkb\u00e4nk - L\u00e4tt och V\u00e4derbest\u00e4ndig - Aluminium - 123 x 67 x 79 cm - Bl\u00e5 - TRUUSK - Hem, Tr\u00e4dg\u00e5rd &amp; Fritid<\/title>\n<meta name=\"robots\" content=\"index, follow, max-snippet:-1, max-image-preview:large, max-video-preview:-1\" \/>\n<link rel=\"canonical\" href=\"https:\/\/truusk.store\/sv\/produkt\/truusk-tradgardsbank-och-parkbank-latt-och-vaderbestandig-aluminium-123-x-67-x-79-cm-bla\/\" \/>\n<meta property=\"og:locale\" content=\"sv_SE\" \/>\n<meta property=\"og:type\" content=\"article\" \/>\n<meta property=\"og:title\" content=\"TRUUSK Tr\u00e4dg\u00e5rdsb\u00e4nk och Parkb\u00e4nk - L\u00e4tt och V\u00e4derbest\u00e4ndig - Aluminium - 123 x 67 x 79 cm - Bl\u00e5 - TRUUSK - Hem, Tr\u00e4dg\u00e5rd &amp; Fritid\" \/>\n<meta property=\"og:description\" content=\"Vill du sitta stilfullt utomhus? Denna charmiga tr\u00e4dg\u00e5rdsb\u00e4nk erbjuder tr\u00e4dg\u00e5rdsgl\u00e4dje f\u00f6r par. Tillverkad av l\u00e4tt aluminium, inbjuder den till avkopplande...\" \/>\n<meta property=\"og:url\" content=\"https:\/\/truusk.store\/sv\/produkt\/truusk-tradgardsbank-och-parkbank-latt-och-vaderbestandig-aluminium-123-x-67-x-79-cm-bla\/\" \/>\n<meta property=\"og:site_name\" content=\"TRUUSK - Hem, Tr\u00e4dg\u00e5rd &amp; Fritid\" \/>\n<meta property=\"article:modified_time\" content=\"2026-03-12T08:33:16+00:00\" \/>\n<meta property=\"og:image\" content=\"https:\/\/i0.wp.com\/truusk.se\/wp-content\/uploads\/2026\/02\/tradgardsbank-parkbank-lattadesign-vaderbestandig-aluminium-123-x-67-x-79-cm-bla-1.webp?fit=2000%2C2000&ssl=1\" \/>\n\t<meta property=\"og:image:width\" content=\"2000\" \/>\n\t<meta property=\"og:image:height\" content=\"2000\" \/>\n\t<meta property=\"og:image:type\" content=\"image\/webp\" \/>\n<meta name=\"twitter:card\" content=\"summary_large_image\" \/>\n<meta name=\"twitter:label1\" content=\"Ber\u00e4knad l\u00e4stid\" \/>\n\t<meta name=\"twitter:data1\" content=\"1 minut\" \/>\n<!-- \/ Yoast SEO plugin. -->","yoast_head_json":{"title":"TRUUSK Tr\u00e4dg\u00e5rdsb\u00e4nk och Parkb\u00e4nk - L\u00e4tt och V\u00e4derbest\u00e4ndig - Aluminium - 123 x 67 x 79 cm - Bl\u00e5 - TRUUSK - Hem, Tr\u00e4dg\u00e5rd &amp; Fritid","robots":{"index":"index","follow":"follow","max-snippet":"max-snippet:-1","max-image-preview":"max-image-preview:large","max-video-preview":"max-video-preview:-1"},"canonical":"https:\/\/truusk.store\/sv\/produkt\/truusk-tradgardsbank-och-parkbank-latt-och-vaderbestandig-aluminium-123-x-67-x-79-cm-bla\/","og_locale":"sv_SE","og_type":"article","og_title":"TRUUSK Tr\u00e4dg\u00e5rdsb\u00e4nk och Parkb\u00e4nk - L\u00e4tt och V\u00e4derbest\u00e4ndig - Aluminium - 123 x 67 x 79 cm - Bl\u00e5 - TRUUSK - Hem, Tr\u00e4dg\u00e5rd &amp; Fritid","og_description":"Vill du sitta stilfullt utomhus? Denna charmiga tr\u00e4dg\u00e5rdsb\u00e4nk erbjuder tr\u00e4dg\u00e5rdsgl\u00e4dje f\u00f6r par. Tillverkad av l\u00e4tt aluminium, inbjuder den till avkopplande...","og_url":"https:\/\/truusk.store\/sv\/produkt\/truusk-tradgardsbank-och-parkbank-latt-och-vaderbestandig-aluminium-123-x-67-x-79-cm-bla\/","og_site_name":"TRUUSK - Hem, Tr\u00e4dg\u00e5rd &amp; Fritid","article_modified_time":"2026-03-12T08:33:16+00:00","og_image":[{"width":2000,"height":2000,"url":"https:\/\/i0.wp.com\/truusk.se\/wp-content\/uploads\/2026\/02\/tradgardsbank-parkbank-lattadesign-vaderbestandig-aluminium-123-x-67-x-79-cm-bla-1.webp?fit=2000%2C2000&ssl=1","type":"image\/webp"}],"twitter_card":"summary_large_image","twitter_misc":{"Ber\u00e4knad l\u00e4stid":"1 minut"},"schema":{"@context":"https:\/\/schema.org","@graph":[{"@type":"WebPage","@id":"https:\/\/truusk.store\/sv\/produkt\/truusk-tradgardsbank-och-parkbank-latt-och-vaderbestandig-aluminium-123-x-67-x-79-cm-bla\/","url":"https:\/\/truusk.store\/sv\/produkt\/truusk-tradgardsbank-och-parkbank-latt-och-vaderbestandig-aluminium-123-x-67-x-79-cm-bla\/","name":"TRUUSK Tr\u00e4dg\u00e5rdsb\u00e4nk och Parkb\u00e4nk - L\u00e4tt och V\u00e4derbest\u00e4ndig - Aluminium - 123 x 67 x 79 cm - Bl\u00e5 - TRUUSK - Hem, Tr\u00e4dg\u00e5rd &amp; Fritid","isPartOf":{"@id":"https:\/\/truusk.store\/sv\/#website"},"primaryImageOfPage":{"@id":"https:\/\/truusk.store\/sv\/produkt\/truusk-tradgardsbank-och-parkbank-latt-och-vaderbestandig-aluminium-123-x-67-x-79-cm-bla\/#primaryimage"},"image":{"@id":"https:\/\/truusk.store\/sv\/produkt\/truusk-tradgardsbank-och-parkbank-latt-och-vaderbestandig-aluminium-123-x-67-x-79-cm-bla\/#primaryimage"},"thumbnailUrl":"https:\/\/i0.wp.com\/truusk.store\/wp-content\/uploads\/2026\/02\/tradgardsbank-parkbank-lattadesign-vaderbestandig-aluminium-123-x-67-x-79-cm-bla-1.webp?fit=2000%2C2000&ssl=1","datePublished":"2026-02-11T11:27:05+00:00","dateModified":"2026-03-12T08:33:16+00:00","breadcrumb":{"@id":"https:\/\/truusk.store\/sv\/produkt\/truusk-tradgardsbank-och-parkbank-latt-och-vaderbestandig-aluminium-123-x-67-x-79-cm-bla\/#breadcrumb"},"inLanguage":"sv-SE","potentialAction":[{"@type":"ReadAction","target":["https:\/\/truusk.store\/sv\/produkt\/truusk-tradgardsbank-och-parkbank-latt-och-vaderbestandig-aluminium-123-x-67-x-79-cm-bla\/"]}]},{"@type":"ImageObject","inLanguage":"sv-SE","@id":"https:\/\/truusk.store\/sv\/produkt\/truusk-tradgardsbank-och-parkbank-latt-och-vaderbestandig-aluminium-123-x-67-x-79-cm-bla\/#primaryimage","url":"https:\/\/i0.wp.com\/truusk.store\/wp-content\/uploads\/2026\/02\/tradgardsbank-parkbank-lattadesign-vaderbestandig-aluminium-123-x-67-x-79-cm-bla-1.webp?fit=2000%2C2000&ssl=1","contentUrl":"https:\/\/i0.wp.com\/truusk.store\/wp-content\/uploads\/2026\/02\/tradgardsbank-parkbank-lattadesign-vaderbestandig-aluminium-123-x-67-x-79-cm-bla-1.webp?fit=2000%2C2000&ssl=1","width":2000,"height":2000},{"@type":"BreadcrumbList","@id":"https:\/\/truusk.store\/sv\/produkt\/truusk-tradgardsbank-och-parkbank-latt-och-vaderbestandig-aluminium-123-x-67-x-79-cm-bla\/#breadcrumb","itemListElement":[{"@type":"ListItem","position":1,"name":"Home","item":"https:\/\/truusk.store\/sv\/"},{"@type":"ListItem","position":2,"name":"Shop","item":"https:\/\/truusk.store\/shop\/"},{"@type":"ListItem","position":3,"name":"TRUUSK Tr\u00e4dg\u00e5rdsb\u00e4nk och Parkb\u00e4nk &#8211; L\u00e4tt och V\u00e4derbest\u00e4ndig &#8211; Aluminium &#8211; 123 x 67 x 79 cm &#8211; Bl\u00e5"}]},{"@type":"WebSite","@id":"https:\/\/truusk.store\/sv\/#website","url":"https:\/\/truusk.store\/sv\/","name":"TRUUSK - Hem, Tr\u00e4dg\u00e5rd & Fritid","description":"","publisher":{"@id":"https:\/\/truusk.store\/sv\/#organization"},"potentialAction":[{"@type":"SearchAction","target":{"@type":"EntryPoint","urlTemplate":"https:\/\/truusk.store\/sv\/?s={search_term_string}"},"query-input":{"@type":"PropertyValueSpecification","valueRequired":true,"valueName":"search_term_string"}}],"inLanguage":"sv-SE"},{"@type":"Organization","@id":"https:\/\/truusk.store\/sv\/#organization","name":"TRUUSK - Hem, Tr\u00e4dg\u00e5rd & Fritid","url":"https:\/\/truusk.store\/sv\/","logo":{"@type":"ImageObject","inLanguage":"sv-SE","@id":"https:\/\/truusk.store\/sv\/#\/schema\/logo\/image\/","url":"https:\/\/i0.wp.com\/truusk.store\/wp-content\/uploads\/2026\/03\/cropped-TRUUSK.png?fit=2032%2C917&ssl=1","contentUrl":"https:\/\/i0.wp.com\/truusk.store\/wp-content\/uploads\/2026\/03\/cropped-TRUUSK.png?fit=2032%2C917&ssl=1","width":2032,"height":917,"caption":"TRUUSK - Hem, Tr\u00e4dg\u00e5rd & Fritid"},"image":{"@id":"https:\/\/truusk.store\/sv\/#\/schema\/logo\/image\/"}}]}},"jetpack_sharing_enabled":true,"_links":{"self":[{"href":"https:\/\/truusk.store\/sv\/wp-json\/wp\/v2\/product\/104565","targetHints":{"allow":["GET"]}}],"collection":[{"href":"https:\/\/truusk.store\/sv\/wp-json\/wp\/v2\/product"}],"about":[{"href":"https:\/\/truusk.store\/sv\/wp-json\/wp\/v2\/types\/product"}],"wp:featuredmedia":[{"embeddable":true,"href":"https:\/\/truusk.store\/sv\/wp-json\/wp\/v2\/media\/104556"}],"wp:attachment":[{"href":"https:\/\/truusk.store\/sv\/wp-json\/wp\/v2\/media?parent=104565"}],"wp:term":[{"taxonomy":"product_brand","embeddable":true,"href":"https:\/\/truusk.store\/sv\/wp-json\/wp\/v2\/product_brand?post=104565"},{"taxonomy":"product_cat","embeddable":true,"href":"https:\/\/truusk.store\/sv\/wp-json\/wp\/v2\/product_cat?post=104565"},{"taxonomy":"product_tag","embeddable":true,"href":"https:\/\/truusk.store\/sv\/wp-json\/wp\/v2\/product_tag?post=104565"}],"curies":[{"name":"wp","href":"https:\/\/api.w.org\/{rel}","templated":true}]}}