{"id":104597,"date":"2026-02-11T12:42:28","date_gmt":"2026-02-11T11:42:28","guid":{"rendered":"https:\/\/truusk.store\/?post_type=product&#038;p=104597"},"modified":"2026-03-12T08:42:12","modified_gmt":"2026-03-12T07:42:12","slug":"truusk-parasollfot-for-solparasoll-fyllbar-upp-till-30-kg-rund-design-for-36-38-48mm-parasollstangar-svart","status":"publish","type":"product","link":"https:\/\/truusk.store\/sv\/produkt\/truusk-parasollfot-for-solparasoll-fyllbar-upp-till-30-kg-rund-design-for-36-38-48mm-parasollstangar-svart\/","title":{"rendered":"TRUUSK Parasollfot f\u00f6r Solparasoll &#8211; Fyllbar upp till 30 kg &#8211; Rund design &#8211; F\u00f6r 36\/38\/48mm parasollst\u00e5ngar &#8211; Svart"},"content":{"rendered":"<p>Se till att din parasoll alltid st\u00e5r s\u00e4kert med den fyllbara [BRAND NAME] parasollfoten. Denna parasollfot, tillverkad av robust, \u00e5ldersbest\u00e4ndig HDPE-plast, beh\u00f6ver sand eller vatten f\u00f6r att \u00f6ka vikten f\u00f6r optimal stabilitet. Montering \u00e4r enkel tack vare det skruvade st\u00e5ngdesignet. Kombinera den viktade parasollfoten med en tr\u00e4dg\u00e5rdsparasoll f\u00f6r att skapa din personliga skuggoas.<\/p>\n<p>Beskrivning:<\/p>\n<ul>\n<li> Parasollfot l\u00e4mplig f\u00f6r tr\u00e4dg\u00e5rdsparasoller med en diameter under 3 m och en maststorlek p\u00e5 36, 38 eller 48 mm<\/li>\n<li> Tv\u00e5 l\u00e5sknappar f\u00f6r att s\u00e4kra parasollst\u00e4ngerna<\/li>\n<li> V\u00e4ger upp till 30 kg n\u00e4r den \u00e4r fylld med sand, 25 kg n\u00e4r den \u00e4r fylld med vatten<\/li>\n<li> Parasollfoten \u00e4r tillverkad av \u00e5tervinningsbar och \u00e5ldersbest\u00e4ndig HDPE-plast f\u00f6r utomhusbruk<\/li>\n<li> Parasollfoten \u00e4r l\u00e4mplig f\u00f6r din tr\u00e4dg\u00e5rd, terrassen, poolomr\u00e5det eller andra utomhusomr\u00e5den<\/li>\n<li> Enkel montering kr\u00e4vs<\/li>\n<\/ul>\n<p> Tekniska data:<\/p>\n<ul>\n<li> F\u00e4rg: Svart<\/li>\n<li> Material: Plast, Metall<\/li>\n<li> Totala dimensioner: \u00d856 x 40H cm<\/li>\n<li> Storlek p\u00e5 basen: \u00d856 x 16H cm<\/li>\n<li> St\u00e5ngstorlek: \u00d85,6 x 35H cm<\/li>\n<li> Nettovikt: 2,6 kg<\/li>\n<li> Vikt efter fyllning: Sand 30 kg, Vatten 25 kg<\/li>\n<li> Passar f\u00f6r parasollst\u00e5ng: \u00d836 mm, \u00d838 mm, \u00d848 mm<\/li>\n<li> Passar f\u00f6r parasolldiameter: Under 3 m<\/li>\n<li> Obs: L\u00e4mplig [BRAND NAME] parasoll f\u00f6r\u00e4ldra-SKU: X-840-070, X-84D-235 och X-84D-177, v\u00e4nligen kontakta oss f\u00f6r produktl\u00e4nkar om det beh\u00f6vs<\/li>\n<\/ul>\n<p>Leveransinneh\u00e5ll:<\/p>\n<ul>\n<li> 1 x Parasollfot<\/li>\n<li> 1 x Bruksanvisning<\/li>\n<\/ul>\n","protected":false},"excerpt":{"rendered":"<p>Se till att din parasoll alltid st\u00e5r s\u00e4kert med den fyllbara [BRAND NAME] parasollfoten. Denna parasollfot, tillverkad av robust, \u00e5ldersbest\u00e4ndig&#8230;<\/p>\n","protected":false},"featured_media":104586,"template":"","meta":[],"product_brand":[],"product_cat":[886,866,885,858],"product_tag":[],"class_list":{"0":"post-104597","1":"product","2":"type-product","3":"status-publish","4":"has-post-thumbnail","6":"product_cat-schirmstander","7":"product_cat-sol-och-insynsskydd","8":"product_cat-tillbehor-till-parasoller","9":"product_cat-tradgard-terrass","11":"first","12":"instock","13":"sale","14":"taxable","15":"shipping-taxable","16":"purchasable","17":"product-type-simple"},"yoast_head":"<!-- This site is optimized with the Yoast SEO plugin v25.4 - https:\/\/yoast.com\/wordpress\/plugins\/seo\/ -->\n<title>TRUUSK Parasollfot f\u00f6r Solparasoll - Fyllbar upp till 30 kg - Rund design - F\u00f6r 36\/38\/48mm parasollst\u00e5ngar - Svart - TRUUSK - Hem, Tr\u00e4dg\u00e5rd &amp; Fritid<\/title>\n<meta name=\"robots\" content=\"index, follow, max-snippet:-1, max-image-preview:large, max-video-preview:-1\" \/>\n<link rel=\"canonical\" href=\"https:\/\/truusk.store\/sv\/produkt\/truusk-parasollfot-for-solparasoll-fyllbar-upp-till-30-kg-rund-design-for-36-38-48mm-parasollstangar-svart\/\" \/>\n<meta property=\"og:locale\" content=\"sv_SE\" \/>\n<meta property=\"og:type\" content=\"article\" \/>\n<meta property=\"og:title\" content=\"TRUUSK Parasollfot f\u00f6r Solparasoll - Fyllbar upp till 30 kg - Rund design - F\u00f6r 36\/38\/48mm parasollst\u00e5ngar - Svart - TRUUSK - Hem, Tr\u00e4dg\u00e5rd &amp; Fritid\" \/>\n<meta property=\"og:description\" content=\"Se till att din parasoll alltid st\u00e5r s\u00e4kert med den fyllbara [BRAND NAME] parasollfoten. Denna parasollfot, tillverkad av robust, \u00e5ldersbest\u00e4ndig...\" \/>\n<meta property=\"og:url\" content=\"https:\/\/truusk.store\/sv\/produkt\/truusk-parasollfot-for-solparasoll-fyllbar-upp-till-30-kg-rund-design-for-36-38-48mm-parasollstangar-svart\/\" \/>\n<meta property=\"og:site_name\" content=\"TRUUSK - Hem, Tr\u00e4dg\u00e5rd &amp; Fritid\" \/>\n<meta property=\"article:modified_time\" content=\"2026-03-12T07:42:12+00:00\" \/>\n<meta property=\"og:image\" content=\"https:\/\/i0.wp.com\/truusk.se\/wp-content\/uploads\/2026\/02\/parasollfot-fyllbar-upp-till-30-kg-rund-parasollhallare-for-solparasoll-36-38-48mm-svart-1.webp?fit=2000%2C2000&ssl=1\" \/>\n\t<meta property=\"og:image:width\" content=\"2000\" \/>\n\t<meta property=\"og:image:height\" content=\"2000\" \/>\n\t<meta property=\"og:image:type\" content=\"image\/webp\" \/>\n<meta name=\"twitter:card\" content=\"summary_large_image\" \/>\n<meta name=\"twitter:label1\" content=\"Ber\u00e4knad l\u00e4stid\" \/>\n\t<meta name=\"twitter:data1\" content=\"1 minut\" \/>\n<!-- \/ Yoast SEO plugin. -->","yoast_head_json":{"title":"TRUUSK Parasollfot f\u00f6r Solparasoll - Fyllbar upp till 30 kg - Rund design - F\u00f6r 36\/38\/48mm parasollst\u00e5ngar - Svart - TRUUSK - Hem, Tr\u00e4dg\u00e5rd &amp; Fritid","robots":{"index":"index","follow":"follow","max-snippet":"max-snippet:-1","max-image-preview":"max-image-preview:large","max-video-preview":"max-video-preview:-1"},"canonical":"https:\/\/truusk.store\/sv\/produkt\/truusk-parasollfot-for-solparasoll-fyllbar-upp-till-30-kg-rund-design-for-36-38-48mm-parasollstangar-svart\/","og_locale":"sv_SE","og_type":"article","og_title":"TRUUSK Parasollfot f\u00f6r Solparasoll - Fyllbar upp till 30 kg - Rund design - F\u00f6r 36\/38\/48mm parasollst\u00e5ngar - Svart - TRUUSK - Hem, Tr\u00e4dg\u00e5rd &amp; Fritid","og_description":"Se till att din parasoll alltid st\u00e5r s\u00e4kert med den fyllbara [BRAND NAME] parasollfoten. Denna parasollfot, tillverkad av robust, \u00e5ldersbest\u00e4ndig...","og_url":"https:\/\/truusk.store\/sv\/produkt\/truusk-parasollfot-for-solparasoll-fyllbar-upp-till-30-kg-rund-design-for-36-38-48mm-parasollstangar-svart\/","og_site_name":"TRUUSK - Hem, Tr\u00e4dg\u00e5rd &amp; Fritid","article_modified_time":"2026-03-12T07:42:12+00:00","og_image":[{"width":2000,"height":2000,"url":"https:\/\/i0.wp.com\/truusk.se\/wp-content\/uploads\/2026\/02\/parasollfot-fyllbar-upp-till-30-kg-rund-parasollhallare-for-solparasoll-36-38-48mm-svart-1.webp?fit=2000%2C2000&ssl=1","type":"image\/webp"}],"twitter_card":"summary_large_image","twitter_misc":{"Ber\u00e4knad l\u00e4stid":"1 minut"},"schema":{"@context":"https:\/\/schema.org","@graph":[{"@type":"WebPage","@id":"https:\/\/truusk.store\/sv\/produkt\/truusk-parasollfot-for-solparasoll-fyllbar-upp-till-30-kg-rund-design-for-36-38-48mm-parasollstangar-svart\/","url":"https:\/\/truusk.store\/sv\/produkt\/truusk-parasollfot-for-solparasoll-fyllbar-upp-till-30-kg-rund-design-for-36-38-48mm-parasollstangar-svart\/","name":"TRUUSK Parasollfot f\u00f6r Solparasoll - Fyllbar upp till 30 kg - Rund design - F\u00f6r 36\/38\/48mm parasollst\u00e5ngar - Svart - TRUUSK - Hem, Tr\u00e4dg\u00e5rd &amp; Fritid","isPartOf":{"@id":"https:\/\/truusk.store\/sv\/#website"},"primaryImageOfPage":{"@id":"https:\/\/truusk.store\/sv\/produkt\/truusk-parasollfot-for-solparasoll-fyllbar-upp-till-30-kg-rund-design-for-36-38-48mm-parasollstangar-svart\/#primaryimage"},"image":{"@id":"https:\/\/truusk.store\/sv\/produkt\/truusk-parasollfot-for-solparasoll-fyllbar-upp-till-30-kg-rund-design-for-36-38-48mm-parasollstangar-svart\/#primaryimage"},"thumbnailUrl":"https:\/\/i0.wp.com\/truusk.store\/wp-content\/uploads\/2026\/02\/parasollfot-fyllbar-upp-till-30-kg-rund-parasollhallare-for-solparasoll-36-38-48mm-svart-1.webp?fit=2000%2C2000&ssl=1","datePublished":"2026-02-11T11:42:28+00:00","dateModified":"2026-03-12T07:42:12+00:00","breadcrumb":{"@id":"https:\/\/truusk.store\/sv\/produkt\/truusk-parasollfot-for-solparasoll-fyllbar-upp-till-30-kg-rund-design-for-36-38-48mm-parasollstangar-svart\/#breadcrumb"},"inLanguage":"sv-SE","potentialAction":[{"@type":"ReadAction","target":["https:\/\/truusk.store\/sv\/produkt\/truusk-parasollfot-for-solparasoll-fyllbar-upp-till-30-kg-rund-design-for-36-38-48mm-parasollstangar-svart\/"]}]},{"@type":"ImageObject","inLanguage":"sv-SE","@id":"https:\/\/truusk.store\/sv\/produkt\/truusk-parasollfot-for-solparasoll-fyllbar-upp-till-30-kg-rund-design-for-36-38-48mm-parasollstangar-svart\/#primaryimage","url":"https:\/\/i0.wp.com\/truusk.store\/wp-content\/uploads\/2026\/02\/parasollfot-fyllbar-upp-till-30-kg-rund-parasollhallare-for-solparasoll-36-38-48mm-svart-1.webp?fit=2000%2C2000&ssl=1","contentUrl":"https:\/\/i0.wp.com\/truusk.store\/wp-content\/uploads\/2026\/02\/parasollfot-fyllbar-upp-till-30-kg-rund-parasollhallare-for-solparasoll-36-38-48mm-svart-1.webp?fit=2000%2C2000&ssl=1","width":2000,"height":2000},{"@type":"BreadcrumbList","@id":"https:\/\/truusk.store\/sv\/produkt\/truusk-parasollfot-for-solparasoll-fyllbar-upp-till-30-kg-rund-design-for-36-38-48mm-parasollstangar-svart\/#breadcrumb","itemListElement":[{"@type":"ListItem","position":1,"name":"Home","item":"https:\/\/truusk.store\/sv\/"},{"@type":"ListItem","position":2,"name":"Shop","item":"https:\/\/truusk.store\/shop\/"},{"@type":"ListItem","position":3,"name":"TRUUSK Parasollfot f\u00f6r Solparasoll &#8211; Fyllbar upp till 30 kg &#8211; Rund design &#8211; F\u00f6r 36\/38\/48mm parasollst\u00e5ngar &#8211; Svart"}]},{"@type":"WebSite","@id":"https:\/\/truusk.store\/sv\/#website","url":"https:\/\/truusk.store\/sv\/","name":"TRUUSK - Hem, Tr\u00e4dg\u00e5rd & Fritid","description":"","publisher":{"@id":"https:\/\/truusk.store\/sv\/#organization"},"potentialAction":[{"@type":"SearchAction","target":{"@type":"EntryPoint","urlTemplate":"https:\/\/truusk.store\/sv\/?s={search_term_string}"},"query-input":{"@type":"PropertyValueSpecification","valueRequired":true,"valueName":"search_term_string"}}],"inLanguage":"sv-SE"},{"@type":"Organization","@id":"https:\/\/truusk.store\/sv\/#organization","name":"TRUUSK - Hem, Tr\u00e4dg\u00e5rd & Fritid","url":"https:\/\/truusk.store\/sv\/","logo":{"@type":"ImageObject","inLanguage":"sv-SE","@id":"https:\/\/truusk.store\/sv\/#\/schema\/logo\/image\/","url":"https:\/\/i0.wp.com\/truusk.store\/wp-content\/uploads\/2026\/03\/cropped-TRUUSK.png?fit=2032%2C917&ssl=1","contentUrl":"https:\/\/i0.wp.com\/truusk.store\/wp-content\/uploads\/2026\/03\/cropped-TRUUSK.png?fit=2032%2C917&ssl=1","width":2032,"height":917,"caption":"TRUUSK - Hem, Tr\u00e4dg\u00e5rd & Fritid"},"image":{"@id":"https:\/\/truusk.store\/sv\/#\/schema\/logo\/image\/"}}]}},"jetpack_sharing_enabled":true,"_links":{"self":[{"href":"https:\/\/truusk.store\/sv\/wp-json\/wp\/v2\/product\/104597","targetHints":{"allow":["GET"]}}],"collection":[{"href":"https:\/\/truusk.store\/sv\/wp-json\/wp\/v2\/product"}],"about":[{"href":"https:\/\/truusk.store\/sv\/wp-json\/wp\/v2\/types\/product"}],"wp:featuredmedia":[{"embeddable":true,"href":"https:\/\/truusk.store\/sv\/wp-json\/wp\/v2\/media\/104586"}],"wp:attachment":[{"href":"https:\/\/truusk.store\/sv\/wp-json\/wp\/v2\/media?parent=104597"}],"wp:term":[{"taxonomy":"product_brand","embeddable":true,"href":"https:\/\/truusk.store\/sv\/wp-json\/wp\/v2\/product_brand?post=104597"},{"taxonomy":"product_cat","embeddable":true,"href":"https:\/\/truusk.store\/sv\/wp-json\/wp\/v2\/product_cat?post=104597"},{"taxonomy":"product_tag","embeddable":true,"href":"https:\/\/truusk.store\/sv\/wp-json\/wp\/v2\/product_tag?post=104597"}],"curies":[{"name":"wp","href":"https:\/\/api.w.org\/{rel}","templated":true}]}}