{"id":104606,"date":"2026-02-11T12:43:12","date_gmt":"2026-02-11T11:43:12","guid":{"rendered":"https:\/\/truusk.store\/?post_type=product&#038;p=104606"},"modified":"2026-03-12T08:42:18","modified_gmt":"2026-03-12T07:42:18","slug":"truusk-parasollfot-med-hjul-trautseende-rullbar-bas-for-tradgardsparasoll-metall-betong-ljusbrun","status":"publish","type":"product","link":"https:\/\/truusk.store\/sv\/produkt\/truusk-parasollfot-med-hjul-trautseende-rullbar-bas-for-tradgardsparasoll-metall-betong-ljusbrun\/","title":{"rendered":"TRUUSK Parasollfot med Hjul &#8211; Tr\u00e4utseende &#8211; Rullbar Bas f\u00f6r Tr\u00e4dg\u00e5rdsparasoll &#8211; Metall &#8211; Betong &#8211; Ljusbrun"},"content":{"rendered":"<p>Denna stilfulla [BRAND NAME] parasollfot med hjul i metall med tr\u00e4liknande utseende passar perfekt i din tr\u00e4dg\u00e5rd eller p\u00e5 din terrass. St\u00e4ll upp ditt parasoll tillsammans med ett bord och stolar f\u00f6r att skapa en mysig och skuggig oas. V\u00e5r viktade rullbara parasollfot s\u00e4krar ditt parasoll fast och stabilt, s\u00e5 att du kan njuta av behaglig skugga helt avslappnat.<\/p>\n<p>Beskrivning:<\/p>\n<ul>\n<li> Parasollfoten med hjul \u00e4r l\u00e4mplig f\u00f6r parasoll med en maximal diameter p\u00e5 3 m och maststorlekar p\u00e5 36, 38 och 48 mm<\/li>\n<li> Parasollfoten \u00e4r tillverkad av pulverlackerat metall, fylld med betong<\/li>\n<li> Med en vikt p\u00e5 26 kg h\u00e5ller denna parasollfot ditt parasoll s\u00e4kert \u00e4ven vid kraftigt regn och vind<\/li>\n<li> 4 hjul g\u00f6r att ditt parasoll f\u00f6rblir mobilt, med bromsar f\u00f6r att h\u00e5lla det p\u00e5 plats<\/li>\n<li> L\u00e4mplig f\u00f6r anv\u00e4ndning i din tr\u00e4dg\u00e5rd, p\u00e5 terrassen, vid poolen eller i andra utomhusomr\u00e5den<\/li>\n<li> Monteringen kr\u00e4vs<\/li>\n<\/ul>\n<p> Tekniska data:<\/p>\n<ul>\n<li> F\u00e4rg: Naturtr\u00e4<\/li>\n<li> Material: Betong, Metall<\/li>\n<li> Totala dimensioner: 45L x 45B x 48H cm<\/li>\n<li> Storlek p\u00e5 basplattan: 45L x 45B x 6H cm<\/li>\n<li> St\u00e5ngstorlek: \u00d85,7 x 36H cm<\/li>\n<li> Passar f\u00f6r parasollst\u00e5ng: \u00d836 mm, \u00d838 mm, \u00d848 mm<\/li>\n<li> Passar f\u00f6r parasolldiameter: Under 3 m<\/li>\n<\/ul>\n<p>Leveransinneh\u00e5ll:<\/p>\n<ul>\n<li> 1 x Parasollfot<\/li>\n<li> 1 x Bruksanvisning<\/li>\n<\/ul>\n","protected":false},"excerpt":{"rendered":"<p>Denna stilfulla [BRAND NAME] parasollfot med hjul i metall med tr\u00e4liknande utseende passar perfekt i din tr\u00e4dg\u00e5rd eller p\u00e5 din&#8230;<\/p>\n","protected":false},"featured_media":104594,"template":"","meta":[],"product_brand":[],"product_cat":[886,866,885,858],"product_tag":[],"class_list":{"0":"post-104606","1":"product","2":"type-product","3":"status-publish","4":"has-post-thumbnail","6":"product_cat-schirmstander","7":"product_cat-sol-och-insynsskydd","8":"product_cat-tillbehor-till-parasoller","9":"product_cat-tradgard-terrass","11":"first","12":"instock","13":"sale","14":"taxable","15":"shipping-taxable","16":"purchasable","17":"product-type-simple"},"yoast_head":"<!-- This site is optimized with the Yoast SEO plugin v25.4 - https:\/\/yoast.com\/wordpress\/plugins\/seo\/ -->\n<title>TRUUSK Parasollfot med Hjul - Tr\u00e4utseende - Rullbar Bas f\u00f6r Tr\u00e4dg\u00e5rdsparasoll - Metall - Betong - Ljusbrun - TRUUSK - Hem, Tr\u00e4dg\u00e5rd &amp; Fritid<\/title>\n<meta name=\"robots\" content=\"index, follow, max-snippet:-1, max-image-preview:large, max-video-preview:-1\" \/>\n<link rel=\"canonical\" href=\"https:\/\/truusk.store\/sv\/produkt\/truusk-parasollfot-med-hjul-trautseende-rullbar-bas-for-tradgardsparasoll-metall-betong-ljusbrun\/\" \/>\n<meta property=\"og:locale\" content=\"sv_SE\" \/>\n<meta property=\"og:type\" content=\"article\" \/>\n<meta property=\"og:title\" content=\"TRUUSK Parasollfot med Hjul - Tr\u00e4utseende - Rullbar Bas f\u00f6r Tr\u00e4dg\u00e5rdsparasoll - Metall - Betong - Ljusbrun - TRUUSK - Hem, Tr\u00e4dg\u00e5rd &amp; Fritid\" \/>\n<meta property=\"og:description\" content=\"Denna stilfulla [BRAND NAME] parasollfot med hjul i metall med tr\u00e4liknande utseende passar perfekt i din tr\u00e4dg\u00e5rd eller p\u00e5 din...\" \/>\n<meta property=\"og:url\" content=\"https:\/\/truusk.store\/sv\/produkt\/truusk-parasollfot-med-hjul-trautseende-rullbar-bas-for-tradgardsparasoll-metall-betong-ljusbrun\/\" \/>\n<meta property=\"og:site_name\" content=\"TRUUSK - Hem, Tr\u00e4dg\u00e5rd &amp; Fritid\" \/>\n<meta property=\"article:modified_time\" content=\"2026-03-12T07:42:18+00:00\" \/>\n<meta property=\"og:image\" content=\"https:\/\/i0.wp.com\/truusk.se\/wp-content\/uploads\/2026\/02\/parasollfot-solskyddsbas-med-hjul-trautseende-rullbar-bas-for-tradgardsparasoll-metall-betong-ljusbrun-1.webp?fit=2000%2C2000&ssl=1\" \/>\n\t<meta property=\"og:image:width\" content=\"2000\" \/>\n\t<meta property=\"og:image:height\" content=\"2000\" \/>\n\t<meta property=\"og:image:type\" content=\"image\/webp\" \/>\n<meta name=\"twitter:card\" content=\"summary_large_image\" \/>\n<meta name=\"twitter:label1\" content=\"Ber\u00e4knad l\u00e4stid\" \/>\n\t<meta name=\"twitter:data1\" content=\"1 minut\" \/>\n<!-- \/ Yoast SEO plugin. -->","yoast_head_json":{"title":"TRUUSK Parasollfot med Hjul - Tr\u00e4utseende - Rullbar Bas f\u00f6r Tr\u00e4dg\u00e5rdsparasoll - Metall - Betong - Ljusbrun - TRUUSK - Hem, Tr\u00e4dg\u00e5rd &amp; Fritid","robots":{"index":"index","follow":"follow","max-snippet":"max-snippet:-1","max-image-preview":"max-image-preview:large","max-video-preview":"max-video-preview:-1"},"canonical":"https:\/\/truusk.store\/sv\/produkt\/truusk-parasollfot-med-hjul-trautseende-rullbar-bas-for-tradgardsparasoll-metall-betong-ljusbrun\/","og_locale":"sv_SE","og_type":"article","og_title":"TRUUSK Parasollfot med Hjul - Tr\u00e4utseende - Rullbar Bas f\u00f6r Tr\u00e4dg\u00e5rdsparasoll - Metall - Betong - Ljusbrun - TRUUSK - Hem, Tr\u00e4dg\u00e5rd &amp; Fritid","og_description":"Denna stilfulla [BRAND NAME] parasollfot med hjul i metall med tr\u00e4liknande utseende passar perfekt i din tr\u00e4dg\u00e5rd eller p\u00e5 din...","og_url":"https:\/\/truusk.store\/sv\/produkt\/truusk-parasollfot-med-hjul-trautseende-rullbar-bas-for-tradgardsparasoll-metall-betong-ljusbrun\/","og_site_name":"TRUUSK - Hem, Tr\u00e4dg\u00e5rd &amp; Fritid","article_modified_time":"2026-03-12T07:42:18+00:00","og_image":[{"width":2000,"height":2000,"url":"https:\/\/i0.wp.com\/truusk.se\/wp-content\/uploads\/2026\/02\/parasollfot-solskyddsbas-med-hjul-trautseende-rullbar-bas-for-tradgardsparasoll-metall-betong-ljusbrun-1.webp?fit=2000%2C2000&ssl=1","type":"image\/webp"}],"twitter_card":"summary_large_image","twitter_misc":{"Ber\u00e4knad l\u00e4stid":"1 minut"},"schema":{"@context":"https:\/\/schema.org","@graph":[{"@type":"WebPage","@id":"https:\/\/truusk.store\/sv\/produkt\/truusk-parasollfot-med-hjul-trautseende-rullbar-bas-for-tradgardsparasoll-metall-betong-ljusbrun\/","url":"https:\/\/truusk.store\/sv\/produkt\/truusk-parasollfot-med-hjul-trautseende-rullbar-bas-for-tradgardsparasoll-metall-betong-ljusbrun\/","name":"TRUUSK Parasollfot med Hjul - Tr\u00e4utseende - Rullbar Bas f\u00f6r Tr\u00e4dg\u00e5rdsparasoll - Metall - Betong - Ljusbrun - TRUUSK - Hem, Tr\u00e4dg\u00e5rd &amp; Fritid","isPartOf":{"@id":"https:\/\/truusk.store\/sv\/#website"},"primaryImageOfPage":{"@id":"https:\/\/truusk.store\/sv\/produkt\/truusk-parasollfot-med-hjul-trautseende-rullbar-bas-for-tradgardsparasoll-metall-betong-ljusbrun\/#primaryimage"},"image":{"@id":"https:\/\/truusk.store\/sv\/produkt\/truusk-parasollfot-med-hjul-trautseende-rullbar-bas-for-tradgardsparasoll-metall-betong-ljusbrun\/#primaryimage"},"thumbnailUrl":"https:\/\/i0.wp.com\/truusk.store\/wp-content\/uploads\/2026\/02\/parasollfot-solskyddsbas-med-hjul-trautseende-rullbar-bas-for-tradgardsparasoll-metall-betong-ljusbrun-1.webp?fit=2000%2C2000&ssl=1","datePublished":"2026-02-11T11:43:12+00:00","dateModified":"2026-03-12T07:42:18+00:00","breadcrumb":{"@id":"https:\/\/truusk.store\/sv\/produkt\/truusk-parasollfot-med-hjul-trautseende-rullbar-bas-for-tradgardsparasoll-metall-betong-ljusbrun\/#breadcrumb"},"inLanguage":"sv-SE","potentialAction":[{"@type":"ReadAction","target":["https:\/\/truusk.store\/sv\/produkt\/truusk-parasollfot-med-hjul-trautseende-rullbar-bas-for-tradgardsparasoll-metall-betong-ljusbrun\/"]}]},{"@type":"ImageObject","inLanguage":"sv-SE","@id":"https:\/\/truusk.store\/sv\/produkt\/truusk-parasollfot-med-hjul-trautseende-rullbar-bas-for-tradgardsparasoll-metall-betong-ljusbrun\/#primaryimage","url":"https:\/\/i0.wp.com\/truusk.store\/wp-content\/uploads\/2026\/02\/parasollfot-solskyddsbas-med-hjul-trautseende-rullbar-bas-for-tradgardsparasoll-metall-betong-ljusbrun-1.webp?fit=2000%2C2000&ssl=1","contentUrl":"https:\/\/i0.wp.com\/truusk.store\/wp-content\/uploads\/2026\/02\/parasollfot-solskyddsbas-med-hjul-trautseende-rullbar-bas-for-tradgardsparasoll-metall-betong-ljusbrun-1.webp?fit=2000%2C2000&ssl=1","width":2000,"height":2000},{"@type":"BreadcrumbList","@id":"https:\/\/truusk.store\/sv\/produkt\/truusk-parasollfot-med-hjul-trautseende-rullbar-bas-for-tradgardsparasoll-metall-betong-ljusbrun\/#breadcrumb","itemListElement":[{"@type":"ListItem","position":1,"name":"Home","item":"https:\/\/truusk.store\/sv\/"},{"@type":"ListItem","position":2,"name":"Shop","item":"https:\/\/truusk.store\/shop\/"},{"@type":"ListItem","position":3,"name":"TRUUSK Parasollfot med Hjul &#8211; Tr\u00e4utseende &#8211; Rullbar Bas f\u00f6r Tr\u00e4dg\u00e5rdsparasoll &#8211; Metall &#8211; Betong &#8211; Ljusbrun"}]},{"@type":"WebSite","@id":"https:\/\/truusk.store\/sv\/#website","url":"https:\/\/truusk.store\/sv\/","name":"TRUUSK - Hem, Tr\u00e4dg\u00e5rd & Fritid","description":"","publisher":{"@id":"https:\/\/truusk.store\/sv\/#organization"},"potentialAction":[{"@type":"SearchAction","target":{"@type":"EntryPoint","urlTemplate":"https:\/\/truusk.store\/sv\/?s={search_term_string}"},"query-input":{"@type":"PropertyValueSpecification","valueRequired":true,"valueName":"search_term_string"}}],"inLanguage":"sv-SE"},{"@type":"Organization","@id":"https:\/\/truusk.store\/sv\/#organization","name":"TRUUSK - Hem, Tr\u00e4dg\u00e5rd & Fritid","url":"https:\/\/truusk.store\/sv\/","logo":{"@type":"ImageObject","inLanguage":"sv-SE","@id":"https:\/\/truusk.store\/sv\/#\/schema\/logo\/image\/","url":"https:\/\/i0.wp.com\/truusk.store\/wp-content\/uploads\/2026\/03\/cropped-TRUUSK.png?fit=2032%2C917&ssl=1","contentUrl":"https:\/\/i0.wp.com\/truusk.store\/wp-content\/uploads\/2026\/03\/cropped-TRUUSK.png?fit=2032%2C917&ssl=1","width":2032,"height":917,"caption":"TRUUSK - Hem, Tr\u00e4dg\u00e5rd & Fritid"},"image":{"@id":"https:\/\/truusk.store\/sv\/#\/schema\/logo\/image\/"}}]}},"jetpack_sharing_enabled":true,"_links":{"self":[{"href":"https:\/\/truusk.store\/sv\/wp-json\/wp\/v2\/product\/104606","targetHints":{"allow":["GET"]}}],"collection":[{"href":"https:\/\/truusk.store\/sv\/wp-json\/wp\/v2\/product"}],"about":[{"href":"https:\/\/truusk.store\/sv\/wp-json\/wp\/v2\/types\/product"}],"wp:featuredmedia":[{"embeddable":true,"href":"https:\/\/truusk.store\/sv\/wp-json\/wp\/v2\/media\/104594"}],"wp:attachment":[{"href":"https:\/\/truusk.store\/sv\/wp-json\/wp\/v2\/media?parent=104606"}],"wp:term":[{"taxonomy":"product_brand","embeddable":true,"href":"https:\/\/truusk.store\/sv\/wp-json\/wp\/v2\/product_brand?post=104606"},{"taxonomy":"product_cat","embeddable":true,"href":"https:\/\/truusk.store\/sv\/wp-json\/wp\/v2\/product_cat?post=104606"},{"taxonomy":"product_tag","embeddable":true,"href":"https:\/\/truusk.store\/sv\/wp-json\/wp\/v2\/product_tag?post=104606"}],"curies":[{"name":"wp","href":"https:\/\/api.w.org\/{rel}","templated":true}]}}