{"id":104637,"date":"2026-02-13T20:34:13","date_gmt":"2026-02-13T19:34:13","guid":{"rendered":"https:\/\/truusk.store\/product\/vertikalmarkis-hojdjusterbar-kedjedrag-inkl-krokar-124-cm-x-222-cm-morkgra\/"},"modified":"2026-03-12T09:19:05","modified_gmt":"2026-03-12T08:19:05","slug":"truusk-vertikalmarkis-hojdjusterbar-kedjedrag-inkl-krokar-124-cm-x-222-cm-morkgra","status":"publish","type":"product","link":"https:\/\/truusk.store\/sv\/produkt\/truusk-vertikalmarkis-hojdjusterbar-kedjedrag-inkl-krokar-124-cm-x-222-cm-morkgra\/","title":{"rendered":"TRUUSK Vertikalmarkis &#8211; H\u00f6jdjusterbar &#8211; Kedjedrag &#8211; Inkl. Krokar &#8211; 124 cm x 222 cm &#8211; M\u00f6rkgr\u00e5"},"content":{"rendered":"<p>Denna vertikala markis fr\u00e5n [BRAND NAME] ger dig mycket skugga p\u00e5 soliga dagar. V\u00e5rt parasoll ger dig och dina tr\u00e4dg\u00e5rdsm\u00f6bler solskydd och skyddar dig mot direkt solljus. Med sina justerbara krokar kan den h\u00e4ngas upp n\u00e4stan var som helst, perfekt f\u00f6r verandor, terrasser, d\u00e4ck och \u00f6verallt d\u00e4r du beh\u00f6ver solskydd.<\/p>\n<p>Beskrivning:<\/p>\n<ul>\n<li> F\u00f6rhindrar intensivt solljus och skyddar din integritet<\/li>\n<li> Enkel justering med rep och enkel upprullning och nedrullning av rullgardinen<\/li>\n<li> Justerbar markisf\u00e4stning f\u00f6r 3-6 cm breda r\u00e4cken<\/li>\n<li> Solid aluminium- och st\u00e5lram<\/li>\n<li> L\u00e4mplig f\u00f6r terrass, veranda, bakg\u00e5rd, paviljong, d\u00e4ck, balkong, etc<\/li>\n<\/ul>\n<p>Tekniska data:<\/p>\n<ul>\n<li> F\u00e4rg: M\u00f6rkgr\u00e5<\/li>\n<li> Material: Aluminium, st\u00e5l, polyester<\/li>\n<li> Totala m\u00e5tt: 124B x 222H cm<\/li>\n<li> Tygets storlek: 122B x 216H cm<\/li>\n<li> Passar f\u00f6r r\u00e4ckbredd: 3-6 cm<\/li>\n<\/ul>\n<p>Leveransinneh\u00e5ll:<\/p>\n<ul>\n<li> 1 x Terrass-rullgardin<\/li>\n<li> Set med skruvar<\/li>\n<li> 1 x Instruktioner<\/li>\n<\/ul>\n","protected":false},"excerpt":{"rendered":"<p>Denna vertikala markis fr\u00e5n [BRAND NAME] ger dig mycket skugga p\u00e5 soliga dagar. V\u00e5rt parasoll ger dig och dina tr\u00e4dg\u00e5rdsm\u00f6bler&#8230;<\/p>\n","protected":false},"featured_media":104626,"template":"","meta":[],"product_brand":[],"product_cat":[867,1023,963],"product_tag":[],"class_list":{"0":"post-104637","1":"product","2":"type-product","3":"status-publish","4":"has-post-thumbnail","6":"product_cat-byggmarknad","7":"product_cat-rullgardiner","8":"product_cat-runt-om-huset","10":"first","11":"instock","12":"sale","13":"taxable","14":"shipping-taxable","15":"purchasable","16":"product-type-simple"},"yoast_head":"<!-- This site is optimized with the Yoast SEO plugin v25.4 - https:\/\/yoast.com\/wordpress\/plugins\/seo\/ -->\n<title>TRUUSK Vertikalmarkis - H\u00f6jdjusterbar - Kedjedrag - Inkl. Krokar - 124 cm x 222 cm - M\u00f6rkgr\u00e5 - TRUUSK - Hem, Tr\u00e4dg\u00e5rd &amp; Fritid<\/title>\n<meta name=\"robots\" content=\"index, follow, max-snippet:-1, max-image-preview:large, max-video-preview:-1\" \/>\n<link rel=\"canonical\" href=\"https:\/\/truusk.store\/sv\/produkt\/truusk-vertikalmarkis-hojdjusterbar-kedjedrag-inkl-krokar-124-cm-x-222-cm-morkgra\/\" \/>\n<meta property=\"og:locale\" content=\"sv_SE\" \/>\n<meta property=\"og:type\" content=\"article\" \/>\n<meta property=\"og:title\" content=\"TRUUSK Vertikalmarkis - H\u00f6jdjusterbar - Kedjedrag - Inkl. Krokar - 124 cm x 222 cm - M\u00f6rkgr\u00e5 - TRUUSK - Hem, Tr\u00e4dg\u00e5rd &amp; Fritid\" \/>\n<meta property=\"og:description\" content=\"Denna vertikala markis fr\u00e5n [BRAND NAME] ger dig mycket skugga p\u00e5 soliga dagar. V\u00e5rt parasoll ger dig och dina tr\u00e4dg\u00e5rdsm\u00f6bler...\" \/>\n<meta property=\"og:url\" content=\"https:\/\/truusk.store\/sv\/produkt\/truusk-vertikalmarkis-hojdjusterbar-kedjedrag-inkl-krokar-124-cm-x-222-cm-morkgra\/\" \/>\n<meta property=\"og:site_name\" content=\"TRUUSK - Hem, Tr\u00e4dg\u00e5rd &amp; Fritid\" \/>\n<meta property=\"article:modified_time\" content=\"2026-03-12T08:19:05+00:00\" \/>\n<meta property=\"og:image\" content=\"https:\/\/i0.wp.com\/truusk.se\/wp-content\/uploads\/2026\/02\/vertikalmarkis-hojdjusterbar-kedjedrag-inkl-krokar-124-cm-x-222-cm-morkgra-1.webp?fit=2000%2C2000&ssl=1\" \/>\n\t<meta property=\"og:image:width\" content=\"2000\" \/>\n\t<meta property=\"og:image:height\" content=\"2000\" \/>\n\t<meta property=\"og:image:type\" content=\"image\/webp\" \/>\n<meta name=\"twitter:card\" content=\"summary_large_image\" \/>\n<meta name=\"twitter:label1\" content=\"Ber\u00e4knad l\u00e4stid\" \/>\n\t<meta name=\"twitter:data1\" content=\"1 minut\" \/>\n<!-- \/ Yoast SEO plugin. -->","yoast_head_json":{"title":"TRUUSK Vertikalmarkis - H\u00f6jdjusterbar - Kedjedrag - Inkl. Krokar - 124 cm x 222 cm - M\u00f6rkgr\u00e5 - TRUUSK - Hem, Tr\u00e4dg\u00e5rd &amp; Fritid","robots":{"index":"index","follow":"follow","max-snippet":"max-snippet:-1","max-image-preview":"max-image-preview:large","max-video-preview":"max-video-preview:-1"},"canonical":"https:\/\/truusk.store\/sv\/produkt\/truusk-vertikalmarkis-hojdjusterbar-kedjedrag-inkl-krokar-124-cm-x-222-cm-morkgra\/","og_locale":"sv_SE","og_type":"article","og_title":"TRUUSK Vertikalmarkis - H\u00f6jdjusterbar - Kedjedrag - Inkl. Krokar - 124 cm x 222 cm - M\u00f6rkgr\u00e5 - TRUUSK - Hem, Tr\u00e4dg\u00e5rd &amp; Fritid","og_description":"Denna vertikala markis fr\u00e5n [BRAND NAME] ger dig mycket skugga p\u00e5 soliga dagar. V\u00e5rt parasoll ger dig och dina tr\u00e4dg\u00e5rdsm\u00f6bler...","og_url":"https:\/\/truusk.store\/sv\/produkt\/truusk-vertikalmarkis-hojdjusterbar-kedjedrag-inkl-krokar-124-cm-x-222-cm-morkgra\/","og_site_name":"TRUUSK - Hem, Tr\u00e4dg\u00e5rd &amp; Fritid","article_modified_time":"2026-03-12T08:19:05+00:00","og_image":[{"width":2000,"height":2000,"url":"https:\/\/i0.wp.com\/truusk.se\/wp-content\/uploads\/2026\/02\/vertikalmarkis-hojdjusterbar-kedjedrag-inkl-krokar-124-cm-x-222-cm-morkgra-1.webp?fit=2000%2C2000&ssl=1","type":"image\/webp"}],"twitter_card":"summary_large_image","twitter_misc":{"Ber\u00e4knad l\u00e4stid":"1 minut"},"schema":{"@context":"https:\/\/schema.org","@graph":[{"@type":"WebPage","@id":"https:\/\/truusk.store\/sv\/produkt\/truusk-vertikalmarkis-hojdjusterbar-kedjedrag-inkl-krokar-124-cm-x-222-cm-morkgra\/","url":"https:\/\/truusk.store\/sv\/produkt\/truusk-vertikalmarkis-hojdjusterbar-kedjedrag-inkl-krokar-124-cm-x-222-cm-morkgra\/","name":"TRUUSK Vertikalmarkis - H\u00f6jdjusterbar - Kedjedrag - Inkl. Krokar - 124 cm x 222 cm - M\u00f6rkgr\u00e5 - TRUUSK - Hem, Tr\u00e4dg\u00e5rd &amp; Fritid","isPartOf":{"@id":"https:\/\/truusk.store\/sv\/#website"},"primaryImageOfPage":{"@id":"https:\/\/truusk.store\/sv\/produkt\/truusk-vertikalmarkis-hojdjusterbar-kedjedrag-inkl-krokar-124-cm-x-222-cm-morkgra\/#primaryimage"},"image":{"@id":"https:\/\/truusk.store\/sv\/produkt\/truusk-vertikalmarkis-hojdjusterbar-kedjedrag-inkl-krokar-124-cm-x-222-cm-morkgra\/#primaryimage"},"thumbnailUrl":"https:\/\/i0.wp.com\/truusk.store\/wp-content\/uploads\/2026\/02\/vertikalmarkis-hojdjusterbar-kedjedrag-inkl-krokar-124-cm-x-222-cm-morkgra-1.webp?fit=2000%2C2000&ssl=1","datePublished":"2026-02-13T19:34:13+00:00","dateModified":"2026-03-12T08:19:05+00:00","breadcrumb":{"@id":"https:\/\/truusk.store\/sv\/produkt\/truusk-vertikalmarkis-hojdjusterbar-kedjedrag-inkl-krokar-124-cm-x-222-cm-morkgra\/#breadcrumb"},"inLanguage":"sv-SE","potentialAction":[{"@type":"ReadAction","target":["https:\/\/truusk.store\/sv\/produkt\/truusk-vertikalmarkis-hojdjusterbar-kedjedrag-inkl-krokar-124-cm-x-222-cm-morkgra\/"]}]},{"@type":"ImageObject","inLanguage":"sv-SE","@id":"https:\/\/truusk.store\/sv\/produkt\/truusk-vertikalmarkis-hojdjusterbar-kedjedrag-inkl-krokar-124-cm-x-222-cm-morkgra\/#primaryimage","url":"https:\/\/i0.wp.com\/truusk.store\/wp-content\/uploads\/2026\/02\/vertikalmarkis-hojdjusterbar-kedjedrag-inkl-krokar-124-cm-x-222-cm-morkgra-1.webp?fit=2000%2C2000&ssl=1","contentUrl":"https:\/\/i0.wp.com\/truusk.store\/wp-content\/uploads\/2026\/02\/vertikalmarkis-hojdjusterbar-kedjedrag-inkl-krokar-124-cm-x-222-cm-morkgra-1.webp?fit=2000%2C2000&ssl=1","width":2000,"height":2000},{"@type":"BreadcrumbList","@id":"https:\/\/truusk.store\/sv\/produkt\/truusk-vertikalmarkis-hojdjusterbar-kedjedrag-inkl-krokar-124-cm-x-222-cm-morkgra\/#breadcrumb","itemListElement":[{"@type":"ListItem","position":1,"name":"Home","item":"https:\/\/truusk.store\/sv\/"},{"@type":"ListItem","position":2,"name":"Shop","item":"https:\/\/truusk.store\/shop\/"},{"@type":"ListItem","position":3,"name":"TRUUSK Vertikalmarkis &#8211; H\u00f6jdjusterbar &#8211; Kedjedrag &#8211; Inkl. Krokar &#8211; 124 cm x 222 cm &#8211; M\u00f6rkgr\u00e5"}]},{"@type":"WebSite","@id":"https:\/\/truusk.store\/sv\/#website","url":"https:\/\/truusk.store\/sv\/","name":"TRUUSK - Hem, Tr\u00e4dg\u00e5rd & Fritid","description":"","publisher":{"@id":"https:\/\/truusk.store\/sv\/#organization"},"potentialAction":[{"@type":"SearchAction","target":{"@type":"EntryPoint","urlTemplate":"https:\/\/truusk.store\/sv\/?s={search_term_string}"},"query-input":{"@type":"PropertyValueSpecification","valueRequired":true,"valueName":"search_term_string"}}],"inLanguage":"sv-SE"},{"@type":"Organization","@id":"https:\/\/truusk.store\/sv\/#organization","name":"TRUUSK - Hem, Tr\u00e4dg\u00e5rd & Fritid","url":"https:\/\/truusk.store\/sv\/","logo":{"@type":"ImageObject","inLanguage":"sv-SE","@id":"https:\/\/truusk.store\/sv\/#\/schema\/logo\/image\/","url":"https:\/\/i0.wp.com\/truusk.store\/wp-content\/uploads\/2026\/03\/cropped-TRUUSK.png?fit=2032%2C917&ssl=1","contentUrl":"https:\/\/i0.wp.com\/truusk.store\/wp-content\/uploads\/2026\/03\/cropped-TRUUSK.png?fit=2032%2C917&ssl=1","width":2032,"height":917,"caption":"TRUUSK - Hem, Tr\u00e4dg\u00e5rd & Fritid"},"image":{"@id":"https:\/\/truusk.store\/sv\/#\/schema\/logo\/image\/"}}]}},"jetpack_sharing_enabled":true,"_links":{"self":[{"href":"https:\/\/truusk.store\/sv\/wp-json\/wp\/v2\/product\/104637","targetHints":{"allow":["GET"]}}],"collection":[{"href":"https:\/\/truusk.store\/sv\/wp-json\/wp\/v2\/product"}],"about":[{"href":"https:\/\/truusk.store\/sv\/wp-json\/wp\/v2\/types\/product"}],"wp:featuredmedia":[{"embeddable":true,"href":"https:\/\/truusk.store\/sv\/wp-json\/wp\/v2\/media\/104626"}],"wp:attachment":[{"href":"https:\/\/truusk.store\/sv\/wp-json\/wp\/v2\/media?parent=104637"}],"wp:term":[{"taxonomy":"product_brand","embeddable":true,"href":"https:\/\/truusk.store\/sv\/wp-json\/wp\/v2\/product_brand?post=104637"},{"taxonomy":"product_cat","embeddable":true,"href":"https:\/\/truusk.store\/sv\/wp-json\/wp\/v2\/product_cat?post=104637"},{"taxonomy":"product_tag","embeddable":true,"href":"https:\/\/truusk.store\/sv\/wp-json\/wp\/v2\/product_tag?post=104637"}],"curies":[{"name":"wp","href":"https:\/\/api.w.org\/{rel}","templated":true}]}}