{"id":104645,"date":"2026-02-13T20:35:01","date_gmt":"2026-02-13T19:35:01","guid":{"rendered":"https:\/\/truusk.store\/product\/sidomarkis-montering-utan-borrning-hojdjusterbar-med-handvev-metallram-sandfargad-2-x-215-305-m\/"},"modified":"2026-03-12T09:20:31","modified_gmt":"2026-03-12T08:20:31","slug":"truusk-sidomarkis-montering-utan-borrning-hojdjusterbar-med-handvev-metallram-sandfargad-2-x-215-305-m","status":"publish","type":"product","link":"https:\/\/truusk.store\/sv\/produkt\/truusk-sidomarkis-montering-utan-borrning-hojdjusterbar-med-handvev-metallram-sandfargad-2-x-215-305-m\/","title":{"rendered":"TRUUSK Sidomarkis &#8211; Montering Utan Borrning &#8211; H\u00f6jdjusterbar &#8211; Med Handvev &#8211; Metallram &#8211; Sandf\u00e4rgad &#8211; 2 X 2,15-3,05 M"},"content":{"rendered":"<p>Skydda ditt avkopplingsomr\u00e5de fr\u00e5n sol och UV-str\u00e5lar med denna terrassmarkis fr\u00e5n [BRAND NAME]. Den \u00e4r tillverkad av robust aluminium och en solid metallram. Detta g\u00f6r den motst\u00e5ndskraftig och h\u00e5llbar f\u00f6r l\u00e5ngvarig utomhusanv\u00e4ndning. Tr\u00e4dg\u00e5rdsmarkisen man\u00f6vreras manuellt med en vev och kan justeras i l\u00e4ngd fr\u00e5n 0 till 270 cm. De justerbara st\u00e4ngerna kan f\u00e4stas p\u00e5 n\u00e4stan alla ytor, helt utan borrning.<\/p>\n<p>Beskrivning:<\/p>\n<ul>\n<li> Takmonterad design, teleskopst\u00e4nger f\u00f6r en h\u00f6jd av 215 till 305 cm<\/li>\n<li> Manuellt inf\u00e4llbar markisduk: 0 till 270 cm<\/li>\n<li> Konstruerad av l\u00e4tt aluminium och robust metallram<\/li>\n<li> Utm\u00e4rkt skydd mot solen (UV40+)<\/li>\n<li> Enkel montering<\/li>\n<li> Obs: Markisen kan endast justeras upp och ner<\/li>\n<\/ul>\n<p> Tekniska data:<\/p>\n<ul>\n<li> F\u00e4rg: Sand<\/li>\n<li> Material: Aluminium, j\u00e4rn, polyester<\/li>\n<li> Markisduk: 200B x 215-305H cm<\/li>\n<li> Markish\u00f6jd: 215-305 cm<\/li>\n<li> Handvev: 120L cm<\/li>\n<\/ul>\n<p>Inneh\u00e5ll:<\/p>\n<ul>\n<li> 1 x Sidomarkis<\/li>\n<li> 1 x Handvev<\/li>\n<li> 1 x Instruktioner<\/li>\n<\/ul>\n","protected":false},"excerpt":{"rendered":"<p>Skydda ditt avkopplingsomr\u00e5de fr\u00e5n sol och UV-str\u00e5lar med denna terrassmarkis fr\u00e5n [BRAND NAME]. Den \u00e4r tillverkad av robust aluminium och&#8230;<\/p>\n","protected":false},"featured_media":104634,"template":"","meta":[],"product_brand":[],"product_cat":[473,862,858],"product_tag":[],"class_list":{"0":"post-104645","1":"product","2":"type-product","3":"status-publish","4":"has-post-thumbnail","6":"product_cat-markiser","7":"product_cat-sol-insynsskydd","8":"product_cat-tradgard-terrass","10":"first","11":"instock","12":"sale","13":"taxable","14":"shipping-taxable","15":"purchasable","16":"product-type-simple"},"yoast_head":"<!-- This site is optimized with the Yoast SEO plugin v25.4 - https:\/\/yoast.com\/wordpress\/plugins\/seo\/ -->\n<title>TRUUSK Sidomarkis - Montering Utan Borrning - H\u00f6jdjusterbar - Med Handvev - Metallram - Sandf\u00e4rgad - 2 X 2,15-3,05 M - TRUUSK - Hem, Tr\u00e4dg\u00e5rd &amp; Fritid<\/title>\n<meta name=\"robots\" content=\"index, follow, max-snippet:-1, max-image-preview:large, max-video-preview:-1\" \/>\n<link rel=\"canonical\" href=\"https:\/\/truusk.store\/sv\/produkt\/truusk-sidomarkis-montering-utan-borrning-hojdjusterbar-med-handvev-metallram-sandfargad-2-x-215-305-m\/\" \/>\n<meta property=\"og:locale\" content=\"sv_SE\" \/>\n<meta property=\"og:type\" content=\"article\" \/>\n<meta property=\"og:title\" content=\"TRUUSK Sidomarkis - Montering Utan Borrning - H\u00f6jdjusterbar - Med Handvev - Metallram - Sandf\u00e4rgad - 2 X 2,15-3,05 M - TRUUSK - Hem, Tr\u00e4dg\u00e5rd &amp; Fritid\" \/>\n<meta property=\"og:description\" content=\"Skydda ditt avkopplingsomr\u00e5de fr\u00e5n sol och UV-str\u00e5lar med denna terrassmarkis fr\u00e5n [BRAND NAME]. Den \u00e4r tillverkad av robust aluminium och...\" \/>\n<meta property=\"og:url\" content=\"https:\/\/truusk.store\/sv\/produkt\/truusk-sidomarkis-montering-utan-borrning-hojdjusterbar-med-handvev-metallram-sandfargad-2-x-215-305-m\/\" \/>\n<meta property=\"og:site_name\" content=\"TRUUSK - Hem, Tr\u00e4dg\u00e5rd &amp; Fritid\" \/>\n<meta property=\"article:modified_time\" content=\"2026-03-12T08:20:31+00:00\" \/>\n<meta property=\"og:image\" content=\"https:\/\/i0.wp.com\/truusk.se\/wp-content\/uploads\/2026\/02\/sidomarkis-montering-utan-borrning-hojdjusterbar-med-handvev-metallram-sandfargad-2-x-215-305-m-1.webp?fit=2000%2C2000&ssl=1\" \/>\n\t<meta property=\"og:image:width\" content=\"2000\" \/>\n\t<meta property=\"og:image:height\" content=\"2000\" \/>\n\t<meta property=\"og:image:type\" content=\"image\/webp\" \/>\n<meta name=\"twitter:card\" content=\"summary_large_image\" \/>\n<meta name=\"twitter:label1\" content=\"Ber\u00e4knad l\u00e4stid\" \/>\n\t<meta name=\"twitter:data1\" content=\"1 minut\" \/>\n<!-- \/ Yoast SEO plugin. -->","yoast_head_json":{"title":"TRUUSK Sidomarkis - Montering Utan Borrning - H\u00f6jdjusterbar - Med Handvev - Metallram - Sandf\u00e4rgad - 2 X 2,15-3,05 M - TRUUSK - Hem, Tr\u00e4dg\u00e5rd &amp; Fritid","robots":{"index":"index","follow":"follow","max-snippet":"max-snippet:-1","max-image-preview":"max-image-preview:large","max-video-preview":"max-video-preview:-1"},"canonical":"https:\/\/truusk.store\/sv\/produkt\/truusk-sidomarkis-montering-utan-borrning-hojdjusterbar-med-handvev-metallram-sandfargad-2-x-215-305-m\/","og_locale":"sv_SE","og_type":"article","og_title":"TRUUSK Sidomarkis - Montering Utan Borrning - H\u00f6jdjusterbar - Med Handvev - Metallram - Sandf\u00e4rgad - 2 X 2,15-3,05 M - TRUUSK - Hem, Tr\u00e4dg\u00e5rd &amp; Fritid","og_description":"Skydda ditt avkopplingsomr\u00e5de fr\u00e5n sol och UV-str\u00e5lar med denna terrassmarkis fr\u00e5n [BRAND NAME]. Den \u00e4r tillverkad av robust aluminium och...","og_url":"https:\/\/truusk.store\/sv\/produkt\/truusk-sidomarkis-montering-utan-borrning-hojdjusterbar-med-handvev-metallram-sandfargad-2-x-215-305-m\/","og_site_name":"TRUUSK - Hem, Tr\u00e4dg\u00e5rd &amp; Fritid","article_modified_time":"2026-03-12T08:20:31+00:00","og_image":[{"width":2000,"height":2000,"url":"https:\/\/i0.wp.com\/truusk.se\/wp-content\/uploads\/2026\/02\/sidomarkis-montering-utan-borrning-hojdjusterbar-med-handvev-metallram-sandfargad-2-x-215-305-m-1.webp?fit=2000%2C2000&ssl=1","type":"image\/webp"}],"twitter_card":"summary_large_image","twitter_misc":{"Ber\u00e4knad l\u00e4stid":"1 minut"},"schema":{"@context":"https:\/\/schema.org","@graph":[{"@type":"WebPage","@id":"https:\/\/truusk.store\/sv\/produkt\/truusk-sidomarkis-montering-utan-borrning-hojdjusterbar-med-handvev-metallram-sandfargad-2-x-215-305-m\/","url":"https:\/\/truusk.store\/sv\/produkt\/truusk-sidomarkis-montering-utan-borrning-hojdjusterbar-med-handvev-metallram-sandfargad-2-x-215-305-m\/","name":"TRUUSK Sidomarkis - Montering Utan Borrning - H\u00f6jdjusterbar - Med Handvev - Metallram - Sandf\u00e4rgad - 2 X 2,15-3,05 M - TRUUSK - Hem, Tr\u00e4dg\u00e5rd &amp; Fritid","isPartOf":{"@id":"https:\/\/truusk.store\/sv\/#website"},"primaryImageOfPage":{"@id":"https:\/\/truusk.store\/sv\/produkt\/truusk-sidomarkis-montering-utan-borrning-hojdjusterbar-med-handvev-metallram-sandfargad-2-x-215-305-m\/#primaryimage"},"image":{"@id":"https:\/\/truusk.store\/sv\/produkt\/truusk-sidomarkis-montering-utan-borrning-hojdjusterbar-med-handvev-metallram-sandfargad-2-x-215-305-m\/#primaryimage"},"thumbnailUrl":"https:\/\/i0.wp.com\/truusk.store\/wp-content\/uploads\/2026\/02\/sidomarkis-montering-utan-borrning-hojdjusterbar-med-handvev-metallram-sandfargad-2-x-215-305-m-1.webp?fit=2000%2C2000&ssl=1","datePublished":"2026-02-13T19:35:01+00:00","dateModified":"2026-03-12T08:20:31+00:00","breadcrumb":{"@id":"https:\/\/truusk.store\/sv\/produkt\/truusk-sidomarkis-montering-utan-borrning-hojdjusterbar-med-handvev-metallram-sandfargad-2-x-215-305-m\/#breadcrumb"},"inLanguage":"sv-SE","potentialAction":[{"@type":"ReadAction","target":["https:\/\/truusk.store\/sv\/produkt\/truusk-sidomarkis-montering-utan-borrning-hojdjusterbar-med-handvev-metallram-sandfargad-2-x-215-305-m\/"]}]},{"@type":"ImageObject","inLanguage":"sv-SE","@id":"https:\/\/truusk.store\/sv\/produkt\/truusk-sidomarkis-montering-utan-borrning-hojdjusterbar-med-handvev-metallram-sandfargad-2-x-215-305-m\/#primaryimage","url":"https:\/\/i0.wp.com\/truusk.store\/wp-content\/uploads\/2026\/02\/sidomarkis-montering-utan-borrning-hojdjusterbar-med-handvev-metallram-sandfargad-2-x-215-305-m-1.webp?fit=2000%2C2000&ssl=1","contentUrl":"https:\/\/i0.wp.com\/truusk.store\/wp-content\/uploads\/2026\/02\/sidomarkis-montering-utan-borrning-hojdjusterbar-med-handvev-metallram-sandfargad-2-x-215-305-m-1.webp?fit=2000%2C2000&ssl=1","width":2000,"height":2000},{"@type":"BreadcrumbList","@id":"https:\/\/truusk.store\/sv\/produkt\/truusk-sidomarkis-montering-utan-borrning-hojdjusterbar-med-handvev-metallram-sandfargad-2-x-215-305-m\/#breadcrumb","itemListElement":[{"@type":"ListItem","position":1,"name":"Home","item":"https:\/\/truusk.store\/sv\/"},{"@type":"ListItem","position":2,"name":"Shop","item":"https:\/\/truusk.store\/shop\/"},{"@type":"ListItem","position":3,"name":"TRUUSK Sidomarkis &#8211; Montering Utan Borrning &#8211; H\u00f6jdjusterbar &#8211; Med Handvev &#8211; Metallram &#8211; Sandf\u00e4rgad &#8211; 2 X 2,15-3,05 M"}]},{"@type":"WebSite","@id":"https:\/\/truusk.store\/sv\/#website","url":"https:\/\/truusk.store\/sv\/","name":"TRUUSK - Hem, Tr\u00e4dg\u00e5rd & Fritid","description":"","publisher":{"@id":"https:\/\/truusk.store\/sv\/#organization"},"potentialAction":[{"@type":"SearchAction","target":{"@type":"EntryPoint","urlTemplate":"https:\/\/truusk.store\/sv\/?s={search_term_string}"},"query-input":{"@type":"PropertyValueSpecification","valueRequired":true,"valueName":"search_term_string"}}],"inLanguage":"sv-SE"},{"@type":"Organization","@id":"https:\/\/truusk.store\/sv\/#organization","name":"TRUUSK - Hem, Tr\u00e4dg\u00e5rd & Fritid","url":"https:\/\/truusk.store\/sv\/","logo":{"@type":"ImageObject","inLanguage":"sv-SE","@id":"https:\/\/truusk.store\/sv\/#\/schema\/logo\/image\/","url":"https:\/\/i0.wp.com\/truusk.store\/wp-content\/uploads\/2026\/03\/cropped-TRUUSK.png?fit=2032%2C917&ssl=1","contentUrl":"https:\/\/i0.wp.com\/truusk.store\/wp-content\/uploads\/2026\/03\/cropped-TRUUSK.png?fit=2032%2C917&ssl=1","width":2032,"height":917,"caption":"TRUUSK - Hem, Tr\u00e4dg\u00e5rd & Fritid"},"image":{"@id":"https:\/\/truusk.store\/sv\/#\/schema\/logo\/image\/"}}]}},"jetpack_sharing_enabled":true,"_links":{"self":[{"href":"https:\/\/truusk.store\/sv\/wp-json\/wp\/v2\/product\/104645","targetHints":{"allow":["GET"]}}],"collection":[{"href":"https:\/\/truusk.store\/sv\/wp-json\/wp\/v2\/product"}],"about":[{"href":"https:\/\/truusk.store\/sv\/wp-json\/wp\/v2\/types\/product"}],"wp:featuredmedia":[{"embeddable":true,"href":"https:\/\/truusk.store\/sv\/wp-json\/wp\/v2\/media\/104634"}],"wp:attachment":[{"href":"https:\/\/truusk.store\/sv\/wp-json\/wp\/v2\/media?parent=104645"}],"wp:term":[{"taxonomy":"product_brand","embeddable":true,"href":"https:\/\/truusk.store\/sv\/wp-json\/wp\/v2\/product_brand?post=104645"},{"taxonomy":"product_cat","embeddable":true,"href":"https:\/\/truusk.store\/sv\/wp-json\/wp\/v2\/product_cat?post=104645"},{"taxonomy":"product_tag","embeddable":true,"href":"https:\/\/truusk.store\/sv\/wp-json\/wp\/v2\/product_tag?post=104645"}],"curies":[{"name":"wp","href":"https:\/\/api.w.org\/{rel}","templated":true}]}}