{"id":104655,"date":"2026-02-14T04:22:55","date_gmt":"2026-02-14T03:22:55","guid":{"rendered":"https:\/\/truusk.store\/product\/pop-up-strandtalt-glasfiberram-4-fickor-nat-fonster-flexibel-bla\/"},"modified":"2026-03-12T09:04:27","modified_gmt":"2026-03-12T08:04:27","slug":"truusk-pop-up-strandtalt-glasfiberram-4-fickor-nat-fonster-flexibel-bla","status":"publish","type":"product","link":"https:\/\/truusk.store\/sv\/produkt\/truusk-pop-up-strandtalt-glasfiberram-4-fickor-nat-fonster-flexibel-bla\/","title":{"rendered":"TRUUSK Pop-up Strandt\u00e4lt &#8211; Glasfiberram &#8211; 4 Fickor &#8211; N\u00e4t F\u00f6nster &#8211; Flexibel &#8211; Bl\u00e5"},"content":{"rendered":"<p>Njut av stranden \u00e4nnu mer med strandt\u00e4ltet fr\u00e5n [BRAND NAME]. Utan flygande sand och UV-risk kan du och din f\u00f6ljeslagare slappna av stressfritt och bekv\u00e4mt. Solt\u00e4ltet kan snabbt s\u00e4ttas upp och tas ner. Den stabila glasfiberramen och fyra praktiska fickor erbjuder komfort och s\u00e4kerhet f\u00f6r dina tillh\u00f6righeter.<\/p>\n<p>Beskrivning:<\/p>\n<ul>\n<li> Pop-up-mekanismen \u00e4r l\u00e4tt att s\u00e4tta upp och f\u00e4lla ihop till en liten form<\/li>\n<li> Meshf\u00f6nster och sidod\u00f6rrar p\u00e5 strandt\u00e4ltet f\u00f6r ventilation<\/li>\n<li> Fyra dragsko-fickor inkluderade &#8211; fyll med sand f\u00f6r extra vikt<\/li>\n<li> Inre \u00f6vre krok i solt\u00e4ltet f\u00f6r att h\u00e4nga sm\u00e5 f\u00f6rem\u00e5l<\/li>\n<li> Gjord f\u00f6r str\u00e4nder, men perfekt f\u00f6r alla utomhusomr\u00e5den<\/li>\n<\/ul>\n<p> Tekniska data:<\/p>\n<ul>\n<li> F\u00e4rg: Himmelsbl\u00e5+Gr\u00e5<\/li>\n<li> Material: Polyester, Glasfiber<\/li>\n<li> Totala dimensioner: 220L x 173B x 120H cm<\/li>\n<li> Inre dimensioner: 204L x 143B x 100H cm<\/li>\n<li> Vikta dimensioner: 68L x 16B x 9H cm<\/li>\n<li> M\u00e5tt p\u00e5 fr\u00e4mre d\u00f6rren: 204L x 80B cm<\/li>\n<li> M\u00e5tt p\u00e5 sidod\u00f6rren: 134L x 79B cm<\/li>\n<li> F\u00f6nsterm\u00e5tt: 50L x 28B cm, 38L x 30B cm<\/li>\n<li> M\u00e5tt p\u00e5 sands\u00e4ckar: 26L x 28B cm<\/li>\n<li> M\u00e5tt p\u00e5 ut\u00f6kad botten: 207L x 19B cm<\/li>\n<\/ul>\n<p>Leveransinneh\u00e5ll:<\/p>\n<ul>\n<li> 1 x Strandt\u00e4lt<\/li>\n<li> 10 x Markspik<\/li>\n<li> 4 x Dragsn\u00f6re<\/li>\n<li> 1 x B\u00e4rp\u00e5se<\/li>\n<li> 1 x Bruksanvisning<\/li>\n<\/ul>\n","protected":false},"excerpt":{"rendered":"<p>Njut av stranden \u00e4nnu mer med strandt\u00e4ltet fr\u00e5n [BRAND NAME]. Utan flygande sand och UV-risk kan du och din f\u00f6ljeslagare&#8230;<\/p>\n","protected":false},"featured_media":104646,"template":"","meta":[],"product_brand":[],"product_cat":[648,647,650],"product_tag":[],"class_list":{"0":"post-104655","1":"product","2":"type-product","3":"status-publish","4":"has-post-thumbnail","6":"product_cat-camping-tillbehor","7":"product_cat-sport-fritid","8":"product_cat-talt","10":"first","11":"instock","12":"sale","13":"taxable","14":"shipping-taxable","15":"purchasable","16":"product-type-simple"},"yoast_head":"<!-- This site is optimized with the Yoast SEO plugin v25.4 - https:\/\/yoast.com\/wordpress\/plugins\/seo\/ -->\n<title>TRUUSK Pop-up Strandt\u00e4lt - Glasfiberram - 4 Fickor - N\u00e4t F\u00f6nster - Flexibel - Bl\u00e5 - TRUUSK - Hem, Tr\u00e4dg\u00e5rd &amp; Fritid<\/title>\n<meta name=\"robots\" content=\"index, follow, max-snippet:-1, max-image-preview:large, max-video-preview:-1\" \/>\n<link rel=\"canonical\" href=\"https:\/\/truusk.store\/sv\/produkt\/truusk-pop-up-strandtalt-glasfiberram-4-fickor-nat-fonster-flexibel-bla\/\" \/>\n<meta property=\"og:locale\" content=\"sv_SE\" \/>\n<meta property=\"og:type\" content=\"article\" \/>\n<meta property=\"og:title\" content=\"TRUUSK Pop-up Strandt\u00e4lt - Glasfiberram - 4 Fickor - N\u00e4t F\u00f6nster - Flexibel - Bl\u00e5 - TRUUSK - Hem, Tr\u00e4dg\u00e5rd &amp; Fritid\" \/>\n<meta property=\"og:description\" content=\"Njut av stranden \u00e4nnu mer med strandt\u00e4ltet fr\u00e5n [BRAND NAME]. Utan flygande sand och UV-risk kan du och din f\u00f6ljeslagare...\" \/>\n<meta property=\"og:url\" content=\"https:\/\/truusk.store\/sv\/produkt\/truusk-pop-up-strandtalt-glasfiberram-4-fickor-nat-fonster-flexibel-bla\/\" \/>\n<meta property=\"og:site_name\" content=\"TRUUSK - Hem, Tr\u00e4dg\u00e5rd &amp; Fritid\" \/>\n<meta property=\"article:modified_time\" content=\"2026-03-12T08:04:27+00:00\" \/>\n<meta property=\"og:image\" content=\"https:\/\/i0.wp.com\/truusk.se\/wp-content\/uploads\/2026\/02\/pop-up-strandtalt-glasfiberram-4-fickor-nat-fonster-flexibel-bla-1.webp?fit=2000%2C2000&ssl=1\" \/>\n\t<meta property=\"og:image:width\" content=\"2000\" \/>\n\t<meta property=\"og:image:height\" content=\"2000\" \/>\n\t<meta property=\"og:image:type\" content=\"image\/webp\" \/>\n<meta name=\"twitter:card\" content=\"summary_large_image\" \/>\n<meta name=\"twitter:label1\" content=\"Ber\u00e4knad l\u00e4stid\" \/>\n\t<meta name=\"twitter:data1\" content=\"1 minut\" \/>\n<!-- \/ Yoast SEO plugin. -->","yoast_head_json":{"title":"TRUUSK Pop-up Strandt\u00e4lt - Glasfiberram - 4 Fickor - N\u00e4t F\u00f6nster - Flexibel - Bl\u00e5 - TRUUSK - Hem, Tr\u00e4dg\u00e5rd &amp; Fritid","robots":{"index":"index","follow":"follow","max-snippet":"max-snippet:-1","max-image-preview":"max-image-preview:large","max-video-preview":"max-video-preview:-1"},"canonical":"https:\/\/truusk.store\/sv\/produkt\/truusk-pop-up-strandtalt-glasfiberram-4-fickor-nat-fonster-flexibel-bla\/","og_locale":"sv_SE","og_type":"article","og_title":"TRUUSK Pop-up Strandt\u00e4lt - Glasfiberram - 4 Fickor - N\u00e4t F\u00f6nster - Flexibel - Bl\u00e5 - TRUUSK - Hem, Tr\u00e4dg\u00e5rd &amp; Fritid","og_description":"Njut av stranden \u00e4nnu mer med strandt\u00e4ltet fr\u00e5n [BRAND NAME]. Utan flygande sand och UV-risk kan du och din f\u00f6ljeslagare...","og_url":"https:\/\/truusk.store\/sv\/produkt\/truusk-pop-up-strandtalt-glasfiberram-4-fickor-nat-fonster-flexibel-bla\/","og_site_name":"TRUUSK - Hem, Tr\u00e4dg\u00e5rd &amp; Fritid","article_modified_time":"2026-03-12T08:04:27+00:00","og_image":[{"width":2000,"height":2000,"url":"https:\/\/i0.wp.com\/truusk.se\/wp-content\/uploads\/2026\/02\/pop-up-strandtalt-glasfiberram-4-fickor-nat-fonster-flexibel-bla-1.webp?fit=2000%2C2000&ssl=1","type":"image\/webp"}],"twitter_card":"summary_large_image","twitter_misc":{"Ber\u00e4knad l\u00e4stid":"1 minut"},"schema":{"@context":"https:\/\/schema.org","@graph":[{"@type":"WebPage","@id":"https:\/\/truusk.store\/sv\/produkt\/truusk-pop-up-strandtalt-glasfiberram-4-fickor-nat-fonster-flexibel-bla\/","url":"https:\/\/truusk.store\/sv\/produkt\/truusk-pop-up-strandtalt-glasfiberram-4-fickor-nat-fonster-flexibel-bla\/","name":"TRUUSK Pop-up Strandt\u00e4lt - Glasfiberram - 4 Fickor - N\u00e4t F\u00f6nster - Flexibel - Bl\u00e5 - TRUUSK - Hem, Tr\u00e4dg\u00e5rd &amp; Fritid","isPartOf":{"@id":"https:\/\/truusk.store\/sv\/#website"},"primaryImageOfPage":{"@id":"https:\/\/truusk.store\/sv\/produkt\/truusk-pop-up-strandtalt-glasfiberram-4-fickor-nat-fonster-flexibel-bla\/#primaryimage"},"image":{"@id":"https:\/\/truusk.store\/sv\/produkt\/truusk-pop-up-strandtalt-glasfiberram-4-fickor-nat-fonster-flexibel-bla\/#primaryimage"},"thumbnailUrl":"https:\/\/i0.wp.com\/truusk.store\/wp-content\/uploads\/2026\/02\/pop-up-strandtalt-glasfiberram-4-fickor-nat-fonster-flexibel-bla-1.webp?fit=2000%2C2000&ssl=1","datePublished":"2026-02-14T03:22:55+00:00","dateModified":"2026-03-12T08:04:27+00:00","breadcrumb":{"@id":"https:\/\/truusk.store\/sv\/produkt\/truusk-pop-up-strandtalt-glasfiberram-4-fickor-nat-fonster-flexibel-bla\/#breadcrumb"},"inLanguage":"sv-SE","potentialAction":[{"@type":"ReadAction","target":["https:\/\/truusk.store\/sv\/produkt\/truusk-pop-up-strandtalt-glasfiberram-4-fickor-nat-fonster-flexibel-bla\/"]}]},{"@type":"ImageObject","inLanguage":"sv-SE","@id":"https:\/\/truusk.store\/sv\/produkt\/truusk-pop-up-strandtalt-glasfiberram-4-fickor-nat-fonster-flexibel-bla\/#primaryimage","url":"https:\/\/i0.wp.com\/truusk.store\/wp-content\/uploads\/2026\/02\/pop-up-strandtalt-glasfiberram-4-fickor-nat-fonster-flexibel-bla-1.webp?fit=2000%2C2000&ssl=1","contentUrl":"https:\/\/i0.wp.com\/truusk.store\/wp-content\/uploads\/2026\/02\/pop-up-strandtalt-glasfiberram-4-fickor-nat-fonster-flexibel-bla-1.webp?fit=2000%2C2000&ssl=1","width":2000,"height":2000},{"@type":"BreadcrumbList","@id":"https:\/\/truusk.store\/sv\/produkt\/truusk-pop-up-strandtalt-glasfiberram-4-fickor-nat-fonster-flexibel-bla\/#breadcrumb","itemListElement":[{"@type":"ListItem","position":1,"name":"Home","item":"https:\/\/truusk.store\/sv\/"},{"@type":"ListItem","position":2,"name":"Shop","item":"https:\/\/truusk.store\/shop\/"},{"@type":"ListItem","position":3,"name":"TRUUSK Pop-up Strandt\u00e4lt &#8211; Glasfiberram &#8211; 4 Fickor &#8211; N\u00e4t F\u00f6nster &#8211; Flexibel &#8211; Bl\u00e5"}]},{"@type":"WebSite","@id":"https:\/\/truusk.store\/sv\/#website","url":"https:\/\/truusk.store\/sv\/","name":"TRUUSK - Hem, Tr\u00e4dg\u00e5rd & Fritid","description":"","publisher":{"@id":"https:\/\/truusk.store\/sv\/#organization"},"potentialAction":[{"@type":"SearchAction","target":{"@type":"EntryPoint","urlTemplate":"https:\/\/truusk.store\/sv\/?s={search_term_string}"},"query-input":{"@type":"PropertyValueSpecification","valueRequired":true,"valueName":"search_term_string"}}],"inLanguage":"sv-SE"},{"@type":"Organization","@id":"https:\/\/truusk.store\/sv\/#organization","name":"TRUUSK - Hem, Tr\u00e4dg\u00e5rd & Fritid","url":"https:\/\/truusk.store\/sv\/","logo":{"@type":"ImageObject","inLanguage":"sv-SE","@id":"https:\/\/truusk.store\/sv\/#\/schema\/logo\/image\/","url":"https:\/\/i0.wp.com\/truusk.store\/wp-content\/uploads\/2026\/03\/cropped-TRUUSK.png?fit=2032%2C917&ssl=1","contentUrl":"https:\/\/i0.wp.com\/truusk.store\/wp-content\/uploads\/2026\/03\/cropped-TRUUSK.png?fit=2032%2C917&ssl=1","width":2032,"height":917,"caption":"TRUUSK - Hem, Tr\u00e4dg\u00e5rd & Fritid"},"image":{"@id":"https:\/\/truusk.store\/sv\/#\/schema\/logo\/image\/"}}]}},"jetpack_sharing_enabled":true,"_links":{"self":[{"href":"https:\/\/truusk.store\/sv\/wp-json\/wp\/v2\/product\/104655","targetHints":{"allow":["GET"]}}],"collection":[{"href":"https:\/\/truusk.store\/sv\/wp-json\/wp\/v2\/product"}],"about":[{"href":"https:\/\/truusk.store\/sv\/wp-json\/wp\/v2\/types\/product"}],"wp:featuredmedia":[{"embeddable":true,"href":"https:\/\/truusk.store\/sv\/wp-json\/wp\/v2\/media\/104646"}],"wp:attachment":[{"href":"https:\/\/truusk.store\/sv\/wp-json\/wp\/v2\/media?parent=104655"}],"wp:term":[{"taxonomy":"product_brand","embeddable":true,"href":"https:\/\/truusk.store\/sv\/wp-json\/wp\/v2\/product_brand?post=104655"},{"taxonomy":"product_cat","embeddable":true,"href":"https:\/\/truusk.store\/sv\/wp-json\/wp\/v2\/product_cat?post=104655"},{"taxonomy":"product_tag","embeddable":true,"href":"https:\/\/truusk.store\/sv\/wp-json\/wp\/v2\/product_tag?post=104655"}],"curies":[{"name":"wp","href":"https:\/\/api.w.org\/{rel}","templated":true}]}}