{"id":104675,"date":"2026-02-22T04:00:33","date_gmt":"2026-02-22T03:00:33","guid":{"rendered":"https:\/\/truusk.store\/product\/hopfallbar-solsang-tradgardssang-solstol-med-4-stegs-justerbar-ryggstod-vaderbestandig-campingstol-upp-till-120-kg-belastning-for-tradgard-strand-pool-gra\/"},"modified":"2026-03-12T09:02:15","modified_gmt":"2026-03-12T08:02:15","slug":"truusk-hopfallbar-solsang-tradgardssang-med-justerbart-ryggstod-vaderbestandig-campingstol-upp-till-120-kg-gra","status":"publish","type":"product","link":"https:\/\/truusk.store\/sv\/produkt\/truusk-hopfallbar-solsang-tradgardssang-med-justerbart-ryggstod-vaderbestandig-campingstol-upp-till-120-kg-gra\/","title":{"rendered":"TRUUSK Hopf\u00e4llbar Sols\u00e4ng &#8211; Tr\u00e4dg\u00e5rdss\u00e4ng Med Justerbart Ryggst\u00f6d &#8211; V\u00e4derbest\u00e4ndig Campingstol Upp Till 120 Kg &#8211; Gr\u00e5"},"content":{"rendered":"<p>Slappna av i tr\u00e4dg\u00e5rden, p\u00e5 camping eller p\u00e5 stranden p\u00e5 denna moderna hopf\u00e4llbara sols\u00e4ng fr\u00e5n [BRAND NAME]! Tack vare den ergonomiska designen och den bekv\u00e4ma liggytan p\u00e5 balkongloungen kan du g\u00f6ra det riktigt mysigt. Med den justerbara ryggst\u00f6det och fotst\u00f6det hittar du snabbt den optimala liggpositionen f\u00f6r att l\u00e4sa en bok eller ta en avkopplande solbad. Bastuloungen \u00e4r l\u00e4tt, hopf\u00e4llbar och kan tas med \u00f6verallt.<\/p>\n<p>Beskrivning:<\/p>\n<ul>\n<li> Robust konstruktion av bastuloungen med pulverlackerat st\u00e5lram<\/li>\n<li> Fullt justerbar med 4 ryggst\u00f6ds- och 2 fotst\u00f6dspositioner<\/li>\n<li> N\u00e4t\u00f6verdraget p\u00e5 sols\u00e4ngen ger h\u00f6g andningsf\u00f6rm\u00e5ga<\/li>\n<li> Ergonomisk design med elastisk fj\u00e4dring f\u00f6r att minska muskelsp\u00e4nningar och stress<\/li>\n<li> L\u00e4tt och hopf\u00e4llbar bastulounge f\u00f6r enkel transport och f\u00f6rvaring<\/li>\n<li> L\u00e4mplig f\u00f6r camping, tr\u00e4dg\u00e5rd, pool eller strand<\/li>\n<\/ul>\n<p>Tekniska data:<\/p>\n<ul>\n<li> F\u00e4rg: Gr\u00e5<\/li>\n<li> Material: St\u00e5l, n\u00e4ttyg<\/li>\n<li> Totala m\u00e5tt: 189L x 58B x 30H cm<\/li>\n<li> Hopf\u00e4llda m\u00e5tt: 74L x 14B x 60H cm<\/li>\n<li> 4-stegs h\u00f6jd: 82 cm, 72 cm, 59 cm, 44 cm<\/li>\n<li> Sitt h\u00f6jd: 30 cm<\/li>\n<li> B\u00e4rkapacitet: 120 kg<\/li>\n<\/ul>\n<p>Leverans inneh\u00e5ller:<\/p>\n<ul>\n<li> 1 x Tr\u00e4dg\u00e5rdslounge<\/li>\n<li> 1 x Bruksanvisning<\/li>\n<\/ul>\n","protected":false},"excerpt":{"rendered":"<p>Slappna av i tr\u00e4dg\u00e5rden, p\u00e5 camping eller p\u00e5 stranden p\u00e5 denna moderna hopf\u00e4llbara sols\u00e4ng fr\u00e5n [BRAND NAME]! Tack vare den&#8230;<\/p>\n","protected":false},"featured_media":104666,"template":"","meta":[],"product_brand":[],"product_cat":[451,858,450],"product_tag":[],"class_list":{"0":"post-104675","1":"product","2":"type-product","3":"status-publish","4":"has-post-thumbnail","6":"product_cat-solstolar","7":"product_cat-tradgard-terrass","8":"product_cat-tradgardsmobler","10":"first","11":"instock","12":"sale","13":"taxable","14":"shipping-taxable","15":"purchasable","16":"product-type-simple"},"yoast_head":"<!-- This site is optimized with the Yoast SEO plugin v25.4 - https:\/\/yoast.com\/wordpress\/plugins\/seo\/ -->\n<title>TRUUSK Hopf\u00e4llbar Sols\u00e4ng - Tr\u00e4dg\u00e5rdss\u00e4ng Med Justerbart Ryggst\u00f6d - V\u00e4derbest\u00e4ndig Campingstol Upp Till 120 Kg - Gr\u00e5 - TRUUSK - Hem, Tr\u00e4dg\u00e5rd &amp; Fritid<\/title>\n<meta name=\"robots\" content=\"index, follow, max-snippet:-1, max-image-preview:large, max-video-preview:-1\" \/>\n<link rel=\"canonical\" href=\"https:\/\/truusk.store\/sv\/produkt\/truusk-hopfallbar-solsang-tradgardssang-med-justerbart-ryggstod-vaderbestandig-campingstol-upp-till-120-kg-gra\/\" \/>\n<meta property=\"og:locale\" content=\"sv_SE\" \/>\n<meta property=\"og:type\" content=\"article\" \/>\n<meta property=\"og:title\" content=\"TRUUSK Hopf\u00e4llbar Sols\u00e4ng - Tr\u00e4dg\u00e5rdss\u00e4ng Med Justerbart Ryggst\u00f6d - V\u00e4derbest\u00e4ndig Campingstol Upp Till 120 Kg - Gr\u00e5 - TRUUSK - Hem, Tr\u00e4dg\u00e5rd &amp; Fritid\" \/>\n<meta property=\"og:description\" content=\"Slappna av i tr\u00e4dg\u00e5rden, p\u00e5 camping eller p\u00e5 stranden p\u00e5 denna moderna hopf\u00e4llbara sols\u00e4ng fr\u00e5n [BRAND NAME]! Tack vare den...\" \/>\n<meta property=\"og:url\" content=\"https:\/\/truusk.store\/sv\/produkt\/truusk-hopfallbar-solsang-tradgardssang-med-justerbart-ryggstod-vaderbestandig-campingstol-upp-till-120-kg-gra\/\" \/>\n<meta property=\"og:site_name\" content=\"TRUUSK - Hem, Tr\u00e4dg\u00e5rd &amp; Fritid\" \/>\n<meta property=\"article:modified_time\" content=\"2026-03-12T08:02:15+00:00\" \/>\n<meta property=\"og:image\" content=\"https:\/\/i0.wp.com\/truusk.se\/wp-content\/uploads\/2026\/02\/hopfallbar-solsang-tradgardssang-solstol-med-4-stegs-justerbar-ryggstod-vaderbestandig-campingstol-upp-till-120-kg-belastning-for-tradgard-strand-pool-gra-1.webp?fit=1500%2C1500&ssl=1\" \/>\n\t<meta property=\"og:image:width\" content=\"1500\" \/>\n\t<meta property=\"og:image:height\" content=\"1500\" \/>\n\t<meta property=\"og:image:type\" content=\"image\/webp\" \/>\n<meta name=\"twitter:card\" content=\"summary_large_image\" \/>\n<meta name=\"twitter:label1\" content=\"Ber\u00e4knad l\u00e4stid\" \/>\n\t<meta name=\"twitter:data1\" content=\"1 minut\" \/>\n<!-- \/ Yoast SEO plugin. -->","yoast_head_json":{"title":"TRUUSK Hopf\u00e4llbar Sols\u00e4ng - Tr\u00e4dg\u00e5rdss\u00e4ng Med Justerbart Ryggst\u00f6d - V\u00e4derbest\u00e4ndig Campingstol Upp Till 120 Kg - Gr\u00e5 - TRUUSK - Hem, Tr\u00e4dg\u00e5rd &amp; Fritid","robots":{"index":"index","follow":"follow","max-snippet":"max-snippet:-1","max-image-preview":"max-image-preview:large","max-video-preview":"max-video-preview:-1"},"canonical":"https:\/\/truusk.store\/sv\/produkt\/truusk-hopfallbar-solsang-tradgardssang-med-justerbart-ryggstod-vaderbestandig-campingstol-upp-till-120-kg-gra\/","og_locale":"sv_SE","og_type":"article","og_title":"TRUUSK Hopf\u00e4llbar Sols\u00e4ng - Tr\u00e4dg\u00e5rdss\u00e4ng Med Justerbart Ryggst\u00f6d - V\u00e4derbest\u00e4ndig Campingstol Upp Till 120 Kg - Gr\u00e5 - TRUUSK - Hem, Tr\u00e4dg\u00e5rd &amp; Fritid","og_description":"Slappna av i tr\u00e4dg\u00e5rden, p\u00e5 camping eller p\u00e5 stranden p\u00e5 denna moderna hopf\u00e4llbara sols\u00e4ng fr\u00e5n [BRAND NAME]! Tack vare den...","og_url":"https:\/\/truusk.store\/sv\/produkt\/truusk-hopfallbar-solsang-tradgardssang-med-justerbart-ryggstod-vaderbestandig-campingstol-upp-till-120-kg-gra\/","og_site_name":"TRUUSK - Hem, Tr\u00e4dg\u00e5rd &amp; Fritid","article_modified_time":"2026-03-12T08:02:15+00:00","og_image":[{"width":1500,"height":1500,"url":"https:\/\/i0.wp.com\/truusk.se\/wp-content\/uploads\/2026\/02\/hopfallbar-solsang-tradgardssang-solstol-med-4-stegs-justerbar-ryggstod-vaderbestandig-campingstol-upp-till-120-kg-belastning-for-tradgard-strand-pool-gra-1.webp?fit=1500%2C1500&ssl=1","type":"image\/webp"}],"twitter_card":"summary_large_image","twitter_misc":{"Ber\u00e4knad l\u00e4stid":"1 minut"},"schema":{"@context":"https:\/\/schema.org","@graph":[{"@type":"WebPage","@id":"https:\/\/truusk.store\/sv\/produkt\/truusk-hopfallbar-solsang-tradgardssang-med-justerbart-ryggstod-vaderbestandig-campingstol-upp-till-120-kg-gra\/","url":"https:\/\/truusk.store\/sv\/produkt\/truusk-hopfallbar-solsang-tradgardssang-med-justerbart-ryggstod-vaderbestandig-campingstol-upp-till-120-kg-gra\/","name":"TRUUSK Hopf\u00e4llbar Sols\u00e4ng - Tr\u00e4dg\u00e5rdss\u00e4ng Med Justerbart Ryggst\u00f6d - V\u00e4derbest\u00e4ndig Campingstol Upp Till 120 Kg - Gr\u00e5 - TRUUSK - Hem, Tr\u00e4dg\u00e5rd &amp; Fritid","isPartOf":{"@id":"https:\/\/truusk.store\/sv\/#website"},"primaryImageOfPage":{"@id":"https:\/\/truusk.store\/sv\/produkt\/truusk-hopfallbar-solsang-tradgardssang-med-justerbart-ryggstod-vaderbestandig-campingstol-upp-till-120-kg-gra\/#primaryimage"},"image":{"@id":"https:\/\/truusk.store\/sv\/produkt\/truusk-hopfallbar-solsang-tradgardssang-med-justerbart-ryggstod-vaderbestandig-campingstol-upp-till-120-kg-gra\/#primaryimage"},"thumbnailUrl":"https:\/\/i0.wp.com\/truusk.store\/wp-content\/uploads\/2026\/02\/hopfallbar-solsang-tradgardssang-solstol-med-4-stegs-justerbar-ryggstod-vaderbestandig-campingstol-upp-till-120-kg-belastning-for-tradgard-strand-pool-gra-1.webp?fit=1500%2C1500&ssl=1","datePublished":"2026-02-22T03:00:33+00:00","dateModified":"2026-03-12T08:02:15+00:00","breadcrumb":{"@id":"https:\/\/truusk.store\/sv\/produkt\/truusk-hopfallbar-solsang-tradgardssang-med-justerbart-ryggstod-vaderbestandig-campingstol-upp-till-120-kg-gra\/#breadcrumb"},"inLanguage":"sv-SE","potentialAction":[{"@type":"ReadAction","target":["https:\/\/truusk.store\/sv\/produkt\/truusk-hopfallbar-solsang-tradgardssang-med-justerbart-ryggstod-vaderbestandig-campingstol-upp-till-120-kg-gra\/"]}]},{"@type":"ImageObject","inLanguage":"sv-SE","@id":"https:\/\/truusk.store\/sv\/produkt\/truusk-hopfallbar-solsang-tradgardssang-med-justerbart-ryggstod-vaderbestandig-campingstol-upp-till-120-kg-gra\/#primaryimage","url":"https:\/\/i0.wp.com\/truusk.store\/wp-content\/uploads\/2026\/02\/hopfallbar-solsang-tradgardssang-solstol-med-4-stegs-justerbar-ryggstod-vaderbestandig-campingstol-upp-till-120-kg-belastning-for-tradgard-strand-pool-gra-1.webp?fit=1500%2C1500&ssl=1","contentUrl":"https:\/\/i0.wp.com\/truusk.store\/wp-content\/uploads\/2026\/02\/hopfallbar-solsang-tradgardssang-solstol-med-4-stegs-justerbar-ryggstod-vaderbestandig-campingstol-upp-till-120-kg-belastning-for-tradgard-strand-pool-gra-1.webp?fit=1500%2C1500&ssl=1","width":1500,"height":1500},{"@type":"BreadcrumbList","@id":"https:\/\/truusk.store\/sv\/produkt\/truusk-hopfallbar-solsang-tradgardssang-med-justerbart-ryggstod-vaderbestandig-campingstol-upp-till-120-kg-gra\/#breadcrumb","itemListElement":[{"@type":"ListItem","position":1,"name":"Home","item":"https:\/\/truusk.store\/sv\/"},{"@type":"ListItem","position":2,"name":"Shop","item":"https:\/\/truusk.store\/shop\/"},{"@type":"ListItem","position":3,"name":"TRUUSK Hopf\u00e4llbar Sols\u00e4ng &#8211; Tr\u00e4dg\u00e5rdss\u00e4ng Med Justerbart Ryggst\u00f6d &#8211; V\u00e4derbest\u00e4ndig Campingstol Upp Till 120 Kg &#8211; Gr\u00e5"}]},{"@type":"WebSite","@id":"https:\/\/truusk.store\/sv\/#website","url":"https:\/\/truusk.store\/sv\/","name":"TRUUSK - Hem, Tr\u00e4dg\u00e5rd & Fritid","description":"","publisher":{"@id":"https:\/\/truusk.store\/sv\/#organization"},"potentialAction":[{"@type":"SearchAction","target":{"@type":"EntryPoint","urlTemplate":"https:\/\/truusk.store\/sv\/?s={search_term_string}"},"query-input":{"@type":"PropertyValueSpecification","valueRequired":true,"valueName":"search_term_string"}}],"inLanguage":"sv-SE"},{"@type":"Organization","@id":"https:\/\/truusk.store\/sv\/#organization","name":"TRUUSK - Hem, Tr\u00e4dg\u00e5rd & Fritid","url":"https:\/\/truusk.store\/sv\/","logo":{"@type":"ImageObject","inLanguage":"sv-SE","@id":"https:\/\/truusk.store\/sv\/#\/schema\/logo\/image\/","url":"https:\/\/i0.wp.com\/truusk.store\/wp-content\/uploads\/2026\/03\/cropped-TRUUSK.png?fit=2032%2C917&ssl=1","contentUrl":"https:\/\/i0.wp.com\/truusk.store\/wp-content\/uploads\/2026\/03\/cropped-TRUUSK.png?fit=2032%2C917&ssl=1","width":2032,"height":917,"caption":"TRUUSK - Hem, Tr\u00e4dg\u00e5rd & Fritid"},"image":{"@id":"https:\/\/truusk.store\/sv\/#\/schema\/logo\/image\/"}}]}},"jetpack_sharing_enabled":true,"_links":{"self":[{"href":"https:\/\/truusk.store\/sv\/wp-json\/wp\/v2\/product\/104675","targetHints":{"allow":["GET"]}}],"collection":[{"href":"https:\/\/truusk.store\/sv\/wp-json\/wp\/v2\/product"}],"about":[{"href":"https:\/\/truusk.store\/sv\/wp-json\/wp\/v2\/types\/product"}],"wp:featuredmedia":[{"embeddable":true,"href":"https:\/\/truusk.store\/sv\/wp-json\/wp\/v2\/media\/104666"}],"wp:attachment":[{"href":"https:\/\/truusk.store\/sv\/wp-json\/wp\/v2\/media?parent=104675"}],"wp:term":[{"taxonomy":"product_brand","embeddable":true,"href":"https:\/\/truusk.store\/sv\/wp-json\/wp\/v2\/product_brand?post=104675"},{"taxonomy":"product_cat","embeddable":true,"href":"https:\/\/truusk.store\/sv\/wp-json\/wp\/v2\/product_cat?post=104675"},{"taxonomy":"product_tag","embeddable":true,"href":"https:\/\/truusk.store\/sv\/wp-json\/wp\/v2\/product_tag?post=104675"}],"curies":[{"name":"wp","href":"https:\/\/api.w.org\/{rel}","templated":true}]}}