{"id":104695,"date":"2026-02-24T04:05:01","date_gmt":"2026-02-24T03:05:01","guid":{"rendered":"https:\/\/truusk.store\/product\/konstgjord-palm-125cm-stor-konstvaxt-med-18-palmblad-i-kruka-for-vardagsrum-balkong\/"},"modified":"2026-03-12T08:55:47","modified_gmt":"2026-03-12T07:55:47","slug":"truusk-stor-konstgjord-palm-125cm-realistisk-design-18-palmblad-perfekt-for-vardagsrum-och-balkong-inklusive-kruka","status":"publish","type":"product","link":"https:\/\/truusk.store\/sv\/produkt\/truusk-stor-konstgjord-palm-125cm-realistisk-design-18-palmblad-perfekt-for-vardagsrum-och-balkong-inklusive-kruka\/","title":{"rendered":"TRUUSK Stor Konstgjord Palm 125cm &#8211; Realistisk Design &#8211; 18 Palmblad &#8211; Perfekt f\u00f6r Vardagsrum och Balkong &#8211; Inklusive Kruka &#8211;"},"content":{"rendered":"<p>Vill du ha gr\u00f6na v\u00e4xter utan att beh\u00f6va sk\u00f6ta dem? V\u00e5r konstgjorda palm f\u00f6rblir gr\u00f6n i flera \u00e5r &#8211; utan klippning eller vattning. Ingen g\u00f6dsling, inga bekymmer p\u00e5 resor! De naturtrogna bladen p\u00e5 krukv\u00e4xten skapar en mysig atmosf\u00e4r, medan den underh\u00e5llsfria v\u00e4xten \u00e4r perfekt f\u00f6r inomhusbruk. Levereras f\u00f6rplanterad, passar den till alla inredningsstilar och \u00e4r omedelbart redo att anv\u00e4ndas.<\/p>\n<p>Beskrivning:<\/p>\n<ul>\n<li> Vacker konstgjord v\u00e4xt i palm design<\/li>\n<li> L\u00e4mplig f\u00f6r hemmet, kontoret eller utomhus, ger varje rum en naturlig k\u00e4nsla<\/li>\n<li> Denna konstgjorda v\u00e4xt inkluderar 18 blad, vilket ger ditt rum en naturlig k\u00e4nsla<\/li>\n<li> En stabil kruka garanterar en fast st\u00e5ndpunkt<\/li>\n<li> PE-mossa och cementjord av krukv\u00e4xten ing\u00e5r, vilket g\u00f6r den stabilare och mer realistisk<\/li>\n<li> L\u00e5gt underh\u00e5ll kr\u00e4vs<\/li>\n<li> Ingen montering kr\u00e4vs<\/li>\n<\/ul>\n<p> Tekniska data:<\/p>\n<ul>\n<li> F\u00e4rg: Gr\u00f6n<\/li>\n<li> Material: PE, plast, cement<\/li>\n<li> Totala dimensioner: \u00d816 x 125H cm<\/li>\n<li> Krukstorlek: \u00d816 x 13H cm<\/li>\n<\/ul>\n<p>Leveransinneh\u00e5ll:<\/p>\n<ul>\n<li> 1 x Konstgjord palm<\/li>\n<li> 1 x Bruksanvisning<\/li>\n<\/ul>\n","protected":false},"excerpt":{"rendered":"<p>Vill du ha gr\u00f6na v\u00e4xter utan att beh\u00f6va sk\u00f6ta dem? V\u00e5r konstgjorda palm f\u00f6rblir gr\u00f6n i flera \u00e5r &#8211; utan&#8230;<\/p>\n","protected":false},"featured_media":104686,"template":"","meta":[],"product_brand":[],"product_cat":[962,871,681],"product_tag":[],"class_list":{"0":"post-104695","1":"product","2":"type-product","3":"status-publish","4":"has-post-thumbnail","6":"product_cat-dekoration","7":"product_cat-hus-hem","8":"product_cat-konstgjorda-vaxter","10":"first","11":"instock","12":"sale","13":"taxable","14":"shipping-taxable","15":"purchasable","16":"product-type-simple"},"yoast_head":"<!-- This site is optimized with the Yoast SEO plugin v25.4 - https:\/\/yoast.com\/wordpress\/plugins\/seo\/ -->\n<title>TRUUSK Stor Konstgjord Palm 125cm - Realistisk Design - 18 Palmblad - Perfekt f\u00f6r Vardagsrum och Balkong - Inklusive Kruka - TRUUSK - Hem, Tr\u00e4dg\u00e5rd &amp; Fritid<\/title>\n<meta name=\"robots\" content=\"index, follow, max-snippet:-1, max-image-preview:large, max-video-preview:-1\" \/>\n<link rel=\"canonical\" href=\"https:\/\/truusk.store\/sv\/produkt\/truusk-stor-konstgjord-palm-125cm-realistisk-design-18-palmblad-perfekt-for-vardagsrum-och-balkong-inklusive-kruka\/\" \/>\n<meta property=\"og:locale\" content=\"sv_SE\" \/>\n<meta property=\"og:type\" content=\"article\" \/>\n<meta property=\"og:title\" content=\"TRUUSK Stor Konstgjord Palm 125cm - Realistisk Design - 18 Palmblad - Perfekt f\u00f6r Vardagsrum och Balkong - Inklusive Kruka - TRUUSK - Hem, Tr\u00e4dg\u00e5rd &amp; Fritid\" \/>\n<meta property=\"og:description\" content=\"Vill du ha gr\u00f6na v\u00e4xter utan att beh\u00f6va sk\u00f6ta dem? V\u00e5r konstgjorda palm f\u00f6rblir gr\u00f6n i flera \u00e5r &#8211; utan...\" \/>\n<meta property=\"og:url\" content=\"https:\/\/truusk.store\/sv\/produkt\/truusk-stor-konstgjord-palm-125cm-realistisk-design-18-palmblad-perfekt-for-vardagsrum-och-balkong-inklusive-kruka\/\" \/>\n<meta property=\"og:site_name\" content=\"TRUUSK - Hem, Tr\u00e4dg\u00e5rd &amp; Fritid\" \/>\n<meta property=\"article:modified_time\" content=\"2026-03-12T07:55:47+00:00\" \/>\n<meta property=\"og:image\" content=\"https:\/\/i0.wp.com\/truusk.se\/wp-content\/uploads\/2026\/02\/konstgjord-palm-125cm-stor-konstvaxt-med-18-palmblad-i-kruka-for-vardagsrum-balkong-1.webp?fit=2000%2C2000&ssl=1\" \/>\n\t<meta property=\"og:image:width\" content=\"2000\" \/>\n\t<meta property=\"og:image:height\" content=\"2000\" \/>\n\t<meta property=\"og:image:type\" content=\"image\/webp\" \/>\n<meta name=\"twitter:card\" content=\"summary_large_image\" \/>\n<meta name=\"twitter:label1\" content=\"Ber\u00e4knad l\u00e4stid\" \/>\n\t<meta name=\"twitter:data1\" content=\"1 minut\" \/>\n<!-- \/ Yoast SEO plugin. -->","yoast_head_json":{"title":"TRUUSK Stor Konstgjord Palm 125cm - Realistisk Design - 18 Palmblad - Perfekt f\u00f6r Vardagsrum och Balkong - Inklusive Kruka - TRUUSK - Hem, Tr\u00e4dg\u00e5rd &amp; Fritid","robots":{"index":"index","follow":"follow","max-snippet":"max-snippet:-1","max-image-preview":"max-image-preview:large","max-video-preview":"max-video-preview:-1"},"canonical":"https:\/\/truusk.store\/sv\/produkt\/truusk-stor-konstgjord-palm-125cm-realistisk-design-18-palmblad-perfekt-for-vardagsrum-och-balkong-inklusive-kruka\/","og_locale":"sv_SE","og_type":"article","og_title":"TRUUSK Stor Konstgjord Palm 125cm - Realistisk Design - 18 Palmblad - Perfekt f\u00f6r Vardagsrum och Balkong - Inklusive Kruka - TRUUSK - Hem, Tr\u00e4dg\u00e5rd &amp; Fritid","og_description":"Vill du ha gr\u00f6na v\u00e4xter utan att beh\u00f6va sk\u00f6ta dem? V\u00e5r konstgjorda palm f\u00f6rblir gr\u00f6n i flera \u00e5r &#8211; utan...","og_url":"https:\/\/truusk.store\/sv\/produkt\/truusk-stor-konstgjord-palm-125cm-realistisk-design-18-palmblad-perfekt-for-vardagsrum-och-balkong-inklusive-kruka\/","og_site_name":"TRUUSK - Hem, Tr\u00e4dg\u00e5rd &amp; Fritid","article_modified_time":"2026-03-12T07:55:47+00:00","og_image":[{"width":2000,"height":2000,"url":"https:\/\/i0.wp.com\/truusk.se\/wp-content\/uploads\/2026\/02\/konstgjord-palm-125cm-stor-konstvaxt-med-18-palmblad-i-kruka-for-vardagsrum-balkong-1.webp?fit=2000%2C2000&ssl=1","type":"image\/webp"}],"twitter_card":"summary_large_image","twitter_misc":{"Ber\u00e4knad l\u00e4stid":"1 minut"},"schema":{"@context":"https:\/\/schema.org","@graph":[{"@type":"WebPage","@id":"https:\/\/truusk.store\/sv\/produkt\/truusk-stor-konstgjord-palm-125cm-realistisk-design-18-palmblad-perfekt-for-vardagsrum-och-balkong-inklusive-kruka\/","url":"https:\/\/truusk.store\/sv\/produkt\/truusk-stor-konstgjord-palm-125cm-realistisk-design-18-palmblad-perfekt-for-vardagsrum-och-balkong-inklusive-kruka\/","name":"TRUUSK Stor Konstgjord Palm 125cm - Realistisk Design - 18 Palmblad - Perfekt f\u00f6r Vardagsrum och Balkong - Inklusive Kruka - TRUUSK - Hem, Tr\u00e4dg\u00e5rd &amp; Fritid","isPartOf":{"@id":"https:\/\/truusk.store\/sv\/#website"},"primaryImageOfPage":{"@id":"https:\/\/truusk.store\/sv\/produkt\/truusk-stor-konstgjord-palm-125cm-realistisk-design-18-palmblad-perfekt-for-vardagsrum-och-balkong-inklusive-kruka\/#primaryimage"},"image":{"@id":"https:\/\/truusk.store\/sv\/produkt\/truusk-stor-konstgjord-palm-125cm-realistisk-design-18-palmblad-perfekt-for-vardagsrum-och-balkong-inklusive-kruka\/#primaryimage"},"thumbnailUrl":"https:\/\/i0.wp.com\/truusk.store\/wp-content\/uploads\/2026\/02\/konstgjord-palm-125cm-stor-konstvaxt-med-18-palmblad-i-kruka-for-vardagsrum-balkong-1.webp?fit=2000%2C2000&ssl=1","datePublished":"2026-02-24T03:05:01+00:00","dateModified":"2026-03-12T07:55:47+00:00","breadcrumb":{"@id":"https:\/\/truusk.store\/sv\/produkt\/truusk-stor-konstgjord-palm-125cm-realistisk-design-18-palmblad-perfekt-for-vardagsrum-och-balkong-inklusive-kruka\/#breadcrumb"},"inLanguage":"sv-SE","potentialAction":[{"@type":"ReadAction","target":["https:\/\/truusk.store\/sv\/produkt\/truusk-stor-konstgjord-palm-125cm-realistisk-design-18-palmblad-perfekt-for-vardagsrum-och-balkong-inklusive-kruka\/"]}]},{"@type":"ImageObject","inLanguage":"sv-SE","@id":"https:\/\/truusk.store\/sv\/produkt\/truusk-stor-konstgjord-palm-125cm-realistisk-design-18-palmblad-perfekt-for-vardagsrum-och-balkong-inklusive-kruka\/#primaryimage","url":"https:\/\/i0.wp.com\/truusk.store\/wp-content\/uploads\/2026\/02\/konstgjord-palm-125cm-stor-konstvaxt-med-18-palmblad-i-kruka-for-vardagsrum-balkong-1.webp?fit=2000%2C2000&ssl=1","contentUrl":"https:\/\/i0.wp.com\/truusk.store\/wp-content\/uploads\/2026\/02\/konstgjord-palm-125cm-stor-konstvaxt-med-18-palmblad-i-kruka-for-vardagsrum-balkong-1.webp?fit=2000%2C2000&ssl=1","width":2000,"height":2000},{"@type":"BreadcrumbList","@id":"https:\/\/truusk.store\/sv\/produkt\/truusk-stor-konstgjord-palm-125cm-realistisk-design-18-palmblad-perfekt-for-vardagsrum-och-balkong-inklusive-kruka\/#breadcrumb","itemListElement":[{"@type":"ListItem","position":1,"name":"Home","item":"https:\/\/truusk.store\/sv\/"},{"@type":"ListItem","position":2,"name":"Shop","item":"https:\/\/truusk.store\/shop\/"},{"@type":"ListItem","position":3,"name":"TRUUSK Stor Konstgjord Palm 125cm &#8211; Realistisk Design &#8211; 18 Palmblad &#8211; Perfekt f\u00f6r Vardagsrum och Balkong &#8211; Inklusive Kruka &#8211;"}]},{"@type":"WebSite","@id":"https:\/\/truusk.store\/sv\/#website","url":"https:\/\/truusk.store\/sv\/","name":"TRUUSK - Hem, Tr\u00e4dg\u00e5rd & Fritid","description":"","publisher":{"@id":"https:\/\/truusk.store\/sv\/#organization"},"potentialAction":[{"@type":"SearchAction","target":{"@type":"EntryPoint","urlTemplate":"https:\/\/truusk.store\/sv\/?s={search_term_string}"},"query-input":{"@type":"PropertyValueSpecification","valueRequired":true,"valueName":"search_term_string"}}],"inLanguage":"sv-SE"},{"@type":"Organization","@id":"https:\/\/truusk.store\/sv\/#organization","name":"TRUUSK - Hem, Tr\u00e4dg\u00e5rd & Fritid","url":"https:\/\/truusk.store\/sv\/","logo":{"@type":"ImageObject","inLanguage":"sv-SE","@id":"https:\/\/truusk.store\/sv\/#\/schema\/logo\/image\/","url":"https:\/\/i0.wp.com\/truusk.store\/wp-content\/uploads\/2026\/03\/cropped-TRUUSK.png?fit=2032%2C917&ssl=1","contentUrl":"https:\/\/i0.wp.com\/truusk.store\/wp-content\/uploads\/2026\/03\/cropped-TRUUSK.png?fit=2032%2C917&ssl=1","width":2032,"height":917,"caption":"TRUUSK - Hem, Tr\u00e4dg\u00e5rd & Fritid"},"image":{"@id":"https:\/\/truusk.store\/sv\/#\/schema\/logo\/image\/"}}]}},"jetpack_sharing_enabled":true,"_links":{"self":[{"href":"https:\/\/truusk.store\/sv\/wp-json\/wp\/v2\/product\/104695","targetHints":{"allow":["GET"]}}],"collection":[{"href":"https:\/\/truusk.store\/sv\/wp-json\/wp\/v2\/product"}],"about":[{"href":"https:\/\/truusk.store\/sv\/wp-json\/wp\/v2\/types\/product"}],"wp:featuredmedia":[{"embeddable":true,"href":"https:\/\/truusk.store\/sv\/wp-json\/wp\/v2\/media\/104686"}],"wp:attachment":[{"href":"https:\/\/truusk.store\/sv\/wp-json\/wp\/v2\/media?parent=104695"}],"wp:term":[{"taxonomy":"product_brand","embeddable":true,"href":"https:\/\/truusk.store\/sv\/wp-json\/wp\/v2\/product_brand?post=104695"},{"taxonomy":"product_cat","embeddable":true,"href":"https:\/\/truusk.store\/sv\/wp-json\/wp\/v2\/product_cat?post=104695"},{"taxonomy":"product_tag","embeddable":true,"href":"https:\/\/truusk.store\/sv\/wp-json\/wp\/v2\/product_tag?post=104695"}],"curies":[{"name":"wp","href":"https:\/\/api.w.org\/{rel}","templated":true}]}}