{"id":104715,"date":"2026-02-24T04:12:07","date_gmt":"2026-02-24T03:12:07","guid":{"rendered":"https:\/\/truusk.store\/product\/skyddsholje-for-tradgardsmobler-vinterfast-vattentat-tackning-tackduk-oxford-275-x-205-x-90-cm-morkgra\/"},"modified":"2026-03-12T09:02:29","modified_gmt":"2026-03-12T08:02:29","slug":"truusk-vinterfast-skyddsholje-for-tradgardsmobler-vattentat-tackduk-oxford-material-morkgra-275-x-205-x-90-cm","status":"publish","type":"product","link":"https:\/\/truusk.store\/sv\/produkt\/truusk-vinterfast-skyddsholje-for-tradgardsmobler-vattentat-tackduk-oxford-material-morkgra-275-x-205-x-90-cm\/","title":{"rendered":"TRUUSK Vinterfast Skyddsh\u00f6lje f\u00f6r Tr\u00e4dg\u00e5rdsm\u00f6bler &#8211; Vattent\u00e4t T\u00e4ckduk &#8211; Oxford Material &#8211; M\u00f6rkgr\u00e5 &#8211; 275 x 205 x 90 cm"},"content":{"rendered":"<p>Skydda dina utem\u00f6bler i alla v\u00e4der med detta skyddst\u00e4cke fr\u00e5n [BRAND NAME]. Det h\u00f6gdensitets Oxford-tyget med PE-bel\u00e4ggning skyddar effektivt mot l\u00e4tt vatten och UV-str\u00e5lar. Tack vare det l\u00e4tta materialet kan tr\u00e4dg\u00e5rdsm\u00f6belns skyddsh\u00f6lje enkelt s\u00e4ttas p\u00e5 och tas av. Med dragskoarna sitter h\u00f6ljet s\u00e4kert och fast, idealiskt f\u00f6r l\u00e5ngvarigt skydd.<\/p>\n<p>Beskrivning:<\/p>\n<ul>\n<li> Torkas l\u00e4tt rent<\/li>\n<li> L\u00e4mplig f\u00f6r alla utomhus-, tr\u00e4dg\u00e5rds- och terrassm\u00f6bler<\/li>\n<li> L\u00e4tt k\u00e4nsla, enkel att s\u00e4tta p\u00e5 och ta av, l\u00e4tt att f\u00f6rvara<\/li>\n<li> PE-belagt 300 x 600 h\u00f6gdensitets Oxford-tyg \u00e4r vatten- och UV-resistent och skyddar dina m\u00f6bler<\/li>\n<li> Praktiska dragskor p\u00e5 tr\u00e4dg\u00e5rdsm\u00f6belns skyddsh\u00f6lje f\u00f6r en fast passform, s\u00e4ker vid mild vindv\u00e4der<\/li>\n<\/ul>\n<p> Tekniska data:<\/p>\n<ul>\n<li> F\u00e4rg: M\u00f6rkgr\u00e5<\/li>\n<li> Material: Oxfordtyg<\/li>\n<li> Totala dimensioner: 275L x 205B x 90H cm<\/li>\n<li> Nedre nylon dragsko: \u00d85 mm<\/li>\n<\/ul>\n<p>Leveransinneh\u00e5ll:<\/p>\n<ul>\n<li> 1 x M\u00f6belskydd<\/li>\n<li> 1 x Instruktioner<\/li>\n<\/ul>\n","protected":false},"excerpt":{"rendered":"<p>Skydda dina utem\u00f6bler i alla v\u00e4der med detta skyddst\u00e4cke fr\u00e5n [BRAND NAME]. Det h\u00f6gdensitets Oxford-tyget med PE-bel\u00e4ggning skyddar effektivt mot&#8230;<\/p>\n","protected":false},"featured_media":104706,"template":"","meta":[],"product_brand":[],"product_cat":[1106,1035,858,450],"product_tag":[],"class_list":{"0":"post-104715","1":"product","2":"type-product","3":"status-publish","4":"has-post-thumbnail","6":"product_cat-abdeckplanen","7":"product_cat-polyrattan-tradgardsmobler","8":"product_cat-tradgard-terrass","9":"product_cat-tradgardsmobler","11":"first","12":"instock","13":"sale","14":"taxable","15":"shipping-taxable","16":"purchasable","17":"product-type-simple"},"yoast_head":"<!-- This site is optimized with the Yoast SEO plugin v25.4 - https:\/\/yoast.com\/wordpress\/plugins\/seo\/ -->\n<title>TRUUSK Vinterfast Skyddsh\u00f6lje f\u00f6r Tr\u00e4dg\u00e5rdsm\u00f6bler - Vattent\u00e4t T\u00e4ckduk - Oxford Material - M\u00f6rkgr\u00e5 - 275 x 205 x 90 cm - TRUUSK - Hem, Tr\u00e4dg\u00e5rd &amp; Fritid<\/title>\n<meta name=\"robots\" content=\"index, follow, max-snippet:-1, max-image-preview:large, max-video-preview:-1\" \/>\n<link rel=\"canonical\" href=\"https:\/\/truusk.store\/sv\/produkt\/truusk-vinterfast-skyddsholje-for-tradgardsmobler-vattentat-tackduk-oxford-material-morkgra-275-x-205-x-90-cm\/\" \/>\n<meta property=\"og:locale\" content=\"sv_SE\" \/>\n<meta property=\"og:type\" content=\"article\" \/>\n<meta property=\"og:title\" content=\"TRUUSK Vinterfast Skyddsh\u00f6lje f\u00f6r Tr\u00e4dg\u00e5rdsm\u00f6bler - Vattent\u00e4t T\u00e4ckduk - Oxford Material - M\u00f6rkgr\u00e5 - 275 x 205 x 90 cm - TRUUSK - Hem, Tr\u00e4dg\u00e5rd &amp; Fritid\" \/>\n<meta property=\"og:description\" content=\"Skydda dina utem\u00f6bler i alla v\u00e4der med detta skyddst\u00e4cke fr\u00e5n [BRAND NAME]. Det h\u00f6gdensitets Oxford-tyget med PE-bel\u00e4ggning skyddar effektivt mot...\" \/>\n<meta property=\"og:url\" content=\"https:\/\/truusk.store\/sv\/produkt\/truusk-vinterfast-skyddsholje-for-tradgardsmobler-vattentat-tackduk-oxford-material-morkgra-275-x-205-x-90-cm\/\" \/>\n<meta property=\"og:site_name\" content=\"TRUUSK - Hem, Tr\u00e4dg\u00e5rd &amp; Fritid\" \/>\n<meta property=\"article:modified_time\" content=\"2026-03-12T08:02:29+00:00\" \/>\n<meta property=\"og:image\" content=\"https:\/\/i0.wp.com\/truusk.se\/wp-content\/uploads\/2026\/02\/skyddsholje-for-tradgardsmobler-vinterfast-vattentat-tackning-tackduk-oxford-275-x-205-x-90-cm-morkgra-1.webp?fit=2000%2C2000&ssl=1\" \/>\n\t<meta property=\"og:image:width\" content=\"2000\" \/>\n\t<meta property=\"og:image:height\" content=\"2000\" \/>\n\t<meta property=\"og:image:type\" content=\"image\/webp\" \/>\n<meta name=\"twitter:card\" content=\"summary_large_image\" \/>\n<meta name=\"twitter:label1\" content=\"Ber\u00e4knad l\u00e4stid\" \/>\n\t<meta name=\"twitter:data1\" content=\"1 minut\" \/>\n<!-- \/ Yoast SEO plugin. -->","yoast_head_json":{"title":"TRUUSK Vinterfast Skyddsh\u00f6lje f\u00f6r Tr\u00e4dg\u00e5rdsm\u00f6bler - Vattent\u00e4t T\u00e4ckduk - Oxford Material - M\u00f6rkgr\u00e5 - 275 x 205 x 90 cm - TRUUSK - Hem, Tr\u00e4dg\u00e5rd &amp; Fritid","robots":{"index":"index","follow":"follow","max-snippet":"max-snippet:-1","max-image-preview":"max-image-preview:large","max-video-preview":"max-video-preview:-1"},"canonical":"https:\/\/truusk.store\/sv\/produkt\/truusk-vinterfast-skyddsholje-for-tradgardsmobler-vattentat-tackduk-oxford-material-morkgra-275-x-205-x-90-cm\/","og_locale":"sv_SE","og_type":"article","og_title":"TRUUSK Vinterfast Skyddsh\u00f6lje f\u00f6r Tr\u00e4dg\u00e5rdsm\u00f6bler - Vattent\u00e4t T\u00e4ckduk - Oxford Material - M\u00f6rkgr\u00e5 - 275 x 205 x 90 cm - TRUUSK - Hem, Tr\u00e4dg\u00e5rd &amp; Fritid","og_description":"Skydda dina utem\u00f6bler i alla v\u00e4der med detta skyddst\u00e4cke fr\u00e5n [BRAND NAME]. Det h\u00f6gdensitets Oxford-tyget med PE-bel\u00e4ggning skyddar effektivt mot...","og_url":"https:\/\/truusk.store\/sv\/produkt\/truusk-vinterfast-skyddsholje-for-tradgardsmobler-vattentat-tackduk-oxford-material-morkgra-275-x-205-x-90-cm\/","og_site_name":"TRUUSK - Hem, Tr\u00e4dg\u00e5rd &amp; Fritid","article_modified_time":"2026-03-12T08:02:29+00:00","og_image":[{"width":2000,"height":2000,"url":"https:\/\/i0.wp.com\/truusk.se\/wp-content\/uploads\/2026\/02\/skyddsholje-for-tradgardsmobler-vinterfast-vattentat-tackning-tackduk-oxford-275-x-205-x-90-cm-morkgra-1.webp?fit=2000%2C2000&ssl=1","type":"image\/webp"}],"twitter_card":"summary_large_image","twitter_misc":{"Ber\u00e4knad l\u00e4stid":"1 minut"},"schema":{"@context":"https:\/\/schema.org","@graph":[{"@type":"WebPage","@id":"https:\/\/truusk.store\/sv\/produkt\/truusk-vinterfast-skyddsholje-for-tradgardsmobler-vattentat-tackduk-oxford-material-morkgra-275-x-205-x-90-cm\/","url":"https:\/\/truusk.store\/sv\/produkt\/truusk-vinterfast-skyddsholje-for-tradgardsmobler-vattentat-tackduk-oxford-material-morkgra-275-x-205-x-90-cm\/","name":"TRUUSK Vinterfast Skyddsh\u00f6lje f\u00f6r Tr\u00e4dg\u00e5rdsm\u00f6bler - Vattent\u00e4t T\u00e4ckduk - Oxford Material - M\u00f6rkgr\u00e5 - 275 x 205 x 90 cm - TRUUSK - Hem, Tr\u00e4dg\u00e5rd &amp; Fritid","isPartOf":{"@id":"https:\/\/truusk.store\/sv\/#website"},"primaryImageOfPage":{"@id":"https:\/\/truusk.store\/sv\/produkt\/truusk-vinterfast-skyddsholje-for-tradgardsmobler-vattentat-tackduk-oxford-material-morkgra-275-x-205-x-90-cm\/#primaryimage"},"image":{"@id":"https:\/\/truusk.store\/sv\/produkt\/truusk-vinterfast-skyddsholje-for-tradgardsmobler-vattentat-tackduk-oxford-material-morkgra-275-x-205-x-90-cm\/#primaryimage"},"thumbnailUrl":"https:\/\/i0.wp.com\/truusk.store\/wp-content\/uploads\/2026\/02\/skyddsholje-for-tradgardsmobler-vinterfast-vattentat-tackning-tackduk-oxford-275-x-205-x-90-cm-morkgra-1.webp?fit=2000%2C2000&ssl=1","datePublished":"2026-02-24T03:12:07+00:00","dateModified":"2026-03-12T08:02:29+00:00","breadcrumb":{"@id":"https:\/\/truusk.store\/sv\/produkt\/truusk-vinterfast-skyddsholje-for-tradgardsmobler-vattentat-tackduk-oxford-material-morkgra-275-x-205-x-90-cm\/#breadcrumb"},"inLanguage":"sv-SE","potentialAction":[{"@type":"ReadAction","target":["https:\/\/truusk.store\/sv\/produkt\/truusk-vinterfast-skyddsholje-for-tradgardsmobler-vattentat-tackduk-oxford-material-morkgra-275-x-205-x-90-cm\/"]}]},{"@type":"ImageObject","inLanguage":"sv-SE","@id":"https:\/\/truusk.store\/sv\/produkt\/truusk-vinterfast-skyddsholje-for-tradgardsmobler-vattentat-tackduk-oxford-material-morkgra-275-x-205-x-90-cm\/#primaryimage","url":"https:\/\/i0.wp.com\/truusk.store\/wp-content\/uploads\/2026\/02\/skyddsholje-for-tradgardsmobler-vinterfast-vattentat-tackning-tackduk-oxford-275-x-205-x-90-cm-morkgra-1.webp?fit=2000%2C2000&ssl=1","contentUrl":"https:\/\/i0.wp.com\/truusk.store\/wp-content\/uploads\/2026\/02\/skyddsholje-for-tradgardsmobler-vinterfast-vattentat-tackning-tackduk-oxford-275-x-205-x-90-cm-morkgra-1.webp?fit=2000%2C2000&ssl=1","width":2000,"height":2000},{"@type":"BreadcrumbList","@id":"https:\/\/truusk.store\/sv\/produkt\/truusk-vinterfast-skyddsholje-for-tradgardsmobler-vattentat-tackduk-oxford-material-morkgra-275-x-205-x-90-cm\/#breadcrumb","itemListElement":[{"@type":"ListItem","position":1,"name":"Home","item":"https:\/\/truusk.store\/sv\/"},{"@type":"ListItem","position":2,"name":"Shop","item":"https:\/\/truusk.store\/shop\/"},{"@type":"ListItem","position":3,"name":"TRUUSK Vinterfast Skyddsh\u00f6lje f\u00f6r Tr\u00e4dg\u00e5rdsm\u00f6bler &#8211; Vattent\u00e4t T\u00e4ckduk &#8211; Oxford Material &#8211; M\u00f6rkgr\u00e5 &#8211; 275 x 205 x 90 cm"}]},{"@type":"WebSite","@id":"https:\/\/truusk.store\/sv\/#website","url":"https:\/\/truusk.store\/sv\/","name":"TRUUSK - Hem, Tr\u00e4dg\u00e5rd & Fritid","description":"","publisher":{"@id":"https:\/\/truusk.store\/sv\/#organization"},"potentialAction":[{"@type":"SearchAction","target":{"@type":"EntryPoint","urlTemplate":"https:\/\/truusk.store\/sv\/?s={search_term_string}"},"query-input":{"@type":"PropertyValueSpecification","valueRequired":true,"valueName":"search_term_string"}}],"inLanguage":"sv-SE"},{"@type":"Organization","@id":"https:\/\/truusk.store\/sv\/#organization","name":"TRUUSK - Hem, Tr\u00e4dg\u00e5rd & Fritid","url":"https:\/\/truusk.store\/sv\/","logo":{"@type":"ImageObject","inLanguage":"sv-SE","@id":"https:\/\/truusk.store\/sv\/#\/schema\/logo\/image\/","url":"https:\/\/i0.wp.com\/truusk.store\/wp-content\/uploads\/2026\/03\/cropped-TRUUSK.png?fit=2032%2C917&ssl=1","contentUrl":"https:\/\/i0.wp.com\/truusk.store\/wp-content\/uploads\/2026\/03\/cropped-TRUUSK.png?fit=2032%2C917&ssl=1","width":2032,"height":917,"caption":"TRUUSK - Hem, Tr\u00e4dg\u00e5rd & Fritid"},"image":{"@id":"https:\/\/truusk.store\/sv\/#\/schema\/logo\/image\/"}}]}},"jetpack_sharing_enabled":true,"_links":{"self":[{"href":"https:\/\/truusk.store\/sv\/wp-json\/wp\/v2\/product\/104715","targetHints":{"allow":["GET"]}}],"collection":[{"href":"https:\/\/truusk.store\/sv\/wp-json\/wp\/v2\/product"}],"about":[{"href":"https:\/\/truusk.store\/sv\/wp-json\/wp\/v2\/types\/product"}],"wp:featuredmedia":[{"embeddable":true,"href":"https:\/\/truusk.store\/sv\/wp-json\/wp\/v2\/media\/104706"}],"wp:attachment":[{"href":"https:\/\/truusk.store\/sv\/wp-json\/wp\/v2\/media?parent=104715"}],"wp:term":[{"taxonomy":"product_brand","embeddable":true,"href":"https:\/\/truusk.store\/sv\/wp-json\/wp\/v2\/product_brand?post=104715"},{"taxonomy":"product_cat","embeddable":true,"href":"https:\/\/truusk.store\/sv\/wp-json\/wp\/v2\/product_cat?post=104715"},{"taxonomy":"product_tag","embeddable":true,"href":"https:\/\/truusk.store\/sv\/wp-json\/wp\/v2\/product_tag?post=104715"}],"curies":[{"name":"wp","href":"https:\/\/api.w.org\/{rel}","templated":true}]}}