{"id":104725,"date":"2026-02-24T04:15:40","date_gmt":"2026-02-24T03:15:40","guid":{"rendered":"https:\/\/truusk.store\/product\/sensor-soptunna-20l-rostfritt-stal-automatisk-soptunna-med-rorelsesensor-inre-tunna-33-x-25-x-425-cm-silversvart\/"},"modified":"2026-03-12T09:05:15","modified_gmt":"2026-03-12T08:05:15","slug":"truusk-sensor-soptunna-20l-rostfritt-stal-automatisk-med-rorelsesensor-inre-tunna-silversvart","status":"publish","type":"product","link":"https:\/\/truusk.store\/sv\/produkt\/truusk-sensor-soptunna-20l-rostfritt-stal-automatisk-med-rorelsesensor-inre-tunna-silversvart\/","title":{"rendered":"TRUUSK Sensor Soptunna 20L Rostfritt St\u00e5l &#8211; Automatisk med R\u00f6relsesensor &#8211; Inre Tunna &#8211; Silver+Svart"},"content":{"rendered":"<p>Den h\u00e4r smarta, eleganta papperskorgen med infrar\u00f6d teknologi \u00f6ppnar locket automatiskt vid r\u00f6relsedetektering och st\u00e4nger det efter n\u00e5gra sekunders inaktivitet. Alternativt kan papperskorgen med sensor man\u00f6vreras manuellt med ett knapptryck. Drivs med 4 AA-batterier (ing\u00e5r ej), tr\u00e5dl\u00f6st. Den polerade rostfria st\u00e5ldesignen garanterar h\u00e5llbarhet och ger en touch av elegans till varje rum.<\/p>\n<p>Beskrivning:<\/p>\n<ul>\n<li> Elektrisk papperskorg med 20L kapacitet (inre volym 15,5L) och elegant design i rostfritt st\u00e5l<\/li>\n<li> Denna papperskorg med sensor har infrar\u00f6d teknologi f\u00f6r automatisk \u00f6ppning av locket vid r\u00f6relsedetektering<\/li>\n<li> Kan man\u00f6vreras manuellt med en knapp p\u00e5 locket<\/li>\n<li> P\u00e5\/av-knapp p\u00e5 baksidan av enheten<\/li>\n<li> Uttagbar inre hink med handtag f\u00f6r enkel avfallshantering<\/li>\n<li> Fungerar med 4 AA-batterier (ing\u00e5r ej), ingen elektrisk installation kr\u00e4vs<\/li>\n<li> Energieffektiv, idealisk f\u00f6r daglig anv\u00e4ndning i k\u00f6k<\/li>\n<\/ul>\n<p> Tekniska data:<\/p>\n<ul>\n<li> F\u00e4rg: Silver+Svart<\/li>\n<li> Material: Rostfritt st\u00e5l, plast<\/li>\n<li> Totala dimensioner: 33L x 25B x 42,5H cm<\/li>\n<li> Beh\u00e5llarens dimensioner: 29L x 19B x 29,5H cm<\/li>\n<li> Lock\u00f6ppning: 59 cm<\/li>\n<li> Detekteringsavst\u00e5nd: 15-20 cm<\/li>\n<li> Kapacitet: 20 L<\/li>\n<li> Obs: Kr\u00e4ver 4 AA-batterier, ing\u00e5r ej<\/li>\n<\/ul>\n<p>Leveransinneh\u00e5ll:<\/p>\n<ul>\n<li> 1 x Papperskorg<\/li>\n<li> 1 x Bruksanvisning<\/li>\n<\/ul>\n","protected":false},"excerpt":{"rendered":"<p>Den h\u00e4r smarta, eleganta papperskorgen med infrar\u00f6d teknologi \u00f6ppnar locket automatiskt vid r\u00f6relsedetektering och st\u00e4nger det efter n\u00e5gra sekunders inaktivitet&#8230;.<\/p>\n","protected":false},"featured_media":104716,"template":"","meta":[],"product_brand":[],"product_cat":[867,869,870],"product_tag":[],"class_list":{"0":"post-104725","1":"product","2":"type-product","3":"status-publish","4":"has-post-thumbnail","6":"product_cat-byggmarknad","7":"product_cat-rengoring-ordning","8":"product_cat-sopkorgar","10":"first","11":"instock","12":"sale","13":"taxable","14":"shipping-taxable","15":"purchasable","16":"product-type-simple"},"yoast_head":"<!-- This site is optimized with the Yoast SEO plugin v25.4 - https:\/\/yoast.com\/wordpress\/plugins\/seo\/ -->\n<title>TRUUSK Sensor Soptunna 20L Rostfritt St\u00e5l - Automatisk med R\u00f6relsesensor - Inre Tunna - Silver+Svart - TRUUSK - Hem, Tr\u00e4dg\u00e5rd &amp; Fritid<\/title>\n<meta name=\"robots\" content=\"index, follow, max-snippet:-1, max-image-preview:large, max-video-preview:-1\" \/>\n<link rel=\"canonical\" href=\"https:\/\/truusk.store\/sv\/produkt\/truusk-sensor-soptunna-20l-rostfritt-stal-automatisk-med-rorelsesensor-inre-tunna-silversvart\/\" \/>\n<meta property=\"og:locale\" content=\"sv_SE\" \/>\n<meta property=\"og:type\" content=\"article\" \/>\n<meta property=\"og:title\" content=\"TRUUSK Sensor Soptunna 20L Rostfritt St\u00e5l - Automatisk med R\u00f6relsesensor - Inre Tunna - Silver+Svart - TRUUSK - Hem, Tr\u00e4dg\u00e5rd &amp; Fritid\" \/>\n<meta property=\"og:description\" content=\"Den h\u00e4r smarta, eleganta papperskorgen med infrar\u00f6d teknologi \u00f6ppnar locket automatiskt vid r\u00f6relsedetektering och st\u00e4nger det efter n\u00e5gra sekunders inaktivitet....\" \/>\n<meta property=\"og:url\" content=\"https:\/\/truusk.store\/sv\/produkt\/truusk-sensor-soptunna-20l-rostfritt-stal-automatisk-med-rorelsesensor-inre-tunna-silversvart\/\" \/>\n<meta property=\"og:site_name\" content=\"TRUUSK - Hem, Tr\u00e4dg\u00e5rd &amp; Fritid\" \/>\n<meta property=\"article:modified_time\" content=\"2026-03-12T08:05:15+00:00\" \/>\n<meta property=\"og:image\" content=\"https:\/\/i0.wp.com\/truusk.se\/wp-content\/uploads\/2026\/02\/sensor-soptunna-20l-rostfritt-stal-automatisk-soptunna-med-rorelsesensor-inre-tunna-33-x-25-x-425-cm-silversvart-1.webp?fit=2000%2C2000&ssl=1\" \/>\n\t<meta property=\"og:image:width\" content=\"2000\" \/>\n\t<meta property=\"og:image:height\" content=\"2000\" \/>\n\t<meta property=\"og:image:type\" content=\"image\/webp\" \/>\n<meta name=\"twitter:card\" content=\"summary_large_image\" \/>\n<meta name=\"twitter:label1\" content=\"Ber\u00e4knad l\u00e4stid\" \/>\n\t<meta name=\"twitter:data1\" content=\"1 minut\" \/>\n<!-- \/ Yoast SEO plugin. -->","yoast_head_json":{"title":"TRUUSK Sensor Soptunna 20L Rostfritt St\u00e5l - Automatisk med R\u00f6relsesensor - Inre Tunna - Silver+Svart - TRUUSK - Hem, Tr\u00e4dg\u00e5rd &amp; Fritid","robots":{"index":"index","follow":"follow","max-snippet":"max-snippet:-1","max-image-preview":"max-image-preview:large","max-video-preview":"max-video-preview:-1"},"canonical":"https:\/\/truusk.store\/sv\/produkt\/truusk-sensor-soptunna-20l-rostfritt-stal-automatisk-med-rorelsesensor-inre-tunna-silversvart\/","og_locale":"sv_SE","og_type":"article","og_title":"TRUUSK Sensor Soptunna 20L Rostfritt St\u00e5l - Automatisk med R\u00f6relsesensor - Inre Tunna - Silver+Svart - TRUUSK - Hem, Tr\u00e4dg\u00e5rd &amp; Fritid","og_description":"Den h\u00e4r smarta, eleganta papperskorgen med infrar\u00f6d teknologi \u00f6ppnar locket automatiskt vid r\u00f6relsedetektering och st\u00e4nger det efter n\u00e5gra sekunders inaktivitet....","og_url":"https:\/\/truusk.store\/sv\/produkt\/truusk-sensor-soptunna-20l-rostfritt-stal-automatisk-med-rorelsesensor-inre-tunna-silversvart\/","og_site_name":"TRUUSK - Hem, Tr\u00e4dg\u00e5rd &amp; Fritid","article_modified_time":"2026-03-12T08:05:15+00:00","og_image":[{"width":2000,"height":2000,"url":"https:\/\/i0.wp.com\/truusk.se\/wp-content\/uploads\/2026\/02\/sensor-soptunna-20l-rostfritt-stal-automatisk-soptunna-med-rorelsesensor-inre-tunna-33-x-25-x-425-cm-silversvart-1.webp?fit=2000%2C2000&ssl=1","type":"image\/webp"}],"twitter_card":"summary_large_image","twitter_misc":{"Ber\u00e4knad l\u00e4stid":"1 minut"},"schema":{"@context":"https:\/\/schema.org","@graph":[{"@type":"WebPage","@id":"https:\/\/truusk.store\/sv\/produkt\/truusk-sensor-soptunna-20l-rostfritt-stal-automatisk-med-rorelsesensor-inre-tunna-silversvart\/","url":"https:\/\/truusk.store\/sv\/produkt\/truusk-sensor-soptunna-20l-rostfritt-stal-automatisk-med-rorelsesensor-inre-tunna-silversvart\/","name":"TRUUSK Sensor Soptunna 20L Rostfritt St\u00e5l - Automatisk med R\u00f6relsesensor - Inre Tunna - Silver+Svart - TRUUSK - Hem, Tr\u00e4dg\u00e5rd &amp; Fritid","isPartOf":{"@id":"https:\/\/truusk.store\/sv\/#website"},"primaryImageOfPage":{"@id":"https:\/\/truusk.store\/sv\/produkt\/truusk-sensor-soptunna-20l-rostfritt-stal-automatisk-med-rorelsesensor-inre-tunna-silversvart\/#primaryimage"},"image":{"@id":"https:\/\/truusk.store\/sv\/produkt\/truusk-sensor-soptunna-20l-rostfritt-stal-automatisk-med-rorelsesensor-inre-tunna-silversvart\/#primaryimage"},"thumbnailUrl":"https:\/\/i0.wp.com\/truusk.store\/wp-content\/uploads\/2026\/02\/sensor-soptunna-20l-rostfritt-stal-automatisk-soptunna-med-rorelsesensor-inre-tunna-33-x-25-x-425-cm-silversvart-1.webp?fit=2000%2C2000&ssl=1","datePublished":"2026-02-24T03:15:40+00:00","dateModified":"2026-03-12T08:05:15+00:00","breadcrumb":{"@id":"https:\/\/truusk.store\/sv\/produkt\/truusk-sensor-soptunna-20l-rostfritt-stal-automatisk-med-rorelsesensor-inre-tunna-silversvart\/#breadcrumb"},"inLanguage":"sv-SE","potentialAction":[{"@type":"ReadAction","target":["https:\/\/truusk.store\/sv\/produkt\/truusk-sensor-soptunna-20l-rostfritt-stal-automatisk-med-rorelsesensor-inre-tunna-silversvart\/"]}]},{"@type":"ImageObject","inLanguage":"sv-SE","@id":"https:\/\/truusk.store\/sv\/produkt\/truusk-sensor-soptunna-20l-rostfritt-stal-automatisk-med-rorelsesensor-inre-tunna-silversvart\/#primaryimage","url":"https:\/\/i0.wp.com\/truusk.store\/wp-content\/uploads\/2026\/02\/sensor-soptunna-20l-rostfritt-stal-automatisk-soptunna-med-rorelsesensor-inre-tunna-33-x-25-x-425-cm-silversvart-1.webp?fit=2000%2C2000&ssl=1","contentUrl":"https:\/\/i0.wp.com\/truusk.store\/wp-content\/uploads\/2026\/02\/sensor-soptunna-20l-rostfritt-stal-automatisk-soptunna-med-rorelsesensor-inre-tunna-33-x-25-x-425-cm-silversvart-1.webp?fit=2000%2C2000&ssl=1","width":2000,"height":2000},{"@type":"BreadcrumbList","@id":"https:\/\/truusk.store\/sv\/produkt\/truusk-sensor-soptunna-20l-rostfritt-stal-automatisk-med-rorelsesensor-inre-tunna-silversvart\/#breadcrumb","itemListElement":[{"@type":"ListItem","position":1,"name":"Home","item":"https:\/\/truusk.store\/sv\/"},{"@type":"ListItem","position":2,"name":"Shop","item":"https:\/\/truusk.store\/shop\/"},{"@type":"ListItem","position":3,"name":"TRUUSK Sensor Soptunna 20L Rostfritt St\u00e5l &#8211; Automatisk med R\u00f6relsesensor &#8211; Inre Tunna &#8211; Silver+Svart"}]},{"@type":"WebSite","@id":"https:\/\/truusk.store\/sv\/#website","url":"https:\/\/truusk.store\/sv\/","name":"TRUUSK - Hem, Tr\u00e4dg\u00e5rd & Fritid","description":"","publisher":{"@id":"https:\/\/truusk.store\/sv\/#organization"},"potentialAction":[{"@type":"SearchAction","target":{"@type":"EntryPoint","urlTemplate":"https:\/\/truusk.store\/sv\/?s={search_term_string}"},"query-input":{"@type":"PropertyValueSpecification","valueRequired":true,"valueName":"search_term_string"}}],"inLanguage":"sv-SE"},{"@type":"Organization","@id":"https:\/\/truusk.store\/sv\/#organization","name":"TRUUSK - Hem, Tr\u00e4dg\u00e5rd & Fritid","url":"https:\/\/truusk.store\/sv\/","logo":{"@type":"ImageObject","inLanguage":"sv-SE","@id":"https:\/\/truusk.store\/sv\/#\/schema\/logo\/image\/","url":"https:\/\/i0.wp.com\/truusk.store\/wp-content\/uploads\/2026\/03\/cropped-TRUUSK.png?fit=2032%2C917&ssl=1","contentUrl":"https:\/\/i0.wp.com\/truusk.store\/wp-content\/uploads\/2026\/03\/cropped-TRUUSK.png?fit=2032%2C917&ssl=1","width":2032,"height":917,"caption":"TRUUSK - Hem, Tr\u00e4dg\u00e5rd & Fritid"},"image":{"@id":"https:\/\/truusk.store\/sv\/#\/schema\/logo\/image\/"}}]}},"jetpack_sharing_enabled":true,"_links":{"self":[{"href":"https:\/\/truusk.store\/sv\/wp-json\/wp\/v2\/product\/104725","targetHints":{"allow":["GET"]}}],"collection":[{"href":"https:\/\/truusk.store\/sv\/wp-json\/wp\/v2\/product"}],"about":[{"href":"https:\/\/truusk.store\/sv\/wp-json\/wp\/v2\/types\/product"}],"wp:featuredmedia":[{"embeddable":true,"href":"https:\/\/truusk.store\/sv\/wp-json\/wp\/v2\/media\/104716"}],"wp:attachment":[{"href":"https:\/\/truusk.store\/sv\/wp-json\/wp\/v2\/media?parent=104725"}],"wp:term":[{"taxonomy":"product_brand","embeddable":true,"href":"https:\/\/truusk.store\/sv\/wp-json\/wp\/v2\/product_brand?post=104725"},{"taxonomy":"product_cat","embeddable":true,"href":"https:\/\/truusk.store\/sv\/wp-json\/wp\/v2\/product_cat?post=104725"},{"taxonomy":"product_tag","embeddable":true,"href":"https:\/\/truusk.store\/sv\/wp-json\/wp\/v2\/product_tag?post=104725"}],"curies":[{"name":"wp","href":"https:\/\/api.w.org\/{rel}","templated":true}]}}