{"id":104735,"date":"2026-02-24T04:16:46","date_gmt":"2026-02-24T03:16:46","guid":{"rendered":"https:\/\/truusk.store\/product\/sang-90-x-200-cm-stal-med-lamellbotten-huvud-och-fotanda-31-cm-hog-svart\/"},"modified":"2026-03-12T09:07:07","modified_gmt":"2026-03-12T08:07:07","slug":"truusk-sang-90x200-cm-i-stal-med-lamellbotten-huvud-och-fotanda-31-cm-hogt-svart","status":"publish","type":"product","link":"https:\/\/truusk.store\/sv\/produkt\/truusk-sang-90x200-cm-i-stal-med-lamellbotten-huvud-och-fotanda-31-cm-hogt-svart\/","title":{"rendered":"TRUUSK S\u00e4ng 90&#215;200 cm i St\u00e5l med Lamellbotten &#8211; Huvud- och Fot\u00e4nda &#8211; 31 cm H\u00f6gt &#8211; Svart"},"content":{"rendered":"<p>Inf\u00f6r elegans i ditt sovrum med [BRAND NAME] enkels\u00e4ng. Den mattsvarta st\u00e5lramen passar till varje stil. Den robusta ramen och stabila benen p\u00e5 s\u00e4ngramen ger s\u00e4kert st\u00f6d och avkopplande n\u00e4tter. Inbyggda lameller och det h\u00f6ga huvudgaveln st\u00f6der madrassen perfekt. Praktiskt: Det gener\u00f6sa f\u00f6rvaringsutrymmet under s\u00e4ngen erbjuder plats f\u00f6r m\u00e5nga f\u00f6rem\u00e5l.<\/p>\n<p>Beskrivning:<\/p>\n<ul>\n<li> Minimalistisk st\u00e5lkonstruktion, perfekt f\u00f6r varje rum<\/li>\n<li> Sex robusta ben b\u00e4r en vikt p\u00e5 upp till 150 kg<\/li>\n<li> Den ljudl\u00f6sa konstruktionen av enkels\u00e4ngen garanterar dig en avkopplande och h\u00f6gkvalitativ s\u00f6mn<\/li>\n<li> Utrymmet under s\u00e4ngen kan bli till ett fantastiskt f\u00f6rvaringsutrymme<\/li>\n<li> Idealisk f\u00f6r sovrum och g\u00e4strum<\/li>\n<li> Monteringen kr\u00e4vs<\/li>\n<\/ul>\n<p> Tekniska data:<\/p>\n<ul>\n<li> F\u00e4rg: Svart<\/li>\n<li> Material: St\u00e5l<\/li>\n<li> Totala dimensioner: 95B x 211T x 106H cm<\/li>\n<li> Kompatibla madrassdimensioner: 90L x 200T cm<\/li>\n<li> Huvudgavelns dimensioner: 95L x 106H cm<\/li>\n<li> Fot\u00e4ndens dimensioner: 95L x 60H cm<\/li>\n<li> H\u00f6jd p\u00e5 det fria utrymmet: (under s\u00e4ngen) 31 cm<\/li>\n<li> B\u00e4rkapacitet: 150 kg<\/li>\n<\/ul>\n<p>Leveransinneh\u00e5ll:<\/p>\n<ul>\n<li> 1 x enkels\u00e4ng<\/li>\n<li> 1 x handbok<\/li>\n<\/ul>\n","protected":false},"excerpt":{"rendered":"<p>Inf\u00f6r elegans i ditt sovrum med [BRAND NAME] enkels\u00e4ng. Den mattsvarta st\u00e5lramen passar till varje stil. Den robusta ramen och&#8230;<\/p>\n","protected":false},"featured_media":104726,"template":"","meta":[],"product_brand":[],"product_cat":[1027,871,494,897],"product_tag":[],"class_list":{"0":"post-104735","1":"product","2":"type-product","3":"status-publish","4":"has-post-thumbnail","6":"product_cat-bettzubehor","7":"product_cat-hus-hem","8":"product_cat-sangar","9":"product_cat-sovrum","11":"first","12":"instock","13":"sale","14":"taxable","15":"shipping-taxable","16":"purchasable","17":"product-type-simple"},"yoast_head":"<!-- This site is optimized with the Yoast SEO plugin v25.4 - https:\/\/yoast.com\/wordpress\/plugins\/seo\/ -->\n<title>TRUUSK S\u00e4ng 90x200 cm i St\u00e5l med Lamellbotten - Huvud- och Fot\u00e4nda - 31 cm H\u00f6gt - Svart - TRUUSK - Hem, Tr\u00e4dg\u00e5rd &amp; Fritid<\/title>\n<meta name=\"robots\" content=\"index, follow, max-snippet:-1, max-image-preview:large, max-video-preview:-1\" \/>\n<link rel=\"canonical\" href=\"https:\/\/truusk.store\/sv\/produkt\/truusk-sang-90x200-cm-i-stal-med-lamellbotten-huvud-och-fotanda-31-cm-hogt-svart\/\" \/>\n<meta property=\"og:locale\" content=\"sv_SE\" \/>\n<meta property=\"og:type\" content=\"article\" \/>\n<meta property=\"og:title\" content=\"TRUUSK S\u00e4ng 90x200 cm i St\u00e5l med Lamellbotten - Huvud- och Fot\u00e4nda - 31 cm H\u00f6gt - Svart - TRUUSK - Hem, Tr\u00e4dg\u00e5rd &amp; Fritid\" \/>\n<meta property=\"og:description\" content=\"Inf\u00f6r elegans i ditt sovrum med [BRAND NAME] enkels\u00e4ng. Den mattsvarta st\u00e5lramen passar till varje stil. Den robusta ramen och...\" \/>\n<meta property=\"og:url\" content=\"https:\/\/truusk.store\/sv\/produkt\/truusk-sang-90x200-cm-i-stal-med-lamellbotten-huvud-och-fotanda-31-cm-hogt-svart\/\" \/>\n<meta property=\"og:site_name\" content=\"TRUUSK - Hem, Tr\u00e4dg\u00e5rd &amp; Fritid\" \/>\n<meta property=\"article:modified_time\" content=\"2026-03-12T08:07:07+00:00\" \/>\n<meta property=\"og:image\" content=\"https:\/\/i0.wp.com\/truusk.se\/wp-content\/uploads\/2026\/02\/sang-90-x-200-cm-stal-med-lamellbotten-huvud-och-fotanda-31-cm-hog-svart-1.webp?fit=2000%2C2000&ssl=1\" \/>\n\t<meta property=\"og:image:width\" content=\"2000\" \/>\n\t<meta property=\"og:image:height\" content=\"2000\" \/>\n\t<meta property=\"og:image:type\" content=\"image\/webp\" \/>\n<meta name=\"twitter:card\" content=\"summary_large_image\" \/>\n<meta name=\"twitter:label1\" content=\"Ber\u00e4knad l\u00e4stid\" \/>\n\t<meta name=\"twitter:data1\" content=\"1 minut\" \/>\n<!-- \/ Yoast SEO plugin. -->","yoast_head_json":{"title":"TRUUSK S\u00e4ng 90x200 cm i St\u00e5l med Lamellbotten - Huvud- och Fot\u00e4nda - 31 cm H\u00f6gt - Svart - TRUUSK - Hem, Tr\u00e4dg\u00e5rd &amp; Fritid","robots":{"index":"index","follow":"follow","max-snippet":"max-snippet:-1","max-image-preview":"max-image-preview:large","max-video-preview":"max-video-preview:-1"},"canonical":"https:\/\/truusk.store\/sv\/produkt\/truusk-sang-90x200-cm-i-stal-med-lamellbotten-huvud-och-fotanda-31-cm-hogt-svart\/","og_locale":"sv_SE","og_type":"article","og_title":"TRUUSK S\u00e4ng 90x200 cm i St\u00e5l med Lamellbotten - Huvud- och Fot\u00e4nda - 31 cm H\u00f6gt - Svart - TRUUSK - Hem, Tr\u00e4dg\u00e5rd &amp; Fritid","og_description":"Inf\u00f6r elegans i ditt sovrum med [BRAND NAME] enkels\u00e4ng. Den mattsvarta st\u00e5lramen passar till varje stil. Den robusta ramen och...","og_url":"https:\/\/truusk.store\/sv\/produkt\/truusk-sang-90x200-cm-i-stal-med-lamellbotten-huvud-och-fotanda-31-cm-hogt-svart\/","og_site_name":"TRUUSK - Hem, Tr\u00e4dg\u00e5rd &amp; Fritid","article_modified_time":"2026-03-12T08:07:07+00:00","og_image":[{"width":2000,"height":2000,"url":"https:\/\/i0.wp.com\/truusk.se\/wp-content\/uploads\/2026\/02\/sang-90-x-200-cm-stal-med-lamellbotten-huvud-och-fotanda-31-cm-hog-svart-1.webp?fit=2000%2C2000&ssl=1","type":"image\/webp"}],"twitter_card":"summary_large_image","twitter_misc":{"Ber\u00e4knad l\u00e4stid":"1 minut"},"schema":{"@context":"https:\/\/schema.org","@graph":[{"@type":"WebPage","@id":"https:\/\/truusk.store\/sv\/produkt\/truusk-sang-90x200-cm-i-stal-med-lamellbotten-huvud-och-fotanda-31-cm-hogt-svart\/","url":"https:\/\/truusk.store\/sv\/produkt\/truusk-sang-90x200-cm-i-stal-med-lamellbotten-huvud-och-fotanda-31-cm-hogt-svart\/","name":"TRUUSK S\u00e4ng 90x200 cm i St\u00e5l med Lamellbotten - Huvud- och Fot\u00e4nda - 31 cm H\u00f6gt - Svart - TRUUSK - Hem, Tr\u00e4dg\u00e5rd &amp; Fritid","isPartOf":{"@id":"https:\/\/truusk.store\/sv\/#website"},"primaryImageOfPage":{"@id":"https:\/\/truusk.store\/sv\/produkt\/truusk-sang-90x200-cm-i-stal-med-lamellbotten-huvud-och-fotanda-31-cm-hogt-svart\/#primaryimage"},"image":{"@id":"https:\/\/truusk.store\/sv\/produkt\/truusk-sang-90x200-cm-i-stal-med-lamellbotten-huvud-och-fotanda-31-cm-hogt-svart\/#primaryimage"},"thumbnailUrl":"https:\/\/i0.wp.com\/truusk.store\/wp-content\/uploads\/2026\/02\/sang-90-x-200-cm-stal-med-lamellbotten-huvud-och-fotanda-31-cm-hog-svart-1.webp?fit=2000%2C2000&ssl=1","datePublished":"2026-02-24T03:16:46+00:00","dateModified":"2026-03-12T08:07:07+00:00","breadcrumb":{"@id":"https:\/\/truusk.store\/sv\/produkt\/truusk-sang-90x200-cm-i-stal-med-lamellbotten-huvud-och-fotanda-31-cm-hogt-svart\/#breadcrumb"},"inLanguage":"sv-SE","potentialAction":[{"@type":"ReadAction","target":["https:\/\/truusk.store\/sv\/produkt\/truusk-sang-90x200-cm-i-stal-med-lamellbotten-huvud-och-fotanda-31-cm-hogt-svart\/"]}]},{"@type":"ImageObject","inLanguage":"sv-SE","@id":"https:\/\/truusk.store\/sv\/produkt\/truusk-sang-90x200-cm-i-stal-med-lamellbotten-huvud-och-fotanda-31-cm-hogt-svart\/#primaryimage","url":"https:\/\/i0.wp.com\/truusk.store\/wp-content\/uploads\/2026\/02\/sang-90-x-200-cm-stal-med-lamellbotten-huvud-och-fotanda-31-cm-hog-svart-1.webp?fit=2000%2C2000&ssl=1","contentUrl":"https:\/\/i0.wp.com\/truusk.store\/wp-content\/uploads\/2026\/02\/sang-90-x-200-cm-stal-med-lamellbotten-huvud-och-fotanda-31-cm-hog-svart-1.webp?fit=2000%2C2000&ssl=1","width":2000,"height":2000},{"@type":"BreadcrumbList","@id":"https:\/\/truusk.store\/sv\/produkt\/truusk-sang-90x200-cm-i-stal-med-lamellbotten-huvud-och-fotanda-31-cm-hogt-svart\/#breadcrumb","itemListElement":[{"@type":"ListItem","position":1,"name":"Home","item":"https:\/\/truusk.store\/sv\/"},{"@type":"ListItem","position":2,"name":"Shop","item":"https:\/\/truusk.store\/shop\/"},{"@type":"ListItem","position":3,"name":"TRUUSK S\u00e4ng 90&#215;200 cm i St\u00e5l med Lamellbotten &#8211; Huvud- och Fot\u00e4nda &#8211; 31 cm H\u00f6gt &#8211; Svart"}]},{"@type":"WebSite","@id":"https:\/\/truusk.store\/sv\/#website","url":"https:\/\/truusk.store\/sv\/","name":"TRUUSK - Hem, Tr\u00e4dg\u00e5rd & Fritid","description":"","publisher":{"@id":"https:\/\/truusk.store\/sv\/#organization"},"potentialAction":[{"@type":"SearchAction","target":{"@type":"EntryPoint","urlTemplate":"https:\/\/truusk.store\/sv\/?s={search_term_string}"},"query-input":{"@type":"PropertyValueSpecification","valueRequired":true,"valueName":"search_term_string"}}],"inLanguage":"sv-SE"},{"@type":"Organization","@id":"https:\/\/truusk.store\/sv\/#organization","name":"TRUUSK - Hem, Tr\u00e4dg\u00e5rd & Fritid","url":"https:\/\/truusk.store\/sv\/","logo":{"@type":"ImageObject","inLanguage":"sv-SE","@id":"https:\/\/truusk.store\/sv\/#\/schema\/logo\/image\/","url":"https:\/\/i0.wp.com\/truusk.store\/wp-content\/uploads\/2026\/03\/cropped-TRUUSK.png?fit=2032%2C917&ssl=1","contentUrl":"https:\/\/i0.wp.com\/truusk.store\/wp-content\/uploads\/2026\/03\/cropped-TRUUSK.png?fit=2032%2C917&ssl=1","width":2032,"height":917,"caption":"TRUUSK - Hem, Tr\u00e4dg\u00e5rd & Fritid"},"image":{"@id":"https:\/\/truusk.store\/sv\/#\/schema\/logo\/image\/"}}]}},"jetpack_sharing_enabled":true,"_links":{"self":[{"href":"https:\/\/truusk.store\/sv\/wp-json\/wp\/v2\/product\/104735","targetHints":{"allow":["GET"]}}],"collection":[{"href":"https:\/\/truusk.store\/sv\/wp-json\/wp\/v2\/product"}],"about":[{"href":"https:\/\/truusk.store\/sv\/wp-json\/wp\/v2\/types\/product"}],"wp:featuredmedia":[{"embeddable":true,"href":"https:\/\/truusk.store\/sv\/wp-json\/wp\/v2\/media\/104726"}],"wp:attachment":[{"href":"https:\/\/truusk.store\/sv\/wp-json\/wp\/v2\/media?parent=104735"}],"wp:term":[{"taxonomy":"product_brand","embeddable":true,"href":"https:\/\/truusk.store\/sv\/wp-json\/wp\/v2\/product_brand?post=104735"},{"taxonomy":"product_cat","embeddable":true,"href":"https:\/\/truusk.store\/sv\/wp-json\/wp\/v2\/product_cat?post=104735"},{"taxonomy":"product_tag","embeddable":true,"href":"https:\/\/truusk.store\/sv\/wp-json\/wp\/v2\/product_tag?post=104735"}],"curies":[{"name":"wp","href":"https:\/\/api.w.org\/{rel}","templated":true}]}}