{"id":104746,"date":"2026-02-24T04:19:14","date_gmt":"2026-02-24T03:19:14","guid":{"rendered":"https:\/\/truusk.store\/product\/folie-vaxthus-drivhus-mini-vaxthus-vaxt-hus-kallbank-4-hyllplan-70-x-50-x-160-cm-vit\/"},"modified":"2026-03-12T09:08:16","modified_gmt":"2026-03-12T08:08:16","slug":"truusk-folievaxthus-drivhus-mini-vaxthus-vaxthus-for-odling-kallbank-4-hyllplan-70x50x160-cm-vit","status":"publish","type":"product","link":"https:\/\/truusk.store\/sv\/produkt\/truusk-folievaxthus-drivhus-mini-vaxthus-vaxthus-for-odling-kallbank-4-hyllplan-70x50x160-cm-vit\/","title":{"rendered":"TRUUSK Foliev\u00e4xthus &#8211; Drivhus &#8211; Mini-v\u00e4xthus &#8211; V\u00e4xthus f\u00f6r odling &#8211; Kallb\u00e4nk &#8211; 4 hyllplan &#8211; 70x50x160 cm &#8211; Vit"},"content":{"rendered":"<p>B\u00f6rja sj\u00e4lvs\u00e4kert det nya tr\u00e4dg\u00e5rds\u00e5ret: [BRAND NAME] mini-v\u00e4xthus erbjuder mycket utrymme trots kompakta dimensioner. Dina v\u00e4xter hittar ett s\u00e4kert utrymme p\u00e5 plantst\u00e4llen i v\u00e4xthuset med fyra hyllor (h\u00f6jd per hylla. 35 cm, varje med max. 15 kg belastning). Underredet och bottenramen p\u00e5 v\u00e4xthuset \u00e4r tillverkade av pulverlackerat metallr\u00f6r och \u00e4r d\u00e4rf\u00f6r v\u00e4derbest\u00e4ndiga och stabila.<\/p>\n<p>Beskrivning:<\/p>\n<ul>\n<li> Extra metallr\u00f6r som bottenram f\u00f6r v\u00e4xthuset f\u00f6r b\u00e4ttre stabilitet<\/li>\n<li> Idealisk f\u00f6r s\u00e5dd, plantering och uppf\u00f6dning<\/li>\n<li> Skydd mot v\u00e4derp\u00e5verkan f\u00f6r v\u00e4xter, frukt och gr\u00f6nsaker<\/li>\n<li> Ram tillverkad av pulverlackerat metallr\u00f6r<\/li>\n<li> Snabb och enkel att reng\u00f6ra<\/li>\n<li> Tips: V\u00e4xthusets folie \u00e4r 10 cm l\u00e4ngre \u00e4n metallr\u00f6ren p\u00e5 varje sida. Den nedre kanten kan gr\u00e4vas in i marken eller belastas med stenar. Detta g\u00f6r v\u00e4xthuset mer stabilt<\/li>\n<\/ul>\n<p> Tekniska data:<\/p>\n<ul>\n<li> F\u00e4rg: Vit<\/li>\n<li> Totala m\u00e5tt: 70B x 50T x 160H cm<\/li>\n<li> M\u00e5tt per hylla: 61L x 46B cm<\/li>\n<li> Mellanh\u00f6jd: 35 cm<\/li>\n<li> Diameter r\u00f6rram: \u00d816 mm<\/li>\n<li> Vindt\u00e4t: Niv\u00e5 4<\/li>\n<\/ul>\n<p>Leveransinneh\u00e5ll:<\/p>\n<ul>\n<li> 1 x v\u00e4xthus\uff1b<\/li>\n<\/ul>\n","protected":false},"excerpt":{"rendered":"<p>B\u00f6rja sj\u00e4lvs\u00e4kert det nya tr\u00e4dg\u00e5rds\u00e5ret: [BRAND NAME] mini-v\u00e4xthus erbjuder mycket utrymme trots kompakta dimensioner. Dina v\u00e4xter hittar ett s\u00e4kert utrymme&#8230;<\/p>\n","protected":false},"featured_media":104736,"template":"","meta":[],"product_brand":[],"product_cat":[903,858,443],"product_tag":[],"class_list":{"0":"post-104746","1":"product","2":"type-product","3":"status-publish","4":"has-post-thumbnail","6":"product_cat-plastvaxthus","7":"product_cat-tradgard-terrass","8":"product_cat-vaxthus-tradgardsskotsel","10":"first","11":"instock","12":"sale","13":"taxable","14":"shipping-taxable","15":"purchasable","16":"product-type-simple"},"yoast_head":"<!-- This site is optimized with the Yoast SEO plugin v25.4 - https:\/\/yoast.com\/wordpress\/plugins\/seo\/ -->\n<title>TRUUSK Foliev\u00e4xthus - Drivhus - Mini-v\u00e4xthus - V\u00e4xthus f\u00f6r odling - Kallb\u00e4nk - 4 hyllplan - 70x50x160 cm - Vit - TRUUSK - Hem, Tr\u00e4dg\u00e5rd &amp; Fritid<\/title>\n<meta name=\"robots\" content=\"index, follow, max-snippet:-1, max-image-preview:large, max-video-preview:-1\" \/>\n<link rel=\"canonical\" href=\"https:\/\/truusk.store\/sv\/produkt\/truusk-folievaxthus-drivhus-mini-vaxthus-vaxthus-for-odling-kallbank-4-hyllplan-70x50x160-cm-vit\/\" \/>\n<meta property=\"og:locale\" content=\"sv_SE\" \/>\n<meta property=\"og:type\" content=\"article\" \/>\n<meta property=\"og:title\" content=\"TRUUSK Foliev\u00e4xthus - Drivhus - Mini-v\u00e4xthus - V\u00e4xthus f\u00f6r odling - Kallb\u00e4nk - 4 hyllplan - 70x50x160 cm - Vit - TRUUSK - Hem, Tr\u00e4dg\u00e5rd &amp; Fritid\" \/>\n<meta property=\"og:description\" content=\"B\u00f6rja sj\u00e4lvs\u00e4kert det nya tr\u00e4dg\u00e5rds\u00e5ret: [BRAND NAME] mini-v\u00e4xthus erbjuder mycket utrymme trots kompakta dimensioner. Dina v\u00e4xter hittar ett s\u00e4kert utrymme...\" \/>\n<meta property=\"og:url\" content=\"https:\/\/truusk.store\/sv\/produkt\/truusk-folievaxthus-drivhus-mini-vaxthus-vaxthus-for-odling-kallbank-4-hyllplan-70x50x160-cm-vit\/\" \/>\n<meta property=\"og:site_name\" content=\"TRUUSK - Hem, Tr\u00e4dg\u00e5rd &amp; Fritid\" \/>\n<meta property=\"article:modified_time\" content=\"2026-03-12T08:08:16+00:00\" \/>\n<meta property=\"og:image\" content=\"https:\/\/i0.wp.com\/truusk.se\/wp-content\/uploads\/2026\/02\/folie-vaxthus-drivhus-mini-vaxthus-vaxt-hus-kallbank-4-hyllplan-70-x-50-x-160-cm-vit-1.webp?fit=2000%2C2000&ssl=1\" \/>\n\t<meta property=\"og:image:width\" content=\"2000\" \/>\n\t<meta property=\"og:image:height\" content=\"2000\" \/>\n\t<meta property=\"og:image:type\" content=\"image\/webp\" \/>\n<meta name=\"twitter:card\" content=\"summary_large_image\" \/>\n<meta name=\"twitter:label1\" content=\"Ber\u00e4knad l\u00e4stid\" \/>\n\t<meta name=\"twitter:data1\" content=\"1 minut\" \/>\n<!-- \/ Yoast SEO plugin. -->","yoast_head_json":{"title":"TRUUSK Foliev\u00e4xthus - Drivhus - Mini-v\u00e4xthus - V\u00e4xthus f\u00f6r odling - Kallb\u00e4nk - 4 hyllplan - 70x50x160 cm - Vit - TRUUSK - Hem, Tr\u00e4dg\u00e5rd &amp; Fritid","robots":{"index":"index","follow":"follow","max-snippet":"max-snippet:-1","max-image-preview":"max-image-preview:large","max-video-preview":"max-video-preview:-1"},"canonical":"https:\/\/truusk.store\/sv\/produkt\/truusk-folievaxthus-drivhus-mini-vaxthus-vaxthus-for-odling-kallbank-4-hyllplan-70x50x160-cm-vit\/","og_locale":"sv_SE","og_type":"article","og_title":"TRUUSK Foliev\u00e4xthus - Drivhus - Mini-v\u00e4xthus - V\u00e4xthus f\u00f6r odling - Kallb\u00e4nk - 4 hyllplan - 70x50x160 cm - Vit - TRUUSK - Hem, Tr\u00e4dg\u00e5rd &amp; Fritid","og_description":"B\u00f6rja sj\u00e4lvs\u00e4kert det nya tr\u00e4dg\u00e5rds\u00e5ret: [BRAND NAME] mini-v\u00e4xthus erbjuder mycket utrymme trots kompakta dimensioner. Dina v\u00e4xter hittar ett s\u00e4kert utrymme...","og_url":"https:\/\/truusk.store\/sv\/produkt\/truusk-folievaxthus-drivhus-mini-vaxthus-vaxthus-for-odling-kallbank-4-hyllplan-70x50x160-cm-vit\/","og_site_name":"TRUUSK - Hem, Tr\u00e4dg\u00e5rd &amp; Fritid","article_modified_time":"2026-03-12T08:08:16+00:00","og_image":[{"width":2000,"height":2000,"url":"https:\/\/i0.wp.com\/truusk.se\/wp-content\/uploads\/2026\/02\/folie-vaxthus-drivhus-mini-vaxthus-vaxt-hus-kallbank-4-hyllplan-70-x-50-x-160-cm-vit-1.webp?fit=2000%2C2000&ssl=1","type":"image\/webp"}],"twitter_card":"summary_large_image","twitter_misc":{"Ber\u00e4knad l\u00e4stid":"1 minut"},"schema":{"@context":"https:\/\/schema.org","@graph":[{"@type":"WebPage","@id":"https:\/\/truusk.store\/sv\/produkt\/truusk-folievaxthus-drivhus-mini-vaxthus-vaxthus-for-odling-kallbank-4-hyllplan-70x50x160-cm-vit\/","url":"https:\/\/truusk.store\/sv\/produkt\/truusk-folievaxthus-drivhus-mini-vaxthus-vaxthus-for-odling-kallbank-4-hyllplan-70x50x160-cm-vit\/","name":"TRUUSK Foliev\u00e4xthus - Drivhus - Mini-v\u00e4xthus - V\u00e4xthus f\u00f6r odling - Kallb\u00e4nk - 4 hyllplan - 70x50x160 cm - Vit - TRUUSK - Hem, Tr\u00e4dg\u00e5rd &amp; Fritid","isPartOf":{"@id":"https:\/\/truusk.store\/sv\/#website"},"primaryImageOfPage":{"@id":"https:\/\/truusk.store\/sv\/produkt\/truusk-folievaxthus-drivhus-mini-vaxthus-vaxthus-for-odling-kallbank-4-hyllplan-70x50x160-cm-vit\/#primaryimage"},"image":{"@id":"https:\/\/truusk.store\/sv\/produkt\/truusk-folievaxthus-drivhus-mini-vaxthus-vaxthus-for-odling-kallbank-4-hyllplan-70x50x160-cm-vit\/#primaryimage"},"thumbnailUrl":"https:\/\/i0.wp.com\/truusk.store\/wp-content\/uploads\/2026\/02\/folie-vaxthus-drivhus-mini-vaxthus-vaxt-hus-kallbank-4-hyllplan-70-x-50-x-160-cm-vit-1.webp?fit=2000%2C2000&ssl=1","datePublished":"2026-02-24T03:19:14+00:00","dateModified":"2026-03-12T08:08:16+00:00","breadcrumb":{"@id":"https:\/\/truusk.store\/sv\/produkt\/truusk-folievaxthus-drivhus-mini-vaxthus-vaxthus-for-odling-kallbank-4-hyllplan-70x50x160-cm-vit\/#breadcrumb"},"inLanguage":"sv-SE","potentialAction":[{"@type":"ReadAction","target":["https:\/\/truusk.store\/sv\/produkt\/truusk-folievaxthus-drivhus-mini-vaxthus-vaxthus-for-odling-kallbank-4-hyllplan-70x50x160-cm-vit\/"]}]},{"@type":"ImageObject","inLanguage":"sv-SE","@id":"https:\/\/truusk.store\/sv\/produkt\/truusk-folievaxthus-drivhus-mini-vaxthus-vaxthus-for-odling-kallbank-4-hyllplan-70x50x160-cm-vit\/#primaryimage","url":"https:\/\/i0.wp.com\/truusk.store\/wp-content\/uploads\/2026\/02\/folie-vaxthus-drivhus-mini-vaxthus-vaxt-hus-kallbank-4-hyllplan-70-x-50-x-160-cm-vit-1.webp?fit=2000%2C2000&ssl=1","contentUrl":"https:\/\/i0.wp.com\/truusk.store\/wp-content\/uploads\/2026\/02\/folie-vaxthus-drivhus-mini-vaxthus-vaxt-hus-kallbank-4-hyllplan-70-x-50-x-160-cm-vit-1.webp?fit=2000%2C2000&ssl=1","width":2000,"height":2000},{"@type":"BreadcrumbList","@id":"https:\/\/truusk.store\/sv\/produkt\/truusk-folievaxthus-drivhus-mini-vaxthus-vaxthus-for-odling-kallbank-4-hyllplan-70x50x160-cm-vit\/#breadcrumb","itemListElement":[{"@type":"ListItem","position":1,"name":"Home","item":"https:\/\/truusk.store\/sv\/"},{"@type":"ListItem","position":2,"name":"Shop","item":"https:\/\/truusk.store\/shop\/"},{"@type":"ListItem","position":3,"name":"TRUUSK Foliev\u00e4xthus &#8211; Drivhus &#8211; Mini-v\u00e4xthus &#8211; V\u00e4xthus f\u00f6r odling &#8211; Kallb\u00e4nk &#8211; 4 hyllplan &#8211; 70x50x160 cm &#8211; Vit"}]},{"@type":"WebSite","@id":"https:\/\/truusk.store\/sv\/#website","url":"https:\/\/truusk.store\/sv\/","name":"TRUUSK - Hem, Tr\u00e4dg\u00e5rd & Fritid","description":"","publisher":{"@id":"https:\/\/truusk.store\/sv\/#organization"},"potentialAction":[{"@type":"SearchAction","target":{"@type":"EntryPoint","urlTemplate":"https:\/\/truusk.store\/sv\/?s={search_term_string}"},"query-input":{"@type":"PropertyValueSpecification","valueRequired":true,"valueName":"search_term_string"}}],"inLanguage":"sv-SE"},{"@type":"Organization","@id":"https:\/\/truusk.store\/sv\/#organization","name":"TRUUSK - Hem, Tr\u00e4dg\u00e5rd & Fritid","url":"https:\/\/truusk.store\/sv\/","logo":{"@type":"ImageObject","inLanguage":"sv-SE","@id":"https:\/\/truusk.store\/sv\/#\/schema\/logo\/image\/","url":"https:\/\/i0.wp.com\/truusk.store\/wp-content\/uploads\/2026\/03\/cropped-TRUUSK.png?fit=2032%2C917&ssl=1","contentUrl":"https:\/\/i0.wp.com\/truusk.store\/wp-content\/uploads\/2026\/03\/cropped-TRUUSK.png?fit=2032%2C917&ssl=1","width":2032,"height":917,"caption":"TRUUSK - Hem, Tr\u00e4dg\u00e5rd & Fritid"},"image":{"@id":"https:\/\/truusk.store\/sv\/#\/schema\/logo\/image\/"}}]}},"jetpack_sharing_enabled":true,"_links":{"self":[{"href":"https:\/\/truusk.store\/sv\/wp-json\/wp\/v2\/product\/104746","targetHints":{"allow":["GET"]}}],"collection":[{"href":"https:\/\/truusk.store\/sv\/wp-json\/wp\/v2\/product"}],"about":[{"href":"https:\/\/truusk.store\/sv\/wp-json\/wp\/v2\/types\/product"}],"wp:featuredmedia":[{"embeddable":true,"href":"https:\/\/truusk.store\/sv\/wp-json\/wp\/v2\/media\/104736"}],"wp:attachment":[{"href":"https:\/\/truusk.store\/sv\/wp-json\/wp\/v2\/media?parent=104746"}],"wp:term":[{"taxonomy":"product_brand","embeddable":true,"href":"https:\/\/truusk.store\/sv\/wp-json\/wp\/v2\/product_brand?post=104746"},{"taxonomy":"product_cat","embeddable":true,"href":"https:\/\/truusk.store\/sv\/wp-json\/wp\/v2\/product_cat?post=104746"},{"taxonomy":"product_tag","embeddable":true,"href":"https:\/\/truusk.store\/sv\/wp-json\/wp\/v2\/product_tag?post=104746"}],"curies":[{"name":"wp","href":"https:\/\/api.w.org\/{rel}","templated":true}]}}