{"id":104765,"date":"2026-02-24T04:23:12","date_gmt":"2026-02-24T03:23:12","guid":{"rendered":"https:\/\/truusk.store\/product\/vertikalt-hogbed-med-3-vaningar-vertikalt-tradgardsland-i-tra-blomlada-med-3-planteringslador-avloppshal-brun\/"},"modified":"2026-03-12T09:10:43","modified_gmt":"2026-03-12T08:10:43","slug":"truusk-vertikalt-hogbed-med-3-vaningar-vertikalt-tradgardsland-i-tra-blomlada-med-3-planteringslador-avloppshal-brun","status":"publish","type":"product","link":"https:\/\/truusk.store\/sv\/produkt\/truusk-vertikalt-hogbed-med-3-vaningar-vertikalt-tradgardsland-i-tra-blomlada-med-3-planteringslador-avloppshal-brun\/","title":{"rendered":"TRUUSK Vertikalt H\u00f6gbed Med 3 V\u00e5ningar &#8211; Vertikalt Tr\u00e4dg\u00e5rdsland I Tr\u00e4 &#8211; Bloml\u00e5da Med 3 Planteringsl\u00e5dor &#8211; Avloppsh\u00e5l &#8211; Brun"},"content":{"rendered":"<p>L\u00e5t naturlig sk\u00f6nhet f\u00f6rsk\u00f6na din tr\u00e4dg\u00e5rd denna s\u00e4song \u2013 med det tr\u00e4 balkong \u00f6rttr\u00e4dg\u00e5rden fr\u00e5n [BRAND NAME]. Den trestegsdesignen erbjuder gott om utrymme f\u00f6r blommor, gr\u00f6nsaker och \u00f6rter att frodas. Robust tr\u00e4 med skyddslackering s\u00e4kerst\u00e4ller utomhusegnande. Tv\u00e5 dr\u00e4neringsh\u00e5l per l\u00e5da f\u00f6rhindrar vattenstagnation. Uppt\u00e4ck denna \u00f6rttr\u00e4dg\u00e5rd f\u00f6r tr\u00e4dg\u00e5rdsgr\u00f6nsaker och f\u00e5 mer gr\u00f6nt i din tr\u00e4dg\u00e5rd!<\/p>\n<p>Beskrivning:<\/p>\n<ul>\n<li> Trestegsdesignen p\u00e5 balkong \u00f6rttr\u00e4dg\u00e5rden erbjuder gott om utrymme f\u00f6r blommor, gr\u00f6nsaker och andra v\u00e4xter<\/li>\n<li> Dr\u00e4neringsh\u00e5l p\u00e5 botten f\u00f6rhindrar vattenansamlingar<\/li>\n<li> Robust tr\u00e4struktur med ett skyddande, vattenbaserat lackskikt<\/li>\n<li> L\u00e4mplig denna \u00f6rttr\u00e4dg\u00e5rd f\u00f6r tr\u00e4dg\u00e5rd, balkong, terrass \u2013 och \u00e4ven n\u00e5gra inomhusutrymmen<\/li>\n<li> Maximal belastning 20 kg per niv\u00e5, montering kr\u00e4vs<\/li>\n<\/ul>\n<p> Tekniska data:<\/p>\n<ul>\n<li> F\u00e4rg: Brun<\/li>\n<li> Material: Grantr\u00e4<\/li>\n<li> Totala dimensioner: 65L x 75B x 76H cm<\/li>\n<li> Planteringsomr\u00e5de: 56L x 23B x 17H cm (per niv\u00e5)<\/li>\n<li> H\u00f6jd: 20 cm, 48 cm, 76 cm (fr\u00e5n varje planterings\u00f6ppning till marken)<\/li>\n<li> B\u00e4rkapacitet: 20 kg (per niv\u00e5)<\/li>\n<\/ul>\n<p>Leveransinneh\u00e5ll:<\/p>\n<ul>\n<li>1 x Tr\u00e4dg\u00e5rdsb\u00e4dd<\/li>\n<li>1 x Instruktioner<\/li>\n<\/ul>\n","protected":false},"excerpt":{"rendered":"<p>L\u00e5t naturlig sk\u00f6nhet f\u00f6rsk\u00f6na din tr\u00e4dg\u00e5rd denna s\u00e4song \u2013 med det tr\u00e4 balkong \u00f6rttr\u00e4dg\u00e5rden fr\u00e5n [BRAND NAME]. Den trestegsdesignen erbjuder&#8230;<\/p>\n","protected":false},"featured_media":104756,"template":"","meta":[],"product_brand":[],"product_cat":[884,858,443,883],"product_tag":[],"class_list":{"0":"post-104765","1":"product","2":"type-product","3":"status-publish","4":"has-post-thumbnail","6":"product_cat-pflanzentreppen","7":"product_cat-tradgard-terrass","8":"product_cat-vaxthus-tradgardsskotsel","9":"product_cat-vaxttrappor-hyllor","11":"first","12":"instock","13":"sale","14":"taxable","15":"shipping-taxable","16":"purchasable","17":"product-type-simple"},"yoast_head":"<!-- This site is optimized with the Yoast SEO plugin v25.4 - https:\/\/yoast.com\/wordpress\/plugins\/seo\/ -->\n<title>TRUUSK Vertikalt H\u00f6gbed Med 3 V\u00e5ningar - Vertikalt Tr\u00e4dg\u00e5rdsland I Tr\u00e4 - Bloml\u00e5da Med 3 Planteringsl\u00e5dor - Avloppsh\u00e5l - Brun - TRUUSK - Hem, Tr\u00e4dg\u00e5rd &amp; Fritid<\/title>\n<meta name=\"robots\" content=\"index, follow, max-snippet:-1, max-image-preview:large, max-video-preview:-1\" \/>\n<link rel=\"canonical\" href=\"https:\/\/truusk.store\/sv\/produkt\/truusk-vertikalt-hogbed-med-3-vaningar-vertikalt-tradgardsland-i-tra-blomlada-med-3-planteringslador-avloppshal-brun\/\" \/>\n<meta property=\"og:locale\" content=\"sv_SE\" \/>\n<meta property=\"og:type\" content=\"article\" \/>\n<meta property=\"og:title\" content=\"TRUUSK Vertikalt H\u00f6gbed Med 3 V\u00e5ningar - Vertikalt Tr\u00e4dg\u00e5rdsland I Tr\u00e4 - Bloml\u00e5da Med 3 Planteringsl\u00e5dor - Avloppsh\u00e5l - Brun - TRUUSK - Hem, Tr\u00e4dg\u00e5rd &amp; Fritid\" \/>\n<meta property=\"og:description\" content=\"L\u00e5t naturlig sk\u00f6nhet f\u00f6rsk\u00f6na din tr\u00e4dg\u00e5rd denna s\u00e4song \u2013 med det tr\u00e4 balkong \u00f6rttr\u00e4dg\u00e5rden fr\u00e5n [BRAND NAME]. Den trestegsdesignen erbjuder...\" \/>\n<meta property=\"og:url\" content=\"https:\/\/truusk.store\/sv\/produkt\/truusk-vertikalt-hogbed-med-3-vaningar-vertikalt-tradgardsland-i-tra-blomlada-med-3-planteringslador-avloppshal-brun\/\" \/>\n<meta property=\"og:site_name\" content=\"TRUUSK - Hem, Tr\u00e4dg\u00e5rd &amp; Fritid\" \/>\n<meta property=\"article:modified_time\" content=\"2026-03-12T08:10:43+00:00\" \/>\n<meta property=\"og:image\" content=\"https:\/\/i0.wp.com\/truusk.se\/wp-content\/uploads\/2026\/02\/vertikalt-hogbed-med-3-vaningar-vertikalt-tradgardsland-i-tra-blomlada-med-3-planteringslador-avloppshal-brun-1.webp?fit=2000%2C2000&ssl=1\" \/>\n\t<meta property=\"og:image:width\" content=\"2000\" \/>\n\t<meta property=\"og:image:height\" content=\"2000\" \/>\n\t<meta property=\"og:image:type\" content=\"image\/webp\" \/>\n<meta name=\"twitter:card\" content=\"summary_large_image\" \/>\n<meta name=\"twitter:label1\" content=\"Ber\u00e4knad l\u00e4stid\" \/>\n\t<meta name=\"twitter:data1\" content=\"1 minut\" \/>\n<!-- \/ Yoast SEO plugin. -->","yoast_head_json":{"title":"TRUUSK Vertikalt H\u00f6gbed Med 3 V\u00e5ningar - Vertikalt Tr\u00e4dg\u00e5rdsland I Tr\u00e4 - Bloml\u00e5da Med 3 Planteringsl\u00e5dor - Avloppsh\u00e5l - Brun - TRUUSK - Hem, Tr\u00e4dg\u00e5rd &amp; Fritid","robots":{"index":"index","follow":"follow","max-snippet":"max-snippet:-1","max-image-preview":"max-image-preview:large","max-video-preview":"max-video-preview:-1"},"canonical":"https:\/\/truusk.store\/sv\/produkt\/truusk-vertikalt-hogbed-med-3-vaningar-vertikalt-tradgardsland-i-tra-blomlada-med-3-planteringslador-avloppshal-brun\/","og_locale":"sv_SE","og_type":"article","og_title":"TRUUSK Vertikalt H\u00f6gbed Med 3 V\u00e5ningar - Vertikalt Tr\u00e4dg\u00e5rdsland I Tr\u00e4 - Bloml\u00e5da Med 3 Planteringsl\u00e5dor - Avloppsh\u00e5l - Brun - TRUUSK - Hem, Tr\u00e4dg\u00e5rd &amp; Fritid","og_description":"L\u00e5t naturlig sk\u00f6nhet f\u00f6rsk\u00f6na din tr\u00e4dg\u00e5rd denna s\u00e4song \u2013 med det tr\u00e4 balkong \u00f6rttr\u00e4dg\u00e5rden fr\u00e5n [BRAND NAME]. Den trestegsdesignen erbjuder...","og_url":"https:\/\/truusk.store\/sv\/produkt\/truusk-vertikalt-hogbed-med-3-vaningar-vertikalt-tradgardsland-i-tra-blomlada-med-3-planteringslador-avloppshal-brun\/","og_site_name":"TRUUSK - Hem, Tr\u00e4dg\u00e5rd &amp; Fritid","article_modified_time":"2026-03-12T08:10:43+00:00","og_image":[{"width":2000,"height":2000,"url":"https:\/\/i0.wp.com\/truusk.se\/wp-content\/uploads\/2026\/02\/vertikalt-hogbed-med-3-vaningar-vertikalt-tradgardsland-i-tra-blomlada-med-3-planteringslador-avloppshal-brun-1.webp?fit=2000%2C2000&ssl=1","type":"image\/webp"}],"twitter_card":"summary_large_image","twitter_misc":{"Ber\u00e4knad l\u00e4stid":"1 minut"},"schema":{"@context":"https:\/\/schema.org","@graph":[{"@type":"WebPage","@id":"https:\/\/truusk.store\/sv\/produkt\/truusk-vertikalt-hogbed-med-3-vaningar-vertikalt-tradgardsland-i-tra-blomlada-med-3-planteringslador-avloppshal-brun\/","url":"https:\/\/truusk.store\/sv\/produkt\/truusk-vertikalt-hogbed-med-3-vaningar-vertikalt-tradgardsland-i-tra-blomlada-med-3-planteringslador-avloppshal-brun\/","name":"TRUUSK Vertikalt H\u00f6gbed Med 3 V\u00e5ningar - Vertikalt Tr\u00e4dg\u00e5rdsland I Tr\u00e4 - Bloml\u00e5da Med 3 Planteringsl\u00e5dor - Avloppsh\u00e5l - Brun - TRUUSK - Hem, Tr\u00e4dg\u00e5rd &amp; Fritid","isPartOf":{"@id":"https:\/\/truusk.store\/sv\/#website"},"primaryImageOfPage":{"@id":"https:\/\/truusk.store\/sv\/produkt\/truusk-vertikalt-hogbed-med-3-vaningar-vertikalt-tradgardsland-i-tra-blomlada-med-3-planteringslador-avloppshal-brun\/#primaryimage"},"image":{"@id":"https:\/\/truusk.store\/sv\/produkt\/truusk-vertikalt-hogbed-med-3-vaningar-vertikalt-tradgardsland-i-tra-blomlada-med-3-planteringslador-avloppshal-brun\/#primaryimage"},"thumbnailUrl":"https:\/\/i0.wp.com\/truusk.store\/wp-content\/uploads\/2026\/02\/vertikalt-hogbed-med-3-vaningar-vertikalt-tradgardsland-i-tra-blomlada-med-3-planteringslador-avloppshal-brun-1.webp?fit=2000%2C2000&ssl=1","datePublished":"2026-02-24T03:23:12+00:00","dateModified":"2026-03-12T08:10:43+00:00","breadcrumb":{"@id":"https:\/\/truusk.store\/sv\/produkt\/truusk-vertikalt-hogbed-med-3-vaningar-vertikalt-tradgardsland-i-tra-blomlada-med-3-planteringslador-avloppshal-brun\/#breadcrumb"},"inLanguage":"sv-SE","potentialAction":[{"@type":"ReadAction","target":["https:\/\/truusk.store\/sv\/produkt\/truusk-vertikalt-hogbed-med-3-vaningar-vertikalt-tradgardsland-i-tra-blomlada-med-3-planteringslador-avloppshal-brun\/"]}]},{"@type":"ImageObject","inLanguage":"sv-SE","@id":"https:\/\/truusk.store\/sv\/produkt\/truusk-vertikalt-hogbed-med-3-vaningar-vertikalt-tradgardsland-i-tra-blomlada-med-3-planteringslador-avloppshal-brun\/#primaryimage","url":"https:\/\/i0.wp.com\/truusk.store\/wp-content\/uploads\/2026\/02\/vertikalt-hogbed-med-3-vaningar-vertikalt-tradgardsland-i-tra-blomlada-med-3-planteringslador-avloppshal-brun-1.webp?fit=2000%2C2000&ssl=1","contentUrl":"https:\/\/i0.wp.com\/truusk.store\/wp-content\/uploads\/2026\/02\/vertikalt-hogbed-med-3-vaningar-vertikalt-tradgardsland-i-tra-blomlada-med-3-planteringslador-avloppshal-brun-1.webp?fit=2000%2C2000&ssl=1","width":2000,"height":2000},{"@type":"BreadcrumbList","@id":"https:\/\/truusk.store\/sv\/produkt\/truusk-vertikalt-hogbed-med-3-vaningar-vertikalt-tradgardsland-i-tra-blomlada-med-3-planteringslador-avloppshal-brun\/#breadcrumb","itemListElement":[{"@type":"ListItem","position":1,"name":"Home","item":"https:\/\/truusk.store\/sv\/"},{"@type":"ListItem","position":2,"name":"Shop","item":"https:\/\/truusk.store\/shop\/"},{"@type":"ListItem","position":3,"name":"TRUUSK Vertikalt H\u00f6gbed Med 3 V\u00e5ningar &#8211; Vertikalt Tr\u00e4dg\u00e5rdsland I Tr\u00e4 &#8211; Bloml\u00e5da Med 3 Planteringsl\u00e5dor &#8211; Avloppsh\u00e5l &#8211; Brun"}]},{"@type":"WebSite","@id":"https:\/\/truusk.store\/sv\/#website","url":"https:\/\/truusk.store\/sv\/","name":"TRUUSK - Hem, Tr\u00e4dg\u00e5rd & Fritid","description":"","publisher":{"@id":"https:\/\/truusk.store\/sv\/#organization"},"potentialAction":[{"@type":"SearchAction","target":{"@type":"EntryPoint","urlTemplate":"https:\/\/truusk.store\/sv\/?s={search_term_string}"},"query-input":{"@type":"PropertyValueSpecification","valueRequired":true,"valueName":"search_term_string"}}],"inLanguage":"sv-SE"},{"@type":"Organization","@id":"https:\/\/truusk.store\/sv\/#organization","name":"TRUUSK - Hem, Tr\u00e4dg\u00e5rd & Fritid","url":"https:\/\/truusk.store\/sv\/","logo":{"@type":"ImageObject","inLanguage":"sv-SE","@id":"https:\/\/truusk.store\/sv\/#\/schema\/logo\/image\/","url":"https:\/\/i0.wp.com\/truusk.store\/wp-content\/uploads\/2026\/03\/cropped-TRUUSK.png?fit=2032%2C917&ssl=1","contentUrl":"https:\/\/i0.wp.com\/truusk.store\/wp-content\/uploads\/2026\/03\/cropped-TRUUSK.png?fit=2032%2C917&ssl=1","width":2032,"height":917,"caption":"TRUUSK - Hem, Tr\u00e4dg\u00e5rd & Fritid"},"image":{"@id":"https:\/\/truusk.store\/sv\/#\/schema\/logo\/image\/"}}]}},"jetpack_sharing_enabled":true,"_links":{"self":[{"href":"https:\/\/truusk.store\/sv\/wp-json\/wp\/v2\/product\/104765","targetHints":{"allow":["GET"]}}],"collection":[{"href":"https:\/\/truusk.store\/sv\/wp-json\/wp\/v2\/product"}],"about":[{"href":"https:\/\/truusk.store\/sv\/wp-json\/wp\/v2\/types\/product"}],"wp:featuredmedia":[{"embeddable":true,"href":"https:\/\/truusk.store\/sv\/wp-json\/wp\/v2\/media\/104756"}],"wp:attachment":[{"href":"https:\/\/truusk.store\/sv\/wp-json\/wp\/v2\/media?parent=104765"}],"wp:term":[{"taxonomy":"product_brand","embeddable":true,"href":"https:\/\/truusk.store\/sv\/wp-json\/wp\/v2\/product_brand?post=104765"},{"taxonomy":"product_cat","embeddable":true,"href":"https:\/\/truusk.store\/sv\/wp-json\/wp\/v2\/product_cat?post=104765"},{"taxonomy":"product_tag","embeddable":true,"href":"https:\/\/truusk.store\/sv\/wp-json\/wp\/v2\/product_tag?post=104765"}],"curies":[{"name":"wp","href":"https:\/\/api.w.org\/{rel}","templated":true}]}}