{"id":104795,"date":"2026-02-24T04:27:36","date_gmt":"2026-02-24T03:27:36","guid":{"rendered":"https:\/\/truusk.store\/product\/paravent-4-delad-1595x1695cm-rumsdelare-av-vagfiber-for-vardagsrum-brun\/"},"modified":"2026-03-12T09:15:11","modified_gmt":"2026-03-12T08:15:11","slug":"truusk-4-delad-paravent-1595x1695cm-vagfiber-brun-idealisk-for-vardagsrum-skapar-privatliv-och-stil-enkel-att-flytta","status":"publish","type":"product","link":"https:\/\/truusk.store\/sv\/produkt\/truusk-4-delad-paravent-1595x1695cm-vagfiber-brun-idealisk-for-vardagsrum-skapar-privatliv-och-stil-enkel-att-flytta\/","title":{"rendered":"TRUUSK 4-delad Paravent 159,5&#215;169,5cm &#8211; V\u00e5gfiber &#8211; Brun &#8211; Idealisk f\u00f6r Vardagsrum &#8211; Skapar Privatliv och Stil &#8211; Enkel att Flytta"},"content":{"rendered":"<p>Ge ditt hem elegans med denna klassiska rumsavdelare. Den stabila tr\u00e4ramen och de flexibla, g\u00e5ngj\u00e4rnsf\u00f6rsedda panelerna m\u00f6jligg\u00f6r m\u00e5ngsidig anv\u00e4ndning som insynsskydd eller rumsavdelare. V\u00e5gm\u00f6nstret p\u00e5 rumsavdelaren ger stilfulla accenter i sovrum, vardagsrum och andra rum.<\/p>\n<p>Beskrivning:<\/p>\n<ul>\n<li> F\u00e4llbart design, best\u00e5ende av fyra paneler<\/li>\n<li> Tr\u00e4ram f\u00f6r en stabil grund<\/li>\n<li> Fl\u00e4tad utseende av sk\u00e4rmen i en neutral f\u00e4rg<\/li>\n<li> Delar ett rum eller skapar privatliv \u00f6verallt<\/li>\n<li> H\u00f6jda f\u00f6tter p\u00e5 rumsavdelaren f\u00f6r luftcirkulation<\/li>\n<li> Ingen montering kr\u00e4vs<\/li>\n<\/ul>\n<p> Tekniska data:<\/p>\n<ul>\n<li> F\u00e4rg: Brun<\/li>\n<li> Material: Papper, furu<\/li>\n<li> Totala dimensioner: 159,5B x 1,6T x 169,5H cm<\/li>\n<li> Vikta dimensioner: 7,2L x 39B x 169,5H cm<\/li>\n<li> Panelstorlek (enskild): 39B x 169,5H cm<\/li>\n<li> Fot h\u00f6jd: 5,5 cm<\/li>\n<\/ul>\n<p>Leveransinneh\u00e5ll:<\/p>\n<ul>\n<li> 1 x Insynsskydd<\/li>\n<li> 1 x Bruksanvisning<\/li>\n<\/ul>\n","protected":false},"excerpt":{"rendered":"<p>Ge ditt hem elegans med denna klassiska rumsavdelare. Den stabila tr\u00e4ramen och de flexibla, g\u00e5ngj\u00e4rnsf\u00f6rsedda panelerna m\u00f6jligg\u00f6r m\u00e5ngsidig anv\u00e4ndning som&#8230;<\/p>\n","protected":false},"featured_media":104786,"template":"","meta":[],"product_brand":[],"product_cat":[962,871,1018],"product_tag":[],"class_list":{"0":"post-104795","1":"product","2":"type-product","3":"status-publish","4":"has-post-thumbnail","6":"product_cat-dekoration","7":"product_cat-hus-hem","8":"product_cat-rumsdelare-paravent","10":"first","11":"instock","12":"sale","13":"taxable","14":"shipping-taxable","15":"purchasable","16":"product-type-simple"},"yoast_head":"<!-- This site is optimized with the Yoast SEO plugin v25.4 - https:\/\/yoast.com\/wordpress\/plugins\/seo\/ -->\n<title>TRUUSK 4-delad Paravent 159,5x169,5cm - V\u00e5gfiber - Brun - Idealisk f\u00f6r Vardagsrum - Skapar Privatliv och Stil - Enkel att Flytta - TRUUSK - Hem, Tr\u00e4dg\u00e5rd &amp; Fritid<\/title>\n<meta name=\"robots\" content=\"index, follow, max-snippet:-1, max-image-preview:large, max-video-preview:-1\" \/>\n<link rel=\"canonical\" href=\"https:\/\/truusk.store\/sv\/produkt\/truusk-4-delad-paravent-1595x1695cm-vagfiber-brun-idealisk-for-vardagsrum-skapar-privatliv-och-stil-enkel-att-flytta\/\" \/>\n<meta property=\"og:locale\" content=\"sv_SE\" \/>\n<meta property=\"og:type\" content=\"article\" \/>\n<meta property=\"og:title\" content=\"TRUUSK 4-delad Paravent 159,5x169,5cm - V\u00e5gfiber - Brun - Idealisk f\u00f6r Vardagsrum - Skapar Privatliv och Stil - Enkel att Flytta - TRUUSK - Hem, Tr\u00e4dg\u00e5rd &amp; Fritid\" \/>\n<meta property=\"og:description\" content=\"Ge ditt hem elegans med denna klassiska rumsavdelare. Den stabila tr\u00e4ramen och de flexibla, g\u00e5ngj\u00e4rnsf\u00f6rsedda panelerna m\u00f6jligg\u00f6r m\u00e5ngsidig anv\u00e4ndning som...\" \/>\n<meta property=\"og:url\" content=\"https:\/\/truusk.store\/sv\/produkt\/truusk-4-delad-paravent-1595x1695cm-vagfiber-brun-idealisk-for-vardagsrum-skapar-privatliv-och-stil-enkel-att-flytta\/\" \/>\n<meta property=\"og:site_name\" content=\"TRUUSK - Hem, Tr\u00e4dg\u00e5rd &amp; Fritid\" \/>\n<meta property=\"article:modified_time\" content=\"2026-03-12T08:15:11+00:00\" \/>\n<meta property=\"og:image\" content=\"https:\/\/i0.wp.com\/truusk.se\/wp-content\/uploads\/2026\/02\/paravent-4-delad-1595x1695cm-rumsdelare-av-vagfiber-for-vardagsrum-brun-1.webp?fit=2000%2C2000&ssl=1\" \/>\n\t<meta property=\"og:image:width\" content=\"2000\" \/>\n\t<meta property=\"og:image:height\" content=\"2000\" \/>\n\t<meta property=\"og:image:type\" content=\"image\/webp\" \/>\n<meta name=\"twitter:card\" content=\"summary_large_image\" \/>\n<meta name=\"twitter:label1\" content=\"Ber\u00e4knad l\u00e4stid\" \/>\n\t<meta name=\"twitter:data1\" content=\"1 minut\" \/>\n<!-- \/ Yoast SEO plugin. -->","yoast_head_json":{"title":"TRUUSK 4-delad Paravent 159,5x169,5cm - V\u00e5gfiber - Brun - Idealisk f\u00f6r Vardagsrum - Skapar Privatliv och Stil - Enkel att Flytta - TRUUSK - Hem, Tr\u00e4dg\u00e5rd &amp; Fritid","robots":{"index":"index","follow":"follow","max-snippet":"max-snippet:-1","max-image-preview":"max-image-preview:large","max-video-preview":"max-video-preview:-1"},"canonical":"https:\/\/truusk.store\/sv\/produkt\/truusk-4-delad-paravent-1595x1695cm-vagfiber-brun-idealisk-for-vardagsrum-skapar-privatliv-och-stil-enkel-att-flytta\/","og_locale":"sv_SE","og_type":"article","og_title":"TRUUSK 4-delad Paravent 159,5x169,5cm - V\u00e5gfiber - Brun - Idealisk f\u00f6r Vardagsrum - Skapar Privatliv och Stil - Enkel att Flytta - TRUUSK - Hem, Tr\u00e4dg\u00e5rd &amp; Fritid","og_description":"Ge ditt hem elegans med denna klassiska rumsavdelare. Den stabila tr\u00e4ramen och de flexibla, g\u00e5ngj\u00e4rnsf\u00f6rsedda panelerna m\u00f6jligg\u00f6r m\u00e5ngsidig anv\u00e4ndning som...","og_url":"https:\/\/truusk.store\/sv\/produkt\/truusk-4-delad-paravent-1595x1695cm-vagfiber-brun-idealisk-for-vardagsrum-skapar-privatliv-och-stil-enkel-att-flytta\/","og_site_name":"TRUUSK - Hem, Tr\u00e4dg\u00e5rd &amp; Fritid","article_modified_time":"2026-03-12T08:15:11+00:00","og_image":[{"width":2000,"height":2000,"url":"https:\/\/i0.wp.com\/truusk.se\/wp-content\/uploads\/2026\/02\/paravent-4-delad-1595x1695cm-rumsdelare-av-vagfiber-for-vardagsrum-brun-1.webp?fit=2000%2C2000&ssl=1","type":"image\/webp"}],"twitter_card":"summary_large_image","twitter_misc":{"Ber\u00e4knad l\u00e4stid":"1 minut"},"schema":{"@context":"https:\/\/schema.org","@graph":[{"@type":"WebPage","@id":"https:\/\/truusk.store\/sv\/produkt\/truusk-4-delad-paravent-1595x1695cm-vagfiber-brun-idealisk-for-vardagsrum-skapar-privatliv-och-stil-enkel-att-flytta\/","url":"https:\/\/truusk.store\/sv\/produkt\/truusk-4-delad-paravent-1595x1695cm-vagfiber-brun-idealisk-for-vardagsrum-skapar-privatliv-och-stil-enkel-att-flytta\/","name":"TRUUSK 4-delad Paravent 159,5x169,5cm - V\u00e5gfiber - Brun - Idealisk f\u00f6r Vardagsrum - Skapar Privatliv och Stil - Enkel att Flytta - TRUUSK - Hem, Tr\u00e4dg\u00e5rd &amp; Fritid","isPartOf":{"@id":"https:\/\/truusk.store\/sv\/#website"},"primaryImageOfPage":{"@id":"https:\/\/truusk.store\/sv\/produkt\/truusk-4-delad-paravent-1595x1695cm-vagfiber-brun-idealisk-for-vardagsrum-skapar-privatliv-och-stil-enkel-att-flytta\/#primaryimage"},"image":{"@id":"https:\/\/truusk.store\/sv\/produkt\/truusk-4-delad-paravent-1595x1695cm-vagfiber-brun-idealisk-for-vardagsrum-skapar-privatliv-och-stil-enkel-att-flytta\/#primaryimage"},"thumbnailUrl":"https:\/\/i0.wp.com\/truusk.store\/wp-content\/uploads\/2026\/02\/paravent-4-delad-1595x1695cm-rumsdelare-av-vagfiber-for-vardagsrum-brun-1.webp?fit=2000%2C2000&ssl=1","datePublished":"2026-02-24T03:27:36+00:00","dateModified":"2026-03-12T08:15:11+00:00","breadcrumb":{"@id":"https:\/\/truusk.store\/sv\/produkt\/truusk-4-delad-paravent-1595x1695cm-vagfiber-brun-idealisk-for-vardagsrum-skapar-privatliv-och-stil-enkel-att-flytta\/#breadcrumb"},"inLanguage":"sv-SE","potentialAction":[{"@type":"ReadAction","target":["https:\/\/truusk.store\/sv\/produkt\/truusk-4-delad-paravent-1595x1695cm-vagfiber-brun-idealisk-for-vardagsrum-skapar-privatliv-och-stil-enkel-att-flytta\/"]}]},{"@type":"ImageObject","inLanguage":"sv-SE","@id":"https:\/\/truusk.store\/sv\/produkt\/truusk-4-delad-paravent-1595x1695cm-vagfiber-brun-idealisk-for-vardagsrum-skapar-privatliv-och-stil-enkel-att-flytta\/#primaryimage","url":"https:\/\/i0.wp.com\/truusk.store\/wp-content\/uploads\/2026\/02\/paravent-4-delad-1595x1695cm-rumsdelare-av-vagfiber-for-vardagsrum-brun-1.webp?fit=2000%2C2000&ssl=1","contentUrl":"https:\/\/i0.wp.com\/truusk.store\/wp-content\/uploads\/2026\/02\/paravent-4-delad-1595x1695cm-rumsdelare-av-vagfiber-for-vardagsrum-brun-1.webp?fit=2000%2C2000&ssl=1","width":2000,"height":2000},{"@type":"BreadcrumbList","@id":"https:\/\/truusk.store\/sv\/produkt\/truusk-4-delad-paravent-1595x1695cm-vagfiber-brun-idealisk-for-vardagsrum-skapar-privatliv-och-stil-enkel-att-flytta\/#breadcrumb","itemListElement":[{"@type":"ListItem","position":1,"name":"Home","item":"https:\/\/truusk.store\/sv\/"},{"@type":"ListItem","position":2,"name":"Shop","item":"https:\/\/truusk.store\/shop\/"},{"@type":"ListItem","position":3,"name":"TRUUSK 4-delad Paravent 159,5&#215;169,5cm &#8211; V\u00e5gfiber &#8211; Brun &#8211; Idealisk f\u00f6r Vardagsrum &#8211; Skapar Privatliv och Stil &#8211; Enkel att Flytta"}]},{"@type":"WebSite","@id":"https:\/\/truusk.store\/sv\/#website","url":"https:\/\/truusk.store\/sv\/","name":"TRUUSK - Hem, Tr\u00e4dg\u00e5rd & Fritid","description":"","publisher":{"@id":"https:\/\/truusk.store\/sv\/#organization"},"potentialAction":[{"@type":"SearchAction","target":{"@type":"EntryPoint","urlTemplate":"https:\/\/truusk.store\/sv\/?s={search_term_string}"},"query-input":{"@type":"PropertyValueSpecification","valueRequired":true,"valueName":"search_term_string"}}],"inLanguage":"sv-SE"},{"@type":"Organization","@id":"https:\/\/truusk.store\/sv\/#organization","name":"TRUUSK - Hem, Tr\u00e4dg\u00e5rd & Fritid","url":"https:\/\/truusk.store\/sv\/","logo":{"@type":"ImageObject","inLanguage":"sv-SE","@id":"https:\/\/truusk.store\/sv\/#\/schema\/logo\/image\/","url":"https:\/\/i0.wp.com\/truusk.store\/wp-content\/uploads\/2026\/03\/cropped-TRUUSK.png?fit=2032%2C917&ssl=1","contentUrl":"https:\/\/i0.wp.com\/truusk.store\/wp-content\/uploads\/2026\/03\/cropped-TRUUSK.png?fit=2032%2C917&ssl=1","width":2032,"height":917,"caption":"TRUUSK - Hem, Tr\u00e4dg\u00e5rd & Fritid"},"image":{"@id":"https:\/\/truusk.store\/sv\/#\/schema\/logo\/image\/"}}]}},"jetpack_sharing_enabled":true,"_links":{"self":[{"href":"https:\/\/truusk.store\/sv\/wp-json\/wp\/v2\/product\/104795","targetHints":{"allow":["GET"]}}],"collection":[{"href":"https:\/\/truusk.store\/sv\/wp-json\/wp\/v2\/product"}],"about":[{"href":"https:\/\/truusk.store\/sv\/wp-json\/wp\/v2\/types\/product"}],"wp:featuredmedia":[{"embeddable":true,"href":"https:\/\/truusk.store\/sv\/wp-json\/wp\/v2\/media\/104786"}],"wp:attachment":[{"href":"https:\/\/truusk.store\/sv\/wp-json\/wp\/v2\/media?parent=104795"}],"wp:term":[{"taxonomy":"product_brand","embeddable":true,"href":"https:\/\/truusk.store\/sv\/wp-json\/wp\/v2\/product_brand?post=104795"},{"taxonomy":"product_cat","embeddable":true,"href":"https:\/\/truusk.store\/sv\/wp-json\/wp\/v2\/product_cat?post=104795"},{"taxonomy":"product_tag","embeddable":true,"href":"https:\/\/truusk.store\/sv\/wp-json\/wp\/v2\/product_tag?post=104795"}],"curies":[{"name":"wp","href":"https:\/\/api.w.org\/{rel}","templated":true}]}}