{"id":104835,"date":"2026-02-24T04:34:11","date_gmt":"2026-02-24T03:34:11","guid":{"rendered":"https:\/\/truusk.store\/product\/babygunga-3-i-1-justerbar-barn-gunga-med-ryggstod-sakerhetsbalte-for-barn-fran-9-36-manader-gron\/"},"modified":"2026-03-12T09:19:20","modified_gmt":"2026-03-12T08:19:20","slug":"truusk-justerbar-babygunga-3-i-1-ryggstod-sakerhetsbalte-for-barn-9-36-manader-gron","status":"publish","type":"product","link":"https:\/\/truusk.store\/sv\/produkt\/truusk-justerbar-babygunga-3-i-1-ryggstod-sakerhetsbalte-for-barn-9-36-manader-gron\/","title":{"rendered":"TRUUSK Justerbar Babygunga 3-i-1 &#8211; Ryggst\u00f6d &#8211; S\u00e4kerhetsb\u00e4lte &#8211; F\u00f6r Barn 9-36 M\u00e5nader &#8211; Gr\u00f6n"},"content":{"rendered":"<p>Med denna gungstol fr\u00e5n [BRAND NAME] kan du uppleva of\u00f6rgl\u00f6mlig gungkul med dina sm\u00e5! Denna robusta babyswing b\u00e4r upp till 70 kg och \u00e4r utrustad med en bekv\u00e4m ryggst\u00f6d, ett s\u00e4kerhetsb\u00e4lte och en fr\u00e4mre s\u00e4kerhetsbygel s\u00e5 att din lilla skatt alltid sitter fast i s\u00e4tet. Repen \u00e4r ocks\u00e5 justerbara i l\u00e4ngd, s\u00e5 att du kan st\u00e4lla in gungans h\u00f6jd optimalt, oavsett om barnets gunga h\u00e4ngs upp i tr\u00e4dg\u00e5rden eller monteras i huset.<\/p>\n<p>Beskrivning:<\/p>\n<ul>\n<li> 3-i-1-design: avtagbart ryggst\u00f6d och s\u00e4kerhetsbygel<\/li>\n<li> L\u00e4ngdjusterbara rep (120 &#8211; 180 cm)<\/li>\n<li> Kan anv\u00e4ndas inomhus och utomhus<\/li>\n<li> Fr\u00e4mre s\u00e4kerhetsbygel som fallskydd<\/li>\n<li> Robust plastram f\u00f6r stabilitet<\/li>\n<li> H\u00e5llbart rep f\u00f6r s\u00e4kert grepp<\/li>\n<li> Montering kr\u00e4vs<\/li>\n<\/ul>\n<p> Tekniska data:<\/p>\n<ul>\n<li> F\u00e4rg: Gr\u00f6n+Gul+R\u00f6d<\/li>\n<li> Material: Plast<\/li>\n<li> Totala m\u00e5tt: 42L x 33B x 120-180H cm<\/li>\n<li> Sittm\u00e5tt: 42L x 33B x 39,5H cm<\/li>\n<li> Repets l\u00e4ngd: 1,20 &#8211; 1,80 m<\/li>\n<li> Certifiering \u00c5lder: 9+ m\u00e5nader<\/li>\n<li> Rekommenderad \u00e5lder: 9-36 m\u00e5nader<\/li>\n<li> B\u00e4rkapacitet: 70 kg<\/li>\n<li> Obs: Se till att gungan h\u00e4nger minst 35 cm \u00f6ver marken<\/li>\n<\/ul>\n<p>Leveransinneh\u00e5ll:<\/p>\n<ul>\n<li> 1 x Barn gunga<\/li>\n<li> 2 x Kauschen<\/li>\n<li> 2 x Stellacht<\/li>\n<\/ul>\n","protected":false},"excerpt":{"rendered":"<p>Med denna gungstol fr\u00e5n [BRAND NAME] kan du uppleva of\u00f6rgl\u00f6mlig gungkul med dina sm\u00e5! Denna robusta babyswing b\u00e4r upp till&#8230;<\/p>\n","protected":false},"featured_media":104820,"template":"","meta":[],"product_brand":[],"product_cat":[880,619,616],"product_tag":[],"class_list":{"0":"post-104835","1":"product","2":"type-product","3":"status-publish","4":"has-post-thumbnail","6":"product_cat-baby-barn-2","7":"product_cat-barngungor","8":"product_cat-utomhusleksaker","10":"first","11":"instock","12":"sale","13":"taxable","14":"shipping-taxable","15":"purchasable","16":"product-type-simple"},"yoast_head":"<!-- This site is optimized with the Yoast SEO plugin v25.4 - https:\/\/yoast.com\/wordpress\/plugins\/seo\/ -->\n<title>TRUUSK Justerbar Babygunga 3-i-1 - Ryggst\u00f6d - S\u00e4kerhetsb\u00e4lte - F\u00f6r Barn 9-36 M\u00e5nader - Gr\u00f6n - TRUUSK - Hem, Tr\u00e4dg\u00e5rd &amp; Fritid<\/title>\n<meta name=\"robots\" content=\"index, follow, max-snippet:-1, max-image-preview:large, max-video-preview:-1\" \/>\n<link rel=\"canonical\" href=\"https:\/\/truusk.store\/sv\/produkt\/truusk-justerbar-babygunga-3-i-1-ryggstod-sakerhetsbalte-for-barn-9-36-manader-gron\/\" \/>\n<meta property=\"og:locale\" content=\"sv_SE\" \/>\n<meta property=\"og:type\" content=\"article\" \/>\n<meta property=\"og:title\" content=\"TRUUSK Justerbar Babygunga 3-i-1 - Ryggst\u00f6d - S\u00e4kerhetsb\u00e4lte - F\u00f6r Barn 9-36 M\u00e5nader - Gr\u00f6n - TRUUSK - Hem, Tr\u00e4dg\u00e5rd &amp; Fritid\" \/>\n<meta property=\"og:description\" content=\"Med denna gungstol fr\u00e5n [BRAND NAME] kan du uppleva of\u00f6rgl\u00f6mlig gungkul med dina sm\u00e5! Denna robusta babyswing b\u00e4r upp till...\" \/>\n<meta property=\"og:url\" content=\"https:\/\/truusk.store\/sv\/produkt\/truusk-justerbar-babygunga-3-i-1-ryggstod-sakerhetsbalte-for-barn-9-36-manader-gron\/\" \/>\n<meta property=\"og:site_name\" content=\"TRUUSK - Hem, Tr\u00e4dg\u00e5rd &amp; Fritid\" \/>\n<meta property=\"article:modified_time\" content=\"2026-03-12T08:19:20+00:00\" \/>\n<meta property=\"og:image\" content=\"https:\/\/i0.wp.com\/truusk.se\/wp-content\/uploads\/2026\/02\/babygunga-3-i-1-justerbar-barn-gunga-med-ryggstod-sakerhetsbalte-for-barn-fran-9-36-manader-gron-1.webp?fit=2000%2C2000&ssl=1\" \/>\n\t<meta property=\"og:image:width\" content=\"2000\" \/>\n\t<meta property=\"og:image:height\" content=\"2000\" \/>\n\t<meta property=\"og:image:type\" content=\"image\/webp\" \/>\n<meta name=\"twitter:card\" content=\"summary_large_image\" \/>\n<meta name=\"twitter:label1\" content=\"Ber\u00e4knad l\u00e4stid\" \/>\n\t<meta name=\"twitter:data1\" content=\"1 minut\" \/>\n<!-- \/ Yoast SEO plugin. -->","yoast_head_json":{"title":"TRUUSK Justerbar Babygunga 3-i-1 - Ryggst\u00f6d - S\u00e4kerhetsb\u00e4lte - F\u00f6r Barn 9-36 M\u00e5nader - Gr\u00f6n - TRUUSK - Hem, Tr\u00e4dg\u00e5rd &amp; Fritid","robots":{"index":"index","follow":"follow","max-snippet":"max-snippet:-1","max-image-preview":"max-image-preview:large","max-video-preview":"max-video-preview:-1"},"canonical":"https:\/\/truusk.store\/sv\/produkt\/truusk-justerbar-babygunga-3-i-1-ryggstod-sakerhetsbalte-for-barn-9-36-manader-gron\/","og_locale":"sv_SE","og_type":"article","og_title":"TRUUSK Justerbar Babygunga 3-i-1 - Ryggst\u00f6d - S\u00e4kerhetsb\u00e4lte - F\u00f6r Barn 9-36 M\u00e5nader - Gr\u00f6n - TRUUSK - Hem, Tr\u00e4dg\u00e5rd &amp; Fritid","og_description":"Med denna gungstol fr\u00e5n [BRAND NAME] kan du uppleva of\u00f6rgl\u00f6mlig gungkul med dina sm\u00e5! Denna robusta babyswing b\u00e4r upp till...","og_url":"https:\/\/truusk.store\/sv\/produkt\/truusk-justerbar-babygunga-3-i-1-ryggstod-sakerhetsbalte-for-barn-9-36-manader-gron\/","og_site_name":"TRUUSK - Hem, Tr\u00e4dg\u00e5rd &amp; Fritid","article_modified_time":"2026-03-12T08:19:20+00:00","og_image":[{"width":2000,"height":2000,"url":"https:\/\/i0.wp.com\/truusk.se\/wp-content\/uploads\/2026\/02\/babygunga-3-i-1-justerbar-barn-gunga-med-ryggstod-sakerhetsbalte-for-barn-fran-9-36-manader-gron-1.webp?fit=2000%2C2000&ssl=1","type":"image\/webp"}],"twitter_card":"summary_large_image","twitter_misc":{"Ber\u00e4knad l\u00e4stid":"1 minut"},"schema":{"@context":"https:\/\/schema.org","@graph":[{"@type":"WebPage","@id":"https:\/\/truusk.store\/sv\/produkt\/truusk-justerbar-babygunga-3-i-1-ryggstod-sakerhetsbalte-for-barn-9-36-manader-gron\/","url":"https:\/\/truusk.store\/sv\/produkt\/truusk-justerbar-babygunga-3-i-1-ryggstod-sakerhetsbalte-for-barn-9-36-manader-gron\/","name":"TRUUSK Justerbar Babygunga 3-i-1 - Ryggst\u00f6d - S\u00e4kerhetsb\u00e4lte - F\u00f6r Barn 9-36 M\u00e5nader - Gr\u00f6n - TRUUSK - Hem, Tr\u00e4dg\u00e5rd &amp; Fritid","isPartOf":{"@id":"https:\/\/truusk.store\/sv\/#website"},"primaryImageOfPage":{"@id":"https:\/\/truusk.store\/sv\/produkt\/truusk-justerbar-babygunga-3-i-1-ryggstod-sakerhetsbalte-for-barn-9-36-manader-gron\/#primaryimage"},"image":{"@id":"https:\/\/truusk.store\/sv\/produkt\/truusk-justerbar-babygunga-3-i-1-ryggstod-sakerhetsbalte-for-barn-9-36-manader-gron\/#primaryimage"},"thumbnailUrl":"https:\/\/i0.wp.com\/truusk.store\/wp-content\/uploads\/2026\/02\/babygunga-3-i-1-justerbar-barn-gunga-med-ryggstod-sakerhetsbalte-for-barn-fran-9-36-manader-gron-1.webp?fit=2000%2C2000&ssl=1","datePublished":"2026-02-24T03:34:11+00:00","dateModified":"2026-03-12T08:19:20+00:00","breadcrumb":{"@id":"https:\/\/truusk.store\/sv\/produkt\/truusk-justerbar-babygunga-3-i-1-ryggstod-sakerhetsbalte-for-barn-9-36-manader-gron\/#breadcrumb"},"inLanguage":"sv-SE","potentialAction":[{"@type":"ReadAction","target":["https:\/\/truusk.store\/sv\/produkt\/truusk-justerbar-babygunga-3-i-1-ryggstod-sakerhetsbalte-for-barn-9-36-manader-gron\/"]}]},{"@type":"ImageObject","inLanguage":"sv-SE","@id":"https:\/\/truusk.store\/sv\/produkt\/truusk-justerbar-babygunga-3-i-1-ryggstod-sakerhetsbalte-for-barn-9-36-manader-gron\/#primaryimage","url":"https:\/\/i0.wp.com\/truusk.store\/wp-content\/uploads\/2026\/02\/babygunga-3-i-1-justerbar-barn-gunga-med-ryggstod-sakerhetsbalte-for-barn-fran-9-36-manader-gron-1.webp?fit=2000%2C2000&ssl=1","contentUrl":"https:\/\/i0.wp.com\/truusk.store\/wp-content\/uploads\/2026\/02\/babygunga-3-i-1-justerbar-barn-gunga-med-ryggstod-sakerhetsbalte-for-barn-fran-9-36-manader-gron-1.webp?fit=2000%2C2000&ssl=1","width":2000,"height":2000},{"@type":"BreadcrumbList","@id":"https:\/\/truusk.store\/sv\/produkt\/truusk-justerbar-babygunga-3-i-1-ryggstod-sakerhetsbalte-for-barn-9-36-manader-gron\/#breadcrumb","itemListElement":[{"@type":"ListItem","position":1,"name":"Home","item":"https:\/\/truusk.store\/sv\/"},{"@type":"ListItem","position":2,"name":"Shop","item":"https:\/\/truusk.store\/shop\/"},{"@type":"ListItem","position":3,"name":"TRUUSK Justerbar Babygunga 3-i-1 &#8211; Ryggst\u00f6d &#8211; S\u00e4kerhetsb\u00e4lte &#8211; F\u00f6r Barn 9-36 M\u00e5nader &#8211; Gr\u00f6n"}]},{"@type":"WebSite","@id":"https:\/\/truusk.store\/sv\/#website","url":"https:\/\/truusk.store\/sv\/","name":"TRUUSK - Hem, Tr\u00e4dg\u00e5rd & Fritid","description":"","publisher":{"@id":"https:\/\/truusk.store\/sv\/#organization"},"potentialAction":[{"@type":"SearchAction","target":{"@type":"EntryPoint","urlTemplate":"https:\/\/truusk.store\/sv\/?s={search_term_string}"},"query-input":{"@type":"PropertyValueSpecification","valueRequired":true,"valueName":"search_term_string"}}],"inLanguage":"sv-SE"},{"@type":"Organization","@id":"https:\/\/truusk.store\/sv\/#organization","name":"TRUUSK - Hem, Tr\u00e4dg\u00e5rd & Fritid","url":"https:\/\/truusk.store\/sv\/","logo":{"@type":"ImageObject","inLanguage":"sv-SE","@id":"https:\/\/truusk.store\/sv\/#\/schema\/logo\/image\/","url":"https:\/\/i0.wp.com\/truusk.store\/wp-content\/uploads\/2026\/03\/cropped-TRUUSK.png?fit=2032%2C917&ssl=1","contentUrl":"https:\/\/i0.wp.com\/truusk.store\/wp-content\/uploads\/2026\/03\/cropped-TRUUSK.png?fit=2032%2C917&ssl=1","width":2032,"height":917,"caption":"TRUUSK - Hem, Tr\u00e4dg\u00e5rd & Fritid"},"image":{"@id":"https:\/\/truusk.store\/sv\/#\/schema\/logo\/image\/"}}]}},"jetpack_sharing_enabled":true,"_links":{"self":[{"href":"https:\/\/truusk.store\/sv\/wp-json\/wp\/v2\/product\/104835","targetHints":{"allow":["GET"]}}],"collection":[{"href":"https:\/\/truusk.store\/sv\/wp-json\/wp\/v2\/product"}],"about":[{"href":"https:\/\/truusk.store\/sv\/wp-json\/wp\/v2\/types\/product"}],"wp:featuredmedia":[{"embeddable":true,"href":"https:\/\/truusk.store\/sv\/wp-json\/wp\/v2\/media\/104820"}],"wp:attachment":[{"href":"https:\/\/truusk.store\/sv\/wp-json\/wp\/v2\/media?parent=104835"}],"wp:term":[{"taxonomy":"product_brand","embeddable":true,"href":"https:\/\/truusk.store\/sv\/wp-json\/wp\/v2\/product_brand?post=104835"},{"taxonomy":"product_cat","embeddable":true,"href":"https:\/\/truusk.store\/sv\/wp-json\/wp\/v2\/product_cat?post=104835"},{"taxonomy":"product_tag","embeddable":true,"href":"https:\/\/truusk.store\/sv\/wp-json\/wp\/v2\/product_tag?post=104835"}],"curies":[{"name":"wp","href":"https:\/\/api.w.org\/{rel}","templated":true}]}}