{"id":104850,"date":"2026-02-24T04:35:56","date_gmt":"2026-02-24T03:35:56","guid":{"rendered":"https:\/\/truusk.store\/product\/paravent-4-delad-160-x-170-cm-vikbar-rumsavdelare-skarmvagg-av-vagfiber-skarmvagg-for-vardagsrum\/"},"modified":"2026-03-12T09:20:27","modified_gmt":"2026-03-12T08:20:27","slug":"truusk-skarmvagg-160-x-170-cm-vikbar-rumsavdelare-av-vagfiber-for-vardagsrum-4-delad","status":"publish","type":"product","link":"https:\/\/truusk.store\/sv\/produkt\/truusk-skarmvagg-160-x-170-cm-vikbar-rumsavdelare-av-vagfiber-for-vardagsrum-4-delad\/","title":{"rendered":"TRUUSK Sk\u00e4rmv\u00e4gg 160 x 170 cm &#8211; Vikbar Rumsavdelare av V\u00e5gfiber &#8211; F\u00f6r Vardagsrum &#8211; 4-delad"},"content":{"rendered":"<p>Letar du efter en privat retr\u00e4tt? Denna hopf\u00e4llbara sk\u00e4rm fr\u00e5n [BRAND NAME] \u00e4r den perfekta l\u00f6sningen, utan att kompromissa med stil och estetik. Den separerar ditt arbetsomr\u00e5de fr\u00e5n familjens TV-omr\u00e5de, ger privatliv mellan s\u00e4ngarna i det delade barnrummet och hj\u00e4lper till att minimera st\u00f6rande ljus eller ljud. Den eleganta, handgjorda designen p\u00e5 rumsavdelaren ger ditt rum en modern accent. G\u00f6r ditt hus till ett hem med [BRAND NAME].<\/p>\n<p>Beskrivning:<\/p>\n<ul>\n<li> Idealisk f\u00f6r att skapa ett personligt omr\u00e5de eller dela upp stora rum<\/li>\n<li> Papperspanel med diamantv\u00e4vd fiberstruktur f\u00f6r en naturlig ton och l\u00e4tt portabilitet<\/li>\n<li> Hopf\u00e4llbar design av sk\u00e4rmen med fyra paneler och nio metallg\u00e5ngj\u00e4rn, vilket m\u00f6jligg\u00f6r flexibel design och sparar utrymme vid f\u00f6rvaring<\/li>\n<li> Ram av massivt furutr\u00e4 f\u00f6r stabilitet<\/li>\n<li> H\u00f6jda f\u00f6tter p\u00e5 avdelaren f\u00f6r b\u00e4ttre luftcirkulation<\/li>\n<li> Ingen montering kr\u00e4vs<\/li>\n<\/ul>\n<p> Tekniska specifikationer:<\/p>\n<ul>\n<li> F\u00e4rg: Vit<\/li>\n<li> Material: Pappersrep, bambu, furutr\u00e4<\/li>\n<li> Totala dimensioner (utf\u00e4lld): 160L x 1,5T x 170H cm<\/li>\n<li> Totala dimensioner (hopf\u00e4lld): 39,5B x 6T x 170H cm<\/li>\n<li> Storlek p\u00e5 varje panel: 39,5B x 170H cm<\/li>\n<\/ul>\n<p>Leveransinneh\u00e5ll:<\/p>\n<ul>\n<li> 1 x Siktavsk\u00e4rmning<\/li>\n<li> 1 x Bruksanvisning<\/li>\n<\/ul>\n","protected":false},"excerpt":{"rendered":"<p>Letar du efter en privat retr\u00e4tt? Denna hopf\u00e4llbara sk\u00e4rm fr\u00e5n [BRAND NAME] \u00e4r den perfekta l\u00f6sningen, utan att kompromissa med&#8230;<\/p>\n","protected":false},"featured_media":104836,"template":"","meta":[],"product_brand":[],"product_cat":[962,871,1018],"product_tag":[],"class_list":{"0":"post-104850","1":"product","2":"type-product","3":"status-publish","4":"has-post-thumbnail","6":"product_cat-dekoration","7":"product_cat-hus-hem","8":"product_cat-rumsdelare-paravent","10":"first","11":"instock","12":"sale","13":"taxable","14":"shipping-taxable","15":"purchasable","16":"product-type-simple"},"yoast_head":"<!-- This site is optimized with the Yoast SEO plugin v25.4 - https:\/\/yoast.com\/wordpress\/plugins\/seo\/ -->\n<title>TRUUSK Sk\u00e4rmv\u00e4gg 160 x 170 cm - Vikbar Rumsavdelare av V\u00e5gfiber - F\u00f6r Vardagsrum - 4-delad - TRUUSK - Hem, Tr\u00e4dg\u00e5rd &amp; Fritid<\/title>\n<meta name=\"robots\" content=\"index, follow, max-snippet:-1, max-image-preview:large, max-video-preview:-1\" \/>\n<link rel=\"canonical\" href=\"https:\/\/truusk.store\/sv\/produkt\/truusk-skarmvagg-160-x-170-cm-vikbar-rumsavdelare-av-vagfiber-for-vardagsrum-4-delad\/\" \/>\n<meta property=\"og:locale\" content=\"sv_SE\" \/>\n<meta property=\"og:type\" content=\"article\" \/>\n<meta property=\"og:title\" content=\"TRUUSK Sk\u00e4rmv\u00e4gg 160 x 170 cm - Vikbar Rumsavdelare av V\u00e5gfiber - F\u00f6r Vardagsrum - 4-delad - TRUUSK - Hem, Tr\u00e4dg\u00e5rd &amp; Fritid\" \/>\n<meta property=\"og:description\" content=\"Letar du efter en privat retr\u00e4tt? Denna hopf\u00e4llbara sk\u00e4rm fr\u00e5n [BRAND NAME] \u00e4r den perfekta l\u00f6sningen, utan att kompromissa med...\" \/>\n<meta property=\"og:url\" content=\"https:\/\/truusk.store\/sv\/produkt\/truusk-skarmvagg-160-x-170-cm-vikbar-rumsavdelare-av-vagfiber-for-vardagsrum-4-delad\/\" \/>\n<meta property=\"og:site_name\" content=\"TRUUSK - Hem, Tr\u00e4dg\u00e5rd &amp; Fritid\" \/>\n<meta property=\"article:modified_time\" content=\"2026-03-12T08:20:27+00:00\" \/>\n<meta property=\"og:image\" content=\"https:\/\/i0.wp.com\/truusk.se\/wp-content\/uploads\/2026\/02\/paravent-4-delad-160-x-170-cm-vikbar-rumsavdelare-skarmvagg-av-vagfiber-skarmvagg-for-vardagsrum-1.webp?fit=2000%2C2000&ssl=1\" \/>\n\t<meta property=\"og:image:width\" content=\"2000\" \/>\n\t<meta property=\"og:image:height\" content=\"2000\" \/>\n\t<meta property=\"og:image:type\" content=\"image\/webp\" \/>\n<meta name=\"twitter:card\" content=\"summary_large_image\" \/>\n<meta name=\"twitter:label1\" content=\"Ber\u00e4knad l\u00e4stid\" \/>\n\t<meta name=\"twitter:data1\" content=\"1 minut\" \/>\n<!-- \/ Yoast SEO plugin. -->","yoast_head_json":{"title":"TRUUSK Sk\u00e4rmv\u00e4gg 160 x 170 cm - Vikbar Rumsavdelare av V\u00e5gfiber - F\u00f6r Vardagsrum - 4-delad - TRUUSK - Hem, Tr\u00e4dg\u00e5rd &amp; Fritid","robots":{"index":"index","follow":"follow","max-snippet":"max-snippet:-1","max-image-preview":"max-image-preview:large","max-video-preview":"max-video-preview:-1"},"canonical":"https:\/\/truusk.store\/sv\/produkt\/truusk-skarmvagg-160-x-170-cm-vikbar-rumsavdelare-av-vagfiber-for-vardagsrum-4-delad\/","og_locale":"sv_SE","og_type":"article","og_title":"TRUUSK Sk\u00e4rmv\u00e4gg 160 x 170 cm - Vikbar Rumsavdelare av V\u00e5gfiber - F\u00f6r Vardagsrum - 4-delad - TRUUSK - Hem, Tr\u00e4dg\u00e5rd &amp; Fritid","og_description":"Letar du efter en privat retr\u00e4tt? Denna hopf\u00e4llbara sk\u00e4rm fr\u00e5n [BRAND NAME] \u00e4r den perfekta l\u00f6sningen, utan att kompromissa med...","og_url":"https:\/\/truusk.store\/sv\/produkt\/truusk-skarmvagg-160-x-170-cm-vikbar-rumsavdelare-av-vagfiber-for-vardagsrum-4-delad\/","og_site_name":"TRUUSK - Hem, Tr\u00e4dg\u00e5rd &amp; Fritid","article_modified_time":"2026-03-12T08:20:27+00:00","og_image":[{"width":2000,"height":2000,"url":"https:\/\/i0.wp.com\/truusk.se\/wp-content\/uploads\/2026\/02\/paravent-4-delad-160-x-170-cm-vikbar-rumsavdelare-skarmvagg-av-vagfiber-skarmvagg-for-vardagsrum-1.webp?fit=2000%2C2000&ssl=1","type":"image\/webp"}],"twitter_card":"summary_large_image","twitter_misc":{"Ber\u00e4knad l\u00e4stid":"1 minut"},"schema":{"@context":"https:\/\/schema.org","@graph":[{"@type":"WebPage","@id":"https:\/\/truusk.store\/sv\/produkt\/truusk-skarmvagg-160-x-170-cm-vikbar-rumsavdelare-av-vagfiber-for-vardagsrum-4-delad\/","url":"https:\/\/truusk.store\/sv\/produkt\/truusk-skarmvagg-160-x-170-cm-vikbar-rumsavdelare-av-vagfiber-for-vardagsrum-4-delad\/","name":"TRUUSK Sk\u00e4rmv\u00e4gg 160 x 170 cm - Vikbar Rumsavdelare av V\u00e5gfiber - F\u00f6r Vardagsrum - 4-delad - TRUUSK - Hem, Tr\u00e4dg\u00e5rd &amp; Fritid","isPartOf":{"@id":"https:\/\/truusk.store\/sv\/#website"},"primaryImageOfPage":{"@id":"https:\/\/truusk.store\/sv\/produkt\/truusk-skarmvagg-160-x-170-cm-vikbar-rumsavdelare-av-vagfiber-for-vardagsrum-4-delad\/#primaryimage"},"image":{"@id":"https:\/\/truusk.store\/sv\/produkt\/truusk-skarmvagg-160-x-170-cm-vikbar-rumsavdelare-av-vagfiber-for-vardagsrum-4-delad\/#primaryimage"},"thumbnailUrl":"https:\/\/i0.wp.com\/truusk.store\/wp-content\/uploads\/2026\/02\/paravent-4-delad-160-x-170-cm-vikbar-rumsavdelare-skarmvagg-av-vagfiber-skarmvagg-for-vardagsrum-1.webp?fit=2000%2C2000&ssl=1","datePublished":"2026-02-24T03:35:56+00:00","dateModified":"2026-03-12T08:20:27+00:00","breadcrumb":{"@id":"https:\/\/truusk.store\/sv\/produkt\/truusk-skarmvagg-160-x-170-cm-vikbar-rumsavdelare-av-vagfiber-for-vardagsrum-4-delad\/#breadcrumb"},"inLanguage":"sv-SE","potentialAction":[{"@type":"ReadAction","target":["https:\/\/truusk.store\/sv\/produkt\/truusk-skarmvagg-160-x-170-cm-vikbar-rumsavdelare-av-vagfiber-for-vardagsrum-4-delad\/"]}]},{"@type":"ImageObject","inLanguage":"sv-SE","@id":"https:\/\/truusk.store\/sv\/produkt\/truusk-skarmvagg-160-x-170-cm-vikbar-rumsavdelare-av-vagfiber-for-vardagsrum-4-delad\/#primaryimage","url":"https:\/\/i0.wp.com\/truusk.store\/wp-content\/uploads\/2026\/02\/paravent-4-delad-160-x-170-cm-vikbar-rumsavdelare-skarmvagg-av-vagfiber-skarmvagg-for-vardagsrum-1.webp?fit=2000%2C2000&ssl=1","contentUrl":"https:\/\/i0.wp.com\/truusk.store\/wp-content\/uploads\/2026\/02\/paravent-4-delad-160-x-170-cm-vikbar-rumsavdelare-skarmvagg-av-vagfiber-skarmvagg-for-vardagsrum-1.webp?fit=2000%2C2000&ssl=1","width":2000,"height":2000},{"@type":"BreadcrumbList","@id":"https:\/\/truusk.store\/sv\/produkt\/truusk-skarmvagg-160-x-170-cm-vikbar-rumsavdelare-av-vagfiber-for-vardagsrum-4-delad\/#breadcrumb","itemListElement":[{"@type":"ListItem","position":1,"name":"Home","item":"https:\/\/truusk.store\/sv\/"},{"@type":"ListItem","position":2,"name":"Shop","item":"https:\/\/truusk.store\/shop\/"},{"@type":"ListItem","position":3,"name":"TRUUSK Sk\u00e4rmv\u00e4gg 160 x 170 cm &#8211; Vikbar Rumsavdelare av V\u00e5gfiber &#8211; F\u00f6r Vardagsrum &#8211; 4-delad"}]},{"@type":"WebSite","@id":"https:\/\/truusk.store\/sv\/#website","url":"https:\/\/truusk.store\/sv\/","name":"TRUUSK - Hem, Tr\u00e4dg\u00e5rd & Fritid","description":"","publisher":{"@id":"https:\/\/truusk.store\/sv\/#organization"},"potentialAction":[{"@type":"SearchAction","target":{"@type":"EntryPoint","urlTemplate":"https:\/\/truusk.store\/sv\/?s={search_term_string}"},"query-input":{"@type":"PropertyValueSpecification","valueRequired":true,"valueName":"search_term_string"}}],"inLanguage":"sv-SE"},{"@type":"Organization","@id":"https:\/\/truusk.store\/sv\/#organization","name":"TRUUSK - Hem, Tr\u00e4dg\u00e5rd & Fritid","url":"https:\/\/truusk.store\/sv\/","logo":{"@type":"ImageObject","inLanguage":"sv-SE","@id":"https:\/\/truusk.store\/sv\/#\/schema\/logo\/image\/","url":"https:\/\/i0.wp.com\/truusk.store\/wp-content\/uploads\/2026\/03\/cropped-TRUUSK.png?fit=2032%2C917&ssl=1","contentUrl":"https:\/\/i0.wp.com\/truusk.store\/wp-content\/uploads\/2026\/03\/cropped-TRUUSK.png?fit=2032%2C917&ssl=1","width":2032,"height":917,"caption":"TRUUSK - Hem, Tr\u00e4dg\u00e5rd & Fritid"},"image":{"@id":"https:\/\/truusk.store\/sv\/#\/schema\/logo\/image\/"}}]}},"jetpack_sharing_enabled":true,"_links":{"self":[{"href":"https:\/\/truusk.store\/sv\/wp-json\/wp\/v2\/product\/104850","targetHints":{"allow":["GET"]}}],"collection":[{"href":"https:\/\/truusk.store\/sv\/wp-json\/wp\/v2\/product"}],"about":[{"href":"https:\/\/truusk.store\/sv\/wp-json\/wp\/v2\/types\/product"}],"wp:featuredmedia":[{"embeddable":true,"href":"https:\/\/truusk.store\/sv\/wp-json\/wp\/v2\/media\/104836"}],"wp:attachment":[{"href":"https:\/\/truusk.store\/sv\/wp-json\/wp\/v2\/media?parent=104850"}],"wp:term":[{"taxonomy":"product_brand","embeddable":true,"href":"https:\/\/truusk.store\/sv\/wp-json\/wp\/v2\/product_brand?post=104850"},{"taxonomy":"product_cat","embeddable":true,"href":"https:\/\/truusk.store\/sv\/wp-json\/wp\/v2\/product_cat?post=104850"},{"taxonomy":"product_tag","embeddable":true,"href":"https:\/\/truusk.store\/sv\/wp-json\/wp\/v2\/product_tag?post=104850"}],"curies":[{"name":"wp","href":"https:\/\/api.w.org\/{rel}","templated":true}]}}