{"id":104890,"date":"2026-02-24T04:43:30","date_gmt":"2026-02-24T03:43:30","guid":{"rendered":"https:\/\/truusk.store\/product\/verktygsvagn-2-sma-5-stora-lador-stal-upp-till-150-kg-69-x-33-x-75-cm-rod\/"},"modified":"2026-03-12T09:31:25","modified_gmt":"2026-03-12T08:31:25","slug":"truusk-verktygsvagn-2-sma-5-stora-lador-stal-upp-till-150-kg-69-x-33-x-75-cm-rod-2","status":"publish","type":"product","link":"https:\/\/truusk.store\/sv\/produkt\/truusk-verktygsvagn-2-sma-5-stora-lador-stal-upp-till-150-kg-69-x-33-x-75-cm-rod-2\/","title":{"rendered":"TRUUSK Verktygsvagn &#8211; 2 Sm\u00e5 &amp; 5 Stora L\u00e5dor &#8211; St\u00e5l &#8211; Upp Till 150 Kg &#8211; 69 X 33 X 75 Cm &#8211; R\u00f6d"},"content":{"rendered":"<p>Uppt\u00e4ck [BRAND NAME] verktygsvagn &#8211; den perfekta l\u00f6sningen f\u00f6r din verktygsf\u00f6rvaring. Med flera l\u00e5dor, gener\u00f6st f\u00f6rvaringsutrymme och smidiga, delvis bromsbara hjul, erbjuder verktygsvagnen \u00f6versk\u00e5dlighet och r\u00f6rlighet. Perfekt f\u00f6r garaget eller verkstaden, den bidrar till ordning och effektivitet, s\u00e5 att ditt tillbeh\u00f6r alltid \u00e4r till hands.<\/p>\n<p>Beskrivning:<\/p>\n<ul>\n<li> Utrustad med 2 sm\u00e5 l\u00e5dor och 5 stora l\u00e5dor<\/li>\n<li> Robust st\u00e5lkonstruktion av verktygsvagnen f\u00f6r \u00f6verl\u00e4gsen motst\u00e5ndskraft mot repor och korrosion<\/li>\n<li> Sidohandtag och 4 hjul p\u00e5 verktygsvagnen, varav 2 med bromsar, g\u00f6r denna enhet l\u00e4tt och smidigt r\u00f6rlig<\/li>\n<li> L\u00e5dor och hyllor inneh\u00e5ller en skumgummimatta som kan absorbera olja och hj\u00e4lper till att h\u00e5lla verktygen p\u00e5 plats<\/li>\n<li> Den \u00f6vre verktygsl\u00e5dan p\u00e5 verktygsvagnen \u00e4r utrustad med ett l\u00e5s och nycklar f\u00f6r s\u00e4kerhet vid behov<\/li>\n<li> Idealisk verktygsenhet f\u00f6r garage och verkst\u00e4der<\/li>\n<\/ul>\n<p> Tekniska data:<\/p>\n<ul>\n<li> F\u00e4rg: Mattsvart<\/li>\n<li> Material: St\u00e5l<\/li>\n<li> Produktm\u00e5tt: 69L x 33B x 75H cm<\/li>\n<li> B\u00e4rkapacitet: 15 kg (per l\u00e5da), 150 kg (totalt)<\/li>\n<li> M\u00e5tt p\u00e5 l\u00e5dan: 51L x 29B x 4H cm (Liten), 51L x 29B x 8,5H cm (Stor)<\/li>\n<\/ul>\n<p>Leveransinneh\u00e5ll:<\/p>\n<ul>\n<li> 1 x Verktygsl\u00e5da<\/li>\n<li> 2 x Nycklar<\/li>\n<li> 1 x Handbok<\/li>\n<\/ul>\n","protected":false},"excerpt":{"rendered":"<p>Uppt\u00e4ck [BRAND NAME] verktygsvagn &#8211; den perfekta l\u00f6sningen f\u00f6r din verktygsf\u00f6rvaring. Med flera l\u00e5dor, gener\u00f6st f\u00f6rvaringsutrymme och smidiga, delvis bromsbara&#8230;<\/p>\n","protected":false},"featured_media":104876,"template":"","meta":[],"product_brand":[],"product_cat":[867,898,899],"product_tag":[],"class_list":{"0":"post-104890","1":"product","2":"type-product","3":"status-publish","4":"has-post-thumbnail","6":"product_cat-byggmarknad","7":"product_cat-gor-det-sjalv","8":"product_cat-organiseringssystemer","10":"first","11":"instock","12":"sale","13":"taxable","14":"shipping-taxable","15":"purchasable","16":"product-type-simple"},"yoast_head":"<!-- This site is optimized with the Yoast SEO plugin v25.4 - https:\/\/yoast.com\/wordpress\/plugins\/seo\/ -->\n<title>TRUUSK Verktygsvagn - 2 Sm\u00e5 &amp; 5 Stora L\u00e5dor - St\u00e5l - Upp Till 150 Kg - 69 X 33 X 75 Cm - R\u00f6d - TRUUSK - Hem, Tr\u00e4dg\u00e5rd &amp; Fritid<\/title>\n<meta name=\"robots\" content=\"index, follow, max-snippet:-1, max-image-preview:large, max-video-preview:-1\" \/>\n<link rel=\"canonical\" href=\"https:\/\/truusk.store\/sv\/produkt\/truusk-verktygsvagn-2-sma-5-stora-lador-stal-upp-till-150-kg-69-x-33-x-75-cm-rod-2\/\" \/>\n<meta property=\"og:locale\" content=\"sv_SE\" \/>\n<meta property=\"og:type\" content=\"article\" \/>\n<meta property=\"og:title\" content=\"TRUUSK Verktygsvagn - 2 Sm\u00e5 &amp; 5 Stora L\u00e5dor - St\u00e5l - Upp Till 150 Kg - 69 X 33 X 75 Cm - R\u00f6d - TRUUSK - Hem, Tr\u00e4dg\u00e5rd &amp; Fritid\" \/>\n<meta property=\"og:description\" content=\"Uppt\u00e4ck [BRAND NAME] verktygsvagn &#8211; den perfekta l\u00f6sningen f\u00f6r din verktygsf\u00f6rvaring. Med flera l\u00e5dor, gener\u00f6st f\u00f6rvaringsutrymme och smidiga, delvis bromsbara...\" \/>\n<meta property=\"og:url\" content=\"https:\/\/truusk.store\/sv\/produkt\/truusk-verktygsvagn-2-sma-5-stora-lador-stal-upp-till-150-kg-69-x-33-x-75-cm-rod-2\/\" \/>\n<meta property=\"og:site_name\" content=\"TRUUSK - Hem, Tr\u00e4dg\u00e5rd &amp; Fritid\" \/>\n<meta property=\"article:modified_time\" content=\"2026-03-12T08:31:25+00:00\" \/>\n<meta property=\"og:image\" content=\"https:\/\/i0.wp.com\/truusk.se\/wp-content\/uploads\/2026\/02\/verktygsvagn-2-sma-5-stora-lador-stal-upp-till-150-kg-69-x-33-x-75-cm-rod-1.webp?fit=2000%2C2000&ssl=1\" \/>\n\t<meta property=\"og:image:width\" content=\"2000\" \/>\n\t<meta property=\"og:image:height\" content=\"2000\" \/>\n\t<meta property=\"og:image:type\" content=\"image\/webp\" \/>\n<meta name=\"twitter:card\" content=\"summary_large_image\" \/>\n<meta name=\"twitter:label1\" content=\"Ber\u00e4knad l\u00e4stid\" \/>\n\t<meta name=\"twitter:data1\" content=\"1 minut\" \/>\n<!-- \/ Yoast SEO plugin. -->","yoast_head_json":{"title":"TRUUSK Verktygsvagn - 2 Sm\u00e5 &amp; 5 Stora L\u00e5dor - St\u00e5l - Upp Till 150 Kg - 69 X 33 X 75 Cm - R\u00f6d - TRUUSK - Hem, Tr\u00e4dg\u00e5rd &amp; Fritid","robots":{"index":"index","follow":"follow","max-snippet":"max-snippet:-1","max-image-preview":"max-image-preview:large","max-video-preview":"max-video-preview:-1"},"canonical":"https:\/\/truusk.store\/sv\/produkt\/truusk-verktygsvagn-2-sma-5-stora-lador-stal-upp-till-150-kg-69-x-33-x-75-cm-rod-2\/","og_locale":"sv_SE","og_type":"article","og_title":"TRUUSK Verktygsvagn - 2 Sm\u00e5 &amp; 5 Stora L\u00e5dor - St\u00e5l - Upp Till 150 Kg - 69 X 33 X 75 Cm - R\u00f6d - TRUUSK - Hem, Tr\u00e4dg\u00e5rd &amp; Fritid","og_description":"Uppt\u00e4ck [BRAND NAME] verktygsvagn &#8211; den perfekta l\u00f6sningen f\u00f6r din verktygsf\u00f6rvaring. Med flera l\u00e5dor, gener\u00f6st f\u00f6rvaringsutrymme och smidiga, delvis bromsbara...","og_url":"https:\/\/truusk.store\/sv\/produkt\/truusk-verktygsvagn-2-sma-5-stora-lador-stal-upp-till-150-kg-69-x-33-x-75-cm-rod-2\/","og_site_name":"TRUUSK - Hem, Tr\u00e4dg\u00e5rd &amp; Fritid","article_modified_time":"2026-03-12T08:31:25+00:00","og_image":[{"width":2000,"height":2000,"url":"https:\/\/i0.wp.com\/truusk.se\/wp-content\/uploads\/2026\/02\/verktygsvagn-2-sma-5-stora-lador-stal-upp-till-150-kg-69-x-33-x-75-cm-rod-1.webp?fit=2000%2C2000&ssl=1","type":"image\/webp"}],"twitter_card":"summary_large_image","twitter_misc":{"Ber\u00e4knad l\u00e4stid":"1 minut"},"schema":{"@context":"https:\/\/schema.org","@graph":[{"@type":"WebPage","@id":"https:\/\/truusk.store\/sv\/produkt\/truusk-verktygsvagn-2-sma-5-stora-lador-stal-upp-till-150-kg-69-x-33-x-75-cm-rod-2\/","url":"https:\/\/truusk.store\/sv\/produkt\/truusk-verktygsvagn-2-sma-5-stora-lador-stal-upp-till-150-kg-69-x-33-x-75-cm-rod-2\/","name":"TRUUSK Verktygsvagn - 2 Sm\u00e5 &amp; 5 Stora L\u00e5dor - St\u00e5l - Upp Till 150 Kg - 69 X 33 X 75 Cm - R\u00f6d - TRUUSK - Hem, Tr\u00e4dg\u00e5rd &amp; Fritid","isPartOf":{"@id":"https:\/\/truusk.store\/sv\/#website"},"primaryImageOfPage":{"@id":"https:\/\/truusk.store\/sv\/produkt\/truusk-verktygsvagn-2-sma-5-stora-lador-stal-upp-till-150-kg-69-x-33-x-75-cm-rod-2\/#primaryimage"},"image":{"@id":"https:\/\/truusk.store\/sv\/produkt\/truusk-verktygsvagn-2-sma-5-stora-lador-stal-upp-till-150-kg-69-x-33-x-75-cm-rod-2\/#primaryimage"},"thumbnailUrl":"https:\/\/i0.wp.com\/truusk.store\/wp-content\/uploads\/2026\/02\/verktygsvagn-2-sma-5-stora-lador-stal-upp-till-150-kg-69-x-33-x-75-cm-rod-1.webp?fit=2000%2C2000&ssl=1","datePublished":"2026-02-24T03:43:30+00:00","dateModified":"2026-03-12T08:31:25+00:00","breadcrumb":{"@id":"https:\/\/truusk.store\/sv\/produkt\/truusk-verktygsvagn-2-sma-5-stora-lador-stal-upp-till-150-kg-69-x-33-x-75-cm-rod-2\/#breadcrumb"},"inLanguage":"sv-SE","potentialAction":[{"@type":"ReadAction","target":["https:\/\/truusk.store\/sv\/produkt\/truusk-verktygsvagn-2-sma-5-stora-lador-stal-upp-till-150-kg-69-x-33-x-75-cm-rod-2\/"]}]},{"@type":"ImageObject","inLanguage":"sv-SE","@id":"https:\/\/truusk.store\/sv\/produkt\/truusk-verktygsvagn-2-sma-5-stora-lador-stal-upp-till-150-kg-69-x-33-x-75-cm-rod-2\/#primaryimage","url":"https:\/\/i0.wp.com\/truusk.store\/wp-content\/uploads\/2026\/02\/verktygsvagn-2-sma-5-stora-lador-stal-upp-till-150-kg-69-x-33-x-75-cm-rod-1.webp?fit=2000%2C2000&ssl=1","contentUrl":"https:\/\/i0.wp.com\/truusk.store\/wp-content\/uploads\/2026\/02\/verktygsvagn-2-sma-5-stora-lador-stal-upp-till-150-kg-69-x-33-x-75-cm-rod-1.webp?fit=2000%2C2000&ssl=1","width":2000,"height":2000},{"@type":"BreadcrumbList","@id":"https:\/\/truusk.store\/sv\/produkt\/truusk-verktygsvagn-2-sma-5-stora-lador-stal-upp-till-150-kg-69-x-33-x-75-cm-rod-2\/#breadcrumb","itemListElement":[{"@type":"ListItem","position":1,"name":"Home","item":"https:\/\/truusk.store\/sv\/"},{"@type":"ListItem","position":2,"name":"Shop","item":"https:\/\/truusk.store\/shop\/"},{"@type":"ListItem","position":3,"name":"TRUUSK Verktygsvagn &#8211; 2 Sm\u00e5 &amp; 5 Stora L\u00e5dor &#8211; St\u00e5l &#8211; Upp Till 150 Kg &#8211; 69 X 33 X 75 Cm &#8211; R\u00f6d"}]},{"@type":"WebSite","@id":"https:\/\/truusk.store\/sv\/#website","url":"https:\/\/truusk.store\/sv\/","name":"TRUUSK - Hem, Tr\u00e4dg\u00e5rd & Fritid","description":"","publisher":{"@id":"https:\/\/truusk.store\/sv\/#organization"},"potentialAction":[{"@type":"SearchAction","target":{"@type":"EntryPoint","urlTemplate":"https:\/\/truusk.store\/sv\/?s={search_term_string}"},"query-input":{"@type":"PropertyValueSpecification","valueRequired":true,"valueName":"search_term_string"}}],"inLanguage":"sv-SE"},{"@type":"Organization","@id":"https:\/\/truusk.store\/sv\/#organization","name":"TRUUSK - Hem, Tr\u00e4dg\u00e5rd & Fritid","url":"https:\/\/truusk.store\/sv\/","logo":{"@type":"ImageObject","inLanguage":"sv-SE","@id":"https:\/\/truusk.store\/sv\/#\/schema\/logo\/image\/","url":"https:\/\/i0.wp.com\/truusk.store\/wp-content\/uploads\/2026\/03\/cropped-TRUUSK.png?fit=2032%2C917&ssl=1","contentUrl":"https:\/\/i0.wp.com\/truusk.store\/wp-content\/uploads\/2026\/03\/cropped-TRUUSK.png?fit=2032%2C917&ssl=1","width":2032,"height":917,"caption":"TRUUSK - Hem, Tr\u00e4dg\u00e5rd & Fritid"},"image":{"@id":"https:\/\/truusk.store\/sv\/#\/schema\/logo\/image\/"}}]}},"jetpack_sharing_enabled":true,"_links":{"self":[{"href":"https:\/\/truusk.store\/sv\/wp-json\/wp\/v2\/product\/104890","targetHints":{"allow":["GET"]}}],"collection":[{"href":"https:\/\/truusk.store\/sv\/wp-json\/wp\/v2\/product"}],"about":[{"href":"https:\/\/truusk.store\/sv\/wp-json\/wp\/v2\/types\/product"}],"wp:featuredmedia":[{"embeddable":true,"href":"https:\/\/truusk.store\/sv\/wp-json\/wp\/v2\/media\/104876"}],"wp:attachment":[{"href":"https:\/\/truusk.store\/sv\/wp-json\/wp\/v2\/media?parent=104890"}],"wp:term":[{"taxonomy":"product_brand","embeddable":true,"href":"https:\/\/truusk.store\/sv\/wp-json\/wp\/v2\/product_brand?post=104890"},{"taxonomy":"product_cat","embeddable":true,"href":"https:\/\/truusk.store\/sv\/wp-json\/wp\/v2\/product_cat?post=104890"},{"taxonomy":"product_tag","embeddable":true,"href":"https:\/\/truusk.store\/sv\/wp-json\/wp\/v2\/product_tag?post=104890"}],"curies":[{"name":"wp","href":"https:\/\/api.w.org\/{rel}","templated":true}]}}