{"id":104915,"date":"2026-02-24T04:49:30","date_gmt":"2026-02-24T03:49:30","guid":{"rendered":"https:\/\/truusk.store\/product\/mini-torktumlare-4-kg-med-4-program-2-varmesteg-sterilisering-upp-till-65%e2%84%83-850w-for-klader\/"},"modified":"2026-03-12T09:34:25","modified_gmt":"2026-03-12T08:34:25","slug":"truusk-mini-torktumlare-4-kg-4-program-2-varmesteg-sterilisering-upp-till-65%e2%84%83-850w-for-klader","status":"publish","type":"product","link":"https:\/\/truusk.store\/sv\/produkt\/truusk-mini-torktumlare-4-kg-4-program-2-varmesteg-sterilisering-upp-till-65%e2%84%83-850w-for-klader\/","title":{"rendered":"TRUUSK Mini Torktumlare 4 kg &#8211; 4 Program &#8211; 2 V\u00e4rmesteg &#8211; Sterilisering Upp Till 65\u2103 &#8211; 850W &#8211; F\u00f6r Kl\u00e4der"},"content":{"rendered":"<p>Njut av snabb och bekv\u00e4m torkning med den kompakta, kraftfulla [BRAND NAME]-torken. Torktumlarens 360\u00b0 turbo-trumma och PTC-keramikv\u00e4rme garanterar j\u00e4mn torkning f\u00f6r fr\u00e4sch, behaglig kl\u00e4dsel. Platsbesparande f\u00f6r montering p\u00e5 v\u00e4ggen eller flexibelt f\u00f6r frittst\u00e5ende anv\u00e4ndning. V\u00e4lj mellan flera torkl\u00e4gen &#8211; stark v\u00e4rme f\u00f6r vardagstv\u00e4tt eller milda inst\u00e4llningar f\u00f6r k\u00e4nsliga tyger &#8211; f\u00f6r perfekta resultat.<\/p>\n<p>Beskrivning:<\/p>\n<ul>\n<li> 360\u00b0 turbo-trumma f\u00f6r j\u00e4mn torkning<\/li>\n<li> PTC-keramikv\u00e4rme i torktumlaren f\u00f6r stabil v\u00e4rmef\u00f6rdelning<\/li>\n<li> St\u00f6djer 4 kg v\u00e5t \/ 2,5 kg torr tv\u00e4tt<\/li>\n<li> V\u00e4ggmontering eller frittst\u00e5ende design<\/li>\n<li> Flera torkl\u00e4gen i torkmaskinen f\u00f6r olika tyger<\/li>\n<li> Dualt filtersystem p\u00e5 framsidan och baksidan<\/li>\n<li> D\u00f6rr-p\u00e5-auto-stopp f\u00f6r s\u00e4kerhet<\/li>\n<li> Kompakt 33L-trumma, idealisk f\u00f6r sm\u00e5 utrymmen<\/li>\n<\/ul>\n<p> Tekniska data:<\/p>\n<ul>\n<li> F\u00e4rg: Vit<\/li>\n<li> Material: Rostfritt st\u00e5l, kallvalsat st\u00e5l, plast<\/li>\n<li> Totala dimensioner: 49L x 40,5B x 60H cm<\/li>\n<li> Trumdimensioner: \u00d846 x 25,4 cm<\/li>\n<li> Ber\u00e4knad energif\u00f6rbrukning: (\u00e5rligen) 197 kWh<\/li>\n<li> Ljudniv\u00e5: 57 dB<\/li>\n<li> Sp\u00e4nning: AC 230V 50Hz<\/li>\n<li> Effekt: 850W<\/li>\n<li> Kabell\u00e4ngd: 1,5 m<\/li>\n<li> Obs: F\u00f6r snabbare torkning, ladda inte mer \u00e4n 2,5 kg kl\u00e4der samtidigt<\/li>\n<\/ul>\n<p>Leveransinneh\u00e5ll:<\/p>\n<ul>\n<li> 1 x B\u00e4rbar torktumlare<\/li>\n<li> 1 x Avgasanslutning<\/li>\n<li> 4 x Monteringsf\u00e4sten<\/li>\n<li> 8 x Skruvar<\/li>\n<li> 1 x Monteringsanvisning<\/li>\n<\/ul>\n","protected":false},"excerpt":{"rendered":"<p>Njut av snabb och bekv\u00e4m torkning med den kompakta, kraftfulla [BRAND NAME]-torken. Torktumlarens 360\u00b0 turbo-trumma och PTC-keramikv\u00e4rme garanterar j\u00e4mn torkning&#8230;<\/p>\n","protected":false},"featured_media":104906,"template":"","meta":[],"product_brand":[],"product_cat":[871,498,500],"product_tag":[],"class_list":{"0":"post-104915","1":"product","2":"type-product","3":"status-publish","4":"has-post-thumbnail","6":"product_cat-hus-hem","7":"product_cat-hushallsapparater","8":"product_cat-tvattvard","10":"first","11":"instock","12":"sale","13":"taxable","14":"shipping-taxable","15":"purchasable","16":"product-type-simple"},"yoast_head":"<!-- This site is optimized with the Yoast SEO plugin v25.4 - https:\/\/yoast.com\/wordpress\/plugins\/seo\/ -->\n<title>TRUUSK Mini Torktumlare 4 kg - 4 Program - 2 V\u00e4rmesteg - Sterilisering Upp Till 65\u2103 - 850W - F\u00f6r Kl\u00e4der - TRUUSK - Hem, Tr\u00e4dg\u00e5rd &amp; Fritid<\/title>\n<meta name=\"robots\" content=\"index, follow, max-snippet:-1, max-image-preview:large, max-video-preview:-1\" \/>\n<link rel=\"canonical\" href=\"https:\/\/truusk.store\/sv\/produkt\/truusk-mini-torktumlare-4-kg-4-program-2-varmesteg-sterilisering-upp-till-65%e2%84%83-850w-for-klader\/\" \/>\n<meta property=\"og:locale\" content=\"sv_SE\" \/>\n<meta property=\"og:type\" content=\"article\" \/>\n<meta property=\"og:title\" content=\"TRUUSK Mini Torktumlare 4 kg - 4 Program - 2 V\u00e4rmesteg - Sterilisering Upp Till 65\u2103 - 850W - F\u00f6r Kl\u00e4der - TRUUSK - Hem, Tr\u00e4dg\u00e5rd &amp; Fritid\" \/>\n<meta property=\"og:description\" content=\"Njut av snabb och bekv\u00e4m torkning med den kompakta, kraftfulla [BRAND NAME]-torken. Torktumlarens 360\u00b0 turbo-trumma och PTC-keramikv\u00e4rme garanterar j\u00e4mn torkning...\" \/>\n<meta property=\"og:url\" content=\"https:\/\/truusk.store\/sv\/produkt\/truusk-mini-torktumlare-4-kg-4-program-2-varmesteg-sterilisering-upp-till-65%e2%84%83-850w-for-klader\/\" \/>\n<meta property=\"og:site_name\" content=\"TRUUSK - Hem, Tr\u00e4dg\u00e5rd &amp; Fritid\" \/>\n<meta property=\"article:modified_time\" content=\"2026-03-12T08:34:25+00:00\" \/>\n<meta property=\"og:image\" content=\"https:\/\/i0.wp.com\/truusk.se\/wp-content\/uploads\/2026\/02\/mini-torktumlare-4-kg-med-4-program-2-varmesteg-sterilisering-upp-till-65e28483-850w-for-klader-1.webp?fit=2000%2C2000&ssl=1\" \/>\n\t<meta property=\"og:image:width\" content=\"2000\" \/>\n\t<meta property=\"og:image:height\" content=\"2000\" \/>\n\t<meta property=\"og:image:type\" content=\"image\/webp\" \/>\n<meta name=\"twitter:card\" content=\"summary_large_image\" \/>\n<meta name=\"twitter:label1\" content=\"Ber\u00e4knad l\u00e4stid\" \/>\n\t<meta name=\"twitter:data1\" content=\"1 minut\" \/>\n<!-- \/ Yoast SEO plugin. -->","yoast_head_json":{"title":"TRUUSK Mini Torktumlare 4 kg - 4 Program - 2 V\u00e4rmesteg - Sterilisering Upp Till 65\u2103 - 850W - F\u00f6r Kl\u00e4der - TRUUSK - Hem, Tr\u00e4dg\u00e5rd &amp; Fritid","robots":{"index":"index","follow":"follow","max-snippet":"max-snippet:-1","max-image-preview":"max-image-preview:large","max-video-preview":"max-video-preview:-1"},"canonical":"https:\/\/truusk.store\/sv\/produkt\/truusk-mini-torktumlare-4-kg-4-program-2-varmesteg-sterilisering-upp-till-65%e2%84%83-850w-for-klader\/","og_locale":"sv_SE","og_type":"article","og_title":"TRUUSK Mini Torktumlare 4 kg - 4 Program - 2 V\u00e4rmesteg - Sterilisering Upp Till 65\u2103 - 850W - F\u00f6r Kl\u00e4der - TRUUSK - Hem, Tr\u00e4dg\u00e5rd &amp; Fritid","og_description":"Njut av snabb och bekv\u00e4m torkning med den kompakta, kraftfulla [BRAND NAME]-torken. Torktumlarens 360\u00b0 turbo-trumma och PTC-keramikv\u00e4rme garanterar j\u00e4mn torkning...","og_url":"https:\/\/truusk.store\/sv\/produkt\/truusk-mini-torktumlare-4-kg-4-program-2-varmesteg-sterilisering-upp-till-65%e2%84%83-850w-for-klader\/","og_site_name":"TRUUSK - Hem, Tr\u00e4dg\u00e5rd &amp; Fritid","article_modified_time":"2026-03-12T08:34:25+00:00","og_image":[{"width":2000,"height":2000,"url":"https:\/\/i0.wp.com\/truusk.se\/wp-content\/uploads\/2026\/02\/mini-torktumlare-4-kg-med-4-program-2-varmesteg-sterilisering-upp-till-65e28483-850w-for-klader-1.webp?fit=2000%2C2000&ssl=1","type":"image\/webp"}],"twitter_card":"summary_large_image","twitter_misc":{"Ber\u00e4knad l\u00e4stid":"1 minut"},"schema":{"@context":"https:\/\/schema.org","@graph":[{"@type":"WebPage","@id":"https:\/\/truusk.store\/sv\/produkt\/truusk-mini-torktumlare-4-kg-4-program-2-varmesteg-sterilisering-upp-till-65%e2%84%83-850w-for-klader\/","url":"https:\/\/truusk.store\/sv\/produkt\/truusk-mini-torktumlare-4-kg-4-program-2-varmesteg-sterilisering-upp-till-65%e2%84%83-850w-for-klader\/","name":"TRUUSK Mini Torktumlare 4 kg - 4 Program - 2 V\u00e4rmesteg - Sterilisering Upp Till 65\u2103 - 850W - F\u00f6r Kl\u00e4der - TRUUSK - Hem, Tr\u00e4dg\u00e5rd &amp; Fritid","isPartOf":{"@id":"https:\/\/truusk.store\/sv\/#website"},"primaryImageOfPage":{"@id":"https:\/\/truusk.store\/sv\/produkt\/truusk-mini-torktumlare-4-kg-4-program-2-varmesteg-sterilisering-upp-till-65%e2%84%83-850w-for-klader\/#primaryimage"},"image":{"@id":"https:\/\/truusk.store\/sv\/produkt\/truusk-mini-torktumlare-4-kg-4-program-2-varmesteg-sterilisering-upp-till-65%e2%84%83-850w-for-klader\/#primaryimage"},"thumbnailUrl":"https:\/\/i0.wp.com\/truusk.store\/wp-content\/uploads\/2026\/02\/mini-torktumlare-4-kg-med-4-program-2-varmesteg-sterilisering-upp-till-65e28483-850w-for-klader-1.webp?fit=2000%2C2000&ssl=1","datePublished":"2026-02-24T03:49:30+00:00","dateModified":"2026-03-12T08:34:25+00:00","breadcrumb":{"@id":"https:\/\/truusk.store\/sv\/produkt\/truusk-mini-torktumlare-4-kg-4-program-2-varmesteg-sterilisering-upp-till-65%e2%84%83-850w-for-klader\/#breadcrumb"},"inLanguage":"sv-SE","potentialAction":[{"@type":"ReadAction","target":["https:\/\/truusk.store\/sv\/produkt\/truusk-mini-torktumlare-4-kg-4-program-2-varmesteg-sterilisering-upp-till-65%e2%84%83-850w-for-klader\/"]}]},{"@type":"ImageObject","inLanguage":"sv-SE","@id":"https:\/\/truusk.store\/sv\/produkt\/truusk-mini-torktumlare-4-kg-4-program-2-varmesteg-sterilisering-upp-till-65%e2%84%83-850w-for-klader\/#primaryimage","url":"https:\/\/i0.wp.com\/truusk.store\/wp-content\/uploads\/2026\/02\/mini-torktumlare-4-kg-med-4-program-2-varmesteg-sterilisering-upp-till-65e28483-850w-for-klader-1.webp?fit=2000%2C2000&ssl=1","contentUrl":"https:\/\/i0.wp.com\/truusk.store\/wp-content\/uploads\/2026\/02\/mini-torktumlare-4-kg-med-4-program-2-varmesteg-sterilisering-upp-till-65e28483-850w-for-klader-1.webp?fit=2000%2C2000&ssl=1","width":2000,"height":2000},{"@type":"BreadcrumbList","@id":"https:\/\/truusk.store\/sv\/produkt\/truusk-mini-torktumlare-4-kg-4-program-2-varmesteg-sterilisering-upp-till-65%e2%84%83-850w-for-klader\/#breadcrumb","itemListElement":[{"@type":"ListItem","position":1,"name":"Home","item":"https:\/\/truusk.store\/sv\/"},{"@type":"ListItem","position":2,"name":"Shop","item":"https:\/\/truusk.store\/shop\/"},{"@type":"ListItem","position":3,"name":"TRUUSK Mini Torktumlare 4 kg &#8211; 4 Program &#8211; 2 V\u00e4rmesteg &#8211; Sterilisering Upp Till 65\u2103 &#8211; 850W &#8211; F\u00f6r Kl\u00e4der"}]},{"@type":"WebSite","@id":"https:\/\/truusk.store\/sv\/#website","url":"https:\/\/truusk.store\/sv\/","name":"TRUUSK - Hem, Tr\u00e4dg\u00e5rd & Fritid","description":"","publisher":{"@id":"https:\/\/truusk.store\/sv\/#organization"},"potentialAction":[{"@type":"SearchAction","target":{"@type":"EntryPoint","urlTemplate":"https:\/\/truusk.store\/sv\/?s={search_term_string}"},"query-input":{"@type":"PropertyValueSpecification","valueRequired":true,"valueName":"search_term_string"}}],"inLanguage":"sv-SE"},{"@type":"Organization","@id":"https:\/\/truusk.store\/sv\/#organization","name":"TRUUSK - Hem, Tr\u00e4dg\u00e5rd & Fritid","url":"https:\/\/truusk.store\/sv\/","logo":{"@type":"ImageObject","inLanguage":"sv-SE","@id":"https:\/\/truusk.store\/sv\/#\/schema\/logo\/image\/","url":"https:\/\/i0.wp.com\/truusk.store\/wp-content\/uploads\/2026\/03\/cropped-TRUUSK.png?fit=2032%2C917&ssl=1","contentUrl":"https:\/\/i0.wp.com\/truusk.store\/wp-content\/uploads\/2026\/03\/cropped-TRUUSK.png?fit=2032%2C917&ssl=1","width":2032,"height":917,"caption":"TRUUSK - Hem, Tr\u00e4dg\u00e5rd & Fritid"},"image":{"@id":"https:\/\/truusk.store\/sv\/#\/schema\/logo\/image\/"}}]}},"jetpack_sharing_enabled":true,"_links":{"self":[{"href":"https:\/\/truusk.store\/sv\/wp-json\/wp\/v2\/product\/104915","targetHints":{"allow":["GET"]}}],"collection":[{"href":"https:\/\/truusk.store\/sv\/wp-json\/wp\/v2\/product"}],"about":[{"href":"https:\/\/truusk.store\/sv\/wp-json\/wp\/v2\/types\/product"}],"wp:featuredmedia":[{"embeddable":true,"href":"https:\/\/truusk.store\/sv\/wp-json\/wp\/v2\/media\/104906"}],"wp:attachment":[{"href":"https:\/\/truusk.store\/sv\/wp-json\/wp\/v2\/media?parent=104915"}],"wp:term":[{"taxonomy":"product_brand","embeddable":true,"href":"https:\/\/truusk.store\/sv\/wp-json\/wp\/v2\/product_brand?post=104915"},{"taxonomy":"product_cat","embeddable":true,"href":"https:\/\/truusk.store\/sv\/wp-json\/wp\/v2\/product_cat?post=104915"},{"taxonomy":"product_tag","embeddable":true,"href":"https:\/\/truusk.store\/sv\/wp-json\/wp\/v2\/product_tag?post=104915"}],"curies":[{"name":"wp","href":"https:\/\/api.w.org\/{rel}","templated":true}]}}