{"id":104925,"date":"2026-02-24T04:50:48","date_gmt":"2026-02-24T03:50:48","guid":{"rendered":"https:\/\/truusk.store\/product\/valplopning-12-delad-valputlopp-vikbar-med-2-dorrar-12-gallerplattor-stal-varje-80x100-cm-gra\/"},"modified":"2026-03-12T09:35:24","modified_gmt":"2026-03-12T08:35:24","slug":"truusk-valplopning-med-12-gallerplattor-vikbar-med-2-dorrar-stal-80x100-cm-gra","status":"publish","type":"product","link":"https:\/\/truusk.store\/sv\/produkt\/truusk-valplopning-med-12-gallerplattor-vikbar-med-2-dorrar-stal-80x100-cm-gra\/","title":{"rendered":"TRUUSK Valpl\u00f6pning med 12 gallerplattor &#8211; Vikbar med 2 d\u00f6rrar &#8211; St\u00e5l &#8211; 80&#215;100 cm &#8211; Gr\u00e5"},"content":{"rendered":"<p>Denna [BRAND NAME] hundg\u00e5rd \u00f6vertygar b\u00e5de inomhus och utomhus. \u00c4ven de mest aktiva fyrbenta v\u00e4nner \u00e4r i goda h\u00e4nder tack vare dess robusta konstruktion och anpassningsbara formgivning. Resultatet? Valphagen uppn\u00e5r b\u00e4ttre fysisk och mental h\u00e4lsa f\u00f6r dina sm\u00e5 skyddslingar och en tydlig avgr\u00e4nsning fr\u00e5n potentiellt farliga. Ge dina valpar ett skyddat lek- och viloomr\u00e5de d\u00e4r de kan l\u00e4ra k\u00e4nna v\u00e4rlden l\u00e5ngsamt och f\u00f6rsiktigt.<\/p>\n<p>Beskrivning:<\/p>\n<ul>\n<li> Lekg\u00e5rd best\u00e5ende av 12 v\u00e4ggelement, som kan st\u00e4llas upp i en rektangel, kvadrat, L-form eller andra former<\/li>\n<li> Kan ocks\u00e5 anv\u00e4ndas separat som tv\u00e5 hagar<\/li>\n<li> En utm\u00e4rkt lekplats f\u00f6r det frig\u00e5ende omr\u00e5det, som samtidigt fungerar som en rumsavdelare<\/li>\n<li> Tv\u00e5 d\u00f6rrar p\u00e5 valphagen med l\u00e5s f\u00f6r enkel in- och utg\u00e5ng<\/li>\n<li> Tillverkad av st\u00e5lram och st\u00e5ltr\u00e5d<\/li>\n<li> Med jordspett f\u00f6r stabilitet<\/li>\n<li> L\u00e4mplig f\u00f6r stora, medelstora och sm\u00e5 hundar med en axelh\u00f6jd p\u00e5 upp till 60 cm<\/li>\n<li> Enkel montering<\/li>\n<\/ul>\n<p> Tekniska data:<\/p>\n<ul>\n<li> F\u00e4rg: Gr\u00e5<\/li>\n<li> Material: St\u00e5l<\/li>\n<li> Totala dimensioner: Kvadratform: 240L x 240B x 100H m. Rektangul\u00e4r form: 320L x 160B x 100H cm<\/li>\n<li> V\u00e4ggelementdimensioner: 80L x 1,5B x 100H cm<\/li>\n<li> D\u00f6rrm\u00e5tt: 38B x 61,5H cm<\/li>\n<li> Hopf\u00e4llbart m\u00e5tt: 100L x 82B x 18H cm<\/li>\n<li> Jordspettens dimensioner: \u00d80,5 x 110H cm<\/li>\n<li> Tr\u00e5davst\u00e5nd: 5,5L x 20B cm<\/li>\n<\/ul>\n<p>Leveransinneh\u00e5ll:<\/p>\n<ul>\n<li> 1 x hage<\/li>\n<li> 12 x kopplingselement<\/li>\n<li> 1 x monteringsanvisning<\/li>\n<li>Viktigt: Vi levererar artikeln till dig kostnadsfritt till trottoarkanten. Var v\u00e4nlig och se till att adressen och telefonnumret \u00e4r korrekt..<\/li>\n<\/ul>\n","protected":false},"excerpt":{"rendered":"<p>Denna [BRAND NAME] hundg\u00e5rd \u00f6vertygar b\u00e5de inomhus och utomhus. \u00c4ven de mest aktiva fyrbenta v\u00e4nner \u00e4r i goda h\u00e4nder tack&#8230;<\/p>\n","protected":false},"featured_media":104916,"template":"","meta":[],"product_brand":[],"product_cat":[878,597,1059],"product_tag":[],"class_list":{"0":"post-104925","1":"product","2":"type-product","3":"status-publish","4":"has-post-thumbnail","6":"product_cat-djurbehov","7":"product_cat-sma-djurtillbehor","8":"product_cat-utomhusinhagnad","10":"first","11":"instock","12":"sale","13":"taxable","14":"shipping-taxable","15":"purchasable","16":"product-type-simple"},"yoast_head":"<!-- This site is optimized with the Yoast SEO plugin v25.4 - https:\/\/yoast.com\/wordpress\/plugins\/seo\/ -->\n<title>TRUUSK Valpl\u00f6pning med 12 gallerplattor - Vikbar med 2 d\u00f6rrar - St\u00e5l - 80x100 cm - Gr\u00e5 - TRUUSK - Hem, Tr\u00e4dg\u00e5rd &amp; Fritid<\/title>\n<meta name=\"robots\" content=\"index, follow, max-snippet:-1, max-image-preview:large, max-video-preview:-1\" \/>\n<link rel=\"canonical\" href=\"https:\/\/truusk.store\/sv\/produkt\/truusk-valplopning-med-12-gallerplattor-vikbar-med-2-dorrar-stal-80x100-cm-gra\/\" \/>\n<meta property=\"og:locale\" content=\"sv_SE\" \/>\n<meta property=\"og:type\" content=\"article\" \/>\n<meta property=\"og:title\" content=\"TRUUSK Valpl\u00f6pning med 12 gallerplattor - Vikbar med 2 d\u00f6rrar - St\u00e5l - 80x100 cm - Gr\u00e5 - TRUUSK - Hem, Tr\u00e4dg\u00e5rd &amp; Fritid\" \/>\n<meta property=\"og:description\" content=\"Denna [BRAND NAME] hundg\u00e5rd \u00f6vertygar b\u00e5de inomhus och utomhus. \u00c4ven de mest aktiva fyrbenta v\u00e4nner \u00e4r i goda h\u00e4nder tack...\" \/>\n<meta property=\"og:url\" content=\"https:\/\/truusk.store\/sv\/produkt\/truusk-valplopning-med-12-gallerplattor-vikbar-med-2-dorrar-stal-80x100-cm-gra\/\" \/>\n<meta property=\"og:site_name\" content=\"TRUUSK - Hem, Tr\u00e4dg\u00e5rd &amp; Fritid\" \/>\n<meta property=\"article:modified_time\" content=\"2026-03-12T08:35:24+00:00\" \/>\n<meta property=\"og:image\" content=\"https:\/\/i0.wp.com\/truusk.se\/wp-content\/uploads\/2026\/02\/valplopning-12-delad-valputlopp-vikbar-med-2-dorrar-12-gallerplattor-stal-varje-80x100-cm-gra-1.webp?fit=2000%2C2000&ssl=1\" \/>\n\t<meta property=\"og:image:width\" content=\"2000\" \/>\n\t<meta property=\"og:image:height\" content=\"2000\" \/>\n\t<meta property=\"og:image:type\" content=\"image\/webp\" \/>\n<meta name=\"twitter:card\" content=\"summary_large_image\" \/>\n<meta name=\"twitter:label1\" content=\"Ber\u00e4knad l\u00e4stid\" \/>\n\t<meta name=\"twitter:data1\" content=\"1 minut\" \/>\n<!-- \/ Yoast SEO plugin. -->","yoast_head_json":{"title":"TRUUSK Valpl\u00f6pning med 12 gallerplattor - Vikbar med 2 d\u00f6rrar - St\u00e5l - 80x100 cm - Gr\u00e5 - TRUUSK - Hem, Tr\u00e4dg\u00e5rd &amp; Fritid","robots":{"index":"index","follow":"follow","max-snippet":"max-snippet:-1","max-image-preview":"max-image-preview:large","max-video-preview":"max-video-preview:-1"},"canonical":"https:\/\/truusk.store\/sv\/produkt\/truusk-valplopning-med-12-gallerplattor-vikbar-med-2-dorrar-stal-80x100-cm-gra\/","og_locale":"sv_SE","og_type":"article","og_title":"TRUUSK Valpl\u00f6pning med 12 gallerplattor - Vikbar med 2 d\u00f6rrar - St\u00e5l - 80x100 cm - Gr\u00e5 - TRUUSK - Hem, Tr\u00e4dg\u00e5rd &amp; Fritid","og_description":"Denna [BRAND NAME] hundg\u00e5rd \u00f6vertygar b\u00e5de inomhus och utomhus. \u00c4ven de mest aktiva fyrbenta v\u00e4nner \u00e4r i goda h\u00e4nder tack...","og_url":"https:\/\/truusk.store\/sv\/produkt\/truusk-valplopning-med-12-gallerplattor-vikbar-med-2-dorrar-stal-80x100-cm-gra\/","og_site_name":"TRUUSK - Hem, Tr\u00e4dg\u00e5rd &amp; Fritid","article_modified_time":"2026-03-12T08:35:24+00:00","og_image":[{"width":2000,"height":2000,"url":"https:\/\/i0.wp.com\/truusk.se\/wp-content\/uploads\/2026\/02\/valplopning-12-delad-valputlopp-vikbar-med-2-dorrar-12-gallerplattor-stal-varje-80x100-cm-gra-1.webp?fit=2000%2C2000&ssl=1","type":"image\/webp"}],"twitter_card":"summary_large_image","twitter_misc":{"Ber\u00e4knad l\u00e4stid":"1 minut"},"schema":{"@context":"https:\/\/schema.org","@graph":[{"@type":"WebPage","@id":"https:\/\/truusk.store\/sv\/produkt\/truusk-valplopning-med-12-gallerplattor-vikbar-med-2-dorrar-stal-80x100-cm-gra\/","url":"https:\/\/truusk.store\/sv\/produkt\/truusk-valplopning-med-12-gallerplattor-vikbar-med-2-dorrar-stal-80x100-cm-gra\/","name":"TRUUSK Valpl\u00f6pning med 12 gallerplattor - Vikbar med 2 d\u00f6rrar - St\u00e5l - 80x100 cm - Gr\u00e5 - TRUUSK - Hem, Tr\u00e4dg\u00e5rd &amp; Fritid","isPartOf":{"@id":"https:\/\/truusk.store\/sv\/#website"},"primaryImageOfPage":{"@id":"https:\/\/truusk.store\/sv\/produkt\/truusk-valplopning-med-12-gallerplattor-vikbar-med-2-dorrar-stal-80x100-cm-gra\/#primaryimage"},"image":{"@id":"https:\/\/truusk.store\/sv\/produkt\/truusk-valplopning-med-12-gallerplattor-vikbar-med-2-dorrar-stal-80x100-cm-gra\/#primaryimage"},"thumbnailUrl":"https:\/\/i0.wp.com\/truusk.store\/wp-content\/uploads\/2026\/02\/valplopning-12-delad-valputlopp-vikbar-med-2-dorrar-12-gallerplattor-stal-varje-80x100-cm-gra-1.webp?fit=2000%2C2000&ssl=1","datePublished":"2026-02-24T03:50:48+00:00","dateModified":"2026-03-12T08:35:24+00:00","breadcrumb":{"@id":"https:\/\/truusk.store\/sv\/produkt\/truusk-valplopning-med-12-gallerplattor-vikbar-med-2-dorrar-stal-80x100-cm-gra\/#breadcrumb"},"inLanguage":"sv-SE","potentialAction":[{"@type":"ReadAction","target":["https:\/\/truusk.store\/sv\/produkt\/truusk-valplopning-med-12-gallerplattor-vikbar-med-2-dorrar-stal-80x100-cm-gra\/"]}]},{"@type":"ImageObject","inLanguage":"sv-SE","@id":"https:\/\/truusk.store\/sv\/produkt\/truusk-valplopning-med-12-gallerplattor-vikbar-med-2-dorrar-stal-80x100-cm-gra\/#primaryimage","url":"https:\/\/i0.wp.com\/truusk.store\/wp-content\/uploads\/2026\/02\/valplopning-12-delad-valputlopp-vikbar-med-2-dorrar-12-gallerplattor-stal-varje-80x100-cm-gra-1.webp?fit=2000%2C2000&ssl=1","contentUrl":"https:\/\/i0.wp.com\/truusk.store\/wp-content\/uploads\/2026\/02\/valplopning-12-delad-valputlopp-vikbar-med-2-dorrar-12-gallerplattor-stal-varje-80x100-cm-gra-1.webp?fit=2000%2C2000&ssl=1","width":2000,"height":2000},{"@type":"BreadcrumbList","@id":"https:\/\/truusk.store\/sv\/produkt\/truusk-valplopning-med-12-gallerplattor-vikbar-med-2-dorrar-stal-80x100-cm-gra\/#breadcrumb","itemListElement":[{"@type":"ListItem","position":1,"name":"Home","item":"https:\/\/truusk.store\/sv\/"},{"@type":"ListItem","position":2,"name":"Shop","item":"https:\/\/truusk.store\/shop\/"},{"@type":"ListItem","position":3,"name":"TRUUSK Valpl\u00f6pning med 12 gallerplattor &#8211; Vikbar med 2 d\u00f6rrar &#8211; St\u00e5l &#8211; 80&#215;100 cm &#8211; Gr\u00e5"}]},{"@type":"WebSite","@id":"https:\/\/truusk.store\/sv\/#website","url":"https:\/\/truusk.store\/sv\/","name":"TRUUSK - Hem, Tr\u00e4dg\u00e5rd & Fritid","description":"","publisher":{"@id":"https:\/\/truusk.store\/sv\/#organization"},"potentialAction":[{"@type":"SearchAction","target":{"@type":"EntryPoint","urlTemplate":"https:\/\/truusk.store\/sv\/?s={search_term_string}"},"query-input":{"@type":"PropertyValueSpecification","valueRequired":true,"valueName":"search_term_string"}}],"inLanguage":"sv-SE"},{"@type":"Organization","@id":"https:\/\/truusk.store\/sv\/#organization","name":"TRUUSK - Hem, Tr\u00e4dg\u00e5rd & Fritid","url":"https:\/\/truusk.store\/sv\/","logo":{"@type":"ImageObject","inLanguage":"sv-SE","@id":"https:\/\/truusk.store\/sv\/#\/schema\/logo\/image\/","url":"https:\/\/i0.wp.com\/truusk.store\/wp-content\/uploads\/2026\/03\/cropped-TRUUSK.png?fit=2032%2C917&ssl=1","contentUrl":"https:\/\/i0.wp.com\/truusk.store\/wp-content\/uploads\/2026\/03\/cropped-TRUUSK.png?fit=2032%2C917&ssl=1","width":2032,"height":917,"caption":"TRUUSK - Hem, Tr\u00e4dg\u00e5rd & Fritid"},"image":{"@id":"https:\/\/truusk.store\/sv\/#\/schema\/logo\/image\/"}}]}},"jetpack_sharing_enabled":true,"_links":{"self":[{"href":"https:\/\/truusk.store\/sv\/wp-json\/wp\/v2\/product\/104925","targetHints":{"allow":["GET"]}}],"collection":[{"href":"https:\/\/truusk.store\/sv\/wp-json\/wp\/v2\/product"}],"about":[{"href":"https:\/\/truusk.store\/sv\/wp-json\/wp\/v2\/types\/product"}],"wp:featuredmedia":[{"embeddable":true,"href":"https:\/\/truusk.store\/sv\/wp-json\/wp\/v2\/media\/104916"}],"wp:attachment":[{"href":"https:\/\/truusk.store\/sv\/wp-json\/wp\/v2\/media?parent=104925"}],"wp:term":[{"taxonomy":"product_brand","embeddable":true,"href":"https:\/\/truusk.store\/sv\/wp-json\/wp\/v2\/product_brand?post=104925"},{"taxonomy":"product_cat","embeddable":true,"href":"https:\/\/truusk.store\/sv\/wp-json\/wp\/v2\/product_cat?post=104925"},{"taxonomy":"product_tag","embeddable":true,"href":"https:\/\/truusk.store\/sv\/wp-json\/wp\/v2\/product_tag?post=104925"}],"curies":[{"name":"wp","href":"https:\/\/api.w.org\/{rel}","templated":true}]}}