{"id":104975,"date":"2026-02-24T04:58:02","date_gmt":"2026-02-24T03:58:02","guid":{"rendered":"https:\/\/truusk.store\/product\/solstol-hopfallbar-andningsbart-overdrag-metallram-189-x-58-x-30-cm-ljusgra\/"},"modified":"2026-03-12T09:38:16","modified_gmt":"2026-03-12T08:38:16","slug":"truusk-solstol-hopfallbar-andningsbart-overdrag-metallram-189-x-58-x-30-cm-ljusgra","status":"publish","type":"product","link":"https:\/\/truusk.store\/sv\/produkt\/truusk-solstol-hopfallbar-andningsbart-overdrag-metallram-189-x-58-x-30-cm-ljusgra\/","title":{"rendered":"TRUUSK Solstol &#8211; Hopf\u00e4llbar &#8211; Andningsbart \u00f6verdrag &#8211; Metallram &#8211; 189 x 58 x 30 cm &#8211; Ljusgr\u00e5"},"content":{"rendered":"<p>Slappna av i tr\u00e4dg\u00e5rden, p\u00e5 campingplatsen eller p\u00e5 stranden p\u00e5 denna moderna hopf\u00e4llbara sols\u00e4ng fr\u00e5n [BRAND NAME]! Tack vare den ergonomiska designen och den bekv\u00e4ma liggytan kan du g\u00f6ra det riktigt mysigt. Med den justerbara ryggst\u00f6det och fotst\u00f6det hittar du snabbt den optimala liggpositionen f\u00f6r att l\u00e4sa en bok eller ta en avkopplande solbad. Tr\u00e4dg\u00e5rdss\u00e4ngen \u00e4r l\u00e4tt, hopf\u00e4llbar och kan tas med \u00f6verallt.<\/p>\n<p>Beskrivning:<\/p>\n<ul>\n<li> Robust konstruktion av hopf\u00e4llbar solstol med pulverlackerat st\u00e5lram<\/li>\n<li> Fullt justerbar med 4 ryggst\u00f6ds- och 2 fotst\u00f6dspositioner<\/li>\n<li> N\u00e4t\u00f6verdraget p\u00e5 sols\u00e4ngen ger h\u00f6g andningsf\u00f6rm\u00e5ga<\/li>\n<li> Ergonomisk design med elastisk fj\u00e4dring f\u00f6r att minska muskelsp\u00e4nningar och stress<\/li>\n<li> L\u00e4tt och hopf\u00e4llbar tr\u00e4dg\u00e5rdss\u00e4ng f\u00f6r enkel transport och f\u00f6rvaring<\/li>\n<li> L\u00e4mplig f\u00f6r camping, tr\u00e4dg\u00e5rd, pool eller strand<\/li>\n<\/ul>\n<p> Tekniska specifikationer:<\/p>\n<ul>\n<li> F\u00e4rg: Ljusgr\u00e5<\/li>\n<li> Material: St\u00e5l, n\u00e4ttyg<\/li>\n<li> Totala m\u00e5tt: 189L x 58B x 30H cm<\/li>\n<li> Hopf\u00e4llda m\u00e5tt: 77L x 14B x 58H cm<\/li>\n<li> 4-stegs h\u00f6jd: 83 cm, 66 cm, 50 cm, 34 cm<\/li>\n<li> Sitt h\u00f6jd: 30 cm<\/li>\n<li> B\u00e4rkapacitet: 120 kg<\/li>\n<\/ul>\n<p>Leverans inneh\u00e5ller:<\/p>\n<ul>\n<li> 1 x Tr\u00e4dg\u00e5rdss\u00e4ng<\/li>\n<li> 1 x Bruksanvisning<\/li>\n<\/ul>\n","protected":false},"excerpt":{"rendered":"<p>Slappna av i tr\u00e4dg\u00e5rden, p\u00e5 campingplatsen eller p\u00e5 stranden p\u00e5 denna moderna hopf\u00e4llbara sols\u00e4ng fr\u00e5n [BRAND NAME]! Tack vare den&#8230;<\/p>\n","protected":false},"featured_media":104962,"template":"","meta":[],"product_brand":[],"product_cat":[451,858,450],"product_tag":[],"class_list":{"0":"post-104975","1":"product","2":"type-product","3":"status-publish","4":"has-post-thumbnail","6":"product_cat-solstolar","7":"product_cat-tradgard-terrass","8":"product_cat-tradgardsmobler","10":"first","11":"instock","12":"sale","13":"taxable","14":"shipping-taxable","15":"purchasable","16":"product-type-simple"},"yoast_head":"<!-- This site is optimized with the Yoast SEO plugin v25.4 - https:\/\/yoast.com\/wordpress\/plugins\/seo\/ -->\n<title>TRUUSK Solstol - Hopf\u00e4llbar - Andningsbart \u00f6verdrag - Metallram - 189 x 58 x 30 cm - Ljusgr\u00e5 - TRUUSK - Hem, Tr\u00e4dg\u00e5rd &amp; Fritid<\/title>\n<meta name=\"robots\" content=\"index, follow, max-snippet:-1, max-image-preview:large, max-video-preview:-1\" \/>\n<link rel=\"canonical\" href=\"https:\/\/truusk.store\/sv\/produkt\/truusk-solstol-hopfallbar-andningsbart-overdrag-metallram-189-x-58-x-30-cm-ljusgra\/\" \/>\n<meta property=\"og:locale\" content=\"sv_SE\" \/>\n<meta property=\"og:type\" content=\"article\" \/>\n<meta property=\"og:title\" content=\"TRUUSK Solstol - Hopf\u00e4llbar - Andningsbart \u00f6verdrag - Metallram - 189 x 58 x 30 cm - Ljusgr\u00e5 - TRUUSK - Hem, Tr\u00e4dg\u00e5rd &amp; Fritid\" \/>\n<meta property=\"og:description\" content=\"Slappna av i tr\u00e4dg\u00e5rden, p\u00e5 campingplatsen eller p\u00e5 stranden p\u00e5 denna moderna hopf\u00e4llbara sols\u00e4ng fr\u00e5n [BRAND NAME]! Tack vare den...\" \/>\n<meta property=\"og:url\" content=\"https:\/\/truusk.store\/sv\/produkt\/truusk-solstol-hopfallbar-andningsbart-overdrag-metallram-189-x-58-x-30-cm-ljusgra\/\" \/>\n<meta property=\"og:site_name\" content=\"TRUUSK - Hem, Tr\u00e4dg\u00e5rd &amp; Fritid\" \/>\n<meta property=\"article:modified_time\" content=\"2026-03-12T08:38:16+00:00\" \/>\n<meta property=\"og:image\" content=\"https:\/\/i0.wp.com\/truusk.se\/wp-content\/uploads\/2026\/02\/solstol-hopfallbar-andningsbart-overdrag-metallram-189-x-58-x-30-cm-ljusgra-1.webp?fit=2000%2C2000&ssl=1\" \/>\n\t<meta property=\"og:image:width\" content=\"2000\" \/>\n\t<meta property=\"og:image:height\" content=\"2000\" \/>\n\t<meta property=\"og:image:type\" content=\"image\/webp\" \/>\n<meta name=\"twitter:card\" content=\"summary_large_image\" \/>\n<meta name=\"twitter:label1\" content=\"Ber\u00e4knad l\u00e4stid\" \/>\n\t<meta name=\"twitter:data1\" content=\"1 minut\" \/>\n<!-- \/ Yoast SEO plugin. -->","yoast_head_json":{"title":"TRUUSK Solstol - Hopf\u00e4llbar - Andningsbart \u00f6verdrag - Metallram - 189 x 58 x 30 cm - Ljusgr\u00e5 - TRUUSK - Hem, Tr\u00e4dg\u00e5rd &amp; Fritid","robots":{"index":"index","follow":"follow","max-snippet":"max-snippet:-1","max-image-preview":"max-image-preview:large","max-video-preview":"max-video-preview:-1"},"canonical":"https:\/\/truusk.store\/sv\/produkt\/truusk-solstol-hopfallbar-andningsbart-overdrag-metallram-189-x-58-x-30-cm-ljusgra\/","og_locale":"sv_SE","og_type":"article","og_title":"TRUUSK Solstol - Hopf\u00e4llbar - Andningsbart \u00f6verdrag - Metallram - 189 x 58 x 30 cm - Ljusgr\u00e5 - TRUUSK - Hem, Tr\u00e4dg\u00e5rd &amp; Fritid","og_description":"Slappna av i tr\u00e4dg\u00e5rden, p\u00e5 campingplatsen eller p\u00e5 stranden p\u00e5 denna moderna hopf\u00e4llbara sols\u00e4ng fr\u00e5n [BRAND NAME]! Tack vare den...","og_url":"https:\/\/truusk.store\/sv\/produkt\/truusk-solstol-hopfallbar-andningsbart-overdrag-metallram-189-x-58-x-30-cm-ljusgra\/","og_site_name":"TRUUSK - Hem, Tr\u00e4dg\u00e5rd &amp; Fritid","article_modified_time":"2026-03-12T08:38:16+00:00","og_image":[{"width":2000,"height":2000,"url":"https:\/\/i0.wp.com\/truusk.se\/wp-content\/uploads\/2026\/02\/solstol-hopfallbar-andningsbart-overdrag-metallram-189-x-58-x-30-cm-ljusgra-1.webp?fit=2000%2C2000&ssl=1","type":"image\/webp"}],"twitter_card":"summary_large_image","twitter_misc":{"Ber\u00e4knad l\u00e4stid":"1 minut"},"schema":{"@context":"https:\/\/schema.org","@graph":[{"@type":"WebPage","@id":"https:\/\/truusk.store\/sv\/produkt\/truusk-solstol-hopfallbar-andningsbart-overdrag-metallram-189-x-58-x-30-cm-ljusgra\/","url":"https:\/\/truusk.store\/sv\/produkt\/truusk-solstol-hopfallbar-andningsbart-overdrag-metallram-189-x-58-x-30-cm-ljusgra\/","name":"TRUUSK Solstol - Hopf\u00e4llbar - Andningsbart \u00f6verdrag - Metallram - 189 x 58 x 30 cm - Ljusgr\u00e5 - TRUUSK - Hem, Tr\u00e4dg\u00e5rd &amp; Fritid","isPartOf":{"@id":"https:\/\/truusk.store\/sv\/#website"},"primaryImageOfPage":{"@id":"https:\/\/truusk.store\/sv\/produkt\/truusk-solstol-hopfallbar-andningsbart-overdrag-metallram-189-x-58-x-30-cm-ljusgra\/#primaryimage"},"image":{"@id":"https:\/\/truusk.store\/sv\/produkt\/truusk-solstol-hopfallbar-andningsbart-overdrag-metallram-189-x-58-x-30-cm-ljusgra\/#primaryimage"},"thumbnailUrl":"https:\/\/i0.wp.com\/truusk.store\/wp-content\/uploads\/2026\/02\/solstol-hopfallbar-andningsbart-overdrag-metallram-189-x-58-x-30-cm-ljusgra-1.webp?fit=2000%2C2000&ssl=1","datePublished":"2026-02-24T03:58:02+00:00","dateModified":"2026-03-12T08:38:16+00:00","breadcrumb":{"@id":"https:\/\/truusk.store\/sv\/produkt\/truusk-solstol-hopfallbar-andningsbart-overdrag-metallram-189-x-58-x-30-cm-ljusgra\/#breadcrumb"},"inLanguage":"sv-SE","potentialAction":[{"@type":"ReadAction","target":["https:\/\/truusk.store\/sv\/produkt\/truusk-solstol-hopfallbar-andningsbart-overdrag-metallram-189-x-58-x-30-cm-ljusgra\/"]}]},{"@type":"ImageObject","inLanguage":"sv-SE","@id":"https:\/\/truusk.store\/sv\/produkt\/truusk-solstol-hopfallbar-andningsbart-overdrag-metallram-189-x-58-x-30-cm-ljusgra\/#primaryimage","url":"https:\/\/i0.wp.com\/truusk.store\/wp-content\/uploads\/2026\/02\/solstol-hopfallbar-andningsbart-overdrag-metallram-189-x-58-x-30-cm-ljusgra-1.webp?fit=2000%2C2000&ssl=1","contentUrl":"https:\/\/i0.wp.com\/truusk.store\/wp-content\/uploads\/2026\/02\/solstol-hopfallbar-andningsbart-overdrag-metallram-189-x-58-x-30-cm-ljusgra-1.webp?fit=2000%2C2000&ssl=1","width":2000,"height":2000},{"@type":"BreadcrumbList","@id":"https:\/\/truusk.store\/sv\/produkt\/truusk-solstol-hopfallbar-andningsbart-overdrag-metallram-189-x-58-x-30-cm-ljusgra\/#breadcrumb","itemListElement":[{"@type":"ListItem","position":1,"name":"Home","item":"https:\/\/truusk.store\/sv\/"},{"@type":"ListItem","position":2,"name":"Shop","item":"https:\/\/truusk.store\/shop\/"},{"@type":"ListItem","position":3,"name":"TRUUSK Solstol &#8211; Hopf\u00e4llbar &#8211; Andningsbart \u00f6verdrag &#8211; Metallram &#8211; 189 x 58 x 30 cm &#8211; Ljusgr\u00e5"}]},{"@type":"WebSite","@id":"https:\/\/truusk.store\/sv\/#website","url":"https:\/\/truusk.store\/sv\/","name":"TRUUSK - Hem, Tr\u00e4dg\u00e5rd & Fritid","description":"","publisher":{"@id":"https:\/\/truusk.store\/sv\/#organization"},"potentialAction":[{"@type":"SearchAction","target":{"@type":"EntryPoint","urlTemplate":"https:\/\/truusk.store\/sv\/?s={search_term_string}"},"query-input":{"@type":"PropertyValueSpecification","valueRequired":true,"valueName":"search_term_string"}}],"inLanguage":"sv-SE"},{"@type":"Organization","@id":"https:\/\/truusk.store\/sv\/#organization","name":"TRUUSK - Hem, Tr\u00e4dg\u00e5rd & Fritid","url":"https:\/\/truusk.store\/sv\/","logo":{"@type":"ImageObject","inLanguage":"sv-SE","@id":"https:\/\/truusk.store\/sv\/#\/schema\/logo\/image\/","url":"https:\/\/i0.wp.com\/truusk.store\/wp-content\/uploads\/2026\/03\/cropped-TRUUSK.png?fit=2032%2C917&ssl=1","contentUrl":"https:\/\/i0.wp.com\/truusk.store\/wp-content\/uploads\/2026\/03\/cropped-TRUUSK.png?fit=2032%2C917&ssl=1","width":2032,"height":917,"caption":"TRUUSK - Hem, Tr\u00e4dg\u00e5rd & Fritid"},"image":{"@id":"https:\/\/truusk.store\/sv\/#\/schema\/logo\/image\/"}}]}},"jetpack_sharing_enabled":true,"_links":{"self":[{"href":"https:\/\/truusk.store\/sv\/wp-json\/wp\/v2\/product\/104975","targetHints":{"allow":["GET"]}}],"collection":[{"href":"https:\/\/truusk.store\/sv\/wp-json\/wp\/v2\/product"}],"about":[{"href":"https:\/\/truusk.store\/sv\/wp-json\/wp\/v2\/types\/product"}],"wp:featuredmedia":[{"embeddable":true,"href":"https:\/\/truusk.store\/sv\/wp-json\/wp\/v2\/media\/104962"}],"wp:attachment":[{"href":"https:\/\/truusk.store\/sv\/wp-json\/wp\/v2\/media?parent=104975"}],"wp:term":[{"taxonomy":"product_brand","embeddable":true,"href":"https:\/\/truusk.store\/sv\/wp-json\/wp\/v2\/product_brand?post=104975"},{"taxonomy":"product_cat","embeddable":true,"href":"https:\/\/truusk.store\/sv\/wp-json\/wp\/v2\/product_cat?post=104975"},{"taxonomy":"product_tag","embeddable":true,"href":"https:\/\/truusk.store\/sv\/wp-json\/wp\/v2\/product_tag?post=104975"}],"curies":[{"name":"wp","href":"https:\/\/api.w.org\/{rel}","templated":true}]}}