{"id":105015,"date":"2026-02-24T05:08:25","date_gmt":"2026-02-24T04:08:25","guid":{"rendered":"https:\/\/truusk.store\/product\/tvattkorg-tvattbox-tvattsamlare-med-lock-segeldukssack-bambu-hopfallbar-72l-svart-40-x-30-x-60-cm\/"},"modified":"2026-03-12T09:42:23","modified_gmt":"2026-03-12T08:42:23","slug":"truusk-tvattkorg-med-lock-segeldukssack-bambu-hopfallbar-72l-svart-40-x-30-x-60-cm","status":"publish","type":"product","link":"https:\/\/truusk.store\/sv\/produkt\/truusk-tvattkorg-med-lock-segeldukssack-bambu-hopfallbar-72l-svart-40-x-30-x-60-cm\/","title":{"rendered":"TRUUSK Tv\u00e4ttkorg med lock &#8211; Segeldukss\u00e4ck &#8211; Bambu &#8211; Hopf\u00e4llbar &#8211; 72L &#8211; Svart &#8211; 40 x 30 x 60 cm"},"content":{"rendered":"<p>Elegant tv\u00e4ttkorg i bambu med gener\u00f6st f\u00f6rvaringsutrymme! Den robusta bambun \u00e4r fuktresistent och h\u00e5llbar, idealisk f\u00f6r badrum och k\u00e4llare. Den andningsbara tv\u00e4ttp\u00e5sen i segelduk kan enkelt tas ut. Praktiska handtag underl\u00e4ttar transporten. Med lock och ventilationsh\u00e5l f\u00f6rhindras m\u00f6gelbildning &#8211; f\u00f6r f\u00e4rsk och hygienisk f\u00f6rvaring av din tv\u00e4tt!<\/p>\n<p>Beskrivning:<\/p>\n<ul>\n<li> Tv\u00e4ttkorg i \u00e4kta bambutr\u00e4<\/li>\n<li> Uttagbar och tv\u00e4ttbar tv\u00e4ttp\u00e5se i segelduk<\/li>\n<li> Avtagbart lock<\/li>\n<li> Botten med 2 h\u00e5l f\u00f6r ventilation<\/li>\n<li> Med 2 b\u00e4rhandtag i PU, l\u00e4tt att b\u00e4ra<\/li>\n<li> Idealisk f\u00f6r sovrum, vardagsrum och badrum<\/li>\n<li> Flexibel som tv\u00e4ttkorg, nattduksbord, leksaksinsamlare, f\u00f6rvaringsl\u00e5da<\/li>\n<li> Enkel och snabb montering och demontering<\/li>\n<\/ul>\n<p> Tekniska data:<\/p>\n<ul>\n<li> Material: Bambu, segelduk, konstl\u00e4der<\/li>\n<li> F\u00e4rg: Svart<\/li>\n<li> Kapacitet: ca. 72 L<\/li>\n<li> Totalm\u00e5tt: L40 x B30 x H60 cm<\/li>\n<li> Max. belastningskapacitet: 15 kg<\/li>\n<\/ul>\n<p>Leveransinneh\u00e5ll:<\/p>\n<ul>\n<li> 1 x tv\u00e4ttkorg med tv\u00e4ttp\u00e5se<\/li>\n<li> 1 x monteringsanvisning<\/li>\n<\/ul>\n","protected":false},"excerpt":{"rendered":"<p>Elegant tv\u00e4ttkorg i bambu med gener\u00f6st f\u00f6rvaringsutrymme! Den robusta bambun \u00e4r fuktresistent och h\u00e5llbar, idealisk f\u00f6r badrum och k\u00e4llare. Den&#8230;<\/p>\n","protected":false},"featured_media":105006,"template":"","meta":[],"product_brand":[],"product_cat":[915,871,492],"product_tag":[],"class_list":{"0":"post-105015","1":"product","2":"type-product","3":"status-publish","4":"has-post-thumbnail","6":"product_cat-badrum","7":"product_cat-hus-hem","8":"product_cat-tvattkorgar","10":"first","11":"instock","12":"sale","13":"taxable","14":"shipping-taxable","15":"purchasable","16":"product-type-simple"},"yoast_head":"<!-- This site is optimized with the Yoast SEO plugin v25.4 - https:\/\/yoast.com\/wordpress\/plugins\/seo\/ -->\n<title>TRUUSK Tv\u00e4ttkorg med lock - Segeldukss\u00e4ck - Bambu - Hopf\u00e4llbar - 72L - Svart - 40 x 30 x 60 cm - TRUUSK - Hem, Tr\u00e4dg\u00e5rd &amp; Fritid<\/title>\n<meta name=\"robots\" content=\"index, follow, max-snippet:-1, max-image-preview:large, max-video-preview:-1\" \/>\n<link rel=\"canonical\" href=\"https:\/\/truusk.store\/sv\/produkt\/truusk-tvattkorg-med-lock-segeldukssack-bambu-hopfallbar-72l-svart-40-x-30-x-60-cm\/\" \/>\n<meta property=\"og:locale\" content=\"sv_SE\" \/>\n<meta property=\"og:type\" content=\"article\" \/>\n<meta property=\"og:title\" content=\"TRUUSK Tv\u00e4ttkorg med lock - Segeldukss\u00e4ck - Bambu - Hopf\u00e4llbar - 72L - Svart - 40 x 30 x 60 cm - TRUUSK - Hem, Tr\u00e4dg\u00e5rd &amp; Fritid\" \/>\n<meta property=\"og:description\" content=\"Elegant tv\u00e4ttkorg i bambu med gener\u00f6st f\u00f6rvaringsutrymme! Den robusta bambun \u00e4r fuktresistent och h\u00e5llbar, idealisk f\u00f6r badrum och k\u00e4llare. Den...\" \/>\n<meta property=\"og:url\" content=\"https:\/\/truusk.store\/sv\/produkt\/truusk-tvattkorg-med-lock-segeldukssack-bambu-hopfallbar-72l-svart-40-x-30-x-60-cm\/\" \/>\n<meta property=\"og:site_name\" content=\"TRUUSK - Hem, Tr\u00e4dg\u00e5rd &amp; Fritid\" \/>\n<meta property=\"article:modified_time\" content=\"2026-03-12T08:42:23+00:00\" \/>\n<meta property=\"og:image\" content=\"https:\/\/i0.wp.com\/truusk.se\/wp-content\/uploads\/2026\/02\/tvattkorg-tvattbox-tvattsamlare-med-lock-segeldukssack-bambu-hopfallbar-72l-svart-40-x-30-x-60-cm-1.webp?fit=2000%2C2000&ssl=1\" \/>\n\t<meta property=\"og:image:width\" content=\"2000\" \/>\n\t<meta property=\"og:image:height\" content=\"2000\" \/>\n\t<meta property=\"og:image:type\" content=\"image\/webp\" \/>\n<meta name=\"twitter:card\" content=\"summary_large_image\" \/>\n<meta name=\"twitter:label1\" content=\"Ber\u00e4knad l\u00e4stid\" \/>\n\t<meta name=\"twitter:data1\" content=\"1 minut\" \/>\n<!-- \/ Yoast SEO plugin. -->","yoast_head_json":{"title":"TRUUSK Tv\u00e4ttkorg med lock - Segeldukss\u00e4ck - Bambu - Hopf\u00e4llbar - 72L - Svart - 40 x 30 x 60 cm - TRUUSK - Hem, Tr\u00e4dg\u00e5rd &amp; Fritid","robots":{"index":"index","follow":"follow","max-snippet":"max-snippet:-1","max-image-preview":"max-image-preview:large","max-video-preview":"max-video-preview:-1"},"canonical":"https:\/\/truusk.store\/sv\/produkt\/truusk-tvattkorg-med-lock-segeldukssack-bambu-hopfallbar-72l-svart-40-x-30-x-60-cm\/","og_locale":"sv_SE","og_type":"article","og_title":"TRUUSK Tv\u00e4ttkorg med lock - Segeldukss\u00e4ck - Bambu - Hopf\u00e4llbar - 72L - Svart - 40 x 30 x 60 cm - TRUUSK - Hem, Tr\u00e4dg\u00e5rd &amp; Fritid","og_description":"Elegant tv\u00e4ttkorg i bambu med gener\u00f6st f\u00f6rvaringsutrymme! Den robusta bambun \u00e4r fuktresistent och h\u00e5llbar, idealisk f\u00f6r badrum och k\u00e4llare. Den...","og_url":"https:\/\/truusk.store\/sv\/produkt\/truusk-tvattkorg-med-lock-segeldukssack-bambu-hopfallbar-72l-svart-40-x-30-x-60-cm\/","og_site_name":"TRUUSK - Hem, Tr\u00e4dg\u00e5rd &amp; Fritid","article_modified_time":"2026-03-12T08:42:23+00:00","og_image":[{"width":2000,"height":2000,"url":"https:\/\/i0.wp.com\/truusk.se\/wp-content\/uploads\/2026\/02\/tvattkorg-tvattbox-tvattsamlare-med-lock-segeldukssack-bambu-hopfallbar-72l-svart-40-x-30-x-60-cm-1.webp?fit=2000%2C2000&ssl=1","type":"image\/webp"}],"twitter_card":"summary_large_image","twitter_misc":{"Ber\u00e4knad l\u00e4stid":"1 minut"},"schema":{"@context":"https:\/\/schema.org","@graph":[{"@type":"WebPage","@id":"https:\/\/truusk.store\/sv\/produkt\/truusk-tvattkorg-med-lock-segeldukssack-bambu-hopfallbar-72l-svart-40-x-30-x-60-cm\/","url":"https:\/\/truusk.store\/sv\/produkt\/truusk-tvattkorg-med-lock-segeldukssack-bambu-hopfallbar-72l-svart-40-x-30-x-60-cm\/","name":"TRUUSK Tv\u00e4ttkorg med lock - Segeldukss\u00e4ck - Bambu - Hopf\u00e4llbar - 72L - Svart - 40 x 30 x 60 cm - TRUUSK - Hem, Tr\u00e4dg\u00e5rd &amp; Fritid","isPartOf":{"@id":"https:\/\/truusk.store\/sv\/#website"},"primaryImageOfPage":{"@id":"https:\/\/truusk.store\/sv\/produkt\/truusk-tvattkorg-med-lock-segeldukssack-bambu-hopfallbar-72l-svart-40-x-30-x-60-cm\/#primaryimage"},"image":{"@id":"https:\/\/truusk.store\/sv\/produkt\/truusk-tvattkorg-med-lock-segeldukssack-bambu-hopfallbar-72l-svart-40-x-30-x-60-cm\/#primaryimage"},"thumbnailUrl":"https:\/\/i0.wp.com\/truusk.store\/wp-content\/uploads\/2026\/02\/tvattkorg-tvattbox-tvattsamlare-med-lock-segeldukssack-bambu-hopfallbar-72l-svart-40-x-30-x-60-cm-1.webp?fit=2000%2C2000&ssl=1","datePublished":"2026-02-24T04:08:25+00:00","dateModified":"2026-03-12T08:42:23+00:00","breadcrumb":{"@id":"https:\/\/truusk.store\/sv\/produkt\/truusk-tvattkorg-med-lock-segeldukssack-bambu-hopfallbar-72l-svart-40-x-30-x-60-cm\/#breadcrumb"},"inLanguage":"sv-SE","potentialAction":[{"@type":"ReadAction","target":["https:\/\/truusk.store\/sv\/produkt\/truusk-tvattkorg-med-lock-segeldukssack-bambu-hopfallbar-72l-svart-40-x-30-x-60-cm\/"]}]},{"@type":"ImageObject","inLanguage":"sv-SE","@id":"https:\/\/truusk.store\/sv\/produkt\/truusk-tvattkorg-med-lock-segeldukssack-bambu-hopfallbar-72l-svart-40-x-30-x-60-cm\/#primaryimage","url":"https:\/\/i0.wp.com\/truusk.store\/wp-content\/uploads\/2026\/02\/tvattkorg-tvattbox-tvattsamlare-med-lock-segeldukssack-bambu-hopfallbar-72l-svart-40-x-30-x-60-cm-1.webp?fit=2000%2C2000&ssl=1","contentUrl":"https:\/\/i0.wp.com\/truusk.store\/wp-content\/uploads\/2026\/02\/tvattkorg-tvattbox-tvattsamlare-med-lock-segeldukssack-bambu-hopfallbar-72l-svart-40-x-30-x-60-cm-1.webp?fit=2000%2C2000&ssl=1","width":2000,"height":2000},{"@type":"BreadcrumbList","@id":"https:\/\/truusk.store\/sv\/produkt\/truusk-tvattkorg-med-lock-segeldukssack-bambu-hopfallbar-72l-svart-40-x-30-x-60-cm\/#breadcrumb","itemListElement":[{"@type":"ListItem","position":1,"name":"Home","item":"https:\/\/truusk.store\/sv\/"},{"@type":"ListItem","position":2,"name":"Shop","item":"https:\/\/truusk.store\/shop\/"},{"@type":"ListItem","position":3,"name":"TRUUSK Tv\u00e4ttkorg med lock &#8211; Segeldukss\u00e4ck &#8211; Bambu &#8211; Hopf\u00e4llbar &#8211; 72L &#8211; Svart &#8211; 40 x 30 x 60 cm"}]},{"@type":"WebSite","@id":"https:\/\/truusk.store\/sv\/#website","url":"https:\/\/truusk.store\/sv\/","name":"TRUUSK - Hem, Tr\u00e4dg\u00e5rd & Fritid","description":"","publisher":{"@id":"https:\/\/truusk.store\/sv\/#organization"},"potentialAction":[{"@type":"SearchAction","target":{"@type":"EntryPoint","urlTemplate":"https:\/\/truusk.store\/sv\/?s={search_term_string}"},"query-input":{"@type":"PropertyValueSpecification","valueRequired":true,"valueName":"search_term_string"}}],"inLanguage":"sv-SE"},{"@type":"Organization","@id":"https:\/\/truusk.store\/sv\/#organization","name":"TRUUSK - Hem, Tr\u00e4dg\u00e5rd & Fritid","url":"https:\/\/truusk.store\/sv\/","logo":{"@type":"ImageObject","inLanguage":"sv-SE","@id":"https:\/\/truusk.store\/sv\/#\/schema\/logo\/image\/","url":"https:\/\/i0.wp.com\/truusk.store\/wp-content\/uploads\/2026\/03\/cropped-TRUUSK.png?fit=2032%2C917&ssl=1","contentUrl":"https:\/\/i0.wp.com\/truusk.store\/wp-content\/uploads\/2026\/03\/cropped-TRUUSK.png?fit=2032%2C917&ssl=1","width":2032,"height":917,"caption":"TRUUSK - Hem, Tr\u00e4dg\u00e5rd & Fritid"},"image":{"@id":"https:\/\/truusk.store\/sv\/#\/schema\/logo\/image\/"}}]}},"jetpack_sharing_enabled":true,"_links":{"self":[{"href":"https:\/\/truusk.store\/sv\/wp-json\/wp\/v2\/product\/105015","targetHints":{"allow":["GET"]}}],"collection":[{"href":"https:\/\/truusk.store\/sv\/wp-json\/wp\/v2\/product"}],"about":[{"href":"https:\/\/truusk.store\/sv\/wp-json\/wp\/v2\/types\/product"}],"wp:featuredmedia":[{"embeddable":true,"href":"https:\/\/truusk.store\/sv\/wp-json\/wp\/v2\/media\/105006"}],"wp:attachment":[{"href":"https:\/\/truusk.store\/sv\/wp-json\/wp\/v2\/media?parent=105015"}],"wp:term":[{"taxonomy":"product_brand","embeddable":true,"href":"https:\/\/truusk.store\/sv\/wp-json\/wp\/v2\/product_brand?post=105015"},{"taxonomy":"product_cat","embeddable":true,"href":"https:\/\/truusk.store\/sv\/wp-json\/wp\/v2\/product_cat?post=105015"},{"taxonomy":"product_tag","embeddable":true,"href":"https:\/\/truusk.store\/sv\/wp-json\/wp\/v2\/product_tag?post=105015"}],"curies":[{"name":"wp","href":"https:\/\/api.w.org\/{rel}","templated":true}]}}