{"id":105055,"date":"2026-02-24T05:16:14","date_gmt":"2026-02-24T04:16:14","guid":{"rendered":"https:\/\/truusk.store\/product\/paviljong-3-x-3-m-vattentat-stabil-vinterbestandig-tradgardspaviljong-med-sidodelar-nat-krok-hardtop-morkgra\/"},"modified":"2026-03-12T09:46:45","modified_gmt":"2026-03-12T08:46:45","slug":"truusk-vattentat-tradgardspaviljong-3x3m-stabil-och-vinterbestandig-med-sidodelar-nat-och-krok-hardtop-morkgra","status":"publish","type":"product","link":"https:\/\/truusk.store\/sv\/produkt\/truusk-vattentat-tradgardspaviljong-3x3m-stabil-och-vinterbestandig-med-sidodelar-nat-och-krok-hardtop-morkgra\/","title":{"rendered":"TRUUSK Vattent\u00e4t Tr\u00e4dg\u00e5rdspaviljong 3x3m &#8211; Stabil och Vinterbest\u00e4ndig &#8211; Med Sidodelar, N\u00e4t och Krok Hardtop &#8211; M\u00f6rkgr\u00e5"},"content":{"rendered":"<p>Optimera din tr\u00e4dg\u00e5rd med [BRAND NAME] 3 x 3 paviljong. Det galvaniserade taket p\u00e5 tr\u00e4dg\u00e5rdspaviljongen ger skydd mot UV-str\u00e5lar och regn. Personifiera ditt utomhusparadis genom att h\u00e4nga upp lampor, dekorationer och mer p\u00e5 takkroken. Utrustad med gardiner och n\u00e4tv\u00e4ggar, \u00e4r denna paviljong en vattent\u00e4t och stilfull tillflyktsort och har plats f\u00f6r upp till 6 personer.<\/p>\n<p>Beskrivning:<\/p>\n<ul>\n<li> Det galvaniserade metalltaket p\u00e5 paviljongen skyddar mot UV-str\u00e5lar och regn<\/li>\n<li> Takkrok f\u00f6r att h\u00e4nga upp dekorationer, m\u00f6jligg\u00f6r individuell design<\/li>\n<li> Stabil metallram p\u00e5 tr\u00e4dg\u00e5rdspaviljongen ger robust st\u00f6d<\/li>\n<li> Kan monteras p\u00e5 marken med skruvar<\/li>\n<li> Gardiner och n\u00e4t ger privatliv och skydd mot insekter<\/li>\n<li> Rymlig design rymmer bekv\u00e4mt 8 personer<\/li>\n<li> Montering kr\u00e4vs<\/li>\n<\/ul>\n<p> Tekniska specifikationer:<\/p>\n<ul>\n<li> F\u00e4rg: M\u00f6rkgr\u00e5<\/li>\n<li> Material: Metall, Polyester<\/li>\n<li> Totala dimensioner: 300L x 300B x 290H cm<\/li>\n<li> Takfots h\u00f6jd: 217H cm<\/li>\n<li> Pelaravst\u00e5nd: 254L x 254B cm<\/li>\n<li> Pelarstorlek: 8L x 8B cm<\/li>\n<li> Fotstorlek: 12L x 12B cm<\/li>\n<li> Vindstyrka: 8 (61-72 km\/h)<\/li>\n<li> Sn\u00f6last: 80 kg\/m\u00b2<\/li>\n<\/ul>\n<p> Leveransinneh\u00e5ll:<\/p>\n<ul>\n<li> 1 x Metallpaviljong<\/li>\n<li> 8 x Expansionspluggar<\/li>\n<li> 1 x Handbok<\/li>\n<li>Viktigt: Vi levererar artikeln till dig kostnadsfritt till trottoarkanten. Var v\u00e4nlig och se till att adressen och telefonnumret \u00e4r korrekt..<\/li>\n<\/ul>\n","protected":false},"excerpt":{"rendered":"<p>Optimera din tr\u00e4dg\u00e5rd med [BRAND NAME] 3 x 3 paviljong. Det galvaniserade taket p\u00e5 tr\u00e4dg\u00e5rdspaviljongen ger skydd mot UV-str\u00e5lar och&#8230;<\/p>\n","protected":false},"featured_media":105043,"template":"","meta":[],"product_brand":[],"product_cat":[477,858,476],"product_tag":[],"class_list":{"0":"post-105055","1":"product","2":"type-product","3":"status-publish","4":"has-post-thumbnail","6":"product_cat-paviljonger-partytalt","7":"product_cat-tradgard-terrass","8":"product_cat-tradgardspaviljonger","10":"first","11":"instock","12":"sale","13":"taxable","14":"shipping-taxable","15":"purchasable","16":"product-type-simple"},"yoast_head":"<!-- This site is optimized with the Yoast SEO plugin v25.4 - https:\/\/yoast.com\/wordpress\/plugins\/seo\/ -->\n<title>TRUUSK Vattent\u00e4t Tr\u00e4dg\u00e5rdspaviljong 3x3m - Stabil och Vinterbest\u00e4ndig - Med Sidodelar, N\u00e4t och Krok Hardtop - M\u00f6rkgr\u00e5 - TRUUSK - Hem, Tr\u00e4dg\u00e5rd &amp; Fritid<\/title>\n<meta name=\"robots\" content=\"index, follow, max-snippet:-1, max-image-preview:large, max-video-preview:-1\" \/>\n<link rel=\"canonical\" href=\"https:\/\/truusk.store\/sv\/produkt\/truusk-vattentat-tradgardspaviljong-3x3m-stabil-och-vinterbestandig-med-sidodelar-nat-och-krok-hardtop-morkgra\/\" \/>\n<meta property=\"og:locale\" content=\"sv_SE\" \/>\n<meta property=\"og:type\" content=\"article\" \/>\n<meta property=\"og:title\" content=\"TRUUSK Vattent\u00e4t Tr\u00e4dg\u00e5rdspaviljong 3x3m - Stabil och Vinterbest\u00e4ndig - Med Sidodelar, N\u00e4t och Krok Hardtop - M\u00f6rkgr\u00e5 - TRUUSK - Hem, Tr\u00e4dg\u00e5rd &amp; Fritid\" \/>\n<meta property=\"og:description\" content=\"Optimera din tr\u00e4dg\u00e5rd med [BRAND NAME] 3 x 3 paviljong. Det galvaniserade taket p\u00e5 tr\u00e4dg\u00e5rdspaviljongen ger skydd mot UV-str\u00e5lar och...\" \/>\n<meta property=\"og:url\" content=\"https:\/\/truusk.store\/sv\/produkt\/truusk-vattentat-tradgardspaviljong-3x3m-stabil-och-vinterbestandig-med-sidodelar-nat-och-krok-hardtop-morkgra\/\" \/>\n<meta property=\"og:site_name\" content=\"TRUUSK - Hem, Tr\u00e4dg\u00e5rd &amp; Fritid\" \/>\n<meta property=\"article:modified_time\" content=\"2026-03-12T08:46:45+00:00\" \/>\n<meta property=\"og:image\" content=\"https:\/\/i0.wp.com\/truusk.se\/wp-content\/uploads\/2026\/02\/paviljong-3-x-3-m-vattentat-stabil-vinterbestandig-tradgardspaviljong-med-sidodelar-nat-krok-hardtop-morkgra-1.webp?fit=2000%2C2000&ssl=1\" \/>\n\t<meta property=\"og:image:width\" content=\"2000\" \/>\n\t<meta property=\"og:image:height\" content=\"2000\" \/>\n\t<meta property=\"og:image:type\" content=\"image\/webp\" \/>\n<meta name=\"twitter:card\" content=\"summary_large_image\" \/>\n<meta name=\"twitter:label1\" content=\"Ber\u00e4knad l\u00e4stid\" \/>\n\t<meta name=\"twitter:data1\" content=\"1 minut\" \/>\n<!-- \/ Yoast SEO plugin. -->","yoast_head_json":{"title":"TRUUSK Vattent\u00e4t Tr\u00e4dg\u00e5rdspaviljong 3x3m - Stabil och Vinterbest\u00e4ndig - Med Sidodelar, N\u00e4t och Krok Hardtop - M\u00f6rkgr\u00e5 - TRUUSK - Hem, Tr\u00e4dg\u00e5rd &amp; Fritid","robots":{"index":"index","follow":"follow","max-snippet":"max-snippet:-1","max-image-preview":"max-image-preview:large","max-video-preview":"max-video-preview:-1"},"canonical":"https:\/\/truusk.store\/sv\/produkt\/truusk-vattentat-tradgardspaviljong-3x3m-stabil-och-vinterbestandig-med-sidodelar-nat-och-krok-hardtop-morkgra\/","og_locale":"sv_SE","og_type":"article","og_title":"TRUUSK Vattent\u00e4t Tr\u00e4dg\u00e5rdspaviljong 3x3m - Stabil och Vinterbest\u00e4ndig - Med Sidodelar, N\u00e4t och Krok Hardtop - M\u00f6rkgr\u00e5 - TRUUSK - Hem, Tr\u00e4dg\u00e5rd &amp; Fritid","og_description":"Optimera din tr\u00e4dg\u00e5rd med [BRAND NAME] 3 x 3 paviljong. Det galvaniserade taket p\u00e5 tr\u00e4dg\u00e5rdspaviljongen ger skydd mot UV-str\u00e5lar och...","og_url":"https:\/\/truusk.store\/sv\/produkt\/truusk-vattentat-tradgardspaviljong-3x3m-stabil-och-vinterbestandig-med-sidodelar-nat-och-krok-hardtop-morkgra\/","og_site_name":"TRUUSK - Hem, Tr\u00e4dg\u00e5rd &amp; Fritid","article_modified_time":"2026-03-12T08:46:45+00:00","og_image":[{"width":2000,"height":2000,"url":"https:\/\/i0.wp.com\/truusk.se\/wp-content\/uploads\/2026\/02\/paviljong-3-x-3-m-vattentat-stabil-vinterbestandig-tradgardspaviljong-med-sidodelar-nat-krok-hardtop-morkgra-1.webp?fit=2000%2C2000&ssl=1","type":"image\/webp"}],"twitter_card":"summary_large_image","twitter_misc":{"Ber\u00e4knad l\u00e4stid":"1 minut"},"schema":{"@context":"https:\/\/schema.org","@graph":[{"@type":"WebPage","@id":"https:\/\/truusk.store\/sv\/produkt\/truusk-vattentat-tradgardspaviljong-3x3m-stabil-och-vinterbestandig-med-sidodelar-nat-och-krok-hardtop-morkgra\/","url":"https:\/\/truusk.store\/sv\/produkt\/truusk-vattentat-tradgardspaviljong-3x3m-stabil-och-vinterbestandig-med-sidodelar-nat-och-krok-hardtop-morkgra\/","name":"TRUUSK Vattent\u00e4t Tr\u00e4dg\u00e5rdspaviljong 3x3m - Stabil och Vinterbest\u00e4ndig - Med Sidodelar, N\u00e4t och Krok Hardtop - M\u00f6rkgr\u00e5 - TRUUSK - Hem, Tr\u00e4dg\u00e5rd &amp; Fritid","isPartOf":{"@id":"https:\/\/truusk.store\/sv\/#website"},"primaryImageOfPage":{"@id":"https:\/\/truusk.store\/sv\/produkt\/truusk-vattentat-tradgardspaviljong-3x3m-stabil-och-vinterbestandig-med-sidodelar-nat-och-krok-hardtop-morkgra\/#primaryimage"},"image":{"@id":"https:\/\/truusk.store\/sv\/produkt\/truusk-vattentat-tradgardspaviljong-3x3m-stabil-och-vinterbestandig-med-sidodelar-nat-och-krok-hardtop-morkgra\/#primaryimage"},"thumbnailUrl":"https:\/\/i0.wp.com\/truusk.store\/wp-content\/uploads\/2026\/02\/paviljong-3-x-3-m-vattentat-stabil-vinterbestandig-tradgardspaviljong-med-sidodelar-nat-krok-hardtop-morkgra-1.webp?fit=2000%2C2000&ssl=1","datePublished":"2026-02-24T04:16:14+00:00","dateModified":"2026-03-12T08:46:45+00:00","breadcrumb":{"@id":"https:\/\/truusk.store\/sv\/produkt\/truusk-vattentat-tradgardspaviljong-3x3m-stabil-och-vinterbestandig-med-sidodelar-nat-och-krok-hardtop-morkgra\/#breadcrumb"},"inLanguage":"sv-SE","potentialAction":[{"@type":"ReadAction","target":["https:\/\/truusk.store\/sv\/produkt\/truusk-vattentat-tradgardspaviljong-3x3m-stabil-och-vinterbestandig-med-sidodelar-nat-och-krok-hardtop-morkgra\/"]}]},{"@type":"ImageObject","inLanguage":"sv-SE","@id":"https:\/\/truusk.store\/sv\/produkt\/truusk-vattentat-tradgardspaviljong-3x3m-stabil-och-vinterbestandig-med-sidodelar-nat-och-krok-hardtop-morkgra\/#primaryimage","url":"https:\/\/i0.wp.com\/truusk.store\/wp-content\/uploads\/2026\/02\/paviljong-3-x-3-m-vattentat-stabil-vinterbestandig-tradgardspaviljong-med-sidodelar-nat-krok-hardtop-morkgra-1.webp?fit=2000%2C2000&ssl=1","contentUrl":"https:\/\/i0.wp.com\/truusk.store\/wp-content\/uploads\/2026\/02\/paviljong-3-x-3-m-vattentat-stabil-vinterbestandig-tradgardspaviljong-med-sidodelar-nat-krok-hardtop-morkgra-1.webp?fit=2000%2C2000&ssl=1","width":2000,"height":2000},{"@type":"BreadcrumbList","@id":"https:\/\/truusk.store\/sv\/produkt\/truusk-vattentat-tradgardspaviljong-3x3m-stabil-och-vinterbestandig-med-sidodelar-nat-och-krok-hardtop-morkgra\/#breadcrumb","itemListElement":[{"@type":"ListItem","position":1,"name":"Home","item":"https:\/\/truusk.store\/sv\/"},{"@type":"ListItem","position":2,"name":"Shop","item":"https:\/\/truusk.store\/shop\/"},{"@type":"ListItem","position":3,"name":"TRUUSK Vattent\u00e4t Tr\u00e4dg\u00e5rdspaviljong 3x3m &#8211; Stabil och Vinterbest\u00e4ndig &#8211; Med Sidodelar, N\u00e4t och Krok Hardtop &#8211; M\u00f6rkgr\u00e5"}]},{"@type":"WebSite","@id":"https:\/\/truusk.store\/sv\/#website","url":"https:\/\/truusk.store\/sv\/","name":"TRUUSK - Hem, Tr\u00e4dg\u00e5rd & Fritid","description":"","publisher":{"@id":"https:\/\/truusk.store\/sv\/#organization"},"potentialAction":[{"@type":"SearchAction","target":{"@type":"EntryPoint","urlTemplate":"https:\/\/truusk.store\/sv\/?s={search_term_string}"},"query-input":{"@type":"PropertyValueSpecification","valueRequired":true,"valueName":"search_term_string"}}],"inLanguage":"sv-SE"},{"@type":"Organization","@id":"https:\/\/truusk.store\/sv\/#organization","name":"TRUUSK - Hem, Tr\u00e4dg\u00e5rd & Fritid","url":"https:\/\/truusk.store\/sv\/","logo":{"@type":"ImageObject","inLanguage":"sv-SE","@id":"https:\/\/truusk.store\/sv\/#\/schema\/logo\/image\/","url":"https:\/\/i0.wp.com\/truusk.store\/wp-content\/uploads\/2026\/03\/cropped-TRUUSK.png?fit=2032%2C917&ssl=1","contentUrl":"https:\/\/i0.wp.com\/truusk.store\/wp-content\/uploads\/2026\/03\/cropped-TRUUSK.png?fit=2032%2C917&ssl=1","width":2032,"height":917,"caption":"TRUUSK - Hem, Tr\u00e4dg\u00e5rd & Fritid"},"image":{"@id":"https:\/\/truusk.store\/sv\/#\/schema\/logo\/image\/"}}]}},"jetpack_sharing_enabled":true,"_links":{"self":[{"href":"https:\/\/truusk.store\/sv\/wp-json\/wp\/v2\/product\/105055","targetHints":{"allow":["GET"]}}],"collection":[{"href":"https:\/\/truusk.store\/sv\/wp-json\/wp\/v2\/product"}],"about":[{"href":"https:\/\/truusk.store\/sv\/wp-json\/wp\/v2\/types\/product"}],"wp:featuredmedia":[{"embeddable":true,"href":"https:\/\/truusk.store\/sv\/wp-json\/wp\/v2\/media\/105043"}],"wp:attachment":[{"href":"https:\/\/truusk.store\/sv\/wp-json\/wp\/v2\/media?parent=105055"}],"wp:term":[{"taxonomy":"product_brand","embeddable":true,"href":"https:\/\/truusk.store\/sv\/wp-json\/wp\/v2\/product_brand?post=105055"},{"taxonomy":"product_cat","embeddable":true,"href":"https:\/\/truusk.store\/sv\/wp-json\/wp\/v2\/product_cat?post=105055"},{"taxonomy":"product_tag","embeddable":true,"href":"https:\/\/truusk.store\/sv\/wp-json\/wp\/v2\/product_tag?post=105055"}],"curies":[{"name":"wp","href":"https:\/\/api.w.org\/{rel}","templated":true}]}}