{"id":105075,"date":"2026-02-24T05:18:05","date_gmt":"2026-02-24T04:18:05","guid":{"rendered":"https:\/\/truusk.store\/product\/kattlada-med-lock-katttoalett-med-spade-bottenlada-ingangspedal-for-katter-upp-till-5-kg-405x52x39-cm-gra\/"},"modified":"2026-03-12T09:46:48","modified_gmt":"2026-03-12T08:46:48","slug":"truusk-katttoalett-med-lock-med-spade-och-ingangspedal-for-katter-upp-till-5-kg-405x52x39-cm-gra","status":"publish","type":"product","link":"https:\/\/truusk.store\/sv\/produkt\/truusk-katttoalett-med-lock-med-spade-och-ingangspedal-for-katter-upp-till-5-kg-405x52x39-cm-gra\/","title":{"rendered":"TRUUSK Katttoalett med Lock &#8211; Med Spade och Ing\u00e5ngspedal &#8211; F\u00f6r Katter upp till 5 kg &#8211; 40,5x52x39 cm &#8211; Gr\u00e5"},"content":{"rendered":"<p>Uppt\u00e4ck [BRAND NAME]-kattl\u00e5dan med lock, som erbjuder privatliv och renlighet. Med sin genomskinliga vikd\u00f6rr och dubbla doftp\u00e5sar f\u00e5ngas lukter effektivt. Den l\u00e4tta att reng\u00f6ra designen med bottenl\u00e5da och spade samt det str\u00f6resistenta ing\u00e5ngspedalen f\u00f6rhindrar oordning. Dessutom \u00e4r den l\u00e4tt att transportera tack vare b\u00e4rhandtaget.<\/p>\n<p>Beskrivning:<\/p>\n<ul>\n<li> Sluten design med genomskinlig vikd\u00f6rr f\u00f6r privatliv och luktkontroll<\/li>\n<li> Tv\u00e5 utbytbara doftp\u00e5sar f\u00f6r effektiv luktkontroll<\/li>\n<li> L\u00e4tt att reng\u00f6ra tack vare bottenl\u00e5dan<\/li>\n<li> Inkluderar en str\u00f6spade f\u00f6r enkel underh\u00e5ll<\/li>\n<li> Framing\u00e5ng med str\u00f6l\u00e4ckagepedal minskar oordning<\/li>\n<li> B\u00e4rhandtag f\u00f6r enkel mobilitet<\/li>\n<li> L\u00e4mplig f\u00f6r katter under 5 kg<\/li>\n<li> Ingen montering kr\u00e4vs.<\/li>\n<\/ul>\n<p> Tekniska specifikationer:<\/p>\n<ul>\n<li> F\u00e4rg: Gr\u00e5+Vit+Svart<\/li>\n<li> Material: Plast<\/li>\n<li> Totala m\u00e5tt: 40,5B x 52D x 39H cm<\/li>\n<li> Inre m\u00e5tt: 34B x 42,5D x 37H cm<\/li>\n<li> D\u00f6rm\u00e5tt: 26B x 19H cm<\/li>\n<li> L\u00e5dm\u00e5tt: 34B x 47,5D x 8,5H cm<\/li>\n<li> B\u00e4rhandtag: 14B x 7D cm<\/li>\n<li> Anti-str\u00f6pedal: 34B x 5H cm<\/li>\n<li> Filterfack: 14B x 6D x 1,5H cm<\/li>\n<li> Maximal kattvikt: 5 kg<\/li>\n<\/ul>\n<p>Leveransinneh\u00e5ll:<\/p>\n<ul>\n<li> 1 x Kattl\u00e5da<\/li>\n<li> 1 x Spade<\/li>\n<li> 2 x Doftp\u00e5sar<\/li>\n<li> 1 x Instruktioner<\/li>\n<\/ul>\n","protected":false},"excerpt":{"rendered":"<p>Uppt\u00e4ck [BRAND NAME]-kattl\u00e5dan med lock, som erbjuder privatliv och renlighet. Med sin genomskinliga vikd\u00f6rr och dubbla doftp\u00e5sar f\u00e5ngas lukter effektivt&#8230;.<\/p>\n","protected":false},"featured_media":105061,"template":"","meta":[],"product_brand":[],"product_cat":[878,594,588],"product_tag":[],"class_list":{"0":"post-105075","1":"product","2":"type-product","3":"status-publish","4":"has-post-thumbnail","6":"product_cat-djurbehov","7":"product_cat-kattlador","8":"product_cat-katttillbehor","10":"first","11":"instock","12":"sale","13":"taxable","14":"shipping-taxable","15":"purchasable","16":"product-type-simple"},"yoast_head":"<!-- This site is optimized with the Yoast SEO plugin v25.4 - https:\/\/yoast.com\/wordpress\/plugins\/seo\/ -->\n<title>TRUUSK Katttoalett med Lock - Med Spade och Ing\u00e5ngspedal - F\u00f6r Katter upp till 5 kg - 40,5x52x39 cm - Gr\u00e5 - TRUUSK - Hem, Tr\u00e4dg\u00e5rd &amp; Fritid<\/title>\n<meta name=\"robots\" content=\"index, follow, max-snippet:-1, max-image-preview:large, max-video-preview:-1\" \/>\n<link rel=\"canonical\" href=\"https:\/\/truusk.store\/sv\/produkt\/truusk-katttoalett-med-lock-med-spade-och-ingangspedal-for-katter-upp-till-5-kg-405x52x39-cm-gra\/\" \/>\n<meta property=\"og:locale\" content=\"sv_SE\" \/>\n<meta property=\"og:type\" content=\"article\" \/>\n<meta property=\"og:title\" content=\"TRUUSK Katttoalett med Lock - Med Spade och Ing\u00e5ngspedal - F\u00f6r Katter upp till 5 kg - 40,5x52x39 cm - Gr\u00e5 - TRUUSK - Hem, Tr\u00e4dg\u00e5rd &amp; Fritid\" \/>\n<meta property=\"og:description\" content=\"Uppt\u00e4ck [BRAND NAME]-kattl\u00e5dan med lock, som erbjuder privatliv och renlighet. Med sin genomskinliga vikd\u00f6rr och dubbla doftp\u00e5sar f\u00e5ngas lukter effektivt....\" \/>\n<meta property=\"og:url\" content=\"https:\/\/truusk.store\/sv\/produkt\/truusk-katttoalett-med-lock-med-spade-och-ingangspedal-for-katter-upp-till-5-kg-405x52x39-cm-gra\/\" \/>\n<meta property=\"og:site_name\" content=\"TRUUSK - Hem, Tr\u00e4dg\u00e5rd &amp; Fritid\" \/>\n<meta property=\"article:modified_time\" content=\"2026-03-12T08:46:48+00:00\" \/>\n<meta property=\"og:image\" content=\"https:\/\/i0.wp.com\/truusk.se\/wp-content\/uploads\/2026\/02\/kattlada-med-lock-katttoalett-med-spade-bottenlada-ingangspedal-for-katter-upp-till-5-kg-405x52x39-cm-gra-1.webp?fit=2000%2C2000&ssl=1\" \/>\n\t<meta property=\"og:image:width\" content=\"2000\" \/>\n\t<meta property=\"og:image:height\" content=\"2000\" \/>\n\t<meta property=\"og:image:type\" content=\"image\/webp\" \/>\n<meta name=\"twitter:card\" content=\"summary_large_image\" \/>\n<meta name=\"twitter:label1\" content=\"Ber\u00e4knad l\u00e4stid\" \/>\n\t<meta name=\"twitter:data1\" content=\"1 minut\" \/>\n<!-- \/ Yoast SEO plugin. -->","yoast_head_json":{"title":"TRUUSK Katttoalett med Lock - Med Spade och Ing\u00e5ngspedal - F\u00f6r Katter upp till 5 kg - 40,5x52x39 cm - Gr\u00e5 - TRUUSK - Hem, Tr\u00e4dg\u00e5rd &amp; Fritid","robots":{"index":"index","follow":"follow","max-snippet":"max-snippet:-1","max-image-preview":"max-image-preview:large","max-video-preview":"max-video-preview:-1"},"canonical":"https:\/\/truusk.store\/sv\/produkt\/truusk-katttoalett-med-lock-med-spade-och-ingangspedal-for-katter-upp-till-5-kg-405x52x39-cm-gra\/","og_locale":"sv_SE","og_type":"article","og_title":"TRUUSK Katttoalett med Lock - Med Spade och Ing\u00e5ngspedal - F\u00f6r Katter upp till 5 kg - 40,5x52x39 cm - Gr\u00e5 - TRUUSK - Hem, Tr\u00e4dg\u00e5rd &amp; Fritid","og_description":"Uppt\u00e4ck [BRAND NAME]-kattl\u00e5dan med lock, som erbjuder privatliv och renlighet. Med sin genomskinliga vikd\u00f6rr och dubbla doftp\u00e5sar f\u00e5ngas lukter effektivt....","og_url":"https:\/\/truusk.store\/sv\/produkt\/truusk-katttoalett-med-lock-med-spade-och-ingangspedal-for-katter-upp-till-5-kg-405x52x39-cm-gra\/","og_site_name":"TRUUSK - Hem, Tr\u00e4dg\u00e5rd &amp; Fritid","article_modified_time":"2026-03-12T08:46:48+00:00","og_image":[{"width":2000,"height":2000,"url":"https:\/\/i0.wp.com\/truusk.se\/wp-content\/uploads\/2026\/02\/kattlada-med-lock-katttoalett-med-spade-bottenlada-ingangspedal-for-katter-upp-till-5-kg-405x52x39-cm-gra-1.webp?fit=2000%2C2000&ssl=1","type":"image\/webp"}],"twitter_card":"summary_large_image","twitter_misc":{"Ber\u00e4knad l\u00e4stid":"1 minut"},"schema":{"@context":"https:\/\/schema.org","@graph":[{"@type":"WebPage","@id":"https:\/\/truusk.store\/sv\/produkt\/truusk-katttoalett-med-lock-med-spade-och-ingangspedal-for-katter-upp-till-5-kg-405x52x39-cm-gra\/","url":"https:\/\/truusk.store\/sv\/produkt\/truusk-katttoalett-med-lock-med-spade-och-ingangspedal-for-katter-upp-till-5-kg-405x52x39-cm-gra\/","name":"TRUUSK Katttoalett med Lock - Med Spade och Ing\u00e5ngspedal - F\u00f6r Katter upp till 5 kg - 40,5x52x39 cm - Gr\u00e5 - TRUUSK - Hem, Tr\u00e4dg\u00e5rd &amp; Fritid","isPartOf":{"@id":"https:\/\/truusk.store\/sv\/#website"},"primaryImageOfPage":{"@id":"https:\/\/truusk.store\/sv\/produkt\/truusk-katttoalett-med-lock-med-spade-och-ingangspedal-for-katter-upp-till-5-kg-405x52x39-cm-gra\/#primaryimage"},"image":{"@id":"https:\/\/truusk.store\/sv\/produkt\/truusk-katttoalett-med-lock-med-spade-och-ingangspedal-for-katter-upp-till-5-kg-405x52x39-cm-gra\/#primaryimage"},"thumbnailUrl":"https:\/\/i0.wp.com\/truusk.store\/wp-content\/uploads\/2026\/02\/kattlada-med-lock-katttoalett-med-spade-bottenlada-ingangspedal-for-katter-upp-till-5-kg-405x52x39-cm-gra-1.webp?fit=2000%2C2000&ssl=1","datePublished":"2026-02-24T04:18:05+00:00","dateModified":"2026-03-12T08:46:48+00:00","breadcrumb":{"@id":"https:\/\/truusk.store\/sv\/produkt\/truusk-katttoalett-med-lock-med-spade-och-ingangspedal-for-katter-upp-till-5-kg-405x52x39-cm-gra\/#breadcrumb"},"inLanguage":"sv-SE","potentialAction":[{"@type":"ReadAction","target":["https:\/\/truusk.store\/sv\/produkt\/truusk-katttoalett-med-lock-med-spade-och-ingangspedal-for-katter-upp-till-5-kg-405x52x39-cm-gra\/"]}]},{"@type":"ImageObject","inLanguage":"sv-SE","@id":"https:\/\/truusk.store\/sv\/produkt\/truusk-katttoalett-med-lock-med-spade-och-ingangspedal-for-katter-upp-till-5-kg-405x52x39-cm-gra\/#primaryimage","url":"https:\/\/i0.wp.com\/truusk.store\/wp-content\/uploads\/2026\/02\/kattlada-med-lock-katttoalett-med-spade-bottenlada-ingangspedal-for-katter-upp-till-5-kg-405x52x39-cm-gra-1.webp?fit=2000%2C2000&ssl=1","contentUrl":"https:\/\/i0.wp.com\/truusk.store\/wp-content\/uploads\/2026\/02\/kattlada-med-lock-katttoalett-med-spade-bottenlada-ingangspedal-for-katter-upp-till-5-kg-405x52x39-cm-gra-1.webp?fit=2000%2C2000&ssl=1","width":2000,"height":2000},{"@type":"BreadcrumbList","@id":"https:\/\/truusk.store\/sv\/produkt\/truusk-katttoalett-med-lock-med-spade-och-ingangspedal-for-katter-upp-till-5-kg-405x52x39-cm-gra\/#breadcrumb","itemListElement":[{"@type":"ListItem","position":1,"name":"Home","item":"https:\/\/truusk.store\/sv\/"},{"@type":"ListItem","position":2,"name":"Shop","item":"https:\/\/truusk.store\/shop\/"},{"@type":"ListItem","position":3,"name":"TRUUSK Katttoalett med Lock &#8211; Med Spade och Ing\u00e5ngspedal &#8211; F\u00f6r Katter upp till 5 kg &#8211; 40,5x52x39 cm &#8211; Gr\u00e5"}]},{"@type":"WebSite","@id":"https:\/\/truusk.store\/sv\/#website","url":"https:\/\/truusk.store\/sv\/","name":"TRUUSK - Hem, Tr\u00e4dg\u00e5rd & Fritid","description":"","publisher":{"@id":"https:\/\/truusk.store\/sv\/#organization"},"potentialAction":[{"@type":"SearchAction","target":{"@type":"EntryPoint","urlTemplate":"https:\/\/truusk.store\/sv\/?s={search_term_string}"},"query-input":{"@type":"PropertyValueSpecification","valueRequired":true,"valueName":"search_term_string"}}],"inLanguage":"sv-SE"},{"@type":"Organization","@id":"https:\/\/truusk.store\/sv\/#organization","name":"TRUUSK - Hem, Tr\u00e4dg\u00e5rd & Fritid","url":"https:\/\/truusk.store\/sv\/","logo":{"@type":"ImageObject","inLanguage":"sv-SE","@id":"https:\/\/truusk.store\/sv\/#\/schema\/logo\/image\/","url":"https:\/\/i0.wp.com\/truusk.store\/wp-content\/uploads\/2026\/03\/cropped-TRUUSK.png?fit=2032%2C917&ssl=1","contentUrl":"https:\/\/i0.wp.com\/truusk.store\/wp-content\/uploads\/2026\/03\/cropped-TRUUSK.png?fit=2032%2C917&ssl=1","width":2032,"height":917,"caption":"TRUUSK - Hem, Tr\u00e4dg\u00e5rd & Fritid"},"image":{"@id":"https:\/\/truusk.store\/sv\/#\/schema\/logo\/image\/"}}]}},"jetpack_sharing_enabled":true,"_links":{"self":[{"href":"https:\/\/truusk.store\/sv\/wp-json\/wp\/v2\/product\/105075","targetHints":{"allow":["GET"]}}],"collection":[{"href":"https:\/\/truusk.store\/sv\/wp-json\/wp\/v2\/product"}],"about":[{"href":"https:\/\/truusk.store\/sv\/wp-json\/wp\/v2\/types\/product"}],"wp:featuredmedia":[{"embeddable":true,"href":"https:\/\/truusk.store\/sv\/wp-json\/wp\/v2\/media\/105061"}],"wp:attachment":[{"href":"https:\/\/truusk.store\/sv\/wp-json\/wp\/v2\/media?parent=105075"}],"wp:term":[{"taxonomy":"product_brand","embeddable":true,"href":"https:\/\/truusk.store\/sv\/wp-json\/wp\/v2\/product_brand?post=105075"},{"taxonomy":"product_cat","embeddable":true,"href":"https:\/\/truusk.store\/sv\/wp-json\/wp\/v2\/product_cat?post=105075"},{"taxonomy":"product_tag","embeddable":true,"href":"https:\/\/truusk.store\/sv\/wp-json\/wp\/v2\/product_tag?post=105075"}],"curies":[{"name":"wp","href":"https:\/\/api.w.org\/{rel}","templated":true}]}}