{"id":105106,"date":"2026-02-24T05:21:12","date_gmt":"2026-02-24T04:21:12","guid":{"rendered":"https:\/\/truusk.store\/product\/2-pack-solstolar-hopfallbara-tradgardsstolar-med-kudde-5-faldigt-justerbar-ryggstod-sidoficka-svart\/"},"modified":"2026-03-12T08:40:22","modified_gmt":"2026-03-12T07:40:22","slug":"truusk-2-pack-hopfallbara-solstolar-justerbar-ryggstod-sidoficka-med-kudde-svart","status":"publish","type":"product","link":"https:\/\/truusk.store\/sv\/produkt\/truusk-2-pack-hopfallbara-solstolar-justerbar-ryggstod-sidoficka-med-kudde-svart\/","title":{"rendered":"TRUUSK 2-pack Hopf\u00e4llbara Solstolar &#8211; Justerbar Ryggst\u00f6d &#8211; Sidoficka &#8211; Med Kudde &#8211; Svart"},"content":{"rendered":"<p>Njut av avkopplande stunder utomhus med en v\u00e4n med detta [BRAND NAME] 2-pack solstolar. De fem justerbara ryggst\u00f6den erbjuder individuell komfort. De stabila ramarna av pulverlackerat st\u00e5l garanterar h\u00e5llbarhet och st\u00f6d. Praktiska sidofickor kompletterar designen av solstolarna &#8211; perfekt f\u00f6r extra komfort och funktionalitet.<\/p>\n<p>Beskrivning:<\/p>\n<ul>\n<li> Set med tv\u00e5 tr\u00e4dg\u00e5rdsstolar. Koppla av utomhus i s\u00e4llskap<\/li>\n<li> Fem-stegs justerbara ryggst\u00f6d: St\u00e4ll in \u00f6nskad position<\/li>\n<li> Max. lutningsvinkel p\u00e5 180 grader<\/li>\n<li> F\u00e4llbart design g\u00f6r tr\u00e4dg\u00e5rdsstolen l\u00e4tt att b\u00e4ra och f\u00f6rvara<\/li>\n<li> Sidoficka f\u00f6r f\u00f6rvaring av tidningar, b\u00f6cker eller telefoner<\/li>\n<li> Andningsbart mesh-tyg med elastiska band f\u00f6r tryckavlastande liggande<\/li>\n<li> Torkar snabbt efter att ha blivit v\u00e5t, utan att p\u00e5verka anv\u00e4ndningen<\/li>\n<li> Huvudst\u00f6d och kuddar f\u00f6r optimal komfort och bekv\u00e4mlighet<\/li>\n<li> Pulverlackerade st\u00e5lramar f\u00f6r stabil st\u00f6d<\/li>\n<li> Maximal belastning 120kg, ingen montering kr\u00e4vs<\/li>\n<\/ul>\n<p> Tekniska data:<\/p>\n<ul>\n<li> F\u00e4rg: Svart<\/li>\n<li> Material: St\u00e5l, n\u00e4ttyg, 3D-n\u00e4ttyg, polyeten<\/li>\n<li> Totala dimensioner: 68B x 189D x 38\/41\/57\/72\/82H cm<\/li>\n<li> F\u00e4lld storlek: 76L x 68B x 15H cm<\/li>\n<li> Sitsstorlek: 68B x 130D cm<\/li>\n<li> Sitth\u00f6jd: (utan kudde) 36 cm<\/li>\n<li> Ryggstorlek: 59L x 68B cm<\/li>\n<li> Magasinfack: 30L x 24B cm<\/li>\n<li> Belastningskapacitet: 120 kg<\/li>\n<\/ul>\n<p>Leveransinneh\u00e5ll:<\/p>\n<ul>\n<li> 2 x utomhus loungestolar<\/li>\n<li> 1 x handbok<\/li>\n<\/ul>\n","protected":false},"excerpt":{"rendered":"<p>Njut av avkopplande stunder utomhus med en v\u00e4n med detta [BRAND NAME] 2-pack solstolar. De fem justerbara ryggst\u00f6den erbjuder individuell&#8230;<\/p>\n","protected":false},"featured_media":105093,"template":"","meta":[],"product_brand":[],"product_cat":[451,858,450],"product_tag":[],"class_list":{"0":"post-105106","1":"product","2":"type-product","3":"status-publish","4":"has-post-thumbnail","6":"product_cat-solstolar","7":"product_cat-tradgard-terrass","8":"product_cat-tradgardsmobler","10":"first","11":"instock","12":"sale","13":"taxable","14":"shipping-taxable","15":"purchasable","16":"product-type-simple"},"yoast_head":"<!-- This site is optimized with the Yoast SEO plugin v25.4 - https:\/\/yoast.com\/wordpress\/plugins\/seo\/ -->\n<title>TRUUSK 2-pack Hopf\u00e4llbara Solstolar - Justerbar Ryggst\u00f6d - Sidoficka - Med Kudde - Svart - TRUUSK - Hem, Tr\u00e4dg\u00e5rd &amp; Fritid<\/title>\n<meta name=\"robots\" content=\"index, follow, max-snippet:-1, max-image-preview:large, max-video-preview:-1\" \/>\n<link rel=\"canonical\" href=\"https:\/\/truusk.store\/sv\/produkt\/truusk-2-pack-hopfallbara-solstolar-justerbar-ryggstod-sidoficka-med-kudde-svart\/\" \/>\n<meta property=\"og:locale\" content=\"sv_SE\" \/>\n<meta property=\"og:type\" content=\"article\" \/>\n<meta property=\"og:title\" content=\"TRUUSK 2-pack Hopf\u00e4llbara Solstolar - Justerbar Ryggst\u00f6d - Sidoficka - Med Kudde - Svart - TRUUSK - Hem, Tr\u00e4dg\u00e5rd &amp; Fritid\" \/>\n<meta property=\"og:description\" content=\"Njut av avkopplande stunder utomhus med en v\u00e4n med detta [BRAND NAME] 2-pack solstolar. De fem justerbara ryggst\u00f6den erbjuder individuell...\" \/>\n<meta property=\"og:url\" content=\"https:\/\/truusk.store\/sv\/produkt\/truusk-2-pack-hopfallbara-solstolar-justerbar-ryggstod-sidoficka-med-kudde-svart\/\" \/>\n<meta property=\"og:site_name\" content=\"TRUUSK - Hem, Tr\u00e4dg\u00e5rd &amp; Fritid\" \/>\n<meta property=\"article:modified_time\" content=\"2026-03-12T07:40:22+00:00\" \/>\n<meta property=\"og:image\" content=\"https:\/\/i0.wp.com\/truusk.se\/wp-content\/uploads\/2026\/02\/2-pack-solstolar-hopfallbara-tradgardsstolar-med-kudde-5-faldigt-justerbar-ryggstod-sidoficka-svart-1.webp?fit=2000%2C2000&ssl=1\" \/>\n\t<meta property=\"og:image:width\" content=\"2000\" \/>\n\t<meta property=\"og:image:height\" content=\"2000\" \/>\n\t<meta property=\"og:image:type\" content=\"image\/webp\" \/>\n<meta name=\"twitter:card\" content=\"summary_large_image\" \/>\n<meta name=\"twitter:label1\" content=\"Ber\u00e4knad l\u00e4stid\" \/>\n\t<meta name=\"twitter:data1\" content=\"1 minut\" \/>\n<!-- \/ Yoast SEO plugin. -->","yoast_head_json":{"title":"TRUUSK 2-pack Hopf\u00e4llbara Solstolar - Justerbar Ryggst\u00f6d - Sidoficka - Med Kudde - Svart - TRUUSK - Hem, Tr\u00e4dg\u00e5rd &amp; Fritid","robots":{"index":"index","follow":"follow","max-snippet":"max-snippet:-1","max-image-preview":"max-image-preview:large","max-video-preview":"max-video-preview:-1"},"canonical":"https:\/\/truusk.store\/sv\/produkt\/truusk-2-pack-hopfallbara-solstolar-justerbar-ryggstod-sidoficka-med-kudde-svart\/","og_locale":"sv_SE","og_type":"article","og_title":"TRUUSK 2-pack Hopf\u00e4llbara Solstolar - Justerbar Ryggst\u00f6d - Sidoficka - Med Kudde - Svart - TRUUSK - Hem, Tr\u00e4dg\u00e5rd &amp; Fritid","og_description":"Njut av avkopplande stunder utomhus med en v\u00e4n med detta [BRAND NAME] 2-pack solstolar. De fem justerbara ryggst\u00f6den erbjuder individuell...","og_url":"https:\/\/truusk.store\/sv\/produkt\/truusk-2-pack-hopfallbara-solstolar-justerbar-ryggstod-sidoficka-med-kudde-svart\/","og_site_name":"TRUUSK - Hem, Tr\u00e4dg\u00e5rd &amp; Fritid","article_modified_time":"2026-03-12T07:40:22+00:00","og_image":[{"width":2000,"height":2000,"url":"https:\/\/i0.wp.com\/truusk.se\/wp-content\/uploads\/2026\/02\/2-pack-solstolar-hopfallbara-tradgardsstolar-med-kudde-5-faldigt-justerbar-ryggstod-sidoficka-svart-1.webp?fit=2000%2C2000&ssl=1","type":"image\/webp"}],"twitter_card":"summary_large_image","twitter_misc":{"Ber\u00e4knad l\u00e4stid":"1 minut"},"schema":{"@context":"https:\/\/schema.org","@graph":[{"@type":"WebPage","@id":"https:\/\/truusk.store\/sv\/produkt\/truusk-2-pack-hopfallbara-solstolar-justerbar-ryggstod-sidoficka-med-kudde-svart\/","url":"https:\/\/truusk.store\/sv\/produkt\/truusk-2-pack-hopfallbara-solstolar-justerbar-ryggstod-sidoficka-med-kudde-svart\/","name":"TRUUSK 2-pack Hopf\u00e4llbara Solstolar - Justerbar Ryggst\u00f6d - Sidoficka - Med Kudde - Svart - TRUUSK - Hem, Tr\u00e4dg\u00e5rd &amp; Fritid","isPartOf":{"@id":"https:\/\/truusk.store\/sv\/#website"},"primaryImageOfPage":{"@id":"https:\/\/truusk.store\/sv\/produkt\/truusk-2-pack-hopfallbara-solstolar-justerbar-ryggstod-sidoficka-med-kudde-svart\/#primaryimage"},"image":{"@id":"https:\/\/truusk.store\/sv\/produkt\/truusk-2-pack-hopfallbara-solstolar-justerbar-ryggstod-sidoficka-med-kudde-svart\/#primaryimage"},"thumbnailUrl":"https:\/\/i0.wp.com\/truusk.store\/wp-content\/uploads\/2026\/02\/2-pack-solstolar-hopfallbara-tradgardsstolar-med-kudde-5-faldigt-justerbar-ryggstod-sidoficka-svart-1.webp?fit=2000%2C2000&ssl=1","datePublished":"2026-02-24T04:21:12+00:00","dateModified":"2026-03-12T07:40:22+00:00","breadcrumb":{"@id":"https:\/\/truusk.store\/sv\/produkt\/truusk-2-pack-hopfallbara-solstolar-justerbar-ryggstod-sidoficka-med-kudde-svart\/#breadcrumb"},"inLanguage":"sv-SE","potentialAction":[{"@type":"ReadAction","target":["https:\/\/truusk.store\/sv\/produkt\/truusk-2-pack-hopfallbara-solstolar-justerbar-ryggstod-sidoficka-med-kudde-svart\/"]}]},{"@type":"ImageObject","inLanguage":"sv-SE","@id":"https:\/\/truusk.store\/sv\/produkt\/truusk-2-pack-hopfallbara-solstolar-justerbar-ryggstod-sidoficka-med-kudde-svart\/#primaryimage","url":"https:\/\/i0.wp.com\/truusk.store\/wp-content\/uploads\/2026\/02\/2-pack-solstolar-hopfallbara-tradgardsstolar-med-kudde-5-faldigt-justerbar-ryggstod-sidoficka-svart-1.webp?fit=2000%2C2000&ssl=1","contentUrl":"https:\/\/i0.wp.com\/truusk.store\/wp-content\/uploads\/2026\/02\/2-pack-solstolar-hopfallbara-tradgardsstolar-med-kudde-5-faldigt-justerbar-ryggstod-sidoficka-svart-1.webp?fit=2000%2C2000&ssl=1","width":2000,"height":2000},{"@type":"BreadcrumbList","@id":"https:\/\/truusk.store\/sv\/produkt\/truusk-2-pack-hopfallbara-solstolar-justerbar-ryggstod-sidoficka-med-kudde-svart\/#breadcrumb","itemListElement":[{"@type":"ListItem","position":1,"name":"Home","item":"https:\/\/truusk.store\/sv\/"},{"@type":"ListItem","position":2,"name":"Shop","item":"https:\/\/truusk.store\/shop\/"},{"@type":"ListItem","position":3,"name":"TRUUSK 2-pack Hopf\u00e4llbara Solstolar &#8211; Justerbar Ryggst\u00f6d &#8211; Sidoficka &#8211; Med Kudde &#8211; Svart"}]},{"@type":"WebSite","@id":"https:\/\/truusk.store\/sv\/#website","url":"https:\/\/truusk.store\/sv\/","name":"TRUUSK - Hem, Tr\u00e4dg\u00e5rd & Fritid","description":"","publisher":{"@id":"https:\/\/truusk.store\/sv\/#organization"},"potentialAction":[{"@type":"SearchAction","target":{"@type":"EntryPoint","urlTemplate":"https:\/\/truusk.store\/sv\/?s={search_term_string}"},"query-input":{"@type":"PropertyValueSpecification","valueRequired":true,"valueName":"search_term_string"}}],"inLanguage":"sv-SE"},{"@type":"Organization","@id":"https:\/\/truusk.store\/sv\/#organization","name":"TRUUSK - Hem, Tr\u00e4dg\u00e5rd & Fritid","url":"https:\/\/truusk.store\/sv\/","logo":{"@type":"ImageObject","inLanguage":"sv-SE","@id":"https:\/\/truusk.store\/sv\/#\/schema\/logo\/image\/","url":"https:\/\/i0.wp.com\/truusk.store\/wp-content\/uploads\/2026\/03\/cropped-TRUUSK.png?fit=2032%2C917&ssl=1","contentUrl":"https:\/\/i0.wp.com\/truusk.store\/wp-content\/uploads\/2026\/03\/cropped-TRUUSK.png?fit=2032%2C917&ssl=1","width":2032,"height":917,"caption":"TRUUSK - Hem, Tr\u00e4dg\u00e5rd & Fritid"},"image":{"@id":"https:\/\/truusk.store\/sv\/#\/schema\/logo\/image\/"}}]}},"jetpack_sharing_enabled":true,"_links":{"self":[{"href":"https:\/\/truusk.store\/sv\/wp-json\/wp\/v2\/product\/105106","targetHints":{"allow":["GET"]}}],"collection":[{"href":"https:\/\/truusk.store\/sv\/wp-json\/wp\/v2\/product"}],"about":[{"href":"https:\/\/truusk.store\/sv\/wp-json\/wp\/v2\/types\/product"}],"wp:featuredmedia":[{"embeddable":true,"href":"https:\/\/truusk.store\/sv\/wp-json\/wp\/v2\/media\/105093"}],"wp:attachment":[{"href":"https:\/\/truusk.store\/sv\/wp-json\/wp\/v2\/media?parent=105106"}],"wp:term":[{"taxonomy":"product_brand","embeddable":true,"href":"https:\/\/truusk.store\/sv\/wp-json\/wp\/v2\/product_brand?post=105106"},{"taxonomy":"product_cat","embeddable":true,"href":"https:\/\/truusk.store\/sv\/wp-json\/wp\/v2\/product_cat?post=105106"},{"taxonomy":"product_tag","embeddable":true,"href":"https:\/\/truusk.store\/sv\/wp-json\/wp\/v2\/product_tag?post=105106"}],"curies":[{"name":"wp","href":"https:\/\/api.w.org\/{rel}","templated":true}]}}