{"id":105138,"date":"2026-02-24T05:24:47","date_gmt":"2026-02-24T04:24:47","guid":{"rendered":"https:\/\/truusk.store\/product\/paviljong-med-fallbar-takforlangning-vaderbestandig-3-x-25-m-morkgra\/"},"modified":"2026-03-12T08:41:21","modified_gmt":"2026-03-12T07:41:21","slug":"truusk-paviljong-med-fallbart-takforlangning-vaderbestandig-3x25m-morkgra","status":"publish","type":"product","link":"https:\/\/truusk.store\/sv\/produkt\/truusk-paviljong-med-fallbart-takforlangning-vaderbestandig-3x25m-morkgra\/","title":{"rendered":"TRUUSK Paviljong med F\u00e4llbart Takf\u00f6rl\u00e4ngning &#8211; V\u00e4derbest\u00e4ndig &#8211; 3&#215;2,5m &#8211; M\u00f6rkgr\u00e5"},"content":{"rendered":"<p>Skapa en elegant plats f\u00f6r avkoppling och socialt umg\u00e4nge med detta fantastiska frist\u00e5ende terrasstak fr\u00e5n [BRAND NAME]. Paviljongen med f\u00e4llbart tak ger s\u00e4kert skydd mot sol och l\u00e4tt regn. Dessutom kan den sidovisa takf\u00f6rl\u00e4ngningen f\u00e4llas in och ut f\u00f6r att vid behov ge mer skugga eller b\u00e4ttre vindskydd. Den stabila st\u00e5lramen kan ocks\u00e5 monteras p\u00e5 v\u00e4ggen om s\u00e5 \u00f6nskas &#8211; perfekt f\u00f6r terrassen och tr\u00e4dg\u00e5rden.<\/p>\n<p>Beskrivning:<\/p>\n<ul>\n<li> Robust, v\u00e4derbest\u00e4ndig st\u00e5lram f\u00f6r pergolan \u00e4r stabil och stadig<\/li>\n<li> Taket \u00e4r tillverkat av UV-resistent och vattenavvisande polyester<\/li>\n<li> F\u00e4llbar takf\u00f6rl\u00e4ngning p\u00e5 paviljongen kan anv\u00e4ndas som sol- eller vindskydd efter behov<\/li>\n<li> Avloppsh\u00e5l p\u00e5 paviljongen f\u00f6r avledning av regnvatten<\/li>\n<li> Idealisk f\u00f6r din tr\u00e4dg\u00e5rd, terrass och andra utomhusomr\u00e5den<\/li>\n<li> V\u00e4ggmontering \u00e4r m\u00f6jlig<\/li>\n<\/ul>\n<p> Tekniska data:<\/p>\n<ul>\n<li> F\u00e4rg: Svart+M\u00f6rkgr\u00e5<\/li>\n<li> Material: St\u00e5l, Polyester<\/li>\n<li> Vikt: 25,7 kg<\/li>\n<li> Totala m\u00e5tt: 300L x 250B x 200\u2013250H cm<\/li>\n<li> M\u00e5tt p\u00e5 takf\u00f6rl\u00e4ngning: 298L x 116B x 190H cm<\/li>\n<\/ul>\n<p>Leveransinneh\u00e5ll:<\/p>\n<ul>\n<li> 1 x Paviljong (inkl. tillbeh\u00f6r)<\/li>\n<li> 1 x Monteringsanvisning<\/li>\n<li>VIKTIGT:Vi levererar artikeln till dig kostnadsfritt till trottoarkanten. Var v\u00e4nlig och se till att adressen och telefonnumret \u00e4r korrekt..<\/li>\n<\/ul>\n","protected":false},"excerpt":{"rendered":"<p>Skapa en elegant plats f\u00f6r avkoppling och socialt umg\u00e4nge med detta fantastiska frist\u00e5ende terrasstak fr\u00e5n [BRAND NAME]. Paviljongen med f\u00e4llbart&#8230;<\/p>\n","protected":false},"featured_media":105126,"template":"","meta":[],"product_brand":[],"product_cat":[478,858,476],"product_tag":[],"class_list":{"0":"post-105138","1":"product","2":"type-product","3":"status-publish","4":"has-post-thumbnail","6":"product_cat-pergola","7":"product_cat-tradgard-terrass","8":"product_cat-tradgardspaviljonger","10":"first","11":"instock","12":"sale","13":"taxable","14":"shipping-taxable","15":"purchasable","16":"product-type-simple"},"yoast_head":"<!-- This site is optimized with the Yoast SEO plugin v25.4 - https:\/\/yoast.com\/wordpress\/plugins\/seo\/ -->\n<title>TRUUSK Paviljong med F\u00e4llbart Takf\u00f6rl\u00e4ngning - V\u00e4derbest\u00e4ndig - 3x2,5m - M\u00f6rkgr\u00e5 - TRUUSK - Hem, Tr\u00e4dg\u00e5rd &amp; Fritid<\/title>\n<meta name=\"robots\" content=\"index, follow, max-snippet:-1, max-image-preview:large, max-video-preview:-1\" \/>\n<link rel=\"canonical\" href=\"https:\/\/truusk.store\/sv\/produkt\/truusk-paviljong-med-fallbart-takforlangning-vaderbestandig-3x25m-morkgra\/\" \/>\n<meta property=\"og:locale\" content=\"sv_SE\" \/>\n<meta property=\"og:type\" content=\"article\" \/>\n<meta property=\"og:title\" content=\"TRUUSK Paviljong med F\u00e4llbart Takf\u00f6rl\u00e4ngning - V\u00e4derbest\u00e4ndig - 3x2,5m - M\u00f6rkgr\u00e5 - TRUUSK - Hem, Tr\u00e4dg\u00e5rd &amp; Fritid\" \/>\n<meta property=\"og:description\" content=\"Skapa en elegant plats f\u00f6r avkoppling och socialt umg\u00e4nge med detta fantastiska frist\u00e5ende terrasstak fr\u00e5n [BRAND NAME]. Paviljongen med f\u00e4llbart...\" \/>\n<meta property=\"og:url\" content=\"https:\/\/truusk.store\/sv\/produkt\/truusk-paviljong-med-fallbart-takforlangning-vaderbestandig-3x25m-morkgra\/\" \/>\n<meta property=\"og:site_name\" content=\"TRUUSK - Hem, Tr\u00e4dg\u00e5rd &amp; Fritid\" \/>\n<meta property=\"article:modified_time\" content=\"2026-03-12T07:41:21+00:00\" \/>\n<meta property=\"og:image\" content=\"https:\/\/i0.wp.com\/truusk.se\/wp-content\/uploads\/2026\/02\/paviljong-med-fallbar-takforlangning-vaderbestandig-3-x-25-m-morkgra-1.webp?fit=2000%2C2000&ssl=1\" \/>\n\t<meta property=\"og:image:width\" content=\"2000\" \/>\n\t<meta property=\"og:image:height\" content=\"2000\" \/>\n\t<meta property=\"og:image:type\" content=\"image\/webp\" \/>\n<meta name=\"twitter:card\" content=\"summary_large_image\" \/>\n<meta name=\"twitter:label1\" content=\"Ber\u00e4knad l\u00e4stid\" \/>\n\t<meta name=\"twitter:data1\" content=\"1 minut\" \/>\n<!-- \/ Yoast SEO plugin. -->","yoast_head_json":{"title":"TRUUSK Paviljong med F\u00e4llbart Takf\u00f6rl\u00e4ngning - V\u00e4derbest\u00e4ndig - 3x2,5m - M\u00f6rkgr\u00e5 - TRUUSK - Hem, Tr\u00e4dg\u00e5rd &amp; Fritid","robots":{"index":"index","follow":"follow","max-snippet":"max-snippet:-1","max-image-preview":"max-image-preview:large","max-video-preview":"max-video-preview:-1"},"canonical":"https:\/\/truusk.store\/sv\/produkt\/truusk-paviljong-med-fallbart-takforlangning-vaderbestandig-3x25m-morkgra\/","og_locale":"sv_SE","og_type":"article","og_title":"TRUUSK Paviljong med F\u00e4llbart Takf\u00f6rl\u00e4ngning - V\u00e4derbest\u00e4ndig - 3x2,5m - M\u00f6rkgr\u00e5 - TRUUSK - Hem, Tr\u00e4dg\u00e5rd &amp; Fritid","og_description":"Skapa en elegant plats f\u00f6r avkoppling och socialt umg\u00e4nge med detta fantastiska frist\u00e5ende terrasstak fr\u00e5n [BRAND NAME]. Paviljongen med f\u00e4llbart...","og_url":"https:\/\/truusk.store\/sv\/produkt\/truusk-paviljong-med-fallbart-takforlangning-vaderbestandig-3x25m-morkgra\/","og_site_name":"TRUUSK - Hem, Tr\u00e4dg\u00e5rd &amp; Fritid","article_modified_time":"2026-03-12T07:41:21+00:00","og_image":[{"width":2000,"height":2000,"url":"https:\/\/i0.wp.com\/truusk.se\/wp-content\/uploads\/2026\/02\/paviljong-med-fallbar-takforlangning-vaderbestandig-3-x-25-m-morkgra-1.webp?fit=2000%2C2000&ssl=1","type":"image\/webp"}],"twitter_card":"summary_large_image","twitter_misc":{"Ber\u00e4knad l\u00e4stid":"1 minut"},"schema":{"@context":"https:\/\/schema.org","@graph":[{"@type":"WebPage","@id":"https:\/\/truusk.store\/sv\/produkt\/truusk-paviljong-med-fallbart-takforlangning-vaderbestandig-3x25m-morkgra\/","url":"https:\/\/truusk.store\/sv\/produkt\/truusk-paviljong-med-fallbart-takforlangning-vaderbestandig-3x25m-morkgra\/","name":"TRUUSK Paviljong med F\u00e4llbart Takf\u00f6rl\u00e4ngning - V\u00e4derbest\u00e4ndig - 3x2,5m - M\u00f6rkgr\u00e5 - TRUUSK - Hem, Tr\u00e4dg\u00e5rd &amp; Fritid","isPartOf":{"@id":"https:\/\/truusk.store\/sv\/#website"},"primaryImageOfPage":{"@id":"https:\/\/truusk.store\/sv\/produkt\/truusk-paviljong-med-fallbart-takforlangning-vaderbestandig-3x25m-morkgra\/#primaryimage"},"image":{"@id":"https:\/\/truusk.store\/sv\/produkt\/truusk-paviljong-med-fallbart-takforlangning-vaderbestandig-3x25m-morkgra\/#primaryimage"},"thumbnailUrl":"https:\/\/i0.wp.com\/truusk.store\/wp-content\/uploads\/2026\/02\/paviljong-med-fallbar-takforlangning-vaderbestandig-3-x-25-m-morkgra-1.webp?fit=2000%2C2000&ssl=1","datePublished":"2026-02-24T04:24:47+00:00","dateModified":"2026-03-12T07:41:21+00:00","breadcrumb":{"@id":"https:\/\/truusk.store\/sv\/produkt\/truusk-paviljong-med-fallbart-takforlangning-vaderbestandig-3x25m-morkgra\/#breadcrumb"},"inLanguage":"sv-SE","potentialAction":[{"@type":"ReadAction","target":["https:\/\/truusk.store\/sv\/produkt\/truusk-paviljong-med-fallbart-takforlangning-vaderbestandig-3x25m-morkgra\/"]}]},{"@type":"ImageObject","inLanguage":"sv-SE","@id":"https:\/\/truusk.store\/sv\/produkt\/truusk-paviljong-med-fallbart-takforlangning-vaderbestandig-3x25m-morkgra\/#primaryimage","url":"https:\/\/i0.wp.com\/truusk.store\/wp-content\/uploads\/2026\/02\/paviljong-med-fallbar-takforlangning-vaderbestandig-3-x-25-m-morkgra-1.webp?fit=2000%2C2000&ssl=1","contentUrl":"https:\/\/i0.wp.com\/truusk.store\/wp-content\/uploads\/2026\/02\/paviljong-med-fallbar-takforlangning-vaderbestandig-3-x-25-m-morkgra-1.webp?fit=2000%2C2000&ssl=1","width":2000,"height":2000},{"@type":"BreadcrumbList","@id":"https:\/\/truusk.store\/sv\/produkt\/truusk-paviljong-med-fallbart-takforlangning-vaderbestandig-3x25m-morkgra\/#breadcrumb","itemListElement":[{"@type":"ListItem","position":1,"name":"Home","item":"https:\/\/truusk.store\/sv\/"},{"@type":"ListItem","position":2,"name":"Shop","item":"https:\/\/truusk.store\/shop\/"},{"@type":"ListItem","position":3,"name":"TRUUSK Paviljong med F\u00e4llbart Takf\u00f6rl\u00e4ngning &#8211; V\u00e4derbest\u00e4ndig &#8211; 3&#215;2,5m &#8211; M\u00f6rkgr\u00e5"}]},{"@type":"WebSite","@id":"https:\/\/truusk.store\/sv\/#website","url":"https:\/\/truusk.store\/sv\/","name":"TRUUSK - Hem, Tr\u00e4dg\u00e5rd & Fritid","description":"","publisher":{"@id":"https:\/\/truusk.store\/sv\/#organization"},"potentialAction":[{"@type":"SearchAction","target":{"@type":"EntryPoint","urlTemplate":"https:\/\/truusk.store\/sv\/?s={search_term_string}"},"query-input":{"@type":"PropertyValueSpecification","valueRequired":true,"valueName":"search_term_string"}}],"inLanguage":"sv-SE"},{"@type":"Organization","@id":"https:\/\/truusk.store\/sv\/#organization","name":"TRUUSK - Hem, Tr\u00e4dg\u00e5rd & Fritid","url":"https:\/\/truusk.store\/sv\/","logo":{"@type":"ImageObject","inLanguage":"sv-SE","@id":"https:\/\/truusk.store\/sv\/#\/schema\/logo\/image\/","url":"https:\/\/i0.wp.com\/truusk.store\/wp-content\/uploads\/2026\/03\/cropped-TRUUSK.png?fit=2032%2C917&ssl=1","contentUrl":"https:\/\/i0.wp.com\/truusk.store\/wp-content\/uploads\/2026\/03\/cropped-TRUUSK.png?fit=2032%2C917&ssl=1","width":2032,"height":917,"caption":"TRUUSK - Hem, Tr\u00e4dg\u00e5rd & Fritid"},"image":{"@id":"https:\/\/truusk.store\/sv\/#\/schema\/logo\/image\/"}}]}},"jetpack_sharing_enabled":true,"_links":{"self":[{"href":"https:\/\/truusk.store\/sv\/wp-json\/wp\/v2\/product\/105138","targetHints":{"allow":["GET"]}}],"collection":[{"href":"https:\/\/truusk.store\/sv\/wp-json\/wp\/v2\/product"}],"about":[{"href":"https:\/\/truusk.store\/sv\/wp-json\/wp\/v2\/types\/product"}],"wp:featuredmedia":[{"embeddable":true,"href":"https:\/\/truusk.store\/sv\/wp-json\/wp\/v2\/media\/105126"}],"wp:attachment":[{"href":"https:\/\/truusk.store\/sv\/wp-json\/wp\/v2\/media?parent=105138"}],"wp:term":[{"taxonomy":"product_brand","embeddable":true,"href":"https:\/\/truusk.store\/sv\/wp-json\/wp\/v2\/product_brand?post=105138"},{"taxonomy":"product_cat","embeddable":true,"href":"https:\/\/truusk.store\/sv\/wp-json\/wp\/v2\/product_cat?post=105138"},{"taxonomy":"product_tag","embeddable":true,"href":"https:\/\/truusk.store\/sv\/wp-json\/wp\/v2\/product_tag?post=105138"}],"curies":[{"name":"wp","href":"https:\/\/api.w.org\/{rel}","templated":true}]}}