{"id":105142,"date":"2026-02-24T05:25:19","date_gmt":"2026-02-24T04:25:19","guid":{"rendered":"https:\/\/truusk.store\/product\/hundsport-ramp-hundsportutrustning-a-formad-ram-halkfri-yta-173-x-59-x-66-cm-gra\/"},"modified":"2026-03-12T08:41:22","modified_gmt":"2026-03-12T07:41:22","slug":"truusk-hundsport-ramp-a-formad-halkfri-yta-173-x-59-x-66-cm-gra","status":"publish","type":"product","link":"https:\/\/truusk.store\/sv\/produkt\/truusk-hundsport-ramp-a-formad-halkfri-yta-173-x-59-x-66-cm-gra\/","title":{"rendered":"TRUUSK Hundsport-ramp &#8211; A-formad &#8211; Halkfri Yta &#8211; 173 X 59 X 66 Cm &#8211; Gr\u00e5"},"content":{"rendered":"<p>Optimera din hunds smidighet med [BRAND NAME] hundsportramp, l\u00e4mplig f\u00f6r raser upp till 40 kg. A-formad halkfri yta med s\u00e4kerhetsst\u00e4nger, justerbar f\u00f6r alla sv\u00e5righetsgrader. Enkelt att f\u00e4lla ihop f\u00f6r enkel f\u00f6rvaring.<\/p>\n<p>Beskrivning:<\/p>\n<ul>\n<li> Den h\u00f6jdjusterbara rampen passar olika hundraser och f\u00e4rdighetsniv\u00e5er<\/li>\n<li> Den A-formade strukturen p\u00e5 hundsportrampen har en halkfri yta med s\u00e4kerhetsst\u00e4nger f\u00f6r s\u00e4kert grepp<\/li>\n<li> F\u00e4llbar konstruktion av hundsportutrustningen f\u00f6r kompakt f\u00f6rvaring och \u00f6kad b\u00e4rbarhet<\/li>\n<li> Snabb och enkel montering p\u00e5 bara 5-10 minuter<\/li>\n<li> L\u00e4mplig f\u00f6r alla hundraser under 40 kg f\u00f6r m\u00e5ngsidig anv\u00e4ndning<\/li>\n<\/ul>\n<p> Tekniska specifikationer:<\/p>\n<ul>\n<li> F\u00e4rger: Gr\u00e5, Brun, Svart<\/li>\n<li> Material: Grantr\u00e4<\/li>\n<li> Totala dimensioner: 173L x 59B x 66H cm (l\u00e4gsta position)<\/li>\n<li> Enskild platta: 106L x 59B cm<\/li>\n<li> Dimensioner vid maximal h\u00f6jd: 123L x 59B x 90H cm<\/li>\n<li> Minsta lutningsvinkel: 34\u00b0<\/li>\n<li> Kedjel\u00e4ngd: 109 cm<\/li>\n<li> Max. rekommenderad belastning: 40 kg<\/li>\n<li> Art. Nr.: D06-260V00GY<\/li>\n<\/ul>\n<p>Leveransinneh\u00e5ll:<\/p>\n<ul>\n<li> 1 x Hundsportramp<\/li>\n<li> 1 x Monteringsanvisning<\/li>\n<\/ul>\n","protected":false},"excerpt":{"rendered":"<p>Optimera din hunds smidighet med [BRAND NAME] hundsportramp, l\u00e4mplig f\u00f6r raser upp till 40 kg. A-formad halkfri yta med s\u00e4kerhetsst\u00e4nger,&#8230;<\/p>\n","protected":false},"featured_media":105132,"template":"","meta":[],"product_brand":[],"product_cat":[578,878,574],"product_tag":[],"class_list":{"0":"post-105142","1":"product","2":"type-product","3":"status-publish","4":"has-post-thumbnail","6":"product_cat-agility-set","7":"product_cat-djurbehov","8":"product_cat-hundtillbehor","10":"first","11":"instock","12":"sale","13":"taxable","14":"shipping-taxable","15":"purchasable","16":"product-type-simple"},"yoast_head":"<!-- This site is optimized with the Yoast SEO plugin v25.4 - https:\/\/yoast.com\/wordpress\/plugins\/seo\/ -->\n<title>TRUUSK Hundsport-ramp - A-formad - Halkfri Yta - 173 X 59 X 66 Cm - Gr\u00e5 - TRUUSK - Hem, Tr\u00e4dg\u00e5rd &amp; Fritid<\/title>\n<meta name=\"robots\" content=\"index, follow, max-snippet:-1, max-image-preview:large, max-video-preview:-1\" \/>\n<link rel=\"canonical\" href=\"https:\/\/truusk.store\/sv\/produkt\/truusk-hundsport-ramp-a-formad-halkfri-yta-173-x-59-x-66-cm-gra\/\" \/>\n<meta property=\"og:locale\" content=\"sv_SE\" \/>\n<meta property=\"og:type\" content=\"article\" \/>\n<meta property=\"og:title\" content=\"TRUUSK Hundsport-ramp - A-formad - Halkfri Yta - 173 X 59 X 66 Cm - Gr\u00e5 - TRUUSK - Hem, Tr\u00e4dg\u00e5rd &amp; Fritid\" \/>\n<meta property=\"og:description\" content=\"Optimera din hunds smidighet med [BRAND NAME] hundsportramp, l\u00e4mplig f\u00f6r raser upp till 40 kg. A-formad halkfri yta med s\u00e4kerhetsst\u00e4nger,...\" \/>\n<meta property=\"og:url\" content=\"https:\/\/truusk.store\/sv\/produkt\/truusk-hundsport-ramp-a-formad-halkfri-yta-173-x-59-x-66-cm-gra\/\" \/>\n<meta property=\"og:site_name\" content=\"TRUUSK - Hem, Tr\u00e4dg\u00e5rd &amp; Fritid\" \/>\n<meta property=\"article:modified_time\" content=\"2026-03-12T07:41:22+00:00\" \/>\n<meta property=\"og:image\" content=\"https:\/\/i0.wp.com\/truusk.se\/wp-content\/uploads\/2026\/02\/hundsport-ramp-hundsportutrustning-a-formad-ram-halkfri-yta-173-x-59-x-66-cm-gra-1.webp?fit=2000%2C2000&ssl=1\" \/>\n\t<meta property=\"og:image:width\" content=\"2000\" \/>\n\t<meta property=\"og:image:height\" content=\"2000\" \/>\n\t<meta property=\"og:image:type\" content=\"image\/webp\" \/>\n<meta name=\"twitter:card\" content=\"summary_large_image\" \/>\n<meta name=\"twitter:label1\" content=\"Ber\u00e4knad l\u00e4stid\" \/>\n\t<meta name=\"twitter:data1\" content=\"1 minut\" \/>\n<!-- \/ Yoast SEO plugin. -->","yoast_head_json":{"title":"TRUUSK Hundsport-ramp - A-formad - Halkfri Yta - 173 X 59 X 66 Cm - Gr\u00e5 - TRUUSK - Hem, Tr\u00e4dg\u00e5rd &amp; Fritid","robots":{"index":"index","follow":"follow","max-snippet":"max-snippet:-1","max-image-preview":"max-image-preview:large","max-video-preview":"max-video-preview:-1"},"canonical":"https:\/\/truusk.store\/sv\/produkt\/truusk-hundsport-ramp-a-formad-halkfri-yta-173-x-59-x-66-cm-gra\/","og_locale":"sv_SE","og_type":"article","og_title":"TRUUSK Hundsport-ramp - A-formad - Halkfri Yta - 173 X 59 X 66 Cm - Gr\u00e5 - TRUUSK - Hem, Tr\u00e4dg\u00e5rd &amp; Fritid","og_description":"Optimera din hunds smidighet med [BRAND NAME] hundsportramp, l\u00e4mplig f\u00f6r raser upp till 40 kg. A-formad halkfri yta med s\u00e4kerhetsst\u00e4nger,...","og_url":"https:\/\/truusk.store\/sv\/produkt\/truusk-hundsport-ramp-a-formad-halkfri-yta-173-x-59-x-66-cm-gra\/","og_site_name":"TRUUSK - Hem, Tr\u00e4dg\u00e5rd &amp; Fritid","article_modified_time":"2026-03-12T07:41:22+00:00","og_image":[{"width":2000,"height":2000,"url":"https:\/\/i0.wp.com\/truusk.se\/wp-content\/uploads\/2026\/02\/hundsport-ramp-hundsportutrustning-a-formad-ram-halkfri-yta-173-x-59-x-66-cm-gra-1.webp?fit=2000%2C2000&ssl=1","type":"image\/webp"}],"twitter_card":"summary_large_image","twitter_misc":{"Ber\u00e4knad l\u00e4stid":"1 minut"},"schema":{"@context":"https:\/\/schema.org","@graph":[{"@type":"WebPage","@id":"https:\/\/truusk.store\/sv\/produkt\/truusk-hundsport-ramp-a-formad-halkfri-yta-173-x-59-x-66-cm-gra\/","url":"https:\/\/truusk.store\/sv\/produkt\/truusk-hundsport-ramp-a-formad-halkfri-yta-173-x-59-x-66-cm-gra\/","name":"TRUUSK Hundsport-ramp - A-formad - Halkfri Yta - 173 X 59 X 66 Cm - Gr\u00e5 - TRUUSK - Hem, Tr\u00e4dg\u00e5rd &amp; Fritid","isPartOf":{"@id":"https:\/\/truusk.store\/sv\/#website"},"primaryImageOfPage":{"@id":"https:\/\/truusk.store\/sv\/produkt\/truusk-hundsport-ramp-a-formad-halkfri-yta-173-x-59-x-66-cm-gra\/#primaryimage"},"image":{"@id":"https:\/\/truusk.store\/sv\/produkt\/truusk-hundsport-ramp-a-formad-halkfri-yta-173-x-59-x-66-cm-gra\/#primaryimage"},"thumbnailUrl":"https:\/\/i0.wp.com\/truusk.store\/wp-content\/uploads\/2026\/02\/hundsport-ramp-hundsportutrustning-a-formad-ram-halkfri-yta-173-x-59-x-66-cm-gra-1.webp?fit=2000%2C2000&ssl=1","datePublished":"2026-02-24T04:25:19+00:00","dateModified":"2026-03-12T07:41:22+00:00","breadcrumb":{"@id":"https:\/\/truusk.store\/sv\/produkt\/truusk-hundsport-ramp-a-formad-halkfri-yta-173-x-59-x-66-cm-gra\/#breadcrumb"},"inLanguage":"sv-SE","potentialAction":[{"@type":"ReadAction","target":["https:\/\/truusk.store\/sv\/produkt\/truusk-hundsport-ramp-a-formad-halkfri-yta-173-x-59-x-66-cm-gra\/"]}]},{"@type":"ImageObject","inLanguage":"sv-SE","@id":"https:\/\/truusk.store\/sv\/produkt\/truusk-hundsport-ramp-a-formad-halkfri-yta-173-x-59-x-66-cm-gra\/#primaryimage","url":"https:\/\/i0.wp.com\/truusk.store\/wp-content\/uploads\/2026\/02\/hundsport-ramp-hundsportutrustning-a-formad-ram-halkfri-yta-173-x-59-x-66-cm-gra-1.webp?fit=2000%2C2000&ssl=1","contentUrl":"https:\/\/i0.wp.com\/truusk.store\/wp-content\/uploads\/2026\/02\/hundsport-ramp-hundsportutrustning-a-formad-ram-halkfri-yta-173-x-59-x-66-cm-gra-1.webp?fit=2000%2C2000&ssl=1","width":2000,"height":2000},{"@type":"BreadcrumbList","@id":"https:\/\/truusk.store\/sv\/produkt\/truusk-hundsport-ramp-a-formad-halkfri-yta-173-x-59-x-66-cm-gra\/#breadcrumb","itemListElement":[{"@type":"ListItem","position":1,"name":"Home","item":"https:\/\/truusk.store\/sv\/"},{"@type":"ListItem","position":2,"name":"Shop","item":"https:\/\/truusk.store\/shop\/"},{"@type":"ListItem","position":3,"name":"TRUUSK Hundsport-ramp &#8211; A-formad &#8211; Halkfri Yta &#8211; 173 X 59 X 66 Cm &#8211; Gr\u00e5"}]},{"@type":"WebSite","@id":"https:\/\/truusk.store\/sv\/#website","url":"https:\/\/truusk.store\/sv\/","name":"TRUUSK - Hem, Tr\u00e4dg\u00e5rd & Fritid","description":"","publisher":{"@id":"https:\/\/truusk.store\/sv\/#organization"},"potentialAction":[{"@type":"SearchAction","target":{"@type":"EntryPoint","urlTemplate":"https:\/\/truusk.store\/sv\/?s={search_term_string}"},"query-input":{"@type":"PropertyValueSpecification","valueRequired":true,"valueName":"search_term_string"}}],"inLanguage":"sv-SE"},{"@type":"Organization","@id":"https:\/\/truusk.store\/sv\/#organization","name":"TRUUSK - Hem, Tr\u00e4dg\u00e5rd & Fritid","url":"https:\/\/truusk.store\/sv\/","logo":{"@type":"ImageObject","inLanguage":"sv-SE","@id":"https:\/\/truusk.store\/sv\/#\/schema\/logo\/image\/","url":"https:\/\/i0.wp.com\/truusk.store\/wp-content\/uploads\/2026\/03\/cropped-TRUUSK.png?fit=2032%2C917&ssl=1","contentUrl":"https:\/\/i0.wp.com\/truusk.store\/wp-content\/uploads\/2026\/03\/cropped-TRUUSK.png?fit=2032%2C917&ssl=1","width":2032,"height":917,"caption":"TRUUSK - Hem, Tr\u00e4dg\u00e5rd & Fritid"},"image":{"@id":"https:\/\/truusk.store\/sv\/#\/schema\/logo\/image\/"}}]}},"jetpack_sharing_enabled":true,"_links":{"self":[{"href":"https:\/\/truusk.store\/sv\/wp-json\/wp\/v2\/product\/105142","targetHints":{"allow":["GET"]}}],"collection":[{"href":"https:\/\/truusk.store\/sv\/wp-json\/wp\/v2\/product"}],"about":[{"href":"https:\/\/truusk.store\/sv\/wp-json\/wp\/v2\/types\/product"}],"wp:featuredmedia":[{"embeddable":true,"href":"https:\/\/truusk.store\/sv\/wp-json\/wp\/v2\/media\/105132"}],"wp:attachment":[{"href":"https:\/\/truusk.store\/sv\/wp-json\/wp\/v2\/media?parent=105142"}],"wp:term":[{"taxonomy":"product_brand","embeddable":true,"href":"https:\/\/truusk.store\/sv\/wp-json\/wp\/v2\/product_brand?post=105142"},{"taxonomy":"product_cat","embeddable":true,"href":"https:\/\/truusk.store\/sv\/wp-json\/wp\/v2\/product_cat?post=105142"},{"taxonomy":"product_tag","embeddable":true,"href":"https:\/\/truusk.store\/sv\/wp-json\/wp\/v2\/product_tag?post=105142"}],"curies":[{"name":"wp","href":"https:\/\/api.w.org\/{rel}","templated":true}]}}