{"id":105175,"date":"2026-02-24T05:29:31","date_gmt":"2026-02-24T04:29:31","guid":{"rendered":"https:\/\/truusk.store\/product\/golvlampa-for-vardagsrum-med-polyester-skarm-2-x-e27-sockel-for-sovrum-14-x-14-x-120-cm\/"},"modified":"2026-03-12T08:42:44","modified_gmt":"2026-03-12T07:42:44","slug":"truusk-golvlampa-polyester-skarm-2-x-e27-sockel-for-vardagsrum-och-sovrum-14-x-14-x-120-cm","status":"publish","type":"product","link":"https:\/\/truusk.store\/sv\/produkt\/truusk-golvlampa-polyester-skarm-2-x-e27-sockel-for-vardagsrum-och-sovrum-14-x-14-x-120-cm\/","title":{"rendered":"TRUUSK Golvlampa &#8211; Polyester Sk\u00e4rm &#8211; 2 X E27 Sockel &#8211; F\u00f6r Vardagsrum och Sovrum &#8211; 14 x 14 x 120 cm"},"content":{"rendered":"<p>Den h\u00e4r eleganta golvlampan i pelarform f\u00f6r in en modern stil i ditt hem. Med sitt mjuka ljus skapar den en trevlig atmosf\u00e4r i vardagsrummet, sovrummet eller kontoret. V\u00e4nta inte l\u00e4ngre &#8211; denna lampa kommer att \u00f6vertr\u00e4ffa dina f\u00f6rv\u00e4ntningar!<\/p>\n<p>Beskrivning:<\/p>\n<ul>\n<li> Elegant golvlampdesign som kombinerar modernitet och enkelhet och passar perfekt in i din inredning: vardagsrum, sovrum, kontor etc.<\/li>\n<li> Dess d\u00e4mpade belysning skapar en varm och inbjudande atmosf\u00e4r<\/li>\n<li> Robust och h\u00e5llbar golvlampa tack vare dess bas av rostfritt st\u00e5l och dess metallf\u00e4ste<\/li>\n<li> Halkskyddspads har utvecklats f\u00f6r \u00f6kad stabilitet<\/li>\n<li> Enkel och praktisk installation tack vare den medf\u00f6ljande bruksanvisningen<\/li>\n<li> Observera: Gl\u00f6dlampor ing\u00e5r inte<\/li>\n<\/ul>\n<p> Tekniska data:<\/p>\n<ul>\n<li> F\u00e4rg: Vit<\/li>\n<li> Material: Rostfritt st\u00e5l, polyester, metall<\/li>\n<li> Totala dimensioner: 14L x 14B x 120H cm<\/li>\n<li> Lampf\u00e4stets dimensioner: 14L x 14B x 97H cm<\/li>\n<li> Lampsk\u00e4rmens dimensioner: 14L x 14B x 110H cm<\/li>\n<li> Sockel: 2 x E27 (gl\u00f6dlampor ing\u00e5r inte)<\/li>\n<li> Max. effekt f\u00f6r gl\u00f6dlampa: 40W<\/li>\n<li> Ing\u00e5ngssp\u00e4nning: 220-240V\/50Hz<\/li>\n<\/ul>\n<p>Leverans inneh\u00e5ller:<\/p>\n<ul>\n<li> 1 x Golvlampa<\/li>\n<li> 1 x Handbok<\/li>\n<\/ul>\n","protected":false},"excerpt":{"rendered":"<p>Den h\u00e4r eleganta golvlampan i pelarform f\u00f6r in en modern stil i ditt hem. Med sitt mjuka ljus skapar den&#8230;<\/p>\n","protected":false},"featured_media":105161,"template":"","meta":[],"product_brand":[],"product_cat":[486,907,871],"product_tag":[],"class_list":{"0":"post-105175","1":"product","2":"type-product","3":"status-publish","4":"has-post-thumbnail","6":"product_cat-belysning","7":"product_cat-golvlampor","8":"product_cat-hus-hem","10":"first","11":"instock","12":"sale","13":"taxable","14":"shipping-taxable","15":"purchasable","16":"product-type-simple"},"yoast_head":"<!-- This site is optimized with the Yoast SEO plugin v25.4 - https:\/\/yoast.com\/wordpress\/plugins\/seo\/ -->\n<title>TRUUSK Golvlampa - Polyester Sk\u00e4rm - 2 X E27 Sockel - F\u00f6r Vardagsrum och Sovrum - 14 x 14 x 120 cm - TRUUSK - Hem, Tr\u00e4dg\u00e5rd &amp; Fritid<\/title>\n<meta name=\"robots\" content=\"index, follow, max-snippet:-1, max-image-preview:large, max-video-preview:-1\" \/>\n<link rel=\"canonical\" href=\"https:\/\/truusk.store\/sv\/produkt\/truusk-golvlampa-polyester-skarm-2-x-e27-sockel-for-vardagsrum-och-sovrum-14-x-14-x-120-cm\/\" \/>\n<meta property=\"og:locale\" content=\"sv_SE\" \/>\n<meta property=\"og:type\" content=\"article\" \/>\n<meta property=\"og:title\" content=\"TRUUSK Golvlampa - Polyester Sk\u00e4rm - 2 X E27 Sockel - F\u00f6r Vardagsrum och Sovrum - 14 x 14 x 120 cm - TRUUSK - Hem, Tr\u00e4dg\u00e5rd &amp; Fritid\" \/>\n<meta property=\"og:description\" content=\"Den h\u00e4r eleganta golvlampan i pelarform f\u00f6r in en modern stil i ditt hem. Med sitt mjuka ljus skapar den...\" \/>\n<meta property=\"og:url\" content=\"https:\/\/truusk.store\/sv\/produkt\/truusk-golvlampa-polyester-skarm-2-x-e27-sockel-for-vardagsrum-och-sovrum-14-x-14-x-120-cm\/\" \/>\n<meta property=\"og:site_name\" content=\"TRUUSK - Hem, Tr\u00e4dg\u00e5rd &amp; Fritid\" \/>\n<meta property=\"article:modified_time\" content=\"2026-03-12T07:42:44+00:00\" \/>\n<meta property=\"og:image\" content=\"https:\/\/i0.wp.com\/truusk.se\/wp-content\/uploads\/2026\/02\/golvlampa-for-vardagsrum-med-polyester-skarm-2-x-e27-sockel-for-sovrum-14-x-14-x-120-cm-1.webp?fit=2000%2C2000&ssl=1\" \/>\n\t<meta property=\"og:image:width\" content=\"2000\" \/>\n\t<meta property=\"og:image:height\" content=\"2000\" \/>\n\t<meta property=\"og:image:type\" content=\"image\/webp\" \/>\n<meta name=\"twitter:card\" content=\"summary_large_image\" \/>\n<meta name=\"twitter:label1\" content=\"Ber\u00e4knad l\u00e4stid\" \/>\n\t<meta name=\"twitter:data1\" content=\"1 minut\" \/>\n<!-- \/ Yoast SEO plugin. -->","yoast_head_json":{"title":"TRUUSK Golvlampa - Polyester Sk\u00e4rm - 2 X E27 Sockel - F\u00f6r Vardagsrum och Sovrum - 14 x 14 x 120 cm - TRUUSK - Hem, Tr\u00e4dg\u00e5rd &amp; Fritid","robots":{"index":"index","follow":"follow","max-snippet":"max-snippet:-1","max-image-preview":"max-image-preview:large","max-video-preview":"max-video-preview:-1"},"canonical":"https:\/\/truusk.store\/sv\/produkt\/truusk-golvlampa-polyester-skarm-2-x-e27-sockel-for-vardagsrum-och-sovrum-14-x-14-x-120-cm\/","og_locale":"sv_SE","og_type":"article","og_title":"TRUUSK Golvlampa - Polyester Sk\u00e4rm - 2 X E27 Sockel - F\u00f6r Vardagsrum och Sovrum - 14 x 14 x 120 cm - TRUUSK - Hem, Tr\u00e4dg\u00e5rd &amp; Fritid","og_description":"Den h\u00e4r eleganta golvlampan i pelarform f\u00f6r in en modern stil i ditt hem. Med sitt mjuka ljus skapar den...","og_url":"https:\/\/truusk.store\/sv\/produkt\/truusk-golvlampa-polyester-skarm-2-x-e27-sockel-for-vardagsrum-och-sovrum-14-x-14-x-120-cm\/","og_site_name":"TRUUSK - Hem, Tr\u00e4dg\u00e5rd &amp; Fritid","article_modified_time":"2026-03-12T07:42:44+00:00","og_image":[{"width":2000,"height":2000,"url":"https:\/\/i0.wp.com\/truusk.se\/wp-content\/uploads\/2026\/02\/golvlampa-for-vardagsrum-med-polyester-skarm-2-x-e27-sockel-for-sovrum-14-x-14-x-120-cm-1.webp?fit=2000%2C2000&ssl=1","type":"image\/webp"}],"twitter_card":"summary_large_image","twitter_misc":{"Ber\u00e4knad l\u00e4stid":"1 minut"},"schema":{"@context":"https:\/\/schema.org","@graph":[{"@type":"WebPage","@id":"https:\/\/truusk.store\/sv\/produkt\/truusk-golvlampa-polyester-skarm-2-x-e27-sockel-for-vardagsrum-och-sovrum-14-x-14-x-120-cm\/","url":"https:\/\/truusk.store\/sv\/produkt\/truusk-golvlampa-polyester-skarm-2-x-e27-sockel-for-vardagsrum-och-sovrum-14-x-14-x-120-cm\/","name":"TRUUSK Golvlampa - Polyester Sk\u00e4rm - 2 X E27 Sockel - F\u00f6r Vardagsrum och Sovrum - 14 x 14 x 120 cm - TRUUSK - Hem, Tr\u00e4dg\u00e5rd &amp; Fritid","isPartOf":{"@id":"https:\/\/truusk.store\/sv\/#website"},"primaryImageOfPage":{"@id":"https:\/\/truusk.store\/sv\/produkt\/truusk-golvlampa-polyester-skarm-2-x-e27-sockel-for-vardagsrum-och-sovrum-14-x-14-x-120-cm\/#primaryimage"},"image":{"@id":"https:\/\/truusk.store\/sv\/produkt\/truusk-golvlampa-polyester-skarm-2-x-e27-sockel-for-vardagsrum-och-sovrum-14-x-14-x-120-cm\/#primaryimage"},"thumbnailUrl":"https:\/\/i0.wp.com\/truusk.store\/wp-content\/uploads\/2026\/02\/golvlampa-for-vardagsrum-med-polyester-skarm-2-x-e27-sockel-for-sovrum-14-x-14-x-120-cm-1.webp?fit=2000%2C2000&ssl=1","datePublished":"2026-02-24T04:29:31+00:00","dateModified":"2026-03-12T07:42:44+00:00","breadcrumb":{"@id":"https:\/\/truusk.store\/sv\/produkt\/truusk-golvlampa-polyester-skarm-2-x-e27-sockel-for-vardagsrum-och-sovrum-14-x-14-x-120-cm\/#breadcrumb"},"inLanguage":"sv-SE","potentialAction":[{"@type":"ReadAction","target":["https:\/\/truusk.store\/sv\/produkt\/truusk-golvlampa-polyester-skarm-2-x-e27-sockel-for-vardagsrum-och-sovrum-14-x-14-x-120-cm\/"]}]},{"@type":"ImageObject","inLanguage":"sv-SE","@id":"https:\/\/truusk.store\/sv\/produkt\/truusk-golvlampa-polyester-skarm-2-x-e27-sockel-for-vardagsrum-och-sovrum-14-x-14-x-120-cm\/#primaryimage","url":"https:\/\/i0.wp.com\/truusk.store\/wp-content\/uploads\/2026\/02\/golvlampa-for-vardagsrum-med-polyester-skarm-2-x-e27-sockel-for-sovrum-14-x-14-x-120-cm-1.webp?fit=2000%2C2000&ssl=1","contentUrl":"https:\/\/i0.wp.com\/truusk.store\/wp-content\/uploads\/2026\/02\/golvlampa-for-vardagsrum-med-polyester-skarm-2-x-e27-sockel-for-sovrum-14-x-14-x-120-cm-1.webp?fit=2000%2C2000&ssl=1","width":2000,"height":2000},{"@type":"BreadcrumbList","@id":"https:\/\/truusk.store\/sv\/produkt\/truusk-golvlampa-polyester-skarm-2-x-e27-sockel-for-vardagsrum-och-sovrum-14-x-14-x-120-cm\/#breadcrumb","itemListElement":[{"@type":"ListItem","position":1,"name":"Home","item":"https:\/\/truusk.store\/sv\/"},{"@type":"ListItem","position":2,"name":"Shop","item":"https:\/\/truusk.store\/shop\/"},{"@type":"ListItem","position":3,"name":"TRUUSK Golvlampa &#8211; Polyester Sk\u00e4rm &#8211; 2 X E27 Sockel &#8211; F\u00f6r Vardagsrum och Sovrum &#8211; 14 x 14 x 120 cm"}]},{"@type":"WebSite","@id":"https:\/\/truusk.store\/sv\/#website","url":"https:\/\/truusk.store\/sv\/","name":"TRUUSK - Hem, Tr\u00e4dg\u00e5rd & Fritid","description":"","publisher":{"@id":"https:\/\/truusk.store\/sv\/#organization"},"potentialAction":[{"@type":"SearchAction","target":{"@type":"EntryPoint","urlTemplate":"https:\/\/truusk.store\/sv\/?s={search_term_string}"},"query-input":{"@type":"PropertyValueSpecification","valueRequired":true,"valueName":"search_term_string"}}],"inLanguage":"sv-SE"},{"@type":"Organization","@id":"https:\/\/truusk.store\/sv\/#organization","name":"TRUUSK - Hem, Tr\u00e4dg\u00e5rd & Fritid","url":"https:\/\/truusk.store\/sv\/","logo":{"@type":"ImageObject","inLanguage":"sv-SE","@id":"https:\/\/truusk.store\/sv\/#\/schema\/logo\/image\/","url":"https:\/\/i0.wp.com\/truusk.store\/wp-content\/uploads\/2026\/03\/cropped-TRUUSK.png?fit=2032%2C917&ssl=1","contentUrl":"https:\/\/i0.wp.com\/truusk.store\/wp-content\/uploads\/2026\/03\/cropped-TRUUSK.png?fit=2032%2C917&ssl=1","width":2032,"height":917,"caption":"TRUUSK - Hem, Tr\u00e4dg\u00e5rd & Fritid"},"image":{"@id":"https:\/\/truusk.store\/sv\/#\/schema\/logo\/image\/"}}]}},"jetpack_sharing_enabled":true,"_links":{"self":[{"href":"https:\/\/truusk.store\/sv\/wp-json\/wp\/v2\/product\/105175","targetHints":{"allow":["GET"]}}],"collection":[{"href":"https:\/\/truusk.store\/sv\/wp-json\/wp\/v2\/product"}],"about":[{"href":"https:\/\/truusk.store\/sv\/wp-json\/wp\/v2\/types\/product"}],"wp:featuredmedia":[{"embeddable":true,"href":"https:\/\/truusk.store\/sv\/wp-json\/wp\/v2\/media\/105161"}],"wp:attachment":[{"href":"https:\/\/truusk.store\/sv\/wp-json\/wp\/v2\/media?parent=105175"}],"wp:term":[{"taxonomy":"product_brand","embeddable":true,"href":"https:\/\/truusk.store\/sv\/wp-json\/wp\/v2\/product_brand?post=105175"},{"taxonomy":"product_cat","embeddable":true,"href":"https:\/\/truusk.store\/sv\/wp-json\/wp\/v2\/product_cat?post=105175"},{"taxonomy":"product_tag","embeddable":true,"href":"https:\/\/truusk.store\/sv\/wp-json\/wp\/v2\/product_tag?post=105175"}],"curies":[{"name":"wp","href":"https:\/\/api.w.org\/{rel}","templated":true}]}}