{"id":105192,"date":"2026-02-24T05:31:01","date_gmt":"2026-02-24T04:31:01","guid":{"rendered":"https:\/\/truusk.store\/product\/hopfallbar-solsang-med-huvudkudde-solstol-med-4-lages-justerbar-ryggstod-upp-till-120-kg-svart\/"},"modified":"2026-03-12T08:42:53","modified_gmt":"2026-03-12T07:42:53","slug":"truusk-hopfallbar-solsang-med-huvudkudde-solstol-med-4-lages-justerbar-ryggstod-upp-till-120-kg-svart","status":"publish","type":"product","link":"https:\/\/truusk.store\/sv\/produkt\/truusk-hopfallbar-solsang-med-huvudkudde-solstol-med-4-lages-justerbar-ryggstod-upp-till-120-kg-svart\/","title":{"rendered":"TRUUSK Hopf\u00e4llbar Sols\u00e4ng Med Huvudkudde &#8211; Solstol Med 4-l\u00e4ges Justerbar Ryggst\u00f6d Upp Till 120 Kg &#8211; Svart"},"content":{"rendered":"<p>V\u00e5r nya hopf\u00e4llbara v\u00e4derbest\u00e4ndiga tr\u00e4dg\u00e5rdsstol \u00e4r stabil, bekv\u00e4m och h\u00e5llbar! Denna hopf\u00e4llbara v\u00e4derbest\u00e4ndiga solstol passar utm\u00e4rkt f\u00f6r alla anv\u00e4ndningsomr\u00e5den inomhus och utomhus. Sov lugnt med det andningsbara och bekv\u00e4ma tyget. Stolen \u00e4r l\u00e4tt att montera och demontera, vilket g\u00f6r camping eller avkoppling till en lek. Den passar utm\u00e4rkt f\u00f6r utomhusbruk. Perfekt som campingstol.<\/p>\n<p>Beskrivning:<\/p>\n<ul>\n<li> Passar alla, b\u00e5de vuxna och barn<\/li>\n<li> Snabb och enkel hopf\u00e4llningsdesign<\/li>\n<li> 4-stegs justerbar ryggst\u00f6d f\u00f6r personlig komfort<\/li>\n<li> Andningsbart och bekv\u00e4mt n\u00e4ttyg<\/li>\n<li> F\u00f6rst\u00e4rkt metallram f\u00f6r en b\u00e4rf\u00f6rm\u00e5ga upp till 120 kg<\/li>\n<\/ul>\n<p> Tekniska data:<\/p>\n<ul>\n<li> F\u00e4rg: Svart<\/li>\n<li> Material: Metall, n\u00e4ttyg<\/li>\n<li> Totala m\u00e5tt: 160L x 66B x 98H cm<\/li>\n<li> Hopf\u00e4llda m\u00e5tt: 88L x 14B x 16H cm<\/li>\n<li> Sits h\u00f6jd: 37 cm<\/li>\n<li> Max. belastning: 120 kg<\/li>\n<li> Obs: Denna solstol ligger inte platt<\/li>\n<\/ul>\n<p>Leverans inneh\u00e5ller:<\/p>\n<ul>\n<li> 1 x Hopf\u00e4llbar solstol<\/li>\n<li> 1 x Instruktioner<\/li>\n<\/ul>\n","protected":false},"excerpt":{"rendered":"<p>V\u00e5r nya hopf\u00e4llbara v\u00e4derbest\u00e4ndiga tr\u00e4dg\u00e5rdsstol \u00e4r stabil, bekv\u00e4m och h\u00e5llbar! Denna hopf\u00e4llbara v\u00e4derbest\u00e4ndiga solstol passar utm\u00e4rkt f\u00f6r alla anv\u00e4ndningsomr\u00e5den inomhus&#8230;<\/p>\n","protected":false},"featured_media":105180,"template":"","meta":[],"product_brand":[],"product_cat":[451,858,450],"product_tag":[],"class_list":{"0":"post-105192","1":"product","2":"type-product","3":"status-publish","4":"has-post-thumbnail","6":"product_cat-solstolar","7":"product_cat-tradgard-terrass","8":"product_cat-tradgardsmobler","10":"first","11":"instock","12":"sale","13":"taxable","14":"shipping-taxable","15":"purchasable","16":"product-type-simple"},"yoast_head":"<!-- This site is optimized with the Yoast SEO plugin v25.4 - https:\/\/yoast.com\/wordpress\/plugins\/seo\/ -->\n<title>TRUUSK Hopf\u00e4llbar Sols\u00e4ng Med Huvudkudde - Solstol Med 4-l\u00e4ges Justerbar Ryggst\u00f6d Upp Till 120 Kg - Svart - TRUUSK - Hem, Tr\u00e4dg\u00e5rd &amp; Fritid<\/title>\n<meta name=\"robots\" content=\"index, follow, max-snippet:-1, max-image-preview:large, max-video-preview:-1\" \/>\n<link rel=\"canonical\" href=\"https:\/\/truusk.store\/sv\/produkt\/truusk-hopfallbar-solsang-med-huvudkudde-solstol-med-4-lages-justerbar-ryggstod-upp-till-120-kg-svart\/\" \/>\n<meta property=\"og:locale\" content=\"sv_SE\" \/>\n<meta property=\"og:type\" content=\"article\" \/>\n<meta property=\"og:title\" content=\"TRUUSK Hopf\u00e4llbar Sols\u00e4ng Med Huvudkudde - Solstol Med 4-l\u00e4ges Justerbar Ryggst\u00f6d Upp Till 120 Kg - Svart - TRUUSK - Hem, Tr\u00e4dg\u00e5rd &amp; Fritid\" \/>\n<meta property=\"og:description\" content=\"V\u00e5r nya hopf\u00e4llbara v\u00e4derbest\u00e4ndiga tr\u00e4dg\u00e5rdsstol \u00e4r stabil, bekv\u00e4m och h\u00e5llbar! Denna hopf\u00e4llbara v\u00e4derbest\u00e4ndiga solstol passar utm\u00e4rkt f\u00f6r alla anv\u00e4ndningsomr\u00e5den inomhus...\" \/>\n<meta property=\"og:url\" content=\"https:\/\/truusk.store\/sv\/produkt\/truusk-hopfallbar-solsang-med-huvudkudde-solstol-med-4-lages-justerbar-ryggstod-upp-till-120-kg-svart\/\" \/>\n<meta property=\"og:site_name\" content=\"TRUUSK - Hem, Tr\u00e4dg\u00e5rd &amp; Fritid\" \/>\n<meta property=\"article:modified_time\" content=\"2026-03-12T07:42:53+00:00\" \/>\n<meta property=\"og:image\" content=\"https:\/\/i0.wp.com\/truusk.se\/wp-content\/uploads\/2026\/02\/hopfallbar-solsang-med-huvudkudde-solstol-med-4-lages-justerbar-ryggstod-upp-till-120-kg-svart-1.webp?fit=2000%2C2000&ssl=1\" \/>\n\t<meta property=\"og:image:width\" content=\"2000\" \/>\n\t<meta property=\"og:image:height\" content=\"2000\" \/>\n\t<meta property=\"og:image:type\" content=\"image\/webp\" \/>\n<meta name=\"twitter:card\" content=\"summary_large_image\" \/>\n<meta name=\"twitter:label1\" content=\"Ber\u00e4knad l\u00e4stid\" \/>\n\t<meta name=\"twitter:data1\" content=\"1 minut\" \/>\n<!-- \/ Yoast SEO plugin. -->","yoast_head_json":{"title":"TRUUSK Hopf\u00e4llbar Sols\u00e4ng Med Huvudkudde - Solstol Med 4-l\u00e4ges Justerbar Ryggst\u00f6d Upp Till 120 Kg - Svart - TRUUSK - Hem, Tr\u00e4dg\u00e5rd &amp; Fritid","robots":{"index":"index","follow":"follow","max-snippet":"max-snippet:-1","max-image-preview":"max-image-preview:large","max-video-preview":"max-video-preview:-1"},"canonical":"https:\/\/truusk.store\/sv\/produkt\/truusk-hopfallbar-solsang-med-huvudkudde-solstol-med-4-lages-justerbar-ryggstod-upp-till-120-kg-svart\/","og_locale":"sv_SE","og_type":"article","og_title":"TRUUSK Hopf\u00e4llbar Sols\u00e4ng Med Huvudkudde - Solstol Med 4-l\u00e4ges Justerbar Ryggst\u00f6d Upp Till 120 Kg - Svart - TRUUSK - Hem, Tr\u00e4dg\u00e5rd &amp; Fritid","og_description":"V\u00e5r nya hopf\u00e4llbara v\u00e4derbest\u00e4ndiga tr\u00e4dg\u00e5rdsstol \u00e4r stabil, bekv\u00e4m och h\u00e5llbar! Denna hopf\u00e4llbara v\u00e4derbest\u00e4ndiga solstol passar utm\u00e4rkt f\u00f6r alla anv\u00e4ndningsomr\u00e5den inomhus...","og_url":"https:\/\/truusk.store\/sv\/produkt\/truusk-hopfallbar-solsang-med-huvudkudde-solstol-med-4-lages-justerbar-ryggstod-upp-till-120-kg-svart\/","og_site_name":"TRUUSK - Hem, Tr\u00e4dg\u00e5rd &amp; Fritid","article_modified_time":"2026-03-12T07:42:53+00:00","og_image":[{"width":2000,"height":2000,"url":"https:\/\/i0.wp.com\/truusk.se\/wp-content\/uploads\/2026\/02\/hopfallbar-solsang-med-huvudkudde-solstol-med-4-lages-justerbar-ryggstod-upp-till-120-kg-svart-1.webp?fit=2000%2C2000&ssl=1","type":"image\/webp"}],"twitter_card":"summary_large_image","twitter_misc":{"Ber\u00e4knad l\u00e4stid":"1 minut"},"schema":{"@context":"https:\/\/schema.org","@graph":[{"@type":"WebPage","@id":"https:\/\/truusk.store\/sv\/produkt\/truusk-hopfallbar-solsang-med-huvudkudde-solstol-med-4-lages-justerbar-ryggstod-upp-till-120-kg-svart\/","url":"https:\/\/truusk.store\/sv\/produkt\/truusk-hopfallbar-solsang-med-huvudkudde-solstol-med-4-lages-justerbar-ryggstod-upp-till-120-kg-svart\/","name":"TRUUSK Hopf\u00e4llbar Sols\u00e4ng Med Huvudkudde - Solstol Med 4-l\u00e4ges Justerbar Ryggst\u00f6d Upp Till 120 Kg - Svart - TRUUSK - Hem, Tr\u00e4dg\u00e5rd &amp; Fritid","isPartOf":{"@id":"https:\/\/truusk.store\/sv\/#website"},"primaryImageOfPage":{"@id":"https:\/\/truusk.store\/sv\/produkt\/truusk-hopfallbar-solsang-med-huvudkudde-solstol-med-4-lages-justerbar-ryggstod-upp-till-120-kg-svart\/#primaryimage"},"image":{"@id":"https:\/\/truusk.store\/sv\/produkt\/truusk-hopfallbar-solsang-med-huvudkudde-solstol-med-4-lages-justerbar-ryggstod-upp-till-120-kg-svart\/#primaryimage"},"thumbnailUrl":"https:\/\/i0.wp.com\/truusk.store\/wp-content\/uploads\/2026\/02\/hopfallbar-solsang-med-huvudkudde-solstol-med-4-lages-justerbar-ryggstod-upp-till-120-kg-svart-1.webp?fit=2000%2C2000&ssl=1","datePublished":"2026-02-24T04:31:01+00:00","dateModified":"2026-03-12T07:42:53+00:00","breadcrumb":{"@id":"https:\/\/truusk.store\/sv\/produkt\/truusk-hopfallbar-solsang-med-huvudkudde-solstol-med-4-lages-justerbar-ryggstod-upp-till-120-kg-svart\/#breadcrumb"},"inLanguage":"sv-SE","potentialAction":[{"@type":"ReadAction","target":["https:\/\/truusk.store\/sv\/produkt\/truusk-hopfallbar-solsang-med-huvudkudde-solstol-med-4-lages-justerbar-ryggstod-upp-till-120-kg-svart\/"]}]},{"@type":"ImageObject","inLanguage":"sv-SE","@id":"https:\/\/truusk.store\/sv\/produkt\/truusk-hopfallbar-solsang-med-huvudkudde-solstol-med-4-lages-justerbar-ryggstod-upp-till-120-kg-svart\/#primaryimage","url":"https:\/\/i0.wp.com\/truusk.store\/wp-content\/uploads\/2026\/02\/hopfallbar-solsang-med-huvudkudde-solstol-med-4-lages-justerbar-ryggstod-upp-till-120-kg-svart-1.webp?fit=2000%2C2000&ssl=1","contentUrl":"https:\/\/i0.wp.com\/truusk.store\/wp-content\/uploads\/2026\/02\/hopfallbar-solsang-med-huvudkudde-solstol-med-4-lages-justerbar-ryggstod-upp-till-120-kg-svart-1.webp?fit=2000%2C2000&ssl=1","width":2000,"height":2000},{"@type":"BreadcrumbList","@id":"https:\/\/truusk.store\/sv\/produkt\/truusk-hopfallbar-solsang-med-huvudkudde-solstol-med-4-lages-justerbar-ryggstod-upp-till-120-kg-svart\/#breadcrumb","itemListElement":[{"@type":"ListItem","position":1,"name":"Home","item":"https:\/\/truusk.store\/sv\/"},{"@type":"ListItem","position":2,"name":"Shop","item":"https:\/\/truusk.store\/shop\/"},{"@type":"ListItem","position":3,"name":"TRUUSK Hopf\u00e4llbar Sols\u00e4ng Med Huvudkudde &#8211; Solstol Med 4-l\u00e4ges Justerbar Ryggst\u00f6d Upp Till 120 Kg &#8211; Svart"}]},{"@type":"WebSite","@id":"https:\/\/truusk.store\/sv\/#website","url":"https:\/\/truusk.store\/sv\/","name":"TRUUSK - Hem, Tr\u00e4dg\u00e5rd & Fritid","description":"","publisher":{"@id":"https:\/\/truusk.store\/sv\/#organization"},"potentialAction":[{"@type":"SearchAction","target":{"@type":"EntryPoint","urlTemplate":"https:\/\/truusk.store\/sv\/?s={search_term_string}"},"query-input":{"@type":"PropertyValueSpecification","valueRequired":true,"valueName":"search_term_string"}}],"inLanguage":"sv-SE"},{"@type":"Organization","@id":"https:\/\/truusk.store\/sv\/#organization","name":"TRUUSK - Hem, Tr\u00e4dg\u00e5rd & Fritid","url":"https:\/\/truusk.store\/sv\/","logo":{"@type":"ImageObject","inLanguage":"sv-SE","@id":"https:\/\/truusk.store\/sv\/#\/schema\/logo\/image\/","url":"https:\/\/i0.wp.com\/truusk.store\/wp-content\/uploads\/2026\/03\/cropped-TRUUSK.png?fit=2032%2C917&ssl=1","contentUrl":"https:\/\/i0.wp.com\/truusk.store\/wp-content\/uploads\/2026\/03\/cropped-TRUUSK.png?fit=2032%2C917&ssl=1","width":2032,"height":917,"caption":"TRUUSK - Hem, Tr\u00e4dg\u00e5rd & Fritid"},"image":{"@id":"https:\/\/truusk.store\/sv\/#\/schema\/logo\/image\/"}}]}},"jetpack_sharing_enabled":true,"_links":{"self":[{"href":"https:\/\/truusk.store\/sv\/wp-json\/wp\/v2\/product\/105192","targetHints":{"allow":["GET"]}}],"collection":[{"href":"https:\/\/truusk.store\/sv\/wp-json\/wp\/v2\/product"}],"about":[{"href":"https:\/\/truusk.store\/sv\/wp-json\/wp\/v2\/types\/product"}],"wp:featuredmedia":[{"embeddable":true,"href":"https:\/\/truusk.store\/sv\/wp-json\/wp\/v2\/media\/105180"}],"wp:attachment":[{"href":"https:\/\/truusk.store\/sv\/wp-json\/wp\/v2\/media?parent=105192"}],"wp:term":[{"taxonomy":"product_brand","embeddable":true,"href":"https:\/\/truusk.store\/sv\/wp-json\/wp\/v2\/product_brand?post=105192"},{"taxonomy":"product_cat","embeddable":true,"href":"https:\/\/truusk.store\/sv\/wp-json\/wp\/v2\/product_cat?post=105192"},{"taxonomy":"product_tag","embeddable":true,"href":"https:\/\/truusk.store\/sv\/wp-json\/wp\/v2\/product_tag?post=105192"}],"curies":[{"name":"wp","href":"https:\/\/api.w.org\/{rel}","templated":true}]}}