{"id":105225,"date":"2026-02-24T05:34:34","date_gmt":"2026-02-24T04:34:34","guid":{"rendered":"https:\/\/truusk.store\/product\/matbord-70-x-70-cm-kvadratiskt-koksbord-for-4-personer-med-marmorutseende-for-kok-vit\/"},"modified":"2026-03-12T08:44:25","modified_gmt":"2026-03-12T07:44:25","slug":"truusk-matbord-70-x-70-cm-kvadratiskt-koksbord-med-marmorutseende-for-4-personer-vit","status":"publish","type":"product","link":"https:\/\/truusk.store\/sv\/produkt\/truusk-matbord-70-x-70-cm-kvadratiskt-koksbord-med-marmorutseende-for-4-personer-vit\/","title":{"rendered":"TRUUSK Matbord, 70 x 70 cm &#8211; Kvadratiskt k\u00f6ksbord med marmorutseende &#8211; F\u00f6r 4 personer &#8211; Vit"},"content":{"rendered":"<p>Tr\u00e4ffa vid [BRAND NAME] k\u00f6ksbord, som kombinerar stil och funktion. Det 4-personers bordet med en elegant vit marmorplatta ger ljus till ditt k\u00f6k eller matsal. Den stabila, runda basen av pulverlackerat metall ger fast st\u00f6d, medan halkfria dynor skyddar dina golv. Perfekt som matbord eller flexibelt skrivbord f\u00f6r hemmakontoret.<\/p>\n<p>Beskrivning:<\/p>\n<ul>\n<li> K\u00f6ksbord f\u00f6r 4 personer, idealiskt f\u00f6r k\u00f6k och matsalar<\/li>\n<li> Den vita marmorplattan framh\u00e4ver den estetiska attraktionen<\/li>\n<li> Matbordets runda metallfot ger robust stabilitet<\/li>\n<li> Bordsskiva med en tjocklek p\u00e5 2,5 cm, belagd med melamin f\u00f6r att motst\u00e5 repor<\/li>\n<li> Halkfria dynor p\u00e5 k\u00f6ksbordet f\u00f6rhindrar skador p\u00e5 golvet<\/li>\n<li> Detta matbord kan ocks\u00e5 anv\u00e4ndas som skrivbord f\u00f6r hemmakontoret<\/li>\n<li> Enkel att montera<\/li>\n<\/ul>\n<p> Tekniska specifikationer:<\/p>\n<ul>\n<li> F\u00e4rg: Marmoreffekt Vit+Svart<\/li>\n<li> Material: MDF, Metall<\/li>\n<li> Totala dimensioner: 70L x 70B x 76H cm<\/li>\n<li> Minsta yta som kr\u00e4vs: 2L x 2B m<\/li>\n<li> Rekommenderad max. belastning: 30 kg<\/li>\n<\/ul>\n<p>Leveransinneh\u00e5ll:<\/p>\n<ul>\n<li> 1 x Matbord<\/li>\n<li> 1 x Handbok<\/li>\n<\/ul>\n","protected":false},"excerpt":{"rendered":"<p>Tr\u00e4ffa vid [BRAND NAME] k\u00f6ksbord, som kombinerar stil och funktion. Det 4-personers bordet med en elegant vit marmorplatta ger ljus&#8230;<\/p>\n","protected":false},"featured_media":105213,"template":"","meta":[],"product_brand":[],"product_cat":[871,889,509],"product_tag":[],"class_list":{"0":"post-105225","1":"product","2":"type-product","3":"status-publish","4":"has-post-thumbnail","6":"product_cat-hus-hem","7":"product_cat-kok-matsal","8":"product_cat-matbord","10":"first","11":"instock","12":"sale","13":"taxable","14":"shipping-taxable","15":"purchasable","16":"product-type-simple"},"yoast_head":"<!-- This site is optimized with the Yoast SEO plugin v25.4 - https:\/\/yoast.com\/wordpress\/plugins\/seo\/ -->\n<title>TRUUSK Matbord, 70 x 70 cm - Kvadratiskt k\u00f6ksbord med marmorutseende - F\u00f6r 4 personer - Vit - TRUUSK - Hem, Tr\u00e4dg\u00e5rd &amp; Fritid<\/title>\n<meta name=\"robots\" content=\"index, follow, max-snippet:-1, max-image-preview:large, max-video-preview:-1\" \/>\n<link rel=\"canonical\" href=\"https:\/\/truusk.store\/sv\/produkt\/truusk-matbord-70-x-70-cm-kvadratiskt-koksbord-med-marmorutseende-for-4-personer-vit\/\" \/>\n<meta property=\"og:locale\" content=\"sv_SE\" \/>\n<meta property=\"og:type\" content=\"article\" \/>\n<meta property=\"og:title\" content=\"TRUUSK Matbord, 70 x 70 cm - Kvadratiskt k\u00f6ksbord med marmorutseende - F\u00f6r 4 personer - Vit - TRUUSK - Hem, Tr\u00e4dg\u00e5rd &amp; Fritid\" \/>\n<meta property=\"og:description\" content=\"Tr\u00e4ffa vid [BRAND NAME] k\u00f6ksbord, som kombinerar stil och funktion. Det 4-personers bordet med en elegant vit marmorplatta ger ljus...\" \/>\n<meta property=\"og:url\" content=\"https:\/\/truusk.store\/sv\/produkt\/truusk-matbord-70-x-70-cm-kvadratiskt-koksbord-med-marmorutseende-for-4-personer-vit\/\" \/>\n<meta property=\"og:site_name\" content=\"TRUUSK - Hem, Tr\u00e4dg\u00e5rd &amp; Fritid\" \/>\n<meta property=\"article:modified_time\" content=\"2026-03-12T07:44:25+00:00\" \/>\n<meta property=\"og:image\" content=\"https:\/\/i0.wp.com\/truusk.se\/wp-content\/uploads\/2026\/02\/matbord-70-x-70-cm-kvadratiskt-koksbord-for-4-personer-med-marmorutseende-for-kok-vit-1.webp?fit=2000%2C2000&ssl=1\" \/>\n\t<meta property=\"og:image:width\" content=\"2000\" \/>\n\t<meta property=\"og:image:height\" content=\"2000\" \/>\n\t<meta property=\"og:image:type\" content=\"image\/webp\" \/>\n<meta name=\"twitter:card\" content=\"summary_large_image\" \/>\n<meta name=\"twitter:label1\" content=\"Ber\u00e4knad l\u00e4stid\" \/>\n\t<meta name=\"twitter:data1\" content=\"1 minut\" \/>\n<!-- \/ Yoast SEO plugin. -->","yoast_head_json":{"title":"TRUUSK Matbord, 70 x 70 cm - Kvadratiskt k\u00f6ksbord med marmorutseende - F\u00f6r 4 personer - Vit - TRUUSK - Hem, Tr\u00e4dg\u00e5rd &amp; Fritid","robots":{"index":"index","follow":"follow","max-snippet":"max-snippet:-1","max-image-preview":"max-image-preview:large","max-video-preview":"max-video-preview:-1"},"canonical":"https:\/\/truusk.store\/sv\/produkt\/truusk-matbord-70-x-70-cm-kvadratiskt-koksbord-med-marmorutseende-for-4-personer-vit\/","og_locale":"sv_SE","og_type":"article","og_title":"TRUUSK Matbord, 70 x 70 cm - Kvadratiskt k\u00f6ksbord med marmorutseende - F\u00f6r 4 personer - Vit - TRUUSK - Hem, Tr\u00e4dg\u00e5rd &amp; Fritid","og_description":"Tr\u00e4ffa vid [BRAND NAME] k\u00f6ksbord, som kombinerar stil och funktion. Det 4-personers bordet med en elegant vit marmorplatta ger ljus...","og_url":"https:\/\/truusk.store\/sv\/produkt\/truusk-matbord-70-x-70-cm-kvadratiskt-koksbord-med-marmorutseende-for-4-personer-vit\/","og_site_name":"TRUUSK - Hem, Tr\u00e4dg\u00e5rd &amp; Fritid","article_modified_time":"2026-03-12T07:44:25+00:00","og_image":[{"width":2000,"height":2000,"url":"https:\/\/i0.wp.com\/truusk.se\/wp-content\/uploads\/2026\/02\/matbord-70-x-70-cm-kvadratiskt-koksbord-for-4-personer-med-marmorutseende-for-kok-vit-1.webp?fit=2000%2C2000&ssl=1","type":"image\/webp"}],"twitter_card":"summary_large_image","twitter_misc":{"Ber\u00e4knad l\u00e4stid":"1 minut"},"schema":{"@context":"https:\/\/schema.org","@graph":[{"@type":"WebPage","@id":"https:\/\/truusk.store\/sv\/produkt\/truusk-matbord-70-x-70-cm-kvadratiskt-koksbord-med-marmorutseende-for-4-personer-vit\/","url":"https:\/\/truusk.store\/sv\/produkt\/truusk-matbord-70-x-70-cm-kvadratiskt-koksbord-med-marmorutseende-for-4-personer-vit\/","name":"TRUUSK Matbord, 70 x 70 cm - Kvadratiskt k\u00f6ksbord med marmorutseende - F\u00f6r 4 personer - Vit - TRUUSK - Hem, Tr\u00e4dg\u00e5rd &amp; Fritid","isPartOf":{"@id":"https:\/\/truusk.store\/sv\/#website"},"primaryImageOfPage":{"@id":"https:\/\/truusk.store\/sv\/produkt\/truusk-matbord-70-x-70-cm-kvadratiskt-koksbord-med-marmorutseende-for-4-personer-vit\/#primaryimage"},"image":{"@id":"https:\/\/truusk.store\/sv\/produkt\/truusk-matbord-70-x-70-cm-kvadratiskt-koksbord-med-marmorutseende-for-4-personer-vit\/#primaryimage"},"thumbnailUrl":"https:\/\/i0.wp.com\/truusk.store\/wp-content\/uploads\/2026\/02\/matbord-70-x-70-cm-kvadratiskt-koksbord-for-4-personer-med-marmorutseende-for-kok-vit-1.webp?fit=2000%2C2000&ssl=1","datePublished":"2026-02-24T04:34:34+00:00","dateModified":"2026-03-12T07:44:25+00:00","breadcrumb":{"@id":"https:\/\/truusk.store\/sv\/produkt\/truusk-matbord-70-x-70-cm-kvadratiskt-koksbord-med-marmorutseende-for-4-personer-vit\/#breadcrumb"},"inLanguage":"sv-SE","potentialAction":[{"@type":"ReadAction","target":["https:\/\/truusk.store\/sv\/produkt\/truusk-matbord-70-x-70-cm-kvadratiskt-koksbord-med-marmorutseende-for-4-personer-vit\/"]}]},{"@type":"ImageObject","inLanguage":"sv-SE","@id":"https:\/\/truusk.store\/sv\/produkt\/truusk-matbord-70-x-70-cm-kvadratiskt-koksbord-med-marmorutseende-for-4-personer-vit\/#primaryimage","url":"https:\/\/i0.wp.com\/truusk.store\/wp-content\/uploads\/2026\/02\/matbord-70-x-70-cm-kvadratiskt-koksbord-for-4-personer-med-marmorutseende-for-kok-vit-1.webp?fit=2000%2C2000&ssl=1","contentUrl":"https:\/\/i0.wp.com\/truusk.store\/wp-content\/uploads\/2026\/02\/matbord-70-x-70-cm-kvadratiskt-koksbord-for-4-personer-med-marmorutseende-for-kok-vit-1.webp?fit=2000%2C2000&ssl=1","width":2000,"height":2000},{"@type":"BreadcrumbList","@id":"https:\/\/truusk.store\/sv\/produkt\/truusk-matbord-70-x-70-cm-kvadratiskt-koksbord-med-marmorutseende-for-4-personer-vit\/#breadcrumb","itemListElement":[{"@type":"ListItem","position":1,"name":"Home","item":"https:\/\/truusk.store\/sv\/"},{"@type":"ListItem","position":2,"name":"Shop","item":"https:\/\/truusk.store\/shop\/"},{"@type":"ListItem","position":3,"name":"TRUUSK Matbord, 70 x 70 cm &#8211; Kvadratiskt k\u00f6ksbord med marmorutseende &#8211; F\u00f6r 4 personer &#8211; Vit"}]},{"@type":"WebSite","@id":"https:\/\/truusk.store\/sv\/#website","url":"https:\/\/truusk.store\/sv\/","name":"TRUUSK - Hem, Tr\u00e4dg\u00e5rd & Fritid","description":"","publisher":{"@id":"https:\/\/truusk.store\/sv\/#organization"},"potentialAction":[{"@type":"SearchAction","target":{"@type":"EntryPoint","urlTemplate":"https:\/\/truusk.store\/sv\/?s={search_term_string}"},"query-input":{"@type":"PropertyValueSpecification","valueRequired":true,"valueName":"search_term_string"}}],"inLanguage":"sv-SE"},{"@type":"Organization","@id":"https:\/\/truusk.store\/sv\/#organization","name":"TRUUSK - Hem, Tr\u00e4dg\u00e5rd & Fritid","url":"https:\/\/truusk.store\/sv\/","logo":{"@type":"ImageObject","inLanguage":"sv-SE","@id":"https:\/\/truusk.store\/sv\/#\/schema\/logo\/image\/","url":"https:\/\/i0.wp.com\/truusk.store\/wp-content\/uploads\/2026\/03\/cropped-TRUUSK.png?fit=2032%2C917&ssl=1","contentUrl":"https:\/\/i0.wp.com\/truusk.store\/wp-content\/uploads\/2026\/03\/cropped-TRUUSK.png?fit=2032%2C917&ssl=1","width":2032,"height":917,"caption":"TRUUSK - Hem, Tr\u00e4dg\u00e5rd & Fritid"},"image":{"@id":"https:\/\/truusk.store\/sv\/#\/schema\/logo\/image\/"}}]}},"jetpack_sharing_enabled":true,"_links":{"self":[{"href":"https:\/\/truusk.store\/sv\/wp-json\/wp\/v2\/product\/105225","targetHints":{"allow":["GET"]}}],"collection":[{"href":"https:\/\/truusk.store\/sv\/wp-json\/wp\/v2\/product"}],"about":[{"href":"https:\/\/truusk.store\/sv\/wp-json\/wp\/v2\/types\/product"}],"wp:featuredmedia":[{"embeddable":true,"href":"https:\/\/truusk.store\/sv\/wp-json\/wp\/v2\/media\/105213"}],"wp:attachment":[{"href":"https:\/\/truusk.store\/sv\/wp-json\/wp\/v2\/media?parent=105225"}],"wp:term":[{"taxonomy":"product_brand","embeddable":true,"href":"https:\/\/truusk.store\/sv\/wp-json\/wp\/v2\/product_brand?post=105225"},{"taxonomy":"product_cat","embeddable":true,"href":"https:\/\/truusk.store\/sv\/wp-json\/wp\/v2\/product_cat?post=105225"},{"taxonomy":"product_tag","embeddable":true,"href":"https:\/\/truusk.store\/sv\/wp-json\/wp\/v2\/product_tag?post=105225"}],"curies":[{"name":"wp","href":"https:\/\/api.w.org\/{rel}","templated":true}]}}