{"id":105234,"date":"2026-02-24T05:35:27","date_gmt":"2026-02-24T04:35:27","guid":{"rendered":"https:\/\/truusk.store\/product\/matbord-70-x-70-cm-koksbord-for-4-personer-gjort-av-gummitra-for-kok-matsal-natur\/"},"modified":"2026-03-12T08:44:30","modified_gmt":"2026-03-12T07:44:30","slug":"truusk-matbord-70x70-cm-gummitra-for-4-personer-kok-matsal-natur","status":"publish","type":"product","link":"https:\/\/truusk.store\/sv\/produkt\/truusk-matbord-70x70-cm-gummitra-for-4-personer-kok-matsal-natur\/","title":{"rendered":"TRUUSK Matbord 70&#215;70 cm &#8211; Gummitr\u00e4 &#8211; F\u00f6r 4 Personer &#8211; K\u00f6k, Matsal, Natur"},"content":{"rendered":"<p>[VARUM\u00c4RKE] Matbord av robust gummitr\u00e4 med en 2,5 cm tjock bordsskiva och en stabil kvadratisk bas. Rundade h\u00f6rn och modern lackerad finish. Idealisk f\u00f6r k\u00f6k eller matsalar, erbjuder s\u00e4kerhet och stabilitet f\u00f6r livliga m\u00e5ltider.<\/p>\n<p>Beskrivning:<\/p>\n<ul>\n<li> Robust matbord av gummitr\u00e4 f\u00f6r h\u00e5llbarhet och stabilitet<\/li>\n<li> 2,5 cm tjock bordsskiva med bas ger fast grepp vid matning<\/li>\n<li> Rundade h\u00f6rn p\u00e5 k\u00f6ksbordet f\u00f6r \u00f6kad s\u00e4kerhet och skydd mot skador<\/li>\n<li> Modern stil, idealisk f\u00f6r att uppgradera matomr\u00e5den<\/li>\n<li> M\u00e5ngsidigt anv\u00e4ndbar i k\u00f6k och matsalar<\/li>\n<li> Tr\u00e4bord med l\u00e4tt att underh\u00e5lla, lackerad yta<\/li>\n<li> Enkel montering<\/li>\n<\/ul>\n<p> Tekniska data:<\/p>\n<ul>\n<li> F\u00e4rg: Naturtr\u00e4<\/li>\n<li> Material: Gummitr\u00e4<\/li>\n<li> Totala m\u00e5tt: 70B x 70T x 75H cm<\/li>\n<li> Tjocklek p\u00e5 bordsskiva: 2,5 cm<\/li>\n<li> Maximal rekommenderad belastning: 50 kg<\/li>\n<li> Minsta yta: 4 m\u00b2<\/li>\n<\/ul>\n<p>Leveransinneh\u00e5ll:<\/p>\n<ul>\n<li> 1 x Matbord<\/li>\n<li> 1 x Monteringsanvisningar<\/li>\n<\/ul>\n","protected":false},"excerpt":{"rendered":"<p>[VARUM\u00c4RKE] Matbord av robust gummitr\u00e4 med en 2,5 cm tjock bordsskiva och en stabil kvadratisk bas. Rundade h\u00f6rn och modern&#8230;<\/p>\n","protected":false},"featured_media":105220,"template":"","meta":[],"product_brand":[],"product_cat":[871,889,509],"product_tag":[],"class_list":{"0":"post-105234","1":"product","2":"type-product","3":"status-publish","4":"has-post-thumbnail","6":"product_cat-hus-hem","7":"product_cat-kok-matsal","8":"product_cat-matbord","10":"first","11":"instock","12":"sale","13":"taxable","14":"shipping-taxable","15":"purchasable","16":"product-type-simple"},"yoast_head":"<!-- This site is optimized with the Yoast SEO plugin v25.4 - https:\/\/yoast.com\/wordpress\/plugins\/seo\/ -->\n<title>TRUUSK Matbord 70x70 cm - Gummitr\u00e4 - F\u00f6r 4 Personer - K\u00f6k, Matsal, Natur - TRUUSK - Hem, Tr\u00e4dg\u00e5rd &amp; Fritid<\/title>\n<meta name=\"robots\" content=\"index, follow, max-snippet:-1, max-image-preview:large, max-video-preview:-1\" \/>\n<link rel=\"canonical\" href=\"https:\/\/truusk.store\/sv\/produkt\/truusk-matbord-70x70-cm-gummitra-for-4-personer-kok-matsal-natur\/\" \/>\n<meta property=\"og:locale\" content=\"sv_SE\" \/>\n<meta property=\"og:type\" content=\"article\" \/>\n<meta property=\"og:title\" content=\"TRUUSK Matbord 70x70 cm - Gummitr\u00e4 - F\u00f6r 4 Personer - K\u00f6k, Matsal, Natur - TRUUSK - Hem, Tr\u00e4dg\u00e5rd &amp; Fritid\" \/>\n<meta property=\"og:description\" content=\"[VARUM\u00c4RKE] Matbord av robust gummitr\u00e4 med en 2,5 cm tjock bordsskiva och en stabil kvadratisk bas. Rundade h\u00f6rn och modern...\" \/>\n<meta property=\"og:url\" content=\"https:\/\/truusk.store\/sv\/produkt\/truusk-matbord-70x70-cm-gummitra-for-4-personer-kok-matsal-natur\/\" \/>\n<meta property=\"og:site_name\" content=\"TRUUSK - Hem, Tr\u00e4dg\u00e5rd &amp; Fritid\" \/>\n<meta property=\"article:modified_time\" content=\"2026-03-12T07:44:30+00:00\" \/>\n<meta property=\"og:image\" content=\"https:\/\/i0.wp.com\/truusk.se\/wp-content\/uploads\/2026\/02\/matbord-70-x-70-cm-koksbord-for-4-personer-gjort-av-gummitra-for-kok-matsal-natur-1.webp?fit=2000%2C2000&ssl=1\" \/>\n\t<meta property=\"og:image:width\" content=\"2000\" \/>\n\t<meta property=\"og:image:height\" content=\"2000\" \/>\n\t<meta property=\"og:image:type\" content=\"image\/webp\" \/>\n<meta name=\"twitter:card\" content=\"summary_large_image\" \/>\n<meta name=\"twitter:label1\" content=\"Ber\u00e4knad l\u00e4stid\" \/>\n\t<meta name=\"twitter:data1\" content=\"1 minut\" \/>\n<!-- \/ Yoast SEO plugin. -->","yoast_head_json":{"title":"TRUUSK Matbord 70x70 cm - Gummitr\u00e4 - F\u00f6r 4 Personer - K\u00f6k, Matsal, Natur - TRUUSK - Hem, Tr\u00e4dg\u00e5rd &amp; Fritid","robots":{"index":"index","follow":"follow","max-snippet":"max-snippet:-1","max-image-preview":"max-image-preview:large","max-video-preview":"max-video-preview:-1"},"canonical":"https:\/\/truusk.store\/sv\/produkt\/truusk-matbord-70x70-cm-gummitra-for-4-personer-kok-matsal-natur\/","og_locale":"sv_SE","og_type":"article","og_title":"TRUUSK Matbord 70x70 cm - Gummitr\u00e4 - F\u00f6r 4 Personer - K\u00f6k, Matsal, Natur - TRUUSK - Hem, Tr\u00e4dg\u00e5rd &amp; Fritid","og_description":"[VARUM\u00c4RKE] Matbord av robust gummitr\u00e4 med en 2,5 cm tjock bordsskiva och en stabil kvadratisk bas. Rundade h\u00f6rn och modern...","og_url":"https:\/\/truusk.store\/sv\/produkt\/truusk-matbord-70x70-cm-gummitra-for-4-personer-kok-matsal-natur\/","og_site_name":"TRUUSK - Hem, Tr\u00e4dg\u00e5rd &amp; Fritid","article_modified_time":"2026-03-12T07:44:30+00:00","og_image":[{"width":2000,"height":2000,"url":"https:\/\/i0.wp.com\/truusk.se\/wp-content\/uploads\/2026\/02\/matbord-70-x-70-cm-koksbord-for-4-personer-gjort-av-gummitra-for-kok-matsal-natur-1.webp?fit=2000%2C2000&ssl=1","type":"image\/webp"}],"twitter_card":"summary_large_image","twitter_misc":{"Ber\u00e4knad l\u00e4stid":"1 minut"},"schema":{"@context":"https:\/\/schema.org","@graph":[{"@type":"WebPage","@id":"https:\/\/truusk.store\/sv\/produkt\/truusk-matbord-70x70-cm-gummitra-for-4-personer-kok-matsal-natur\/","url":"https:\/\/truusk.store\/sv\/produkt\/truusk-matbord-70x70-cm-gummitra-for-4-personer-kok-matsal-natur\/","name":"TRUUSK Matbord 70x70 cm - Gummitr\u00e4 - F\u00f6r 4 Personer - K\u00f6k, Matsal, Natur - TRUUSK - Hem, Tr\u00e4dg\u00e5rd &amp; Fritid","isPartOf":{"@id":"https:\/\/truusk.store\/sv\/#website"},"primaryImageOfPage":{"@id":"https:\/\/truusk.store\/sv\/produkt\/truusk-matbord-70x70-cm-gummitra-for-4-personer-kok-matsal-natur\/#primaryimage"},"image":{"@id":"https:\/\/truusk.store\/sv\/produkt\/truusk-matbord-70x70-cm-gummitra-for-4-personer-kok-matsal-natur\/#primaryimage"},"thumbnailUrl":"https:\/\/i0.wp.com\/truusk.store\/wp-content\/uploads\/2026\/02\/matbord-70-x-70-cm-koksbord-for-4-personer-gjort-av-gummitra-for-kok-matsal-natur-1.webp?fit=2000%2C2000&ssl=1","datePublished":"2026-02-24T04:35:27+00:00","dateModified":"2026-03-12T07:44:30+00:00","breadcrumb":{"@id":"https:\/\/truusk.store\/sv\/produkt\/truusk-matbord-70x70-cm-gummitra-for-4-personer-kok-matsal-natur\/#breadcrumb"},"inLanguage":"sv-SE","potentialAction":[{"@type":"ReadAction","target":["https:\/\/truusk.store\/sv\/produkt\/truusk-matbord-70x70-cm-gummitra-for-4-personer-kok-matsal-natur\/"]}]},{"@type":"ImageObject","inLanguage":"sv-SE","@id":"https:\/\/truusk.store\/sv\/produkt\/truusk-matbord-70x70-cm-gummitra-for-4-personer-kok-matsal-natur\/#primaryimage","url":"https:\/\/i0.wp.com\/truusk.store\/wp-content\/uploads\/2026\/02\/matbord-70-x-70-cm-koksbord-for-4-personer-gjort-av-gummitra-for-kok-matsal-natur-1.webp?fit=2000%2C2000&ssl=1","contentUrl":"https:\/\/i0.wp.com\/truusk.store\/wp-content\/uploads\/2026\/02\/matbord-70-x-70-cm-koksbord-for-4-personer-gjort-av-gummitra-for-kok-matsal-natur-1.webp?fit=2000%2C2000&ssl=1","width":2000,"height":2000},{"@type":"BreadcrumbList","@id":"https:\/\/truusk.store\/sv\/produkt\/truusk-matbord-70x70-cm-gummitra-for-4-personer-kok-matsal-natur\/#breadcrumb","itemListElement":[{"@type":"ListItem","position":1,"name":"Home","item":"https:\/\/truusk.store\/sv\/"},{"@type":"ListItem","position":2,"name":"Shop","item":"https:\/\/truusk.store\/shop\/"},{"@type":"ListItem","position":3,"name":"TRUUSK Matbord 70&#215;70 cm &#8211; Gummitr\u00e4 &#8211; F\u00f6r 4 Personer &#8211; K\u00f6k, Matsal, Natur"}]},{"@type":"WebSite","@id":"https:\/\/truusk.store\/sv\/#website","url":"https:\/\/truusk.store\/sv\/","name":"TRUUSK - Hem, Tr\u00e4dg\u00e5rd & Fritid","description":"","publisher":{"@id":"https:\/\/truusk.store\/sv\/#organization"},"potentialAction":[{"@type":"SearchAction","target":{"@type":"EntryPoint","urlTemplate":"https:\/\/truusk.store\/sv\/?s={search_term_string}"},"query-input":{"@type":"PropertyValueSpecification","valueRequired":true,"valueName":"search_term_string"}}],"inLanguage":"sv-SE"},{"@type":"Organization","@id":"https:\/\/truusk.store\/sv\/#organization","name":"TRUUSK - Hem, Tr\u00e4dg\u00e5rd & Fritid","url":"https:\/\/truusk.store\/sv\/","logo":{"@type":"ImageObject","inLanguage":"sv-SE","@id":"https:\/\/truusk.store\/sv\/#\/schema\/logo\/image\/","url":"https:\/\/i0.wp.com\/truusk.store\/wp-content\/uploads\/2026\/03\/cropped-TRUUSK.png?fit=2032%2C917&ssl=1","contentUrl":"https:\/\/i0.wp.com\/truusk.store\/wp-content\/uploads\/2026\/03\/cropped-TRUUSK.png?fit=2032%2C917&ssl=1","width":2032,"height":917,"caption":"TRUUSK - Hem, Tr\u00e4dg\u00e5rd & Fritid"},"image":{"@id":"https:\/\/truusk.store\/sv\/#\/schema\/logo\/image\/"}}]}},"jetpack_sharing_enabled":true,"_links":{"self":[{"href":"https:\/\/truusk.store\/sv\/wp-json\/wp\/v2\/product\/105234","targetHints":{"allow":["GET"]}}],"collection":[{"href":"https:\/\/truusk.store\/sv\/wp-json\/wp\/v2\/product"}],"about":[{"href":"https:\/\/truusk.store\/sv\/wp-json\/wp\/v2\/types\/product"}],"wp:featuredmedia":[{"embeddable":true,"href":"https:\/\/truusk.store\/sv\/wp-json\/wp\/v2\/media\/105220"}],"wp:attachment":[{"href":"https:\/\/truusk.store\/sv\/wp-json\/wp\/v2\/media?parent=105234"}],"wp:term":[{"taxonomy":"product_brand","embeddable":true,"href":"https:\/\/truusk.store\/sv\/wp-json\/wp\/v2\/product_brand?post=105234"},{"taxonomy":"product_cat","embeddable":true,"href":"https:\/\/truusk.store\/sv\/wp-json\/wp\/v2\/product_cat?post=105234"},{"taxonomy":"product_tag","embeddable":true,"href":"https:\/\/truusk.store\/sv\/wp-json\/wp\/v2\/product_tag?post=105234"}],"curies":[{"name":"wp","href":"https:\/\/api.w.org\/{rel}","templated":true}]}}