{"id":105244,"date":"2026-02-24T05:36:23","date_gmt":"2026-02-24T04:36:23","guid":{"rendered":"https:\/\/truusk.store\/product\/hantelset-4-par-05kg-10kg-hantlar-med-vaska-hantelset-av-gjutjarn-hexagon\/"},"modified":"2026-03-12T08:44:38","modified_gmt":"2026-03-12T07:44:38","slug":"truusk-hantelset-4-par-05kg-10kg-med-vaska-gjutjarn-hexagon","status":"publish","type":"product","link":"https:\/\/truusk.store\/sv\/produkt\/truusk-hantelset-4-par-05kg-10kg-med-vaska-gjutjarn-hexagon\/","title":{"rendered":"TRUUSK Hantelset 4 Par 0,5kg-10kg &#8211; Med V\u00e4ska &#8211; Gjutj\u00e4rn &#8211; Hexagon"},"content":{"rendered":"<p>Tr\u00e4na h\u00e4lsosamt och lev i form: med detta fantastiska hantelset fr\u00e5n [BRAND NAME] blir det enkelt! Levereras i en praktisk hantelv\u00e4ska, f\u00e5r du fyra par korta hantlar med vikter p\u00e5 0,5 kg, 1 kg, 1,5 kg och 2 kg per hantel. Oavsett om det \u00e4r uth\u00e5llighetstr\u00e4ning, fitness eller Pilates &#8211; det finns inga gr\u00e4nser f\u00f6r anv\u00e4ndningen! Hantlarna \u00e4r i starka f\u00e4rger och m\u00e4rkta med stora viktangivelser f\u00f6r att l\u00e4tt skilja dem \u00e5t.<\/p>\n<p>Beskrivning:<\/p>\n<ul>\n<li> L\u00e4mplig f\u00f6r uth\u00e5llighetstr\u00e4ning, Pilates, kn\u00e4b\u00f6j osv.<\/li>\n<li> Setet inneh\u00e5ller fyra hantlar i fyra olika viktversioner: 0,5 kg, 1 kg, 1,5 kg och 2 kg<\/li>\n<li> Starka f\u00e4rger och tydliga viktangivelser p\u00e5 varje hantel<\/li>\n<li> Best\u00e5r av en robust metallk\u00e4rna och \u00e4r kl\u00e4dd med h\u00e5llbar plast<\/li>\n<li> Hantelsetet \u00e4r s\u00e4rskilt greppv\u00e4nligt och bekv\u00e4mt att h\u00e5lla<\/li>\n<li> Inklusive hantelv\u00e4ska<\/li>\n<\/ul>\n<p> Tekniska data:<\/p>\n<ul>\n<li> F\u00e4rg: Flerf\u00e4rgad<\/li>\n<li> Material: Gjutj\u00e4rn<\/li>\n<li> Totala m\u00e5tt (v\u00e4ska): 41L x 30B x 8H cm<\/li>\n<li> Hantelm\u00e5tt: \u00d85 x 12,5H cm (0,5 kg), \u00d86 x 13H cm (1 kg), \u00d86,5 x 15H cm (1,5 kg), \u00d87,5 x 16H cm (2 kg)<\/li>\n<li> Hantelvikt: 2 x 0,5 kg, 2 x 1 kg, 2 x 1,5 kg, 2 x 2 kg<\/li>\n<li> Totalvikt: 10,5 kg<\/li>\n<\/ul>\n<p>Leveransinneh\u00e5ll:<\/p>\n<ul>\n<li>1 x Hantelset<\/li>\n<li>1 x V\u00e4ska<\/li>\n<\/ul>\n","protected":false},"excerpt":{"rendered":"<p>Tr\u00e4na h\u00e4lsosamt och lev i form: med detta fantastiska hantelset fr\u00e5n [BRAND NAME] blir det enkelt! Levereras i en praktisk&#8230;<\/p>\n","protected":false},"featured_media":105231,"template":"","meta":[],"product_brand":[],"product_cat":[873,668,647],"product_tag":[],"class_list":{"0":"post-105244","1":"product","2":"type-product","3":"status-publish","4":"has-post-thumbnail","6":"product_cat-fitness-styrketraning","7":"product_cat-hantlar","8":"product_cat-sport-fritid","10":"first","11":"instock","12":"sale","13":"taxable","14":"shipping-taxable","15":"purchasable","16":"product-type-simple"},"yoast_head":"<!-- This site is optimized with the Yoast SEO plugin v25.4 - https:\/\/yoast.com\/wordpress\/plugins\/seo\/ -->\n<title>TRUUSK Hantelset 4 Par 0,5kg-10kg - Med V\u00e4ska - Gjutj\u00e4rn - Hexagon - TRUUSK - Hem, Tr\u00e4dg\u00e5rd &amp; Fritid<\/title>\n<meta name=\"robots\" content=\"index, follow, max-snippet:-1, max-image-preview:large, max-video-preview:-1\" \/>\n<link rel=\"canonical\" href=\"https:\/\/truusk.store\/sv\/produkt\/truusk-hantelset-4-par-05kg-10kg-med-vaska-gjutjarn-hexagon\/\" \/>\n<meta property=\"og:locale\" content=\"sv_SE\" \/>\n<meta property=\"og:type\" content=\"article\" \/>\n<meta property=\"og:title\" content=\"TRUUSK Hantelset 4 Par 0,5kg-10kg - Med V\u00e4ska - Gjutj\u00e4rn - Hexagon - TRUUSK - Hem, Tr\u00e4dg\u00e5rd &amp; Fritid\" \/>\n<meta property=\"og:description\" content=\"Tr\u00e4na h\u00e4lsosamt och lev i form: med detta fantastiska hantelset fr\u00e5n [BRAND NAME] blir det enkelt! Levereras i en praktisk...\" \/>\n<meta property=\"og:url\" content=\"https:\/\/truusk.store\/sv\/produkt\/truusk-hantelset-4-par-05kg-10kg-med-vaska-gjutjarn-hexagon\/\" \/>\n<meta property=\"og:site_name\" content=\"TRUUSK - Hem, Tr\u00e4dg\u00e5rd &amp; Fritid\" \/>\n<meta property=\"article:modified_time\" content=\"2026-03-12T07:44:38+00:00\" \/>\n<meta property=\"og:image\" content=\"https:\/\/i0.wp.com\/truusk.se\/wp-content\/uploads\/2026\/02\/hantelset-4-par-05kg-10kg-hantlar-med-vaska-hantelset-av-gjutjarn-hexagon-1.webp?fit=2000%2C2000&ssl=1\" \/>\n\t<meta property=\"og:image:width\" content=\"2000\" \/>\n\t<meta property=\"og:image:height\" content=\"2000\" \/>\n\t<meta property=\"og:image:type\" content=\"image\/webp\" \/>\n<meta name=\"twitter:card\" content=\"summary_large_image\" \/>\n<meta name=\"twitter:label1\" content=\"Ber\u00e4knad l\u00e4stid\" \/>\n\t<meta name=\"twitter:data1\" content=\"1 minut\" \/>\n<!-- \/ Yoast SEO plugin. -->","yoast_head_json":{"title":"TRUUSK Hantelset 4 Par 0,5kg-10kg - Med V\u00e4ska - Gjutj\u00e4rn - Hexagon - TRUUSK - Hem, Tr\u00e4dg\u00e5rd &amp; Fritid","robots":{"index":"index","follow":"follow","max-snippet":"max-snippet:-1","max-image-preview":"max-image-preview:large","max-video-preview":"max-video-preview:-1"},"canonical":"https:\/\/truusk.store\/sv\/produkt\/truusk-hantelset-4-par-05kg-10kg-med-vaska-gjutjarn-hexagon\/","og_locale":"sv_SE","og_type":"article","og_title":"TRUUSK Hantelset 4 Par 0,5kg-10kg - Med V\u00e4ska - Gjutj\u00e4rn - Hexagon - TRUUSK - Hem, Tr\u00e4dg\u00e5rd &amp; Fritid","og_description":"Tr\u00e4na h\u00e4lsosamt och lev i form: med detta fantastiska hantelset fr\u00e5n [BRAND NAME] blir det enkelt! Levereras i en praktisk...","og_url":"https:\/\/truusk.store\/sv\/produkt\/truusk-hantelset-4-par-05kg-10kg-med-vaska-gjutjarn-hexagon\/","og_site_name":"TRUUSK - Hem, Tr\u00e4dg\u00e5rd &amp; Fritid","article_modified_time":"2026-03-12T07:44:38+00:00","og_image":[{"width":2000,"height":2000,"url":"https:\/\/i0.wp.com\/truusk.se\/wp-content\/uploads\/2026\/02\/hantelset-4-par-05kg-10kg-hantlar-med-vaska-hantelset-av-gjutjarn-hexagon-1.webp?fit=2000%2C2000&ssl=1","type":"image\/webp"}],"twitter_card":"summary_large_image","twitter_misc":{"Ber\u00e4knad l\u00e4stid":"1 minut"},"schema":{"@context":"https:\/\/schema.org","@graph":[{"@type":"WebPage","@id":"https:\/\/truusk.store\/sv\/produkt\/truusk-hantelset-4-par-05kg-10kg-med-vaska-gjutjarn-hexagon\/","url":"https:\/\/truusk.store\/sv\/produkt\/truusk-hantelset-4-par-05kg-10kg-med-vaska-gjutjarn-hexagon\/","name":"TRUUSK Hantelset 4 Par 0,5kg-10kg - Med V\u00e4ska - Gjutj\u00e4rn - Hexagon - TRUUSK - Hem, Tr\u00e4dg\u00e5rd &amp; Fritid","isPartOf":{"@id":"https:\/\/truusk.store\/sv\/#website"},"primaryImageOfPage":{"@id":"https:\/\/truusk.store\/sv\/produkt\/truusk-hantelset-4-par-05kg-10kg-med-vaska-gjutjarn-hexagon\/#primaryimage"},"image":{"@id":"https:\/\/truusk.store\/sv\/produkt\/truusk-hantelset-4-par-05kg-10kg-med-vaska-gjutjarn-hexagon\/#primaryimage"},"thumbnailUrl":"https:\/\/i0.wp.com\/truusk.store\/wp-content\/uploads\/2026\/02\/hantelset-4-par-05kg-10kg-hantlar-med-vaska-hantelset-av-gjutjarn-hexagon-1.webp?fit=2000%2C2000&ssl=1","datePublished":"2026-02-24T04:36:23+00:00","dateModified":"2026-03-12T07:44:38+00:00","breadcrumb":{"@id":"https:\/\/truusk.store\/sv\/produkt\/truusk-hantelset-4-par-05kg-10kg-med-vaska-gjutjarn-hexagon\/#breadcrumb"},"inLanguage":"sv-SE","potentialAction":[{"@type":"ReadAction","target":["https:\/\/truusk.store\/sv\/produkt\/truusk-hantelset-4-par-05kg-10kg-med-vaska-gjutjarn-hexagon\/"]}]},{"@type":"ImageObject","inLanguage":"sv-SE","@id":"https:\/\/truusk.store\/sv\/produkt\/truusk-hantelset-4-par-05kg-10kg-med-vaska-gjutjarn-hexagon\/#primaryimage","url":"https:\/\/i0.wp.com\/truusk.store\/wp-content\/uploads\/2026\/02\/hantelset-4-par-05kg-10kg-hantlar-med-vaska-hantelset-av-gjutjarn-hexagon-1.webp?fit=2000%2C2000&ssl=1","contentUrl":"https:\/\/i0.wp.com\/truusk.store\/wp-content\/uploads\/2026\/02\/hantelset-4-par-05kg-10kg-hantlar-med-vaska-hantelset-av-gjutjarn-hexagon-1.webp?fit=2000%2C2000&ssl=1","width":2000,"height":2000},{"@type":"BreadcrumbList","@id":"https:\/\/truusk.store\/sv\/produkt\/truusk-hantelset-4-par-05kg-10kg-med-vaska-gjutjarn-hexagon\/#breadcrumb","itemListElement":[{"@type":"ListItem","position":1,"name":"Home","item":"https:\/\/truusk.store\/sv\/"},{"@type":"ListItem","position":2,"name":"Shop","item":"https:\/\/truusk.store\/shop\/"},{"@type":"ListItem","position":3,"name":"TRUUSK Hantelset 4 Par 0,5kg-10kg &#8211; Med V\u00e4ska &#8211; Gjutj\u00e4rn &#8211; Hexagon"}]},{"@type":"WebSite","@id":"https:\/\/truusk.store\/sv\/#website","url":"https:\/\/truusk.store\/sv\/","name":"TRUUSK - Hem, Tr\u00e4dg\u00e5rd & Fritid","description":"","publisher":{"@id":"https:\/\/truusk.store\/sv\/#organization"},"potentialAction":[{"@type":"SearchAction","target":{"@type":"EntryPoint","urlTemplate":"https:\/\/truusk.store\/sv\/?s={search_term_string}"},"query-input":{"@type":"PropertyValueSpecification","valueRequired":true,"valueName":"search_term_string"}}],"inLanguage":"sv-SE"},{"@type":"Organization","@id":"https:\/\/truusk.store\/sv\/#organization","name":"TRUUSK - Hem, Tr\u00e4dg\u00e5rd & Fritid","url":"https:\/\/truusk.store\/sv\/","logo":{"@type":"ImageObject","inLanguage":"sv-SE","@id":"https:\/\/truusk.store\/sv\/#\/schema\/logo\/image\/","url":"https:\/\/i0.wp.com\/truusk.store\/wp-content\/uploads\/2026\/03\/cropped-TRUUSK.png?fit=2032%2C917&ssl=1","contentUrl":"https:\/\/i0.wp.com\/truusk.store\/wp-content\/uploads\/2026\/03\/cropped-TRUUSK.png?fit=2032%2C917&ssl=1","width":2032,"height":917,"caption":"TRUUSK - Hem, Tr\u00e4dg\u00e5rd & Fritid"},"image":{"@id":"https:\/\/truusk.store\/sv\/#\/schema\/logo\/image\/"}}]}},"jetpack_sharing_enabled":true,"_links":{"self":[{"href":"https:\/\/truusk.store\/sv\/wp-json\/wp\/v2\/product\/105244","targetHints":{"allow":["GET"]}}],"collection":[{"href":"https:\/\/truusk.store\/sv\/wp-json\/wp\/v2\/product"}],"about":[{"href":"https:\/\/truusk.store\/sv\/wp-json\/wp\/v2\/types\/product"}],"wp:featuredmedia":[{"embeddable":true,"href":"https:\/\/truusk.store\/sv\/wp-json\/wp\/v2\/media\/105231"}],"wp:attachment":[{"href":"https:\/\/truusk.store\/sv\/wp-json\/wp\/v2\/media?parent=105244"}],"wp:term":[{"taxonomy":"product_brand","embeddable":true,"href":"https:\/\/truusk.store\/sv\/wp-json\/wp\/v2\/product_brand?post=105244"},{"taxonomy":"product_cat","embeddable":true,"href":"https:\/\/truusk.store\/sv\/wp-json\/wp\/v2\/product_cat?post=105244"},{"taxonomy":"product_tag","embeddable":true,"href":"https:\/\/truusk.store\/sv\/wp-json\/wp\/v2\/product_tag?post=105244"}],"curies":[{"name":"wp","href":"https:\/\/api.w.org\/{rel}","templated":true}]}}