{"id":105252,"date":"2026-02-24T05:37:14","date_gmt":"2026-02-24T04:37:14","guid":{"rendered":"https:\/\/truusk.store\/product\/skrivbord-koksbord-med-2-usb-laddningsportar-2-uttag-justerbara-hyllor-3-tyglador-120x40x76-cm-vit\/"},"modified":"2026-03-12T08:44:43","modified_gmt":"2026-03-12T07:44:43","slug":"truusk-skrivbord-med-usb-laddningsportar-justerbara-hyllor-tyglador-120x40x76-cm-vit","status":"publish","type":"product","link":"https:\/\/truusk.store\/sv\/produkt\/truusk-skrivbord-med-usb-laddningsportar-justerbara-hyllor-tyglador-120x40x76-cm-vit\/","title":{"rendered":"TRUUSK Skrivbord med USB-laddningsportar &#8211; Justerbara hyllor &#8211; Tygl\u00e5dor &#8211; 120x40x76 cm &#8211; Vit"},"content":{"rendered":"<p>F\u00f6rvandla din arbetsplats med [BRAND NAME]-skrivbordet &#8211; d\u00e4r komfort m\u00f6ter stil! Var alltid redo med den inbyggda laddningsstationen med tv\u00e5 uttag och tv\u00e5 USB-portar. Detta skrivbord med f\u00f6rvaringsutrymme f\u00f6r sovrummet erbjuder ocks\u00e5 mycket f\u00f6rvaringsutrymme med tre tygl\u00e5dor och fyra m\u00e5ngsidiga hyllor, s\u00e5 att b\u00f6cker och skrivmaterial alltid \u00e4r organiserade. Omforma din arbetsplats enkelt och effektivt!<\/p>\n<p>Beskrivning:<\/p>\n<ul>\n<li> Skrivbord med inbyggd laddningsstation och flera anslutningar, s\u00e5 att dina enheter alltid \u00e4r laddade<\/li>\n<li> 1,5 meter l\u00e5ng kabel f\u00f6r flexibel och enkel anslutning<\/li>\n<li> Kompakt skrivbord med tre tygl\u00e5dor och fyra hyllor f\u00f6r maximal f\u00f6rvaringsm\u00e5ngfald<\/li>\n<li> Valbara mellersta hyllplan m\u00f6jligg\u00f6r anpassbar f\u00f6rvaring enligt dina behov<\/li>\n<li> Studentbord av sp\u00e5nskiva och pulverlackerat st\u00e5lram f\u00f6r varaktig h\u00e5llbarhet och stabilitet<\/li>\n<li> Justerbara fotdynor p\u00e5 arbetsbordet ger stabilitet p\u00e5 oj\u00e4mna ytor<\/li>\n<li> Monteringen kr\u00e4vs<\/li>\n<\/ul>\n<p> Tekniska data:<\/p>\n<ul>\n<li> F\u00e4rg: Vit<\/li>\n<li> Material: Sp\u00e5nskiva, st\u00e5l, linne (100 % polyester)<\/li>\n<li> Totala m\u00e5tt: 120B x 40T x 76H cm<\/li>\n<li> Benutrymme: 71B x 62,5H cm<\/li>\n<li> Hyllm\u00e5tt: 20B x 35,5T cm<\/li>\n<li> Kabell\u00e4ngd: 1,5 m<\/li>\n<li> Ing\u00e5ng: AC 220\u2013250V, 50\/60Hz, 15A<\/li>\n<li> USB: DC 5V, 2,1A<\/li>\n<li> Maximalt rekommenderad belastning: 50 kg (totalt), 30 kg (skrivbordsyta), 10 kg (hylla)<\/li>\n<\/ul>\n<p>Leveransinneh\u00e5ll:<\/p>\n<ul>\n<li> 1 x Datorskrivbord<\/li>\n<li> 1 x Instruktioner<\/li>\n<\/ul>\n","protected":false},"excerpt":{"rendered":"<p>F\u00f6rvandla din arbetsplats med [BRAND NAME]-skrivbordet &#8211; d\u00e4r komfort m\u00f6ter stil! Var alltid redo med den inbyggda laddningsstationen med tv\u00e5&#8230;<\/p>\n","protected":false},"featured_media":105240,"template":"","meta":[],"product_brand":[],"product_cat":[872,871,502],"product_tag":[],"class_list":{"0":"post-105252","1":"product","2":"type-product","3":"status-publish","4":"has-post-thumbnail","6":"product_cat-hemmakontor-arbetsplats","7":"product_cat-hus-hem","8":"product_cat-skrivbord","10":"first","11":"instock","12":"sale","13":"taxable","14":"shipping-taxable","15":"purchasable","16":"product-type-simple"},"yoast_head":"<!-- This site is optimized with the Yoast SEO plugin v25.4 - https:\/\/yoast.com\/wordpress\/plugins\/seo\/ -->\n<title>TRUUSK Skrivbord med USB-laddningsportar - Justerbara hyllor - Tygl\u00e5dor - 120x40x76 cm - Vit - TRUUSK - Hem, Tr\u00e4dg\u00e5rd &amp; Fritid<\/title>\n<meta name=\"robots\" content=\"index, follow, max-snippet:-1, max-image-preview:large, max-video-preview:-1\" \/>\n<link rel=\"canonical\" href=\"https:\/\/truusk.store\/sv\/produkt\/truusk-skrivbord-med-usb-laddningsportar-justerbara-hyllor-tyglador-120x40x76-cm-vit\/\" \/>\n<meta property=\"og:locale\" content=\"sv_SE\" \/>\n<meta property=\"og:type\" content=\"article\" \/>\n<meta property=\"og:title\" content=\"TRUUSK Skrivbord med USB-laddningsportar - Justerbara hyllor - Tygl\u00e5dor - 120x40x76 cm - Vit - TRUUSK - Hem, Tr\u00e4dg\u00e5rd &amp; Fritid\" \/>\n<meta property=\"og:description\" content=\"F\u00f6rvandla din arbetsplats med [BRAND NAME]-skrivbordet &#8211; d\u00e4r komfort m\u00f6ter stil! Var alltid redo med den inbyggda laddningsstationen med tv\u00e5...\" \/>\n<meta property=\"og:url\" content=\"https:\/\/truusk.store\/sv\/produkt\/truusk-skrivbord-med-usb-laddningsportar-justerbara-hyllor-tyglador-120x40x76-cm-vit\/\" \/>\n<meta property=\"og:site_name\" content=\"TRUUSK - Hem, Tr\u00e4dg\u00e5rd &amp; Fritid\" \/>\n<meta property=\"article:modified_time\" content=\"2026-03-12T07:44:43+00:00\" \/>\n<meta property=\"og:image\" content=\"https:\/\/i0.wp.com\/truusk.se\/wp-content\/uploads\/2026\/02\/skrivbord-koksbord-med-2-usb-laddningsportar-2-uttag-justerbara-hyllor-3-tyglador-120x40x76-cm-vit-1.webp?fit=2000%2C2000&ssl=1\" \/>\n\t<meta property=\"og:image:width\" content=\"2000\" \/>\n\t<meta property=\"og:image:height\" content=\"2000\" \/>\n\t<meta property=\"og:image:type\" content=\"image\/webp\" \/>\n<meta name=\"twitter:card\" content=\"summary_large_image\" \/>\n<meta name=\"twitter:label1\" content=\"Ber\u00e4knad l\u00e4stid\" \/>\n\t<meta name=\"twitter:data1\" content=\"1 minut\" \/>\n<!-- \/ Yoast SEO plugin. -->","yoast_head_json":{"title":"TRUUSK Skrivbord med USB-laddningsportar - Justerbara hyllor - Tygl\u00e5dor - 120x40x76 cm - Vit - TRUUSK - Hem, Tr\u00e4dg\u00e5rd &amp; Fritid","robots":{"index":"index","follow":"follow","max-snippet":"max-snippet:-1","max-image-preview":"max-image-preview:large","max-video-preview":"max-video-preview:-1"},"canonical":"https:\/\/truusk.store\/sv\/produkt\/truusk-skrivbord-med-usb-laddningsportar-justerbara-hyllor-tyglador-120x40x76-cm-vit\/","og_locale":"sv_SE","og_type":"article","og_title":"TRUUSK Skrivbord med USB-laddningsportar - Justerbara hyllor - Tygl\u00e5dor - 120x40x76 cm - Vit - TRUUSK - Hem, Tr\u00e4dg\u00e5rd &amp; Fritid","og_description":"F\u00f6rvandla din arbetsplats med [BRAND NAME]-skrivbordet &#8211; d\u00e4r komfort m\u00f6ter stil! Var alltid redo med den inbyggda laddningsstationen med tv\u00e5...","og_url":"https:\/\/truusk.store\/sv\/produkt\/truusk-skrivbord-med-usb-laddningsportar-justerbara-hyllor-tyglador-120x40x76-cm-vit\/","og_site_name":"TRUUSK - Hem, Tr\u00e4dg\u00e5rd &amp; Fritid","article_modified_time":"2026-03-12T07:44:43+00:00","og_image":[{"width":2000,"height":2000,"url":"https:\/\/i0.wp.com\/truusk.se\/wp-content\/uploads\/2026\/02\/skrivbord-koksbord-med-2-usb-laddningsportar-2-uttag-justerbara-hyllor-3-tyglador-120x40x76-cm-vit-1.webp?fit=2000%2C2000&ssl=1","type":"image\/webp"}],"twitter_card":"summary_large_image","twitter_misc":{"Ber\u00e4knad l\u00e4stid":"1 minut"},"schema":{"@context":"https:\/\/schema.org","@graph":[{"@type":"WebPage","@id":"https:\/\/truusk.store\/sv\/produkt\/truusk-skrivbord-med-usb-laddningsportar-justerbara-hyllor-tyglador-120x40x76-cm-vit\/","url":"https:\/\/truusk.store\/sv\/produkt\/truusk-skrivbord-med-usb-laddningsportar-justerbara-hyllor-tyglador-120x40x76-cm-vit\/","name":"TRUUSK Skrivbord med USB-laddningsportar - Justerbara hyllor - Tygl\u00e5dor - 120x40x76 cm - Vit - TRUUSK - Hem, Tr\u00e4dg\u00e5rd &amp; Fritid","isPartOf":{"@id":"https:\/\/truusk.store\/sv\/#website"},"primaryImageOfPage":{"@id":"https:\/\/truusk.store\/sv\/produkt\/truusk-skrivbord-med-usb-laddningsportar-justerbara-hyllor-tyglador-120x40x76-cm-vit\/#primaryimage"},"image":{"@id":"https:\/\/truusk.store\/sv\/produkt\/truusk-skrivbord-med-usb-laddningsportar-justerbara-hyllor-tyglador-120x40x76-cm-vit\/#primaryimage"},"thumbnailUrl":"https:\/\/i0.wp.com\/truusk.store\/wp-content\/uploads\/2026\/02\/skrivbord-koksbord-med-2-usb-laddningsportar-2-uttag-justerbara-hyllor-3-tyglador-120x40x76-cm-vit-1.webp?fit=2000%2C2000&ssl=1","datePublished":"2026-02-24T04:37:14+00:00","dateModified":"2026-03-12T07:44:43+00:00","breadcrumb":{"@id":"https:\/\/truusk.store\/sv\/produkt\/truusk-skrivbord-med-usb-laddningsportar-justerbara-hyllor-tyglador-120x40x76-cm-vit\/#breadcrumb"},"inLanguage":"sv-SE","potentialAction":[{"@type":"ReadAction","target":["https:\/\/truusk.store\/sv\/produkt\/truusk-skrivbord-med-usb-laddningsportar-justerbara-hyllor-tyglador-120x40x76-cm-vit\/"]}]},{"@type":"ImageObject","inLanguage":"sv-SE","@id":"https:\/\/truusk.store\/sv\/produkt\/truusk-skrivbord-med-usb-laddningsportar-justerbara-hyllor-tyglador-120x40x76-cm-vit\/#primaryimage","url":"https:\/\/i0.wp.com\/truusk.store\/wp-content\/uploads\/2026\/02\/skrivbord-koksbord-med-2-usb-laddningsportar-2-uttag-justerbara-hyllor-3-tyglador-120x40x76-cm-vit-1.webp?fit=2000%2C2000&ssl=1","contentUrl":"https:\/\/i0.wp.com\/truusk.store\/wp-content\/uploads\/2026\/02\/skrivbord-koksbord-med-2-usb-laddningsportar-2-uttag-justerbara-hyllor-3-tyglador-120x40x76-cm-vit-1.webp?fit=2000%2C2000&ssl=1","width":2000,"height":2000},{"@type":"BreadcrumbList","@id":"https:\/\/truusk.store\/sv\/produkt\/truusk-skrivbord-med-usb-laddningsportar-justerbara-hyllor-tyglador-120x40x76-cm-vit\/#breadcrumb","itemListElement":[{"@type":"ListItem","position":1,"name":"Home","item":"https:\/\/truusk.store\/sv\/"},{"@type":"ListItem","position":2,"name":"Shop","item":"https:\/\/truusk.store\/shop\/"},{"@type":"ListItem","position":3,"name":"TRUUSK Skrivbord med USB-laddningsportar &#8211; Justerbara hyllor &#8211; Tygl\u00e5dor &#8211; 120x40x76 cm &#8211; Vit"}]},{"@type":"WebSite","@id":"https:\/\/truusk.store\/sv\/#website","url":"https:\/\/truusk.store\/sv\/","name":"TRUUSK - Hem, Tr\u00e4dg\u00e5rd & Fritid","description":"","publisher":{"@id":"https:\/\/truusk.store\/sv\/#organization"},"potentialAction":[{"@type":"SearchAction","target":{"@type":"EntryPoint","urlTemplate":"https:\/\/truusk.store\/sv\/?s={search_term_string}"},"query-input":{"@type":"PropertyValueSpecification","valueRequired":true,"valueName":"search_term_string"}}],"inLanguage":"sv-SE"},{"@type":"Organization","@id":"https:\/\/truusk.store\/sv\/#organization","name":"TRUUSK - Hem, Tr\u00e4dg\u00e5rd & Fritid","url":"https:\/\/truusk.store\/sv\/","logo":{"@type":"ImageObject","inLanguage":"sv-SE","@id":"https:\/\/truusk.store\/sv\/#\/schema\/logo\/image\/","url":"https:\/\/i0.wp.com\/truusk.store\/wp-content\/uploads\/2026\/03\/cropped-TRUUSK.png?fit=2032%2C917&ssl=1","contentUrl":"https:\/\/i0.wp.com\/truusk.store\/wp-content\/uploads\/2026\/03\/cropped-TRUUSK.png?fit=2032%2C917&ssl=1","width":2032,"height":917,"caption":"TRUUSK - Hem, Tr\u00e4dg\u00e5rd & Fritid"},"image":{"@id":"https:\/\/truusk.store\/sv\/#\/schema\/logo\/image\/"}}]}},"jetpack_sharing_enabled":true,"_links":{"self":[{"href":"https:\/\/truusk.store\/sv\/wp-json\/wp\/v2\/product\/105252","targetHints":{"allow":["GET"]}}],"collection":[{"href":"https:\/\/truusk.store\/sv\/wp-json\/wp\/v2\/product"}],"about":[{"href":"https:\/\/truusk.store\/sv\/wp-json\/wp\/v2\/types\/product"}],"wp:featuredmedia":[{"embeddable":true,"href":"https:\/\/truusk.store\/sv\/wp-json\/wp\/v2\/media\/105240"}],"wp:attachment":[{"href":"https:\/\/truusk.store\/sv\/wp-json\/wp\/v2\/media?parent=105252"}],"wp:term":[{"taxonomy":"product_brand","embeddable":true,"href":"https:\/\/truusk.store\/sv\/wp-json\/wp\/v2\/product_brand?post=105252"},{"taxonomy":"product_cat","embeddable":true,"href":"https:\/\/truusk.store\/sv\/wp-json\/wp\/v2\/product_cat?post=105252"},{"taxonomy":"product_tag","embeddable":true,"href":"https:\/\/truusk.store\/sv\/wp-json\/wp\/v2\/product_tag?post=105252"}],"curies":[{"name":"wp","href":"https:\/\/api.w.org\/{rel}","templated":true}]}}