{"id":105288,"date":"2026-02-24T05:42:07","date_gmt":"2026-02-24T04:42:07","guid":{"rendered":"https:\/\/truusk.store\/product\/ergonomisk-knastol-knapall-halsofatolj-for-hemmet-kontoret-meditation-kram\/"},"modified":"2026-03-12T08:46:46","modified_gmt":"2026-03-12T07:46:46","slug":"truusk-ergonomisk-knastol-halsofatolj-for-hemmet-och-kontoret-meditation-kramig-farg","status":"publish","type":"product","link":"https:\/\/truusk.store\/sv\/produkt\/truusk-ergonomisk-knastol-halsofatolj-for-hemmet-och-kontoret-meditation-kramig-farg\/","title":{"rendered":"TRUUSK Ergonomisk Kn\u00e4stol &#8211; H\u00e4lsof\u00e5t\u00f6lj f\u00f6r Hemmet och Kontoret &#8211; Meditation &#8211; Kr\u00e4mig F\u00e4rg"},"content":{"rendered":"<p>Optimera din arbetsplats med [BRAND NAME] kn\u00e4stol! Kn\u00e4stolen \u00e4r utformad f\u00f6r att f\u00f6rb\u00e4ttra felaktiga h\u00e5llningar som puckelrygg och lindra ryggsm\u00e4rtor. Den ergonomiska kn\u00e4stolen f\u00f6rdelar din vikt j\u00e4mnt f\u00f6r optimal komfort. Den gungande r\u00f6relsen \u00f6kar koncentration och energi. Idealisk som en meditations-, kontors- eller skrivstol med st\u00f6djande ryggst\u00f6d och elegant bj\u00f6rkram.<\/p>\n<p>Beskrivning:<\/p>\n<ul>\n<li> Kn\u00e4stolen f\u00f6rb\u00e4ttrar h\u00e5llningen, f\u00f6rhindrar puckelrygg och lindrar rygg- och l\u00e4ndryggssm\u00e4rtor<\/li>\n<li> F\u00f6rdelar vikten j\u00e4mnt \u00f6ver h\u00f6fter och ben, inklusive ryggst\u00f6d<\/li>\n<li> Kn\u00e4stolens gungande design \u00f6kar koncentrationen och st\u00f6der l\u00e4ngre koncentrationsfaser<\/li>\n<li> M\u00e5ngsidigt anv\u00e4ndbar som meditations-, hemmakontors- eller skrivstol<\/li>\n<li> Stabil ram av bj\u00f6rktr\u00e4 p\u00e5 kn\u00e4stolen garanterar h\u00e5llbarhet och s\u00e4kerhet<\/li>\n<li> Enkel monteringsprocess, snabb och okomplicerad att s\u00e4tta upp<\/li>\n<\/ul>\n<p> Tekniska data:<\/p>\n<ul>\n<li> F\u00e4rg: Kr\u00e4mvit<\/li>\n<li> Material: Bj\u00f6rktr\u00e4, tyg med linneutseende (100% polyester), skum<\/li>\n<li> Totala dimensioner: 51B x 84T x 93H cm<\/li>\n<li> Sitsstorlek: 41B x 30T x 49H cm<\/li>\n<li> Storlek p\u00e5 kn\u00e4st\u00f6d: 14B x 26T x 33H cm<\/li>\n<li> L\u00e4mplig skrivbordsh\u00f6jd: 75-90 cm<\/li>\n<li> Tjocklek p\u00e5 stoppning: 6 cm<\/li>\n<li> B\u00e4rkapacitet: 120 kg<\/li>\n<li> OBS: Genom att anv\u00e4nda en kn\u00e4stol aktiveras olika muskler, s\u00e5 v\u00e4nj dig gradvis vid det och ta en paus var 15 till 30 minuter f\u00f6r att beh\u00e5lla komforten.<\/li>\n<\/ul>\n<p>Leveransinneh\u00e5ll:<\/p>\n<ul>\n<li> 1 x kn\u00e4stol<\/li>\n<li> 1 x manual<\/li>\n<\/ul>\n","protected":false},"excerpt":{"rendered":"<p>Optimera din arbetsplats med [BRAND NAME] kn\u00e4stol! Kn\u00e4stolen \u00e4r utformad f\u00f6r att f\u00f6rb\u00e4ttra felaktiga h\u00e5llningar som puckelrygg och lindra ryggsm\u00e4rtor&#8230;.<\/p>\n","protected":false},"featured_media":105273,"template":"","meta":[],"product_brand":[],"product_cat":[872,871,516],"product_tag":[],"class_list":{"0":"post-105288","1":"product","2":"type-product","3":"status-publish","4":"has-post-thumbnail","6":"product_cat-hemmakontor-arbetsplats","7":"product_cat-hus-hem","8":"product_cat-kontorsstolar","10":"first","11":"instock","12":"sale","13":"taxable","14":"shipping-taxable","15":"purchasable","16":"product-type-simple"},"yoast_head":"<!-- This site is optimized with the Yoast SEO plugin v25.4 - https:\/\/yoast.com\/wordpress\/plugins\/seo\/ -->\n<title>TRUUSK Ergonomisk Kn\u00e4stol - H\u00e4lsof\u00e5t\u00f6lj f\u00f6r Hemmet och Kontoret - Meditation - Kr\u00e4mig F\u00e4rg - TRUUSK - Hem, Tr\u00e4dg\u00e5rd &amp; Fritid<\/title>\n<meta name=\"robots\" content=\"index, follow, max-snippet:-1, max-image-preview:large, max-video-preview:-1\" \/>\n<link rel=\"canonical\" href=\"https:\/\/truusk.store\/sv\/produkt\/truusk-ergonomisk-knastol-halsofatolj-for-hemmet-och-kontoret-meditation-kramig-farg\/\" \/>\n<meta property=\"og:locale\" content=\"sv_SE\" \/>\n<meta property=\"og:type\" content=\"article\" \/>\n<meta property=\"og:title\" content=\"TRUUSK Ergonomisk Kn\u00e4stol - H\u00e4lsof\u00e5t\u00f6lj f\u00f6r Hemmet och Kontoret - Meditation - Kr\u00e4mig F\u00e4rg - TRUUSK - Hem, Tr\u00e4dg\u00e5rd &amp; Fritid\" \/>\n<meta property=\"og:description\" content=\"Optimera din arbetsplats med [BRAND NAME] kn\u00e4stol! Kn\u00e4stolen \u00e4r utformad f\u00f6r att f\u00f6rb\u00e4ttra felaktiga h\u00e5llningar som puckelrygg och lindra ryggsm\u00e4rtor....\" \/>\n<meta property=\"og:url\" content=\"https:\/\/truusk.store\/sv\/produkt\/truusk-ergonomisk-knastol-halsofatolj-for-hemmet-och-kontoret-meditation-kramig-farg\/\" \/>\n<meta property=\"og:site_name\" content=\"TRUUSK - Hem, Tr\u00e4dg\u00e5rd &amp; Fritid\" \/>\n<meta property=\"article:modified_time\" content=\"2026-03-12T07:46:46+00:00\" \/>\n<meta property=\"og:image\" content=\"https:\/\/i0.wp.com\/truusk.se\/wp-content\/uploads\/2026\/02\/ergonomisk-knastol-knapall-halsofatolj-for-hemmet-kontoret-meditation-kram-1.webp?fit=2000%2C2000&ssl=1\" \/>\n\t<meta property=\"og:image:width\" content=\"2000\" \/>\n\t<meta property=\"og:image:height\" content=\"2000\" \/>\n\t<meta property=\"og:image:type\" content=\"image\/webp\" \/>\n<meta name=\"twitter:card\" content=\"summary_large_image\" \/>\n<meta name=\"twitter:label1\" content=\"Ber\u00e4knad l\u00e4stid\" \/>\n\t<meta name=\"twitter:data1\" content=\"1 minut\" \/>\n<!-- \/ Yoast SEO plugin. -->","yoast_head_json":{"title":"TRUUSK Ergonomisk Kn\u00e4stol - H\u00e4lsof\u00e5t\u00f6lj f\u00f6r Hemmet och Kontoret - Meditation - Kr\u00e4mig F\u00e4rg - TRUUSK - Hem, Tr\u00e4dg\u00e5rd &amp; Fritid","robots":{"index":"index","follow":"follow","max-snippet":"max-snippet:-1","max-image-preview":"max-image-preview:large","max-video-preview":"max-video-preview:-1"},"canonical":"https:\/\/truusk.store\/sv\/produkt\/truusk-ergonomisk-knastol-halsofatolj-for-hemmet-och-kontoret-meditation-kramig-farg\/","og_locale":"sv_SE","og_type":"article","og_title":"TRUUSK Ergonomisk Kn\u00e4stol - H\u00e4lsof\u00e5t\u00f6lj f\u00f6r Hemmet och Kontoret - Meditation - Kr\u00e4mig F\u00e4rg - TRUUSK - Hem, Tr\u00e4dg\u00e5rd &amp; Fritid","og_description":"Optimera din arbetsplats med [BRAND NAME] kn\u00e4stol! Kn\u00e4stolen \u00e4r utformad f\u00f6r att f\u00f6rb\u00e4ttra felaktiga h\u00e5llningar som puckelrygg och lindra ryggsm\u00e4rtor....","og_url":"https:\/\/truusk.store\/sv\/produkt\/truusk-ergonomisk-knastol-halsofatolj-for-hemmet-och-kontoret-meditation-kramig-farg\/","og_site_name":"TRUUSK - Hem, Tr\u00e4dg\u00e5rd &amp; Fritid","article_modified_time":"2026-03-12T07:46:46+00:00","og_image":[{"width":2000,"height":2000,"url":"https:\/\/i0.wp.com\/truusk.se\/wp-content\/uploads\/2026\/02\/ergonomisk-knastol-knapall-halsofatolj-for-hemmet-kontoret-meditation-kram-1.webp?fit=2000%2C2000&ssl=1","type":"image\/webp"}],"twitter_card":"summary_large_image","twitter_misc":{"Ber\u00e4knad l\u00e4stid":"1 minut"},"schema":{"@context":"https:\/\/schema.org","@graph":[{"@type":"WebPage","@id":"https:\/\/truusk.store\/sv\/produkt\/truusk-ergonomisk-knastol-halsofatolj-for-hemmet-och-kontoret-meditation-kramig-farg\/","url":"https:\/\/truusk.store\/sv\/produkt\/truusk-ergonomisk-knastol-halsofatolj-for-hemmet-och-kontoret-meditation-kramig-farg\/","name":"TRUUSK Ergonomisk Kn\u00e4stol - H\u00e4lsof\u00e5t\u00f6lj f\u00f6r Hemmet och Kontoret - Meditation - Kr\u00e4mig F\u00e4rg - TRUUSK - Hem, Tr\u00e4dg\u00e5rd &amp; Fritid","isPartOf":{"@id":"https:\/\/truusk.store\/sv\/#website"},"primaryImageOfPage":{"@id":"https:\/\/truusk.store\/sv\/produkt\/truusk-ergonomisk-knastol-halsofatolj-for-hemmet-och-kontoret-meditation-kramig-farg\/#primaryimage"},"image":{"@id":"https:\/\/truusk.store\/sv\/produkt\/truusk-ergonomisk-knastol-halsofatolj-for-hemmet-och-kontoret-meditation-kramig-farg\/#primaryimage"},"thumbnailUrl":"https:\/\/i0.wp.com\/truusk.store\/wp-content\/uploads\/2026\/02\/ergonomisk-knastol-knapall-halsofatolj-for-hemmet-kontoret-meditation-kram-1.webp?fit=2000%2C2000&ssl=1","datePublished":"2026-02-24T04:42:07+00:00","dateModified":"2026-03-12T07:46:46+00:00","breadcrumb":{"@id":"https:\/\/truusk.store\/sv\/produkt\/truusk-ergonomisk-knastol-halsofatolj-for-hemmet-och-kontoret-meditation-kramig-farg\/#breadcrumb"},"inLanguage":"sv-SE","potentialAction":[{"@type":"ReadAction","target":["https:\/\/truusk.store\/sv\/produkt\/truusk-ergonomisk-knastol-halsofatolj-for-hemmet-och-kontoret-meditation-kramig-farg\/"]}]},{"@type":"ImageObject","inLanguage":"sv-SE","@id":"https:\/\/truusk.store\/sv\/produkt\/truusk-ergonomisk-knastol-halsofatolj-for-hemmet-och-kontoret-meditation-kramig-farg\/#primaryimage","url":"https:\/\/i0.wp.com\/truusk.store\/wp-content\/uploads\/2026\/02\/ergonomisk-knastol-knapall-halsofatolj-for-hemmet-kontoret-meditation-kram-1.webp?fit=2000%2C2000&ssl=1","contentUrl":"https:\/\/i0.wp.com\/truusk.store\/wp-content\/uploads\/2026\/02\/ergonomisk-knastol-knapall-halsofatolj-for-hemmet-kontoret-meditation-kram-1.webp?fit=2000%2C2000&ssl=1","width":2000,"height":2000},{"@type":"BreadcrumbList","@id":"https:\/\/truusk.store\/sv\/produkt\/truusk-ergonomisk-knastol-halsofatolj-for-hemmet-och-kontoret-meditation-kramig-farg\/#breadcrumb","itemListElement":[{"@type":"ListItem","position":1,"name":"Home","item":"https:\/\/truusk.store\/sv\/"},{"@type":"ListItem","position":2,"name":"Shop","item":"https:\/\/truusk.store\/shop\/"},{"@type":"ListItem","position":3,"name":"TRUUSK Ergonomisk Kn\u00e4stol &#8211; H\u00e4lsof\u00e5t\u00f6lj f\u00f6r Hemmet och Kontoret &#8211; Meditation &#8211; Kr\u00e4mig F\u00e4rg"}]},{"@type":"WebSite","@id":"https:\/\/truusk.store\/sv\/#website","url":"https:\/\/truusk.store\/sv\/","name":"TRUUSK - Hem, Tr\u00e4dg\u00e5rd & Fritid","description":"","publisher":{"@id":"https:\/\/truusk.store\/sv\/#organization"},"potentialAction":[{"@type":"SearchAction","target":{"@type":"EntryPoint","urlTemplate":"https:\/\/truusk.store\/sv\/?s={search_term_string}"},"query-input":{"@type":"PropertyValueSpecification","valueRequired":true,"valueName":"search_term_string"}}],"inLanguage":"sv-SE"},{"@type":"Organization","@id":"https:\/\/truusk.store\/sv\/#organization","name":"TRUUSK - Hem, Tr\u00e4dg\u00e5rd & Fritid","url":"https:\/\/truusk.store\/sv\/","logo":{"@type":"ImageObject","inLanguage":"sv-SE","@id":"https:\/\/truusk.store\/sv\/#\/schema\/logo\/image\/","url":"https:\/\/i0.wp.com\/truusk.store\/wp-content\/uploads\/2026\/03\/cropped-TRUUSK.png?fit=2032%2C917&ssl=1","contentUrl":"https:\/\/i0.wp.com\/truusk.store\/wp-content\/uploads\/2026\/03\/cropped-TRUUSK.png?fit=2032%2C917&ssl=1","width":2032,"height":917,"caption":"TRUUSK - Hem, Tr\u00e4dg\u00e5rd & Fritid"},"image":{"@id":"https:\/\/truusk.store\/sv\/#\/schema\/logo\/image\/"}}]}},"jetpack_sharing_enabled":true,"_links":{"self":[{"href":"https:\/\/truusk.store\/sv\/wp-json\/wp\/v2\/product\/105288","targetHints":{"allow":["GET"]}}],"collection":[{"href":"https:\/\/truusk.store\/sv\/wp-json\/wp\/v2\/product"}],"about":[{"href":"https:\/\/truusk.store\/sv\/wp-json\/wp\/v2\/types\/product"}],"wp:featuredmedia":[{"embeddable":true,"href":"https:\/\/truusk.store\/sv\/wp-json\/wp\/v2\/media\/105273"}],"wp:attachment":[{"href":"https:\/\/truusk.store\/sv\/wp-json\/wp\/v2\/media?parent=105288"}],"wp:term":[{"taxonomy":"product_brand","embeddable":true,"href":"https:\/\/truusk.store\/sv\/wp-json\/wp\/v2\/product_brand?post=105288"},{"taxonomy":"product_cat","embeddable":true,"href":"https:\/\/truusk.store\/sv\/wp-json\/wp\/v2\/product_cat?post=105288"},{"taxonomy":"product_tag","embeddable":true,"href":"https:\/\/truusk.store\/sv\/wp-json\/wp\/v2\/product_tag?post=105288"}],"curies":[{"name":"wp","href":"https:\/\/api.w.org\/{rel}","templated":true}]}}