{"id":105304,"date":"2026-02-24T05:43:36","date_gmt":"2026-02-24T04:43:36","guid":{"rendered":"https:\/\/truusk.store\/product\/ergonomisk-kontorsstol-hojdstallbar-snurrstol-med-gungfunktion-natbelaggning-63-x-65-x-109-119-cm-rosa\/"},"modified":"2026-03-12T08:46:52","modified_gmt":"2026-03-12T07:46:52","slug":"truusk-ergonomisk-kontorsstol-hojdstallbar-snurrstol-gungfunktion-natbelaggning-rosa-63-x-65-x-109-119-cm","status":"publish","type":"product","link":"https:\/\/truusk.store\/sv\/produkt\/truusk-ergonomisk-kontorsstol-hojdstallbar-snurrstol-gungfunktion-natbelaggning-rosa-63-x-65-x-109-119-cm\/","title":{"rendered":"TRUUSK Ergonomisk Kontorsstol &#8211; H\u00f6jdst\u00e4llbar &#8211; Snurrstol &#8211; Gungfunktion &#8211; N\u00e4tbel\u00e4ggning &#8211; Rosa &#8211; 63 x 65 x 109-119 cm"},"content":{"rendered":"<p>Om du letar efter en bekv\u00e4m kontorsstol \u00e4r denna kontorsstol fr\u00e5n [BRAND NAME] precis vad du beh\u00f6ver. Denna kontorsstol har en h\u00f6g ryggst\u00f6d och armst\u00f6d. Sitsen och ryggst\u00f6det kan anpassas individuellt till dina behov. Ovandelen \u00e4r andningsbar och ger god ventilation, medan den smarta designen ger mycket komfort till din arbetsdag. Den moderna designen passar bra f\u00f6r kontoret, hemmakontoret eller arbetsrummet.<\/p>\n<p>Beskrivning:<\/p>\n<ul>\n<li> Ovandelen av ryggst\u00f6det \u00e4r gjord av mesh-tyg<\/li>\n<li> 5 hjul med 360-graders rotation och krombas<\/li>\n<li> Ergonomisk design och h\u00f6jdjusterbar sits<\/li>\n<li> Ryggst\u00f6dets vinkel kan justeras<\/li>\n<li> Mjuk stoppning f\u00f6r utm\u00e4rkt komfort<\/li>\n<\/ul>\n<p> Tekniska data:<\/p>\n<ul>\n<li> F\u00e4rg: Rosa<\/li>\n<li> Material: Skum, n\u00e4t, st\u00e5l<\/li>\n<li> Maximal belastning: 120 kg<\/li>\n<li> Sits: 50B x 49T cm<\/li>\n<li> Justerbar sitth\u00f6jd: 50-59,5 cm<\/li>\n<li> Totala m\u00e5tt: 63B x 65T x 109-119H cm<\/li>\n<\/ul>\n<p>Leveransinneh\u00e5ll:<\/p>\n<ul>\n<li> 1 x kontorsstol;<\/li>\n<\/ul>\n","protected":false},"excerpt":{"rendered":"<p>Om du letar efter en bekv\u00e4m kontorsstol \u00e4r denna kontorsstol fr\u00e5n [BRAND NAME] precis vad du beh\u00f6ver. Denna kontorsstol har&#8230;<\/p>\n","protected":false},"featured_media":105292,"template":"","meta":[],"product_brand":[],"product_cat":[872,871,516],"product_tag":[],"class_list":{"0":"post-105304","1":"product","2":"type-product","3":"status-publish","4":"has-post-thumbnail","6":"product_cat-hemmakontor-arbetsplats","7":"product_cat-hus-hem","8":"product_cat-kontorsstolar","10":"first","11":"instock","12":"sale","13":"taxable","14":"shipping-taxable","15":"purchasable","16":"product-type-simple"},"yoast_head":"<!-- This site is optimized with the Yoast SEO plugin v25.4 - https:\/\/yoast.com\/wordpress\/plugins\/seo\/ -->\n<title>TRUUSK Ergonomisk Kontorsstol - H\u00f6jdst\u00e4llbar - Snurrstol - Gungfunktion - N\u00e4tbel\u00e4ggning - Rosa - 63 x 65 x 109-119 cm - TRUUSK - Hem, Tr\u00e4dg\u00e5rd &amp; Fritid<\/title>\n<meta name=\"robots\" content=\"index, follow, max-snippet:-1, max-image-preview:large, max-video-preview:-1\" \/>\n<link rel=\"canonical\" href=\"https:\/\/truusk.store\/sv\/produkt\/truusk-ergonomisk-kontorsstol-hojdstallbar-snurrstol-gungfunktion-natbelaggning-rosa-63-x-65-x-109-119-cm\/\" \/>\n<meta property=\"og:locale\" content=\"sv_SE\" \/>\n<meta property=\"og:type\" content=\"article\" \/>\n<meta property=\"og:title\" content=\"TRUUSK Ergonomisk Kontorsstol - H\u00f6jdst\u00e4llbar - Snurrstol - Gungfunktion - N\u00e4tbel\u00e4ggning - Rosa - 63 x 65 x 109-119 cm - TRUUSK - Hem, Tr\u00e4dg\u00e5rd &amp; Fritid\" \/>\n<meta property=\"og:description\" content=\"Om du letar efter en bekv\u00e4m kontorsstol \u00e4r denna kontorsstol fr\u00e5n [BRAND NAME] precis vad du beh\u00f6ver. Denna kontorsstol har...\" \/>\n<meta property=\"og:url\" content=\"https:\/\/truusk.store\/sv\/produkt\/truusk-ergonomisk-kontorsstol-hojdstallbar-snurrstol-gungfunktion-natbelaggning-rosa-63-x-65-x-109-119-cm\/\" \/>\n<meta property=\"og:site_name\" content=\"TRUUSK - Hem, Tr\u00e4dg\u00e5rd &amp; Fritid\" \/>\n<meta property=\"article:modified_time\" content=\"2026-03-12T07:46:52+00:00\" \/>\n<meta property=\"og:image\" content=\"https:\/\/i0.wp.com\/truusk.se\/wp-content\/uploads\/2026\/02\/ergonomisk-kontorsstol-hojdstallbar-snurrstol-med-gungfunktion-natbelaggning-63-x-65-x-109-119-cm-rosa-1.webp?fit=2000%2C2000&ssl=1\" \/>\n\t<meta property=\"og:image:width\" content=\"2000\" \/>\n\t<meta property=\"og:image:height\" content=\"2000\" \/>\n\t<meta property=\"og:image:type\" content=\"image\/webp\" \/>\n<meta name=\"twitter:card\" content=\"summary_large_image\" \/>\n<meta name=\"twitter:label1\" content=\"Ber\u00e4knad l\u00e4stid\" \/>\n\t<meta name=\"twitter:data1\" content=\"1 minut\" \/>\n<!-- \/ Yoast SEO plugin. -->","yoast_head_json":{"title":"TRUUSK Ergonomisk Kontorsstol - H\u00f6jdst\u00e4llbar - Snurrstol - Gungfunktion - N\u00e4tbel\u00e4ggning - Rosa - 63 x 65 x 109-119 cm - TRUUSK - Hem, Tr\u00e4dg\u00e5rd &amp; Fritid","robots":{"index":"index","follow":"follow","max-snippet":"max-snippet:-1","max-image-preview":"max-image-preview:large","max-video-preview":"max-video-preview:-1"},"canonical":"https:\/\/truusk.store\/sv\/produkt\/truusk-ergonomisk-kontorsstol-hojdstallbar-snurrstol-gungfunktion-natbelaggning-rosa-63-x-65-x-109-119-cm\/","og_locale":"sv_SE","og_type":"article","og_title":"TRUUSK Ergonomisk Kontorsstol - H\u00f6jdst\u00e4llbar - Snurrstol - Gungfunktion - N\u00e4tbel\u00e4ggning - Rosa - 63 x 65 x 109-119 cm - TRUUSK - Hem, Tr\u00e4dg\u00e5rd &amp; Fritid","og_description":"Om du letar efter en bekv\u00e4m kontorsstol \u00e4r denna kontorsstol fr\u00e5n [BRAND NAME] precis vad du beh\u00f6ver. Denna kontorsstol har...","og_url":"https:\/\/truusk.store\/sv\/produkt\/truusk-ergonomisk-kontorsstol-hojdstallbar-snurrstol-gungfunktion-natbelaggning-rosa-63-x-65-x-109-119-cm\/","og_site_name":"TRUUSK - Hem, Tr\u00e4dg\u00e5rd &amp; Fritid","article_modified_time":"2026-03-12T07:46:52+00:00","og_image":[{"width":2000,"height":2000,"url":"https:\/\/i0.wp.com\/truusk.se\/wp-content\/uploads\/2026\/02\/ergonomisk-kontorsstol-hojdstallbar-snurrstol-med-gungfunktion-natbelaggning-63-x-65-x-109-119-cm-rosa-1.webp?fit=2000%2C2000&ssl=1","type":"image\/webp"}],"twitter_card":"summary_large_image","twitter_misc":{"Ber\u00e4knad l\u00e4stid":"1 minut"},"schema":{"@context":"https:\/\/schema.org","@graph":[{"@type":"WebPage","@id":"https:\/\/truusk.store\/sv\/produkt\/truusk-ergonomisk-kontorsstol-hojdstallbar-snurrstol-gungfunktion-natbelaggning-rosa-63-x-65-x-109-119-cm\/","url":"https:\/\/truusk.store\/sv\/produkt\/truusk-ergonomisk-kontorsstol-hojdstallbar-snurrstol-gungfunktion-natbelaggning-rosa-63-x-65-x-109-119-cm\/","name":"TRUUSK Ergonomisk Kontorsstol - H\u00f6jdst\u00e4llbar - Snurrstol - Gungfunktion - N\u00e4tbel\u00e4ggning - Rosa - 63 x 65 x 109-119 cm - TRUUSK - Hem, Tr\u00e4dg\u00e5rd &amp; Fritid","isPartOf":{"@id":"https:\/\/truusk.store\/sv\/#website"},"primaryImageOfPage":{"@id":"https:\/\/truusk.store\/sv\/produkt\/truusk-ergonomisk-kontorsstol-hojdstallbar-snurrstol-gungfunktion-natbelaggning-rosa-63-x-65-x-109-119-cm\/#primaryimage"},"image":{"@id":"https:\/\/truusk.store\/sv\/produkt\/truusk-ergonomisk-kontorsstol-hojdstallbar-snurrstol-gungfunktion-natbelaggning-rosa-63-x-65-x-109-119-cm\/#primaryimage"},"thumbnailUrl":"https:\/\/i0.wp.com\/truusk.store\/wp-content\/uploads\/2026\/02\/ergonomisk-kontorsstol-hojdstallbar-snurrstol-med-gungfunktion-natbelaggning-63-x-65-x-109-119-cm-rosa-1.webp?fit=2000%2C2000&ssl=1","datePublished":"2026-02-24T04:43:36+00:00","dateModified":"2026-03-12T07:46:52+00:00","breadcrumb":{"@id":"https:\/\/truusk.store\/sv\/produkt\/truusk-ergonomisk-kontorsstol-hojdstallbar-snurrstol-gungfunktion-natbelaggning-rosa-63-x-65-x-109-119-cm\/#breadcrumb"},"inLanguage":"sv-SE","potentialAction":[{"@type":"ReadAction","target":["https:\/\/truusk.store\/sv\/produkt\/truusk-ergonomisk-kontorsstol-hojdstallbar-snurrstol-gungfunktion-natbelaggning-rosa-63-x-65-x-109-119-cm\/"]}]},{"@type":"ImageObject","inLanguage":"sv-SE","@id":"https:\/\/truusk.store\/sv\/produkt\/truusk-ergonomisk-kontorsstol-hojdstallbar-snurrstol-gungfunktion-natbelaggning-rosa-63-x-65-x-109-119-cm\/#primaryimage","url":"https:\/\/i0.wp.com\/truusk.store\/wp-content\/uploads\/2026\/02\/ergonomisk-kontorsstol-hojdstallbar-snurrstol-med-gungfunktion-natbelaggning-63-x-65-x-109-119-cm-rosa-1.webp?fit=2000%2C2000&ssl=1","contentUrl":"https:\/\/i0.wp.com\/truusk.store\/wp-content\/uploads\/2026\/02\/ergonomisk-kontorsstol-hojdstallbar-snurrstol-med-gungfunktion-natbelaggning-63-x-65-x-109-119-cm-rosa-1.webp?fit=2000%2C2000&ssl=1","width":2000,"height":2000},{"@type":"BreadcrumbList","@id":"https:\/\/truusk.store\/sv\/produkt\/truusk-ergonomisk-kontorsstol-hojdstallbar-snurrstol-gungfunktion-natbelaggning-rosa-63-x-65-x-109-119-cm\/#breadcrumb","itemListElement":[{"@type":"ListItem","position":1,"name":"Home","item":"https:\/\/truusk.store\/sv\/"},{"@type":"ListItem","position":2,"name":"Shop","item":"https:\/\/truusk.store\/shop\/"},{"@type":"ListItem","position":3,"name":"TRUUSK Ergonomisk Kontorsstol &#8211; H\u00f6jdst\u00e4llbar &#8211; Snurrstol &#8211; Gungfunktion &#8211; N\u00e4tbel\u00e4ggning &#8211; Rosa &#8211; 63 x 65 x 109-119 cm"}]},{"@type":"WebSite","@id":"https:\/\/truusk.store\/sv\/#website","url":"https:\/\/truusk.store\/sv\/","name":"TRUUSK - Hem, Tr\u00e4dg\u00e5rd & Fritid","description":"","publisher":{"@id":"https:\/\/truusk.store\/sv\/#organization"},"potentialAction":[{"@type":"SearchAction","target":{"@type":"EntryPoint","urlTemplate":"https:\/\/truusk.store\/sv\/?s={search_term_string}"},"query-input":{"@type":"PropertyValueSpecification","valueRequired":true,"valueName":"search_term_string"}}],"inLanguage":"sv-SE"},{"@type":"Organization","@id":"https:\/\/truusk.store\/sv\/#organization","name":"TRUUSK - Hem, Tr\u00e4dg\u00e5rd & Fritid","url":"https:\/\/truusk.store\/sv\/","logo":{"@type":"ImageObject","inLanguage":"sv-SE","@id":"https:\/\/truusk.store\/sv\/#\/schema\/logo\/image\/","url":"https:\/\/i0.wp.com\/truusk.store\/wp-content\/uploads\/2026\/03\/cropped-TRUUSK.png?fit=2032%2C917&ssl=1","contentUrl":"https:\/\/i0.wp.com\/truusk.store\/wp-content\/uploads\/2026\/03\/cropped-TRUUSK.png?fit=2032%2C917&ssl=1","width":2032,"height":917,"caption":"TRUUSK - Hem, Tr\u00e4dg\u00e5rd & Fritid"},"image":{"@id":"https:\/\/truusk.store\/sv\/#\/schema\/logo\/image\/"}}]}},"jetpack_sharing_enabled":true,"_links":{"self":[{"href":"https:\/\/truusk.store\/sv\/wp-json\/wp\/v2\/product\/105304","targetHints":{"allow":["GET"]}}],"collection":[{"href":"https:\/\/truusk.store\/sv\/wp-json\/wp\/v2\/product"}],"about":[{"href":"https:\/\/truusk.store\/sv\/wp-json\/wp\/v2\/types\/product"}],"wp:featuredmedia":[{"embeddable":true,"href":"https:\/\/truusk.store\/sv\/wp-json\/wp\/v2\/media\/105292"}],"wp:attachment":[{"href":"https:\/\/truusk.store\/sv\/wp-json\/wp\/v2\/media?parent=105304"}],"wp:term":[{"taxonomy":"product_brand","embeddable":true,"href":"https:\/\/truusk.store\/sv\/wp-json\/wp\/v2\/product_brand?post=105304"},{"taxonomy":"product_cat","embeddable":true,"href":"https:\/\/truusk.store\/sv\/wp-json\/wp\/v2\/product_cat?post=105304"},{"taxonomy":"product_tag","embeddable":true,"href":"https:\/\/truusk.store\/sv\/wp-json\/wp\/v2\/product_tag?post=105304"}],"curies":[{"name":"wp","href":"https:\/\/api.w.org\/{rel}","templated":true}]}}