{"id":105319,"date":"2026-02-24T05:44:51","date_gmt":"2026-02-24T04:44:51","guid":{"rendered":"https:\/\/truusk.store\/product\/2-pack-stora-artificiella-cypress-trad-90cm-konstgjorda-vaxter-plast-konstgjorda-vaxter-i-kruka-15-x-15-x-90-cm-gron\/"},"modified":"2026-03-12T08:46:52","modified_gmt":"2026-03-12T07:46:52","slug":"truusk-2-pack-stora-konstgjorda-cypress-trad-grona-plastvaxter-i-kruka-90-cm-hoga-dekorativa-vaxter-for-hemmet","status":"publish","type":"product","link":"https:\/\/truusk.store\/sv\/produkt\/truusk-2-pack-stora-konstgjorda-cypress-trad-grona-plastvaxter-i-kruka-90-cm-hoga-dekorativa-vaxter-for-hemmet\/","title":{"rendered":"TRUUSK 2-pack Stora Konstgjorda Cypress Tr\u00e4d &#8211; Gr\u00f6na Plastv\u00e4xter i Kruka &#8211; 90 cm h\u00f6ga &#8211; Dekorativa V\u00e4xter f\u00f6r Hemmet"},"content":{"rendered":"<p>Tr\u00f6tt p\u00e5 v\u00e4xtv\u00e5rd? Detta [BRAND NAME]-set med 2 konstgjorda cypress-tr\u00e4d med 81 UV-resistenta blad erbjuder \u00e5ret-runt sk\u00f6nhet utan anstr\u00e4ngning. Perfekt f\u00f6r elegans och lugn i ditt utrymme &#8211; ingen vattning, ingen besk\u00e4rning beh\u00f6vs!<\/p>\n<p>Beskrivning:<\/p>\n<ul>\n<li> Levereras som ett set med tv\u00e5 v\u00e4xter f\u00f6r symmetriska, harmoniska arrangemang inomhus eller utomhus<\/li>\n<li> Tillverkad med 81 detaljerade PE-blad f\u00f6r ett otroligt frodigt, realistiskt utseende<\/li>\n<li> UV-skydd f\u00f6rhindrar blekning och g\u00f6r dem idealiska f\u00f6r l\u00e5ngvarig utomhuspresentation<\/li>\n<li> Kr\u00e4ver ingen vattning eller besk\u00e4rning, sparar v\u00e4rdefull tid och anstr\u00e4ngning<\/li>\n<li> Inkluderar stilfull kruka som \u00f6kar realism och dekorativ effekt \u00f6verallt<\/li>\n<li> Enkel att montera<\/li>\n<\/ul>\n<p> Tekniska specifikationer:<\/p>\n<ul>\n<li> F\u00e4rg: Gr\u00f6n<\/li>\n<li> Material: Plast, Metall<\/li>\n<li> Totala dimensioner: 48B x 90H cm<\/li>\n<li> Basstorlek: \u00d819,5 cm<\/li>\n<li> Krukstorlek: \u00d815 x 15H cm<\/li>\n<li> Antal blad: 81<\/li>\n<\/ul>\n<p>Ing\u00e5r i leveransen:<\/p>\n<ul>\n<li>2 x Konstgjorda cypress-tr\u00e4d<\/li>\n<li>1 x Instruktioner<\/li>\n<\/ul>\n","protected":false},"excerpt":{"rendered":"<p>Tr\u00f6tt p\u00e5 v\u00e4xtv\u00e5rd? Detta [BRAND NAME]-set med 2 konstgjorda cypress-tr\u00e4d med 81 UV-resistenta blad erbjuder \u00e5ret-runt sk\u00f6nhet utan anstr\u00e4ngning. Perfekt&#8230;<\/p>\n","protected":false},"featured_media":105301,"template":"","meta":[],"product_brand":[],"product_cat":[962,871,681],"product_tag":[],"class_list":{"0":"post-105319","1":"product","2":"type-product","3":"status-publish","4":"has-post-thumbnail","6":"product_cat-dekoration","7":"product_cat-hus-hem","8":"product_cat-konstgjorda-vaxter","10":"first","11":"instock","12":"sale","13":"taxable","14":"shipping-taxable","15":"purchasable","16":"product-type-simple"},"yoast_head":"<!-- This site is optimized with the Yoast SEO plugin v25.4 - https:\/\/yoast.com\/wordpress\/plugins\/seo\/ -->\n<title>TRUUSK 2-pack Stora Konstgjorda Cypress Tr\u00e4d - Gr\u00f6na Plastv\u00e4xter i Kruka - 90 cm h\u00f6ga - Dekorativa V\u00e4xter f\u00f6r Hemmet - TRUUSK - Hem, Tr\u00e4dg\u00e5rd &amp; Fritid<\/title>\n<meta name=\"robots\" content=\"index, follow, max-snippet:-1, max-image-preview:large, max-video-preview:-1\" \/>\n<link rel=\"canonical\" href=\"https:\/\/truusk.store\/sv\/produkt\/truusk-2-pack-stora-konstgjorda-cypress-trad-grona-plastvaxter-i-kruka-90-cm-hoga-dekorativa-vaxter-for-hemmet\/\" \/>\n<meta property=\"og:locale\" content=\"sv_SE\" \/>\n<meta property=\"og:type\" content=\"article\" \/>\n<meta property=\"og:title\" content=\"TRUUSK 2-pack Stora Konstgjorda Cypress Tr\u00e4d - Gr\u00f6na Plastv\u00e4xter i Kruka - 90 cm h\u00f6ga - Dekorativa V\u00e4xter f\u00f6r Hemmet - TRUUSK - Hem, Tr\u00e4dg\u00e5rd &amp; Fritid\" \/>\n<meta property=\"og:description\" content=\"Tr\u00f6tt p\u00e5 v\u00e4xtv\u00e5rd? Detta [BRAND NAME]-set med 2 konstgjorda cypress-tr\u00e4d med 81 UV-resistenta blad erbjuder \u00e5ret-runt sk\u00f6nhet utan anstr\u00e4ngning. Perfekt...\" \/>\n<meta property=\"og:url\" content=\"https:\/\/truusk.store\/sv\/produkt\/truusk-2-pack-stora-konstgjorda-cypress-trad-grona-plastvaxter-i-kruka-90-cm-hoga-dekorativa-vaxter-for-hemmet\/\" \/>\n<meta property=\"og:site_name\" content=\"TRUUSK - Hem, Tr\u00e4dg\u00e5rd &amp; Fritid\" \/>\n<meta property=\"article:modified_time\" content=\"2026-03-12T07:46:52+00:00\" \/>\n<meta property=\"og:image\" content=\"https:\/\/i0.wp.com\/truusk.se\/wp-content\/uploads\/2026\/02\/2-pack-stora-artificiella-cypress-trad-90cm-konstgjorda-vaxter-plast-konstgjorda-vaxter-i-kruka-15-x-15-x-90-cm-gron-1.webp?fit=2000%2C2000&ssl=1\" \/>\n\t<meta property=\"og:image:width\" content=\"2000\" \/>\n\t<meta property=\"og:image:height\" content=\"2000\" \/>\n\t<meta property=\"og:image:type\" content=\"image\/webp\" \/>\n<meta name=\"twitter:card\" content=\"summary_large_image\" \/>\n<meta name=\"twitter:label1\" content=\"Ber\u00e4knad l\u00e4stid\" \/>\n\t<meta name=\"twitter:data1\" content=\"1 minut\" \/>\n<!-- \/ Yoast SEO plugin. -->","yoast_head_json":{"title":"TRUUSK 2-pack Stora Konstgjorda Cypress Tr\u00e4d - Gr\u00f6na Plastv\u00e4xter i Kruka - 90 cm h\u00f6ga - Dekorativa V\u00e4xter f\u00f6r Hemmet - TRUUSK - Hem, Tr\u00e4dg\u00e5rd &amp; Fritid","robots":{"index":"index","follow":"follow","max-snippet":"max-snippet:-1","max-image-preview":"max-image-preview:large","max-video-preview":"max-video-preview:-1"},"canonical":"https:\/\/truusk.store\/sv\/produkt\/truusk-2-pack-stora-konstgjorda-cypress-trad-grona-plastvaxter-i-kruka-90-cm-hoga-dekorativa-vaxter-for-hemmet\/","og_locale":"sv_SE","og_type":"article","og_title":"TRUUSK 2-pack Stora Konstgjorda Cypress Tr\u00e4d - Gr\u00f6na Plastv\u00e4xter i Kruka - 90 cm h\u00f6ga - Dekorativa V\u00e4xter f\u00f6r Hemmet - TRUUSK - Hem, Tr\u00e4dg\u00e5rd &amp; Fritid","og_description":"Tr\u00f6tt p\u00e5 v\u00e4xtv\u00e5rd? Detta [BRAND NAME]-set med 2 konstgjorda cypress-tr\u00e4d med 81 UV-resistenta blad erbjuder \u00e5ret-runt sk\u00f6nhet utan anstr\u00e4ngning. Perfekt...","og_url":"https:\/\/truusk.store\/sv\/produkt\/truusk-2-pack-stora-konstgjorda-cypress-trad-grona-plastvaxter-i-kruka-90-cm-hoga-dekorativa-vaxter-for-hemmet\/","og_site_name":"TRUUSK - Hem, Tr\u00e4dg\u00e5rd &amp; Fritid","article_modified_time":"2026-03-12T07:46:52+00:00","og_image":[{"width":2000,"height":2000,"url":"https:\/\/i0.wp.com\/truusk.se\/wp-content\/uploads\/2026\/02\/2-pack-stora-artificiella-cypress-trad-90cm-konstgjorda-vaxter-plast-konstgjorda-vaxter-i-kruka-15-x-15-x-90-cm-gron-1.webp?fit=2000%2C2000&ssl=1","type":"image\/webp"}],"twitter_card":"summary_large_image","twitter_misc":{"Ber\u00e4knad l\u00e4stid":"1 minut"},"schema":{"@context":"https:\/\/schema.org","@graph":[{"@type":"WebPage","@id":"https:\/\/truusk.store\/sv\/produkt\/truusk-2-pack-stora-konstgjorda-cypress-trad-grona-plastvaxter-i-kruka-90-cm-hoga-dekorativa-vaxter-for-hemmet\/","url":"https:\/\/truusk.store\/sv\/produkt\/truusk-2-pack-stora-konstgjorda-cypress-trad-grona-plastvaxter-i-kruka-90-cm-hoga-dekorativa-vaxter-for-hemmet\/","name":"TRUUSK 2-pack Stora Konstgjorda Cypress Tr\u00e4d - Gr\u00f6na Plastv\u00e4xter i Kruka - 90 cm h\u00f6ga - Dekorativa V\u00e4xter f\u00f6r Hemmet - TRUUSK - Hem, Tr\u00e4dg\u00e5rd &amp; Fritid","isPartOf":{"@id":"https:\/\/truusk.store\/sv\/#website"},"primaryImageOfPage":{"@id":"https:\/\/truusk.store\/sv\/produkt\/truusk-2-pack-stora-konstgjorda-cypress-trad-grona-plastvaxter-i-kruka-90-cm-hoga-dekorativa-vaxter-for-hemmet\/#primaryimage"},"image":{"@id":"https:\/\/truusk.store\/sv\/produkt\/truusk-2-pack-stora-konstgjorda-cypress-trad-grona-plastvaxter-i-kruka-90-cm-hoga-dekorativa-vaxter-for-hemmet\/#primaryimage"},"thumbnailUrl":"https:\/\/i0.wp.com\/truusk.store\/wp-content\/uploads\/2026\/02\/2-pack-stora-artificiella-cypress-trad-90cm-konstgjorda-vaxter-plast-konstgjorda-vaxter-i-kruka-15-x-15-x-90-cm-gron-1.webp?fit=2000%2C2000&ssl=1","datePublished":"2026-02-24T04:44:51+00:00","dateModified":"2026-03-12T07:46:52+00:00","breadcrumb":{"@id":"https:\/\/truusk.store\/sv\/produkt\/truusk-2-pack-stora-konstgjorda-cypress-trad-grona-plastvaxter-i-kruka-90-cm-hoga-dekorativa-vaxter-for-hemmet\/#breadcrumb"},"inLanguage":"sv-SE","potentialAction":[{"@type":"ReadAction","target":["https:\/\/truusk.store\/sv\/produkt\/truusk-2-pack-stora-konstgjorda-cypress-trad-grona-plastvaxter-i-kruka-90-cm-hoga-dekorativa-vaxter-for-hemmet\/"]}]},{"@type":"ImageObject","inLanguage":"sv-SE","@id":"https:\/\/truusk.store\/sv\/produkt\/truusk-2-pack-stora-konstgjorda-cypress-trad-grona-plastvaxter-i-kruka-90-cm-hoga-dekorativa-vaxter-for-hemmet\/#primaryimage","url":"https:\/\/i0.wp.com\/truusk.store\/wp-content\/uploads\/2026\/02\/2-pack-stora-artificiella-cypress-trad-90cm-konstgjorda-vaxter-plast-konstgjorda-vaxter-i-kruka-15-x-15-x-90-cm-gron-1.webp?fit=2000%2C2000&ssl=1","contentUrl":"https:\/\/i0.wp.com\/truusk.store\/wp-content\/uploads\/2026\/02\/2-pack-stora-artificiella-cypress-trad-90cm-konstgjorda-vaxter-plast-konstgjorda-vaxter-i-kruka-15-x-15-x-90-cm-gron-1.webp?fit=2000%2C2000&ssl=1","width":2000,"height":2000},{"@type":"BreadcrumbList","@id":"https:\/\/truusk.store\/sv\/produkt\/truusk-2-pack-stora-konstgjorda-cypress-trad-grona-plastvaxter-i-kruka-90-cm-hoga-dekorativa-vaxter-for-hemmet\/#breadcrumb","itemListElement":[{"@type":"ListItem","position":1,"name":"Home","item":"https:\/\/truusk.store\/sv\/"},{"@type":"ListItem","position":2,"name":"Shop","item":"https:\/\/truusk.store\/shop\/"},{"@type":"ListItem","position":3,"name":"TRUUSK 2-pack Stora Konstgjorda Cypress Tr\u00e4d &#8211; Gr\u00f6na Plastv\u00e4xter i Kruka &#8211; 90 cm h\u00f6ga &#8211; Dekorativa V\u00e4xter f\u00f6r Hemmet"}]},{"@type":"WebSite","@id":"https:\/\/truusk.store\/sv\/#website","url":"https:\/\/truusk.store\/sv\/","name":"TRUUSK - Hem, Tr\u00e4dg\u00e5rd & Fritid","description":"","publisher":{"@id":"https:\/\/truusk.store\/sv\/#organization"},"potentialAction":[{"@type":"SearchAction","target":{"@type":"EntryPoint","urlTemplate":"https:\/\/truusk.store\/sv\/?s={search_term_string}"},"query-input":{"@type":"PropertyValueSpecification","valueRequired":true,"valueName":"search_term_string"}}],"inLanguage":"sv-SE"},{"@type":"Organization","@id":"https:\/\/truusk.store\/sv\/#organization","name":"TRUUSK - Hem, Tr\u00e4dg\u00e5rd & Fritid","url":"https:\/\/truusk.store\/sv\/","logo":{"@type":"ImageObject","inLanguage":"sv-SE","@id":"https:\/\/truusk.store\/sv\/#\/schema\/logo\/image\/","url":"https:\/\/i0.wp.com\/truusk.store\/wp-content\/uploads\/2026\/03\/cropped-TRUUSK.png?fit=2032%2C917&ssl=1","contentUrl":"https:\/\/i0.wp.com\/truusk.store\/wp-content\/uploads\/2026\/03\/cropped-TRUUSK.png?fit=2032%2C917&ssl=1","width":2032,"height":917,"caption":"TRUUSK - Hem, Tr\u00e4dg\u00e5rd & Fritid"},"image":{"@id":"https:\/\/truusk.store\/sv\/#\/schema\/logo\/image\/"}}]}},"jetpack_sharing_enabled":true,"_links":{"self":[{"href":"https:\/\/truusk.store\/sv\/wp-json\/wp\/v2\/product\/105319","targetHints":{"allow":["GET"]}}],"collection":[{"href":"https:\/\/truusk.store\/sv\/wp-json\/wp\/v2\/product"}],"about":[{"href":"https:\/\/truusk.store\/sv\/wp-json\/wp\/v2\/types\/product"}],"wp:featuredmedia":[{"embeddable":true,"href":"https:\/\/truusk.store\/sv\/wp-json\/wp\/v2\/media\/105301"}],"wp:attachment":[{"href":"https:\/\/truusk.store\/sv\/wp-json\/wp\/v2\/media?parent=105319"}],"wp:term":[{"taxonomy":"product_brand","embeddable":true,"href":"https:\/\/truusk.store\/sv\/wp-json\/wp\/v2\/product_brand?post=105319"},{"taxonomy":"product_cat","embeddable":true,"href":"https:\/\/truusk.store\/sv\/wp-json\/wp\/v2\/product_cat?post=105319"},{"taxonomy":"product_tag","embeddable":true,"href":"https:\/\/truusk.store\/sv\/wp-json\/wp\/v2\/product_tag?post=105319"}],"curies":[{"name":"wp","href":"https:\/\/api.w.org\/{rel}","templated":true}]}}