{"id":105332,"date":"2026-02-24T05:46:48","date_gmt":"2026-02-24T04:46:48","guid":{"rendered":"https:\/\/truusk.store\/product\/metallskap-med-lasbar-dorr-och-kladstang-enskilt-stalskap-for-hemmet-eller-kontoret-svart\/"},"modified":"2026-03-12T08:48:10","modified_gmt":"2026-03-12T07:48:10","slug":"truusk-metallskap-med-lasbar-dorr-och-kladstang-enskilt-stalskap-for-hemmet-eller-kontoret-svart","status":"publish","type":"product","link":"https:\/\/truusk.store\/sv\/produkt\/truusk-metallskap-med-lasbar-dorr-och-kladstang-enskilt-stalskap-for-hemmet-eller-kontoret-svart\/","title":{"rendered":"TRUUSK Metallsk\u00e5p med L\u00e5sbar D\u00f6rr och Kl\u00e4dst\u00e5ng &#8211; Enskilt St\u00e5lsk\u00e5p f\u00f6r Hemmet eller Kontoret &#8211; Svart"},"content":{"rendered":"<p>En hektiskt hush\u00e5ll eller gemensamt utrymme g\u00f6r det ofta sv\u00e5rt att h\u00e5lla saker s\u00e4kert och l\u00e4ttillg\u00e4ngligt. [BRAND NAME] sk\u00e5pet \u00e5terst\u00e4ller ordningen, med en h\u00f6g h\u00e4ngande zon f\u00f6r l\u00e5nga rockar utan veck och en nedre avdelning f\u00f6r ordentligt f\u00f6rvarad bagage eller kl\u00e4der. En l\u00e5sbar d\u00f6rr till kl\u00e4dsk\u00e5pet med ventilations\u00f6ppningar ger s\u00e4kerhet och luftcirkulation, medan den robusta st\u00e5lramen med tippskydd garanterar stabilitet.<\/p>\n<p>Beskrivning:<\/p>\n<ul>\n<li> L\u00e5sbar st\u00e5ld\u00f6rr med ventilations\u00f6ppningar h\u00e5ller f\u00f6rem\u00e5l s\u00e4kra och ger luftcirkulation<\/li>\n<li> Sk\u00e5pets h\u00f6ga h\u00e4ngande zon passar f\u00f6r l\u00e5nga rockar, medan den nedre delen f\u00f6rvarar vikta f\u00f6rem\u00e5l<\/li>\n<li> Robust st\u00e5lram f\u00f6r st\u00e5lsk\u00e5pet b\u00e4r upp till 50 kg och f\u00f6rblir stabil tack vare tippskyddet<\/li>\n<li> Justerbara f\u00f6tter p\u00e5 kl\u00e4dsk\u00e5pet hj\u00e4lper till att justera sk\u00e5pet p\u00e5 oj\u00e4mna golv och ger daglig stabilitet<\/li>\n<li> Praktisk namnskylth\u00e5llare m\u00f6jligg\u00f6r enkel m\u00e4rkning och identifiering av f\u00f6rem\u00e5l i gemensamma utrymmen<\/li>\n<li> Pulverlackerad yta motst\u00e5r dagligt slitage och ger sk\u00e5pet ett snyggt utseende<\/li>\n<li> 15 cm golvh\u00f6jd m\u00f6jligg\u00f6r enkel \u00e5tkomst f\u00f6r robotdammsugare<\/li>\n<li> Montering kr\u00e4vs<\/li>\n<\/ul>\n<p> Tekniska data:<\/p>\n<ul>\n<li> F\u00e4rg: Svart<\/li>\n<li> Material: St\u00e5l<\/li>\n<li> Totala dimensioner: 40B x 40D x 179H cm<\/li>\n<li> Inre storlek p\u00e5 sk\u00e5pet: 35B x 39,8D x 160,7H cm<\/li>\n<li> L\u00e4ngd p\u00e5 h\u00e4ngst\u00e5ngen: 40L cm<\/li>\n<li> Storlek p\u00e5 nedre facket: 35B x 39,8D x 25H cm<\/li>\n<li> Golvh\u00f6jd fr\u00e5n golvet: 15H cm<\/li>\n<li> B\u00e4rkapacitet: 50 kg (totalt), 20 kg (hylla), 15 kg (h\u00e4ngst\u00e5ng)<\/li>\n<\/ul>\n<p>Leveransinneh\u00e5ll:<\/p>\n<ul>\n<li> 1 x l\u00e5ssk\u00e5p<\/li>\n<li> 1 x bruksanvisning<\/li>\n<\/ul>\n","protected":false},"excerpt":{"rendered":"<p>En hektiskt hush\u00e5ll eller gemensamt utrymme g\u00f6r det ofta sv\u00e5rt att h\u00e5lla saker s\u00e4kert och l\u00e4ttillg\u00e4ngligt. [BRAND NAME] sk\u00e5pet \u00e5terst\u00e4ller&#8230;<\/p>\n","protected":false},"featured_media":105323,"template":"","meta":[],"product_brand":[],"product_cat":[558,871,897],"product_tag":[],"class_list":{"0":"post-105332","1":"product","2":"type-product","3":"status-publish","4":"has-post-thumbnail","6":"product_cat-garderober","7":"product_cat-hus-hem","8":"product_cat-sovrum","10":"first","11":"instock","12":"sale","13":"taxable","14":"shipping-taxable","15":"purchasable","16":"product-type-simple"},"yoast_head":"<!-- This site is optimized with the Yoast SEO plugin v25.4 - https:\/\/yoast.com\/wordpress\/plugins\/seo\/ -->\n<title>TRUUSK Metallsk\u00e5p med L\u00e5sbar D\u00f6rr och Kl\u00e4dst\u00e5ng - Enskilt St\u00e5lsk\u00e5p f\u00f6r Hemmet eller Kontoret - Svart - TRUUSK - Hem, Tr\u00e4dg\u00e5rd &amp; Fritid<\/title>\n<meta name=\"robots\" content=\"index, follow, max-snippet:-1, max-image-preview:large, max-video-preview:-1\" \/>\n<link rel=\"canonical\" href=\"https:\/\/truusk.store\/sv\/produkt\/truusk-metallskap-med-lasbar-dorr-och-kladstang-enskilt-stalskap-for-hemmet-eller-kontoret-svart\/\" \/>\n<meta property=\"og:locale\" content=\"sv_SE\" \/>\n<meta property=\"og:type\" content=\"article\" \/>\n<meta property=\"og:title\" content=\"TRUUSK Metallsk\u00e5p med L\u00e5sbar D\u00f6rr och Kl\u00e4dst\u00e5ng - Enskilt St\u00e5lsk\u00e5p f\u00f6r Hemmet eller Kontoret - Svart - TRUUSK - Hem, Tr\u00e4dg\u00e5rd &amp; Fritid\" \/>\n<meta property=\"og:description\" content=\"En hektiskt hush\u00e5ll eller gemensamt utrymme g\u00f6r det ofta sv\u00e5rt att h\u00e5lla saker s\u00e4kert och l\u00e4ttillg\u00e4ngligt. [BRAND NAME] sk\u00e5pet \u00e5terst\u00e4ller...\" \/>\n<meta property=\"og:url\" content=\"https:\/\/truusk.store\/sv\/produkt\/truusk-metallskap-med-lasbar-dorr-och-kladstang-enskilt-stalskap-for-hemmet-eller-kontoret-svart\/\" \/>\n<meta property=\"og:site_name\" content=\"TRUUSK - Hem, Tr\u00e4dg\u00e5rd &amp; Fritid\" \/>\n<meta property=\"article:modified_time\" content=\"2026-03-12T07:48:10+00:00\" \/>\n<meta property=\"og:image\" content=\"https:\/\/i0.wp.com\/truusk.se\/wp-content\/uploads\/2026\/02\/metallskap-med-lasbar-dorr-och-kladstang-enskilt-stalskap-for-hemmet-eller-kontoret-svart-1.webp?fit=2000%2C2000&ssl=1\" \/>\n\t<meta property=\"og:image:width\" content=\"2000\" \/>\n\t<meta property=\"og:image:height\" content=\"2000\" \/>\n\t<meta property=\"og:image:type\" content=\"image\/webp\" \/>\n<meta name=\"twitter:card\" content=\"summary_large_image\" \/>\n<meta name=\"twitter:label1\" content=\"Ber\u00e4knad l\u00e4stid\" \/>\n\t<meta name=\"twitter:data1\" content=\"1 minut\" \/>\n<!-- \/ Yoast SEO plugin. -->","yoast_head_json":{"title":"TRUUSK Metallsk\u00e5p med L\u00e5sbar D\u00f6rr och Kl\u00e4dst\u00e5ng - Enskilt St\u00e5lsk\u00e5p f\u00f6r Hemmet eller Kontoret - Svart - TRUUSK - Hem, Tr\u00e4dg\u00e5rd &amp; Fritid","robots":{"index":"index","follow":"follow","max-snippet":"max-snippet:-1","max-image-preview":"max-image-preview:large","max-video-preview":"max-video-preview:-1"},"canonical":"https:\/\/truusk.store\/sv\/produkt\/truusk-metallskap-med-lasbar-dorr-och-kladstang-enskilt-stalskap-for-hemmet-eller-kontoret-svart\/","og_locale":"sv_SE","og_type":"article","og_title":"TRUUSK Metallsk\u00e5p med L\u00e5sbar D\u00f6rr och Kl\u00e4dst\u00e5ng - Enskilt St\u00e5lsk\u00e5p f\u00f6r Hemmet eller Kontoret - Svart - TRUUSK - Hem, Tr\u00e4dg\u00e5rd &amp; Fritid","og_description":"En hektiskt hush\u00e5ll eller gemensamt utrymme g\u00f6r det ofta sv\u00e5rt att h\u00e5lla saker s\u00e4kert och l\u00e4ttillg\u00e4ngligt. [BRAND NAME] sk\u00e5pet \u00e5terst\u00e4ller...","og_url":"https:\/\/truusk.store\/sv\/produkt\/truusk-metallskap-med-lasbar-dorr-och-kladstang-enskilt-stalskap-for-hemmet-eller-kontoret-svart\/","og_site_name":"TRUUSK - Hem, Tr\u00e4dg\u00e5rd &amp; Fritid","article_modified_time":"2026-03-12T07:48:10+00:00","og_image":[{"width":2000,"height":2000,"url":"https:\/\/i0.wp.com\/truusk.se\/wp-content\/uploads\/2026\/02\/metallskap-med-lasbar-dorr-och-kladstang-enskilt-stalskap-for-hemmet-eller-kontoret-svart-1.webp?fit=2000%2C2000&ssl=1","type":"image\/webp"}],"twitter_card":"summary_large_image","twitter_misc":{"Ber\u00e4knad l\u00e4stid":"1 minut"},"schema":{"@context":"https:\/\/schema.org","@graph":[{"@type":"WebPage","@id":"https:\/\/truusk.store\/sv\/produkt\/truusk-metallskap-med-lasbar-dorr-och-kladstang-enskilt-stalskap-for-hemmet-eller-kontoret-svart\/","url":"https:\/\/truusk.store\/sv\/produkt\/truusk-metallskap-med-lasbar-dorr-och-kladstang-enskilt-stalskap-for-hemmet-eller-kontoret-svart\/","name":"TRUUSK Metallsk\u00e5p med L\u00e5sbar D\u00f6rr och Kl\u00e4dst\u00e5ng - Enskilt St\u00e5lsk\u00e5p f\u00f6r Hemmet eller Kontoret - Svart - TRUUSK - Hem, Tr\u00e4dg\u00e5rd &amp; Fritid","isPartOf":{"@id":"https:\/\/truusk.store\/sv\/#website"},"primaryImageOfPage":{"@id":"https:\/\/truusk.store\/sv\/produkt\/truusk-metallskap-med-lasbar-dorr-och-kladstang-enskilt-stalskap-for-hemmet-eller-kontoret-svart\/#primaryimage"},"image":{"@id":"https:\/\/truusk.store\/sv\/produkt\/truusk-metallskap-med-lasbar-dorr-och-kladstang-enskilt-stalskap-for-hemmet-eller-kontoret-svart\/#primaryimage"},"thumbnailUrl":"https:\/\/i0.wp.com\/truusk.store\/wp-content\/uploads\/2026\/02\/metallskap-med-lasbar-dorr-och-kladstang-enskilt-stalskap-for-hemmet-eller-kontoret-svart-1.webp?fit=2000%2C2000&ssl=1","datePublished":"2026-02-24T04:46:48+00:00","dateModified":"2026-03-12T07:48:10+00:00","breadcrumb":{"@id":"https:\/\/truusk.store\/sv\/produkt\/truusk-metallskap-med-lasbar-dorr-och-kladstang-enskilt-stalskap-for-hemmet-eller-kontoret-svart\/#breadcrumb"},"inLanguage":"sv-SE","potentialAction":[{"@type":"ReadAction","target":["https:\/\/truusk.store\/sv\/produkt\/truusk-metallskap-med-lasbar-dorr-och-kladstang-enskilt-stalskap-for-hemmet-eller-kontoret-svart\/"]}]},{"@type":"ImageObject","inLanguage":"sv-SE","@id":"https:\/\/truusk.store\/sv\/produkt\/truusk-metallskap-med-lasbar-dorr-och-kladstang-enskilt-stalskap-for-hemmet-eller-kontoret-svart\/#primaryimage","url":"https:\/\/i0.wp.com\/truusk.store\/wp-content\/uploads\/2026\/02\/metallskap-med-lasbar-dorr-och-kladstang-enskilt-stalskap-for-hemmet-eller-kontoret-svart-1.webp?fit=2000%2C2000&ssl=1","contentUrl":"https:\/\/i0.wp.com\/truusk.store\/wp-content\/uploads\/2026\/02\/metallskap-med-lasbar-dorr-och-kladstang-enskilt-stalskap-for-hemmet-eller-kontoret-svart-1.webp?fit=2000%2C2000&ssl=1","width":2000,"height":2000},{"@type":"BreadcrumbList","@id":"https:\/\/truusk.store\/sv\/produkt\/truusk-metallskap-med-lasbar-dorr-och-kladstang-enskilt-stalskap-for-hemmet-eller-kontoret-svart\/#breadcrumb","itemListElement":[{"@type":"ListItem","position":1,"name":"Home","item":"https:\/\/truusk.store\/sv\/"},{"@type":"ListItem","position":2,"name":"Shop","item":"https:\/\/truusk.store\/shop\/"},{"@type":"ListItem","position":3,"name":"TRUUSK Metallsk\u00e5p med L\u00e5sbar D\u00f6rr och Kl\u00e4dst\u00e5ng &#8211; Enskilt St\u00e5lsk\u00e5p f\u00f6r Hemmet eller Kontoret &#8211; Svart"}]},{"@type":"WebSite","@id":"https:\/\/truusk.store\/sv\/#website","url":"https:\/\/truusk.store\/sv\/","name":"TRUUSK - Hem, Tr\u00e4dg\u00e5rd & Fritid","description":"","publisher":{"@id":"https:\/\/truusk.store\/sv\/#organization"},"potentialAction":[{"@type":"SearchAction","target":{"@type":"EntryPoint","urlTemplate":"https:\/\/truusk.store\/sv\/?s={search_term_string}"},"query-input":{"@type":"PropertyValueSpecification","valueRequired":true,"valueName":"search_term_string"}}],"inLanguage":"sv-SE"},{"@type":"Organization","@id":"https:\/\/truusk.store\/sv\/#organization","name":"TRUUSK - Hem, Tr\u00e4dg\u00e5rd & Fritid","url":"https:\/\/truusk.store\/sv\/","logo":{"@type":"ImageObject","inLanguage":"sv-SE","@id":"https:\/\/truusk.store\/sv\/#\/schema\/logo\/image\/","url":"https:\/\/i0.wp.com\/truusk.store\/wp-content\/uploads\/2026\/03\/cropped-TRUUSK.png?fit=2032%2C917&ssl=1","contentUrl":"https:\/\/i0.wp.com\/truusk.store\/wp-content\/uploads\/2026\/03\/cropped-TRUUSK.png?fit=2032%2C917&ssl=1","width":2032,"height":917,"caption":"TRUUSK - Hem, Tr\u00e4dg\u00e5rd & Fritid"},"image":{"@id":"https:\/\/truusk.store\/sv\/#\/schema\/logo\/image\/"}}]}},"jetpack_sharing_enabled":true,"_links":{"self":[{"href":"https:\/\/truusk.store\/sv\/wp-json\/wp\/v2\/product\/105332","targetHints":{"allow":["GET"]}}],"collection":[{"href":"https:\/\/truusk.store\/sv\/wp-json\/wp\/v2\/product"}],"about":[{"href":"https:\/\/truusk.store\/sv\/wp-json\/wp\/v2\/types\/product"}],"wp:featuredmedia":[{"embeddable":true,"href":"https:\/\/truusk.store\/sv\/wp-json\/wp\/v2\/media\/105323"}],"wp:attachment":[{"href":"https:\/\/truusk.store\/sv\/wp-json\/wp\/v2\/media?parent=105332"}],"wp:term":[{"taxonomy":"product_brand","embeddable":true,"href":"https:\/\/truusk.store\/sv\/wp-json\/wp\/v2\/product_brand?post=105332"},{"taxonomy":"product_cat","embeddable":true,"href":"https:\/\/truusk.store\/sv\/wp-json\/wp\/v2\/product_cat?post=105332"},{"taxonomy":"product_tag","embeddable":true,"href":"https:\/\/truusk.store\/sv\/wp-json\/wp\/v2\/product_tag?post=105332"}],"curies":[{"name":"wp","href":"https:\/\/api.w.org\/{rel}","templated":true}]}}