{"id":105354,"date":"2026-02-24T05:50:32","date_gmt":"2026-02-24T04:50:32","guid":{"rendered":"https:\/\/truusk.store\/product\/7-i-1-justerbart-push-up-brade-med-motstandsband-rullar-dorrankare-hopfallbart\/"},"modified":"2026-03-12T08:48:43","modified_gmt":"2026-03-12T07:48:43","slug":"truusk-7-i-1-justerbar-push-up-brada-motstandsband-rullar-dorrankare-hopfallbar-traningsredskap-svart","status":"publish","type":"product","link":"https:\/\/truusk.store\/sv\/produkt\/truusk-7-i-1-justerbar-push-up-brada-motstandsband-rullar-dorrankare-hopfallbar-traningsredskap-svart\/","title":{"rendered":"TRUUSK 7-i-1 Justerbar Push-up-br\u00e4da &#8211; Motst\u00e5ndsband &#8211; Rullar &#8211; D\u00f6rrankare &#8211; Hopf\u00e4llbar &#8211; Tr\u00e4ningsredskap &#8211; Svart"},"content":{"rendered":"<p>\u00c4r du tr\u00f6tt p\u00e5 att leva tr\u00e5ngt och g\u00f6ra ineffektiva tr\u00e4ningspass? [BRAND NAME] 7-i-1 Push-Up-Board f\u00f6rvandlar ditt hem till ett kompakt gym. Det erbjuder riktad br\u00f6st- och axeltr\u00e4ning. Efter tr\u00e4ningen kan alla delar f\u00f6rvaras i basen &#8211; perfekt f\u00f6r mer utrymme, resor och sm\u00e5 l\u00e4genheter.<\/p>\n<p>Beskrivning:<\/p>\n<ul>\n<li> Erbjuder 7 tr\u00e4ningsl\u00e4gen f\u00f6r helkroppstr\u00e4ning hemma<\/li>\n<li> Utrustad med hjul f\u00f6r dynamiska planks<\/li>\n<li> Har exakta greppsp\u00e5r som m\u00f6jligg\u00f6r riktad aktivering av specifika muskelgrupper<\/li>\n<li> Alla delar kan f\u00f6rvaras i den kompakta basen, vilket underl\u00e4ttar transport<\/li>\n<li> Tillverkad av h\u00f6gh\u00e5llfast ABS, b\u00e4r upp till 120 kg f\u00f6r maximal s\u00e4kerhet<\/li>\n<li> Halkfri TPE-bas erbjuder utm\u00e4rkt stabilitet p\u00e5 tr\u00e4- och kakelgolv<\/li>\n<li> F\u00f6rst\u00e4rkta EVA-skumhandtag ger ett bekv\u00e4mt grepp och minskar belastningen p\u00e5 handlederna<\/li>\n<li> En b\u00e4rv\u00e4ska ing\u00e5r f\u00f6r enkel f\u00f6rvaring och transport<\/li>\n<li> Inkluderar diverse tillbeh\u00f6r och \u00f6ppnar upp o\u00e4ndliga tr\u00e4ningsm\u00f6jligheter f\u00f6r en varierad tr\u00e4ning<\/li>\n<li> Montering kr\u00e4vs<\/li>\n<\/ul>\n<p> Tekniska data:<\/p>\n<ul>\n<li> F\u00e4rg: R\u00f6d+Svart<\/li>\n<li> Material: ABS, TPE<\/li>\n<li> Totala dimensioner: 45L x 45B x 15,5H cm<\/li>\n<li> Storlek p\u00e5 push-up-handtag: 14,5L x \u00d83,34 cm<\/li>\n<li> Storlek p\u00e5 armhandtag: 10,1L x \u00d82,5 cm<\/li>\n<li> Storlek p\u00e5 anslutningsst\u00e5ng: 80L x \u00d83 cm<\/li>\n<li> Storlek p\u00e5 motst\u00e5ndsrep: 104L cm<\/li>\n<li> Avst\u00e5nd mellan n\u00e4ra push-up-handtag: 14,3 cm<\/li>\n<li> Avst\u00e5nd mellan breda push-up-handtag: 32 cm<\/li>\n<li> Maximal belastning: 120 kg<\/li>\n<\/ul>\n<p>Leveransinneh\u00e5ll:<\/p>\n<ul>\n<li> 1 x Push-up-br\u00e4da<\/li>\n<li> 2 x Push-up-handtag<\/li>\n<li> 1 x D\u00f6rrankare<\/li>\n<li> 2 x Handtag<\/li>\n<li> 1 x Avtagbar st\u00e5ng<\/li>\n<li> 2 x L\u00e5sstift<\/li>\n<li> 2 x Motst\u00e5ndsband<\/li>\n<li> 1 x B\u00e4rkasse<\/li>\n<li> 1 x Bruksanvisning<\/li>\n<\/ul>\n","protected":false},"excerpt":{"rendered":"<p>\u00c4r du tr\u00f6tt p\u00e5 att leva tr\u00e5ngt och g\u00f6ra ineffektiva tr\u00e4ningspass? [BRAND NAME] 7-i-1 Push-Up-Board f\u00f6rvandlar ditt hem till ett&#8230;<\/p>\n","protected":false},"featured_media":105342,"template":"","meta":[],"product_brand":[],"product_cat":[873,647,665],"product_tag":[],"class_list":{"0":"post-105354","1":"product","2":"type-product","3":"status-publish","4":"has-post-thumbnail","6":"product_cat-fitness-styrketraning","7":"product_cat-sport-fritid","8":"product_cat-styrketraning","10":"first","11":"instock","12":"sale","13":"taxable","14":"shipping-taxable","15":"purchasable","16":"product-type-simple"},"yoast_head":"<!-- This site is optimized with the Yoast SEO plugin v25.4 - https:\/\/yoast.com\/wordpress\/plugins\/seo\/ -->\n<title>TRUUSK 7-i-1 Justerbar Push-up-br\u00e4da - Motst\u00e5ndsband - Rullar - D\u00f6rrankare - Hopf\u00e4llbar - Tr\u00e4ningsredskap - Svart - TRUUSK - Hem, Tr\u00e4dg\u00e5rd &amp; Fritid<\/title>\n<meta name=\"robots\" content=\"index, follow, max-snippet:-1, max-image-preview:large, max-video-preview:-1\" \/>\n<link rel=\"canonical\" href=\"https:\/\/truusk.store\/sv\/produkt\/truusk-7-i-1-justerbar-push-up-brada-motstandsband-rullar-dorrankare-hopfallbar-traningsredskap-svart\/\" \/>\n<meta property=\"og:locale\" content=\"sv_SE\" \/>\n<meta property=\"og:type\" content=\"article\" \/>\n<meta property=\"og:title\" content=\"TRUUSK 7-i-1 Justerbar Push-up-br\u00e4da - Motst\u00e5ndsband - Rullar - D\u00f6rrankare - Hopf\u00e4llbar - Tr\u00e4ningsredskap - Svart - TRUUSK - Hem, Tr\u00e4dg\u00e5rd &amp; Fritid\" \/>\n<meta property=\"og:description\" content=\"\u00c4r du tr\u00f6tt p\u00e5 att leva tr\u00e5ngt och g\u00f6ra ineffektiva tr\u00e4ningspass? [BRAND NAME] 7-i-1 Push-Up-Board f\u00f6rvandlar ditt hem till ett...\" \/>\n<meta property=\"og:url\" content=\"https:\/\/truusk.store\/sv\/produkt\/truusk-7-i-1-justerbar-push-up-brada-motstandsband-rullar-dorrankare-hopfallbar-traningsredskap-svart\/\" \/>\n<meta property=\"og:site_name\" content=\"TRUUSK - Hem, Tr\u00e4dg\u00e5rd &amp; Fritid\" \/>\n<meta property=\"article:modified_time\" content=\"2026-03-12T07:48:43+00:00\" \/>\n<meta property=\"og:image\" content=\"https:\/\/i0.wp.com\/truusk.se\/wp-content\/uploads\/2026\/02\/7-i-1-justerbart-push-up-brade-med-motstandsband-rullar-dorrankare-hopfallbart-1.webp?fit=2000%2C2000&ssl=1\" \/>\n\t<meta property=\"og:image:width\" content=\"2000\" \/>\n\t<meta property=\"og:image:height\" content=\"2000\" \/>\n\t<meta property=\"og:image:type\" content=\"image\/webp\" \/>\n<meta name=\"twitter:card\" content=\"summary_large_image\" \/>\n<meta name=\"twitter:label1\" content=\"Ber\u00e4knad l\u00e4stid\" \/>\n\t<meta name=\"twitter:data1\" content=\"1 minut\" \/>\n<!-- \/ Yoast SEO plugin. -->","yoast_head_json":{"title":"TRUUSK 7-i-1 Justerbar Push-up-br\u00e4da - Motst\u00e5ndsband - Rullar - D\u00f6rrankare - Hopf\u00e4llbar - Tr\u00e4ningsredskap - Svart - TRUUSK - Hem, Tr\u00e4dg\u00e5rd &amp; Fritid","robots":{"index":"index","follow":"follow","max-snippet":"max-snippet:-1","max-image-preview":"max-image-preview:large","max-video-preview":"max-video-preview:-1"},"canonical":"https:\/\/truusk.store\/sv\/produkt\/truusk-7-i-1-justerbar-push-up-brada-motstandsband-rullar-dorrankare-hopfallbar-traningsredskap-svart\/","og_locale":"sv_SE","og_type":"article","og_title":"TRUUSK 7-i-1 Justerbar Push-up-br\u00e4da - Motst\u00e5ndsband - Rullar - D\u00f6rrankare - Hopf\u00e4llbar - Tr\u00e4ningsredskap - Svart - TRUUSK - Hem, Tr\u00e4dg\u00e5rd &amp; Fritid","og_description":"\u00c4r du tr\u00f6tt p\u00e5 att leva tr\u00e5ngt och g\u00f6ra ineffektiva tr\u00e4ningspass? [BRAND NAME] 7-i-1 Push-Up-Board f\u00f6rvandlar ditt hem till ett...","og_url":"https:\/\/truusk.store\/sv\/produkt\/truusk-7-i-1-justerbar-push-up-brada-motstandsband-rullar-dorrankare-hopfallbar-traningsredskap-svart\/","og_site_name":"TRUUSK - Hem, Tr\u00e4dg\u00e5rd &amp; Fritid","article_modified_time":"2026-03-12T07:48:43+00:00","og_image":[{"width":2000,"height":2000,"url":"https:\/\/i0.wp.com\/truusk.se\/wp-content\/uploads\/2026\/02\/7-i-1-justerbart-push-up-brade-med-motstandsband-rullar-dorrankare-hopfallbart-1.webp?fit=2000%2C2000&ssl=1","type":"image\/webp"}],"twitter_card":"summary_large_image","twitter_misc":{"Ber\u00e4knad l\u00e4stid":"1 minut"},"schema":{"@context":"https:\/\/schema.org","@graph":[{"@type":"WebPage","@id":"https:\/\/truusk.store\/sv\/produkt\/truusk-7-i-1-justerbar-push-up-brada-motstandsband-rullar-dorrankare-hopfallbar-traningsredskap-svart\/","url":"https:\/\/truusk.store\/sv\/produkt\/truusk-7-i-1-justerbar-push-up-brada-motstandsband-rullar-dorrankare-hopfallbar-traningsredskap-svart\/","name":"TRUUSK 7-i-1 Justerbar Push-up-br\u00e4da - Motst\u00e5ndsband - Rullar - D\u00f6rrankare - Hopf\u00e4llbar - Tr\u00e4ningsredskap - Svart - TRUUSK - Hem, Tr\u00e4dg\u00e5rd &amp; Fritid","isPartOf":{"@id":"https:\/\/truusk.store\/sv\/#website"},"primaryImageOfPage":{"@id":"https:\/\/truusk.store\/sv\/produkt\/truusk-7-i-1-justerbar-push-up-brada-motstandsband-rullar-dorrankare-hopfallbar-traningsredskap-svart\/#primaryimage"},"image":{"@id":"https:\/\/truusk.store\/sv\/produkt\/truusk-7-i-1-justerbar-push-up-brada-motstandsband-rullar-dorrankare-hopfallbar-traningsredskap-svart\/#primaryimage"},"thumbnailUrl":"https:\/\/i0.wp.com\/truusk.store\/wp-content\/uploads\/2026\/02\/7-i-1-justerbart-push-up-brade-med-motstandsband-rullar-dorrankare-hopfallbart-1.webp?fit=2000%2C2000&ssl=1","datePublished":"2026-02-24T04:50:32+00:00","dateModified":"2026-03-12T07:48:43+00:00","breadcrumb":{"@id":"https:\/\/truusk.store\/sv\/produkt\/truusk-7-i-1-justerbar-push-up-brada-motstandsband-rullar-dorrankare-hopfallbar-traningsredskap-svart\/#breadcrumb"},"inLanguage":"sv-SE","potentialAction":[{"@type":"ReadAction","target":["https:\/\/truusk.store\/sv\/produkt\/truusk-7-i-1-justerbar-push-up-brada-motstandsband-rullar-dorrankare-hopfallbar-traningsredskap-svart\/"]}]},{"@type":"ImageObject","inLanguage":"sv-SE","@id":"https:\/\/truusk.store\/sv\/produkt\/truusk-7-i-1-justerbar-push-up-brada-motstandsband-rullar-dorrankare-hopfallbar-traningsredskap-svart\/#primaryimage","url":"https:\/\/i0.wp.com\/truusk.store\/wp-content\/uploads\/2026\/02\/7-i-1-justerbart-push-up-brade-med-motstandsband-rullar-dorrankare-hopfallbart-1.webp?fit=2000%2C2000&ssl=1","contentUrl":"https:\/\/i0.wp.com\/truusk.store\/wp-content\/uploads\/2026\/02\/7-i-1-justerbart-push-up-brade-med-motstandsband-rullar-dorrankare-hopfallbart-1.webp?fit=2000%2C2000&ssl=1","width":2000,"height":2000},{"@type":"BreadcrumbList","@id":"https:\/\/truusk.store\/sv\/produkt\/truusk-7-i-1-justerbar-push-up-brada-motstandsband-rullar-dorrankare-hopfallbar-traningsredskap-svart\/#breadcrumb","itemListElement":[{"@type":"ListItem","position":1,"name":"Home","item":"https:\/\/truusk.store\/sv\/"},{"@type":"ListItem","position":2,"name":"Shop","item":"https:\/\/truusk.store\/shop\/"},{"@type":"ListItem","position":3,"name":"TRUUSK 7-i-1 Justerbar Push-up-br\u00e4da &#8211; Motst\u00e5ndsband &#8211; Rullar &#8211; D\u00f6rrankare &#8211; Hopf\u00e4llbar &#8211; Tr\u00e4ningsredskap &#8211; Svart"}]},{"@type":"WebSite","@id":"https:\/\/truusk.store\/sv\/#website","url":"https:\/\/truusk.store\/sv\/","name":"TRUUSK - Hem, Tr\u00e4dg\u00e5rd & Fritid","description":"","publisher":{"@id":"https:\/\/truusk.store\/sv\/#organization"},"potentialAction":[{"@type":"SearchAction","target":{"@type":"EntryPoint","urlTemplate":"https:\/\/truusk.store\/sv\/?s={search_term_string}"},"query-input":{"@type":"PropertyValueSpecification","valueRequired":true,"valueName":"search_term_string"}}],"inLanguage":"sv-SE"},{"@type":"Organization","@id":"https:\/\/truusk.store\/sv\/#organization","name":"TRUUSK - Hem, Tr\u00e4dg\u00e5rd & Fritid","url":"https:\/\/truusk.store\/sv\/","logo":{"@type":"ImageObject","inLanguage":"sv-SE","@id":"https:\/\/truusk.store\/sv\/#\/schema\/logo\/image\/","url":"https:\/\/i0.wp.com\/truusk.store\/wp-content\/uploads\/2026\/03\/cropped-TRUUSK.png?fit=2032%2C917&ssl=1","contentUrl":"https:\/\/i0.wp.com\/truusk.store\/wp-content\/uploads\/2026\/03\/cropped-TRUUSK.png?fit=2032%2C917&ssl=1","width":2032,"height":917,"caption":"TRUUSK - Hem, Tr\u00e4dg\u00e5rd & Fritid"},"image":{"@id":"https:\/\/truusk.store\/sv\/#\/schema\/logo\/image\/"}}]}},"jetpack_sharing_enabled":true,"_links":{"self":[{"href":"https:\/\/truusk.store\/sv\/wp-json\/wp\/v2\/product\/105354","targetHints":{"allow":["GET"]}}],"collection":[{"href":"https:\/\/truusk.store\/sv\/wp-json\/wp\/v2\/product"}],"about":[{"href":"https:\/\/truusk.store\/sv\/wp-json\/wp\/v2\/types\/product"}],"wp:featuredmedia":[{"embeddable":true,"href":"https:\/\/truusk.store\/sv\/wp-json\/wp\/v2\/media\/105342"}],"wp:attachment":[{"href":"https:\/\/truusk.store\/sv\/wp-json\/wp\/v2\/media?parent=105354"}],"wp:term":[{"taxonomy":"product_brand","embeddable":true,"href":"https:\/\/truusk.store\/sv\/wp-json\/wp\/v2\/product_brand?post=105354"},{"taxonomy":"product_cat","embeddable":true,"href":"https:\/\/truusk.store\/sv\/wp-json\/wp\/v2\/product_cat?post=105354"},{"taxonomy":"product_tag","embeddable":true,"href":"https:\/\/truusk.store\/sv\/wp-json\/wp\/v2\/product_tag?post=105354"}],"curies":[{"name":"wp","href":"https:\/\/api.w.org\/{rel}","templated":true}]}}