{"id":105376,"date":"2026-02-24T05:52:03","date_gmt":"2026-02-24T04:52:03","guid":{"rendered":"https:\/\/truusk.store\/product\/hogbadd-i-metall-136-x-53-x-61-cm-djup-tradgardsbadd-med-skyddskanter-vaxtetiketter-handskar-oppen-botten-2\/"},"modified":"2026-03-12T08:48:45","modified_gmt":"2026-03-12T07:48:45","slug":"truusk-hogbadd-i-metall-136-x-53-x-61-cm-tradgardsbadd-med-skyddskanter-vaxtetiketter-handskar-oppen-botten","status":"publish","type":"product","link":"https:\/\/truusk.store\/sv\/produkt\/truusk-hogbadd-i-metall-136-x-53-x-61-cm-tradgardsbadd-med-skyddskanter-vaxtetiketter-handskar-oppen-botten\/","title":{"rendered":"TRUUSK H\u00f6gb\u00e4dd i Metall 136 x 53 x 61 cm &#8211; Tr\u00e4dg\u00e5rdsb\u00e4dd med Skyddskanter &#8211; V\u00e4xtetiketter &#8211; Handskar &#8211; \u00d6ppen Botten"},"content":{"rendered":"<p>Ut\u00f6ka din tr\u00e4dg\u00e5rdsomr\u00e5de med [BRAND NAME] h\u00f6g s\u00e4ng. Den 61 cm djupa galvaniserade metallb\u00e4dden erbjuder gener\u00f6st utrymme f\u00f6r \u00f6rter, blommor och gr\u00f6nsaker att v\u00e4xa optimalt. F\u00f6rst\u00e4rkta st\u00e5lv\u00e4ggar p\u00e5 \u00f6rtb\u00e4dden garanterar stabilitet, medan den \u00f6ppna botten designen f\u00f6rb\u00e4ttrar dr\u00e4nering och jordanslutning. Avrundade kanter \u00f6kar s\u00e4kerheten. Den verktygsfria monteringen l\u00e5ter dig njuta mer tid i tr\u00e4dg\u00e5rden!<\/p>\n<p>Beskrivning:<\/p>\n<ul>\n<li> 61 cm extra djup design \u00e4r l\u00e4mplig f\u00f6r djupt rotade v\u00e4xter<\/li>\n<li> Enkel montering med sn\u00e4ppl\u00e5s f\u00f6r en problemfri tr\u00e4dg\u00e5rdsupplevelse<\/li>\n<li> B\u00f6jd kant med skyddskanter och medf\u00f6ljande handskar minimerar risk f\u00f6r skador<\/li>\n<li> V\u00e4xtetiketter hj\u00e4lper dig att dokumentera dina v\u00e4xters tillv\u00e4xt<\/li>\n<li> Galvaniserad st\u00e5lstruktur p\u00e5 \u00f6rtb\u00e4dden s\u00e4kerst\u00e4ller h\u00e5llbarhet och l\u00e5ngvarig prestanda<\/li>\n<li> Pulverlackerad yta erbjuder f\u00f6rb\u00e4ttrat rostskydd f\u00f6r utomhusbruk<\/li>\n<li> \u00d6ppen botten fr\u00e4mjar naturlig rotv\u00e4xt och effektiv vattenavledning<\/li>\n<li> L\u00e4mplig denna balkong h\u00f6g s\u00e4ng f\u00f6r odling av \u00f6rter, blommor och gr\u00f6nsaker<\/li>\n<\/ul>\n<p> Tekniska data:<\/p>\n<ul>\n<li> F\u00e4rg: Ljusgr\u00f6n<\/li>\n<li> Material: Galvaniserat st\u00e5l, plast<\/li>\n<li> Totala dimensioner: 136L x 53B x 61H cm<\/li>\n<li> Planteringsk\u00e4rl inre storlek: 131L x 47B x 61H cm<\/li>\n<\/ul>\n<p>Leveransinneh\u00e5ll:<\/p>\n<ul>\n<li> 1 x h\u00f6g s\u00e4ng<\/li>\n<li> 1 x par handskar<\/li>\n<li> 8 x v\u00e4xtetikett<\/li>\n<li> 1 x instruktioner<\/li>\n<\/ul>\n","protected":false},"excerpt":{"rendered":"<p>Ut\u00f6ka din tr\u00e4dg\u00e5rdsomr\u00e5de med [BRAND NAME] h\u00f6g s\u00e4ng. Den 61 cm djupa galvaniserade metallb\u00e4dden erbjuder gener\u00f6st utrymme f\u00f6r \u00f6rter, blommor&#8230;<\/p>\n","protected":false},"featured_media":105359,"template":"","meta":[],"product_brand":[],"product_cat":[922,858,443],"product_tag":[],"class_list":{"0":"post-105376","1":"product","2":"type-product","3":"status-publish","4":"has-post-thumbnail","6":"product_cat-planteringskarl","7":"product_cat-tradgard-terrass","8":"product_cat-vaxthus-tradgardsskotsel","10":"first","11":"instock","12":"sale","13":"taxable","14":"shipping-taxable","15":"purchasable","16":"product-type-simple"},"yoast_head":"<!-- This site is optimized with the Yoast SEO plugin v25.4 - https:\/\/yoast.com\/wordpress\/plugins\/seo\/ -->\n<title>TRUUSK H\u00f6gb\u00e4dd i Metall 136 x 53 x 61 cm - Tr\u00e4dg\u00e5rdsb\u00e4dd med Skyddskanter - V\u00e4xtetiketter - Handskar - \u00d6ppen Botten - TRUUSK - Hem, Tr\u00e4dg\u00e5rd &amp; Fritid<\/title>\n<meta name=\"robots\" content=\"index, follow, max-snippet:-1, max-image-preview:large, max-video-preview:-1\" \/>\n<link rel=\"canonical\" href=\"https:\/\/truusk.store\/sv\/produkt\/truusk-hogbadd-i-metall-136-x-53-x-61-cm-tradgardsbadd-med-skyddskanter-vaxtetiketter-handskar-oppen-botten\/\" \/>\n<meta property=\"og:locale\" content=\"sv_SE\" \/>\n<meta property=\"og:type\" content=\"article\" \/>\n<meta property=\"og:title\" content=\"TRUUSK H\u00f6gb\u00e4dd i Metall 136 x 53 x 61 cm - Tr\u00e4dg\u00e5rdsb\u00e4dd med Skyddskanter - V\u00e4xtetiketter - Handskar - \u00d6ppen Botten - TRUUSK - Hem, Tr\u00e4dg\u00e5rd &amp; Fritid\" \/>\n<meta property=\"og:description\" content=\"Ut\u00f6ka din tr\u00e4dg\u00e5rdsomr\u00e5de med [BRAND NAME] h\u00f6g s\u00e4ng. Den 61 cm djupa galvaniserade metallb\u00e4dden erbjuder gener\u00f6st utrymme f\u00f6r \u00f6rter, blommor...\" \/>\n<meta property=\"og:url\" content=\"https:\/\/truusk.store\/sv\/produkt\/truusk-hogbadd-i-metall-136-x-53-x-61-cm-tradgardsbadd-med-skyddskanter-vaxtetiketter-handskar-oppen-botten\/\" \/>\n<meta property=\"og:site_name\" content=\"TRUUSK - Hem, Tr\u00e4dg\u00e5rd &amp; Fritid\" \/>\n<meta property=\"article:modified_time\" content=\"2026-03-12T07:48:45+00:00\" \/>\n<meta property=\"og:image\" content=\"https:\/\/i0.wp.com\/truusk.se\/wp-content\/uploads\/2026\/02\/hogbadd-i-metall-136-x-53-x-61-cm-djup-tradgardsbadd-med-skyddskanter-vaxtetiketter-handskar-oppen-botten-1-1.webp?fit=2000%2C2000&ssl=1\" \/>\n\t<meta property=\"og:image:width\" content=\"2000\" \/>\n\t<meta property=\"og:image:height\" content=\"2000\" \/>\n\t<meta property=\"og:image:type\" content=\"image\/webp\" \/>\n<meta name=\"twitter:card\" content=\"summary_large_image\" \/>\n<meta name=\"twitter:label1\" content=\"Ber\u00e4knad l\u00e4stid\" \/>\n\t<meta name=\"twitter:data1\" content=\"1 minut\" \/>\n<!-- \/ Yoast SEO plugin. -->","yoast_head_json":{"title":"TRUUSK H\u00f6gb\u00e4dd i Metall 136 x 53 x 61 cm - Tr\u00e4dg\u00e5rdsb\u00e4dd med Skyddskanter - V\u00e4xtetiketter - Handskar - \u00d6ppen Botten - TRUUSK - Hem, Tr\u00e4dg\u00e5rd &amp; Fritid","robots":{"index":"index","follow":"follow","max-snippet":"max-snippet:-1","max-image-preview":"max-image-preview:large","max-video-preview":"max-video-preview:-1"},"canonical":"https:\/\/truusk.store\/sv\/produkt\/truusk-hogbadd-i-metall-136-x-53-x-61-cm-tradgardsbadd-med-skyddskanter-vaxtetiketter-handskar-oppen-botten\/","og_locale":"sv_SE","og_type":"article","og_title":"TRUUSK H\u00f6gb\u00e4dd i Metall 136 x 53 x 61 cm - Tr\u00e4dg\u00e5rdsb\u00e4dd med Skyddskanter - V\u00e4xtetiketter - Handskar - \u00d6ppen Botten - TRUUSK - Hem, Tr\u00e4dg\u00e5rd &amp; Fritid","og_description":"Ut\u00f6ka din tr\u00e4dg\u00e5rdsomr\u00e5de med [BRAND NAME] h\u00f6g s\u00e4ng. Den 61 cm djupa galvaniserade metallb\u00e4dden erbjuder gener\u00f6st utrymme f\u00f6r \u00f6rter, blommor...","og_url":"https:\/\/truusk.store\/sv\/produkt\/truusk-hogbadd-i-metall-136-x-53-x-61-cm-tradgardsbadd-med-skyddskanter-vaxtetiketter-handskar-oppen-botten\/","og_site_name":"TRUUSK - Hem, Tr\u00e4dg\u00e5rd &amp; Fritid","article_modified_time":"2026-03-12T07:48:45+00:00","og_image":[{"width":2000,"height":2000,"url":"https:\/\/i0.wp.com\/truusk.se\/wp-content\/uploads\/2026\/02\/hogbadd-i-metall-136-x-53-x-61-cm-djup-tradgardsbadd-med-skyddskanter-vaxtetiketter-handskar-oppen-botten-1-1.webp?fit=2000%2C2000&ssl=1","type":"image\/webp"}],"twitter_card":"summary_large_image","twitter_misc":{"Ber\u00e4knad l\u00e4stid":"1 minut"},"schema":{"@context":"https:\/\/schema.org","@graph":[{"@type":"WebPage","@id":"https:\/\/truusk.store\/sv\/produkt\/truusk-hogbadd-i-metall-136-x-53-x-61-cm-tradgardsbadd-med-skyddskanter-vaxtetiketter-handskar-oppen-botten\/","url":"https:\/\/truusk.store\/sv\/produkt\/truusk-hogbadd-i-metall-136-x-53-x-61-cm-tradgardsbadd-med-skyddskanter-vaxtetiketter-handskar-oppen-botten\/","name":"TRUUSK H\u00f6gb\u00e4dd i Metall 136 x 53 x 61 cm - Tr\u00e4dg\u00e5rdsb\u00e4dd med Skyddskanter - V\u00e4xtetiketter - Handskar - \u00d6ppen Botten - TRUUSK - Hem, Tr\u00e4dg\u00e5rd &amp; Fritid","isPartOf":{"@id":"https:\/\/truusk.store\/sv\/#website"},"primaryImageOfPage":{"@id":"https:\/\/truusk.store\/sv\/produkt\/truusk-hogbadd-i-metall-136-x-53-x-61-cm-tradgardsbadd-med-skyddskanter-vaxtetiketter-handskar-oppen-botten\/#primaryimage"},"image":{"@id":"https:\/\/truusk.store\/sv\/produkt\/truusk-hogbadd-i-metall-136-x-53-x-61-cm-tradgardsbadd-med-skyddskanter-vaxtetiketter-handskar-oppen-botten\/#primaryimage"},"thumbnailUrl":"https:\/\/i0.wp.com\/truusk.store\/wp-content\/uploads\/2026\/02\/hogbadd-i-metall-136-x-53-x-61-cm-djup-tradgardsbadd-med-skyddskanter-vaxtetiketter-handskar-oppen-botten-1-1.webp?fit=2000%2C2000&ssl=1","datePublished":"2026-02-24T04:52:03+00:00","dateModified":"2026-03-12T07:48:45+00:00","breadcrumb":{"@id":"https:\/\/truusk.store\/sv\/produkt\/truusk-hogbadd-i-metall-136-x-53-x-61-cm-tradgardsbadd-med-skyddskanter-vaxtetiketter-handskar-oppen-botten\/#breadcrumb"},"inLanguage":"sv-SE","potentialAction":[{"@type":"ReadAction","target":["https:\/\/truusk.store\/sv\/produkt\/truusk-hogbadd-i-metall-136-x-53-x-61-cm-tradgardsbadd-med-skyddskanter-vaxtetiketter-handskar-oppen-botten\/"]}]},{"@type":"ImageObject","inLanguage":"sv-SE","@id":"https:\/\/truusk.store\/sv\/produkt\/truusk-hogbadd-i-metall-136-x-53-x-61-cm-tradgardsbadd-med-skyddskanter-vaxtetiketter-handskar-oppen-botten\/#primaryimage","url":"https:\/\/i0.wp.com\/truusk.store\/wp-content\/uploads\/2026\/02\/hogbadd-i-metall-136-x-53-x-61-cm-djup-tradgardsbadd-med-skyddskanter-vaxtetiketter-handskar-oppen-botten-1-1.webp?fit=2000%2C2000&ssl=1","contentUrl":"https:\/\/i0.wp.com\/truusk.store\/wp-content\/uploads\/2026\/02\/hogbadd-i-metall-136-x-53-x-61-cm-djup-tradgardsbadd-med-skyddskanter-vaxtetiketter-handskar-oppen-botten-1-1.webp?fit=2000%2C2000&ssl=1","width":2000,"height":2000},{"@type":"BreadcrumbList","@id":"https:\/\/truusk.store\/sv\/produkt\/truusk-hogbadd-i-metall-136-x-53-x-61-cm-tradgardsbadd-med-skyddskanter-vaxtetiketter-handskar-oppen-botten\/#breadcrumb","itemListElement":[{"@type":"ListItem","position":1,"name":"Home","item":"https:\/\/truusk.store\/sv\/"},{"@type":"ListItem","position":2,"name":"Shop","item":"https:\/\/truusk.store\/shop\/"},{"@type":"ListItem","position":3,"name":"TRUUSK H\u00f6gb\u00e4dd i Metall 136 x 53 x 61 cm &#8211; Tr\u00e4dg\u00e5rdsb\u00e4dd med Skyddskanter &#8211; V\u00e4xtetiketter &#8211; Handskar &#8211; \u00d6ppen Botten"}]},{"@type":"WebSite","@id":"https:\/\/truusk.store\/sv\/#website","url":"https:\/\/truusk.store\/sv\/","name":"TRUUSK - Hem, Tr\u00e4dg\u00e5rd & Fritid","description":"","publisher":{"@id":"https:\/\/truusk.store\/sv\/#organization"},"potentialAction":[{"@type":"SearchAction","target":{"@type":"EntryPoint","urlTemplate":"https:\/\/truusk.store\/sv\/?s={search_term_string}"},"query-input":{"@type":"PropertyValueSpecification","valueRequired":true,"valueName":"search_term_string"}}],"inLanguage":"sv-SE"},{"@type":"Organization","@id":"https:\/\/truusk.store\/sv\/#organization","name":"TRUUSK - Hem, Tr\u00e4dg\u00e5rd & Fritid","url":"https:\/\/truusk.store\/sv\/","logo":{"@type":"ImageObject","inLanguage":"sv-SE","@id":"https:\/\/truusk.store\/sv\/#\/schema\/logo\/image\/","url":"https:\/\/i0.wp.com\/truusk.store\/wp-content\/uploads\/2026\/03\/cropped-TRUUSK.png?fit=2032%2C917&ssl=1","contentUrl":"https:\/\/i0.wp.com\/truusk.store\/wp-content\/uploads\/2026\/03\/cropped-TRUUSK.png?fit=2032%2C917&ssl=1","width":2032,"height":917,"caption":"TRUUSK - Hem, Tr\u00e4dg\u00e5rd & Fritid"},"image":{"@id":"https:\/\/truusk.store\/sv\/#\/schema\/logo\/image\/"}}]}},"jetpack_sharing_enabled":true,"_links":{"self":[{"href":"https:\/\/truusk.store\/sv\/wp-json\/wp\/v2\/product\/105376","targetHints":{"allow":["GET"]}}],"collection":[{"href":"https:\/\/truusk.store\/sv\/wp-json\/wp\/v2\/product"}],"about":[{"href":"https:\/\/truusk.store\/sv\/wp-json\/wp\/v2\/types\/product"}],"wp:featuredmedia":[{"embeddable":true,"href":"https:\/\/truusk.store\/sv\/wp-json\/wp\/v2\/media\/105359"}],"wp:attachment":[{"href":"https:\/\/truusk.store\/sv\/wp-json\/wp\/v2\/media?parent=105376"}],"wp:term":[{"taxonomy":"product_brand","embeddable":true,"href":"https:\/\/truusk.store\/sv\/wp-json\/wp\/v2\/product_brand?post=105376"},{"taxonomy":"product_cat","embeddable":true,"href":"https:\/\/truusk.store\/sv\/wp-json\/wp\/v2\/product_cat?post=105376"},{"taxonomy":"product_tag","embeddable":true,"href":"https:\/\/truusk.store\/sv\/wp-json\/wp\/v2\/product_tag?post=105376"}],"curies":[{"name":"wp","href":"https:\/\/api.w.org\/{rel}","templated":true}]}}