{"id":105432,"date":"2026-02-24T05:57:30","date_gmt":"2026-02-24T04:57:30","guid":{"rendered":"https:\/\/truusk.store\/product\/metallverktygshus-137-m%c2%b2-verktygsskjul-med-enkel-montering-sadeltak-skjutdorr-ventilation-handskar\/"},"modified":"2026-03-12T08:48:50","modified_gmt":"2026-03-12T07:48:50","slug":"truusk-metallverktygshus-137-m%c2%b2-enkel-montering-sadeltak-skjutdorr-ventilation-handskar","status":"publish","type":"product","link":"https:\/\/truusk.store\/sv\/produkt\/truusk-metallverktygshus-137-m%c2%b2-enkel-montering-sadeltak-skjutdorr-ventilation-handskar\/","title":{"rendered":"TRUUSK Metallverktygshus 1,37 M\u00b2 &#8211; Enkel Montering &#8211; Sadeltak &#8211; Skjutd\u00f6rr &#8211; Ventilation &#8211; Handskar"},"content":{"rendered":"<p>St\u00f6rd av en kaotisk uteplats och verktyg som uts\u00e4tts f\u00f6r rost och skador? Att s\u00f6ka efter en praktisk f\u00f6rvaringsl\u00f6sning som inte resulterar i en frustrerande montering kan vara anstr\u00e4ngande. [BRAND NAME] metallverktygsskjul s\u00e4tter stopp f\u00f6r detta. Tack vare plug-in-botten designen \u00e4r monteringen enkel, och den v\u00e4derbest\u00e4ndiga st\u00e5lkonstruktionen skyddar dina saker. Upplev ordning och avkoppling med detta kompakta, rymliga metallverktygsskjul.<\/p>\n<p>Beskrivning:<\/p>\n<ul>\n<li> Aluminiumsockelbasen styr panelerna mjukt p\u00e5 plats och kr\u00e4ver upp till 50 % f\u00e4rre skruvar<\/li>\n<li> Tillverkad av galvaniserat st\u00e5l och en aluminiumbas f\u00f6r v\u00e4derbest\u00e4ndigt skydd<\/li>\n<li> Den kompakta designen erbjuder gener\u00f6st f\u00f6rvaringsutrymme f\u00f6r mindre utomhusomr\u00e5den<\/li>\n<li> En skjutd\u00f6rr p\u00e5 tr\u00e4dg\u00e5rdsskjulet ger enkel tillg\u00e5ng och s\u00e4ker f\u00f6rvaring<\/li>\n<li> Integrerade ventilations\u00f6ppningar s\u00e4kerst\u00e4ller konstant luftcirkulation och h\u00e5ller dina verktyg torra och rostfria<\/li>\n<li> Detta m\u00e5ngsidiga tr\u00e4dg\u00e5rdsskjul kan anv\u00e4ndas som verktygsf\u00f6rvaring, cykelskjul eller mer<\/li>\n<li> F\u00f6r en enklare och s\u00e4krare montering rekommenderas hj\u00e4lp av tv\u00e5 personer. Tv\u00e5 par monteringshandskar ing\u00e5r.<\/li>\n<\/ul>\n<p> Tekniska data:<\/p>\n<ul>\n<li> F\u00e4rg: M\u00f6rkgr\u00e5<\/li>\n<li> Material: Galvaniserat st\u00e5l, aluminium<\/li>\n<li> Totala dimensioner: 159B x 106D x 165\/181H cm<\/li>\n<li> Bottenstorlek: 151B x 91D cm<\/li>\n<li> Inre storlek: 149B x 89D cm<\/li>\n<li> D\u00f6rrstorlek: 51B x 156H cm<\/li>\n<li> Golvarea: 1,37 m\u00b2<\/li>\n<li> Maximal sn\u00f6last: 50 kg\/m\u00b2<\/li>\n<\/ul>\n<p>Leveransinneh\u00e5ll:<\/p>\n<ul>\n<li> 1 x Tr\u00e4dg\u00e5rdsf\u00f6rr\u00e5d<\/li>\n<li> Tv\u00e5 par handskar<\/li>\n<li> 1 x Instruktioner<\/li>\n<li>Viktigt: Vi levererar artikeln kostnadsfritt till trottoarkanten. Var v\u00e4nlig och se till att adressen och telefonnumret \u00e4r korrekt..<\/li>\n<\/ul>\n","protected":false},"excerpt":{"rendered":"<p>St\u00f6rd av en kaotisk uteplats och verktyg som uts\u00e4tts f\u00f6r rost och skador? Att s\u00f6ka efter en praktisk f\u00f6rvaringsl\u00f6sning som&#8230;<\/p>\n","protected":false},"featured_media":105421,"template":"","meta":[],"product_brand":[],"product_cat":[901,902,858],"product_tag":[],"class_list":{"0":"post-105432","1":"product","2":"type-product","3":"status-publish","4":"has-post-thumbnail","6":"product_cat-ordning-i-tradgarden","7":"product_cat-redskapsskjul-och-redskapshus","8":"product_cat-tradgard-terrass","10":"first","11":"instock","12":"sale","13":"taxable","14":"shipping-taxable","15":"purchasable","16":"product-type-simple"},"yoast_head":"<!-- This site is optimized with the Yoast SEO plugin v25.4 - https:\/\/yoast.com\/wordpress\/plugins\/seo\/ -->\n<title>TRUUSK Metallverktygshus 1,37 M\u00b2 - Enkel Montering - Sadeltak - Skjutd\u00f6rr - Ventilation - Handskar - TRUUSK - Hem, Tr\u00e4dg\u00e5rd &amp; Fritid<\/title>\n<meta name=\"robots\" content=\"index, follow, max-snippet:-1, max-image-preview:large, max-video-preview:-1\" \/>\n<link rel=\"canonical\" href=\"https:\/\/truusk.store\/sv\/produkt\/truusk-metallverktygshus-137-m%c2%b2-enkel-montering-sadeltak-skjutdorr-ventilation-handskar\/\" \/>\n<meta property=\"og:locale\" content=\"sv_SE\" \/>\n<meta property=\"og:type\" content=\"article\" \/>\n<meta property=\"og:title\" content=\"TRUUSK Metallverktygshus 1,37 M\u00b2 - Enkel Montering - Sadeltak - Skjutd\u00f6rr - Ventilation - Handskar - TRUUSK - Hem, Tr\u00e4dg\u00e5rd &amp; Fritid\" \/>\n<meta property=\"og:description\" content=\"St\u00f6rd av en kaotisk uteplats och verktyg som uts\u00e4tts f\u00f6r rost och skador? Att s\u00f6ka efter en praktisk f\u00f6rvaringsl\u00f6sning som...\" \/>\n<meta property=\"og:url\" content=\"https:\/\/truusk.store\/sv\/produkt\/truusk-metallverktygshus-137-m%c2%b2-enkel-montering-sadeltak-skjutdorr-ventilation-handskar\/\" \/>\n<meta property=\"og:site_name\" content=\"TRUUSK - Hem, Tr\u00e4dg\u00e5rd &amp; Fritid\" \/>\n<meta property=\"article:modified_time\" content=\"2026-03-12T07:48:50+00:00\" \/>\n<meta property=\"og:image\" content=\"https:\/\/i0.wp.com\/truusk.se\/wp-content\/uploads\/2026\/02\/metallverktygshus-137-mc2b2-verktygsskjul-med-enkel-montering-sadeltak-skjutdorr-ventilation-handskar-1.webp?fit=2000%2C2000&ssl=1\" \/>\n\t<meta property=\"og:image:width\" content=\"2000\" \/>\n\t<meta property=\"og:image:height\" content=\"2000\" \/>\n\t<meta property=\"og:image:type\" content=\"image\/webp\" \/>\n<meta name=\"twitter:card\" content=\"summary_large_image\" \/>\n<meta name=\"twitter:label1\" content=\"Ber\u00e4knad l\u00e4stid\" \/>\n\t<meta name=\"twitter:data1\" content=\"1 minut\" \/>\n<!-- \/ Yoast SEO plugin. -->","yoast_head_json":{"title":"TRUUSK Metallverktygshus 1,37 M\u00b2 - Enkel Montering - Sadeltak - Skjutd\u00f6rr - Ventilation - Handskar - TRUUSK - Hem, Tr\u00e4dg\u00e5rd &amp; Fritid","robots":{"index":"index","follow":"follow","max-snippet":"max-snippet:-1","max-image-preview":"max-image-preview:large","max-video-preview":"max-video-preview:-1"},"canonical":"https:\/\/truusk.store\/sv\/produkt\/truusk-metallverktygshus-137-m%c2%b2-enkel-montering-sadeltak-skjutdorr-ventilation-handskar\/","og_locale":"sv_SE","og_type":"article","og_title":"TRUUSK Metallverktygshus 1,37 M\u00b2 - Enkel Montering - Sadeltak - Skjutd\u00f6rr - Ventilation - Handskar - TRUUSK - Hem, Tr\u00e4dg\u00e5rd &amp; Fritid","og_description":"St\u00f6rd av en kaotisk uteplats och verktyg som uts\u00e4tts f\u00f6r rost och skador? Att s\u00f6ka efter en praktisk f\u00f6rvaringsl\u00f6sning som...","og_url":"https:\/\/truusk.store\/sv\/produkt\/truusk-metallverktygshus-137-m%c2%b2-enkel-montering-sadeltak-skjutdorr-ventilation-handskar\/","og_site_name":"TRUUSK - Hem, Tr\u00e4dg\u00e5rd &amp; Fritid","article_modified_time":"2026-03-12T07:48:50+00:00","og_image":[{"width":2000,"height":2000,"url":"https:\/\/i0.wp.com\/truusk.se\/wp-content\/uploads\/2026\/02\/metallverktygshus-137-mc2b2-verktygsskjul-med-enkel-montering-sadeltak-skjutdorr-ventilation-handskar-1.webp?fit=2000%2C2000&ssl=1","type":"image\/webp"}],"twitter_card":"summary_large_image","twitter_misc":{"Ber\u00e4knad l\u00e4stid":"1 minut"},"schema":{"@context":"https:\/\/schema.org","@graph":[{"@type":"WebPage","@id":"https:\/\/truusk.store\/sv\/produkt\/truusk-metallverktygshus-137-m%c2%b2-enkel-montering-sadeltak-skjutdorr-ventilation-handskar\/","url":"https:\/\/truusk.store\/sv\/produkt\/truusk-metallverktygshus-137-m%c2%b2-enkel-montering-sadeltak-skjutdorr-ventilation-handskar\/","name":"TRUUSK Metallverktygshus 1,37 M\u00b2 - Enkel Montering - Sadeltak - Skjutd\u00f6rr - Ventilation - Handskar - TRUUSK - Hem, Tr\u00e4dg\u00e5rd &amp; Fritid","isPartOf":{"@id":"https:\/\/truusk.store\/sv\/#website"},"primaryImageOfPage":{"@id":"https:\/\/truusk.store\/sv\/produkt\/truusk-metallverktygshus-137-m%c2%b2-enkel-montering-sadeltak-skjutdorr-ventilation-handskar\/#primaryimage"},"image":{"@id":"https:\/\/truusk.store\/sv\/produkt\/truusk-metallverktygshus-137-m%c2%b2-enkel-montering-sadeltak-skjutdorr-ventilation-handskar\/#primaryimage"},"thumbnailUrl":"https:\/\/i0.wp.com\/truusk.store\/wp-content\/uploads\/2026\/02\/metallverktygshus-137-mc2b2-verktygsskjul-med-enkel-montering-sadeltak-skjutdorr-ventilation-handskar-1.webp?fit=2000%2C2000&ssl=1","datePublished":"2026-02-24T04:57:30+00:00","dateModified":"2026-03-12T07:48:50+00:00","breadcrumb":{"@id":"https:\/\/truusk.store\/sv\/produkt\/truusk-metallverktygshus-137-m%c2%b2-enkel-montering-sadeltak-skjutdorr-ventilation-handskar\/#breadcrumb"},"inLanguage":"sv-SE","potentialAction":[{"@type":"ReadAction","target":["https:\/\/truusk.store\/sv\/produkt\/truusk-metallverktygshus-137-m%c2%b2-enkel-montering-sadeltak-skjutdorr-ventilation-handskar\/"]}]},{"@type":"ImageObject","inLanguage":"sv-SE","@id":"https:\/\/truusk.store\/sv\/produkt\/truusk-metallverktygshus-137-m%c2%b2-enkel-montering-sadeltak-skjutdorr-ventilation-handskar\/#primaryimage","url":"https:\/\/i0.wp.com\/truusk.store\/wp-content\/uploads\/2026\/02\/metallverktygshus-137-mc2b2-verktygsskjul-med-enkel-montering-sadeltak-skjutdorr-ventilation-handskar-1.webp?fit=2000%2C2000&ssl=1","contentUrl":"https:\/\/i0.wp.com\/truusk.store\/wp-content\/uploads\/2026\/02\/metallverktygshus-137-mc2b2-verktygsskjul-med-enkel-montering-sadeltak-skjutdorr-ventilation-handskar-1.webp?fit=2000%2C2000&ssl=1","width":2000,"height":2000},{"@type":"BreadcrumbList","@id":"https:\/\/truusk.store\/sv\/produkt\/truusk-metallverktygshus-137-m%c2%b2-enkel-montering-sadeltak-skjutdorr-ventilation-handskar\/#breadcrumb","itemListElement":[{"@type":"ListItem","position":1,"name":"Home","item":"https:\/\/truusk.store\/sv\/"},{"@type":"ListItem","position":2,"name":"Shop","item":"https:\/\/truusk.store\/shop\/"},{"@type":"ListItem","position":3,"name":"TRUUSK Metallverktygshus 1,37 M\u00b2 &#8211; Enkel Montering &#8211; Sadeltak &#8211; Skjutd\u00f6rr &#8211; Ventilation &#8211; Handskar"}]},{"@type":"WebSite","@id":"https:\/\/truusk.store\/sv\/#website","url":"https:\/\/truusk.store\/sv\/","name":"TRUUSK - Hem, Tr\u00e4dg\u00e5rd & Fritid","description":"","publisher":{"@id":"https:\/\/truusk.store\/sv\/#organization"},"potentialAction":[{"@type":"SearchAction","target":{"@type":"EntryPoint","urlTemplate":"https:\/\/truusk.store\/sv\/?s={search_term_string}"},"query-input":{"@type":"PropertyValueSpecification","valueRequired":true,"valueName":"search_term_string"}}],"inLanguage":"sv-SE"},{"@type":"Organization","@id":"https:\/\/truusk.store\/sv\/#organization","name":"TRUUSK - Hem, Tr\u00e4dg\u00e5rd & Fritid","url":"https:\/\/truusk.store\/sv\/","logo":{"@type":"ImageObject","inLanguage":"sv-SE","@id":"https:\/\/truusk.store\/sv\/#\/schema\/logo\/image\/","url":"https:\/\/i0.wp.com\/truusk.store\/wp-content\/uploads\/2026\/03\/cropped-TRUUSK.png?fit=2032%2C917&ssl=1","contentUrl":"https:\/\/i0.wp.com\/truusk.store\/wp-content\/uploads\/2026\/03\/cropped-TRUUSK.png?fit=2032%2C917&ssl=1","width":2032,"height":917,"caption":"TRUUSK - Hem, Tr\u00e4dg\u00e5rd & Fritid"},"image":{"@id":"https:\/\/truusk.store\/sv\/#\/schema\/logo\/image\/"}}]}},"jetpack_sharing_enabled":true,"_links":{"self":[{"href":"https:\/\/truusk.store\/sv\/wp-json\/wp\/v2\/product\/105432","targetHints":{"allow":["GET"]}}],"collection":[{"href":"https:\/\/truusk.store\/sv\/wp-json\/wp\/v2\/product"}],"about":[{"href":"https:\/\/truusk.store\/sv\/wp-json\/wp\/v2\/types\/product"}],"wp:featuredmedia":[{"embeddable":true,"href":"https:\/\/truusk.store\/sv\/wp-json\/wp\/v2\/media\/105421"}],"wp:attachment":[{"href":"https:\/\/truusk.store\/sv\/wp-json\/wp\/v2\/media?parent=105432"}],"wp:term":[{"taxonomy":"product_brand","embeddable":true,"href":"https:\/\/truusk.store\/sv\/wp-json\/wp\/v2\/product_brand?post=105432"},{"taxonomy":"product_cat","embeddable":true,"href":"https:\/\/truusk.store\/sv\/wp-json\/wp\/v2\/product_cat?post=105432"},{"taxonomy":"product_tag","embeddable":true,"href":"https:\/\/truusk.store\/sv\/wp-json\/wp\/v2\/product_tag?post=105432"}],"curies":[{"name":"wp","href":"https:\/\/api.w.org\/{rel}","templated":true}]}}