{"id":105442,"date":"2026-02-24T05:58:48","date_gmt":"2026-02-24T04:58:48","guid":{"rendered":"https:\/\/truusk.store\/product\/katt-hus-av-tra-med-tva-vaningar-kattgrotta-med-vattentatt-oppningsbart-tak-sidoplattform-101x725x81cm-gra\/"},"modified":"2026-03-12T08:48:52","modified_gmt":"2026-03-12T07:48:52","slug":"truusk-katt-hus-av-tra-tva-vaningar-vattentatt-tak-sidoplattform-gra-101x725x81cm","status":"publish","type":"product","link":"https:\/\/truusk.store\/sv\/produkt\/truusk-katt-hus-av-tra-tva-vaningar-vattentatt-tak-sidoplattform-gra-101x725x81cm\/","title":{"rendered":"TRUUSK Katt Hus av Tr\u00e4 &#8211; Tv\u00e5 V\u00e5ningar &#8211; Vattent\u00e4tt Tak &#8211; Sidoplattform &#8211; Gr\u00e5 &#8211; 101&#215;72,5x81cm"},"content":{"rendered":"<p>\u00c4r du orolig f\u00f6r att din \u00e4lskade innekatt ska uts\u00e4ttas f\u00f6r elementen? Det \u00e4r hj\u00e4rtsk\u00e4rande att f\u00f6rest\u00e4lla sig hur den skakar i regnet. Detta [BRAND NAME] utomhuskattshus erbjuder en mysig, upph\u00f6jd tillflyktsort. Tillverkat av grantr\u00e4 med ett vattent\u00e4tt tak, har kattshuset tv\u00e5 niv\u00e5er f\u00f6r lek och ett \u00f6ppningsbart tak som g\u00f6r reng\u00f6ring och gemensamma stunder med din trogna f\u00f6ljeslagare angen\u00e4mt enkla.<\/p>\n<p>Beskrivning:<\/p>\n<ul>\n<li> Upph\u00f6jd design med vattent\u00e4tt tak skyddar dina katter fr\u00e5n fukt och h\u00e5ller dem varma utomhus<\/li>\n<li> Tv\u00e5v\u00e5ningsdesign med sidoplattform f\u00f6r avkoppling och lek<\/li>\n<li> F\u00e4llbart tak \u00f6ppnas helt, vilket g\u00f6r reng\u00f6ring och matning av din katt enkelt<\/li>\n<li> Frontf\u00f6nster och lamelld\u00f6rr ger mycket ljus och frisk luftcirkulation<\/li>\n<li> L\u00e4mplig f\u00f6r 1-2 sm\u00e5 katter upp till 5 kg vardera<\/li>\n<li> Stilfullt stugdesign f\u00f6rb\u00e4ttrar utseendet p\u00e5 din tr\u00e4dg\u00e5rd eller terrass<\/li>\n<li> Montering kr\u00e4vs<\/li>\n<\/ul>\n<p> Tekniska data:<\/p>\n<ul>\n<li> F\u00e4rg: Vit+Gr\u00e5<\/li>\n<li> Material: Grantr\u00e4, PS<\/li>\n<li> Totala dimensioner: 101B x 72,5T x 81H cm<\/li>\n<li> Huvudhusstorlek: 80B x 64T x 70H cm<\/li>\n<li> \u00d6vre v\u00e5ningen (inuti): 76B x 40T x 45H cm<\/li>\n<li> Nedre v\u00e5ningen (inuti): 76B x 60T x 22H cm<\/li>\n<li> Frontf\u00f6nster: 21,5B x 21,5H cm<\/li>\n<li> Framd\u00f6rr: 25,5B x 30,5H cm<\/li>\n<li> V\u00e4nster d\u00f6rr: 19,5B x 23H cm<\/li>\n<li> V\u00e4nster plattform: 60L x 18B cm<\/li>\n<li> B\u00e4rf\u00f6rm\u00e5ga: 10 kg<\/li>\n<\/ul>\n<p>Leveransinneh\u00e5ll:<\/p>\n<ul>\n<li>1 x Utomhuskattshus<\/li>\n<li>1 x Instruktioner<\/li>\n<\/ul>\n","protected":false},"excerpt":{"rendered":"<p>\u00c4r du orolig f\u00f6r att din \u00e4lskade innekatt ska uts\u00e4ttas f\u00f6r elementen? Det \u00e4r hj\u00e4rtsk\u00e4rande att f\u00f6rest\u00e4lla sig hur den&#8230;<\/p>\n","protected":false},"featured_media":105433,"template":"","meta":[],"product_brand":[],"product_cat":[878,890,588],"product_tag":[],"class_list":{"0":"post-105442","1":"product","2":"type-product","3":"status-publish","4":"has-post-thumbnail","6":"product_cat-djurbehov","7":"product_cat-katt-hus","8":"product_cat-katttillbehor","10":"first","11":"instock","12":"sale","13":"taxable","14":"shipping-taxable","15":"purchasable","16":"product-type-simple"},"yoast_head":"<!-- This site is optimized with the Yoast SEO plugin v25.4 - https:\/\/yoast.com\/wordpress\/plugins\/seo\/ -->\n<title>TRUUSK Katt Hus av Tr\u00e4 - Tv\u00e5 V\u00e5ningar - Vattent\u00e4tt Tak - Sidoplattform - Gr\u00e5 - 101x72,5x81cm - TRUUSK - Hem, Tr\u00e4dg\u00e5rd &amp; Fritid<\/title>\n<meta name=\"robots\" content=\"index, follow, max-snippet:-1, max-image-preview:large, max-video-preview:-1\" \/>\n<link rel=\"canonical\" href=\"https:\/\/truusk.store\/sv\/produkt\/truusk-katt-hus-av-tra-tva-vaningar-vattentatt-tak-sidoplattform-gra-101x725x81cm\/\" \/>\n<meta property=\"og:locale\" content=\"sv_SE\" \/>\n<meta property=\"og:type\" content=\"article\" \/>\n<meta property=\"og:title\" content=\"TRUUSK Katt Hus av Tr\u00e4 - Tv\u00e5 V\u00e5ningar - Vattent\u00e4tt Tak - Sidoplattform - Gr\u00e5 - 101x72,5x81cm - TRUUSK - Hem, Tr\u00e4dg\u00e5rd &amp; Fritid\" \/>\n<meta property=\"og:description\" content=\"\u00c4r du orolig f\u00f6r att din \u00e4lskade innekatt ska uts\u00e4ttas f\u00f6r elementen? Det \u00e4r hj\u00e4rtsk\u00e4rande att f\u00f6rest\u00e4lla sig hur den...\" \/>\n<meta property=\"og:url\" content=\"https:\/\/truusk.store\/sv\/produkt\/truusk-katt-hus-av-tra-tva-vaningar-vattentatt-tak-sidoplattform-gra-101x725x81cm\/\" \/>\n<meta property=\"og:site_name\" content=\"TRUUSK - Hem, Tr\u00e4dg\u00e5rd &amp; Fritid\" \/>\n<meta property=\"article:modified_time\" content=\"2026-03-12T07:48:52+00:00\" \/>\n<meta property=\"og:image\" content=\"https:\/\/i0.wp.com\/truusk.se\/wp-content\/uploads\/2026\/02\/katt-hus-av-tra-med-tva-vaningar-kattgrotta-med-vattentatt-oppningsbart-tak-sidoplattform-101x725x81cm-gra-1.webp?fit=2000%2C2000&ssl=1\" \/>\n\t<meta property=\"og:image:width\" content=\"2000\" \/>\n\t<meta property=\"og:image:height\" content=\"2000\" \/>\n\t<meta property=\"og:image:type\" content=\"image\/webp\" \/>\n<meta name=\"twitter:card\" content=\"summary_large_image\" \/>\n<meta name=\"twitter:label1\" content=\"Ber\u00e4knad l\u00e4stid\" \/>\n\t<meta name=\"twitter:data1\" content=\"1 minut\" \/>\n<!-- \/ Yoast SEO plugin. -->","yoast_head_json":{"title":"TRUUSK Katt Hus av Tr\u00e4 - Tv\u00e5 V\u00e5ningar - Vattent\u00e4tt Tak - Sidoplattform - Gr\u00e5 - 101x72,5x81cm - TRUUSK - Hem, Tr\u00e4dg\u00e5rd &amp; Fritid","robots":{"index":"index","follow":"follow","max-snippet":"max-snippet:-1","max-image-preview":"max-image-preview:large","max-video-preview":"max-video-preview:-1"},"canonical":"https:\/\/truusk.store\/sv\/produkt\/truusk-katt-hus-av-tra-tva-vaningar-vattentatt-tak-sidoplattform-gra-101x725x81cm\/","og_locale":"sv_SE","og_type":"article","og_title":"TRUUSK Katt Hus av Tr\u00e4 - Tv\u00e5 V\u00e5ningar - Vattent\u00e4tt Tak - Sidoplattform - Gr\u00e5 - 101x72,5x81cm - TRUUSK - Hem, Tr\u00e4dg\u00e5rd &amp; Fritid","og_description":"\u00c4r du orolig f\u00f6r att din \u00e4lskade innekatt ska uts\u00e4ttas f\u00f6r elementen? Det \u00e4r hj\u00e4rtsk\u00e4rande att f\u00f6rest\u00e4lla sig hur den...","og_url":"https:\/\/truusk.store\/sv\/produkt\/truusk-katt-hus-av-tra-tva-vaningar-vattentatt-tak-sidoplattform-gra-101x725x81cm\/","og_site_name":"TRUUSK - Hem, Tr\u00e4dg\u00e5rd &amp; Fritid","article_modified_time":"2026-03-12T07:48:52+00:00","og_image":[{"width":2000,"height":2000,"url":"https:\/\/i0.wp.com\/truusk.se\/wp-content\/uploads\/2026\/02\/katt-hus-av-tra-med-tva-vaningar-kattgrotta-med-vattentatt-oppningsbart-tak-sidoplattform-101x725x81cm-gra-1.webp?fit=2000%2C2000&ssl=1","type":"image\/webp"}],"twitter_card":"summary_large_image","twitter_misc":{"Ber\u00e4knad l\u00e4stid":"1 minut"},"schema":{"@context":"https:\/\/schema.org","@graph":[{"@type":"WebPage","@id":"https:\/\/truusk.store\/sv\/produkt\/truusk-katt-hus-av-tra-tva-vaningar-vattentatt-tak-sidoplattform-gra-101x725x81cm\/","url":"https:\/\/truusk.store\/sv\/produkt\/truusk-katt-hus-av-tra-tva-vaningar-vattentatt-tak-sidoplattform-gra-101x725x81cm\/","name":"TRUUSK Katt Hus av Tr\u00e4 - Tv\u00e5 V\u00e5ningar - Vattent\u00e4tt Tak - Sidoplattform - Gr\u00e5 - 101x72,5x81cm - TRUUSK - Hem, Tr\u00e4dg\u00e5rd &amp; Fritid","isPartOf":{"@id":"https:\/\/truusk.store\/sv\/#website"},"primaryImageOfPage":{"@id":"https:\/\/truusk.store\/sv\/produkt\/truusk-katt-hus-av-tra-tva-vaningar-vattentatt-tak-sidoplattform-gra-101x725x81cm\/#primaryimage"},"image":{"@id":"https:\/\/truusk.store\/sv\/produkt\/truusk-katt-hus-av-tra-tva-vaningar-vattentatt-tak-sidoplattform-gra-101x725x81cm\/#primaryimage"},"thumbnailUrl":"https:\/\/i0.wp.com\/truusk.store\/wp-content\/uploads\/2026\/02\/katt-hus-av-tra-med-tva-vaningar-kattgrotta-med-vattentatt-oppningsbart-tak-sidoplattform-101x725x81cm-gra-1.webp?fit=2000%2C2000&ssl=1","datePublished":"2026-02-24T04:58:48+00:00","dateModified":"2026-03-12T07:48:52+00:00","breadcrumb":{"@id":"https:\/\/truusk.store\/sv\/produkt\/truusk-katt-hus-av-tra-tva-vaningar-vattentatt-tak-sidoplattform-gra-101x725x81cm\/#breadcrumb"},"inLanguage":"sv-SE","potentialAction":[{"@type":"ReadAction","target":["https:\/\/truusk.store\/sv\/produkt\/truusk-katt-hus-av-tra-tva-vaningar-vattentatt-tak-sidoplattform-gra-101x725x81cm\/"]}]},{"@type":"ImageObject","inLanguage":"sv-SE","@id":"https:\/\/truusk.store\/sv\/produkt\/truusk-katt-hus-av-tra-tva-vaningar-vattentatt-tak-sidoplattform-gra-101x725x81cm\/#primaryimage","url":"https:\/\/i0.wp.com\/truusk.store\/wp-content\/uploads\/2026\/02\/katt-hus-av-tra-med-tva-vaningar-kattgrotta-med-vattentatt-oppningsbart-tak-sidoplattform-101x725x81cm-gra-1.webp?fit=2000%2C2000&ssl=1","contentUrl":"https:\/\/i0.wp.com\/truusk.store\/wp-content\/uploads\/2026\/02\/katt-hus-av-tra-med-tva-vaningar-kattgrotta-med-vattentatt-oppningsbart-tak-sidoplattform-101x725x81cm-gra-1.webp?fit=2000%2C2000&ssl=1","width":2000,"height":2000},{"@type":"BreadcrumbList","@id":"https:\/\/truusk.store\/sv\/produkt\/truusk-katt-hus-av-tra-tva-vaningar-vattentatt-tak-sidoplattform-gra-101x725x81cm\/#breadcrumb","itemListElement":[{"@type":"ListItem","position":1,"name":"Home","item":"https:\/\/truusk.store\/sv\/"},{"@type":"ListItem","position":2,"name":"Shop","item":"https:\/\/truusk.store\/shop\/"},{"@type":"ListItem","position":3,"name":"TRUUSK Katt Hus av Tr\u00e4 &#8211; Tv\u00e5 V\u00e5ningar &#8211; Vattent\u00e4tt Tak &#8211; Sidoplattform &#8211; Gr\u00e5 &#8211; 101&#215;72,5x81cm"}]},{"@type":"WebSite","@id":"https:\/\/truusk.store\/sv\/#website","url":"https:\/\/truusk.store\/sv\/","name":"TRUUSK - Hem, Tr\u00e4dg\u00e5rd & Fritid","description":"","publisher":{"@id":"https:\/\/truusk.store\/sv\/#organization"},"potentialAction":[{"@type":"SearchAction","target":{"@type":"EntryPoint","urlTemplate":"https:\/\/truusk.store\/sv\/?s={search_term_string}"},"query-input":{"@type":"PropertyValueSpecification","valueRequired":true,"valueName":"search_term_string"}}],"inLanguage":"sv-SE"},{"@type":"Organization","@id":"https:\/\/truusk.store\/sv\/#organization","name":"TRUUSK - Hem, Tr\u00e4dg\u00e5rd & Fritid","url":"https:\/\/truusk.store\/sv\/","logo":{"@type":"ImageObject","inLanguage":"sv-SE","@id":"https:\/\/truusk.store\/sv\/#\/schema\/logo\/image\/","url":"https:\/\/i0.wp.com\/truusk.store\/wp-content\/uploads\/2026\/03\/cropped-TRUUSK.png?fit=2032%2C917&ssl=1","contentUrl":"https:\/\/i0.wp.com\/truusk.store\/wp-content\/uploads\/2026\/03\/cropped-TRUUSK.png?fit=2032%2C917&ssl=1","width":2032,"height":917,"caption":"TRUUSK - Hem, Tr\u00e4dg\u00e5rd & Fritid"},"image":{"@id":"https:\/\/truusk.store\/sv\/#\/schema\/logo\/image\/"}}]}},"jetpack_sharing_enabled":true,"_links":{"self":[{"href":"https:\/\/truusk.store\/sv\/wp-json\/wp\/v2\/product\/105442","targetHints":{"allow":["GET"]}}],"collection":[{"href":"https:\/\/truusk.store\/sv\/wp-json\/wp\/v2\/product"}],"about":[{"href":"https:\/\/truusk.store\/sv\/wp-json\/wp\/v2\/types\/product"}],"wp:featuredmedia":[{"embeddable":true,"href":"https:\/\/truusk.store\/sv\/wp-json\/wp\/v2\/media\/105433"}],"wp:attachment":[{"href":"https:\/\/truusk.store\/sv\/wp-json\/wp\/v2\/media?parent=105442"}],"wp:term":[{"taxonomy":"product_brand","embeddable":true,"href":"https:\/\/truusk.store\/sv\/wp-json\/wp\/v2\/product_brand?post=105442"},{"taxonomy":"product_cat","embeddable":true,"href":"https:\/\/truusk.store\/sv\/wp-json\/wp\/v2\/product_cat?post=105442"},{"taxonomy":"product_tag","embeddable":true,"href":"https:\/\/truusk.store\/sv\/wp-json\/wp\/v2\/product_tag?post=105442"}],"curies":[{"name":"wp","href":"https:\/\/api.w.org\/{rel}","templated":true}]}}