{"id":105454,"date":"2026-02-24T05:59:59","date_gmt":"2026-02-24T04:59:59","guid":{"rendered":"https:\/\/truusk.store\/product\/3-vanings-vaxtstall-72-cm-hogt-blomstall-for-inomhus-och-utomhus-vaxthylla-i-morkgront-stal\/"},"modified":"2026-03-12T08:48:55","modified_gmt":"2026-03-12T07:48:55","slug":"truusk-3-vanings-vaxtstall-72-cm-hogt-for-inomhus-och-utomhus-morkgront-stal","status":"publish","type":"product","link":"https:\/\/truusk.store\/sv\/produkt\/truusk-3-vanings-vaxtstall-72-cm-hogt-for-inomhus-och-utomhus-morkgront-stal\/","title":{"rendered":"TRUUSK 3-v\u00e5nings V\u00e4xtst\u00e4ll &#8211; 72 Cm H\u00f6gt &#8211; F\u00f6r Inomhus Och Utomhus &#8211; M\u00f6rkgr\u00f6nt St\u00e5l"},"content":{"rendered":"<p>Organisera dina v\u00e4xter med [BRAND NAME] 3-stegs v\u00e4xtst\u00e4llning. Robusta st\u00e5lr\u00f6r, tr\u00e5dhyllor och stabila plastkopplingar ger s\u00e4ker h\u00e5llning och optimalt utnyttjat utrymme. Varje niv\u00e5 till\u00e5ter mycket solljus och luftcirkulation f\u00f6r ett h\u00e4lsosammare tillv\u00e4xt. Den fuktresistenta, l\u00e4ttsk\u00f6tta ramen f\u00f6r blomhyllan garanterar l\u00e5ng livsl\u00e4ngd, medan den verktygsl\u00f6sa monteringen underl\u00e4ttar installationen. Perfekt f\u00f6r balkong, terrass eller inomhus.<\/p>\n<p>Beskrivning:<\/p>\n<ul>\n<li> Den 3-stegs designen m\u00f6jligg\u00f6r effektiv inkvartering av flera v\u00e4xter<\/li>\n<li> Robusta st\u00e5lr\u00f6r och tr\u00e5dhyllor p\u00e5 blomhyllan ger stabil st\u00f6d<\/li>\n<li> Varje niv\u00e5 till\u00e5ter tillr\u00e4ckligt med solljus och luftcirkulation f\u00f6r en h\u00e4lsosammare v\u00e4xttillv\u00e4xt<\/li>\n<li> Fuktresistenta och l\u00e4tta att reng\u00f6ra material garanterar l\u00e5ngvarig anv\u00e4ndning<\/li>\n<li> Snabb och enkel montering m\u00f6jlig<\/li>\n<li> Idealisk f\u00f6r balkonger, terrasser och inomhus v\u00e4xtlighet<\/li>\n<\/ul>\n<p> Tekniska data:<\/p>\n<ul>\n<li> F\u00e4rg: M\u00f6rkgr\u00f6n<\/li>\n<li> Material: St\u00e5l, plast<\/li>\n<li> Totala dimensioner: 68L x 49B x 72H cm<\/li>\n<li> Hyllans dimensioner: 65L x 45B x 33H cm<\/li>\n<li> B\u00e4rkapacitet: 10 kg<\/li>\n<\/ul>\n<p>Leveransinneh\u00e5ll:<\/p>\n<ul>\n<li> 1 x V\u00e4xtst\u00e4llning<\/li>\n<li> 1 x Instruktioner<\/li>\n<\/ul>\n","protected":false},"excerpt":{"rendered":"<p>Organisera dina v\u00e4xter med [BRAND NAME] 3-stegs v\u00e4xtst\u00e4llning. Robusta st\u00e5lr\u00f6r, tr\u00e5dhyllor och stabila plastkopplingar ger s\u00e4ker h\u00e5llning och optimalt utnyttjat&#8230;<\/p>\n","protected":false},"featured_media":105443,"template":"","meta":[],"product_brand":[],"product_cat":[1022,858,443,883],"product_tag":[],"class_list":{"0":"post-105454","1":"product","2":"type-product","3":"status-publish","4":"has-post-thumbnail","6":"product_cat-pflanzenregale","7":"product_cat-tradgard-terrass","8":"product_cat-vaxthus-tradgardsskotsel","9":"product_cat-vaxttrappor-hyllor","11":"first","12":"instock","13":"sale","14":"taxable","15":"shipping-taxable","16":"purchasable","17":"product-type-simple"},"yoast_head":"<!-- This site is optimized with the Yoast SEO plugin v25.4 - https:\/\/yoast.com\/wordpress\/plugins\/seo\/ -->\n<title>TRUUSK 3-v\u00e5nings V\u00e4xtst\u00e4ll - 72 Cm H\u00f6gt - F\u00f6r Inomhus Och Utomhus - M\u00f6rkgr\u00f6nt St\u00e5l - TRUUSK - Hem, Tr\u00e4dg\u00e5rd &amp; Fritid<\/title>\n<meta name=\"robots\" content=\"index, follow, max-snippet:-1, max-image-preview:large, max-video-preview:-1\" \/>\n<link rel=\"canonical\" href=\"https:\/\/truusk.store\/sv\/produkt\/truusk-3-vanings-vaxtstall-72-cm-hogt-for-inomhus-och-utomhus-morkgront-stal\/\" \/>\n<meta property=\"og:locale\" content=\"sv_SE\" \/>\n<meta property=\"og:type\" content=\"article\" \/>\n<meta property=\"og:title\" content=\"TRUUSK 3-v\u00e5nings V\u00e4xtst\u00e4ll - 72 Cm H\u00f6gt - F\u00f6r Inomhus Och Utomhus - M\u00f6rkgr\u00f6nt St\u00e5l - TRUUSK - Hem, Tr\u00e4dg\u00e5rd &amp; Fritid\" \/>\n<meta property=\"og:description\" content=\"Organisera dina v\u00e4xter med [BRAND NAME] 3-stegs v\u00e4xtst\u00e4llning. Robusta st\u00e5lr\u00f6r, tr\u00e5dhyllor och stabila plastkopplingar ger s\u00e4ker h\u00e5llning och optimalt utnyttjat...\" \/>\n<meta property=\"og:url\" content=\"https:\/\/truusk.store\/sv\/produkt\/truusk-3-vanings-vaxtstall-72-cm-hogt-for-inomhus-och-utomhus-morkgront-stal\/\" \/>\n<meta property=\"og:site_name\" content=\"TRUUSK - Hem, Tr\u00e4dg\u00e5rd &amp; Fritid\" \/>\n<meta property=\"article:modified_time\" content=\"2026-03-12T07:48:55+00:00\" \/>\n<meta property=\"og:image\" content=\"https:\/\/i0.wp.com\/truusk.se\/wp-content\/uploads\/2026\/02\/3-vanings-vaxtstall-72-cm-hogt-blomstall-for-inomhus-och-utomhus-vaxthylla-i-morkgront-stal-1.webp?fit=2000%2C2000&ssl=1\" \/>\n\t<meta property=\"og:image:width\" content=\"2000\" \/>\n\t<meta property=\"og:image:height\" content=\"2000\" \/>\n\t<meta property=\"og:image:type\" content=\"image\/webp\" \/>\n<meta name=\"twitter:card\" content=\"summary_large_image\" \/>\n<meta name=\"twitter:label1\" content=\"Ber\u00e4knad l\u00e4stid\" \/>\n\t<meta name=\"twitter:data1\" content=\"1 minut\" \/>\n<!-- \/ Yoast SEO plugin. -->","yoast_head_json":{"title":"TRUUSK 3-v\u00e5nings V\u00e4xtst\u00e4ll - 72 Cm H\u00f6gt - F\u00f6r Inomhus Och Utomhus - M\u00f6rkgr\u00f6nt St\u00e5l - TRUUSK - Hem, Tr\u00e4dg\u00e5rd &amp; Fritid","robots":{"index":"index","follow":"follow","max-snippet":"max-snippet:-1","max-image-preview":"max-image-preview:large","max-video-preview":"max-video-preview:-1"},"canonical":"https:\/\/truusk.store\/sv\/produkt\/truusk-3-vanings-vaxtstall-72-cm-hogt-for-inomhus-och-utomhus-morkgront-stal\/","og_locale":"sv_SE","og_type":"article","og_title":"TRUUSK 3-v\u00e5nings V\u00e4xtst\u00e4ll - 72 Cm H\u00f6gt - F\u00f6r Inomhus Och Utomhus - M\u00f6rkgr\u00f6nt St\u00e5l - TRUUSK - Hem, Tr\u00e4dg\u00e5rd &amp; Fritid","og_description":"Organisera dina v\u00e4xter med [BRAND NAME] 3-stegs v\u00e4xtst\u00e4llning. Robusta st\u00e5lr\u00f6r, tr\u00e5dhyllor och stabila plastkopplingar ger s\u00e4ker h\u00e5llning och optimalt utnyttjat...","og_url":"https:\/\/truusk.store\/sv\/produkt\/truusk-3-vanings-vaxtstall-72-cm-hogt-for-inomhus-och-utomhus-morkgront-stal\/","og_site_name":"TRUUSK - Hem, Tr\u00e4dg\u00e5rd &amp; Fritid","article_modified_time":"2026-03-12T07:48:55+00:00","og_image":[{"width":2000,"height":2000,"url":"https:\/\/i0.wp.com\/truusk.se\/wp-content\/uploads\/2026\/02\/3-vanings-vaxtstall-72-cm-hogt-blomstall-for-inomhus-och-utomhus-vaxthylla-i-morkgront-stal-1.webp?fit=2000%2C2000&ssl=1","type":"image\/webp"}],"twitter_card":"summary_large_image","twitter_misc":{"Ber\u00e4knad l\u00e4stid":"1 minut"},"schema":{"@context":"https:\/\/schema.org","@graph":[{"@type":"WebPage","@id":"https:\/\/truusk.store\/sv\/produkt\/truusk-3-vanings-vaxtstall-72-cm-hogt-for-inomhus-och-utomhus-morkgront-stal\/","url":"https:\/\/truusk.store\/sv\/produkt\/truusk-3-vanings-vaxtstall-72-cm-hogt-for-inomhus-och-utomhus-morkgront-stal\/","name":"TRUUSK 3-v\u00e5nings V\u00e4xtst\u00e4ll - 72 Cm H\u00f6gt - F\u00f6r Inomhus Och Utomhus - M\u00f6rkgr\u00f6nt St\u00e5l - TRUUSK - Hem, Tr\u00e4dg\u00e5rd &amp; Fritid","isPartOf":{"@id":"https:\/\/truusk.store\/sv\/#website"},"primaryImageOfPage":{"@id":"https:\/\/truusk.store\/sv\/produkt\/truusk-3-vanings-vaxtstall-72-cm-hogt-for-inomhus-och-utomhus-morkgront-stal\/#primaryimage"},"image":{"@id":"https:\/\/truusk.store\/sv\/produkt\/truusk-3-vanings-vaxtstall-72-cm-hogt-for-inomhus-och-utomhus-morkgront-stal\/#primaryimage"},"thumbnailUrl":"https:\/\/i0.wp.com\/truusk.store\/wp-content\/uploads\/2026\/02\/3-vanings-vaxtstall-72-cm-hogt-blomstall-for-inomhus-och-utomhus-vaxthylla-i-morkgront-stal-1.webp?fit=2000%2C2000&ssl=1","datePublished":"2026-02-24T04:59:59+00:00","dateModified":"2026-03-12T07:48:55+00:00","breadcrumb":{"@id":"https:\/\/truusk.store\/sv\/produkt\/truusk-3-vanings-vaxtstall-72-cm-hogt-for-inomhus-och-utomhus-morkgront-stal\/#breadcrumb"},"inLanguage":"sv-SE","potentialAction":[{"@type":"ReadAction","target":["https:\/\/truusk.store\/sv\/produkt\/truusk-3-vanings-vaxtstall-72-cm-hogt-for-inomhus-och-utomhus-morkgront-stal\/"]}]},{"@type":"ImageObject","inLanguage":"sv-SE","@id":"https:\/\/truusk.store\/sv\/produkt\/truusk-3-vanings-vaxtstall-72-cm-hogt-for-inomhus-och-utomhus-morkgront-stal\/#primaryimage","url":"https:\/\/i0.wp.com\/truusk.store\/wp-content\/uploads\/2026\/02\/3-vanings-vaxtstall-72-cm-hogt-blomstall-for-inomhus-och-utomhus-vaxthylla-i-morkgront-stal-1.webp?fit=2000%2C2000&ssl=1","contentUrl":"https:\/\/i0.wp.com\/truusk.store\/wp-content\/uploads\/2026\/02\/3-vanings-vaxtstall-72-cm-hogt-blomstall-for-inomhus-och-utomhus-vaxthylla-i-morkgront-stal-1.webp?fit=2000%2C2000&ssl=1","width":2000,"height":2000},{"@type":"BreadcrumbList","@id":"https:\/\/truusk.store\/sv\/produkt\/truusk-3-vanings-vaxtstall-72-cm-hogt-for-inomhus-och-utomhus-morkgront-stal\/#breadcrumb","itemListElement":[{"@type":"ListItem","position":1,"name":"Home","item":"https:\/\/truusk.store\/sv\/"},{"@type":"ListItem","position":2,"name":"Shop","item":"https:\/\/truusk.store\/shop\/"},{"@type":"ListItem","position":3,"name":"TRUUSK 3-v\u00e5nings V\u00e4xtst\u00e4ll &#8211; 72 Cm H\u00f6gt &#8211; F\u00f6r Inomhus Och Utomhus &#8211; M\u00f6rkgr\u00f6nt St\u00e5l"}]},{"@type":"WebSite","@id":"https:\/\/truusk.store\/sv\/#website","url":"https:\/\/truusk.store\/sv\/","name":"TRUUSK - Hem, Tr\u00e4dg\u00e5rd & Fritid","description":"","publisher":{"@id":"https:\/\/truusk.store\/sv\/#organization"},"potentialAction":[{"@type":"SearchAction","target":{"@type":"EntryPoint","urlTemplate":"https:\/\/truusk.store\/sv\/?s={search_term_string}"},"query-input":{"@type":"PropertyValueSpecification","valueRequired":true,"valueName":"search_term_string"}}],"inLanguage":"sv-SE"},{"@type":"Organization","@id":"https:\/\/truusk.store\/sv\/#organization","name":"TRUUSK - Hem, Tr\u00e4dg\u00e5rd & Fritid","url":"https:\/\/truusk.store\/sv\/","logo":{"@type":"ImageObject","inLanguage":"sv-SE","@id":"https:\/\/truusk.store\/sv\/#\/schema\/logo\/image\/","url":"https:\/\/i0.wp.com\/truusk.store\/wp-content\/uploads\/2026\/03\/cropped-TRUUSK.png?fit=2032%2C917&ssl=1","contentUrl":"https:\/\/i0.wp.com\/truusk.store\/wp-content\/uploads\/2026\/03\/cropped-TRUUSK.png?fit=2032%2C917&ssl=1","width":2032,"height":917,"caption":"TRUUSK - Hem, Tr\u00e4dg\u00e5rd & Fritid"},"image":{"@id":"https:\/\/truusk.store\/sv\/#\/schema\/logo\/image\/"}}]}},"jetpack_sharing_enabled":true,"_links":{"self":[{"href":"https:\/\/truusk.store\/sv\/wp-json\/wp\/v2\/product\/105454","targetHints":{"allow":["GET"]}}],"collection":[{"href":"https:\/\/truusk.store\/sv\/wp-json\/wp\/v2\/product"}],"about":[{"href":"https:\/\/truusk.store\/sv\/wp-json\/wp\/v2\/types\/product"}],"wp:featuredmedia":[{"embeddable":true,"href":"https:\/\/truusk.store\/sv\/wp-json\/wp\/v2\/media\/105443"}],"wp:attachment":[{"href":"https:\/\/truusk.store\/sv\/wp-json\/wp\/v2\/media?parent=105454"}],"wp:term":[{"taxonomy":"product_brand","embeddable":true,"href":"https:\/\/truusk.store\/sv\/wp-json\/wp\/v2\/product_brand?post=105454"},{"taxonomy":"product_cat","embeddable":true,"href":"https:\/\/truusk.store\/sv\/wp-json\/wp\/v2\/product_cat?post=105454"},{"taxonomy":"product_tag","embeddable":true,"href":"https:\/\/truusk.store\/sv\/wp-json\/wp\/v2\/product_tag?post=105454"}],"curies":[{"name":"wp","href":"https:\/\/api.w.org\/{rel}","templated":true}]}}