{"id":105475,"date":"2026-02-24T06:02:26","date_gmt":"2026-02-24T05:02:26","guid":{"rendered":"https:\/\/truusk.store\/product\/solpanel-100w-18v-barbar-utomhus-solcellsladdare-med-2-usb-lcd-display-ip67-vattentat\/"},"modified":"2026-03-12T08:48:59","modified_gmt":"2026-03-12T07:48:59","slug":"truusk-solpanel-100w-18v-barbar-utomhus-laddare-2-usb-lcd-display-ip67-vattentat-for-utomhusbruk","status":"publish","type":"product","link":"https:\/\/truusk.store\/sv\/produkt\/truusk-solpanel-100w-18v-barbar-utomhus-laddare-2-usb-lcd-display-ip67-vattentat-for-utomhusbruk\/","title":{"rendered":"TRUUSK Solpanel 100W 18V B\u00e4rbar Utomhus Laddare &#8211; 2 USB &#8211; LCD-display &#8211; IP67 Vattent\u00e4t &#8211; F\u00f6r Utomhusbruk"},"content":{"rendered":"<p>Anv\u00e4nd solens kraft med [BRAND NAME] solpanel! Med en imponerande omvandlingshastighet p\u00e5 24,6 % laddar den snabbare under samma solf\u00f6rh\u00e5llanden &#8211; perfekt f\u00f6r husbilsresor, camping eller som backup f\u00f6r hemmet. Den intelligenta LCD-kontrollen k\u00e4nner automatiskt igen 12V\/24V-batterier och har tv\u00e5 USB-portar f\u00f6r resor. Slimmad, flexibel och enkel att installera &#8211; en p\u00e5litlig f\u00f6ljeslagare f\u00f6r n\u00e4tverksoberoende energi, oavsett vart livet tar dig.<\/p>\n<p>Beskrivning:<\/p>\n<ul>\n<li> Marknadsledande effektivitet ger snabbare laddning under samma solf\u00f6rh\u00e5llanden<\/li>\n<li> Intelligent LCD-kontroll k\u00e4nner automatiskt igen batterisystem f\u00f6r s\u00f6ml\u00f6s drift<\/li>\n<li> Dubbla USB-portar m\u00f6jligg\u00f6r bekv\u00e4m laddning av sm\u00e5 elektroniska enheter<\/li>\n<li> Slimmad och flexibel design m\u00f6jligg\u00f6r installation \u00e4ven p\u00e5 kr\u00f6kta ytor<\/li>\n<li> F\u00f6rst\u00e4rkta f\u00e4sth\u00e5l ger s\u00e4kert grepp p\u00e5 olika strukturer<\/li>\n<li> Robust konstruktion med IP67-skydd erbjuder motst\u00e5nd mot damm, vatten och v\u00e4der<\/li>\n<li> P\u00e5litlig drift vid extrema temperaturer fr\u00e5n -20\u00b0C till +65\u00b0C<\/li>\n<li> Solmodulens f\u00e4rdiga utomhuskit ger en okomplicerad installation med de medf\u00f6ljande kablarna.<\/li>\n<\/ul>\n<p> Tekniska data:<\/p>\n<ul>\n<li> F\u00e4rg: Svart<\/li>\n<li> Material: ETFE, EVA<\/li>\n<li> Totala dimensioner: 98,5L x 58B x 2,2H cm<\/li>\n<li> Maximal effekt: 100 W<\/li>\n<li> Driftsp\u00e4nning: 18 V<\/li>\n<li> Omvandlingseffektivitet: 24,6 %<\/li>\n<li> Kontrollutg\u00e5ng: USB<\/li>\n<li> Utg\u00e5ngskabell\u00e4ngd: 1 m<\/li>\n<li> Skyddsklass: IP67<\/li>\n<li> Driftstemperatur: -20 \u2103 till +65 \u2103<\/li>\n<li> Rekommenderad lagringstemperatur: 10 \u2103 till 35 \u2103<\/li>\n<li> Rekommenderad lagringsfuktighet: \u2264 60 %<\/li>\n<\/ul>\n<p>Leveransinneh\u00e5ll:<\/p>\n<ul>\n<li> 1 x B\u00e4rbar solpanel<\/li>\n<li> 1 x Utg\u00e5ngskabel<\/li>\n<li> 1 x Manual<\/li>\n<\/ul>\n","protected":false},"excerpt":{"rendered":"<p>Anv\u00e4nd solens kraft med [BRAND NAME] solpanel! Med en imponerande omvandlingshastighet p\u00e5 24,6 % laddar den snabbare under samma solf\u00f6rh\u00e5llanden&#8230;<\/p>\n","protected":false},"featured_media":105463,"template":"","meta":[],"product_brand":[],"product_cat":[648,647],"product_tag":[],"class_list":{"0":"post-105475","1":"product","2":"type-product","3":"status-publish","4":"has-post-thumbnail","6":"product_cat-camping-tillbehor","7":"product_cat-sport-fritid","9":"first","10":"instock","11":"sale","12":"taxable","13":"shipping-taxable","14":"purchasable","15":"product-type-simple"},"yoast_head":"<!-- This site is optimized with the Yoast SEO plugin v25.4 - https:\/\/yoast.com\/wordpress\/plugins\/seo\/ -->\n<title>TRUUSK Solpanel 100W 18V B\u00e4rbar Utomhus Laddare - 2 USB - LCD-display - IP67 Vattent\u00e4t - F\u00f6r Utomhusbruk - TRUUSK - Hem, Tr\u00e4dg\u00e5rd &amp; Fritid<\/title>\n<meta name=\"robots\" content=\"index, follow, max-snippet:-1, max-image-preview:large, max-video-preview:-1\" \/>\n<link rel=\"canonical\" href=\"https:\/\/truusk.store\/sv\/produkt\/truusk-solpanel-100w-18v-barbar-utomhus-laddare-2-usb-lcd-display-ip67-vattentat-for-utomhusbruk\/\" \/>\n<meta property=\"og:locale\" content=\"sv_SE\" \/>\n<meta property=\"og:type\" content=\"article\" \/>\n<meta property=\"og:title\" content=\"TRUUSK Solpanel 100W 18V B\u00e4rbar Utomhus Laddare - 2 USB - LCD-display - IP67 Vattent\u00e4t - F\u00f6r Utomhusbruk - TRUUSK - Hem, Tr\u00e4dg\u00e5rd &amp; Fritid\" \/>\n<meta property=\"og:description\" content=\"Anv\u00e4nd solens kraft med [BRAND NAME] solpanel! Med en imponerande omvandlingshastighet p\u00e5 24,6 % laddar den snabbare under samma solf\u00f6rh\u00e5llanden...\" \/>\n<meta property=\"og:url\" content=\"https:\/\/truusk.store\/sv\/produkt\/truusk-solpanel-100w-18v-barbar-utomhus-laddare-2-usb-lcd-display-ip67-vattentat-for-utomhusbruk\/\" \/>\n<meta property=\"og:site_name\" content=\"TRUUSK - Hem, Tr\u00e4dg\u00e5rd &amp; Fritid\" \/>\n<meta property=\"article:modified_time\" content=\"2026-03-12T07:48:59+00:00\" \/>\n<meta property=\"og:image\" content=\"https:\/\/i0.wp.com\/truusk.se\/wp-content\/uploads\/2026\/02\/solpanel-100w-18v-barbar-utomhus-solcellsladdare-med-2-usb-lcd-display-ip67-vattentat-1.webp?fit=2000%2C2000&ssl=1\" \/>\n\t<meta property=\"og:image:width\" content=\"2000\" \/>\n\t<meta property=\"og:image:height\" content=\"2000\" \/>\n\t<meta property=\"og:image:type\" content=\"image\/webp\" \/>\n<meta name=\"twitter:card\" content=\"summary_large_image\" \/>\n<meta name=\"twitter:label1\" content=\"Ber\u00e4knad l\u00e4stid\" \/>\n\t<meta name=\"twitter:data1\" content=\"1 minut\" \/>\n<!-- \/ Yoast SEO plugin. -->","yoast_head_json":{"title":"TRUUSK Solpanel 100W 18V B\u00e4rbar Utomhus Laddare - 2 USB - LCD-display - IP67 Vattent\u00e4t - F\u00f6r Utomhusbruk - TRUUSK - Hem, Tr\u00e4dg\u00e5rd &amp; Fritid","robots":{"index":"index","follow":"follow","max-snippet":"max-snippet:-1","max-image-preview":"max-image-preview:large","max-video-preview":"max-video-preview:-1"},"canonical":"https:\/\/truusk.store\/sv\/produkt\/truusk-solpanel-100w-18v-barbar-utomhus-laddare-2-usb-lcd-display-ip67-vattentat-for-utomhusbruk\/","og_locale":"sv_SE","og_type":"article","og_title":"TRUUSK Solpanel 100W 18V B\u00e4rbar Utomhus Laddare - 2 USB - LCD-display - IP67 Vattent\u00e4t - F\u00f6r Utomhusbruk - TRUUSK - Hem, Tr\u00e4dg\u00e5rd &amp; Fritid","og_description":"Anv\u00e4nd solens kraft med [BRAND NAME] solpanel! Med en imponerande omvandlingshastighet p\u00e5 24,6 % laddar den snabbare under samma solf\u00f6rh\u00e5llanden...","og_url":"https:\/\/truusk.store\/sv\/produkt\/truusk-solpanel-100w-18v-barbar-utomhus-laddare-2-usb-lcd-display-ip67-vattentat-for-utomhusbruk\/","og_site_name":"TRUUSK - Hem, Tr\u00e4dg\u00e5rd &amp; Fritid","article_modified_time":"2026-03-12T07:48:59+00:00","og_image":[{"width":2000,"height":2000,"url":"https:\/\/i0.wp.com\/truusk.se\/wp-content\/uploads\/2026\/02\/solpanel-100w-18v-barbar-utomhus-solcellsladdare-med-2-usb-lcd-display-ip67-vattentat-1.webp?fit=2000%2C2000&ssl=1","type":"image\/webp"}],"twitter_card":"summary_large_image","twitter_misc":{"Ber\u00e4knad l\u00e4stid":"1 minut"},"schema":{"@context":"https:\/\/schema.org","@graph":[{"@type":"WebPage","@id":"https:\/\/truusk.store\/sv\/produkt\/truusk-solpanel-100w-18v-barbar-utomhus-laddare-2-usb-lcd-display-ip67-vattentat-for-utomhusbruk\/","url":"https:\/\/truusk.store\/sv\/produkt\/truusk-solpanel-100w-18v-barbar-utomhus-laddare-2-usb-lcd-display-ip67-vattentat-for-utomhusbruk\/","name":"TRUUSK Solpanel 100W 18V B\u00e4rbar Utomhus Laddare - 2 USB - LCD-display - IP67 Vattent\u00e4t - F\u00f6r Utomhusbruk - TRUUSK - Hem, Tr\u00e4dg\u00e5rd &amp; Fritid","isPartOf":{"@id":"https:\/\/truusk.store\/sv\/#website"},"primaryImageOfPage":{"@id":"https:\/\/truusk.store\/sv\/produkt\/truusk-solpanel-100w-18v-barbar-utomhus-laddare-2-usb-lcd-display-ip67-vattentat-for-utomhusbruk\/#primaryimage"},"image":{"@id":"https:\/\/truusk.store\/sv\/produkt\/truusk-solpanel-100w-18v-barbar-utomhus-laddare-2-usb-lcd-display-ip67-vattentat-for-utomhusbruk\/#primaryimage"},"thumbnailUrl":"https:\/\/i0.wp.com\/truusk.store\/wp-content\/uploads\/2026\/02\/solpanel-100w-18v-barbar-utomhus-solcellsladdare-med-2-usb-lcd-display-ip67-vattentat-1.webp?fit=2000%2C2000&ssl=1","datePublished":"2026-02-24T05:02:26+00:00","dateModified":"2026-03-12T07:48:59+00:00","breadcrumb":{"@id":"https:\/\/truusk.store\/sv\/produkt\/truusk-solpanel-100w-18v-barbar-utomhus-laddare-2-usb-lcd-display-ip67-vattentat-for-utomhusbruk\/#breadcrumb"},"inLanguage":"sv-SE","potentialAction":[{"@type":"ReadAction","target":["https:\/\/truusk.store\/sv\/produkt\/truusk-solpanel-100w-18v-barbar-utomhus-laddare-2-usb-lcd-display-ip67-vattentat-for-utomhusbruk\/"]}]},{"@type":"ImageObject","inLanguage":"sv-SE","@id":"https:\/\/truusk.store\/sv\/produkt\/truusk-solpanel-100w-18v-barbar-utomhus-laddare-2-usb-lcd-display-ip67-vattentat-for-utomhusbruk\/#primaryimage","url":"https:\/\/i0.wp.com\/truusk.store\/wp-content\/uploads\/2026\/02\/solpanel-100w-18v-barbar-utomhus-solcellsladdare-med-2-usb-lcd-display-ip67-vattentat-1.webp?fit=2000%2C2000&ssl=1","contentUrl":"https:\/\/i0.wp.com\/truusk.store\/wp-content\/uploads\/2026\/02\/solpanel-100w-18v-barbar-utomhus-solcellsladdare-med-2-usb-lcd-display-ip67-vattentat-1.webp?fit=2000%2C2000&ssl=1","width":2000,"height":2000},{"@type":"BreadcrumbList","@id":"https:\/\/truusk.store\/sv\/produkt\/truusk-solpanel-100w-18v-barbar-utomhus-laddare-2-usb-lcd-display-ip67-vattentat-for-utomhusbruk\/#breadcrumb","itemListElement":[{"@type":"ListItem","position":1,"name":"Home","item":"https:\/\/truusk.store\/sv\/"},{"@type":"ListItem","position":2,"name":"Shop","item":"https:\/\/truusk.store\/shop\/"},{"@type":"ListItem","position":3,"name":"TRUUSK Solpanel 100W 18V B\u00e4rbar Utomhus Laddare &#8211; 2 USB &#8211; LCD-display &#8211; IP67 Vattent\u00e4t &#8211; F\u00f6r Utomhusbruk"}]},{"@type":"WebSite","@id":"https:\/\/truusk.store\/sv\/#website","url":"https:\/\/truusk.store\/sv\/","name":"TRUUSK - Hem, Tr\u00e4dg\u00e5rd & Fritid","description":"","publisher":{"@id":"https:\/\/truusk.store\/sv\/#organization"},"potentialAction":[{"@type":"SearchAction","target":{"@type":"EntryPoint","urlTemplate":"https:\/\/truusk.store\/sv\/?s={search_term_string}"},"query-input":{"@type":"PropertyValueSpecification","valueRequired":true,"valueName":"search_term_string"}}],"inLanguage":"sv-SE"},{"@type":"Organization","@id":"https:\/\/truusk.store\/sv\/#organization","name":"TRUUSK - Hem, Tr\u00e4dg\u00e5rd & Fritid","url":"https:\/\/truusk.store\/sv\/","logo":{"@type":"ImageObject","inLanguage":"sv-SE","@id":"https:\/\/truusk.store\/sv\/#\/schema\/logo\/image\/","url":"https:\/\/i0.wp.com\/truusk.store\/wp-content\/uploads\/2026\/03\/cropped-TRUUSK.png?fit=2032%2C917&ssl=1","contentUrl":"https:\/\/i0.wp.com\/truusk.store\/wp-content\/uploads\/2026\/03\/cropped-TRUUSK.png?fit=2032%2C917&ssl=1","width":2032,"height":917,"caption":"TRUUSK - Hem, Tr\u00e4dg\u00e5rd & Fritid"},"image":{"@id":"https:\/\/truusk.store\/sv\/#\/schema\/logo\/image\/"}}]}},"jetpack_sharing_enabled":true,"_links":{"self":[{"href":"https:\/\/truusk.store\/sv\/wp-json\/wp\/v2\/product\/105475","targetHints":{"allow":["GET"]}}],"collection":[{"href":"https:\/\/truusk.store\/sv\/wp-json\/wp\/v2\/product"}],"about":[{"href":"https:\/\/truusk.store\/sv\/wp-json\/wp\/v2\/types\/product"}],"wp:featuredmedia":[{"embeddable":true,"href":"https:\/\/truusk.store\/sv\/wp-json\/wp\/v2\/media\/105463"}],"wp:attachment":[{"href":"https:\/\/truusk.store\/sv\/wp-json\/wp\/v2\/media?parent=105475"}],"wp:term":[{"taxonomy":"product_brand","embeddable":true,"href":"https:\/\/truusk.store\/sv\/wp-json\/wp\/v2\/product_brand?post=105475"},{"taxonomy":"product_cat","embeddable":true,"href":"https:\/\/truusk.store\/sv\/wp-json\/wp\/v2\/product_cat?post=105475"},{"taxonomy":"product_tag","embeddable":true,"href":"https:\/\/truusk.store\/sv\/wp-json\/wp\/v2\/product_tag?post=105475"}],"curies":[{"name":"wp","href":"https:\/\/api.w.org\/{rel}","templated":true}]}}