{"id":105506,"date":"2026-02-24T06:05:11","date_gmt":"2026-02-24T05:05:11","guid":{"rendered":"https:\/\/truusk.store\/product\/elektrisk-barnmotorcykel-vespa-6v-med-stodhjul-stralkastare-horn-for-2-6-ar-71-x-37-x-52-cm-rosa\/"},"modified":"2026-03-12T08:49:12","modified_gmt":"2026-03-12T07:49:12","slug":"truusk-elektrisk-barnmotorcykel-vespa-6v-med-stodhjul-och-stralkastare-for-2-6-ar-rosa-matt-71-x-37-x-52-cm","status":"publish","type":"product","link":"https:\/\/truusk.store\/sv\/produkt\/truusk-elektrisk-barnmotorcykel-vespa-6v-med-stodhjul-och-stralkastare-for-2-6-ar-rosa-matt-71-x-37-x-52-cm\/","title":{"rendered":"TRUUSK Elektrisk Barnmotorcykel Vespa 6V &#8211; Med St\u00f6dhjul och Str\u00e5lkastare &#8211; F\u00f6r 2-6 \u00e5r &#8211; Rosa &#8211; M\u00e5tt 71 x 37 x 52 cm"},"content":{"rendered":"<p>\u00c4lskar ditt barn \u00e4ventyr? Detta elektriska barnmotorcykel fr\u00e5n [BRAND NAME] ger realistisk k\u00f6rning med fungerande str\u00e5lkastare, horn och en s\u00e4ker hastighet p\u00e5 2,5 km\/h. St\u00f6dhjulen ger stabilitet s\u00e5 att ditt barn kan k\u00f6ra sj\u00e4lvf\u00f6rtroende, medan du \u00e4r lugn vid varje utflykt. Vad v\u00e4ntar du p\u00e5?<\/p>\n<p>Beskrivning:<\/p>\n<ul>\n<li> Officiell Vespa-licens f\u00f6r en realistisk och rolig design<\/li>\n<li> Elektrisk barnmotorcykel med st\u00f6dhjul och begr\u00e4nsad hastighet p\u00e5 2,5 km\/h f\u00f6r stabilitet och s\u00e4kerhet<\/li>\n<li> Fungerande str\u00e5lkastare och horn f\u00f6r en mer sp\u00e4nnande, realistisk k\u00f6rupplevelse<\/li>\n<li> Tillverkad av robust metall och plast, b\u00e4r upp till 25 kg f\u00f6r l\u00e5ngvarig anv\u00e4ndning<\/li>\n<li> Upp till 60 minuter oavbruten kul inomhus eller utomhus<\/li>\n<li> Ergonomiskt s\u00e4te f\u00f6r komfort, l\u00e4mplig f\u00f6r barn fr\u00e5n 2 till 6 \u00e5r<\/li>\n<li> Perfekt present f\u00f6r sm\u00e5 \u00e4ventyrare<\/li>\n<li> Enkel montering kr\u00e4vs f\u00f6r denna batteridrivna barnmotorcykel<\/li>\n<\/ul>\n<p> Tekniska data:<\/p>\n<ul>\n<li> F\u00e4rger: Rosa+Svart<\/li>\n<li> Material: Plast, Metall<\/li>\n<li> Totala m\u00e5tt: 71L x 37B x 52H cm<\/li>\n<li> Sitsstorlek: 29B x 18T cm, Sitth\u00f6jd: 33 cm<\/li>\n<li> Hjulstorlek: \u00d817,5 x 6,5B cm<\/li>\n<li> Hastighet: 2,5 km\/h<\/li>\n<li> Batteri: 6V 4,5AH<\/li>\n<li> Drifttid: ca. 60 minuter<\/li>\n<li> Rekommenderad \u00e5lder: 2-6 \u00e5r<\/li>\n<li> Maximal belastning: 25 kg<\/li>\n<\/ul>\n<p>Leveransinneh\u00e5ll:<\/p>\n<ul>\n<li> 1 x Elektrisk motorcykel<\/li>\n<li> 1 x Bruksanvisning<\/li>\n<\/ul>\n","protected":false},"excerpt":{"rendered":"<p>\u00c4lskar ditt barn \u00e4ventyr? Detta elektriska barnmotorcykel fr\u00e5n [BRAND NAME] ger realistisk k\u00f6rning med fungerande str\u00e5lkastare, horn och en s\u00e4ker&#8230;<\/p>\n","protected":false},"featured_media":105490,"template":"","meta":[],"product_brand":[],"product_cat":[880,610,1066],"product_tag":[],"class_list":{"0":"post-105506","1":"product","2":"type-product","3":"status-publish","4":"has-post-thumbnail","6":"product_cat-baby-barn-2","7":"product_cat-barnfordon","8":"product_cat-barns-elbilar","10":"first","11":"instock","12":"sale","13":"taxable","14":"shipping-taxable","15":"purchasable","16":"product-type-simple"},"yoast_head":"<!-- This site is optimized with the Yoast SEO plugin v25.4 - https:\/\/yoast.com\/wordpress\/plugins\/seo\/ -->\n<title>TRUUSK Elektrisk Barnmotorcykel Vespa 6V - Med St\u00f6dhjul och Str\u00e5lkastare - F\u00f6r 2-6 \u00e5r - Rosa - M\u00e5tt 71 x 37 x 52 cm - TRUUSK - Hem, Tr\u00e4dg\u00e5rd &amp; Fritid<\/title>\n<meta name=\"robots\" content=\"index, follow, max-snippet:-1, max-image-preview:large, max-video-preview:-1\" \/>\n<link rel=\"canonical\" href=\"https:\/\/truusk.store\/sv\/produkt\/truusk-elektrisk-barnmotorcykel-vespa-6v-med-stodhjul-och-stralkastare-for-2-6-ar-rosa-matt-71-x-37-x-52-cm\/\" \/>\n<meta property=\"og:locale\" content=\"sv_SE\" \/>\n<meta property=\"og:type\" content=\"article\" \/>\n<meta property=\"og:title\" content=\"TRUUSK Elektrisk Barnmotorcykel Vespa 6V - Med St\u00f6dhjul och Str\u00e5lkastare - F\u00f6r 2-6 \u00e5r - Rosa - M\u00e5tt 71 x 37 x 52 cm - TRUUSK - Hem, Tr\u00e4dg\u00e5rd &amp; Fritid\" \/>\n<meta property=\"og:description\" content=\"\u00c4lskar ditt barn \u00e4ventyr? Detta elektriska barnmotorcykel fr\u00e5n [BRAND NAME] ger realistisk k\u00f6rning med fungerande str\u00e5lkastare, horn och en s\u00e4ker...\" \/>\n<meta property=\"og:url\" content=\"https:\/\/truusk.store\/sv\/produkt\/truusk-elektrisk-barnmotorcykel-vespa-6v-med-stodhjul-och-stralkastare-for-2-6-ar-rosa-matt-71-x-37-x-52-cm\/\" \/>\n<meta property=\"og:site_name\" content=\"TRUUSK - Hem, Tr\u00e4dg\u00e5rd &amp; Fritid\" \/>\n<meta property=\"article:modified_time\" content=\"2026-03-12T07:49:12+00:00\" \/>\n<meta property=\"og:image\" content=\"https:\/\/i0.wp.com\/truusk.se\/wp-content\/uploads\/2026\/02\/elektrisk-barnmotorcykel-vespa-6v-med-stodhjul-stralkastare-horn-for-2-6-ar-71-x-37-x-52-cm-rosa-1.webp?fit=2000%2C2000&ssl=1\" \/>\n\t<meta property=\"og:image:width\" content=\"2000\" \/>\n\t<meta property=\"og:image:height\" content=\"2000\" \/>\n\t<meta property=\"og:image:type\" content=\"image\/webp\" \/>\n<meta name=\"twitter:card\" content=\"summary_large_image\" \/>\n<meta name=\"twitter:label1\" content=\"Ber\u00e4knad l\u00e4stid\" \/>\n\t<meta name=\"twitter:data1\" content=\"1 minut\" \/>\n<!-- \/ Yoast SEO plugin. -->","yoast_head_json":{"title":"TRUUSK Elektrisk Barnmotorcykel Vespa 6V - Med St\u00f6dhjul och Str\u00e5lkastare - F\u00f6r 2-6 \u00e5r - Rosa - M\u00e5tt 71 x 37 x 52 cm - TRUUSK - Hem, Tr\u00e4dg\u00e5rd &amp; Fritid","robots":{"index":"index","follow":"follow","max-snippet":"max-snippet:-1","max-image-preview":"max-image-preview:large","max-video-preview":"max-video-preview:-1"},"canonical":"https:\/\/truusk.store\/sv\/produkt\/truusk-elektrisk-barnmotorcykel-vespa-6v-med-stodhjul-och-stralkastare-for-2-6-ar-rosa-matt-71-x-37-x-52-cm\/","og_locale":"sv_SE","og_type":"article","og_title":"TRUUSK Elektrisk Barnmotorcykel Vespa 6V - Med St\u00f6dhjul och Str\u00e5lkastare - F\u00f6r 2-6 \u00e5r - Rosa - M\u00e5tt 71 x 37 x 52 cm - TRUUSK - Hem, Tr\u00e4dg\u00e5rd &amp; Fritid","og_description":"\u00c4lskar ditt barn \u00e4ventyr? Detta elektriska barnmotorcykel fr\u00e5n [BRAND NAME] ger realistisk k\u00f6rning med fungerande str\u00e5lkastare, horn och en s\u00e4ker...","og_url":"https:\/\/truusk.store\/sv\/produkt\/truusk-elektrisk-barnmotorcykel-vespa-6v-med-stodhjul-och-stralkastare-for-2-6-ar-rosa-matt-71-x-37-x-52-cm\/","og_site_name":"TRUUSK - Hem, Tr\u00e4dg\u00e5rd &amp; Fritid","article_modified_time":"2026-03-12T07:49:12+00:00","og_image":[{"width":2000,"height":2000,"url":"https:\/\/i0.wp.com\/truusk.se\/wp-content\/uploads\/2026\/02\/elektrisk-barnmotorcykel-vespa-6v-med-stodhjul-stralkastare-horn-for-2-6-ar-71-x-37-x-52-cm-rosa-1.webp?fit=2000%2C2000&ssl=1","type":"image\/webp"}],"twitter_card":"summary_large_image","twitter_misc":{"Ber\u00e4knad l\u00e4stid":"1 minut"},"schema":{"@context":"https:\/\/schema.org","@graph":[{"@type":"WebPage","@id":"https:\/\/truusk.store\/sv\/produkt\/truusk-elektrisk-barnmotorcykel-vespa-6v-med-stodhjul-och-stralkastare-for-2-6-ar-rosa-matt-71-x-37-x-52-cm\/","url":"https:\/\/truusk.store\/sv\/produkt\/truusk-elektrisk-barnmotorcykel-vespa-6v-med-stodhjul-och-stralkastare-for-2-6-ar-rosa-matt-71-x-37-x-52-cm\/","name":"TRUUSK Elektrisk Barnmotorcykel Vespa 6V - Med St\u00f6dhjul och Str\u00e5lkastare - F\u00f6r 2-6 \u00e5r - Rosa - M\u00e5tt 71 x 37 x 52 cm - TRUUSK - Hem, Tr\u00e4dg\u00e5rd &amp; Fritid","isPartOf":{"@id":"https:\/\/truusk.store\/sv\/#website"},"primaryImageOfPage":{"@id":"https:\/\/truusk.store\/sv\/produkt\/truusk-elektrisk-barnmotorcykel-vespa-6v-med-stodhjul-och-stralkastare-for-2-6-ar-rosa-matt-71-x-37-x-52-cm\/#primaryimage"},"image":{"@id":"https:\/\/truusk.store\/sv\/produkt\/truusk-elektrisk-barnmotorcykel-vespa-6v-med-stodhjul-och-stralkastare-for-2-6-ar-rosa-matt-71-x-37-x-52-cm\/#primaryimage"},"thumbnailUrl":"https:\/\/i0.wp.com\/truusk.store\/wp-content\/uploads\/2026\/02\/elektrisk-barnmotorcykel-vespa-6v-med-stodhjul-stralkastare-horn-for-2-6-ar-71-x-37-x-52-cm-rosa-1.webp?fit=2000%2C2000&ssl=1","datePublished":"2026-02-24T05:05:11+00:00","dateModified":"2026-03-12T07:49:12+00:00","breadcrumb":{"@id":"https:\/\/truusk.store\/sv\/produkt\/truusk-elektrisk-barnmotorcykel-vespa-6v-med-stodhjul-och-stralkastare-for-2-6-ar-rosa-matt-71-x-37-x-52-cm\/#breadcrumb"},"inLanguage":"sv-SE","potentialAction":[{"@type":"ReadAction","target":["https:\/\/truusk.store\/sv\/produkt\/truusk-elektrisk-barnmotorcykel-vespa-6v-med-stodhjul-och-stralkastare-for-2-6-ar-rosa-matt-71-x-37-x-52-cm\/"]}]},{"@type":"ImageObject","inLanguage":"sv-SE","@id":"https:\/\/truusk.store\/sv\/produkt\/truusk-elektrisk-barnmotorcykel-vespa-6v-med-stodhjul-och-stralkastare-for-2-6-ar-rosa-matt-71-x-37-x-52-cm\/#primaryimage","url":"https:\/\/i0.wp.com\/truusk.store\/wp-content\/uploads\/2026\/02\/elektrisk-barnmotorcykel-vespa-6v-med-stodhjul-stralkastare-horn-for-2-6-ar-71-x-37-x-52-cm-rosa-1.webp?fit=2000%2C2000&ssl=1","contentUrl":"https:\/\/i0.wp.com\/truusk.store\/wp-content\/uploads\/2026\/02\/elektrisk-barnmotorcykel-vespa-6v-med-stodhjul-stralkastare-horn-for-2-6-ar-71-x-37-x-52-cm-rosa-1.webp?fit=2000%2C2000&ssl=1","width":2000,"height":2000},{"@type":"BreadcrumbList","@id":"https:\/\/truusk.store\/sv\/produkt\/truusk-elektrisk-barnmotorcykel-vespa-6v-med-stodhjul-och-stralkastare-for-2-6-ar-rosa-matt-71-x-37-x-52-cm\/#breadcrumb","itemListElement":[{"@type":"ListItem","position":1,"name":"Home","item":"https:\/\/truusk.store\/sv\/"},{"@type":"ListItem","position":2,"name":"Shop","item":"https:\/\/truusk.store\/shop\/"},{"@type":"ListItem","position":3,"name":"TRUUSK Elektrisk Barnmotorcykel Vespa 6V &#8211; Med St\u00f6dhjul och Str\u00e5lkastare &#8211; F\u00f6r 2-6 \u00e5r &#8211; Rosa &#8211; M\u00e5tt 71 x 37 x 52 cm"}]},{"@type":"WebSite","@id":"https:\/\/truusk.store\/sv\/#website","url":"https:\/\/truusk.store\/sv\/","name":"TRUUSK - Hem, Tr\u00e4dg\u00e5rd & Fritid","description":"","publisher":{"@id":"https:\/\/truusk.store\/sv\/#organization"},"potentialAction":[{"@type":"SearchAction","target":{"@type":"EntryPoint","urlTemplate":"https:\/\/truusk.store\/sv\/?s={search_term_string}"},"query-input":{"@type":"PropertyValueSpecification","valueRequired":true,"valueName":"search_term_string"}}],"inLanguage":"sv-SE"},{"@type":"Organization","@id":"https:\/\/truusk.store\/sv\/#organization","name":"TRUUSK - Hem, Tr\u00e4dg\u00e5rd & Fritid","url":"https:\/\/truusk.store\/sv\/","logo":{"@type":"ImageObject","inLanguage":"sv-SE","@id":"https:\/\/truusk.store\/sv\/#\/schema\/logo\/image\/","url":"https:\/\/i0.wp.com\/truusk.store\/wp-content\/uploads\/2026\/03\/cropped-TRUUSK.png?fit=2032%2C917&ssl=1","contentUrl":"https:\/\/i0.wp.com\/truusk.store\/wp-content\/uploads\/2026\/03\/cropped-TRUUSK.png?fit=2032%2C917&ssl=1","width":2032,"height":917,"caption":"TRUUSK - Hem, Tr\u00e4dg\u00e5rd & Fritid"},"image":{"@id":"https:\/\/truusk.store\/sv\/#\/schema\/logo\/image\/"}}]}},"jetpack_sharing_enabled":true,"_links":{"self":[{"href":"https:\/\/truusk.store\/sv\/wp-json\/wp\/v2\/product\/105506","targetHints":{"allow":["GET"]}}],"collection":[{"href":"https:\/\/truusk.store\/sv\/wp-json\/wp\/v2\/product"}],"about":[{"href":"https:\/\/truusk.store\/sv\/wp-json\/wp\/v2\/types\/product"}],"wp:featuredmedia":[{"embeddable":true,"href":"https:\/\/truusk.store\/sv\/wp-json\/wp\/v2\/media\/105490"}],"wp:attachment":[{"href":"https:\/\/truusk.store\/sv\/wp-json\/wp\/v2\/media?parent=105506"}],"wp:term":[{"taxonomy":"product_brand","embeddable":true,"href":"https:\/\/truusk.store\/sv\/wp-json\/wp\/v2\/product_brand?post=105506"},{"taxonomy":"product_cat","embeddable":true,"href":"https:\/\/truusk.store\/sv\/wp-json\/wp\/v2\/product_cat?post=105506"},{"taxonomy":"product_tag","embeddable":true,"href":"https:\/\/truusk.store\/sv\/wp-json\/wp\/v2\/product_tag?post=105506"}],"curies":[{"name":"wp","href":"https:\/\/api.w.org\/{rel}","templated":true}]}}