{"id":105527,"date":"2026-02-24T06:08:32","date_gmt":"2026-02-24T05:08:32","guid":{"rendered":"https:\/\/truusk.store\/product\/rumsavdelare-65-x-130-cm-fristaende-hangande-paravent-skarmvagg-siktsskydd-av-metall-svart\/"},"modified":"2026-03-12T08:50:49","modified_gmt":"2026-03-12T07:50:49","slug":"truusk-rumsavdelare-65-x-130-cm-fristaende-och-hangande-paravent-skarmvagg-av-metall-siktsskydd-svart","status":"publish","type":"product","link":"https:\/\/truusk.store\/sv\/produkt\/truusk-rumsavdelare-65-x-130-cm-fristaende-och-hangande-paravent-skarmvagg-av-metall-siktsskydd-svart\/","title":{"rendered":"TRUUSK Rumsavdelare 65 x 130 cm &#8211; Frist\u00e5ende och H\u00e4ngande Paravent &#8211; Sk\u00e4rmv\u00e4gg av Metall &#8211; Siktsskydd &#8211; Svart"},"content":{"rendered":"<p>F\u00f6rvandla ditt utomhusomr\u00e5de med [BRAND NAME] utomhusparavent! Den eleganta sk\u00e4rmv\u00e4ggen delar upp omr\u00e5den, fungerar som kl\u00e4tterst\u00f6d och f\u00f6rsk\u00f6nar din tr\u00e4dg\u00e5rd. Tillverkad av rostbest\u00e4ndigt metall, \u00e4r sk\u00e4rmv\u00e4ggen h\u00e5llbar och l\u00e4tt att f\u00e4sta p\u00e5 v\u00e4ggar. B\u00e4rbar och idealisk f\u00f6r utomhusbruk, g\u00f6r den tomma v\u00e4ggar till blickf\u00e5ng. Perfekt f\u00f6r terrass och tr\u00e4dg\u00e5rd!<\/p>\n<p>Beskrivning:<\/p>\n<ul>\n<li> Sk\u00e4rmv\u00e4ggen delar snabbt upp rummet och ger omedelbar integritet<\/li>\n<li> Markankare f\u00e4ster den s\u00e4kert i marken<\/li>\n<li> Monterad p\u00e5 v\u00e4ggar, f\u00f6rvandlar den tomma v\u00e4ggar till i\u00f6gonfallande blickf\u00e5ng<\/li>\n<li> Fungerar samtidigt som ett kl\u00e4tterst\u00f6d och st\u00f6der kl\u00e4tterv\u00e4xter p\u00e5 ett vackert s\u00e4tt<\/li>\n<li> L\u00e4tt och b\u00e4rbar f\u00f6r att enkelt kunna flyttas<\/li>\n<li> Pulverlackerad metallram \u00e4r rostbest\u00e4ndig<\/li>\n<li> Montering kr\u00e4vs<\/li>\n<\/ul>\n<p> Tekniska data:<\/p>\n<ul>\n<li> Stil: Blad-utsk\u00e4rningsdesign<\/li>\n<li> F\u00e4rg: Svart<\/li>\n<li> Material: Metall<\/li>\n<li> Totala dimensioner: 65B x 1,5T x 130H cm<\/li>\n<li> Obs: Endast f\u00f6r dekorativ anv\u00e4ndning\/rumdelning, denna paravent \u00e4r genomskinlig<\/li>\n<\/ul>\n<p>Leveransinneh\u00e5ll:<\/p>\n<ul>\n<li> 1 x Sk\u00e4rmv\u00e4gg f\u00f6r utomhusbruk<\/li>\n<li> 2 x Markpinnar<\/li>\n<li> 1 x Bruksanvisning<\/li>\n<\/ul>\n","protected":false},"excerpt":{"rendered":"<p>F\u00f6rvandla ditt utomhusomr\u00e5de med [BRAND NAME] utomhusparavent! Den eleganta sk\u00e4rmv\u00e4ggen delar upp omr\u00e5den, fungerar som kl\u00e4tterst\u00f6d och f\u00f6rsk\u00f6nar din tr\u00e4dg\u00e5rd&#8230;.<\/p>\n","protected":false},"featured_media":105513,"template":"","meta":[],"product_brand":[],"product_cat":[1031,862,858],"product_tag":[],"class_list":{"0":"post-105527","1":"product","2":"type-product","3":"status-publish","4":"has-post-thumbnail","6":"product_cat-insynsskydd-konstgjorda-hackar","7":"product_cat-sol-insynsskydd","8":"product_cat-tradgard-terrass","10":"first","11":"instock","12":"sale","13":"taxable","14":"shipping-taxable","15":"purchasable","16":"product-type-simple"},"yoast_head":"<!-- This site is optimized with the Yoast SEO plugin v25.4 - https:\/\/yoast.com\/wordpress\/plugins\/seo\/ -->\n<title>TRUUSK Rumsavdelare 65 x 130 cm - Frist\u00e5ende och H\u00e4ngande Paravent - Sk\u00e4rmv\u00e4gg av Metall - Siktsskydd - Svart - TRUUSK - Hem, Tr\u00e4dg\u00e5rd &amp; Fritid<\/title>\n<meta name=\"robots\" content=\"index, follow, max-snippet:-1, max-image-preview:large, max-video-preview:-1\" \/>\n<link rel=\"canonical\" href=\"https:\/\/truusk.store\/sv\/produkt\/truusk-rumsavdelare-65-x-130-cm-fristaende-och-hangande-paravent-skarmvagg-av-metall-siktsskydd-svart\/\" \/>\n<meta property=\"og:locale\" content=\"sv_SE\" \/>\n<meta property=\"og:type\" content=\"article\" \/>\n<meta property=\"og:title\" content=\"TRUUSK Rumsavdelare 65 x 130 cm - Frist\u00e5ende och H\u00e4ngande Paravent - Sk\u00e4rmv\u00e4gg av Metall - Siktsskydd - Svart - TRUUSK - Hem, Tr\u00e4dg\u00e5rd &amp; Fritid\" \/>\n<meta property=\"og:description\" content=\"F\u00f6rvandla ditt utomhusomr\u00e5de med [BRAND NAME] utomhusparavent! Den eleganta sk\u00e4rmv\u00e4ggen delar upp omr\u00e5den, fungerar som kl\u00e4tterst\u00f6d och f\u00f6rsk\u00f6nar din tr\u00e4dg\u00e5rd....\" \/>\n<meta property=\"og:url\" content=\"https:\/\/truusk.store\/sv\/produkt\/truusk-rumsavdelare-65-x-130-cm-fristaende-och-hangande-paravent-skarmvagg-av-metall-siktsskydd-svart\/\" \/>\n<meta property=\"og:site_name\" content=\"TRUUSK - Hem, Tr\u00e4dg\u00e5rd &amp; Fritid\" \/>\n<meta property=\"article:modified_time\" content=\"2026-03-12T07:50:49+00:00\" \/>\n<meta property=\"og:image\" content=\"https:\/\/i0.wp.com\/truusk.se\/wp-content\/uploads\/2026\/02\/rumsavdelare-65-x-130-cm-fristaende-hangande-paravent-skarmvagg-siktsskydd-av-metall-svart-1.webp?fit=2000%2C2000&ssl=1\" \/>\n\t<meta property=\"og:image:width\" content=\"2000\" \/>\n\t<meta property=\"og:image:height\" content=\"2000\" \/>\n\t<meta property=\"og:image:type\" content=\"image\/webp\" \/>\n<meta name=\"twitter:card\" content=\"summary_large_image\" \/>\n<meta name=\"twitter:label1\" content=\"Ber\u00e4knad l\u00e4stid\" \/>\n\t<meta name=\"twitter:data1\" content=\"1 minut\" \/>\n<!-- \/ Yoast SEO plugin. -->","yoast_head_json":{"title":"TRUUSK Rumsavdelare 65 x 130 cm - Frist\u00e5ende och H\u00e4ngande Paravent - Sk\u00e4rmv\u00e4gg av Metall - Siktsskydd - Svart - TRUUSK - Hem, Tr\u00e4dg\u00e5rd &amp; Fritid","robots":{"index":"index","follow":"follow","max-snippet":"max-snippet:-1","max-image-preview":"max-image-preview:large","max-video-preview":"max-video-preview:-1"},"canonical":"https:\/\/truusk.store\/sv\/produkt\/truusk-rumsavdelare-65-x-130-cm-fristaende-och-hangande-paravent-skarmvagg-av-metall-siktsskydd-svart\/","og_locale":"sv_SE","og_type":"article","og_title":"TRUUSK Rumsavdelare 65 x 130 cm - Frist\u00e5ende och H\u00e4ngande Paravent - Sk\u00e4rmv\u00e4gg av Metall - Siktsskydd - Svart - TRUUSK - Hem, Tr\u00e4dg\u00e5rd &amp; Fritid","og_description":"F\u00f6rvandla ditt utomhusomr\u00e5de med [BRAND NAME] utomhusparavent! Den eleganta sk\u00e4rmv\u00e4ggen delar upp omr\u00e5den, fungerar som kl\u00e4tterst\u00f6d och f\u00f6rsk\u00f6nar din tr\u00e4dg\u00e5rd....","og_url":"https:\/\/truusk.store\/sv\/produkt\/truusk-rumsavdelare-65-x-130-cm-fristaende-och-hangande-paravent-skarmvagg-av-metall-siktsskydd-svart\/","og_site_name":"TRUUSK - Hem, Tr\u00e4dg\u00e5rd &amp; Fritid","article_modified_time":"2026-03-12T07:50:49+00:00","og_image":[{"width":2000,"height":2000,"url":"https:\/\/i0.wp.com\/truusk.se\/wp-content\/uploads\/2026\/02\/rumsavdelare-65-x-130-cm-fristaende-hangande-paravent-skarmvagg-siktsskydd-av-metall-svart-1.webp?fit=2000%2C2000&ssl=1","type":"image\/webp"}],"twitter_card":"summary_large_image","twitter_misc":{"Ber\u00e4knad l\u00e4stid":"1 minut"},"schema":{"@context":"https:\/\/schema.org","@graph":[{"@type":"WebPage","@id":"https:\/\/truusk.store\/sv\/produkt\/truusk-rumsavdelare-65-x-130-cm-fristaende-och-hangande-paravent-skarmvagg-av-metall-siktsskydd-svart\/","url":"https:\/\/truusk.store\/sv\/produkt\/truusk-rumsavdelare-65-x-130-cm-fristaende-och-hangande-paravent-skarmvagg-av-metall-siktsskydd-svart\/","name":"TRUUSK Rumsavdelare 65 x 130 cm - Frist\u00e5ende och H\u00e4ngande Paravent - Sk\u00e4rmv\u00e4gg av Metall - Siktsskydd - Svart - TRUUSK - Hem, Tr\u00e4dg\u00e5rd &amp; Fritid","isPartOf":{"@id":"https:\/\/truusk.store\/sv\/#website"},"primaryImageOfPage":{"@id":"https:\/\/truusk.store\/sv\/produkt\/truusk-rumsavdelare-65-x-130-cm-fristaende-och-hangande-paravent-skarmvagg-av-metall-siktsskydd-svart\/#primaryimage"},"image":{"@id":"https:\/\/truusk.store\/sv\/produkt\/truusk-rumsavdelare-65-x-130-cm-fristaende-och-hangande-paravent-skarmvagg-av-metall-siktsskydd-svart\/#primaryimage"},"thumbnailUrl":"https:\/\/i0.wp.com\/truusk.store\/wp-content\/uploads\/2026\/02\/rumsavdelare-65-x-130-cm-fristaende-hangande-paravent-skarmvagg-siktsskydd-av-metall-svart-1.webp?fit=2000%2C2000&ssl=1","datePublished":"2026-02-24T05:08:32+00:00","dateModified":"2026-03-12T07:50:49+00:00","breadcrumb":{"@id":"https:\/\/truusk.store\/sv\/produkt\/truusk-rumsavdelare-65-x-130-cm-fristaende-och-hangande-paravent-skarmvagg-av-metall-siktsskydd-svart\/#breadcrumb"},"inLanguage":"sv-SE","potentialAction":[{"@type":"ReadAction","target":["https:\/\/truusk.store\/sv\/produkt\/truusk-rumsavdelare-65-x-130-cm-fristaende-och-hangande-paravent-skarmvagg-av-metall-siktsskydd-svart\/"]}]},{"@type":"ImageObject","inLanguage":"sv-SE","@id":"https:\/\/truusk.store\/sv\/produkt\/truusk-rumsavdelare-65-x-130-cm-fristaende-och-hangande-paravent-skarmvagg-av-metall-siktsskydd-svart\/#primaryimage","url":"https:\/\/i0.wp.com\/truusk.store\/wp-content\/uploads\/2026\/02\/rumsavdelare-65-x-130-cm-fristaende-hangande-paravent-skarmvagg-siktsskydd-av-metall-svart-1.webp?fit=2000%2C2000&ssl=1","contentUrl":"https:\/\/i0.wp.com\/truusk.store\/wp-content\/uploads\/2026\/02\/rumsavdelare-65-x-130-cm-fristaende-hangande-paravent-skarmvagg-siktsskydd-av-metall-svart-1.webp?fit=2000%2C2000&ssl=1","width":2000,"height":2000},{"@type":"BreadcrumbList","@id":"https:\/\/truusk.store\/sv\/produkt\/truusk-rumsavdelare-65-x-130-cm-fristaende-och-hangande-paravent-skarmvagg-av-metall-siktsskydd-svart\/#breadcrumb","itemListElement":[{"@type":"ListItem","position":1,"name":"Home","item":"https:\/\/truusk.store\/sv\/"},{"@type":"ListItem","position":2,"name":"Shop","item":"https:\/\/truusk.store\/shop\/"},{"@type":"ListItem","position":3,"name":"TRUUSK Rumsavdelare 65 x 130 cm &#8211; Frist\u00e5ende och H\u00e4ngande Paravent &#8211; Sk\u00e4rmv\u00e4gg av Metall &#8211; Siktsskydd &#8211; Svart"}]},{"@type":"WebSite","@id":"https:\/\/truusk.store\/sv\/#website","url":"https:\/\/truusk.store\/sv\/","name":"TRUUSK - Hem, Tr\u00e4dg\u00e5rd & Fritid","description":"","publisher":{"@id":"https:\/\/truusk.store\/sv\/#organization"},"potentialAction":[{"@type":"SearchAction","target":{"@type":"EntryPoint","urlTemplate":"https:\/\/truusk.store\/sv\/?s={search_term_string}"},"query-input":{"@type":"PropertyValueSpecification","valueRequired":true,"valueName":"search_term_string"}}],"inLanguage":"sv-SE"},{"@type":"Organization","@id":"https:\/\/truusk.store\/sv\/#organization","name":"TRUUSK - Hem, Tr\u00e4dg\u00e5rd & Fritid","url":"https:\/\/truusk.store\/sv\/","logo":{"@type":"ImageObject","inLanguage":"sv-SE","@id":"https:\/\/truusk.store\/sv\/#\/schema\/logo\/image\/","url":"https:\/\/i0.wp.com\/truusk.store\/wp-content\/uploads\/2026\/03\/cropped-TRUUSK.png?fit=2032%2C917&ssl=1","contentUrl":"https:\/\/i0.wp.com\/truusk.store\/wp-content\/uploads\/2026\/03\/cropped-TRUUSK.png?fit=2032%2C917&ssl=1","width":2032,"height":917,"caption":"TRUUSK - Hem, Tr\u00e4dg\u00e5rd & Fritid"},"image":{"@id":"https:\/\/truusk.store\/sv\/#\/schema\/logo\/image\/"}}]}},"jetpack_sharing_enabled":true,"_links":{"self":[{"href":"https:\/\/truusk.store\/sv\/wp-json\/wp\/v2\/product\/105527","targetHints":{"allow":["GET"]}}],"collection":[{"href":"https:\/\/truusk.store\/sv\/wp-json\/wp\/v2\/product"}],"about":[{"href":"https:\/\/truusk.store\/sv\/wp-json\/wp\/v2\/types\/product"}],"wp:featuredmedia":[{"embeddable":true,"href":"https:\/\/truusk.store\/sv\/wp-json\/wp\/v2\/media\/105513"}],"wp:attachment":[{"href":"https:\/\/truusk.store\/sv\/wp-json\/wp\/v2\/media?parent=105527"}],"wp:term":[{"taxonomy":"product_brand","embeddable":true,"href":"https:\/\/truusk.store\/sv\/wp-json\/wp\/v2\/product_brand?post=105527"},{"taxonomy":"product_cat","embeddable":true,"href":"https:\/\/truusk.store\/sv\/wp-json\/wp\/v2\/product_cat?post=105527"},{"taxonomy":"product_tag","embeddable":true,"href":"https:\/\/truusk.store\/sv\/wp-json\/wp\/v2\/product_tag?post=105527"}],"curies":[{"name":"wp","href":"https:\/\/api.w.org\/{rel}","templated":true}]}}