{"id":105532,"date":"2026-02-24T06:09:05","date_gmt":"2026-02-24T05:09:05","guid":{"rendered":"https:\/\/truusk.store\/product\/hogbadd-i-tva-steg-med-forhojd-planteringslada-med-nonwoven-avloppshal-tra-1195-x-102-x-765-cm-ljusbrun\/"},"modified":"2026-03-12T08:50:51","modified_gmt":"2026-03-12T07:50:51","slug":"truusk-hogbadd-i-tva-steg-forhojd-planteringslada-nonwoven-avloppshal-tra-1195-x-102-x-765-cm-ljusbrun","status":"publish","type":"product","link":"https:\/\/truusk.store\/sv\/produkt\/truusk-hogbadd-i-tva-steg-forhojd-planteringslada-nonwoven-avloppshal-tra-1195-x-102-x-765-cm-ljusbrun\/","title":{"rendered":"TRUUSK H\u00f6gb\u00e4dd i Tv\u00e5 Steg &#8211; F\u00f6rh\u00f6jd Planteringsl\u00e5da &#8211; Nonwoven Avloppsh\u00e5l &#8211; Tr\u00e4 &#8211; 119,5 x 102 x 76,5 cm &#8211; Ljusbrun"},"content":{"rendered":"<p> Besv\u00e4ret med att b\u00f6ja sig och kaoset med utspridda verktyg kan f\u00f6rst\u00f6ra gl\u00e4djen med tr\u00e4dg\u00e5rdsarbete. Din fridfulla hobby blir till en frustrerande uppgift. Denna upph\u00f6jda odlingsb\u00e4dd fr\u00e5n [BRAND NAME] med en bekv\u00e4m h\u00f6jd p\u00e5 76,5 cm f\u00f6rebygger ryggsm\u00e4rtor. En stegvis design separerar dina v\u00e4xter, medan tv\u00e5 hyllor h\u00e5ller dina verktyg snyggt organiserade. Upph\u00f6jd tr\u00e4dg\u00e5rdssk\u00f6tsel blir en avkopplande och organiserad upplevelse som \u00e5terf\u00f6r komfort och lugn till din favorithobby.<\/p>\n<p>Beskrivning:<\/p>\n<ul>\n<li> Den tv\u00e5stegs designen separerar v\u00e4xter och skapar en vacker, stegvis tr\u00e4dg\u00e5rd p\u00e5 din terrass<\/li>\n<li> En nedre hylla och en sidohylla erbjuder gott om utrymme f\u00f6r dina tr\u00e4dg\u00e5rdsverktyg<\/li>\n<li> H\u00f6jden p\u00e5 76,5 cm minskar behovet av att b\u00f6ja sig och g\u00f6r tr\u00e4dg\u00e5rdsarbetet enklare och mer njutbart<\/li>\n<li> Denna odlingsb\u00e4dd \u00e4r tillverkad av massivt grantr\u00e4 och \u00e4r d\u00e4rf\u00f6r s\u00e4rskilt h\u00e5llbar<\/li>\n<li> F\u00f6rst\u00e4rkta nedre tv\u00e4rstag och inre metallf\u00e4sten f\u00f6r f\u00f6rb\u00e4ttrad stabilitet<\/li>\n<li> Denna \u00f6rtb\u00e4dd b\u00e4r upp till 70 kg i b\u00e4ddarna och 15 kg p\u00e5 hyllan<\/li>\n<li> Inkluderar inl\u00e4gg och sex dr\u00e4neringsh\u00e5l f\u00f6r att fr\u00e4mja h\u00e4lsosam v\u00e4xtr\u00f6tstillv\u00e4xt<\/li>\n<li> Montering kr\u00e4vs<\/li>\n<\/ul>\n<p> Tekniska data:<\/p>\n<ul>\n<li> F\u00e4rg: Ljusbrun<\/li>\n<li> Material: Grantr\u00e4, non-woven tyg<\/li>\n<li> Totala dimensioner: 119,5B x 102D x 76,5H cm<\/li>\n<li> Planteringsomr\u00e5dets dimensioner: 90L x 47B x 22,5H cm<\/li>\n<li> Hyllans dimensioner: 85,5L x 42B cm (Nedre), 52,5L x 22B cm (Sida)<\/li>\n<li> Belastningskapacitet: 70 kg (Planteringsl\u00e5da), 15 kg (Hylla)<\/li>\n<\/ul>\n<p>Leveransinneh\u00e5ll:<\/p>\n<ul>\n<li> 1 x Odlingsb\u00e4dd<\/li>\n<li> 1 x Instruktioner<\/li>\n<\/ul>\n","protected":false},"excerpt":{"rendered":"<p>Besv\u00e4ret med att b\u00f6ja sig och kaoset med utspridda verktyg kan f\u00f6rst\u00f6ra gl\u00e4djen med tr\u00e4dg\u00e5rdsarbete. Din fridfulla hobby blir till&#8230;<\/p>\n","protected":false},"featured_media":105517,"template":"","meta":[],"product_brand":[],"product_cat":[924,858,443],"product_tag":[],"class_list":{"0":"post-105532","1":"product","2":"type-product","3":"status-publish","4":"has-post-thumbnail","6":"product_cat-plantkarl","7":"product_cat-tradgard-terrass","8":"product_cat-vaxthus-tradgardsskotsel","10":"first","11":"instock","12":"sale","13":"taxable","14":"shipping-taxable","15":"purchasable","16":"product-type-simple"},"yoast_head":"<!-- This site is optimized with the Yoast SEO plugin v25.4 - https:\/\/yoast.com\/wordpress\/plugins\/seo\/ -->\n<title>TRUUSK H\u00f6gb\u00e4dd i Tv\u00e5 Steg - F\u00f6rh\u00f6jd Planteringsl\u00e5da - Nonwoven Avloppsh\u00e5l - Tr\u00e4 - 119,5 x 102 x 76,5 cm - Ljusbrun - TRUUSK - Hem, Tr\u00e4dg\u00e5rd &amp; Fritid<\/title>\n<meta name=\"robots\" content=\"index, follow, max-snippet:-1, max-image-preview:large, max-video-preview:-1\" \/>\n<link rel=\"canonical\" href=\"https:\/\/truusk.store\/sv\/produkt\/truusk-hogbadd-i-tva-steg-forhojd-planteringslada-nonwoven-avloppshal-tra-1195-x-102-x-765-cm-ljusbrun\/\" \/>\n<meta property=\"og:locale\" content=\"sv_SE\" \/>\n<meta property=\"og:type\" content=\"article\" \/>\n<meta property=\"og:title\" content=\"TRUUSK H\u00f6gb\u00e4dd i Tv\u00e5 Steg - F\u00f6rh\u00f6jd Planteringsl\u00e5da - Nonwoven Avloppsh\u00e5l - Tr\u00e4 - 119,5 x 102 x 76,5 cm - Ljusbrun - TRUUSK - Hem, Tr\u00e4dg\u00e5rd &amp; Fritid\" \/>\n<meta property=\"og:description\" content=\"Besv\u00e4ret med att b\u00f6ja sig och kaoset med utspridda verktyg kan f\u00f6rst\u00f6ra gl\u00e4djen med tr\u00e4dg\u00e5rdsarbete. Din fridfulla hobby blir till...\" \/>\n<meta property=\"og:url\" content=\"https:\/\/truusk.store\/sv\/produkt\/truusk-hogbadd-i-tva-steg-forhojd-planteringslada-nonwoven-avloppshal-tra-1195-x-102-x-765-cm-ljusbrun\/\" \/>\n<meta property=\"og:site_name\" content=\"TRUUSK - Hem, Tr\u00e4dg\u00e5rd &amp; Fritid\" \/>\n<meta property=\"article:modified_time\" content=\"2026-03-12T07:50:51+00:00\" \/>\n<meta property=\"og:image\" content=\"https:\/\/i0.wp.com\/truusk.se\/wp-content\/uploads\/2026\/02\/hogbadd-i-tva-steg-med-forhojd-planteringslada-med-nonwoven-avloppshal-tra-1195-x-102-x-765-cm-ljusbrun-1.webp?fit=2000%2C2000&ssl=1\" \/>\n\t<meta property=\"og:image:width\" content=\"2000\" \/>\n\t<meta property=\"og:image:height\" content=\"2000\" \/>\n\t<meta property=\"og:image:type\" content=\"image\/webp\" \/>\n<meta name=\"twitter:card\" content=\"summary_large_image\" \/>\n<meta name=\"twitter:label1\" content=\"Ber\u00e4knad l\u00e4stid\" \/>\n\t<meta name=\"twitter:data1\" content=\"1 minut\" \/>\n<!-- \/ Yoast SEO plugin. -->","yoast_head_json":{"title":"TRUUSK H\u00f6gb\u00e4dd i Tv\u00e5 Steg - F\u00f6rh\u00f6jd Planteringsl\u00e5da - Nonwoven Avloppsh\u00e5l - Tr\u00e4 - 119,5 x 102 x 76,5 cm - Ljusbrun - TRUUSK - Hem, Tr\u00e4dg\u00e5rd &amp; Fritid","robots":{"index":"index","follow":"follow","max-snippet":"max-snippet:-1","max-image-preview":"max-image-preview:large","max-video-preview":"max-video-preview:-1"},"canonical":"https:\/\/truusk.store\/sv\/produkt\/truusk-hogbadd-i-tva-steg-forhojd-planteringslada-nonwoven-avloppshal-tra-1195-x-102-x-765-cm-ljusbrun\/","og_locale":"sv_SE","og_type":"article","og_title":"TRUUSK H\u00f6gb\u00e4dd i Tv\u00e5 Steg - F\u00f6rh\u00f6jd Planteringsl\u00e5da - Nonwoven Avloppsh\u00e5l - Tr\u00e4 - 119,5 x 102 x 76,5 cm - Ljusbrun - TRUUSK - Hem, Tr\u00e4dg\u00e5rd &amp; Fritid","og_description":"Besv\u00e4ret med att b\u00f6ja sig och kaoset med utspridda verktyg kan f\u00f6rst\u00f6ra gl\u00e4djen med tr\u00e4dg\u00e5rdsarbete. Din fridfulla hobby blir till...","og_url":"https:\/\/truusk.store\/sv\/produkt\/truusk-hogbadd-i-tva-steg-forhojd-planteringslada-nonwoven-avloppshal-tra-1195-x-102-x-765-cm-ljusbrun\/","og_site_name":"TRUUSK - Hem, Tr\u00e4dg\u00e5rd &amp; Fritid","article_modified_time":"2026-03-12T07:50:51+00:00","og_image":[{"width":2000,"height":2000,"url":"https:\/\/i0.wp.com\/truusk.se\/wp-content\/uploads\/2026\/02\/hogbadd-i-tva-steg-med-forhojd-planteringslada-med-nonwoven-avloppshal-tra-1195-x-102-x-765-cm-ljusbrun-1.webp?fit=2000%2C2000&ssl=1","type":"image\/webp"}],"twitter_card":"summary_large_image","twitter_misc":{"Ber\u00e4knad l\u00e4stid":"1 minut"},"schema":{"@context":"https:\/\/schema.org","@graph":[{"@type":"WebPage","@id":"https:\/\/truusk.store\/sv\/produkt\/truusk-hogbadd-i-tva-steg-forhojd-planteringslada-nonwoven-avloppshal-tra-1195-x-102-x-765-cm-ljusbrun\/","url":"https:\/\/truusk.store\/sv\/produkt\/truusk-hogbadd-i-tva-steg-forhojd-planteringslada-nonwoven-avloppshal-tra-1195-x-102-x-765-cm-ljusbrun\/","name":"TRUUSK H\u00f6gb\u00e4dd i Tv\u00e5 Steg - F\u00f6rh\u00f6jd Planteringsl\u00e5da - Nonwoven Avloppsh\u00e5l - Tr\u00e4 - 119,5 x 102 x 76,5 cm - Ljusbrun - TRUUSK - Hem, Tr\u00e4dg\u00e5rd &amp; Fritid","isPartOf":{"@id":"https:\/\/truusk.store\/sv\/#website"},"primaryImageOfPage":{"@id":"https:\/\/truusk.store\/sv\/produkt\/truusk-hogbadd-i-tva-steg-forhojd-planteringslada-nonwoven-avloppshal-tra-1195-x-102-x-765-cm-ljusbrun\/#primaryimage"},"image":{"@id":"https:\/\/truusk.store\/sv\/produkt\/truusk-hogbadd-i-tva-steg-forhojd-planteringslada-nonwoven-avloppshal-tra-1195-x-102-x-765-cm-ljusbrun\/#primaryimage"},"thumbnailUrl":"https:\/\/i0.wp.com\/truusk.store\/wp-content\/uploads\/2026\/02\/hogbadd-i-tva-steg-med-forhojd-planteringslada-med-nonwoven-avloppshal-tra-1195-x-102-x-765-cm-ljusbrun-1.webp?fit=2000%2C2000&ssl=1","datePublished":"2026-02-24T05:09:05+00:00","dateModified":"2026-03-12T07:50:51+00:00","breadcrumb":{"@id":"https:\/\/truusk.store\/sv\/produkt\/truusk-hogbadd-i-tva-steg-forhojd-planteringslada-nonwoven-avloppshal-tra-1195-x-102-x-765-cm-ljusbrun\/#breadcrumb"},"inLanguage":"sv-SE","potentialAction":[{"@type":"ReadAction","target":["https:\/\/truusk.store\/sv\/produkt\/truusk-hogbadd-i-tva-steg-forhojd-planteringslada-nonwoven-avloppshal-tra-1195-x-102-x-765-cm-ljusbrun\/"]}]},{"@type":"ImageObject","inLanguage":"sv-SE","@id":"https:\/\/truusk.store\/sv\/produkt\/truusk-hogbadd-i-tva-steg-forhojd-planteringslada-nonwoven-avloppshal-tra-1195-x-102-x-765-cm-ljusbrun\/#primaryimage","url":"https:\/\/i0.wp.com\/truusk.store\/wp-content\/uploads\/2026\/02\/hogbadd-i-tva-steg-med-forhojd-planteringslada-med-nonwoven-avloppshal-tra-1195-x-102-x-765-cm-ljusbrun-1.webp?fit=2000%2C2000&ssl=1","contentUrl":"https:\/\/i0.wp.com\/truusk.store\/wp-content\/uploads\/2026\/02\/hogbadd-i-tva-steg-med-forhojd-planteringslada-med-nonwoven-avloppshal-tra-1195-x-102-x-765-cm-ljusbrun-1.webp?fit=2000%2C2000&ssl=1","width":2000,"height":2000},{"@type":"BreadcrumbList","@id":"https:\/\/truusk.store\/sv\/produkt\/truusk-hogbadd-i-tva-steg-forhojd-planteringslada-nonwoven-avloppshal-tra-1195-x-102-x-765-cm-ljusbrun\/#breadcrumb","itemListElement":[{"@type":"ListItem","position":1,"name":"Home","item":"https:\/\/truusk.store\/sv\/"},{"@type":"ListItem","position":2,"name":"Shop","item":"https:\/\/truusk.store\/shop\/"},{"@type":"ListItem","position":3,"name":"TRUUSK H\u00f6gb\u00e4dd i Tv\u00e5 Steg &#8211; F\u00f6rh\u00f6jd Planteringsl\u00e5da &#8211; Nonwoven Avloppsh\u00e5l &#8211; Tr\u00e4 &#8211; 119,5 x 102 x 76,5 cm &#8211; Ljusbrun"}]},{"@type":"WebSite","@id":"https:\/\/truusk.store\/sv\/#website","url":"https:\/\/truusk.store\/sv\/","name":"TRUUSK - Hem, Tr\u00e4dg\u00e5rd & Fritid","description":"","publisher":{"@id":"https:\/\/truusk.store\/sv\/#organization"},"potentialAction":[{"@type":"SearchAction","target":{"@type":"EntryPoint","urlTemplate":"https:\/\/truusk.store\/sv\/?s={search_term_string}"},"query-input":{"@type":"PropertyValueSpecification","valueRequired":true,"valueName":"search_term_string"}}],"inLanguage":"sv-SE"},{"@type":"Organization","@id":"https:\/\/truusk.store\/sv\/#organization","name":"TRUUSK - Hem, Tr\u00e4dg\u00e5rd & Fritid","url":"https:\/\/truusk.store\/sv\/","logo":{"@type":"ImageObject","inLanguage":"sv-SE","@id":"https:\/\/truusk.store\/sv\/#\/schema\/logo\/image\/","url":"https:\/\/i0.wp.com\/truusk.store\/wp-content\/uploads\/2026\/03\/cropped-TRUUSK.png?fit=2032%2C917&ssl=1","contentUrl":"https:\/\/i0.wp.com\/truusk.store\/wp-content\/uploads\/2026\/03\/cropped-TRUUSK.png?fit=2032%2C917&ssl=1","width":2032,"height":917,"caption":"TRUUSK - Hem, Tr\u00e4dg\u00e5rd & Fritid"},"image":{"@id":"https:\/\/truusk.store\/sv\/#\/schema\/logo\/image\/"}}]}},"jetpack_sharing_enabled":true,"_links":{"self":[{"href":"https:\/\/truusk.store\/sv\/wp-json\/wp\/v2\/product\/105532","targetHints":{"allow":["GET"]}}],"collection":[{"href":"https:\/\/truusk.store\/sv\/wp-json\/wp\/v2\/product"}],"about":[{"href":"https:\/\/truusk.store\/sv\/wp-json\/wp\/v2\/types\/product"}],"wp:featuredmedia":[{"embeddable":true,"href":"https:\/\/truusk.store\/sv\/wp-json\/wp\/v2\/media\/105517"}],"wp:attachment":[{"href":"https:\/\/truusk.store\/sv\/wp-json\/wp\/v2\/media?parent=105532"}],"wp:term":[{"taxonomy":"product_brand","embeddable":true,"href":"https:\/\/truusk.store\/sv\/wp-json\/wp\/v2\/product_brand?post=105532"},{"taxonomy":"product_cat","embeddable":true,"href":"https:\/\/truusk.store\/sv\/wp-json\/wp\/v2\/product_cat?post=105532"},{"taxonomy":"product_tag","embeddable":true,"href":"https:\/\/truusk.store\/sv\/wp-json\/wp\/v2\/product_tag?post=105532"}],"curies":[{"name":"wp","href":"https:\/\/api.w.org\/{rel}","templated":true}]}}